{"id":16752,"date":"2024-05-06T13:49:08","date_gmt":"2024-05-06T13:49:08","guid":{"rendered":"https:\/\/nomesvending.com\/web\/?page_id=16752"},"modified":"2024-08-29T08:33:39","modified_gmt":"2024-08-29T08:33:39","slug":"catalogo-de-recambios","status":"publish","type":"page","link":"https:\/\/nomesvending.com\/web\/recambios-maquinas-vending\/catalogo-de-recambios\/","title":{"rendered":"Cat\u00e1logo de Recambios M\u00e1quinas"},"content":{"rendered":"\t\t<div data-elementor-type=\"wp-page\" data-elementor-id=\"16752\" class=\"elementor elementor-16752\">\n\t\t\t\t\t\t<section class=\"elementor-section elementor-top-section elementor-element elementor-element-3037be3c elementor-section-stretched elementor-section-boxed elementor-section-height-default elementor-section-height-default\" data-id=\"3037be3c\" data-element_type=\"section\" data-e-type=\"section\" data-settings=\"{&quot;stretch_section&quot;:&quot;section-stretched&quot;}\">\n\t\t\t\t\t\t<div class=\"elementor-container elementor-column-gap-default\">\n\t\t\t\t\t<div class=\"elementor-column elementor-col-100 elementor-top-column elementor-element elementor-element-412e286b\" data-id=\"412e286b\" data-element_type=\"column\" data-e-type=\"column\">\n\t\t\t<div class=\"elementor-widget-wrap elementor-element-populated\">\n\t\t\t\t\t\t<div class=\"elementor-element elementor-element-6f6a4cc3 elementor-widget elementor-widget-text-editor\" data-id=\"6f6a4cc3\" data-element_type=\"widget\" data-e-type=\"widget\" data-widget_type=\"text-editor.default\">\n\t\t\t\t<div class=\"elementor-widget-container\">\n\t\t\t\t\t\t\t\t\t\n<div class=\"wp-block-spacer\" style=\"height: 50px;\" aria-hidden=\"true\">\u00a0<\/div>\n\n<div class=\"wp-block-columns alignwide is-layout-flex wp-container-core-columns-is-layout-28f84493 wp-block-columns-is-layout-flex\">\n<div class=\"wp-block-column is-layout-flow wp-block-column-is-layout-flow\" style=\"padding-top: var(--wp--preset--spacing--10); padding-bottom: var(--wp--preset--spacing--10);\">\n<div class=\"wp-block-group alignwide is-vertical is-layout-flex wp-container-core-group-is-layout-fe9cc265 wp-block-group-is-layout-flex\">\n<h2 class=\"wp-block-heading\"><strong>Snack Vending<\/strong><\/h2>\n\n<p>\u00a0<\/p>\n\n<div class=\"wp-block-file\"><a id=\"wp-block-file--media-c967280a-7f54-4d02-84d5-5af8a0d5a465\" href=\"https:\/\/nomesvending.com\/web\/wp-content\/uploads\/2024\/07\/JAZZ-2.pdf\" target=\"_blank\" rel=\"noreferrer noopener\">JAZZ<\/a><a class=\"wp-block-file__button wp-element-button\" href=\"https:\/\/nomesvending.com\/web\/wp-content\/uploads\/2024\/07\/JAZZ-2.pdf\" target=\"_blank\" rel=\"noopener\" download=\"\" aria-describedby=\"wp-block-file--media-c967280a-7f54-4d02-84d5-5af8a0d5a465\">Descarga<\/a><\/div>\n\n<div class=\"wp-block-file\"><a id=\"wp-block-file--media-8f6d0841-f8ee-43dd-b7d7-865dd0d6c204\" href=\"https:\/\/nomesvending.com\/web\/wp-content\/uploads\/2024\/07\/MAMBO.pdf\" target=\"_blank\" rel=\"noreferrer noopener\">MAMBO<\/a><a class=\"wp-block-file__button wp-element-button\" href=\"https:\/\/nomesvending.com\/web\/wp-content\/uploads\/2024\/07\/MAMBO.pdf\" download=\"\" aria-describedby=\"wp-block-file--media-8f6d0841-f8ee-43dd-b7d7-865dd0d6c204\">Descarga<\/a><\/div>\n\n<div class=\"wp-block-file\"><a id=\"wp-block-file--media-8f6d0841-f8ee-43dd-b7d7-865dd0d6c204\" href=\"https:\/\/nomesvending.com\/web\/wp-content\/uploads\/2024\/07\/MELODIA.pdf\" target=\"_blank\" rel=\"noreferrer noopener\">MELODIA<\/a><a class=\"wp-block-file__button wp-element-button\" href=\"https:\/\/nomesvending.com\/web\/wp-content\/uploads\/2024\/07\/MELODIA.pdf\" download=\"\" aria-describedby=\"wp-block-file--media-8f6d0841-f8ee-43dd-b7d7-865dd0d6c204\">Descarga<\/a><\/div>\n\n<div class=\"wp-block-file\"><a id=\"wp-block-file--media-8f6d0841-f8ee-43dd-b7d7-865dd0d6c204\" href=\"https:\/\/nomesvending.com\/web\/wp-content\/uploads\/2024\/07\/MINI-SNAKKY-2.pdf\" target=\"_blank\" rel=\"noreferrer noopener\">MINI SNAKKY<\/a><a class=\"wp-block-file__button wp-element-button\" href=\"https:\/\/nomesvending.com\/web\/wp-content\/uploads\/2024\/07\/MINI-SNAKKY-2.pdf\" download=\"\" aria-describedby=\"wp-block-file--media-8f6d0841-f8ee-43dd-b7d7-865dd0d6c204\">Descarga<\/a><\/div>\n\n<div class=\"wp-block-file\"><a id=\"wp-block-file--media-89fe8fbe-be8f-44fb-9254-d3a92b3f968e\" href=\"https:\/\/nomesvending.com\/web\/wp-content\/uploads\/2024\/05\/SAMBA-TOUCH-3.pdf\" target=\"_blank\" rel=\"noreferrer noopener\">SAMBA-TOUCH<\/a><a class=\"wp-block-file__button wp-element-button\" href=\"https:\/\/nomesvending.com\/web\/wp-content\/uploads\/2024\/05\/SAMBA-TOUCH-3.pdf\" download=\"\" aria-describedby=\"wp-block-file--media-89fe8fbe-be8f-44fb-9254-d3a92b3f968e\">Descarga<\/a><\/div>\n\n<div class=\"wp-block-file\"><a id=\"wp-block-file--media-95a3b573-923c-47e7-ab85-7e0dc2a219ac\" href=\"https:\/\/nomesvending.com\/web\/wp-content\/uploads\/2024\/07\/SNAKKY.pdf\" target=\"_blank\" rel=\"noreferrer noopener\">SNAKKY<\/a><a class=\"wp-block-file__button wp-element-button\" href=\"https:\/\/nomesvending.com\/web\/wp-content\/uploads\/2024\/07\/SNAKKY.pdf\" download=\"\" aria-describedby=\"wp-block-file--media-95a3b573-923c-47e7-ab85-7e0dc2a219ac\">Descarga<\/a><\/div>\n\n<div class=\"wp-block-file\"><a id=\"wp-block-file--media-f4958489-8313-4386-82bb-6c2c122917a1\" href=\"https:\/\/nomesvending.com\/web\/wp-content\/uploads\/2024\/07\/TANGO.pdf\" target=\"_blank\" rel=\"noreferrer noopener\">TANGO<\/a><a class=\"wp-block-file__button wp-element-button\" href=\"https:\/\/nomesvending.com\/web\/wp-content\/uploads\/2024\/07\/TANGO.pdf\" download=\"\" aria-describedby=\"wp-block-file--media-f4958489-8313-4386-82bb-6c2c122917a1\">Descarga<\/a><\/div>\n<\/div>\n<\/div>\n\n<div class=\"wp-block-column is-layout-flow wp-block-column-is-layout-flow\" style=\"padding-top: var(--wp--preset--spacing--10); padding-bottom: var(--wp--preset--spacing--10);\">\n<div class=\"wp-block-group alignwide is-vertical is-layout-flex wp-container-core-group-is-layout-fe9cc265 wp-block-group-is-layout-flex\">\n<h2 class=\"wp-block-heading\"><strong>Caf\u00e9 Vending<\/strong><\/h2>\n\n<p>\u00a0<\/p>\n\n<div class=\"wp-block-file\"><a id=\"wp-block-file--media-adc998f7-4e24-487a-9326-84325a03bce5\" href=\"https:\/\/nomesvending.com\/web\/wp-content\/uploads\/2024\/05\/BRIO-300.pdf\" target=\"_blank\" rel=\"noreferrer noopener\">BRIO-300<\/a><a class=\"wp-block-file__button wp-element-button\" href=\"https:\/\/nomesvending.com\/web\/wp-content\/uploads\/2024\/05\/BRIO-300.pdf\" download=\"\" aria-describedby=\"wp-block-file--media-adc998f7-4e24-487a-9326-84325a03bce5\">Descarga<\/a><\/div>\n\n<div class=\"wp-block-file\"><a id=\"wp-block-file--media-a8bce35f-a2e2-4586-ba82-2a5714269ed2\" href=\"https:\/\/nomesvending.com\/web\/wp-content\/uploads\/2024\/05\/BRIO-KEY.pdf\" target=\"_blank\" rel=\"noreferrer noopener\">BRIO-KEY<\/a><a class=\"wp-block-file__button wp-element-button\" href=\"https:\/\/nomesvending.com\/web\/wp-content\/uploads\/2024\/05\/BRIO-KEY.pdf\" download=\"\" aria-describedby=\"wp-block-file--media-a8bce35f-a2e2-4586-ba82-2a5714269ed2\">Descarga<\/a><\/div>\n\n<div class=\"wp-block-file\"><a id=\"wp-block-file--media-4743b3d4-0e0a-4feb-aaa1-c848481227e9\" href=\"https:\/\/nomesvending.com\/web\/wp-content\/uploads\/2024\/07\/BRIO-UP.pdf\" target=\"_blank\" rel=\"noreferrer noopener\">BRIO-UP<\/a><a class=\"wp-block-file__button wp-element-button\" href=\"https:\/\/nomesvending.com\/web\/wp-content\/uploads\/2024\/07\/BRIO-UP.pdf\" download=\"\" aria-describedby=\"wp-block-file--media-4743b3d4-0e0a-4feb-aaa1-c848481227e9\">Descarga<\/a><\/div>\n\n<div class=\"wp-block-file\"><a id=\"wp-block-file--media-638da9f6-92a7-41db-a778-a15d70f494d2\" href=\"https:\/\/nomesvending.com\/web\/wp-content\/uploads\/2024\/07\/CONCERTO.pdf\" target=\"_blank\" rel=\"noreferrer noopener\">CONCERTO<\/a><a class=\"wp-block-file__button wp-element-button\" href=\"https:\/\/nomesvending.com\/web\/wp-content\/uploads\/2024\/07\/CONCERTO.pdf\" download=\"\" aria-describedby=\"wp-block-file--media-638da9f6-92a7-41db-a778-a15d70f494d2\">Descarga<\/a><\/div>\n\n<div class=\"wp-block-file\"><a id=\"wp-block-file--media-3d3f7177-ba05-4b06-aa0d-a43e616c72a2\" href=\"https:\/\/nomesvending.com\/web\/wp-content\/uploads\/2024\/07\/KIKKO-2.pdf\" target=\"_blank\" rel=\"noreferrer noopener\">KIKKO<\/a><a class=\"wp-block-file__button wp-element-button\" href=\"https:\/\/nomesvending.com\/web\/wp-content\/uploads\/2024\/07\/KIKKO-2.pdf\" download=\"\" aria-describedby=\"wp-block-file--media-3d3f7177-ba05-4b06-aa0d-a43e616c72a2\">Descarga<\/a><\/div>\n\n<div class=\"wp-block-file\"><a id=\"wp-block-file--media-ec9eed78-c7f7-4b19-a60e-5221568053ba\" href=\"https:\/\/nomesvending.com\/web\/wp-content\/uploads\/2024\/07\/OPERA.pdf\" target=\"_blank\" rel=\"noreferrer noopener\">OPERA<\/a><a class=\"wp-block-file__button wp-element-button\" href=\"https:\/\/nomesvending.com\/web\/wp-content\/uploads\/2024\/07\/OPERA.pdf\" download=\"\" aria-describedby=\"wp-block-file--media-ec9eed78-c7f7-4b19-a60e-5221568053ba\">Descarga<\/a><\/div>\n<div><a id=\"wp-block-file--media-ec9eed78-c7f7-4b19-a60e-5221568053ba\" href=\"https:\/\/nomesvending.com\/web\/wp-content\/uploads\/2024\/08\/DownloadAsPDFPage.pdf\" target=\"_blank\" rel=\"noreferrer noopener\">OPERA MULTICUP <span class=\"OYPEnA font-feature-liga-off font-feature-clig-off font-feature-calt-off text-decoration-none text-strikethrough-none\">230V 50HZ<\/span> <\/a><a class=\"wp-block-file__button wp-element-button\" href=\"https:\/\/nomesvending.com\/web\/wp-content\/uploads\/2024\/08\/DownloadAsPDFPage.pdf\" download=\"\" aria-describedby=\"wp-block-file--media-ec9eed78-c7f7-4b19-a60e-5221568053ba\">Descarga<\/a><\/div>\n<div>\u00a0<\/div>\n<div><a id=\"wp-block-file--media-ec9eed78-c7f7-4b19-a60e-5221568053ba\" href=\"https:\/\/nomesvending.com\/web\/wp-content\/uploads\/2024\/08\/968045.pdf\" target=\"_blank\" rel=\"noreferrer noopener\"><span class=\"OYPEnA font-feature-liga-off font-feature-clig-off font-feature-calt-off text-decoration-none text-strikethrough-none\">OPERA TOUCH MULTICUP <\/span><span class=\"OYPEnA font-feature-liga-off font-feature-clig-off font-feature-calt-off text-decoration-none text-strikethrough-none\">. <\/span><span class=\"OYPEnA font-feature-liga-off font-feature-clig-off font-feature-calt-off text-decoration-none text-strikethrough-none\">01 <\/span>\u00a0<\/a><a class=\"wp-block-file__button wp-element-button\" href=\"https:\/\/nomesvending.com\/web\/wp-content\/uploads\/2024\/08\/968045.pdf\" download=\"\" aria-describedby=\"wp-block-file--media-ec9eed78-c7f7-4b19-a60e-5221568053ba\">Descarga<\/a><\/div>\n<div>\u00a0<\/div>\n<\/div>\n<\/div>\n\n<div class=\"wp-block-column is-layout-flow wp-block-column-is-layout-flow\" style=\"padding-top: var(--wp--preset--spacing--10); padding-bottom: var(--wp--preset--spacing--10);\">\n<div class=\"wp-block-group alignwide is-vertical is-layout-flex wp-container-core-group-is-layout-fe9cc265 wp-block-group-is-layout-flex\">\n<h2 class=\"wp-block-heading\"><strong>Buffet hotel (dispensing, horeca)<\/strong><\/h2>\n\n<p>\u00a0<\/p>\n\n<div class=\"wp-block-file\"><a id=\"wp-block-file--media-e248f056-c956-4503-9a53-2abab55ee4f9\" href=\"https:\/\/nomesvending.com\/web\/wp-content\/uploads\/2024\/07\/KALEA-PLUS.pdf\" target=\"_blank\" rel=\"noreferrer noopener\">KALEA-PLUS<\/a><a class=\"wp-block-file__button wp-element-button\" href=\"https:\/\/nomesvending.com\/web\/wp-content\/uploads\/2024\/07\/KALEA-PLUS.pdf\" download=\"\" aria-describedby=\"wp-block-file--media-e248f056-c956-4503-9a53-2abab55ee4f9\">Descarga<\/a><\/div>\n\n<div class=\"wp-block-file\"><a id=\"wp-block-file--media-fbaa3603-a9c1-44eb-9d4d-34374e95c4c7\" href=\"https:\/\/nomesvending.com\/web\/wp-content\/uploads\/2024\/07\/KOBALTO-2.pdf\" rel=\"noreferrer noopener\">KOBALTO<\/a><a class=\"wp-block-file__button wp-element-button\" href=\"https:\/\/nomesvending.com\/web\/wp-content\/uploads\/2024\/07\/KOBALTO-2.pdf\" target=\"_blank\" rel=\"noopener\" download=\"\" aria-describedby=\"wp-block-file--media-fbaa3603-a9c1-44eb-9d4d-34374e95c4c7\">Descarga<\/a><\/div>\n\n<div class=\"wp-block-file\"><a id=\"wp-block-file--media-c37cfb63-5408-45a5-8b40-51bb427992a2\" href=\"https:\/\/nomesvending.com\/web\/wp-content\/uploads\/2024\/07\/KORO-PRIME.pdf\" target=\"_blank\" rel=\"noreferrer noopener\">KORO-PRIME<\/a><a class=\"wp-block-file__button wp-element-button\" href=\"https:\/\/nomesvending.com\/web\/wp-content\/uploads\/2024\/07\/KORO-PRIME.pdf\" download=\"\" aria-describedby=\"wp-block-file--media-c37cfb63-5408-45a5-8b40-51bb427992a2\">Descarga<\/a><\/div>\n\n<div class=\"wp-block-file\"><a id=\"wp-block-file--media-fce6a1f1-5fcb-41d7-a6da-1bc1e1ce1131\" href=\"https:\/\/nomesvending.com\/web\/wp-content\/uploads\/2024\/07\/KREA-TOUCH.pdf\" target=\"_blank\" rel=\"noreferrer noopener\">KREA-TOUCH<\/a><a class=\"wp-block-file__button wp-element-button\" href=\"https:\/\/nomesvending.com\/web\/wp-content\/uploads\/2024\/07\/KREA-TOUCH.pdf\" download=\"\" aria-describedby=\"wp-block-file--media-fce6a1f1-5fcb-41d7-a6da-1bc1e1ce1131\">Descarga<\/a><\/div>\n\n<div class=\"wp-block-file\"><a id=\"wp-block-file--media-b6726412-f2a9-4cf0-8fd9-89391f5a1229\" href=\"https:\/\/nomesvending.com\/web\/wp-content\/uploads\/2024\/07\/KREA.pdf\" target=\"_blank\" rel=\"noreferrer noopener\">KREA<\/a><a class=\"wp-block-file__button wp-element-button\" href=\"https:\/\/nomesvending.com\/web\/wp-content\/uploads\/2024\/07\/KREA.pdf\" download=\"\" aria-describedby=\"wp-block-file--media-b6726412-f2a9-4cf0-8fd9-89391f5a1229\">Descarga<\/a><\/div>\n<\/div>\n<\/div>\n<\/div>\n\n<div class=\"wp-block-spacer\" style=\"height: 50px;\" aria-hidden=\"true\">\u00a0<\/div>\n\t\t\t\t\t\t\t\t<\/div>\n\t\t\t\t<\/div>\n\t\t\t\t\t<\/div>\n\t\t<\/div>\n\t\t\t\t\t<\/div>\n\t\t<\/section>\n\t\t\t\t<\/div>\n\t\t","protected":false},"excerpt":{"rendered":"<p>Snack Vending \u00a0 Caf\u00e9 Vending \u00a0 Buffet hotel (dispensing, horeca) \u00a0<\/p>\n","protected":false},"author":1,"featured_media":16745,"parent":372,"menu_order":0,"comment_status":"closed","ping_status":"closed","template":"","meta":{"footnotes":""},"class_list":["post-16752","page","type-page","status-publish","has-post-thumbnail","hentry"],"yoast_head":"<!-- This site is optimized with the Yoast SEO plugin v27.0 - https:\/\/yoast.com\/product\/yoast-seo-wordpress\/ -->\n<title>Cat\u00e1logo de Recambios M\u00e1quinas - Nomesvending<\/title>\n<meta name=\"robots\" content=\"index, follow, max-snippet:-1, max-image-preview:large, max-video-preview:-1\" \/>\n<link rel=\"canonical\" href=\"https:\/\/nomesvending.com\/web\/recambios-maquinas-vending\/catalogo-de-recambios\/\" \/>\n<meta property=\"og:locale\" content=\"es_ES\" \/>\n<meta property=\"og:type\" content=\"article\" \/>\n<meta property=\"og:title\" content=\"Cat\u00e1logo de Recambios M\u00e1quinas - Nomesvending\" \/>\n<meta property=\"og:description\" content=\"Snack Vending \u00a0 Caf\u00e9 Vending \u00a0 Buffet hotel (dispensing, horeca) \u00a0\" \/>\n<meta property=\"og:url\" content=\"https:\/\/nomesvending.com\/web\/recambios-maquinas-vending\/catalogo-de-recambios\/\" \/>\n<meta property=\"og:site_name\" content=\"Nomesvending\" \/>\n<meta property=\"article:publisher\" content=\"https:\/\/www.facebook.com\/NomesVending\/\" \/>\n<meta property=\"article:modified_time\" content=\"2024-08-29T08:33:39+00:00\" \/>\n<meta property=\"og:image\" content=\"https:\/\/nomesvending.com\/web\/wp-content\/uploads\/2024\/05\/catalogs-2754663_1280.jpg\" \/>\n\t<meta property=\"og:image:width\" content=\"1280\" \/>\n\t<meta property=\"og:image:height\" content=\"853\" \/>\n\t<meta property=\"og:image:type\" content=\"image\/jpeg\" \/>\n<meta name=\"twitter:card\" content=\"summary_large_image\" \/>\n<script type=\"application\/ld+json\" class=\"yoast-schema-graph\">{\"@context\":\"https:\/\/schema.org\",\"@graph\":[{\"@type\":\"WebPage\",\"@id\":\"https:\/\/nomesvending.com\/web\/recambios-maquinas-vending\/catalogo-de-recambios\/\",\"url\":\"https:\/\/nomesvending.com\/web\/recambios-maquinas-vending\/catalogo-de-recambios\/\",\"name\":\"Cat\u00e1logo de Recambios M\u00e1quinas - Nomesvending\",\"isPartOf\":{\"@id\":\"https:\/\/nomesvending.com\/web\/#website\"},\"primaryImageOfPage\":{\"@id\":\"https:\/\/nomesvending.com\/web\/recambios-maquinas-vending\/catalogo-de-recambios\/#primaryimage\"},\"image\":{\"@id\":\"https:\/\/nomesvending.com\/web\/recambios-maquinas-vending\/catalogo-de-recambios\/#primaryimage\"},\"thumbnailUrl\":\"https:\/\/nomesvending.com\/web\/wp-content\/uploads\/2024\/05\/catalogs-2754663_1280.jpg\",\"datePublished\":\"2024-05-06T13:49:08+00:00\",\"dateModified\":\"2024-08-29T08:33:39+00:00\",\"breadcrumb\":{\"@id\":\"https:\/\/nomesvending.com\/web\/recambios-maquinas-vending\/catalogo-de-recambios\/#breadcrumb\"},\"inLanguage\":\"es\",\"potentialAction\":[{\"@type\":\"ReadAction\",\"target\":[\"https:\/\/nomesvending.com\/web\/recambios-maquinas-vending\/catalogo-de-recambios\/\"]}]},{\"@type\":\"ImageObject\",\"inLanguage\":\"es\",\"@id\":\"https:\/\/nomesvending.com\/web\/recambios-maquinas-vending\/catalogo-de-recambios\/#primaryimage\",\"url\":\"https:\/\/nomesvending.com\/web\/wp-content\/uploads\/2024\/05\/catalogs-2754663_1280.jpg\",\"contentUrl\":\"https:\/\/nomesvending.com\/web\/wp-content\/uploads\/2024\/05\/catalogs-2754663_1280.jpg\",\"width\":1280,\"height\":853,\"caption\":\"Vending\"},{\"@type\":\"BreadcrumbList\",\"@id\":\"https:\/\/nomesvending.com\/web\/recambios-maquinas-vending\/catalogo-de-recambios\/#breadcrumb\",\"itemListElement\":[{\"@type\":\"ListItem\",\"position\":1,\"name\":\"Portada\",\"item\":\"https:\/\/nomesvending.com\/web\/\"},{\"@type\":\"ListItem\",\"position\":2,\"name\":\"Recambios M\u00e1quinas Vending\",\"item\":\"https:\/\/nomesvending.com\/web\/recambios-maquinas-vending\/\"},{\"@type\":\"ListItem\",\"position\":3,\"name\":\"Cat\u00e1logo de Recambios M\u00e1quinas\"}]},{\"@type\":\"WebSite\",\"@id\":\"https:\/\/nomesvending.com\/web\/#website\",\"url\":\"https:\/\/nomesvending.com\/web\/\",\"name\":\"Nom\u00e9sVending\",\"description\":\"M\u00e1quinas, filtros, recambios, monederos, consumibles y todo lo que necesitas para el mundo del vending. Calidad y tecnolog\u00eda para tu negocio. \u00a1Descubre nuestras soluciones!\",\"publisher\":{\"@id\":\"https:\/\/nomesvending.com\/web\/#organization\"},\"potentialAction\":[{\"@type\":\"SearchAction\",\"target\":{\"@type\":\"EntryPoint\",\"urlTemplate\":\"https:\/\/nomesvending.com\/web\/?s={search_term_string}\"},\"query-input\":{\"@type\":\"PropertyValueSpecification\",\"valueRequired\":true,\"valueName\":\"search_term_string\"}}],\"inLanguage\":\"es\"},{\"@type\":\"Organization\",\"@id\":\"https:\/\/nomesvending.com\/web\/#organization\",\"name\":\"Nom\u00e9sVending\",\"url\":\"https:\/\/nomesvending.com\/web\/\",\"logo\":{\"@type\":\"ImageObject\",\"inLanguage\":\"es\",\"@id\":\"https:\/\/nomesvending.com\/web\/#\/schema\/logo\/image\/\",\"url\":\"https:\/\/nomesvending.com\/web\/wp-content\/uploads\/2026\/03\/Red-and-White-Modern-Vending-Machine-Services-Instagram-Post.png\",\"contentUrl\":\"https:\/\/nomesvending.com\/web\/wp-content\/uploads\/2026\/03\/Red-and-White-Modern-Vending-Machine-Services-Instagram-Post.png\",\"width\":1080,\"height\":1080,\"caption\":\"Nom\u00e9sVending\"},\"image\":{\"@id\":\"https:\/\/nomesvending.com\/web\/#\/schema\/logo\/image\/\"},\"sameAs\":[\"https:\/\/www.facebook.com\/NomesVending\/\",\"https:\/\/www.instagram.com\/nomesvending\/\"]}]}<\/script>\n<!-- \/ Yoast SEO plugin. -->","yoast_head_json":{"title":"Cat\u00e1logo de Recambios M\u00e1quinas - Nomesvending","robots":{"index":"index","follow":"follow","max-snippet":"max-snippet:-1","max-image-preview":"max-image-preview:large","max-video-preview":"max-video-preview:-1"},"canonical":"https:\/\/nomesvending.com\/web\/recambios-maquinas-vending\/catalogo-de-recambios\/","og_locale":"es_ES","og_type":"article","og_title":"Cat\u00e1logo de Recambios M\u00e1quinas - Nomesvending","og_description":"Snack Vending \u00a0 Caf\u00e9 Vending \u00a0 Buffet hotel (dispensing, horeca) \u00a0","og_url":"https:\/\/nomesvending.com\/web\/recambios-maquinas-vending\/catalogo-de-recambios\/","og_site_name":"Nomesvending","article_publisher":"https:\/\/www.facebook.com\/NomesVending\/","article_modified_time":"2024-08-29T08:33:39+00:00","og_image":[{"width":1280,"height":853,"url":"https:\/\/nomesvending.com\/web\/wp-content\/uploads\/2024\/05\/catalogs-2754663_1280.jpg","type":"image\/jpeg"}],"twitter_card":"summary_large_image","schema":{"@context":"https:\/\/schema.org","@graph":[{"@type":"WebPage","@id":"https:\/\/nomesvending.com\/web\/recambios-maquinas-vending\/catalogo-de-recambios\/","url":"https:\/\/nomesvending.com\/web\/recambios-maquinas-vending\/catalogo-de-recambios\/","name":"Cat\u00e1logo de Recambios M\u00e1quinas - Nomesvending","isPartOf":{"@id":"https:\/\/nomesvending.com\/web\/#website"},"primaryImageOfPage":{"@id":"https:\/\/nomesvending.com\/web\/recambios-maquinas-vending\/catalogo-de-recambios\/#primaryimage"},"image":{"@id":"https:\/\/nomesvending.com\/web\/recambios-maquinas-vending\/catalogo-de-recambios\/#primaryimage"},"thumbnailUrl":"https:\/\/nomesvending.com\/web\/wp-content\/uploads\/2024\/05\/catalogs-2754663_1280.jpg","datePublished":"2024-05-06T13:49:08+00:00","dateModified":"2024-08-29T08:33:39+00:00","breadcrumb":{"@id":"https:\/\/nomesvending.com\/web\/recambios-maquinas-vending\/catalogo-de-recambios\/#breadcrumb"},"inLanguage":"es","potentialAction":[{"@type":"ReadAction","target":["https:\/\/nomesvending.com\/web\/recambios-maquinas-vending\/catalogo-de-recambios\/"]}]},{"@type":"ImageObject","inLanguage":"es","@id":"https:\/\/nomesvending.com\/web\/recambios-maquinas-vending\/catalogo-de-recambios\/#primaryimage","url":"https:\/\/nomesvending.com\/web\/wp-content\/uploads\/2024\/05\/catalogs-2754663_1280.jpg","contentUrl":"https:\/\/nomesvending.com\/web\/wp-content\/uploads\/2024\/05\/catalogs-2754663_1280.jpg","width":1280,"height":853,"caption":"Vending"},{"@type":"BreadcrumbList","@id":"https:\/\/nomesvending.com\/web\/recambios-maquinas-vending\/catalogo-de-recambios\/#breadcrumb","itemListElement":[{"@type":"ListItem","position":1,"name":"Portada","item":"https:\/\/nomesvending.com\/web\/"},{"@type":"ListItem","position":2,"name":"Recambios M\u00e1quinas Vending","item":"https:\/\/nomesvending.com\/web\/recambios-maquinas-vending\/"},{"@type":"ListItem","position":3,"name":"Cat\u00e1logo de Recambios M\u00e1quinas"}]},{"@type":"WebSite","@id":"https:\/\/nomesvending.com\/web\/#website","url":"https:\/\/nomesvending.com\/web\/","name":"Nom\u00e9sVending","description":"M\u00e1quinas, filtros, recambios, monederos, consumibles y todo lo que necesitas para el mundo del vending. Calidad y tecnolog\u00eda para tu negocio. \u00a1Descubre nuestras soluciones!","publisher":{"@id":"https:\/\/nomesvending.com\/web\/#organization"},"potentialAction":[{"@type":"SearchAction","target":{"@type":"EntryPoint","urlTemplate":"https:\/\/nomesvending.com\/web\/?s={search_term_string}"},"query-input":{"@type":"PropertyValueSpecification","valueRequired":true,"valueName":"search_term_string"}}],"inLanguage":"es"},{"@type":"Organization","@id":"https:\/\/nomesvending.com\/web\/#organization","name":"Nom\u00e9sVending","url":"https:\/\/nomesvending.com\/web\/","logo":{"@type":"ImageObject","inLanguage":"es","@id":"https:\/\/nomesvending.com\/web\/#\/schema\/logo\/image\/","url":"https:\/\/nomesvending.com\/web\/wp-content\/uploads\/2026\/03\/Red-and-White-Modern-Vending-Machine-Services-Instagram-Post.png","contentUrl":"https:\/\/nomesvending.com\/web\/wp-content\/uploads\/2026\/03\/Red-and-White-Modern-Vending-Machine-Services-Instagram-Post.png","width":1080,"height":1080,"caption":"Nom\u00e9sVending"},"image":{"@id":"https:\/\/nomesvending.com\/web\/#\/schema\/logo\/image\/"},"sameAs":["https:\/\/www.facebook.com\/NomesVending\/","https:\/\/www.instagram.com\/nomesvending\/"]}]}},"_links":{"self":[{"href":"https:\/\/nomesvending.com\/web\/wp-json\/wp\/v2\/pages\/16752","targetHints":{"allow":["GET"]}}],"collection":[{"href":"https:\/\/nomesvending.com\/web\/wp-json\/wp\/v2\/pages"}],"about":[{"href":"https:\/\/nomesvending.com\/web\/wp-json\/wp\/v2\/types\/page"}],"author":[{"embeddable":true,"href":"https:\/\/nomesvending.com\/web\/wp-json\/wp\/v2\/users\/1"}],"replies":[{"embeddable":true,"href":"https:\/\/nomesvending.com\/web\/wp-json\/wp\/v2\/comments?post=16752"}],"version-history":[{"count":251,"href":"https:\/\/nomesvending.com\/web\/wp-json\/wp\/v2\/pages\/16752\/revisions"}],"predecessor-version":[{"id":20471,"href":"https:\/\/nomesvending.com\/web\/wp-json\/wp\/v2\/pages\/16752\/revisions\/20471"}],"up":[{"embeddable":true,"href":"https:\/\/nomesvending.com\/web\/wp-json\/wp\/v2\/pages\/372"}],"wp:featuredmedia":[{"embeddable":true,"href":"https:\/\/nomesvending.com\/web\/wp-json\/wp\/v2\/media\/16745"}],"wp:attachment":[{"href":"https:\/\/nomesvending.com\/web\/wp-json\/wp\/v2\/media?parent=16752"}],"curies":[{"name":"wp","href":"https:\/\/api.w.org\/{rel}","templated":true}]}}