{"id":16947,"date":"2024-05-14T09:01:40","date_gmt":"2024-05-14T09:01:40","guid":{"rendered":"https:\/\/nomesvending.com\/web\/?page_id=16947"},"modified":"2024-07-11T08:56:15","modified_gmt":"2024-07-11T08:56:15","slug":"fuentes-de-agua","status":"publish","type":"page","link":"https:\/\/nomesvending.com\/web\/fuentes-de-agua\/","title":{"rendered":"Fuentes de agua"},"content":{"rendered":"\n<div style=\"height:50px\" aria-hidden=\"true\" class=\"wp-block-spacer\"><\/div>\n\n\n\n<div class=\"wp-block-columns alignwide is-layout-flex wp-container-core-columns-is-layout-28f84493 wp-block-columns-is-layout-flex\">\n<div class=\"wp-block-column is-vertically-aligned-stretch is-layout-flow wp-block-column-is-layout-flow\">\n<figure class=\"wp-block-image aligncenter size-full is-resized\"><img fetchpriority=\"high\" decoding=\"async\" width=\"720\" height=\"1040\" src=\"https:\/\/nomesvending.com\/web\/wp-content\/uploads\/2024\/07\/NOMESVENDING-MACHINE-3.png\" alt=\"\" class=\"wp-image-18701\" style=\"width:169px;height:auto\" srcset=\"https:\/\/nomesvending.com\/web\/wp-content\/uploads\/2024\/07\/NOMESVENDING-MACHINE-3.png 720w, https:\/\/nomesvending.com\/web\/wp-content\/uploads\/2024\/07\/NOMESVENDING-MACHINE-3-300x433.png 300w, https:\/\/nomesvending.com\/web\/wp-content\/uploads\/2024\/07\/NOMESVENDING-MACHINE-3-208x300.png 208w, https:\/\/nomesvending.com\/web\/wp-content\/uploads\/2024\/07\/NOMESVENDING-MACHINE-3-709x1024.png 709w\" sizes=\"(max-width: 720px) 100vw, 720px\" \/><\/figure>\n\n\n\n<div class=\"wp-block-file aligncenter\"><a id=\"wp-block-file--media-ab937319-e768-4fb1-839d-edd2a7ac95a3\" href=\"https:\/\/nomesvending.com\/web\/wp-content\/uploads\/2024\/07\/FC1300-1.pdf\" target=\"_blank\" rel=\"noreferrer noopener\">FC1300<\/a><a href=\"https:\/\/nomesvending.com\/web\/wp-content\/uploads\/2024\/07\/FC1300-1.pdf\" class=\"wp-block-file__button wp-element-button\" download aria-describedby=\"wp-block-file--media-ab937319-e768-4fb1-839d-edd2a7ac95a3\">Descarga<\/a><\/div>\n\n\n\n<div style=\"height:25px\" aria-hidden=\"true\" class=\"wp-block-spacer\"><\/div>\n<\/div>\n\n\n\n<div class=\"wp-block-column is-vertically-aligned-stretch is-layout-flow wp-block-column-is-layout-flow\">\n<figure class=\"wp-block-image aligncenter size-full is-resized\"><img decoding=\"async\" width=\"720\" height=\"1040\" src=\"https:\/\/nomesvending.com\/web\/wp-content\/uploads\/2024\/07\/NOMESVENDING-MACHINE-4.png\" alt=\"\" class=\"wp-image-18708\" style=\"width:172px;height:auto\" srcset=\"https:\/\/nomesvending.com\/web\/wp-content\/uploads\/2024\/07\/NOMESVENDING-MACHINE-4.png 720w, https:\/\/nomesvending.com\/web\/wp-content\/uploads\/2024\/07\/NOMESVENDING-MACHINE-4-300x433.png 300w, https:\/\/nomesvending.com\/web\/wp-content\/uploads\/2024\/07\/NOMESVENDING-MACHINE-4-208x300.png 208w, https:\/\/nomesvending.com\/web\/wp-content\/uploads\/2024\/07\/NOMESVENDING-MACHINE-4-709x1024.png 709w\" sizes=\"(max-width: 720px) 100vw, 720px\" \/><\/figure>\n\n\n\n<div class=\"wp-block-file aligncenter\"><a id=\"wp-block-file--media-c49ce9e7-3532-4b11-8bf7-211536390205\" href=\"https:\/\/nomesvending.com\/web\/wp-content\/uploads\/2024\/07\/FC-525.pdf\" target=\"_blank\" rel=\"noreferrer noopener\">FC-525<\/a><a href=\"https:\/\/nomesvending.com\/web\/wp-content\/uploads\/2024\/07\/FC-525.pdf\" class=\"wp-block-file__button wp-element-button\" download aria-describedby=\"wp-block-file--media-c49ce9e7-3532-4b11-8bf7-211536390205\">Descarga<\/a><\/div>\n\n\n\n<div style=\"height:25px\" aria-hidden=\"true\" class=\"wp-block-spacer\"><\/div>\n<\/div>\n\n\n\n<div class=\"wp-block-column is-vertically-aligned-stretch is-layout-flow wp-block-column-is-layout-flow\">\n<figure class=\"wp-block-image aligncenter size-full is-resized\"><img decoding=\"async\" width=\"720\" height=\"1040\" src=\"https:\/\/nomesvending.com\/web\/wp-content\/uploads\/2024\/07\/FC-4300.png\" alt=\"\" class=\"wp-image-18714\" style=\"width:173px;height:auto\" srcset=\"https:\/\/nomesvending.com\/web\/wp-content\/uploads\/2024\/07\/FC-4300.png 720w, https:\/\/nomesvending.com\/web\/wp-content\/uploads\/2024\/07\/FC-4300-300x433.png 300w, https:\/\/nomesvending.com\/web\/wp-content\/uploads\/2024\/07\/FC-4300-208x300.png 208w, https:\/\/nomesvending.com\/web\/wp-content\/uploads\/2024\/07\/FC-4300-709x1024.png 709w\" sizes=\"(max-width: 720px) 100vw, 720px\" \/><\/figure>\n\n\n\n<div class=\"wp-block-file aligncenter\"><a id=\"wp-block-file--media-f09bc0c4-fc4c-40fc-a2ef-3a0c0a42d5b7\" href=\"https:\/\/nomesvending.com\/web\/wp-content\/uploads\/2024\/07\/FC-4300.pdf\" target=\"_blank\" rel=\"noreferrer noopener\">FC-4300<\/a><a href=\"https:\/\/nomesvending.com\/web\/wp-content\/uploads\/2024\/07\/FC-4300.pdf\" class=\"wp-block-file__button wp-element-button\" download aria-describedby=\"wp-block-file--media-f09bc0c4-fc4c-40fc-a2ef-3a0c0a42d5b7\">Descarga<\/a><\/div>\n\n\n\n<div style=\"height:25px\" aria-hidden=\"true\" class=\"wp-block-spacer\"><\/div>\n<\/div>\n\n\n\n<div class=\"wp-block-column is-vertically-aligned-stretch is-layout-flow wp-block-column-is-layout-flow\">\n<figure class=\"wp-block-image aligncenter size-full is-resized\"><img loading=\"lazy\" decoding=\"async\" width=\"720\" height=\"1040\" src=\"https:\/\/nomesvending.com\/web\/wp-content\/uploads\/2024\/07\/20-TOP.png\" alt=\"\" class=\"wp-image-18718\" style=\"width:174px;height:auto\" srcset=\"https:\/\/nomesvending.com\/web\/wp-content\/uploads\/2024\/07\/20-TOP.png 720w, https:\/\/nomesvending.com\/web\/wp-content\/uploads\/2024\/07\/20-TOP-300x433.png 300w, https:\/\/nomesvending.com\/web\/wp-content\/uploads\/2024\/07\/20-TOP-208x300.png 208w, https:\/\/nomesvending.com\/web\/wp-content\/uploads\/2024\/07\/20-TOP-709x1024.png 709w\" sizes=\"(max-width: 720px) 100vw, 720px\" \/><\/figure>\n\n\n\n<div class=\"wp-block-file aligncenter\"><a id=\"wp-block-file--media-f0a945af-ae58-4431-8a8b-1618c27d94db\" href=\"https:\/\/nomesvending.com\/web\/wp-content\/uploads\/2024\/07\/TRF_HORECA_03.pdf-4.pdf\" target=\"_blank\" rel=\"noreferrer noopener\">HG-HF.20TOP<\/a><a href=\"https:\/\/nomesvending.com\/web\/wp-content\/uploads\/2024\/07\/TRF_HORECA_03.pdf-4.pdf\" class=\"wp-block-file__button wp-element-button\" download aria-describedby=\"wp-block-file--media-f0a945af-ae58-4431-8a8b-1618c27d94db\">Descarga<\/a><\/div>\n\n\n\n<div style=\"height:25px\" aria-hidden=\"true\" class=\"wp-block-spacer\"><\/div>\n<\/div>\n\n\n\n<div class=\"wp-block-column is-vertically-aligned-stretch is-layout-flow wp-block-column-is-layout-flow\">\n<figure class=\"wp-block-image aligncenter size-full is-resized\"><img loading=\"lazy\" decoding=\"async\" width=\"720\" height=\"1040\" src=\"https:\/\/nomesvending.com\/web\/wp-content\/uploads\/2024\/07\/30-TOP.png\" alt=\"\" class=\"wp-image-18723\" style=\"width:173px;height:auto\" srcset=\"https:\/\/nomesvending.com\/web\/wp-content\/uploads\/2024\/07\/30-TOP.png 720w, https:\/\/nomesvending.com\/web\/wp-content\/uploads\/2024\/07\/30-TOP-300x433.png 300w, https:\/\/nomesvending.com\/web\/wp-content\/uploads\/2024\/07\/30-TOP-208x300.png 208w, https:\/\/nomesvending.com\/web\/wp-content\/uploads\/2024\/07\/30-TOP-709x1024.png 709w\" sizes=\"(max-width: 720px) 100vw, 720px\" \/><\/figure>\n\n\n\n<div class=\"wp-block-file aligncenter\"><a id=\"wp-block-file--media-3ea54a72-19fe-4ae9-b05d-1ebb46b5438a\" href=\"https:\/\/nomesvending.com\/web\/wp-content\/uploads\/2024\/07\/TRF_HORECA_03.pdf-5.pdf\" target=\"_blank\" rel=\"noreferrer noopener\">HG-HF.30TOP<\/a><a href=\"https:\/\/nomesvending.com\/web\/wp-content\/uploads\/2024\/07\/TRF_HORECA_03.pdf-5.pdf\" class=\"wp-block-file__button wp-element-button\" download aria-describedby=\"wp-block-file--media-3ea54a72-19fe-4ae9-b05d-1ebb46b5438a\">Descarga<\/a><\/div>\n\n\n\n<div style=\"height:25px\" aria-hidden=\"true\" class=\"wp-block-spacer\"><\/div>\n<\/div>\n<\/div>\n\n\n\n<div style=\"height:50px\" aria-hidden=\"true\" class=\"wp-block-spacer\"><\/div>\n","protected":false},"excerpt":{"rendered":"","protected":false},"author":1,"featured_media":18195,"parent":0,"menu_order":0,"comment_status":"closed","ping_status":"closed","template":"","meta":{"footnotes":""},"class_list":["post-16947","page","type-page","status-publish","has-post-thumbnail","hentry"],"yoast_head":"<!-- This site is optimized with the Yoast SEO plugin v27.0 - https:\/\/yoast.com\/product\/yoast-seo-wordpress\/ -->\n<title>Fuentes de agua - Nomesvending<\/title>\n<meta name=\"robots\" content=\"index, follow, max-snippet:-1, max-image-preview:large, max-video-preview:-1\" \/>\n<link rel=\"canonical\" href=\"https:\/\/nomesvending.com\/web\/fuentes-de-agua\/\" \/>\n<meta property=\"og:locale\" content=\"es_ES\" \/>\n<meta property=\"og:type\" content=\"article\" \/>\n<meta property=\"og:title\" content=\"Fuentes de agua - Nomesvending\" \/>\n<meta property=\"og:url\" content=\"https:\/\/nomesvending.com\/web\/fuentes-de-agua\/\" \/>\n<meta property=\"og:site_name\" content=\"Nomesvending\" \/>\n<meta property=\"article:publisher\" content=\"https:\/\/www.facebook.com\/NomesVending\/\" \/>\n<meta property=\"article:modified_time\" content=\"2024-07-11T08:56:15+00:00\" \/>\n<meta property=\"og:image\" content=\"https:\/\/nomesvending.com\/web\/wp-content\/uploads\/2024\/06\/Fuentes-de-agua-1.jpg\" \/>\n\t<meta property=\"og:image:width\" content=\"1920\" \/>\n\t<meta property=\"og:image:height\" content=\"400\" \/>\n\t<meta property=\"og:image:type\" content=\"image\/jpeg\" \/>\n<meta name=\"twitter:card\" content=\"summary_large_image\" \/>\n<script type=\"application\/ld+json\" class=\"yoast-schema-graph\">{\"@context\":\"https:\/\/schema.org\",\"@graph\":[{\"@type\":\"WebPage\",\"@id\":\"https:\/\/nomesvending.com\/web\/fuentes-de-agua\/\",\"url\":\"https:\/\/nomesvending.com\/web\/fuentes-de-agua\/\",\"name\":\"Fuentes de agua - Nomesvending\",\"isPartOf\":{\"@id\":\"https:\/\/nomesvending.com\/web\/#website\"},\"primaryImageOfPage\":{\"@id\":\"https:\/\/nomesvending.com\/web\/fuentes-de-agua\/#primaryimage\"},\"image\":{\"@id\":\"https:\/\/nomesvending.com\/web\/fuentes-de-agua\/#primaryimage\"},\"thumbnailUrl\":\"https:\/\/nomesvending.com\/web\/wp-content\/uploads\/2024\/06\/Fuentes-de-agua-1.jpg\",\"datePublished\":\"2024-05-14T09:01:40+00:00\",\"dateModified\":\"2024-07-11T08:56:15+00:00\",\"breadcrumb\":{\"@id\":\"https:\/\/nomesvending.com\/web\/fuentes-de-agua\/#breadcrumb\"},\"inLanguage\":\"es\",\"potentialAction\":[{\"@type\":\"ReadAction\",\"target\":[\"https:\/\/nomesvending.com\/web\/fuentes-de-agua\/\"]}]},{\"@type\":\"ImageObject\",\"inLanguage\":\"es\",\"@id\":\"https:\/\/nomesvending.com\/web\/fuentes-de-agua\/#primaryimage\",\"url\":\"https:\/\/nomesvending.com\/web\/wp-content\/uploads\/2024\/06\/Fuentes-de-agua-1.jpg\",\"contentUrl\":\"https:\/\/nomesvending.com\/web\/wp-content\/uploads\/2024\/06\/Fuentes-de-agua-1.jpg\",\"width\":1920,\"height\":400},{\"@type\":\"BreadcrumbList\",\"@id\":\"https:\/\/nomesvending.com\/web\/fuentes-de-agua\/#breadcrumb\",\"itemListElement\":[{\"@type\":\"ListItem\",\"position\":1,\"name\":\"Portada\",\"item\":\"https:\/\/nomesvending.com\/web\/\"},{\"@type\":\"ListItem\",\"position\":2,\"name\":\"Fuentes de agua\"}]},{\"@type\":\"WebSite\",\"@id\":\"https:\/\/nomesvending.com\/web\/#website\",\"url\":\"https:\/\/nomesvending.com\/web\/\",\"name\":\"Nom\u00e9sVending\",\"description\":\"M\u00e1quinas, filtros, recambios, monederos, consumibles y todo lo que necesitas para el mundo del vending. Calidad y tecnolog\u00eda para tu negocio. \u00a1Descubre nuestras soluciones!\",\"publisher\":{\"@id\":\"https:\/\/nomesvending.com\/web\/#organization\"},\"potentialAction\":[{\"@type\":\"SearchAction\",\"target\":{\"@type\":\"EntryPoint\",\"urlTemplate\":\"https:\/\/nomesvending.com\/web\/?s={search_term_string}\"},\"query-input\":{\"@type\":\"PropertyValueSpecification\",\"valueRequired\":true,\"valueName\":\"search_term_string\"}}],\"inLanguage\":\"es\"},{\"@type\":\"Organization\",\"@id\":\"https:\/\/nomesvending.com\/web\/#organization\",\"name\":\"Nom\u00e9sVending\",\"url\":\"https:\/\/nomesvending.com\/web\/\",\"logo\":{\"@type\":\"ImageObject\",\"inLanguage\":\"es\",\"@id\":\"https:\/\/nomesvending.com\/web\/#\/schema\/logo\/image\/\",\"url\":\"https:\/\/nomesvending.com\/web\/wp-content\/uploads\/2026\/03\/Red-and-White-Modern-Vending-Machine-Services-Instagram-Post.png\",\"contentUrl\":\"https:\/\/nomesvending.com\/web\/wp-content\/uploads\/2026\/03\/Red-and-White-Modern-Vending-Machine-Services-Instagram-Post.png\",\"width\":1080,\"height\":1080,\"caption\":\"Nom\u00e9sVending\"},\"image\":{\"@id\":\"https:\/\/nomesvending.com\/web\/#\/schema\/logo\/image\/\"},\"sameAs\":[\"https:\/\/www.facebook.com\/NomesVending\/\",\"https:\/\/www.instagram.com\/nomesvending\/\"]}]}<\/script>\n<!-- \/ Yoast SEO plugin. -->","yoast_head_json":{"title":"Fuentes de agua - Nomesvending","robots":{"index":"index","follow":"follow","max-snippet":"max-snippet:-1","max-image-preview":"max-image-preview:large","max-video-preview":"max-video-preview:-1"},"canonical":"https:\/\/nomesvending.com\/web\/fuentes-de-agua\/","og_locale":"es_ES","og_type":"article","og_title":"Fuentes de agua - Nomesvending","og_url":"https:\/\/nomesvending.com\/web\/fuentes-de-agua\/","og_site_name":"Nomesvending","article_publisher":"https:\/\/www.facebook.com\/NomesVending\/","article_modified_time":"2024-07-11T08:56:15+00:00","og_image":[{"width":1920,"height":400,"url":"https:\/\/nomesvending.com\/web\/wp-content\/uploads\/2024\/06\/Fuentes-de-agua-1.jpg","type":"image\/jpeg"}],"twitter_card":"summary_large_image","schema":{"@context":"https:\/\/schema.org","@graph":[{"@type":"WebPage","@id":"https:\/\/nomesvending.com\/web\/fuentes-de-agua\/","url":"https:\/\/nomesvending.com\/web\/fuentes-de-agua\/","name":"Fuentes de agua - Nomesvending","isPartOf":{"@id":"https:\/\/nomesvending.com\/web\/#website"},"primaryImageOfPage":{"@id":"https:\/\/nomesvending.com\/web\/fuentes-de-agua\/#primaryimage"},"image":{"@id":"https:\/\/nomesvending.com\/web\/fuentes-de-agua\/#primaryimage"},"thumbnailUrl":"https:\/\/nomesvending.com\/web\/wp-content\/uploads\/2024\/06\/Fuentes-de-agua-1.jpg","datePublished":"2024-05-14T09:01:40+00:00","dateModified":"2024-07-11T08:56:15+00:00","breadcrumb":{"@id":"https:\/\/nomesvending.com\/web\/fuentes-de-agua\/#breadcrumb"},"inLanguage":"es","potentialAction":[{"@type":"ReadAction","target":["https:\/\/nomesvending.com\/web\/fuentes-de-agua\/"]}]},{"@type":"ImageObject","inLanguage":"es","@id":"https:\/\/nomesvending.com\/web\/fuentes-de-agua\/#primaryimage","url":"https:\/\/nomesvending.com\/web\/wp-content\/uploads\/2024\/06\/Fuentes-de-agua-1.jpg","contentUrl":"https:\/\/nomesvending.com\/web\/wp-content\/uploads\/2024\/06\/Fuentes-de-agua-1.jpg","width":1920,"height":400},{"@type":"BreadcrumbList","@id":"https:\/\/nomesvending.com\/web\/fuentes-de-agua\/#breadcrumb","itemListElement":[{"@type":"ListItem","position":1,"name":"Portada","item":"https:\/\/nomesvending.com\/web\/"},{"@type":"ListItem","position":2,"name":"Fuentes de agua"}]},{"@type":"WebSite","@id":"https:\/\/nomesvending.com\/web\/#website","url":"https:\/\/nomesvending.com\/web\/","name":"Nom\u00e9sVending","description":"M\u00e1quinas, filtros, recambios, monederos, consumibles y todo lo que necesitas para el mundo del vending. Calidad y tecnolog\u00eda para tu negocio. \u00a1Descubre nuestras soluciones!","publisher":{"@id":"https:\/\/nomesvending.com\/web\/#organization"},"potentialAction":[{"@type":"SearchAction","target":{"@type":"EntryPoint","urlTemplate":"https:\/\/nomesvending.com\/web\/?s={search_term_string}"},"query-input":{"@type":"PropertyValueSpecification","valueRequired":true,"valueName":"search_term_string"}}],"inLanguage":"es"},{"@type":"Organization","@id":"https:\/\/nomesvending.com\/web\/#organization","name":"Nom\u00e9sVending","url":"https:\/\/nomesvending.com\/web\/","logo":{"@type":"ImageObject","inLanguage":"es","@id":"https:\/\/nomesvending.com\/web\/#\/schema\/logo\/image\/","url":"https:\/\/nomesvending.com\/web\/wp-content\/uploads\/2026\/03\/Red-and-White-Modern-Vending-Machine-Services-Instagram-Post.png","contentUrl":"https:\/\/nomesvending.com\/web\/wp-content\/uploads\/2026\/03\/Red-and-White-Modern-Vending-Machine-Services-Instagram-Post.png","width":1080,"height":1080,"caption":"Nom\u00e9sVending"},"image":{"@id":"https:\/\/nomesvending.com\/web\/#\/schema\/logo\/image\/"},"sameAs":["https:\/\/www.facebook.com\/NomesVending\/","https:\/\/www.instagram.com\/nomesvending\/"]}]}},"_links":{"self":[{"href":"https:\/\/nomesvending.com\/web\/wp-json\/wp\/v2\/pages\/16947","targetHints":{"allow":["GET"]}}],"collection":[{"href":"https:\/\/nomesvending.com\/web\/wp-json\/wp\/v2\/pages"}],"about":[{"href":"https:\/\/nomesvending.com\/web\/wp-json\/wp\/v2\/types\/page"}],"author":[{"embeddable":true,"href":"https:\/\/nomesvending.com\/web\/wp-json\/wp\/v2\/users\/1"}],"replies":[{"embeddable":true,"href":"https:\/\/nomesvending.com\/web\/wp-json\/wp\/v2\/comments?post=16947"}],"version-history":[{"count":15,"href":"https:\/\/nomesvending.com\/web\/wp-json\/wp\/v2\/pages\/16947\/revisions"}],"predecessor-version":[{"id":21422,"href":"https:\/\/nomesvending.com\/web\/wp-json\/wp\/v2\/pages\/16947\/revisions\/21422"}],"wp:featuredmedia":[{"embeddable":true,"href":"https:\/\/nomesvending.com\/web\/wp-json\/wp\/v2\/media\/18195"}],"wp:attachment":[{"href":"https:\/\/nomesvending.com\/web\/wp-json\/wp\/v2\/media?parent=16947"}],"curies":[{"name":"wp","href":"https:\/\/api.w.org\/{rel}","templated":true}]}}