{"id":365,"date":"2024-05-02T14:36:22","date_gmt":"2024-05-02T14:36:22","guid":{"rendered":"https:\/\/nomesvending.com\/web\/index.php\/mi-cuenta\/"},"modified":"2024-05-14T14:47:25","modified_gmt":"2024-05-14T14:47:25","slug":"mi-cuenta","status":"publish","type":"page","link":"https:\/\/nomesvending.com\/web\/mi-cuenta\/","title":{"rendered":"Mi cuenta"},"content":{"rendered":"\n<div style=\"height:25px\" aria-hidden=\"true\" class=\"wp-block-spacer\"><\/div>\n\n\n<div class=\"woocommerce\"><\/div>\n","protected":false},"excerpt":{"rendered":"","protected":false},"author":1,"featured_media":17107,"parent":0,"menu_order":0,"comment_status":"closed","ping_status":"closed","template":"","meta":{"footnotes":""},"class_list":["post-365","page","type-page","status-publish","has-post-thumbnail","hentry"],"yoast_head":"<!-- This site is optimized with the Yoast SEO plugin v27.0 - https:\/\/yoast.com\/product\/yoast-seo-wordpress\/ -->\n<title>Mi cuenta - Nomesvending<\/title>\n<meta name=\"robots\" content=\"index, follow, max-snippet:-1, max-image-preview:large, max-video-preview:-1\" \/>\n<link rel=\"canonical\" href=\"https:\/\/nomesvending.com\/web\/mi-cuenta\/\" \/>\n<meta property=\"og:locale\" content=\"es_ES\" \/>\n<meta property=\"og:type\" content=\"article\" \/>\n<meta property=\"og:title\" content=\"Mi cuenta - Nomesvending\" \/>\n<meta property=\"og:url\" content=\"https:\/\/nomesvending.com\/web\/mi-cuenta\/\" \/>\n<meta property=\"og:site_name\" content=\"Nomesvending\" \/>\n<meta property=\"article:publisher\" content=\"https:\/\/www.facebook.com\/NomesVending\/\" \/>\n<meta property=\"article:modified_time\" content=\"2024-05-14T14:47:25+00:00\" \/>\n<meta property=\"og:image\" content=\"https:\/\/nomesvending.com\/web\/wp-content\/uploads\/2024\/05\/astronomy-1867616_1280.jpg\" \/>\n\t<meta property=\"og:image:width\" content=\"1280\" \/>\n\t<meta property=\"og:image:height\" content=\"874\" \/>\n\t<meta property=\"og:image:type\" content=\"image\/jpeg\" \/>\n<meta name=\"twitter:card\" content=\"summary_large_image\" \/>\n<script type=\"application\/ld+json\" class=\"yoast-schema-graph\">{\"@context\":\"https:\/\/schema.org\",\"@graph\":[{\"@type\":\"WebPage\",\"@id\":\"https:\/\/nomesvending.com\/web\/mi-cuenta\/\",\"url\":\"https:\/\/nomesvending.com\/web\/mi-cuenta\/\",\"name\":\"Mi cuenta - Nomesvending\",\"isPartOf\":{\"@id\":\"https:\/\/nomesvending.com\/web\/#website\"},\"primaryImageOfPage\":{\"@id\":\"https:\/\/nomesvending.com\/web\/mi-cuenta\/#primaryimage\"},\"image\":{\"@id\":\"https:\/\/nomesvending.com\/web\/mi-cuenta\/#primaryimage\"},\"thumbnailUrl\":\"https:\/\/nomesvending.com\/web\/wp-content\/uploads\/2024\/05\/astronomy-1867616_1280.jpg\",\"datePublished\":\"2024-05-02T14:36:22+00:00\",\"dateModified\":\"2024-05-14T14:47:25+00:00\",\"breadcrumb\":{\"@id\":\"https:\/\/nomesvending.com\/web\/mi-cuenta\/#breadcrumb\"},\"inLanguage\":\"es\",\"potentialAction\":[{\"@type\":\"ReadAction\",\"target\":[\"https:\/\/nomesvending.com\/web\/mi-cuenta\/\"]}]},{\"@type\":\"ImageObject\",\"inLanguage\":\"es\",\"@id\":\"https:\/\/nomesvending.com\/web\/mi-cuenta\/#primaryimage\",\"url\":\"https:\/\/nomesvending.com\/web\/wp-content\/uploads\/2024\/05\/astronomy-1867616_1280.jpg\",\"contentUrl\":\"https:\/\/nomesvending.com\/web\/wp-content\/uploads\/2024\/05\/astronomy-1867616_1280.jpg\",\"width\":1280,\"height\":874},{\"@type\":\"BreadcrumbList\",\"@id\":\"https:\/\/nomesvending.com\/web\/mi-cuenta\/#breadcrumb\",\"itemListElement\":[{\"@type\":\"ListItem\",\"position\":1,\"name\":\"Portada\",\"item\":\"https:\/\/nomesvending.com\/web\/\"},{\"@type\":\"ListItem\",\"position\":2,\"name\":\"Mi cuenta\"}]},{\"@type\":\"WebSite\",\"@id\":\"https:\/\/nomesvending.com\/web\/#website\",\"url\":\"https:\/\/nomesvending.com\/web\/\",\"name\":\"Nom\u00e9sVending\",\"description\":\"M\u00e1quinas, filtros, recambios, monederos, consumibles y todo lo que necesitas para el mundo del vending. Calidad y tecnolog\u00eda para tu negocio. \u00a1Descubre nuestras soluciones!\",\"publisher\":{\"@id\":\"https:\/\/nomesvending.com\/web\/#organization\"},\"potentialAction\":[{\"@type\":\"SearchAction\",\"target\":{\"@type\":\"EntryPoint\",\"urlTemplate\":\"https:\/\/nomesvending.com\/web\/?s={search_term_string}\"},\"query-input\":{\"@type\":\"PropertyValueSpecification\",\"valueRequired\":true,\"valueName\":\"search_term_string\"}}],\"inLanguage\":\"es\"},{\"@type\":\"Organization\",\"@id\":\"https:\/\/nomesvending.com\/web\/#organization\",\"name\":\"Nom\u00e9sVending\",\"url\":\"https:\/\/nomesvending.com\/web\/\",\"logo\":{\"@type\":\"ImageObject\",\"inLanguage\":\"es\",\"@id\":\"https:\/\/nomesvending.com\/web\/#\/schema\/logo\/image\/\",\"url\":\"https:\/\/nomesvending.com\/web\/wp-content\/uploads\/2026\/03\/Red-and-White-Modern-Vending-Machine-Services-Instagram-Post.png\",\"contentUrl\":\"https:\/\/nomesvending.com\/web\/wp-content\/uploads\/2026\/03\/Red-and-White-Modern-Vending-Machine-Services-Instagram-Post.png\",\"width\":1080,\"height\":1080,\"caption\":\"Nom\u00e9sVending\"},\"image\":{\"@id\":\"https:\/\/nomesvending.com\/web\/#\/schema\/logo\/image\/\"},\"sameAs\":[\"https:\/\/www.facebook.com\/NomesVending\/\",\"https:\/\/www.instagram.com\/nomesvending\/\"]}]}<\/script>\n<!-- \/ Yoast SEO plugin. -->","yoast_head_json":{"title":"Mi cuenta - Nomesvending","robots":{"index":"index","follow":"follow","max-snippet":"max-snippet:-1","max-image-preview":"max-image-preview:large","max-video-preview":"max-video-preview:-1"},"canonical":"https:\/\/nomesvending.com\/web\/mi-cuenta\/","og_locale":"es_ES","og_type":"article","og_title":"Mi cuenta - Nomesvending","og_url":"https:\/\/nomesvending.com\/web\/mi-cuenta\/","og_site_name":"Nomesvending","article_publisher":"https:\/\/www.facebook.com\/NomesVending\/","article_modified_time":"2024-05-14T14:47:25+00:00","og_image":[{"width":1280,"height":874,"url":"https:\/\/nomesvending.com\/web\/wp-content\/uploads\/2024\/05\/astronomy-1867616_1280.jpg","type":"image\/jpeg"}],"twitter_card":"summary_large_image","schema":{"@context":"https:\/\/schema.org","@graph":[{"@type":"WebPage","@id":"https:\/\/nomesvending.com\/web\/mi-cuenta\/","url":"https:\/\/nomesvending.com\/web\/mi-cuenta\/","name":"Mi cuenta - Nomesvending","isPartOf":{"@id":"https:\/\/nomesvending.com\/web\/#website"},"primaryImageOfPage":{"@id":"https:\/\/nomesvending.com\/web\/mi-cuenta\/#primaryimage"},"image":{"@id":"https:\/\/nomesvending.com\/web\/mi-cuenta\/#primaryimage"},"thumbnailUrl":"https:\/\/nomesvending.com\/web\/wp-content\/uploads\/2024\/05\/astronomy-1867616_1280.jpg","datePublished":"2024-05-02T14:36:22+00:00","dateModified":"2024-05-14T14:47:25+00:00","breadcrumb":{"@id":"https:\/\/nomesvending.com\/web\/mi-cuenta\/#breadcrumb"},"inLanguage":"es","potentialAction":[{"@type":"ReadAction","target":["https:\/\/nomesvending.com\/web\/mi-cuenta\/"]}]},{"@type":"ImageObject","inLanguage":"es","@id":"https:\/\/nomesvending.com\/web\/mi-cuenta\/#primaryimage","url":"https:\/\/nomesvending.com\/web\/wp-content\/uploads\/2024\/05\/astronomy-1867616_1280.jpg","contentUrl":"https:\/\/nomesvending.com\/web\/wp-content\/uploads\/2024\/05\/astronomy-1867616_1280.jpg","width":1280,"height":874},{"@type":"BreadcrumbList","@id":"https:\/\/nomesvending.com\/web\/mi-cuenta\/#breadcrumb","itemListElement":[{"@type":"ListItem","position":1,"name":"Portada","item":"https:\/\/nomesvending.com\/web\/"},{"@type":"ListItem","position":2,"name":"Mi cuenta"}]},{"@type":"WebSite","@id":"https:\/\/nomesvending.com\/web\/#website","url":"https:\/\/nomesvending.com\/web\/","name":"Nom\u00e9sVending","description":"M\u00e1quinas, filtros, recambios, monederos, consumibles y todo lo que necesitas para el mundo del vending. Calidad y tecnolog\u00eda para tu negocio. \u00a1Descubre nuestras soluciones!","publisher":{"@id":"https:\/\/nomesvending.com\/web\/#organization"},"potentialAction":[{"@type":"SearchAction","target":{"@type":"EntryPoint","urlTemplate":"https:\/\/nomesvending.com\/web\/?s={search_term_string}"},"query-input":{"@type":"PropertyValueSpecification","valueRequired":true,"valueName":"search_term_string"}}],"inLanguage":"es"},{"@type":"Organization","@id":"https:\/\/nomesvending.com\/web\/#organization","name":"Nom\u00e9sVending","url":"https:\/\/nomesvending.com\/web\/","logo":{"@type":"ImageObject","inLanguage":"es","@id":"https:\/\/nomesvending.com\/web\/#\/schema\/logo\/image\/","url":"https:\/\/nomesvending.com\/web\/wp-content\/uploads\/2026\/03\/Red-and-White-Modern-Vending-Machine-Services-Instagram-Post.png","contentUrl":"https:\/\/nomesvending.com\/web\/wp-content\/uploads\/2026\/03\/Red-and-White-Modern-Vending-Machine-Services-Instagram-Post.png","width":1080,"height":1080,"caption":"Nom\u00e9sVending"},"image":{"@id":"https:\/\/nomesvending.com\/web\/#\/schema\/logo\/image\/"},"sameAs":["https:\/\/www.facebook.com\/NomesVending\/","https:\/\/www.instagram.com\/nomesvending\/"]}]}},"_links":{"self":[{"href":"https:\/\/nomesvending.com\/web\/wp-json\/wp\/v2\/pages\/365","targetHints":{"allow":["GET"]}}],"collection":[{"href":"https:\/\/nomesvending.com\/web\/wp-json\/wp\/v2\/pages"}],"about":[{"href":"https:\/\/nomesvending.com\/web\/wp-json\/wp\/v2\/types\/page"}],"author":[{"embeddable":true,"href":"https:\/\/nomesvending.com\/web\/wp-json\/wp\/v2\/users\/1"}],"replies":[{"embeddable":true,"href":"https:\/\/nomesvending.com\/web\/wp-json\/wp\/v2\/comments?post=365"}],"version-history":[{"count":2,"href":"https:\/\/nomesvending.com\/web\/wp-json\/wp\/v2\/pages\/365\/revisions"}],"predecessor-version":[{"id":17109,"href":"https:\/\/nomesvending.com\/web\/wp-json\/wp\/v2\/pages\/365\/revisions\/17109"}],"wp:featuredmedia":[{"embeddable":true,"href":"https:\/\/nomesvending.com\/web\/wp-json\/wp\/v2\/media\/17107"}],"wp:attachment":[{"href":"https:\/\/nomesvending.com\/web\/wp-json\/wp\/v2\/media?parent=365"}],"curies":[{"name":"wp","href":"https:\/\/api.w.org\/{rel}","templated":true}]}}