{"id":17239,"date":"2024-05-22T09:15:28","date_gmt":"2024-05-22T09:15:28","guid":{"rendered":"https:\/\/nomesvending.com\/web\/?product=vaso-de-agua-plastico-transparente-220cc"},"modified":"2025-06-04T06:29:55","modified_gmt":"2025-06-04T06:29:55","slug":"vaso-de-agua-plastico-transparente-220cc","status":"publish","type":"product","link":"https:\/\/nomesvending.com\/web\/tienda\/productos\/vasos\/vasos-vasos\/vaso-de-agua-plastico-transparente-220cc\/","title":{"rendered":"Vaso de agua (Pl\u00e1stico) Transparente 220cc"},"content":{"rendered":"<p>3000 uds\/caja<\/p>\n<p>Palet: 24 cajas \/ 72.000 unidades<\/p>\n","protected":false},"excerpt":{"rendered":"<p>*VENTA POR CAJA<\/p>\n","protected":false},"featured_media":21523,"comment_status":"open","ping_status":"closed","template":"","meta":[],"product_brand":[226],"product_cat":[51,105,94],"product_tag":[55],"class_list":{"0":"post-17239","1":"product","2":"type-product","3":"status-publish","4":"has-post-thumbnail","6":"product_brand-profesional","7":"product_cat-productos","8":"product_cat-vasos-vasos","9":"product_cat-vasos","10":"product_tag-nomesvending","12":"first","13":"instock","14":"taxable","15":"shipping-taxable","16":"purchasable","17":"product-type-simple"},"yoast_head":"<!-- This site is optimized with the Yoast SEO plugin v27.5 - https:\/\/yoast.com\/product\/yoast-seo-wordpress\/ -->\n<title>Vaso de agua (Pl\u00e1stico) Transparente 220cc - Nomesvending<\/title>\n<meta name=\"robots\" content=\"index, follow, max-snippet:-1, max-image-preview:large, max-video-preview:-1\" \/>\n<link rel=\"canonical\" href=\"https:\/\/nomesvending.com\/web\/tienda\/productos\/vasos\/vasos-vasos\/vaso-de-agua-plastico-transparente-220cc\/\" \/>\n<meta property=\"og:locale\" content=\"es_ES\" \/>\n<meta property=\"og:type\" content=\"article\" \/>\n<meta property=\"og:title\" content=\"Vaso de agua (Pl\u00e1stico) Transparente 220cc - Nomesvending\" \/>\n<meta property=\"og:description\" content=\"*VENTA POR CAJA\" \/>\n<meta property=\"og:url\" content=\"https:\/\/nomesvending.com\/web\/tienda\/productos\/vasos\/vasos-vasos\/vaso-de-agua-plastico-transparente-220cc\/\" \/>\n<meta property=\"og:site_name\" content=\"Nomesvending\" \/>\n<meta property=\"article:publisher\" content=\"https:\/\/www.facebook.com\/NomesVending\/\" \/>\n<meta property=\"article:modified_time\" content=\"2025-06-04T06:29:55+00:00\" \/>\n<meta property=\"og:image\" content=\"https:\/\/nomesvending.com\/web\/wp-content\/uploads\/2024\/05\/5029.png\" \/>\n\t<meta property=\"og:image:width\" content=\"500\" \/>\n\t<meta property=\"og:image:height\" content=\"500\" \/>\n\t<meta property=\"og:image:type\" content=\"image\/png\" \/>\n<meta name=\"twitter:card\" content=\"summary_large_image\" \/>\n<meta name=\"twitter:label1\" content=\"Tiempo de lectura\" \/>\n\t<meta name=\"twitter:data1\" content=\"1 minuto\" \/>\n<script type=\"application\/ld+json\" class=\"yoast-schema-graph\">{\"@context\":\"https:\\\/\\\/schema.org\",\"@graph\":[{\"@type\":\"WebPage\",\"@id\":\"https:\\\/\\\/nomesvending.com\\\/web\\\/tienda\\\/productos\\\/vasos\\\/vasos-vasos\\\/vaso-de-agua-plastico-transparente-220cc\\\/\",\"url\":\"https:\\\/\\\/nomesvending.com\\\/web\\\/tienda\\\/productos\\\/vasos\\\/vasos-vasos\\\/vaso-de-agua-plastico-transparente-220cc\\\/\",\"name\":\"Vaso de agua (Pl\u00e1stico) Transparente 220cc - Nomesvending\",\"isPartOf\":{\"@id\":\"https:\\\/\\\/nomesvending.com\\\/web\\\/#website\"},\"primaryImageOfPage\":{\"@id\":\"https:\\\/\\\/nomesvending.com\\\/web\\\/tienda\\\/productos\\\/vasos\\\/vasos-vasos\\\/vaso-de-agua-plastico-transparente-220cc\\\/#primaryimage\"},\"image\":{\"@id\":\"https:\\\/\\\/nomesvending.com\\\/web\\\/tienda\\\/productos\\\/vasos\\\/vasos-vasos\\\/vaso-de-agua-plastico-transparente-220cc\\\/#primaryimage\"},\"thumbnailUrl\":\"https:\\\/\\\/nomesvending.com\\\/web\\\/wp-content\\\/uploads\\\/2024\\\/05\\\/5029.png\",\"datePublished\":\"2024-05-22T09:15:28+00:00\",\"dateModified\":\"2025-06-04T06:29:55+00:00\",\"breadcrumb\":{\"@id\":\"https:\\\/\\\/nomesvending.com\\\/web\\\/tienda\\\/productos\\\/vasos\\\/vasos-vasos\\\/vaso-de-agua-plastico-transparente-220cc\\\/#breadcrumb\"},\"inLanguage\":\"es\",\"potentialAction\":[{\"@type\":\"ReadAction\",\"target\":[\"https:\\\/\\\/nomesvending.com\\\/web\\\/tienda\\\/productos\\\/vasos\\\/vasos-vasos\\\/vaso-de-agua-plastico-transparente-220cc\\\/\"]}]},{\"@type\":\"ImageObject\",\"inLanguage\":\"es\",\"@id\":\"https:\\\/\\\/nomesvending.com\\\/web\\\/tienda\\\/productos\\\/vasos\\\/vasos-vasos\\\/vaso-de-agua-plastico-transparente-220cc\\\/#primaryimage\",\"url\":\"https:\\\/\\\/nomesvending.com\\\/web\\\/wp-content\\\/uploads\\\/2024\\\/05\\\/5029.png\",\"contentUrl\":\"https:\\\/\\\/nomesvending.com\\\/web\\\/wp-content\\\/uploads\\\/2024\\\/05\\\/5029.png\",\"width\":500,\"height\":500},{\"@type\":\"BreadcrumbList\",\"@id\":\"https:\\\/\\\/nomesvending.com\\\/web\\\/tienda\\\/productos\\\/vasos\\\/vasos-vasos\\\/vaso-de-agua-plastico-transparente-220cc\\\/#breadcrumb\",\"itemListElement\":[{\"@type\":\"ListItem\",\"position\":1,\"name\":\"Portada\",\"item\":\"https:\\\/\\\/nomesvending.com\\\/web\\\/\"},{\"@type\":\"ListItem\",\"position\":2,\"name\":\"Tienda\",\"item\":\"https:\\\/\\\/nomesvending.com\\\/web\\\/tienda\\\/\"},{\"@type\":\"ListItem\",\"position\":3,\"name\":\"Vaso de agua (Pl\u00e1stico) Transparente 220cc\"}]},{\"@type\":\"WebSite\",\"@id\":\"https:\\\/\\\/nomesvending.com\\\/web\\\/#website\",\"url\":\"https:\\\/\\\/nomesvending.com\\\/web\\\/\",\"name\":\"Nom\u00e9sVending\",\"description\":\"M\u00e1quinas, filtros, recambios, monederos, consumibles y todo lo que necesitas para el mundo del vending. Calidad y tecnolog\u00eda para tu negocio. \u00a1Descubre nuestras soluciones!\",\"publisher\":{\"@id\":\"https:\\\/\\\/nomesvending.com\\\/web\\\/#organization\"},\"potentialAction\":[{\"@type\":\"SearchAction\",\"target\":{\"@type\":\"EntryPoint\",\"urlTemplate\":\"https:\\\/\\\/nomesvending.com\\\/web\\\/?s={search_term_string}\"},\"query-input\":{\"@type\":\"PropertyValueSpecification\",\"valueRequired\":true,\"valueName\":\"search_term_string\"}}],\"inLanguage\":\"es\"},{\"@type\":\"Organization\",\"@id\":\"https:\\\/\\\/nomesvending.com\\\/web\\\/#organization\",\"name\":\"Nom\u00e9sVending\",\"url\":\"https:\\\/\\\/nomesvending.com\\\/web\\\/\",\"logo\":{\"@type\":\"ImageObject\",\"inLanguage\":\"es\",\"@id\":\"https:\\\/\\\/nomesvending.com\\\/web\\\/#\\\/schema\\\/logo\\\/image\\\/\",\"url\":\"https:\\\/\\\/nomesvending.com\\\/web\\\/wp-content\\\/uploads\\\/2026\\\/03\\\/Red-and-White-Modern-Vending-Machine-Services-Instagram-Post.png\",\"contentUrl\":\"https:\\\/\\\/nomesvending.com\\\/web\\\/wp-content\\\/uploads\\\/2026\\\/03\\\/Red-and-White-Modern-Vending-Machine-Services-Instagram-Post.png\",\"width\":1080,\"height\":1080,\"caption\":\"Nom\u00e9sVending\"},\"image\":{\"@id\":\"https:\\\/\\\/nomesvending.com\\\/web\\\/#\\\/schema\\\/logo\\\/image\\\/\"},\"sameAs\":[\"https:\\\/\\\/www.facebook.com\\\/NomesVending\\\/\",\"https:\\\/\\\/www.instagram.com\\\/nomesvending\\\/\"]}]}<\/script>\n<!-- \/ Yoast SEO plugin. -->","yoast_head_json":{"title":"Vaso de agua (Pl\u00e1stico) Transparente 220cc - Nomesvending","robots":{"index":"index","follow":"follow","max-snippet":"max-snippet:-1","max-image-preview":"max-image-preview:large","max-video-preview":"max-video-preview:-1"},"canonical":"https:\/\/nomesvending.com\/web\/tienda\/productos\/vasos\/vasos-vasos\/vaso-de-agua-plastico-transparente-220cc\/","og_locale":"es_ES","og_type":"article","og_title":"Vaso de agua (Pl\u00e1stico) Transparente 220cc - Nomesvending","og_description":"*VENTA POR CAJA","og_url":"https:\/\/nomesvending.com\/web\/tienda\/productos\/vasos\/vasos-vasos\/vaso-de-agua-plastico-transparente-220cc\/","og_site_name":"Nomesvending","article_publisher":"https:\/\/www.facebook.com\/NomesVending\/","article_modified_time":"2025-06-04T06:29:55+00:00","og_image":[{"width":500,"height":500,"url":"https:\/\/nomesvending.com\/web\/wp-content\/uploads\/2024\/05\/5029.png","type":"image\/png"}],"twitter_card":"summary_large_image","twitter_misc":{"Tiempo de lectura":"1 minuto"},"schema":{"@context":"https:\/\/schema.org","@graph":[{"@type":"WebPage","@id":"https:\/\/nomesvending.com\/web\/tienda\/productos\/vasos\/vasos-vasos\/vaso-de-agua-plastico-transparente-220cc\/","url":"https:\/\/nomesvending.com\/web\/tienda\/productos\/vasos\/vasos-vasos\/vaso-de-agua-plastico-transparente-220cc\/","name":"Vaso de agua (Pl\u00e1stico) Transparente 220cc - Nomesvending","isPartOf":{"@id":"https:\/\/nomesvending.com\/web\/#website"},"primaryImageOfPage":{"@id":"https:\/\/nomesvending.com\/web\/tienda\/productos\/vasos\/vasos-vasos\/vaso-de-agua-plastico-transparente-220cc\/#primaryimage"},"image":{"@id":"https:\/\/nomesvending.com\/web\/tienda\/productos\/vasos\/vasos-vasos\/vaso-de-agua-plastico-transparente-220cc\/#primaryimage"},"thumbnailUrl":"https:\/\/nomesvending.com\/web\/wp-content\/uploads\/2024\/05\/5029.png","datePublished":"2024-05-22T09:15:28+00:00","dateModified":"2025-06-04T06:29:55+00:00","breadcrumb":{"@id":"https:\/\/nomesvending.com\/web\/tienda\/productos\/vasos\/vasos-vasos\/vaso-de-agua-plastico-transparente-220cc\/#breadcrumb"},"inLanguage":"es","potentialAction":[{"@type":"ReadAction","target":["https:\/\/nomesvending.com\/web\/tienda\/productos\/vasos\/vasos-vasos\/vaso-de-agua-plastico-transparente-220cc\/"]}]},{"@type":"ImageObject","inLanguage":"es","@id":"https:\/\/nomesvending.com\/web\/tienda\/productos\/vasos\/vasos-vasos\/vaso-de-agua-plastico-transparente-220cc\/#primaryimage","url":"https:\/\/nomesvending.com\/web\/wp-content\/uploads\/2024\/05\/5029.png","contentUrl":"https:\/\/nomesvending.com\/web\/wp-content\/uploads\/2024\/05\/5029.png","width":500,"height":500},{"@type":"BreadcrumbList","@id":"https:\/\/nomesvending.com\/web\/tienda\/productos\/vasos\/vasos-vasos\/vaso-de-agua-plastico-transparente-220cc\/#breadcrumb","itemListElement":[{"@type":"ListItem","position":1,"name":"Portada","item":"https:\/\/nomesvending.com\/web\/"},{"@type":"ListItem","position":2,"name":"Tienda","item":"https:\/\/nomesvending.com\/web\/tienda\/"},{"@type":"ListItem","position":3,"name":"Vaso de agua (Pl\u00e1stico) Transparente 220cc"}]},{"@type":"WebSite","@id":"https:\/\/nomesvending.com\/web\/#website","url":"https:\/\/nomesvending.com\/web\/","name":"Nom\u00e9sVending","description":"M\u00e1quinas, filtros, recambios, monederos, consumibles y todo lo que necesitas para el mundo del vending. Calidad y tecnolog\u00eda para tu negocio. \u00a1Descubre nuestras soluciones!","publisher":{"@id":"https:\/\/nomesvending.com\/web\/#organization"},"potentialAction":[{"@type":"SearchAction","target":{"@type":"EntryPoint","urlTemplate":"https:\/\/nomesvending.com\/web\/?s={search_term_string}"},"query-input":{"@type":"PropertyValueSpecification","valueRequired":true,"valueName":"search_term_string"}}],"inLanguage":"es"},{"@type":"Organization","@id":"https:\/\/nomesvending.com\/web\/#organization","name":"Nom\u00e9sVending","url":"https:\/\/nomesvending.com\/web\/","logo":{"@type":"ImageObject","inLanguage":"es","@id":"https:\/\/nomesvending.com\/web\/#\/schema\/logo\/image\/","url":"https:\/\/nomesvending.com\/web\/wp-content\/uploads\/2026\/03\/Red-and-White-Modern-Vending-Machine-Services-Instagram-Post.png","contentUrl":"https:\/\/nomesvending.com\/web\/wp-content\/uploads\/2026\/03\/Red-and-White-Modern-Vending-Machine-Services-Instagram-Post.png","width":1080,"height":1080,"caption":"Nom\u00e9sVending"},"image":{"@id":"https:\/\/nomesvending.com\/web\/#\/schema\/logo\/image\/"},"sameAs":["https:\/\/www.facebook.com\/NomesVending\/","https:\/\/www.instagram.com\/nomesvending\/"]}]}},"_links":{"self":[{"href":"https:\/\/nomesvending.com\/web\/wp-json\/wp\/v2\/product\/17239","targetHints":{"allow":["GET"]}}],"collection":[{"href":"https:\/\/nomesvending.com\/web\/wp-json\/wp\/v2\/product"}],"about":[{"href":"https:\/\/nomesvending.com\/web\/wp-json\/wp\/v2\/types\/product"}],"replies":[{"embeddable":true,"href":"https:\/\/nomesvending.com\/web\/wp-json\/wp\/v2\/comments?post=17239"}],"wp:featuredmedia":[{"embeddable":true,"href":"https:\/\/nomesvending.com\/web\/wp-json\/wp\/v2\/media\/21523"}],"wp:attachment":[{"href":"https:\/\/nomesvending.com\/web\/wp-json\/wp\/v2\/media?parent=17239"}],"wp:term":[{"taxonomy":"product_brand","embeddable":true,"href":"https:\/\/nomesvending.com\/web\/wp-json\/wp\/v2\/product_brand?post=17239"},{"taxonomy":"product_cat","embeddable":true,"href":"https:\/\/nomesvending.com\/web\/wp-json\/wp\/v2\/product_cat?post=17239"},{"taxonomy":"product_tag","embeddable":true,"href":"https:\/\/nomesvending.com\/web\/wp-json\/wp\/v2\/product_tag?post=17239"}],"curies":[{"name":"wp","href":"https:\/\/api.w.org\/{rel}","templated":true}]}}