{"id":17243,"date":"2024-05-22T09:15:31","date_gmt":"2024-05-22T09:15:31","guid":{"rendered":"https:\/\/nomesvending.com\/web\/?product=vaso-de-bambu-6-oz"},"modified":"2026-02-18T19:49:17","modified_gmt":"2026-02-18T19:49:17","slug":"vaso-de-bambu-6-oz","status":"publish","type":"product","link":"https:\/\/nomesvending.com\/web\/tienda\/productos\/vasos\/vasos-vasos\/vaso-de-bambu-6-oz\/","title":{"rendered":"Vaso de BAMB\u00da 6Oz"},"content":{"rendered":"<p class=\"\" data-start=\"0\" data-end=\"48\"><strong data-start=\"0\" data-end=\"48\">Vaso de Bamb\u00fa 6Oz de un Solo Uso \u2013 180 ml (6 oz)<\/strong><\/p>\n<p class=\"\" data-start=\"50\" data-end=\"456\">Descubre nuestra nueva versi\u00f3n del vaso de bamb\u00fa de un solo uso, ahora completamente libre de pl\u00e1stico. Dise\u00f1ado para ofrecer una experiencia pr\u00e1ctica y sostenible, este vaso es ideal tanto para bebidas fr\u00edas como calientes, con una temperatura de servicio que va de 0\u00b0C a 95\u00b0C. Perfecto para entornos de vending, hosteler\u00eda o cualquier evento que requiera soluciones ecol\u00f3gicas sin comprometer la calidad.<\/p>\n<p class=\"\" data-start=\"458\" data-end=\"490\"><strong data-start=\"458\" data-end=\"490\">Caracter\u00edsticas del Producto Vaso de Bamb\u00fa 6Oz <\/strong><\/p>\n<ul data-start=\"492\" data-end=\"709\">\n<li class=\"\" data-start=\"492\" data-end=\"551\">\n<p class=\"\" data-start=\"494\" data-end=\"551\"><strong data-start=\"494\" data-end=\"509\">Materiales:<\/strong> Bamb\u00fa + revestimiento libre de pl\u00e1stico<\/p>\n<\/li>\n<li class=\"\" data-start=\"552\" data-end=\"633\">\n<p class=\"\" data-start=\"554\" data-end=\"633\"><strong data-start=\"554\" data-end=\"579\">Calidad del material:<\/strong> 210 g\/m\u00b2 de papel + revestimiento alternativo al PE<\/p>\n<\/li>\n<li class=\"\" data-start=\"634\" data-end=\"675\">\n<p class=\"\" data-start=\"636\" data-end=\"675\"><strong data-start=\"636\" data-end=\"657\">Gramaje del vaso:<\/strong> 4,2 g (\u00b1 0,3 g)<\/p>\n<\/li>\n<li class=\"\" data-start=\"676\" data-end=\"709\">\n<p class=\"\" data-start=\"678\" data-end=\"709\"><strong data-start=\"678\" data-end=\"692\">Capacidad:<\/strong> 180 ml (\u00b1 10 ml)<\/p>\n<\/li>\n<\/ul>\n<p class=\"\" data-start=\"711\" data-end=\"735\"><strong data-start=\"711\" data-end=\"735\">Dimensiones del Vaso<\/strong><\/p>\n<ul data-start=\"737\" data-end=\"845\">\n<li class=\"\" data-start=\"737\" data-end=\"778\">\n<p class=\"\" data-start=\"739\" data-end=\"778\">Di\u00e1metro superior: 69,8 mm (\u00b1 0,3 mm)<\/p>\n<\/li>\n<li class=\"\" data-start=\"779\" data-end=\"818\">\n<p class=\"\" data-start=\"781\" data-end=\"818\">Di\u00e1metro inferior: 45 mm (\u00b1 0,5 mm)<\/p>\n<\/li>\n<li class=\"\" data-start=\"819\" data-end=\"845\">\n<p class=\"\" data-start=\"821\" data-end=\"845\">Altura: 80 mm (\u00b1 0,5 mm)<\/p>\n<\/li>\n<\/ul>\n<p class=\"\" data-start=\"847\" data-end=\"874\"><strong data-start=\"847\" data-end=\"874\">Presentaci\u00f3n y Embalaje<\/strong><\/p>\n<ul data-start=\"876\" data-end=\"1034\">\n<li class=\"\" data-start=\"876\" data-end=\"908\">\n<p class=\"\" data-start=\"878\" data-end=\"908\"><strong data-start=\"878\" data-end=\"900\">Unidades por caja:<\/strong> 2.000<\/p>\n<\/li>\n<li class=\"\" data-start=\"909\" data-end=\"959\">\n<p class=\"\" data-start=\"911\" data-end=\"959\"><strong data-start=\"911\" data-end=\"938\">Dimensiones de la caja:<\/strong> 365 x 285 x 650 mm<\/p>\n<\/li>\n<li class=\"\" data-start=\"960\" data-end=\"996\">\n<p class=\"\" data-start=\"962\" data-end=\"996\"><strong data-start=\"962\" data-end=\"987\">Peso neto de la caja:<\/strong> 8,4 kg<\/p>\n<\/li>\n<li class=\"\" data-start=\"997\" data-end=\"1034\">\n<p class=\"\" data-start=\"999\" data-end=\"1034\"><strong data-start=\"999\" data-end=\"1025\">Peso bruto de la caja:<\/strong> 9,3 kg<\/p>\n<\/li>\n<\/ul>\n<p class=\"\" data-start=\"1036\" data-end=\"1052\"><strong data-start=\"1036\" data-end=\"1052\">Paletizaci\u00f3n<\/strong><\/p>\n<ul data-start=\"1054\" data-end=\"1192\">\n<li class=\"\" data-start=\"1054\" data-end=\"1079\">\n<p class=\"\" data-start=\"1056\" data-end=\"1079\"><strong data-start=\"1056\" data-end=\"1075\">Cajas por capa:<\/strong> 8<\/p>\n<\/li>\n<li class=\"\" data-start=\"1080\" data-end=\"1122\">\n<p class=\"\" data-start=\"1082\" data-end=\"1122\"><strong data-start=\"1082\" data-end=\"1102\">Capas por palet:<\/strong> 2 + 4 adicionales<\/p>\n<\/li>\n<li class=\"\" data-start=\"1123\" data-end=\"1159\">\n<p class=\"\" data-start=\"1125\" data-end=\"1159\"><strong data-start=\"1125\" data-end=\"1154\">Total de cajas por palet:<\/strong> 20<\/p>\n<\/li>\n<li class=\"\" data-start=\"1160\" data-end=\"1192\">\n<p class=\"\" data-start=\"1162\" data-end=\"1192\"><strong data-start=\"1162\" data-end=\"1185\">Unidades por palet:<\/strong> 40.000<\/p>\n<\/li>\n<\/ul>\n<p class=\"\" data-start=\"1194\" data-end=\"1216\"><strong data-start=\"1194\" data-end=\"1216\">Control de Calidad<\/strong><\/p>\n<p class=\"\" data-start=\"1218\" data-end=\"1463\">Cada caja incluye un n\u00famero de lote y un c\u00f3digo QR que permiten el seguimiento detallado de la fabricaci\u00f3n, incluyendo la fecha, la m\u00e1quina y el turno de producci\u00f3n, lo que garantiza una trazabilidad completa y un control riguroso de la calidad.<\/p>\n<p class=\"\" data-start=\"1465\" data-end=\"1506\"><strong data-start=\"1465\" data-end=\"1506\">Compromiso Sostenible para tu Negocio<\/strong><\/p>\n<p class=\"\" data-start=\"1508\" data-end=\"1832\">El nuevo vaso de bamb\u00fa sin pl\u00e1stico es la elecci\u00f3n ideal para negocios que desean reducir su huella ambiental sin renunciar a la funcionalidad. Ofrece a tus clientes una alternativa responsable y moderna que refleja los valores de tu empresa. \u00bfTe gustar\u00eda que adapte esta descripci\u00f3n a un estilo m\u00e1s t\u00e9cnico o m\u00e1s comercial?<\/p>\n","protected":false},"excerpt":{"rendered":"<p>*VENTA POR CAJA<\/p>\n<p>&nbsp;<\/p>\n<p>&nbsp;<\/p>\n<p>&nbsp;<\/p>\n<p>Unidades\/Caja: 2.000<\/p>\n<p>Palet: 20 cajas \/ 40.000 unidades<\/p>\n","protected":false},"featured_media":27567,"comment_status":"open","ping_status":"closed","template":"","meta":[],"product_brand":[226],"product_cat":[105,51,94],"product_tag":[54],"class_list":{"0":"post-17243","1":"product","2":"type-product","3":"status-publish","4":"has-post-thumbnail","6":"product_brand-profesional","7":"product_cat-vasos-vasos","8":"product_cat-productos","9":"product_cat-vasos","10":"product_tag-profesional","12":"first","13":"instock","14":"taxable","15":"shipping-taxable","16":"purchasable","17":"product-type-simple"},"yoast_head":"<!-- This site is optimized with the Yoast SEO plugin v27.0 - https:\/\/yoast.com\/product\/yoast-seo-wordpress\/ -->\n<title>Vaso de BAMB\u00da 6Oz - Nomesvending<\/title>\n<meta name=\"description\" content=\"Vaso de bamb\u00fa 6Oz de un solo uso sin pl\u00e1stico, ideal para bebidas calientes y fr\u00edas. Sostenible, pr\u00e1ctico y perfecto para vending y hosteler\u00eda.\" \/>\n<meta name=\"robots\" content=\"index, follow, max-snippet:-1, max-image-preview:large, max-video-preview:-1\" \/>\n<link rel=\"canonical\" href=\"https:\/\/nomesvending.com\/web\/tienda\/productos\/vasos\/vasos-vasos\/vaso-de-bambu-6-oz\/\" \/>\n<meta property=\"og:locale\" content=\"es_ES\" \/>\n<meta property=\"og:type\" content=\"article\" \/>\n<meta property=\"og:title\" content=\"Vaso de BAMB\u00da 6Oz - Nomesvending\" \/>\n<meta property=\"og:description\" content=\"Vaso de bamb\u00fa 6Oz de un solo uso sin pl\u00e1stico, ideal para bebidas calientes y fr\u00edas. Sostenible, pr\u00e1ctico y perfecto para vending y hosteler\u00eda.\" \/>\n<meta property=\"og:url\" content=\"https:\/\/nomesvending.com\/web\/tienda\/productos\/vasos\/vasos-vasos\/vaso-de-bambu-6-oz\/\" \/>\n<meta property=\"og:site_name\" content=\"Nomesvending\" \/>\n<meta property=\"article:publisher\" content=\"https:\/\/www.facebook.com\/NomesVending\/\" \/>\n<meta property=\"article:modified_time\" content=\"2026-02-18T19:49:17+00:00\" \/>\n<meta property=\"og:image\" content=\"https:\/\/nomesvending.com\/web\/wp-content\/uploads\/2024\/05\/90117-1.jpg\" \/>\n\t<meta property=\"og:image:width\" content=\"500\" \/>\n\t<meta property=\"og:image:height\" content=\"500\" \/>\n\t<meta property=\"og:image:type\" content=\"image\/jpeg\" \/>\n<meta name=\"twitter:card\" content=\"summary_large_image\" \/>\n<meta name=\"twitter:label1\" content=\"Tiempo de lectura\" \/>\n\t<meta name=\"twitter:data1\" content=\"2 minutos\" \/>\n<script type=\"application\/ld+json\" class=\"yoast-schema-graph\">{\"@context\":\"https:\/\/schema.org\",\"@graph\":[{\"@type\":\"WebPage\",\"@id\":\"https:\/\/nomesvending.com\/web\/tienda\/productos\/vasos\/vasos-vasos\/vaso-de-bambu-6-oz\/\",\"url\":\"https:\/\/nomesvending.com\/web\/tienda\/productos\/vasos\/vasos-vasos\/vaso-de-bambu-6-oz\/\",\"name\":\"Vaso de BAMB\u00da 6Oz - Nomesvending\",\"isPartOf\":{\"@id\":\"https:\/\/nomesvending.com\/web\/#website\"},\"primaryImageOfPage\":{\"@id\":\"https:\/\/nomesvending.com\/web\/tienda\/productos\/vasos\/vasos-vasos\/vaso-de-bambu-6-oz\/#primaryimage\"},\"image\":{\"@id\":\"https:\/\/nomesvending.com\/web\/tienda\/productos\/vasos\/vasos-vasos\/vaso-de-bambu-6-oz\/#primaryimage\"},\"thumbnailUrl\":\"https:\/\/nomesvending.com\/web\/wp-content\/uploads\/2024\/05\/90117-1.jpg\",\"datePublished\":\"2024-05-22T09:15:31+00:00\",\"dateModified\":\"2026-02-18T19:49:17+00:00\",\"description\":\"Vaso de bamb\u00fa 6Oz de un solo uso sin pl\u00e1stico, ideal para bebidas calientes y fr\u00edas. Sostenible, pr\u00e1ctico y perfecto para vending y hosteler\u00eda.\",\"breadcrumb\":{\"@id\":\"https:\/\/nomesvending.com\/web\/tienda\/productos\/vasos\/vasos-vasos\/vaso-de-bambu-6-oz\/#breadcrumb\"},\"inLanguage\":\"es\",\"potentialAction\":[{\"@type\":\"ReadAction\",\"target\":[\"https:\/\/nomesvending.com\/web\/tienda\/productos\/vasos\/vasos-vasos\/vaso-de-bambu-6-oz\/\"]}]},{\"@type\":\"ImageObject\",\"inLanguage\":\"es\",\"@id\":\"https:\/\/nomesvending.com\/web\/tienda\/productos\/vasos\/vasos-vasos\/vaso-de-bambu-6-oz\/#primaryimage\",\"url\":\"https:\/\/nomesvending.com\/web\/wp-content\/uploads\/2024\/05\/90117-1.jpg\",\"contentUrl\":\"https:\/\/nomesvending.com\/web\/wp-content\/uploads\/2024\/05\/90117-1.jpg\",\"width\":500,\"height\":500,\"caption\":\"BAMB\u00da\"},{\"@type\":\"BreadcrumbList\",\"@id\":\"https:\/\/nomesvending.com\/web\/tienda\/productos\/vasos\/vasos-vasos\/vaso-de-bambu-6-oz\/#breadcrumb\",\"itemListElement\":[{\"@type\":\"ListItem\",\"position\":1,\"name\":\"Portada\",\"item\":\"https:\/\/nomesvending.com\/web\/\"},{\"@type\":\"ListItem\",\"position\":2,\"name\":\"Tienda\",\"item\":\"https:\/\/nomesvending.com\/web\/tienda\/\"},{\"@type\":\"ListItem\",\"position\":3,\"name\":\"Vaso de BAMB\u00da 6Oz\"}]},{\"@type\":\"WebSite\",\"@id\":\"https:\/\/nomesvending.com\/web\/#website\",\"url\":\"https:\/\/nomesvending.com\/web\/\",\"name\":\"Nom\u00e9sVending\",\"description\":\"M\u00e1quinas, filtros, recambios, monederos, consumibles y todo lo que necesitas para el mundo del vending. Calidad y tecnolog\u00eda para tu negocio. \u00a1Descubre nuestras soluciones!\",\"publisher\":{\"@id\":\"https:\/\/nomesvending.com\/web\/#organization\"},\"potentialAction\":[{\"@type\":\"SearchAction\",\"target\":{\"@type\":\"EntryPoint\",\"urlTemplate\":\"https:\/\/nomesvending.com\/web\/?s={search_term_string}\"},\"query-input\":{\"@type\":\"PropertyValueSpecification\",\"valueRequired\":true,\"valueName\":\"search_term_string\"}}],\"inLanguage\":\"es\"},{\"@type\":\"Organization\",\"@id\":\"https:\/\/nomesvending.com\/web\/#organization\",\"name\":\"Nom\u00e9sVending\",\"url\":\"https:\/\/nomesvending.com\/web\/\",\"logo\":{\"@type\":\"ImageObject\",\"inLanguage\":\"es\",\"@id\":\"https:\/\/nomesvending.com\/web\/#\/schema\/logo\/image\/\",\"url\":\"https:\/\/nomesvending.com\/web\/wp-content\/uploads\/2026\/03\/Red-and-White-Modern-Vending-Machine-Services-Instagram-Post.png\",\"contentUrl\":\"https:\/\/nomesvending.com\/web\/wp-content\/uploads\/2026\/03\/Red-and-White-Modern-Vending-Machine-Services-Instagram-Post.png\",\"width\":1080,\"height\":1080,\"caption\":\"Nom\u00e9sVending\"},\"image\":{\"@id\":\"https:\/\/nomesvending.com\/web\/#\/schema\/logo\/image\/\"},\"sameAs\":[\"https:\/\/www.facebook.com\/NomesVending\/\",\"https:\/\/www.instagram.com\/nomesvending\/\"]}]}<\/script>\n<!-- \/ Yoast SEO plugin. -->","yoast_head_json":{"title":"Vaso de BAMB\u00da 6Oz - Nomesvending","description":"Vaso de bamb\u00fa 6Oz de un solo uso sin pl\u00e1stico, ideal para bebidas calientes y fr\u00edas. Sostenible, pr\u00e1ctico y perfecto para vending y hosteler\u00eda.","robots":{"index":"index","follow":"follow","max-snippet":"max-snippet:-1","max-image-preview":"max-image-preview:large","max-video-preview":"max-video-preview:-1"},"canonical":"https:\/\/nomesvending.com\/web\/tienda\/productos\/vasos\/vasos-vasos\/vaso-de-bambu-6-oz\/","og_locale":"es_ES","og_type":"article","og_title":"Vaso de BAMB\u00da 6Oz - Nomesvending","og_description":"Vaso de bamb\u00fa 6Oz de un solo uso sin pl\u00e1stico, ideal para bebidas calientes y fr\u00edas. Sostenible, pr\u00e1ctico y perfecto para vending y hosteler\u00eda.","og_url":"https:\/\/nomesvending.com\/web\/tienda\/productos\/vasos\/vasos-vasos\/vaso-de-bambu-6-oz\/","og_site_name":"Nomesvending","article_publisher":"https:\/\/www.facebook.com\/NomesVending\/","article_modified_time":"2026-02-18T19:49:17+00:00","og_image":[{"width":500,"height":500,"url":"https:\/\/nomesvending.com\/web\/wp-content\/uploads\/2024\/05\/90117-1.jpg","type":"image\/jpeg"}],"twitter_card":"summary_large_image","twitter_misc":{"Tiempo de lectura":"2 minutos"},"schema":{"@context":"https:\/\/schema.org","@graph":[{"@type":"WebPage","@id":"https:\/\/nomesvending.com\/web\/tienda\/productos\/vasos\/vasos-vasos\/vaso-de-bambu-6-oz\/","url":"https:\/\/nomesvending.com\/web\/tienda\/productos\/vasos\/vasos-vasos\/vaso-de-bambu-6-oz\/","name":"Vaso de BAMB\u00da 6Oz - Nomesvending","isPartOf":{"@id":"https:\/\/nomesvending.com\/web\/#website"},"primaryImageOfPage":{"@id":"https:\/\/nomesvending.com\/web\/tienda\/productos\/vasos\/vasos-vasos\/vaso-de-bambu-6-oz\/#primaryimage"},"image":{"@id":"https:\/\/nomesvending.com\/web\/tienda\/productos\/vasos\/vasos-vasos\/vaso-de-bambu-6-oz\/#primaryimage"},"thumbnailUrl":"https:\/\/nomesvending.com\/web\/wp-content\/uploads\/2024\/05\/90117-1.jpg","datePublished":"2024-05-22T09:15:31+00:00","dateModified":"2026-02-18T19:49:17+00:00","description":"Vaso de bamb\u00fa 6Oz de un solo uso sin pl\u00e1stico, ideal para bebidas calientes y fr\u00edas. Sostenible, pr\u00e1ctico y perfecto para vending y hosteler\u00eda.","breadcrumb":{"@id":"https:\/\/nomesvending.com\/web\/tienda\/productos\/vasos\/vasos-vasos\/vaso-de-bambu-6-oz\/#breadcrumb"},"inLanguage":"es","potentialAction":[{"@type":"ReadAction","target":["https:\/\/nomesvending.com\/web\/tienda\/productos\/vasos\/vasos-vasos\/vaso-de-bambu-6-oz\/"]}]},{"@type":"ImageObject","inLanguage":"es","@id":"https:\/\/nomesvending.com\/web\/tienda\/productos\/vasos\/vasos-vasos\/vaso-de-bambu-6-oz\/#primaryimage","url":"https:\/\/nomesvending.com\/web\/wp-content\/uploads\/2024\/05\/90117-1.jpg","contentUrl":"https:\/\/nomesvending.com\/web\/wp-content\/uploads\/2024\/05\/90117-1.jpg","width":500,"height":500,"caption":"BAMB\u00da"},{"@type":"BreadcrumbList","@id":"https:\/\/nomesvending.com\/web\/tienda\/productos\/vasos\/vasos-vasos\/vaso-de-bambu-6-oz\/#breadcrumb","itemListElement":[{"@type":"ListItem","position":1,"name":"Portada","item":"https:\/\/nomesvending.com\/web\/"},{"@type":"ListItem","position":2,"name":"Tienda","item":"https:\/\/nomesvending.com\/web\/tienda\/"},{"@type":"ListItem","position":3,"name":"Vaso de BAMB\u00da 6Oz"}]},{"@type":"WebSite","@id":"https:\/\/nomesvending.com\/web\/#website","url":"https:\/\/nomesvending.com\/web\/","name":"Nom\u00e9sVending","description":"M\u00e1quinas, filtros, recambios, monederos, consumibles y todo lo que necesitas para el mundo del vending. Calidad y tecnolog\u00eda para tu negocio. \u00a1Descubre nuestras soluciones!","publisher":{"@id":"https:\/\/nomesvending.com\/web\/#organization"},"potentialAction":[{"@type":"SearchAction","target":{"@type":"EntryPoint","urlTemplate":"https:\/\/nomesvending.com\/web\/?s={search_term_string}"},"query-input":{"@type":"PropertyValueSpecification","valueRequired":true,"valueName":"search_term_string"}}],"inLanguage":"es"},{"@type":"Organization","@id":"https:\/\/nomesvending.com\/web\/#organization","name":"Nom\u00e9sVending","url":"https:\/\/nomesvending.com\/web\/","logo":{"@type":"ImageObject","inLanguage":"es","@id":"https:\/\/nomesvending.com\/web\/#\/schema\/logo\/image\/","url":"https:\/\/nomesvending.com\/web\/wp-content\/uploads\/2026\/03\/Red-and-White-Modern-Vending-Machine-Services-Instagram-Post.png","contentUrl":"https:\/\/nomesvending.com\/web\/wp-content\/uploads\/2026\/03\/Red-and-White-Modern-Vending-Machine-Services-Instagram-Post.png","width":1080,"height":1080,"caption":"Nom\u00e9sVending"},"image":{"@id":"https:\/\/nomesvending.com\/web\/#\/schema\/logo\/image\/"},"sameAs":["https:\/\/www.facebook.com\/NomesVending\/","https:\/\/www.instagram.com\/nomesvending\/"]}]}},"_links":{"self":[{"href":"https:\/\/nomesvending.com\/web\/wp-json\/wp\/v2\/product\/17243","targetHints":{"allow":["GET"]}}],"collection":[{"href":"https:\/\/nomesvending.com\/web\/wp-json\/wp\/v2\/product"}],"about":[{"href":"https:\/\/nomesvending.com\/web\/wp-json\/wp\/v2\/types\/product"}],"replies":[{"embeddable":true,"href":"https:\/\/nomesvending.com\/web\/wp-json\/wp\/v2\/comments?post=17243"}],"wp:featuredmedia":[{"embeddable":true,"href":"https:\/\/nomesvending.com\/web\/wp-json\/wp\/v2\/media\/27567"}],"wp:attachment":[{"href":"https:\/\/nomesvending.com\/web\/wp-json\/wp\/v2\/media?parent=17243"}],"wp:term":[{"taxonomy":"product_brand","embeddable":true,"href":"https:\/\/nomesvending.com\/web\/wp-json\/wp\/v2\/product_brand?post=17243"},{"taxonomy":"product_cat","embeddable":true,"href":"https:\/\/nomesvending.com\/web\/wp-json\/wp\/v2\/product_cat?post=17243"},{"taxonomy":"product_tag","embeddable":true,"href":"https:\/\/nomesvending.com\/web\/wp-json\/wp\/v2\/product_tag?post=17243"}],"curies":[{"name":"wp","href":"https:\/\/api.w.org\/{rel}","templated":true}]}}