{"id":17246,"date":"2024-05-22T09:15:32","date_gmt":"2024-05-22T09:15:32","guid":{"rendered":"https:\/\/nomesvending.com\/web\/?product=vaso-compostable-8-oz-material-pla-vending"},"modified":"2026-02-03T10:28:13","modified_gmt":"2026-02-03T10:28:13","slug":"vaso-compostable-8-oz-material-pla-vending","status":"publish","type":"product","link":"https:\/\/nomesvending.com\/web\/tienda\/productos\/vasos\/vasos-vasos\/vaso-compostable-8-oz-material-pla-vending\/","title":{"rendered":"Vaso compostable 8 Oz Material PLA (1000 Unidades)"},"content":{"rendered":"<p data-start=\"141\" data-end=\"205\"><strong data-start=\"141\" data-end=\"203\">Vaso Compostable 8oz \u2013 Ecol\u00f3gico, Seguro y de Alta Calidad<\/strong><\/p>\n<p data-start=\"207\" data-end=\"459\">Descubre nuestro vaso compostable de 8oz, la opci\u00f3n perfecta para negocios que buscan cuidar el medio ambiente sin renunciar a la funcionalidad. Dise\u00f1ado para bebidas calientes y fr\u00edas, este vaso combina sostenibilidad, resistencia y dise\u00f1o pr\u00e1ctico.<\/p>\n<p data-start=\"461\" data-end=\"495\"><strong data-start=\"461\" data-end=\"493\">Caracter\u00edsticas Principales:<\/strong><\/p>\n<ul data-start=\"496\" data-end=\"909\">\n<li data-start=\"496\" data-end=\"597\">\n<p data-start=\"498\" data-end=\"597\"><strong data-start=\"498\" data-end=\"511\">Material:<\/strong> Fabricado con material compostable certificado, seguro para contacto con alimentos.<\/p>\n<\/li>\n<li data-start=\"598\" data-end=\"669\">\n<p data-start=\"600\" data-end=\"669\"><strong data-start=\"600\" data-end=\"611\">Tama\u00f1o:<\/strong> Base superior 80 mm, base inferior 57 mm, altura 88 mm.<\/p>\n<\/li>\n<li data-start=\"670\" data-end=\"789\">\n<p data-start=\"672\" data-end=\"789\"><strong data-start=\"672\" data-end=\"681\">Peso:<\/strong> Cada vaso pesa 7,1 g (+\/- 0,1 g). Caja de 1.000 unidades con peso neto de 7,1 kg y peso bruto de 7,78 kg.<\/p>\n<\/li>\n<li data-start=\"790\" data-end=\"909\">\n<p data-start=\"792\" data-end=\"909\"><strong data-start=\"792\" data-end=\"805\">Embalaje:<\/strong> Cada palet contiene 32 cajas, equivalentes a 32.000 vasos, facilitando la log\u00edstica y almacenamiento.<\/p>\n<\/li>\n<\/ul>\n<p data-start=\"911\" data-end=\"1164\"><strong data-start=\"911\" data-end=\"934\">Control de Calidad:<\/strong><br data-start=\"934\" data-end=\"937\" \/>Cada caja incluye n\u00famero de lote y c\u00f3digo QR, lo que permite un seguimiento completo de la fabricaci\u00f3n: fecha, m\u00e1quina utilizada, operario, materia prima y tintas. Esto garantiza la m\u00e1xima calidad y trazabilidad en cada lote.<\/p>\n<p data-start=\"1166\" data-end=\"1188\"><strong data-start=\"1166\" data-end=\"1186\">Certificaciones:<\/strong><\/p>\n<ul data-start=\"1189\" data-end=\"1436\">\n<li data-start=\"1189\" data-end=\"1242\">\n<p data-start=\"1191\" data-end=\"1242\"><strong data-start=\"1191\" data-end=\"1206\">OK Compost:<\/strong> Certificaci\u00f3n de compostabilidad.<\/p>\n<\/li>\n<li data-start=\"1243\" data-end=\"1296\">\n<p data-start=\"1245\" data-end=\"1296\"><strong data-start=\"1245\" data-end=\"1258\">Vin\u00e7otte:<\/strong> Certificaci\u00f3n de biodegradabilidad.<\/p>\n<\/li>\n<li data-start=\"1297\" data-end=\"1355\">\n<p data-start=\"1299\" data-end=\"1355\"><strong data-start=\"1299\" data-end=\"1307\">FSC:<\/strong> Certificaci\u00f3n de manejo forestal responsable.<\/p>\n<\/li>\n<li data-start=\"1356\" data-end=\"1436\">\n<p data-start=\"1358\" data-end=\"1436\"><strong data-start=\"1358\" data-end=\"1381\">Compostable 7P2014:<\/strong> Garant\u00eda de sostenibilidad y cumplimiento ambiental.<\/p>\n<\/li>\n<\/ul>\n<p data-start=\"1438\" data-end=\"1646\"><strong data-start=\"1438\" data-end=\"1464\">Ideal para tu negocio:<\/strong><br data-start=\"1464\" data-end=\"1467\" \/>Perfecto para hosteler\u00eda, vending, cafeter\u00edas y cualquier empresa comprometida con el medio ambiente. Ofrece a tus clientes una experiencia ecol\u00f3gica sin comprometer la calidad.<\/p>\n<p data-start=\"1648\" data-end=\"1784\">\u00danete al movimiento sostenible con nuestros vasos compostables de 8oz y demuestra el compromiso de tu negocio con un futuro m\u00e1s verde.<\/p>\n","protected":false},"excerpt":{"rendered":"<p>*VENTA POR CAJA<\/p>\n","protected":false},"featured_media":21518,"comment_status":"open","ping_status":"closed","template":"","meta":[],"product_brand":[226],"product_cat":[51,105,94],"product_tag":[56],"class_list":{"0":"post-17246","1":"product","2":"type-product","3":"status-publish","4":"has-post-thumbnail","6":"product_brand-profesional","7":"product_cat-productos","8":"product_cat-vasos-vasos","9":"product_cat-vasos","10":"product_tag-donosac","12":"first","13":"instock","14":"taxable","15":"shipping-taxable","16":"purchasable","17":"product-type-simple"},"yoast_head":"<!-- This site is optimized with the Yoast SEO plugin v27.5 - https:\/\/yoast.com\/product\/yoast-seo-wordpress\/ -->\n<title>Vaso compostable 8 Oz Material PLA (1000 Unidades) - Nomesvending<\/title>\n<meta name=\"description\" content=\"Vaso compostable 8oz, ecol\u00f3gico y certificado. Perfecto para hosteler\u00eda y vending. Compra cajas de 1.000 unidades.\" \/>\n<meta name=\"robots\" content=\"index, follow, max-snippet:-1, max-image-preview:large, max-video-preview:-1\" \/>\n<link rel=\"canonical\" href=\"https:\/\/nomesvending.com\/web\/tienda\/productos\/vasos\/vasos-vasos\/vaso-compostable-8-oz-material-pla-vending\/\" \/>\n<meta property=\"og:locale\" content=\"es_ES\" \/>\n<meta property=\"og:type\" content=\"article\" \/>\n<meta property=\"og:title\" content=\"Vaso compostable 8 Oz Material PLA (1000 Unidades) - Nomesvending\" \/>\n<meta property=\"og:description\" content=\"Vaso compostable 8oz, ecol\u00f3gico y certificado. Perfecto para hosteler\u00eda y vending. Compra cajas de 1.000 unidades.\" \/>\n<meta property=\"og:url\" content=\"https:\/\/nomesvending.com\/web\/tienda\/productos\/vasos\/vasos-vasos\/vaso-compostable-8-oz-material-pla-vending\/\" \/>\n<meta property=\"og:site_name\" content=\"Nomesvending\" \/>\n<meta property=\"article:publisher\" content=\"https:\/\/www.facebook.com\/NomesVending\/\" \/>\n<meta property=\"article:modified_time\" content=\"2026-02-03T10:28:13+00:00\" \/>\n<meta property=\"og:image\" content=\"https:\/\/nomesvending.com\/web\/wp-content\/uploads\/2024\/05\/VASOCC8ESD.png\" \/>\n\t<meta property=\"og:image:width\" content=\"500\" \/>\n\t<meta property=\"og:image:height\" content=\"500\" \/>\n\t<meta property=\"og:image:type\" content=\"image\/png\" \/>\n<meta name=\"twitter:card\" content=\"summary_large_image\" \/>\n<meta name=\"twitter:label1\" content=\"Tiempo de lectura\" \/>\n\t<meta name=\"twitter:data1\" content=\"2 minutos\" \/>\n<script type=\"application\/ld+json\" class=\"yoast-schema-graph\">{\"@context\":\"https:\\\/\\\/schema.org\",\"@graph\":[{\"@type\":\"WebPage\",\"@id\":\"https:\\\/\\\/nomesvending.com\\\/web\\\/tienda\\\/productos\\\/vasos\\\/vasos-vasos\\\/vaso-compostable-8-oz-material-pla-vending\\\/\",\"url\":\"https:\\\/\\\/nomesvending.com\\\/web\\\/tienda\\\/productos\\\/vasos\\\/vasos-vasos\\\/vaso-compostable-8-oz-material-pla-vending\\\/\",\"name\":\"Vaso compostable 8 Oz Material PLA (1000 Unidades) - Nomesvending\",\"isPartOf\":{\"@id\":\"https:\\\/\\\/nomesvending.com\\\/web\\\/#website\"},\"primaryImageOfPage\":{\"@id\":\"https:\\\/\\\/nomesvending.com\\\/web\\\/tienda\\\/productos\\\/vasos\\\/vasos-vasos\\\/vaso-compostable-8-oz-material-pla-vending\\\/#primaryimage\"},\"image\":{\"@id\":\"https:\\\/\\\/nomesvending.com\\\/web\\\/tienda\\\/productos\\\/vasos\\\/vasos-vasos\\\/vaso-compostable-8-oz-material-pla-vending\\\/#primaryimage\"},\"thumbnailUrl\":\"https:\\\/\\\/nomesvending.com\\\/web\\\/wp-content\\\/uploads\\\/2024\\\/05\\\/VASOCC8ESD.png\",\"datePublished\":\"2024-05-22T09:15:32+00:00\",\"dateModified\":\"2026-02-03T10:28:13+00:00\",\"description\":\"Vaso compostable 8oz, ecol\u00f3gico y certificado. Perfecto para hosteler\u00eda y vending. Compra cajas de 1.000 unidades.\",\"breadcrumb\":{\"@id\":\"https:\\\/\\\/nomesvending.com\\\/web\\\/tienda\\\/productos\\\/vasos\\\/vasos-vasos\\\/vaso-compostable-8-oz-material-pla-vending\\\/#breadcrumb\"},\"inLanguage\":\"es\",\"potentialAction\":[{\"@type\":\"ReadAction\",\"target\":[\"https:\\\/\\\/nomesvending.com\\\/web\\\/tienda\\\/productos\\\/vasos\\\/vasos-vasos\\\/vaso-compostable-8-oz-material-pla-vending\\\/\"]}]},{\"@type\":\"ImageObject\",\"inLanguage\":\"es\",\"@id\":\"https:\\\/\\\/nomesvending.com\\\/web\\\/tienda\\\/productos\\\/vasos\\\/vasos-vasos\\\/vaso-compostable-8-oz-material-pla-vending\\\/#primaryimage\",\"url\":\"https:\\\/\\\/nomesvending.com\\\/web\\\/wp-content\\\/uploads\\\/2024\\\/05\\\/VASOCC8ESD.png\",\"contentUrl\":\"https:\\\/\\\/nomesvending.com\\\/web\\\/wp-content\\\/uploads\\\/2024\\\/05\\\/VASOCC8ESD.png\",\"width\":500,\"height\":500},{\"@type\":\"BreadcrumbList\",\"@id\":\"https:\\\/\\\/nomesvending.com\\\/web\\\/tienda\\\/productos\\\/vasos\\\/vasos-vasos\\\/vaso-compostable-8-oz-material-pla-vending\\\/#breadcrumb\",\"itemListElement\":[{\"@type\":\"ListItem\",\"position\":1,\"name\":\"Portada\",\"item\":\"https:\\\/\\\/nomesvending.com\\\/web\\\/\"},{\"@type\":\"ListItem\",\"position\":2,\"name\":\"Tienda\",\"item\":\"https:\\\/\\\/nomesvending.com\\\/web\\\/tienda\\\/\"},{\"@type\":\"ListItem\",\"position\":3,\"name\":\"Vaso compostable 8 Oz Material PLA (1000 Unidades)\"}]},{\"@type\":\"WebSite\",\"@id\":\"https:\\\/\\\/nomesvending.com\\\/web\\\/#website\",\"url\":\"https:\\\/\\\/nomesvending.com\\\/web\\\/\",\"name\":\"Nom\u00e9sVending\",\"description\":\"M\u00e1quinas, filtros, recambios, monederos, consumibles y todo lo que necesitas para el mundo del vending. Calidad y tecnolog\u00eda para tu negocio. \u00a1Descubre nuestras soluciones!\",\"publisher\":{\"@id\":\"https:\\\/\\\/nomesvending.com\\\/web\\\/#organization\"},\"potentialAction\":[{\"@type\":\"SearchAction\",\"target\":{\"@type\":\"EntryPoint\",\"urlTemplate\":\"https:\\\/\\\/nomesvending.com\\\/web\\\/?s={search_term_string}\"},\"query-input\":{\"@type\":\"PropertyValueSpecification\",\"valueRequired\":true,\"valueName\":\"search_term_string\"}}],\"inLanguage\":\"es\"},{\"@type\":\"Organization\",\"@id\":\"https:\\\/\\\/nomesvending.com\\\/web\\\/#organization\",\"name\":\"Nom\u00e9sVending\",\"url\":\"https:\\\/\\\/nomesvending.com\\\/web\\\/\",\"logo\":{\"@type\":\"ImageObject\",\"inLanguage\":\"es\",\"@id\":\"https:\\\/\\\/nomesvending.com\\\/web\\\/#\\\/schema\\\/logo\\\/image\\\/\",\"url\":\"https:\\\/\\\/nomesvending.com\\\/web\\\/wp-content\\\/uploads\\\/2026\\\/03\\\/Red-and-White-Modern-Vending-Machine-Services-Instagram-Post.png\",\"contentUrl\":\"https:\\\/\\\/nomesvending.com\\\/web\\\/wp-content\\\/uploads\\\/2026\\\/03\\\/Red-and-White-Modern-Vending-Machine-Services-Instagram-Post.png\",\"width\":1080,\"height\":1080,\"caption\":\"Nom\u00e9sVending\"},\"image\":{\"@id\":\"https:\\\/\\\/nomesvending.com\\\/web\\\/#\\\/schema\\\/logo\\\/image\\\/\"},\"sameAs\":[\"https:\\\/\\\/www.facebook.com\\\/NomesVending\\\/\",\"https:\\\/\\\/www.instagram.com\\\/nomesvending\\\/\"]}]}<\/script>\n<!-- \/ Yoast SEO plugin. -->","yoast_head_json":{"title":"Vaso compostable 8 Oz Material PLA (1000 Unidades) - Nomesvending","description":"Vaso compostable 8oz, ecol\u00f3gico y certificado. Perfecto para hosteler\u00eda y vending. Compra cajas de 1.000 unidades.","robots":{"index":"index","follow":"follow","max-snippet":"max-snippet:-1","max-image-preview":"max-image-preview:large","max-video-preview":"max-video-preview:-1"},"canonical":"https:\/\/nomesvending.com\/web\/tienda\/productos\/vasos\/vasos-vasos\/vaso-compostable-8-oz-material-pla-vending\/","og_locale":"es_ES","og_type":"article","og_title":"Vaso compostable 8 Oz Material PLA (1000 Unidades) - Nomesvending","og_description":"Vaso compostable 8oz, ecol\u00f3gico y certificado. Perfecto para hosteler\u00eda y vending. Compra cajas de 1.000 unidades.","og_url":"https:\/\/nomesvending.com\/web\/tienda\/productos\/vasos\/vasos-vasos\/vaso-compostable-8-oz-material-pla-vending\/","og_site_name":"Nomesvending","article_publisher":"https:\/\/www.facebook.com\/NomesVending\/","article_modified_time":"2026-02-03T10:28:13+00:00","og_image":[{"width":500,"height":500,"url":"https:\/\/nomesvending.com\/web\/wp-content\/uploads\/2024\/05\/VASOCC8ESD.png","type":"image\/png"}],"twitter_card":"summary_large_image","twitter_misc":{"Tiempo de lectura":"2 minutos"},"schema":{"@context":"https:\/\/schema.org","@graph":[{"@type":"WebPage","@id":"https:\/\/nomesvending.com\/web\/tienda\/productos\/vasos\/vasos-vasos\/vaso-compostable-8-oz-material-pla-vending\/","url":"https:\/\/nomesvending.com\/web\/tienda\/productos\/vasos\/vasos-vasos\/vaso-compostable-8-oz-material-pla-vending\/","name":"Vaso compostable 8 Oz Material PLA (1000 Unidades) - Nomesvending","isPartOf":{"@id":"https:\/\/nomesvending.com\/web\/#website"},"primaryImageOfPage":{"@id":"https:\/\/nomesvending.com\/web\/tienda\/productos\/vasos\/vasos-vasos\/vaso-compostable-8-oz-material-pla-vending\/#primaryimage"},"image":{"@id":"https:\/\/nomesvending.com\/web\/tienda\/productos\/vasos\/vasos-vasos\/vaso-compostable-8-oz-material-pla-vending\/#primaryimage"},"thumbnailUrl":"https:\/\/nomesvending.com\/web\/wp-content\/uploads\/2024\/05\/VASOCC8ESD.png","datePublished":"2024-05-22T09:15:32+00:00","dateModified":"2026-02-03T10:28:13+00:00","description":"Vaso compostable 8oz, ecol\u00f3gico y certificado. Perfecto para hosteler\u00eda y vending. Compra cajas de 1.000 unidades.","breadcrumb":{"@id":"https:\/\/nomesvending.com\/web\/tienda\/productos\/vasos\/vasos-vasos\/vaso-compostable-8-oz-material-pla-vending\/#breadcrumb"},"inLanguage":"es","potentialAction":[{"@type":"ReadAction","target":["https:\/\/nomesvending.com\/web\/tienda\/productos\/vasos\/vasos-vasos\/vaso-compostable-8-oz-material-pla-vending\/"]}]},{"@type":"ImageObject","inLanguage":"es","@id":"https:\/\/nomesvending.com\/web\/tienda\/productos\/vasos\/vasos-vasos\/vaso-compostable-8-oz-material-pla-vending\/#primaryimage","url":"https:\/\/nomesvending.com\/web\/wp-content\/uploads\/2024\/05\/VASOCC8ESD.png","contentUrl":"https:\/\/nomesvending.com\/web\/wp-content\/uploads\/2024\/05\/VASOCC8ESD.png","width":500,"height":500},{"@type":"BreadcrumbList","@id":"https:\/\/nomesvending.com\/web\/tienda\/productos\/vasos\/vasos-vasos\/vaso-compostable-8-oz-material-pla-vending\/#breadcrumb","itemListElement":[{"@type":"ListItem","position":1,"name":"Portada","item":"https:\/\/nomesvending.com\/web\/"},{"@type":"ListItem","position":2,"name":"Tienda","item":"https:\/\/nomesvending.com\/web\/tienda\/"},{"@type":"ListItem","position":3,"name":"Vaso compostable 8 Oz Material PLA (1000 Unidades)"}]},{"@type":"WebSite","@id":"https:\/\/nomesvending.com\/web\/#website","url":"https:\/\/nomesvending.com\/web\/","name":"Nom\u00e9sVending","description":"M\u00e1quinas, filtros, recambios, monederos, consumibles y todo lo que necesitas para el mundo del vending. Calidad y tecnolog\u00eda para tu negocio. \u00a1Descubre nuestras soluciones!","publisher":{"@id":"https:\/\/nomesvending.com\/web\/#organization"},"potentialAction":[{"@type":"SearchAction","target":{"@type":"EntryPoint","urlTemplate":"https:\/\/nomesvending.com\/web\/?s={search_term_string}"},"query-input":{"@type":"PropertyValueSpecification","valueRequired":true,"valueName":"search_term_string"}}],"inLanguage":"es"},{"@type":"Organization","@id":"https:\/\/nomesvending.com\/web\/#organization","name":"Nom\u00e9sVending","url":"https:\/\/nomesvending.com\/web\/","logo":{"@type":"ImageObject","inLanguage":"es","@id":"https:\/\/nomesvending.com\/web\/#\/schema\/logo\/image\/","url":"https:\/\/nomesvending.com\/web\/wp-content\/uploads\/2026\/03\/Red-and-White-Modern-Vending-Machine-Services-Instagram-Post.png","contentUrl":"https:\/\/nomesvending.com\/web\/wp-content\/uploads\/2026\/03\/Red-and-White-Modern-Vending-Machine-Services-Instagram-Post.png","width":1080,"height":1080,"caption":"Nom\u00e9sVending"},"image":{"@id":"https:\/\/nomesvending.com\/web\/#\/schema\/logo\/image\/"},"sameAs":["https:\/\/www.facebook.com\/NomesVending\/","https:\/\/www.instagram.com\/nomesvending\/"]}]}},"_links":{"self":[{"href":"https:\/\/nomesvending.com\/web\/wp-json\/wp\/v2\/product\/17246","targetHints":{"allow":["GET"]}}],"collection":[{"href":"https:\/\/nomesvending.com\/web\/wp-json\/wp\/v2\/product"}],"about":[{"href":"https:\/\/nomesvending.com\/web\/wp-json\/wp\/v2\/types\/product"}],"replies":[{"embeddable":true,"href":"https:\/\/nomesvending.com\/web\/wp-json\/wp\/v2\/comments?post=17246"}],"wp:featuredmedia":[{"embeddable":true,"href":"https:\/\/nomesvending.com\/web\/wp-json\/wp\/v2\/media\/21518"}],"wp:attachment":[{"href":"https:\/\/nomesvending.com\/web\/wp-json\/wp\/v2\/media?parent=17246"}],"wp:term":[{"taxonomy":"product_brand","embeddable":true,"href":"https:\/\/nomesvending.com\/web\/wp-json\/wp\/v2\/product_brand?post=17246"},{"taxonomy":"product_cat","embeddable":true,"href":"https:\/\/nomesvending.com\/web\/wp-json\/wp\/v2\/product_cat?post=17246"},{"taxonomy":"product_tag","embeddable":true,"href":"https:\/\/nomesvending.com\/web\/wp-json\/wp\/v2\/product_tag?post=17246"}],"curies":[{"name":"wp","href":"https:\/\/api.w.org\/{rel}","templated":true}]}}