{"id":17279,"date":"2024-05-22T09:15:47","date_gmt":"2024-05-22T09:15:47","guid":{"rendered":"https:\/\/nomesvending.com\/web\/?product=leche-en-polvo-semidesnatada-500g"},"modified":"2026-03-12T14:34:51","modified_gmt":"2026-03-12T14:34:51","slug":"leche-en-polvo-desnatada-500g","status":"publish","type":"product","link":"https:\/\/nomesvending.com\/web\/tienda\/productos\/consumibles\/leche-toppings\/leche-en-polvo-desnatada-500g\/","title":{"rendered":"Leche en polvo desnatada 500g (REGALAIT)"},"content":{"rendered":"<p><strong>Caja: 10 unidades<\/strong><\/p>\n<p><strong>Palet: 40 cajas \/400 unidades<\/strong><\/p>\n<p class=\"\" data-start=\"44\" data-end=\"94\"><strong data-start=\"44\" data-end=\"94\">Regilait Leche en Polvo Desnatada 100% \u2013 500 g<\/strong><\/p>\n<p class=\"\" data-start=\"96\" data-end=\"530\"><strong data-start=\"96\" data-end=\"138\">Regilait Leche en Polvo Desnatada 100%<\/strong> es la soluci\u00f3n perfecta para ofrecer una alternativa l\u00e1ctea ligera y nutritiva en m\u00e1quinas expendedoras, sistemas de caf\u00e9 para oficinas (OCS) y entornos horeca. Este producto de alta calidad presenta un formato de polvo de f\u00e1cil disoluci\u00f3n que permite reconstituir leche sin grasa de manera r\u00e1pida, conservando todas las prote\u00ednas, el calcio y dem\u00e1s nutrientes esenciales de la leche fresca.<\/p>\n<p class=\"\" data-start=\"532\" data-end=\"872\">Dise\u00f1ada para profesionales, su formulaci\u00f3n 100 % desnatada aporta un perfil cal\u00f3rico reducido y facilita el almacenamiento y manejo. Ideal como complemento en m\u00e1quinas de caf\u00e9 o expendedoras, tambi\u00e9n funciona como ingrediente vers\u00e1til en recetas de cocina y reposter\u00eda, aportando ligereza sin renunciar al sabor caracter\u00edstico de la leche.<\/p>\n<p class=\"\" data-start=\"874\" data-end=\"906\"><strong data-start=\"874\" data-end=\"906\">Caracter\u00edsticas principales:<\/strong><\/p>\n<ul data-start=\"907\" data-end=\"1368\">\n<li class=\"\" data-start=\"907\" data-end=\"931\">\n<p class=\"\" data-start=\"909\" data-end=\"931\"><strong data-start=\"909\" data-end=\"923\">Peso neto:<\/strong> 500 g<\/p>\n<\/li>\n<li class=\"\" data-start=\"932\" data-end=\"983\">\n<p class=\"\" data-start=\"934\" data-end=\"983\"><strong data-start=\"934\" data-end=\"952\">Tipo de leche:<\/strong> 100 % desnatada (cero grasa)<\/p>\n<\/li>\n<li class=\"\" data-start=\"984\" data-end=\"1039\">\n<p class=\"\" data-start=\"986\" data-end=\"1039\"><strong data-start=\"986\" data-end=\"998\">Formato:<\/strong> polvo de r\u00e1pida disoluci\u00f3n, sin grumos<\/p>\n<\/li>\n<li class=\"\" data-start=\"1040\" data-end=\"1173\">\n<p class=\"\" data-start=\"1042\" data-end=\"1173\"><strong data-start=\"1042\" data-end=\"1059\">Aplicaciones:<\/strong> reconstituir leche para bebidas fr\u00edas o calientes; ingrediente en salsas, postres, batidos y recetas culinarias<\/p>\n<\/li>\n<li class=\"\" data-start=\"1174\" data-end=\"1264\">\n<p class=\"\" data-start=\"1176\" data-end=\"1264\"><strong data-start=\"1176\" data-end=\"1198\">Valor nutricional:<\/strong> aporta prote\u00ednas y calcio, sin aportar grasa ni calor\u00edas extras<\/p>\n<\/li>\n<li class=\"\" data-start=\"1265\" data-end=\"1368\">\n<p class=\"\" data-start=\"1267\" data-end=\"1368\"><strong data-start=\"1267\" data-end=\"1283\">Preparaci\u00f3n:<\/strong> mezclar una cucharada sopera (aprox. 10 g) por cada 200 ml de agua fr\u00eda o caliente<\/p>\n<\/li>\n<\/ul>\n<p class=\"\" data-start=\"1370\" data-end=\"1402\"><strong data-start=\"1370\" data-end=\"1402\">Ventajas para vending y OCS:<\/strong><\/p>\n<ul data-start=\"1403\" data-end=\"1729\">\n<li class=\"\" data-start=\"1403\" data-end=\"1463\">\n<p class=\"\" data-start=\"1405\" data-end=\"1463\"><strong data-start=\"1405\" data-end=\"1430\">Eficiencia operativa:<\/strong> recarga y almacenaje sencillos<\/p>\n<\/li>\n<li class=\"\" data-start=\"1464\" data-end=\"1550\">\n<p class=\"\" data-start=\"1466\" data-end=\"1550\"><strong data-start=\"1466\" data-end=\"1485\">Compatibilidad:<\/strong> apta para m\u00e1quinas de caf\u00e9, vending y sistemas de autoservicio<\/p>\n<\/li>\n<li class=\"\" data-start=\"1551\" data-end=\"1647\">\n<p class=\"\" data-start=\"1553\" data-end=\"1647\"><strong data-start=\"1553\" data-end=\"1591\">Respuesta a tendencias saludables:<\/strong> opci\u00f3n baja en calor\u00edas para consumidores conscientes<\/p>\n<\/li>\n<li class=\"\" data-start=\"1648\" data-end=\"1729\">\n<p class=\"\" data-start=\"1650\" data-end=\"1729\"><strong data-start=\"1650\" data-end=\"1672\">Calidad constante:<\/strong> disoluci\u00f3n homog\u00e9nea y sabor uniforme en cada servicio<\/p>\n<\/li>\n<\/ul>\n<p class=\"\" data-start=\"1731\" data-end=\"1873\">Incorpora <strong data-start=\"1741\" data-end=\"1783\">Regilait Leche en Polvo Desnatada 100%<\/strong> en tu oferta para brindar a tus usuarios una opci\u00f3n sana, pr\u00e1ctica y de alto rendimiento.<\/p>\n","protected":false},"excerpt":{"rendered":"<p>*VENTA POR UNIDAD<\/p>\n","protected":false},"featured_media":21513,"comment_status":"open","ping_status":"closed","template":"","meta":[],"product_brand":[225],"product_cat":[99,112,51],"product_tag":[77,194],"class_list":{"0":"post-17279","1":"product","2":"type-product","3":"status-publish","4":"has-post-thumbnail","6":"product_brand-regilait","7":"product_cat-consumibles","8":"product_cat-leche-toppings","9":"product_cat-productos","10":"product_tag-regilait","11":"product_tag-venta-por-unidad","13":"first","14":"instock","15":"taxable","16":"shipping-taxable","17":"purchasable","18":"product-type-simple"},"yoast_head":"<!-- This site is optimized with the Yoast SEO plugin v27.0 - https:\/\/yoast.com\/product\/yoast-seo-wordpress\/ -->\n<title>Leche en polvo desnatada 500g (REGALAIT) - Nomesvending<\/title>\n<meta name=\"description\" content=\"Regilait Leche en Polvo Desnatada 100% 500 g: polvo instant\u00e1neo sin grasa, rico en prote\u00ednas y calcio. Ideal para vending, OCS y reposter\u00eda.\" \/>\n<meta name=\"robots\" content=\"index, follow, max-snippet:-1, max-image-preview:large, max-video-preview:-1\" \/>\n<link rel=\"canonical\" href=\"https:\/\/nomesvending.com\/web\/tienda\/productos\/consumibles\/leche-toppings\/leche-en-polvo-desnatada-500g\/\" \/>\n<meta property=\"og:locale\" content=\"es_ES\" \/>\n<meta property=\"og:type\" content=\"article\" \/>\n<meta property=\"og:title\" content=\"Leche en polvo desnatada 500g (REGALAIT) - Nomesvending\" \/>\n<meta property=\"og:description\" content=\"Regilait Leche en Polvo Desnatada 100% 500 g: polvo instant\u00e1neo sin grasa, rico en prote\u00ednas y calcio. Ideal para vending, OCS y reposter\u00eda.\" \/>\n<meta property=\"og:url\" content=\"https:\/\/nomesvending.com\/web\/tienda\/productos\/consumibles\/leche-toppings\/leche-en-polvo-desnatada-500g\/\" \/>\n<meta property=\"og:site_name\" content=\"Nomesvending\" \/>\n<meta property=\"article:publisher\" content=\"https:\/\/www.facebook.com\/NomesVending\/\" \/>\n<meta property=\"article:modified_time\" content=\"2026-03-12T14:34:51+00:00\" \/>\n<meta property=\"og:image\" content=\"https:\/\/nomesvending.com\/web\/wp-content\/uploads\/2024\/05\/10101300.png\" \/>\n\t<meta property=\"og:image:width\" content=\"500\" \/>\n\t<meta property=\"og:image:height\" content=\"500\" \/>\n\t<meta property=\"og:image:type\" content=\"image\/png\" \/>\n<meta name=\"twitter:card\" content=\"summary_large_image\" \/>\n<meta name=\"twitter:label1\" content=\"Tiempo de lectura\" \/>\n\t<meta name=\"twitter:data1\" content=\"2 minutos\" \/>\n<script type=\"application\/ld+json\" class=\"yoast-schema-graph\">{\"@context\":\"https:\/\/schema.org\",\"@graph\":[{\"@type\":\"WebPage\",\"@id\":\"https:\/\/nomesvending.com\/web\/tienda\/productos\/consumibles\/leche-toppings\/leche-en-polvo-desnatada-500g\/\",\"url\":\"https:\/\/nomesvending.com\/web\/tienda\/productos\/consumibles\/leche-toppings\/leche-en-polvo-desnatada-500g\/\",\"name\":\"Leche en polvo desnatada 500g (REGALAIT) - Nomesvending\",\"isPartOf\":{\"@id\":\"https:\/\/nomesvending.com\/web\/#website\"},\"primaryImageOfPage\":{\"@id\":\"https:\/\/nomesvending.com\/web\/tienda\/productos\/consumibles\/leche-toppings\/leche-en-polvo-desnatada-500g\/#primaryimage\"},\"image\":{\"@id\":\"https:\/\/nomesvending.com\/web\/tienda\/productos\/consumibles\/leche-toppings\/leche-en-polvo-desnatada-500g\/#primaryimage\"},\"thumbnailUrl\":\"https:\/\/nomesvending.com\/web\/wp-content\/uploads\/2024\/05\/10101300.png\",\"datePublished\":\"2024-05-22T09:15:47+00:00\",\"dateModified\":\"2026-03-12T14:34:51+00:00\",\"description\":\"Regilait Leche en Polvo Desnatada 100% 500 g: polvo instant\u00e1neo sin grasa, rico en prote\u00ednas y calcio. Ideal para vending, OCS y reposter\u00eda.\",\"breadcrumb\":{\"@id\":\"https:\/\/nomesvending.com\/web\/tienda\/productos\/consumibles\/leche-toppings\/leche-en-polvo-desnatada-500g\/#breadcrumb\"},\"inLanguage\":\"es\",\"potentialAction\":[{\"@type\":\"ReadAction\",\"target\":[\"https:\/\/nomesvending.com\/web\/tienda\/productos\/consumibles\/leche-toppings\/leche-en-polvo-desnatada-500g\/\"]}]},{\"@type\":\"ImageObject\",\"inLanguage\":\"es\",\"@id\":\"https:\/\/nomesvending.com\/web\/tienda\/productos\/consumibles\/leche-toppings\/leche-en-polvo-desnatada-500g\/#primaryimage\",\"url\":\"https:\/\/nomesvending.com\/web\/wp-content\/uploads\/2024\/05\/10101300.png\",\"contentUrl\":\"https:\/\/nomesvending.com\/web\/wp-content\/uploads\/2024\/05\/10101300.png\",\"width\":500,\"height\":500,\"caption\":\"Leche en polvo desnatada\"},{\"@type\":\"BreadcrumbList\",\"@id\":\"https:\/\/nomesvending.com\/web\/tienda\/productos\/consumibles\/leche-toppings\/leche-en-polvo-desnatada-500g\/#breadcrumb\",\"itemListElement\":[{\"@type\":\"ListItem\",\"position\":1,\"name\":\"Portada\",\"item\":\"https:\/\/nomesvending.com\/web\/\"},{\"@type\":\"ListItem\",\"position\":2,\"name\":\"Tienda\",\"item\":\"https:\/\/nomesvending.com\/web\/tienda\/\"},{\"@type\":\"ListItem\",\"position\":3,\"name\":\"Leche en polvo desnatada 500g (REGALAIT)\"}]},{\"@type\":\"WebSite\",\"@id\":\"https:\/\/nomesvending.com\/web\/#website\",\"url\":\"https:\/\/nomesvending.com\/web\/\",\"name\":\"Nom\u00e9sVending\",\"description\":\"M\u00e1quinas, filtros, recambios, monederos, consumibles y todo lo que necesitas para el mundo del vending. Calidad y tecnolog\u00eda para tu negocio. \u00a1Descubre nuestras soluciones!\",\"publisher\":{\"@id\":\"https:\/\/nomesvending.com\/web\/#organization\"},\"potentialAction\":[{\"@type\":\"SearchAction\",\"target\":{\"@type\":\"EntryPoint\",\"urlTemplate\":\"https:\/\/nomesvending.com\/web\/?s={search_term_string}\"},\"query-input\":{\"@type\":\"PropertyValueSpecification\",\"valueRequired\":true,\"valueName\":\"search_term_string\"}}],\"inLanguage\":\"es\"},{\"@type\":\"Organization\",\"@id\":\"https:\/\/nomesvending.com\/web\/#organization\",\"name\":\"Nom\u00e9sVending\",\"url\":\"https:\/\/nomesvending.com\/web\/\",\"logo\":{\"@type\":\"ImageObject\",\"inLanguage\":\"es\",\"@id\":\"https:\/\/nomesvending.com\/web\/#\/schema\/logo\/image\/\",\"url\":\"https:\/\/nomesvending.com\/web\/wp-content\/uploads\/2026\/03\/Red-and-White-Modern-Vending-Machine-Services-Instagram-Post.png\",\"contentUrl\":\"https:\/\/nomesvending.com\/web\/wp-content\/uploads\/2026\/03\/Red-and-White-Modern-Vending-Machine-Services-Instagram-Post.png\",\"width\":1080,\"height\":1080,\"caption\":\"Nom\u00e9sVending\"},\"image\":{\"@id\":\"https:\/\/nomesvending.com\/web\/#\/schema\/logo\/image\/\"},\"sameAs\":[\"https:\/\/www.facebook.com\/NomesVending\/\",\"https:\/\/www.instagram.com\/nomesvending\/\"]}]}<\/script>\n<!-- \/ Yoast SEO plugin. -->","yoast_head_json":{"title":"Leche en polvo desnatada 500g (REGALAIT) - Nomesvending","description":"Regilait Leche en Polvo Desnatada 100% 500 g: polvo instant\u00e1neo sin grasa, rico en prote\u00ednas y calcio. Ideal para vending, OCS y reposter\u00eda.","robots":{"index":"index","follow":"follow","max-snippet":"max-snippet:-1","max-image-preview":"max-image-preview:large","max-video-preview":"max-video-preview:-1"},"canonical":"https:\/\/nomesvending.com\/web\/tienda\/productos\/consumibles\/leche-toppings\/leche-en-polvo-desnatada-500g\/","og_locale":"es_ES","og_type":"article","og_title":"Leche en polvo desnatada 500g (REGALAIT) - Nomesvending","og_description":"Regilait Leche en Polvo Desnatada 100% 500 g: polvo instant\u00e1neo sin grasa, rico en prote\u00ednas y calcio. Ideal para vending, OCS y reposter\u00eda.","og_url":"https:\/\/nomesvending.com\/web\/tienda\/productos\/consumibles\/leche-toppings\/leche-en-polvo-desnatada-500g\/","og_site_name":"Nomesvending","article_publisher":"https:\/\/www.facebook.com\/NomesVending\/","article_modified_time":"2026-03-12T14:34:51+00:00","og_image":[{"width":500,"height":500,"url":"https:\/\/nomesvending.com\/web\/wp-content\/uploads\/2024\/05\/10101300.png","type":"image\/png"}],"twitter_card":"summary_large_image","twitter_misc":{"Tiempo de lectura":"2 minutos"},"schema":{"@context":"https:\/\/schema.org","@graph":[{"@type":"WebPage","@id":"https:\/\/nomesvending.com\/web\/tienda\/productos\/consumibles\/leche-toppings\/leche-en-polvo-desnatada-500g\/","url":"https:\/\/nomesvending.com\/web\/tienda\/productos\/consumibles\/leche-toppings\/leche-en-polvo-desnatada-500g\/","name":"Leche en polvo desnatada 500g (REGALAIT) - Nomesvending","isPartOf":{"@id":"https:\/\/nomesvending.com\/web\/#website"},"primaryImageOfPage":{"@id":"https:\/\/nomesvending.com\/web\/tienda\/productos\/consumibles\/leche-toppings\/leche-en-polvo-desnatada-500g\/#primaryimage"},"image":{"@id":"https:\/\/nomesvending.com\/web\/tienda\/productos\/consumibles\/leche-toppings\/leche-en-polvo-desnatada-500g\/#primaryimage"},"thumbnailUrl":"https:\/\/nomesvending.com\/web\/wp-content\/uploads\/2024\/05\/10101300.png","datePublished":"2024-05-22T09:15:47+00:00","dateModified":"2026-03-12T14:34:51+00:00","description":"Regilait Leche en Polvo Desnatada 100% 500 g: polvo instant\u00e1neo sin grasa, rico en prote\u00ednas y calcio. Ideal para vending, OCS y reposter\u00eda.","breadcrumb":{"@id":"https:\/\/nomesvending.com\/web\/tienda\/productos\/consumibles\/leche-toppings\/leche-en-polvo-desnatada-500g\/#breadcrumb"},"inLanguage":"es","potentialAction":[{"@type":"ReadAction","target":["https:\/\/nomesvending.com\/web\/tienda\/productos\/consumibles\/leche-toppings\/leche-en-polvo-desnatada-500g\/"]}]},{"@type":"ImageObject","inLanguage":"es","@id":"https:\/\/nomesvending.com\/web\/tienda\/productos\/consumibles\/leche-toppings\/leche-en-polvo-desnatada-500g\/#primaryimage","url":"https:\/\/nomesvending.com\/web\/wp-content\/uploads\/2024\/05\/10101300.png","contentUrl":"https:\/\/nomesvending.com\/web\/wp-content\/uploads\/2024\/05\/10101300.png","width":500,"height":500,"caption":"Leche en polvo desnatada"},{"@type":"BreadcrumbList","@id":"https:\/\/nomesvending.com\/web\/tienda\/productos\/consumibles\/leche-toppings\/leche-en-polvo-desnatada-500g\/#breadcrumb","itemListElement":[{"@type":"ListItem","position":1,"name":"Portada","item":"https:\/\/nomesvending.com\/web\/"},{"@type":"ListItem","position":2,"name":"Tienda","item":"https:\/\/nomesvending.com\/web\/tienda\/"},{"@type":"ListItem","position":3,"name":"Leche en polvo desnatada 500g (REGALAIT)"}]},{"@type":"WebSite","@id":"https:\/\/nomesvending.com\/web\/#website","url":"https:\/\/nomesvending.com\/web\/","name":"Nom\u00e9sVending","description":"M\u00e1quinas, filtros, recambios, monederos, consumibles y todo lo que necesitas para el mundo del vending. Calidad y tecnolog\u00eda para tu negocio. \u00a1Descubre nuestras soluciones!","publisher":{"@id":"https:\/\/nomesvending.com\/web\/#organization"},"potentialAction":[{"@type":"SearchAction","target":{"@type":"EntryPoint","urlTemplate":"https:\/\/nomesvending.com\/web\/?s={search_term_string}"},"query-input":{"@type":"PropertyValueSpecification","valueRequired":true,"valueName":"search_term_string"}}],"inLanguage":"es"},{"@type":"Organization","@id":"https:\/\/nomesvending.com\/web\/#organization","name":"Nom\u00e9sVending","url":"https:\/\/nomesvending.com\/web\/","logo":{"@type":"ImageObject","inLanguage":"es","@id":"https:\/\/nomesvending.com\/web\/#\/schema\/logo\/image\/","url":"https:\/\/nomesvending.com\/web\/wp-content\/uploads\/2026\/03\/Red-and-White-Modern-Vending-Machine-Services-Instagram-Post.png","contentUrl":"https:\/\/nomesvending.com\/web\/wp-content\/uploads\/2026\/03\/Red-and-White-Modern-Vending-Machine-Services-Instagram-Post.png","width":1080,"height":1080,"caption":"Nom\u00e9sVending"},"image":{"@id":"https:\/\/nomesvending.com\/web\/#\/schema\/logo\/image\/"},"sameAs":["https:\/\/www.facebook.com\/NomesVending\/","https:\/\/www.instagram.com\/nomesvending\/"]}]}},"_links":{"self":[{"href":"https:\/\/nomesvending.com\/web\/wp-json\/wp\/v2\/product\/17279","targetHints":{"allow":["GET"]}}],"collection":[{"href":"https:\/\/nomesvending.com\/web\/wp-json\/wp\/v2\/product"}],"about":[{"href":"https:\/\/nomesvending.com\/web\/wp-json\/wp\/v2\/types\/product"}],"replies":[{"embeddable":true,"href":"https:\/\/nomesvending.com\/web\/wp-json\/wp\/v2\/comments?post=17279"}],"wp:featuredmedia":[{"embeddable":true,"href":"https:\/\/nomesvending.com\/web\/wp-json\/wp\/v2\/media\/21513"}],"wp:attachment":[{"href":"https:\/\/nomesvending.com\/web\/wp-json\/wp\/v2\/media?parent=17279"}],"wp:term":[{"taxonomy":"product_brand","embeddable":true,"href":"https:\/\/nomesvending.com\/web\/wp-json\/wp\/v2\/product_brand?post=17279"},{"taxonomy":"product_cat","embeddable":true,"href":"https:\/\/nomesvending.com\/web\/wp-json\/wp\/v2\/product_cat?post=17279"},{"taxonomy":"product_tag","embeddable":true,"href":"https:\/\/nomesvending.com\/web\/wp-json\/wp\/v2\/product_tag?post=17279"}],"curies":[{"name":"wp","href":"https:\/\/api.w.org\/{rel}","templated":true}]}}