{"id":17306,"date":"2024-05-22T09:15:57","date_gmt":"2024-05-22T09:15:57","guid":{"rendered":"https:\/\/nomesvending.com\/web\/?product=cappuccino-avellana-1kg"},"modified":"2026-03-03T14:05:12","modified_gmt":"2026-03-03T14:05:12","slug":"cappuccino-vainilla-mailen","status":"publish","type":"product","link":"https:\/\/nomesvending.com\/web\/tienda\/ofertas\/productos-ofertas\/cappuccino-vainilla-mailen\/","title":{"rendered":"Cappuccino Vainilla MAILEN 1Kg"},"content":{"rendered":"<p data-start=\"132\" data-end=\"168\">Caja: 10 unidades<\/p>\n<p class=\"\" data-start=\"132\" data-end=\"168\"><strong data-start=\"132\" data-end=\"168\">Cappuccino Vainilla Mailen 1Kg<\/strong><\/p>\n<p class=\"\" data-start=\"230\" data-end=\"792\">Disfruta de una experiencia \u00fanica y deliciosa con el <strong data-start=\"283\" data-end=\"319\">Cappuccino Vainilla 1Kg (MAILEN)<\/strong>, un preparado cuidadosamente dise\u00f1ado para ofrecerte una bebida cremosa, arom\u00e1tica y llena de sabor en cada taza. Este cappuccino combina a la perfecci\u00f3n el suave sabor del caf\u00e9 con el toque dulce y reconfortante de la vainilla, creando una bebida ideal para cualquier momento del d\u00eda. Ya sea para comenzar la ma\u00f1ana con energ\u00eda, tomar una pausa en tu jornada laboral o disfrutar de un agradable momento en casa, el <strong data-start=\"736\" data-end=\"769\">Cappuccino Vainilla de MAILEN<\/strong> es la opci\u00f3n perfecta.<\/p>\n<p class=\"\" data-start=\"794\" data-end=\"1285\">Este preparado es ideal para <strong data-start=\"823\" data-end=\"848\">cafeteras autom\u00e1ticas<\/strong>, <strong data-start=\"850\" data-end=\"870\">m\u00e1quinas de caf\u00e9<\/strong> o para <strong data-start=\"878\" data-end=\"900\">preparaci\u00f3n manual<\/strong>, lo que lo hace una opci\u00f3n vers\u00e1til y f\u00e1cil de usar en cualquier lugar. Su <strong data-start=\"976\" data-end=\"997\">f\u00e1cil preparaci\u00f3n<\/strong> solo requiere mezclarlo con agua caliente o leche para obtener una bebida deliciosa y espumosa en minutos. Perfecto para <strong data-start=\"1119\" data-end=\"1133\">cafeter\u00edas<\/strong>, <strong data-start=\"1135\" data-end=\"1151\">restaurantes<\/strong> o para disfrutar en tu propio hogar, este cappuccino transformar\u00e1 tu rutina cafetera, convirti\u00e9ndola en un momento \u00fanico de disfrute.<\/p>\n<h3 class=\"\" data-start=\"1287\" data-end=\"1322\"><strong data-start=\"1291\" data-end=\"1322\">Caracter\u00edsticas destacadas:<\/strong><\/h3>\n<ul data-start=\"1324\" data-end=\"2294\">\n<li class=\"\" data-start=\"1324\" data-end=\"1550\">\n<p class=\"\" data-start=\"1326\" data-end=\"1550\"><strong data-start=\"1326\" data-end=\"1335\">Sabor<\/strong>: Un equilibrio perfecto entre el sabor suave y profundo del caf\u00e9 y el dulce toque de vainilla. Esta combinaci\u00f3n proporciona una experiencia gustativa que satisface a los amantes del caf\u00e9 y las bebidas aromatizadas.<\/p>\n<\/li>\n<li class=\"\" data-start=\"1551\" data-end=\"1752\">\n<p class=\"\" data-start=\"1553\" data-end=\"1752\"><strong data-start=\"1553\" data-end=\"1562\">Aroma<\/strong>: El <strong data-start=\"1567\" data-end=\"1600\">Cappuccino Vainilla de MAILEN<\/strong> te envuelve con un aroma dulce y seductor que invita a disfrutar cada sorbo. Su fragancia te transporta a un mundo de sensaciones c\u00e1lidas y acogedoras.<\/p>\n<\/li>\n<li class=\"\" data-start=\"1753\" data-end=\"1947\">\n<p class=\"\" data-start=\"1755\" data-end=\"1947\"><strong data-start=\"1755\" data-end=\"1771\">Versatilidad<\/strong>: Perfecto para <strong data-start=\"1787\" data-end=\"1802\">cappuccinos<\/strong>, <strong data-start=\"1804\" data-end=\"1814\">lattes<\/strong> y otras bebidas a base de caf\u00e9. Su flexibilidad te permite disfrutarlo en diversas formas y adaptarlo a tus preferencias personales.<\/p>\n<\/li>\n<li class=\"\" data-start=\"1948\" data-end=\"2148\">\n<p class=\"\" data-start=\"1950\" data-end=\"2148\"><strong data-start=\"1950\" data-end=\"1971\">F\u00e1cil preparaci\u00f3n<\/strong>: Solo necesitas mezclarlo con <strong data-start=\"2002\" data-end=\"2019\">agua caliente<\/strong> o <strong data-start=\"2022\" data-end=\"2031\">leche<\/strong> para preparar una bebida deliciosa en cuesti\u00f3n de minutos. Ideal para quienes buscan comodidad sin sacrificar sabor.<\/p>\n<\/li>\n<li class=\"\" data-start=\"2149\" data-end=\"2294\">\n<p class=\"\" data-start=\"2151\" data-end=\"2294\"><strong data-start=\"2151\" data-end=\"2164\">Contenido<\/strong>: 1 kg de <strong data-start=\"2174\" data-end=\"2197\">Cappuccino Vainilla<\/strong>, disponible en cajas de 10 unidades, lo que lo hace perfecto para <strong data-start=\"2264\" data-end=\"2281\">uso comercial<\/strong> o <strong data-start=\"2284\" data-end=\"2293\">hogar<\/strong>.<\/p>\n<\/li>\n<\/ul>\n<p class=\"\" data-start=\"2296\" data-end=\"2784\">El <strong data-start=\"2299\" data-end=\"2332\">Cappuccino Vainilla de MAILEN<\/strong> es la elecci\u00f3n ideal para quienes buscan una bebida reconfortante y sabrosa que aporte un toque especial a su rutina cafetera diaria. Su equilibrio perfecto entre el sabor del caf\u00e9 y la suavidad de la vainilla har\u00e1 que cada pausa sea un momento \u00fanico. No solo es una excelente opci\u00f3n para disfrutar en tu hogar, sino tambi\u00e9n una bebida perfecta para <strong data-start=\"2683\" data-end=\"2697\">cafeter\u00edas<\/strong> y <strong data-start=\"2700\" data-end=\"2716\">restaurantes<\/strong> que desean ofrecer a sus clientes una opci\u00f3n deliciosa y diferente.<\/p>\n<h3 class=\"\" data-start=\"2786\" data-end=\"2839\"><strong data-start=\"2790\" data-end=\"2839\">Beneficios del Cappuccino Vainilla de MAILEN:<\/strong><\/h3>\n<ul data-start=\"2840\" data-end=\"3227\">\n<li class=\"\" data-start=\"2840\" data-end=\"2960\">\n<p class=\"\" data-start=\"2842\" data-end=\"2960\">Aporta un sabor equilibrado que complace tanto a los amantes del caf\u00e9 como a quienes disfrutan de un toque de dulzura.<\/p>\n<\/li>\n<li class=\"\" data-start=\"2961\" data-end=\"3083\">\n<p class=\"\" data-start=\"2963\" data-end=\"3083\">Su <strong data-start=\"2966\" data-end=\"2987\">f\u00e1cil preparaci\u00f3n<\/strong> lo hace conveniente para usar en cualquier momento del d\u00eda, ya sea en tu hogar o en tu negocio.<\/p>\n<\/li>\n<li class=\"\" data-start=\"3084\" data-end=\"3227\">\n<p class=\"\" data-start=\"3086\" data-end=\"3227\">La opci\u00f3n perfecta para quienes buscan una <strong data-start=\"3129\" data-end=\"3147\">bebida cremosa<\/strong> y de alta calidad que combine un caf\u00e9 suave con un delicioso toque de vainilla.<\/p>\n<\/li>\n<\/ul>\n<h3 class=\"\" data-start=\"3229\" data-end=\"3248\"><strong data-start=\"3233\" data-end=\"3248\">Ideal para:<\/strong><\/h3>\n<ul data-start=\"3249\" data-end=\"3564\">\n<li class=\"\" data-start=\"3249\" data-end=\"3373\">\n<p class=\"\" data-start=\"3251\" data-end=\"3373\"><strong data-start=\"3251\" data-end=\"3280\">Cafeter\u00edas y Restaurantes<\/strong>: Ofrece a tus clientes una bebida deliciosa y de alta calidad que les har\u00e1 regresar por m\u00e1s.<\/p>\n<\/li>\n<li class=\"\" data-start=\"3374\" data-end=\"3460\">\n<p class=\"\" data-start=\"3376\" data-end=\"3460\"><strong data-start=\"3376\" data-end=\"3388\">Oficinas<\/strong>: Un toque de energ\u00eda y sabor para disfrutar durante la jornada laboral.<\/p>\n<\/li>\n<li class=\"\" data-start=\"3461\" data-end=\"3564\">\n<p class=\"\" data-start=\"3463\" data-end=\"3564\"><strong data-start=\"3463\" data-end=\"3472\">Hogar<\/strong>: La bebida perfecta para disfrutar solo o en compa\u00f1\u00eda, ideal para tus momentos de descanso.<\/p>\n<\/li>\n<\/ul>\n<p class=\"\" data-start=\"3566\" data-end=\"3850\">Haz de cada pausa un momento especial con el mejor <strong data-start=\"3617\" data-end=\"3650\">Cappuccino Vainilla de MAILEN<\/strong>. Con su sabor \u00fanico, f\u00e1cil preparaci\u00f3n y versatilidad, se convertir\u00e1 en un favorito para cualquier momento del d\u00eda. \u00a1Disfruta de una experiencia cafetera incomparable, ya sea en casa o en tu negocio!<\/p>\n","protected":false},"excerpt":{"rendered":"<p>*VENTA POR UNIDAD<\/p>\n","protected":false},"featured_media":21478,"comment_status":"open","ping_status":"closed","template":"","meta":[],"product_brand":[228],"product_cat":[115,99,201,202,51],"product_tag":[123,88,194],"class_list":{"0":"post-17306","1":"product","2":"type-product","3":"status-publish","4":"has-post-thumbnail","6":"product_brand-mailen","7":"product_cat-cappuccinos","8":"product_cat-consumibles","9":"product_cat-ofertas","10":"product_cat-productos-ofertas","11":"product_cat-productos","12":"product_tag-mailen","13":"product_tag-mailen-vainilla","14":"product_tag-venta-por-unidad","16":"first","17":"instock","18":"sale","19":"taxable","20":"shipping-taxable","21":"purchasable","22":"product-type-simple"},"yoast_head":"<!-- This site is optimized with the Yoast SEO plugin v27.0 - https:\/\/yoast.com\/product\/yoast-seo-wordpress\/ -->\n<title>Cappuccino Vainilla MAILEN 1Kg - Nomesvending<\/title>\n<meta name=\"description\" content=\"Disfruta del delicioso Cappuccino Vainilla MAILEN 1Kg (MAILEN), un preparado cremoso y arom\u00e1tico con el equilibrio perfecto entre caf\u00e9 y vainilla.\" \/>\n<meta name=\"robots\" content=\"index, follow, max-snippet:-1, max-image-preview:large, max-video-preview:-1\" \/>\n<link rel=\"canonical\" href=\"https:\/\/nomesvending.com\/web\/tienda\/ofertas\/productos-ofertas\/cappuccino-vainilla-mailen\/\" \/>\n<meta property=\"og:locale\" content=\"es_ES\" \/>\n<meta property=\"og:type\" content=\"article\" \/>\n<meta property=\"og:title\" content=\"Cappuccino Vainilla MAILEN 1Kg - Nomesvending\" \/>\n<meta property=\"og:description\" content=\"Disfruta del delicioso Cappuccino Vainilla MAILEN 1Kg (MAILEN), un preparado cremoso y arom\u00e1tico con el equilibrio perfecto entre caf\u00e9 y vainilla.\" \/>\n<meta property=\"og:url\" content=\"https:\/\/nomesvending.com\/web\/tienda\/ofertas\/productos-ofertas\/cappuccino-vainilla-mailen\/\" \/>\n<meta property=\"og:site_name\" content=\"Nomesvending\" \/>\n<meta property=\"article:publisher\" content=\"https:\/\/www.facebook.com\/NomesVending\/\" \/>\n<meta property=\"article:modified_time\" content=\"2026-03-03T14:05:12+00:00\" \/>\n<meta property=\"og:image\" content=\"https:\/\/nomesvending.com\/web\/wp-content\/uploads\/2024\/05\/0040047.png\" \/>\n\t<meta property=\"og:image:width\" content=\"500\" \/>\n\t<meta property=\"og:image:height\" content=\"500\" \/>\n\t<meta property=\"og:image:type\" content=\"image\/png\" \/>\n<meta name=\"twitter:card\" content=\"summary_large_image\" \/>\n<meta name=\"twitter:label1\" content=\"Tiempo de lectura\" \/>\n\t<meta name=\"twitter:data1\" content=\"3 minutos\" \/>\n<script type=\"application\/ld+json\" class=\"yoast-schema-graph\">{\"@context\":\"https:\/\/schema.org\",\"@graph\":[{\"@type\":\"WebPage\",\"@id\":\"https:\/\/nomesvending.com\/web\/tienda\/ofertas\/productos-ofertas\/cappuccino-vainilla-mailen\/\",\"url\":\"https:\/\/nomesvending.com\/web\/tienda\/ofertas\/productos-ofertas\/cappuccino-vainilla-mailen\/\",\"name\":\"Cappuccino Vainilla MAILEN 1Kg - Nomesvending\",\"isPartOf\":{\"@id\":\"https:\/\/nomesvending.com\/web\/#website\"},\"primaryImageOfPage\":{\"@id\":\"https:\/\/nomesvending.com\/web\/tienda\/ofertas\/productos-ofertas\/cappuccino-vainilla-mailen\/#primaryimage\"},\"image\":{\"@id\":\"https:\/\/nomesvending.com\/web\/tienda\/ofertas\/productos-ofertas\/cappuccino-vainilla-mailen\/#primaryimage\"},\"thumbnailUrl\":\"https:\/\/nomesvending.com\/web\/wp-content\/uploads\/2024\/05\/0040047.png\",\"datePublished\":\"2024-05-22T09:15:57+00:00\",\"dateModified\":\"2026-03-03T14:05:12+00:00\",\"description\":\"Disfruta del delicioso Cappuccino Vainilla MAILEN 1Kg (MAILEN), un preparado cremoso y arom\u00e1tico con el equilibrio perfecto entre caf\u00e9 y vainilla.\",\"breadcrumb\":{\"@id\":\"https:\/\/nomesvending.com\/web\/tienda\/ofertas\/productos-ofertas\/cappuccino-vainilla-mailen\/#breadcrumb\"},\"inLanguage\":\"es\",\"potentialAction\":[{\"@type\":\"ReadAction\",\"target\":[\"https:\/\/nomesvending.com\/web\/tienda\/ofertas\/productos-ofertas\/cappuccino-vainilla-mailen\/\"]}]},{\"@type\":\"ImageObject\",\"inLanguage\":\"es\",\"@id\":\"https:\/\/nomesvending.com\/web\/tienda\/ofertas\/productos-ofertas\/cappuccino-vainilla-mailen\/#primaryimage\",\"url\":\"https:\/\/nomesvending.com\/web\/wp-content\/uploads\/2024\/05\/0040047.png\",\"contentUrl\":\"https:\/\/nomesvending.com\/web\/wp-content\/uploads\/2024\/05\/0040047.png\",\"width\":500,\"height\":500,\"caption\":\"Cappuccino Vainilla MAILEN\"},{\"@type\":\"BreadcrumbList\",\"@id\":\"https:\/\/nomesvending.com\/web\/tienda\/ofertas\/productos-ofertas\/cappuccino-vainilla-mailen\/#breadcrumb\",\"itemListElement\":[{\"@type\":\"ListItem\",\"position\":1,\"name\":\"Portada\",\"item\":\"https:\/\/nomesvending.com\/web\/\"},{\"@type\":\"ListItem\",\"position\":2,\"name\":\"Tienda\",\"item\":\"https:\/\/nomesvending.com\/web\/tienda\/\"},{\"@type\":\"ListItem\",\"position\":3,\"name\":\"Cappuccino Vainilla MAILEN 1Kg\"}]},{\"@type\":\"WebSite\",\"@id\":\"https:\/\/nomesvending.com\/web\/#website\",\"url\":\"https:\/\/nomesvending.com\/web\/\",\"name\":\"Nom\u00e9sVending\",\"description\":\"M\u00e1quinas, filtros, recambios, monederos, consumibles y todo lo que necesitas para el mundo del vending. Calidad y tecnolog\u00eda para tu negocio. \u00a1Descubre nuestras soluciones!\",\"publisher\":{\"@id\":\"https:\/\/nomesvending.com\/web\/#organization\"},\"potentialAction\":[{\"@type\":\"SearchAction\",\"target\":{\"@type\":\"EntryPoint\",\"urlTemplate\":\"https:\/\/nomesvending.com\/web\/?s={search_term_string}\"},\"query-input\":{\"@type\":\"PropertyValueSpecification\",\"valueRequired\":true,\"valueName\":\"search_term_string\"}}],\"inLanguage\":\"es\"},{\"@type\":\"Organization\",\"@id\":\"https:\/\/nomesvending.com\/web\/#organization\",\"name\":\"Nom\u00e9sVending\",\"url\":\"https:\/\/nomesvending.com\/web\/\",\"logo\":{\"@type\":\"ImageObject\",\"inLanguage\":\"es\",\"@id\":\"https:\/\/nomesvending.com\/web\/#\/schema\/logo\/image\/\",\"url\":\"https:\/\/nomesvending.com\/web\/wp-content\/uploads\/2026\/03\/Red-and-White-Modern-Vending-Machine-Services-Instagram-Post.png\",\"contentUrl\":\"https:\/\/nomesvending.com\/web\/wp-content\/uploads\/2026\/03\/Red-and-White-Modern-Vending-Machine-Services-Instagram-Post.png\",\"width\":1080,\"height\":1080,\"caption\":\"Nom\u00e9sVending\"},\"image\":{\"@id\":\"https:\/\/nomesvending.com\/web\/#\/schema\/logo\/image\/\"},\"sameAs\":[\"https:\/\/www.facebook.com\/NomesVending\/\",\"https:\/\/www.instagram.com\/nomesvending\/\"]}]}<\/script>\n<!-- \/ Yoast SEO plugin. -->","yoast_head_json":{"title":"Cappuccino Vainilla MAILEN 1Kg - Nomesvending","description":"Disfruta del delicioso Cappuccino Vainilla MAILEN 1Kg (MAILEN), un preparado cremoso y arom\u00e1tico con el equilibrio perfecto entre caf\u00e9 y vainilla.","robots":{"index":"index","follow":"follow","max-snippet":"max-snippet:-1","max-image-preview":"max-image-preview:large","max-video-preview":"max-video-preview:-1"},"canonical":"https:\/\/nomesvending.com\/web\/tienda\/ofertas\/productos-ofertas\/cappuccino-vainilla-mailen\/","og_locale":"es_ES","og_type":"article","og_title":"Cappuccino Vainilla MAILEN 1Kg - Nomesvending","og_description":"Disfruta del delicioso Cappuccino Vainilla MAILEN 1Kg (MAILEN), un preparado cremoso y arom\u00e1tico con el equilibrio perfecto entre caf\u00e9 y vainilla.","og_url":"https:\/\/nomesvending.com\/web\/tienda\/ofertas\/productos-ofertas\/cappuccino-vainilla-mailen\/","og_site_name":"Nomesvending","article_publisher":"https:\/\/www.facebook.com\/NomesVending\/","article_modified_time":"2026-03-03T14:05:12+00:00","og_image":[{"width":500,"height":500,"url":"https:\/\/nomesvending.com\/web\/wp-content\/uploads\/2024\/05\/0040047.png","type":"image\/png"}],"twitter_card":"summary_large_image","twitter_misc":{"Tiempo de lectura":"3 minutos"},"schema":{"@context":"https:\/\/schema.org","@graph":[{"@type":"WebPage","@id":"https:\/\/nomesvending.com\/web\/tienda\/ofertas\/productos-ofertas\/cappuccino-vainilla-mailen\/","url":"https:\/\/nomesvending.com\/web\/tienda\/ofertas\/productos-ofertas\/cappuccino-vainilla-mailen\/","name":"Cappuccino Vainilla MAILEN 1Kg - Nomesvending","isPartOf":{"@id":"https:\/\/nomesvending.com\/web\/#website"},"primaryImageOfPage":{"@id":"https:\/\/nomesvending.com\/web\/tienda\/ofertas\/productos-ofertas\/cappuccino-vainilla-mailen\/#primaryimage"},"image":{"@id":"https:\/\/nomesvending.com\/web\/tienda\/ofertas\/productos-ofertas\/cappuccino-vainilla-mailen\/#primaryimage"},"thumbnailUrl":"https:\/\/nomesvending.com\/web\/wp-content\/uploads\/2024\/05\/0040047.png","datePublished":"2024-05-22T09:15:57+00:00","dateModified":"2026-03-03T14:05:12+00:00","description":"Disfruta del delicioso Cappuccino Vainilla MAILEN 1Kg (MAILEN), un preparado cremoso y arom\u00e1tico con el equilibrio perfecto entre caf\u00e9 y vainilla.","breadcrumb":{"@id":"https:\/\/nomesvending.com\/web\/tienda\/ofertas\/productos-ofertas\/cappuccino-vainilla-mailen\/#breadcrumb"},"inLanguage":"es","potentialAction":[{"@type":"ReadAction","target":["https:\/\/nomesvending.com\/web\/tienda\/ofertas\/productos-ofertas\/cappuccino-vainilla-mailen\/"]}]},{"@type":"ImageObject","inLanguage":"es","@id":"https:\/\/nomesvending.com\/web\/tienda\/ofertas\/productos-ofertas\/cappuccino-vainilla-mailen\/#primaryimage","url":"https:\/\/nomesvending.com\/web\/wp-content\/uploads\/2024\/05\/0040047.png","contentUrl":"https:\/\/nomesvending.com\/web\/wp-content\/uploads\/2024\/05\/0040047.png","width":500,"height":500,"caption":"Cappuccino Vainilla MAILEN"},{"@type":"BreadcrumbList","@id":"https:\/\/nomesvending.com\/web\/tienda\/ofertas\/productos-ofertas\/cappuccino-vainilla-mailen\/#breadcrumb","itemListElement":[{"@type":"ListItem","position":1,"name":"Portada","item":"https:\/\/nomesvending.com\/web\/"},{"@type":"ListItem","position":2,"name":"Tienda","item":"https:\/\/nomesvending.com\/web\/tienda\/"},{"@type":"ListItem","position":3,"name":"Cappuccino Vainilla MAILEN 1Kg"}]},{"@type":"WebSite","@id":"https:\/\/nomesvending.com\/web\/#website","url":"https:\/\/nomesvending.com\/web\/","name":"Nom\u00e9sVending","description":"M\u00e1quinas, filtros, recambios, monederos, consumibles y todo lo que necesitas para el mundo del vending. Calidad y tecnolog\u00eda para tu negocio. \u00a1Descubre nuestras soluciones!","publisher":{"@id":"https:\/\/nomesvending.com\/web\/#organization"},"potentialAction":[{"@type":"SearchAction","target":{"@type":"EntryPoint","urlTemplate":"https:\/\/nomesvending.com\/web\/?s={search_term_string}"},"query-input":{"@type":"PropertyValueSpecification","valueRequired":true,"valueName":"search_term_string"}}],"inLanguage":"es"},{"@type":"Organization","@id":"https:\/\/nomesvending.com\/web\/#organization","name":"Nom\u00e9sVending","url":"https:\/\/nomesvending.com\/web\/","logo":{"@type":"ImageObject","inLanguage":"es","@id":"https:\/\/nomesvending.com\/web\/#\/schema\/logo\/image\/","url":"https:\/\/nomesvending.com\/web\/wp-content\/uploads\/2026\/03\/Red-and-White-Modern-Vending-Machine-Services-Instagram-Post.png","contentUrl":"https:\/\/nomesvending.com\/web\/wp-content\/uploads\/2026\/03\/Red-and-White-Modern-Vending-Machine-Services-Instagram-Post.png","width":1080,"height":1080,"caption":"Nom\u00e9sVending"},"image":{"@id":"https:\/\/nomesvending.com\/web\/#\/schema\/logo\/image\/"},"sameAs":["https:\/\/www.facebook.com\/NomesVending\/","https:\/\/www.instagram.com\/nomesvending\/"]}]}},"_links":{"self":[{"href":"https:\/\/nomesvending.com\/web\/wp-json\/wp\/v2\/product\/17306","targetHints":{"allow":["GET"]}}],"collection":[{"href":"https:\/\/nomesvending.com\/web\/wp-json\/wp\/v2\/product"}],"about":[{"href":"https:\/\/nomesvending.com\/web\/wp-json\/wp\/v2\/types\/product"}],"replies":[{"embeddable":true,"href":"https:\/\/nomesvending.com\/web\/wp-json\/wp\/v2\/comments?post=17306"}],"wp:featuredmedia":[{"embeddable":true,"href":"https:\/\/nomesvending.com\/web\/wp-json\/wp\/v2\/media\/21478"}],"wp:attachment":[{"href":"https:\/\/nomesvending.com\/web\/wp-json\/wp\/v2\/media?parent=17306"}],"wp:term":[{"taxonomy":"product_brand","embeddable":true,"href":"https:\/\/nomesvending.com\/web\/wp-json\/wp\/v2\/product_brand?post=17306"},{"taxonomy":"product_cat","embeddable":true,"href":"https:\/\/nomesvending.com\/web\/wp-json\/wp\/v2\/product_cat?post=17306"},{"taxonomy":"product_tag","embeddable":true,"href":"https:\/\/nomesvending.com\/web\/wp-json\/wp\/v2\/product_tag?post=17306"}],"curies":[{"name":"wp","href":"https:\/\/api.w.org\/{rel}","templated":true}]}}