{"id":17309,"date":"2024-05-22T09:15:59","date_gmt":"2024-05-22T09:15:59","guid":{"rendered":"https:\/\/nomesvending.com\/web\/?product=avellana-del-30-azucar-1kg"},"modified":"2025-08-07T07:57:51","modified_gmt":"2025-08-07T07:57:51","slug":"avellana-del-30-azucar-1kg","status":"publish","type":"product","link":"https:\/\/nomesvending.com\/web\/tienda\/ofertas\/productos-ofertas\/avellana-del-30-azucar-1kg\/","title":{"rendered":"CAPPUCCINO DAVINCI AVELLANA 1Kg"},"content":{"rendered":"<h3 class=\"\" data-start=\"0\" data-end=\"39\"><strong data-start=\"4\" data-end=\"39\">CAPPUCCINO DAVINCI AVELLANA 1Kg \u2013 1Kg<\/strong><\/h3>\n<p class=\"\" data-start=\"41\" data-end=\"516\">Descubre la exquisita <strong data-start=\"63\" data-end=\"92\">CREMA AVELLANA 1Kg DAVINCI<\/strong>, una deliciosa crema que resalta la intensidad de las <strong data-start=\"147\" data-end=\"160\">avellanas<\/strong> en cada bocado. Con una textura sumamente cremosa y un sabor irresistible, es el complemento perfecto para una variedad de aplicaciones, ya sea en postres, bebidas o como acompa\u00f1ante en productos de panader\u00eda. Su consistencia fluida y suave la hace ideal para su uso en <strong data-start=\"431\" data-end=\"457\">m\u00e1quinas dispensadoras<\/strong>, ofreciendo un rendimiento excepcional sin interrupciones.<\/p>\n<h3 class=\"\" data-start=\"518\" data-end=\"555\"><strong data-start=\"522\" data-end=\"555\">Caracter\u00edsticas del Producto:<\/strong><\/h3>\n<ul data-start=\"557\" data-end=\"1049\">\n<li class=\"\" data-start=\"557\" data-end=\"729\">\n<p class=\"\" data-start=\"559\" data-end=\"729\"><strong data-start=\"559\" data-end=\"582\">Sin Aceite de Palma<\/strong>: Elaborada con los mejores ingredientes y sin el uso de aceite de palma, garantizando una opci\u00f3n m\u00e1s saludable y respetuosa con el medio ambiente.<\/p>\n<\/li>\n<li class=\"\" data-start=\"730\" data-end=\"902\">\n<p class=\"\" data-start=\"732\" data-end=\"902\"><strong data-start=\"732\" data-end=\"752\">30% Menos Az\u00facar<\/strong>: Perfecta para quienes buscan disfrutar del sabor \u00fanico de la crema de avellana con un 30% menos de az\u00facar, brindando un balance entre sabor y salud.<\/p>\n<\/li>\n<li class=\"\" data-start=\"903\" data-end=\"1046\">\n<p class=\"\" data-start=\"905\" data-end=\"1046\"><strong data-start=\"905\" data-end=\"921\">Alta Fluidez<\/strong>: Dise\u00f1ada para un uso f\u00e1cil y eficiente en <strong data-start=\"965\" data-end=\"991\">m\u00e1quinas dispensadoras<\/strong>, permitiendo una aplicaci\u00f3n suave y sin obstrucciones.<\/p>\n<\/li>\n<\/ul>\n<h3 class=\"\" data-start=\"1050\" data-end=\"1071\"><strong data-start=\"1054\" data-end=\"1071\">Presentaci\u00f3n:<\/strong><\/h3>\n<ul data-start=\"1073\" data-end=\"1358\">\n<li class=\"\" data-start=\"1073\" data-end=\"1208\">\n<p class=\"\" data-start=\"1075\" data-end=\"1208\"><strong data-start=\"1075\" data-end=\"1086\">Formato<\/strong>: 1Kg, ideal tanto para <strong data-start=\"1110\" data-end=\"1129\">uso profesional<\/strong> como <strong data-start=\"1135\" data-end=\"1148\">dom\u00e9stico<\/strong>, permitiendo una larga duraci\u00f3n y un excelente rendimiento.<\/p>\n<\/li>\n<li class=\"\" data-start=\"1209\" data-end=\"1282\">\n<p class=\"\" data-start=\"1211\" data-end=\"1282\"><strong data-start=\"1211\" data-end=\"1219\">Caja<\/strong>: 10 unidades, para facilitar el almacenamiento y distribuci\u00f3n.<\/p>\n<\/li>\n<li class=\"\" data-start=\"1283\" data-end=\"1358\">\n<p class=\"\" data-start=\"1285\" data-end=\"1358\"><strong data-start=\"1285\" data-end=\"1294\">Palet<\/strong>: 72 cajas \/ 720 unidades, ideal para empresas y distribuidores.<\/p>\n<\/li>\n<\/ul>\n<h3 class=\"\" data-start=\"1360\" data-end=\"1379\"><strong data-start=\"1364\" data-end=\"1379\">Ideal para:<\/strong><\/h3>\n<ul data-start=\"1381\" data-end=\"1718\">\n<li class=\"\" data-start=\"1381\" data-end=\"1521\">\n<p class=\"\" data-start=\"1383\" data-end=\"1521\"><strong data-start=\"1383\" data-end=\"1417\">Establecimientos de hosteler\u00eda<\/strong> como cafeter\u00edas, restaurantes, helader\u00edas y pasteler\u00edas que deseen ofrecer un producto de alta calidad.<\/p>\n<\/li>\n<li class=\"\" data-start=\"1522\" data-end=\"1613\">\n<p class=\"\" data-start=\"1524\" data-end=\"1613\"><strong data-start=\"1524\" data-end=\"1541\">Uso dom\u00e9stico<\/strong> para quienes desean disfrutar de una crema de avellana premium en casa.<\/p>\n<\/li>\n<li class=\"\" data-start=\"1614\" data-end=\"1718\">\n<p class=\"\" data-start=\"1616\" data-end=\"1718\"><strong data-start=\"1616\" data-end=\"1647\">Distribuidores y mayoristas<\/strong> que buscan ofrecer un producto de alto rendimiento y calidad superior.<\/p>\n<\/li>\n<\/ul>\n<h3 class=\"\" data-start=\"1720\" data-end=\"1824\"><strong data-start=\"1724\" data-end=\"1824\">\u00a1Haz tu pedido ahora y disfruta de la incre\u00edble crema de avellana DAVINCI en tu negocio o hogar!<\/strong><\/h3>\n","protected":false},"excerpt":{"rendered":"<p>*VENTA POR UNIDAD<\/p>\n","protected":false},"featured_media":25175,"comment_status":"open","ping_status":"closed","template":"","meta":[],"product_brand":[235],"product_cat":[115,99,201,202,51],"product_tag":[92,194],"class_list":{"0":"post-17309","1":"product","2":"type-product","3":"status-publish","4":"has-post-thumbnail","6":"product_brand-davinci","7":"product_cat-cappuccinos","8":"product_cat-consumibles","9":"product_cat-ofertas","10":"product_cat-productos-ofertas","11":"product_cat-productos","12":"product_tag-davinci-avellana-cappuccino","13":"product_tag-venta-por-unidad","15":"first","16":"instock","17":"sale","18":"taxable","19":"shipping-taxable","20":"purchasable","21":"product-type-simple"},"yoast_head":"<!-- This site is optimized with the Yoast SEO plugin v27.0 - https:\/\/yoast.com\/product\/yoast-seo-wordpress\/ -->\n<title>CAPPUCCINO DAVINCI AVELLANA 1Kg - Nomesvending<\/title>\n<meta name=\"description\" content=\"Disfruta de la deliciosa CAPPUCCINO DAVINCI AVELLANA 1Kg, sin aceite de palma y con un 30% menos de az\u00facar. Ideal para uso profesional y dom\u00e9stico...\" \/>\n<meta name=\"robots\" content=\"index, follow, max-snippet:-1, max-image-preview:large, max-video-preview:-1\" \/>\n<link rel=\"canonical\" href=\"https:\/\/nomesvending.com\/web\/tienda\/ofertas\/productos-ofertas\/avellana-del-30-azucar-1kg\/\" \/>\n<meta property=\"og:locale\" content=\"es_ES\" \/>\n<meta property=\"og:type\" content=\"article\" \/>\n<meta property=\"og:title\" content=\"CAPPUCCINO DAVINCI AVELLANA 1Kg - Nomesvending\" \/>\n<meta property=\"og:description\" content=\"Disfruta de la deliciosa CAPPUCCINO DAVINCI AVELLANA 1Kg, sin aceite de palma y con un 30% menos de az\u00facar. Ideal para uso profesional y dom\u00e9stico...\" \/>\n<meta property=\"og:url\" content=\"https:\/\/nomesvending.com\/web\/tienda\/ofertas\/productos-ofertas\/avellana-del-30-azucar-1kg\/\" \/>\n<meta property=\"og:site_name\" content=\"Nomesvending\" \/>\n<meta property=\"article:publisher\" content=\"https:\/\/www.facebook.com\/NomesVending\/\" \/>\n<meta property=\"article:modified_time\" content=\"2025-08-07T07:57:51+00:00\" \/>\n<meta property=\"og:image\" content=\"https:\/\/nomesvending.com\/web\/wp-content\/uploads\/2024\/05\/20631966.jpg\" \/>\n\t<meta property=\"og:image:width\" content=\"500\" \/>\n\t<meta property=\"og:image:height\" content=\"500\" \/>\n\t<meta property=\"og:image:type\" content=\"image\/jpeg\" \/>\n<meta name=\"twitter:card\" content=\"summary_large_image\" \/>\n<meta name=\"twitter:label1\" content=\"Tiempo de lectura\" \/>\n\t<meta name=\"twitter:data1\" content=\"2 minutos\" \/>\n<script type=\"application\/ld+json\" class=\"yoast-schema-graph\">{\"@context\":\"https:\/\/schema.org\",\"@graph\":[{\"@type\":\"WebPage\",\"@id\":\"https:\/\/nomesvending.com\/web\/tienda\/ofertas\/productos-ofertas\/avellana-del-30-azucar-1kg\/\",\"url\":\"https:\/\/nomesvending.com\/web\/tienda\/ofertas\/productos-ofertas\/avellana-del-30-azucar-1kg\/\",\"name\":\"CAPPUCCINO DAVINCI AVELLANA 1Kg - Nomesvending\",\"isPartOf\":{\"@id\":\"https:\/\/nomesvending.com\/web\/#website\"},\"primaryImageOfPage\":{\"@id\":\"https:\/\/nomesvending.com\/web\/tienda\/ofertas\/productos-ofertas\/avellana-del-30-azucar-1kg\/#primaryimage\"},\"image\":{\"@id\":\"https:\/\/nomesvending.com\/web\/tienda\/ofertas\/productos-ofertas\/avellana-del-30-azucar-1kg\/#primaryimage\"},\"thumbnailUrl\":\"https:\/\/nomesvending.com\/web\/wp-content\/uploads\/2024\/05\/20631966.jpg\",\"datePublished\":\"2024-05-22T09:15:59+00:00\",\"dateModified\":\"2025-08-07T07:57:51+00:00\",\"description\":\"Disfruta de la deliciosa CAPPUCCINO DAVINCI AVELLANA 1Kg, sin aceite de palma y con un 30% menos de az\u00facar. Ideal para uso profesional y dom\u00e9stico...\",\"breadcrumb\":{\"@id\":\"https:\/\/nomesvending.com\/web\/tienda\/ofertas\/productos-ofertas\/avellana-del-30-azucar-1kg\/#breadcrumb\"},\"inLanguage\":\"es\",\"potentialAction\":[{\"@type\":\"ReadAction\",\"target\":[\"https:\/\/nomesvending.com\/web\/tienda\/ofertas\/productos-ofertas\/avellana-del-30-azucar-1kg\/\"]}]},{\"@type\":\"ImageObject\",\"inLanguage\":\"es\",\"@id\":\"https:\/\/nomesvending.com\/web\/tienda\/ofertas\/productos-ofertas\/avellana-del-30-azucar-1kg\/#primaryimage\",\"url\":\"https:\/\/nomesvending.com\/web\/wp-content\/uploads\/2024\/05\/20631966.jpg\",\"contentUrl\":\"https:\/\/nomesvending.com\/web\/wp-content\/uploads\/2024\/05\/20631966.jpg\",\"width\":500,\"height\":500,\"caption\":\"CREMA AVELLANA 1Kg DAVINCI\"},{\"@type\":\"BreadcrumbList\",\"@id\":\"https:\/\/nomesvending.com\/web\/tienda\/ofertas\/productos-ofertas\/avellana-del-30-azucar-1kg\/#breadcrumb\",\"itemListElement\":[{\"@type\":\"ListItem\",\"position\":1,\"name\":\"Portada\",\"item\":\"https:\/\/nomesvending.com\/web\/\"},{\"@type\":\"ListItem\",\"position\":2,\"name\":\"Tienda\",\"item\":\"https:\/\/nomesvending.com\/web\/tienda\/\"},{\"@type\":\"ListItem\",\"position\":3,\"name\":\"CAPPUCCINO DAVINCI AVELLANA 1Kg\"}]},{\"@type\":\"WebSite\",\"@id\":\"https:\/\/nomesvending.com\/web\/#website\",\"url\":\"https:\/\/nomesvending.com\/web\/\",\"name\":\"Nom\u00e9sVending\",\"description\":\"M\u00e1quinas, filtros, recambios, monederos, consumibles y todo lo que necesitas para el mundo del vending. Calidad y tecnolog\u00eda para tu negocio. \u00a1Descubre nuestras soluciones!\",\"publisher\":{\"@id\":\"https:\/\/nomesvending.com\/web\/#organization\"},\"potentialAction\":[{\"@type\":\"SearchAction\",\"target\":{\"@type\":\"EntryPoint\",\"urlTemplate\":\"https:\/\/nomesvending.com\/web\/?s={search_term_string}\"},\"query-input\":{\"@type\":\"PropertyValueSpecification\",\"valueRequired\":true,\"valueName\":\"search_term_string\"}}],\"inLanguage\":\"es\"},{\"@type\":\"Organization\",\"@id\":\"https:\/\/nomesvending.com\/web\/#organization\",\"name\":\"Nom\u00e9sVending\",\"url\":\"https:\/\/nomesvending.com\/web\/\",\"logo\":{\"@type\":\"ImageObject\",\"inLanguage\":\"es\",\"@id\":\"https:\/\/nomesvending.com\/web\/#\/schema\/logo\/image\/\",\"url\":\"https:\/\/nomesvending.com\/web\/wp-content\/uploads\/2026\/03\/Red-and-White-Modern-Vending-Machine-Services-Instagram-Post.png\",\"contentUrl\":\"https:\/\/nomesvending.com\/web\/wp-content\/uploads\/2026\/03\/Red-and-White-Modern-Vending-Machine-Services-Instagram-Post.png\",\"width\":1080,\"height\":1080,\"caption\":\"Nom\u00e9sVending\"},\"image\":{\"@id\":\"https:\/\/nomesvending.com\/web\/#\/schema\/logo\/image\/\"},\"sameAs\":[\"https:\/\/www.facebook.com\/NomesVending\/\",\"https:\/\/www.instagram.com\/nomesvending\/\"]}]}<\/script>\n<!-- \/ Yoast SEO plugin. -->","yoast_head_json":{"title":"CAPPUCCINO DAVINCI AVELLANA 1Kg - Nomesvending","description":"Disfruta de la deliciosa CAPPUCCINO DAVINCI AVELLANA 1Kg, sin aceite de palma y con un 30% menos de az\u00facar. Ideal para uso profesional y dom\u00e9stico...","robots":{"index":"index","follow":"follow","max-snippet":"max-snippet:-1","max-image-preview":"max-image-preview:large","max-video-preview":"max-video-preview:-1"},"canonical":"https:\/\/nomesvending.com\/web\/tienda\/ofertas\/productos-ofertas\/avellana-del-30-azucar-1kg\/","og_locale":"es_ES","og_type":"article","og_title":"CAPPUCCINO DAVINCI AVELLANA 1Kg - Nomesvending","og_description":"Disfruta de la deliciosa CAPPUCCINO DAVINCI AVELLANA 1Kg, sin aceite de palma y con un 30% menos de az\u00facar. Ideal para uso profesional y dom\u00e9stico...","og_url":"https:\/\/nomesvending.com\/web\/tienda\/ofertas\/productos-ofertas\/avellana-del-30-azucar-1kg\/","og_site_name":"Nomesvending","article_publisher":"https:\/\/www.facebook.com\/NomesVending\/","article_modified_time":"2025-08-07T07:57:51+00:00","og_image":[{"width":500,"height":500,"url":"https:\/\/nomesvending.com\/web\/wp-content\/uploads\/2024\/05\/20631966.jpg","type":"image\/jpeg"}],"twitter_card":"summary_large_image","twitter_misc":{"Tiempo de lectura":"2 minutos"},"schema":{"@context":"https:\/\/schema.org","@graph":[{"@type":"WebPage","@id":"https:\/\/nomesvending.com\/web\/tienda\/ofertas\/productos-ofertas\/avellana-del-30-azucar-1kg\/","url":"https:\/\/nomesvending.com\/web\/tienda\/ofertas\/productos-ofertas\/avellana-del-30-azucar-1kg\/","name":"CAPPUCCINO DAVINCI AVELLANA 1Kg - Nomesvending","isPartOf":{"@id":"https:\/\/nomesvending.com\/web\/#website"},"primaryImageOfPage":{"@id":"https:\/\/nomesvending.com\/web\/tienda\/ofertas\/productos-ofertas\/avellana-del-30-azucar-1kg\/#primaryimage"},"image":{"@id":"https:\/\/nomesvending.com\/web\/tienda\/ofertas\/productos-ofertas\/avellana-del-30-azucar-1kg\/#primaryimage"},"thumbnailUrl":"https:\/\/nomesvending.com\/web\/wp-content\/uploads\/2024\/05\/20631966.jpg","datePublished":"2024-05-22T09:15:59+00:00","dateModified":"2025-08-07T07:57:51+00:00","description":"Disfruta de la deliciosa CAPPUCCINO DAVINCI AVELLANA 1Kg, sin aceite de palma y con un 30% menos de az\u00facar. Ideal para uso profesional y dom\u00e9stico...","breadcrumb":{"@id":"https:\/\/nomesvending.com\/web\/tienda\/ofertas\/productos-ofertas\/avellana-del-30-azucar-1kg\/#breadcrumb"},"inLanguage":"es","potentialAction":[{"@type":"ReadAction","target":["https:\/\/nomesvending.com\/web\/tienda\/ofertas\/productos-ofertas\/avellana-del-30-azucar-1kg\/"]}]},{"@type":"ImageObject","inLanguage":"es","@id":"https:\/\/nomesvending.com\/web\/tienda\/ofertas\/productos-ofertas\/avellana-del-30-azucar-1kg\/#primaryimage","url":"https:\/\/nomesvending.com\/web\/wp-content\/uploads\/2024\/05\/20631966.jpg","contentUrl":"https:\/\/nomesvending.com\/web\/wp-content\/uploads\/2024\/05\/20631966.jpg","width":500,"height":500,"caption":"CREMA AVELLANA 1Kg DAVINCI"},{"@type":"BreadcrumbList","@id":"https:\/\/nomesvending.com\/web\/tienda\/ofertas\/productos-ofertas\/avellana-del-30-azucar-1kg\/#breadcrumb","itemListElement":[{"@type":"ListItem","position":1,"name":"Portada","item":"https:\/\/nomesvending.com\/web\/"},{"@type":"ListItem","position":2,"name":"Tienda","item":"https:\/\/nomesvending.com\/web\/tienda\/"},{"@type":"ListItem","position":3,"name":"CAPPUCCINO DAVINCI AVELLANA 1Kg"}]},{"@type":"WebSite","@id":"https:\/\/nomesvending.com\/web\/#website","url":"https:\/\/nomesvending.com\/web\/","name":"Nom\u00e9sVending","description":"M\u00e1quinas, filtros, recambios, monederos, consumibles y todo lo que necesitas para el mundo del vending. Calidad y tecnolog\u00eda para tu negocio. \u00a1Descubre nuestras soluciones!","publisher":{"@id":"https:\/\/nomesvending.com\/web\/#organization"},"potentialAction":[{"@type":"SearchAction","target":{"@type":"EntryPoint","urlTemplate":"https:\/\/nomesvending.com\/web\/?s={search_term_string}"},"query-input":{"@type":"PropertyValueSpecification","valueRequired":true,"valueName":"search_term_string"}}],"inLanguage":"es"},{"@type":"Organization","@id":"https:\/\/nomesvending.com\/web\/#organization","name":"Nom\u00e9sVending","url":"https:\/\/nomesvending.com\/web\/","logo":{"@type":"ImageObject","inLanguage":"es","@id":"https:\/\/nomesvending.com\/web\/#\/schema\/logo\/image\/","url":"https:\/\/nomesvending.com\/web\/wp-content\/uploads\/2026\/03\/Red-and-White-Modern-Vending-Machine-Services-Instagram-Post.png","contentUrl":"https:\/\/nomesvending.com\/web\/wp-content\/uploads\/2026\/03\/Red-and-White-Modern-Vending-Machine-Services-Instagram-Post.png","width":1080,"height":1080,"caption":"Nom\u00e9sVending"},"image":{"@id":"https:\/\/nomesvending.com\/web\/#\/schema\/logo\/image\/"},"sameAs":["https:\/\/www.facebook.com\/NomesVending\/","https:\/\/www.instagram.com\/nomesvending\/"]}]}},"_links":{"self":[{"href":"https:\/\/nomesvending.com\/web\/wp-json\/wp\/v2\/product\/17309","targetHints":{"allow":["GET"]}}],"collection":[{"href":"https:\/\/nomesvending.com\/web\/wp-json\/wp\/v2\/product"}],"about":[{"href":"https:\/\/nomesvending.com\/web\/wp-json\/wp\/v2\/types\/product"}],"replies":[{"embeddable":true,"href":"https:\/\/nomesvending.com\/web\/wp-json\/wp\/v2\/comments?post=17309"}],"wp:featuredmedia":[{"embeddable":true,"href":"https:\/\/nomesvending.com\/web\/wp-json\/wp\/v2\/media\/25175"}],"wp:attachment":[{"href":"https:\/\/nomesvending.com\/web\/wp-json\/wp\/v2\/media?parent=17309"}],"wp:term":[{"taxonomy":"product_brand","embeddable":true,"href":"https:\/\/nomesvending.com\/web\/wp-json\/wp\/v2\/product_brand?post=17309"},{"taxonomy":"product_cat","embeddable":true,"href":"https:\/\/nomesvending.com\/web\/wp-json\/wp\/v2\/product_cat?post=17309"},{"taxonomy":"product_tag","embeddable":true,"href":"https:\/\/nomesvending.com\/web\/wp-json\/wp\/v2\/product_tag?post=17309"}],"curies":[{"name":"wp","href":"https:\/\/api.w.org\/{rel}","templated":true}]}}