{"id":17310,"date":"2024-05-22T09:15:59","date_gmt":"2024-05-22T09:15:59","guid":{"rendered":"https:\/\/nomesvending.com\/web\/?product=cappuccino-irish-del-30-azucar-1kg"},"modified":"2025-08-07T07:48:08","modified_gmt":"2025-08-07T07:48:08","slug":"cappuccino-irish-del-30-azucar-1kg","status":"publish","type":"product","link":"https:\/\/nomesvending.com\/web\/tienda\/ofertas\/productos-ofertas\/cappuccino-irish-del-30-azucar-1kg\/","title":{"rendered":"Cappuccino IRISH DAVINCI \u2013 del 30% az\u00facar \/ 1Kg"},"content":{"rendered":"<p class=\"\" data-start=\"0\" data-end=\"68\"><strong data-start=\"0\" data-end=\"66\">Cappuccino IRISH DAVINCI \u2013 Sabor Sofisticado y Textura Cremosa<\/strong><\/p>\n<p class=\"\" data-start=\"70\" data-end=\"605\">El <strong data-start=\"73\" data-end=\"101\">Cappuccino IRISH DAVINCI<\/strong> es una experiencia \u00fanica para los amantes del caf\u00e9 que buscan un equilibrio perfecto entre sabor, calidad y bienestar. Inspirado en la esencia del cl\u00e1sico caf\u00e9 irland\u00e9s, esta bebida se distingue por sus notas ricas y profundas, con una textura excepcionalmente cremosa que envuelve el paladar en cada sorbo. Su formulaci\u00f3n tambi\u00e9n ha sido cuidadosamente desarrollada para ofrecer un producto sofisticado y vers\u00e1til, ideal tanto para el uso profesional en cafeter\u00edas y restaurantes como para disfrutar en casa.<\/p>\n<h3 class=\"\" data-start=\"607\" data-end=\"641\">Caracter\u00edsticas del Producto Cappuccino IRISH DAVINCI<\/h3>\n<ul data-start=\"643\" data-end=\"1065\">\n<li class=\"\" data-start=\"643\" data-end=\"776\">\n<p class=\"\" data-start=\"645\" data-end=\"776\"><strong data-start=\"645\" data-end=\"668\">Sin Aceite de Palma<\/strong>: Elaborado sin aceite de palma, garantizando una opci\u00f3n m\u00e1s saludable y respetuosa con el medio ambiente.<\/p>\n<\/li>\n<li class=\"\" data-start=\"777\" data-end=\"898\">\n<p class=\"\" data-start=\"779\" data-end=\"898\"><strong data-start=\"779\" data-end=\"799\">30% Menos Az\u00facar<\/strong>: Dise\u00f1ado para quienes buscan un consumo m\u00e1s equilibrado, sin sacrificar el sabor ni la calidad.<\/p>\n<\/li>\n<li class=\"\" data-start=\"899\" data-end=\"1065\">\n<p class=\"\" data-start=\"901\" data-end=\"1065\"><strong data-start=\"901\" data-end=\"917\">Alta Fluidez<\/strong>: Su f\u00f3rmula ha sido optimizada para un rendimiento impecable en m\u00e1quinas dispensadoras, asegurando una preparaci\u00f3n homog\u00e9nea y sin obstrucciones.<\/p>\n<\/li>\n<\/ul>\n<h3 class=\"\" data-start=\"1067\" data-end=\"1095\">Presentaci\u00f3n y Formato<\/h3>\n<p class=\"\" data-start=\"1097\" data-end=\"1230\">El <strong data-start=\"1100\" data-end=\"1128\">Cappuccino IRISH DAVINCI<\/strong> est\u00e1 disponible en un formato pr\u00e1ctico y funcional que se adapta a diversas necesidades de consumo:<\/p>\n<ul data-start=\"1232\" data-end=\"1496\">\n<li class=\"\" data-start=\"1232\" data-end=\"1294\">\n<p class=\"\" data-start=\"1234\" data-end=\"1294\"><strong data-start=\"1234\" data-end=\"1251\">Bolsa de 1 Kg<\/strong>, ideal para uso profesional o dom\u00e9stico.<\/p>\n<\/li>\n<li class=\"\" data-start=\"1295\" data-end=\"1377\">\n<p class=\"\" data-start=\"1297\" data-end=\"1377\"><strong data-start=\"1297\" data-end=\"1321\">Caja con 10 unidades<\/strong>, permitiendo una mejor organizaci\u00f3n y almacenamiento.<\/p>\n<\/li>\n<li class=\"\" data-start=\"1378\" data-end=\"1496\">\n<p class=\"\" data-start=\"1380\" data-end=\"1496\"><strong data-start=\"1380\" data-end=\"1417\">Palet con 72 cajas (720 unidades)<\/strong>, una opci\u00f3n pensada para distribuidores y establecimientos con alta demanda.<\/p>\n<\/li>\n<\/ul>\n<p class=\"\" data-start=\"1498\" data-end=\"1821\">Este cappuccino ha sido creado para quienes buscan una bebida con car\u00e1cter, sofisticaci\u00f3n y un equilibrio perfecto entre dulzura y cremosidad. Ya que en un entorno profesional o en la comodidad del hogar, eleva la experiencia del caf\u00e9, proporcionando un momento de indulgencia con cada taza.<\/p>\n","protected":false},"excerpt":{"rendered":"<p>*VENTA POR UNIDAD<\/p>\n","protected":false},"featured_media":21451,"comment_status":"open","ping_status":"closed","template":"","meta":[],"product_brand":[235],"product_cat":[115,99,201,202,51],"product_tag":[93,194],"class_list":{"0":"post-17310","1":"product","2":"type-product","3":"status-publish","4":"has-post-thumbnail","6":"product_brand-davinci","7":"product_cat-cappuccinos","8":"product_cat-consumibles","9":"product_cat-ofertas","10":"product_cat-productos-ofertas","11":"product_cat-productos","12":"product_tag-davinci-irish","13":"product_tag-venta-por-unidad","15":"first","16":"instock","17":"sale","18":"taxable","19":"shipping-taxable","20":"purchasable","21":"product-type-simple"},"yoast_head":"<!-- This site is optimized with the Yoast SEO plugin v27.0 - https:\/\/yoast.com\/product\/yoast-seo-wordpress\/ -->\n<title>Cappuccino IRISH DAVINCI \u2013 del 30% az\u00facar \/ 1Kg - Nomesvending<\/title>\n<meta name=\"description\" content=\"Disfruta del sabor sofisticado del Cappuccino IRISH DAVINCI, con notas intensas de caf\u00e9 irland\u00e9s, 30% menos az\u00facar y sin aceite de palma. Ideal para uso...\" \/>\n<meta name=\"robots\" content=\"index, follow, max-snippet:-1, max-image-preview:large, max-video-preview:-1\" \/>\n<link rel=\"canonical\" href=\"https:\/\/nomesvending.com\/web\/tienda\/ofertas\/productos-ofertas\/cappuccino-irish-del-30-azucar-1kg\/\" \/>\n<meta property=\"og:locale\" content=\"es_ES\" \/>\n<meta property=\"og:type\" content=\"article\" \/>\n<meta property=\"og:title\" content=\"Cappuccino IRISH DAVINCI \u2013 del 30% az\u00facar \/ 1Kg - Nomesvending\" \/>\n<meta property=\"og:description\" content=\"Disfruta del sabor sofisticado del Cappuccino IRISH DAVINCI, con notas intensas de caf\u00e9 irland\u00e9s, 30% menos az\u00facar y sin aceite de palma. Ideal para uso...\" \/>\n<meta property=\"og:url\" content=\"https:\/\/nomesvending.com\/web\/tienda\/ofertas\/productos-ofertas\/cappuccino-irish-del-30-azucar-1kg\/\" \/>\n<meta property=\"og:site_name\" content=\"Nomesvending\" \/>\n<meta property=\"article:publisher\" content=\"https:\/\/www.facebook.com\/NomesVending\/\" \/>\n<meta property=\"article:modified_time\" content=\"2025-08-07T07:48:08+00:00\" \/>\n<meta property=\"og:image\" content=\"https:\/\/nomesvending.com\/web\/wp-content\/uploads\/2024\/05\/Diseno-sin-titulo-2.jpg\" \/>\n\t<meta property=\"og:image:width\" content=\"500\" \/>\n\t<meta property=\"og:image:height\" content=\"500\" \/>\n\t<meta property=\"og:image:type\" content=\"image\/jpeg\" \/>\n<meta name=\"twitter:card\" content=\"summary_large_image\" \/>\n<meta name=\"twitter:label1\" content=\"Tiempo de lectura\" \/>\n\t<meta name=\"twitter:data1\" content=\"2 minutos\" \/>\n<script type=\"application\/ld+json\" class=\"yoast-schema-graph\">{\"@context\":\"https:\/\/schema.org\",\"@graph\":[{\"@type\":\"WebPage\",\"@id\":\"https:\/\/nomesvending.com\/web\/tienda\/ofertas\/productos-ofertas\/cappuccino-irish-del-30-azucar-1kg\/\",\"url\":\"https:\/\/nomesvending.com\/web\/tienda\/ofertas\/productos-ofertas\/cappuccino-irish-del-30-azucar-1kg\/\",\"name\":\"Cappuccino IRISH DAVINCI \u2013 del 30% az\u00facar \/ 1Kg - Nomesvending\",\"isPartOf\":{\"@id\":\"https:\/\/nomesvending.com\/web\/#website\"},\"primaryImageOfPage\":{\"@id\":\"https:\/\/nomesvending.com\/web\/tienda\/ofertas\/productos-ofertas\/cappuccino-irish-del-30-azucar-1kg\/#primaryimage\"},\"image\":{\"@id\":\"https:\/\/nomesvending.com\/web\/tienda\/ofertas\/productos-ofertas\/cappuccino-irish-del-30-azucar-1kg\/#primaryimage\"},\"thumbnailUrl\":\"https:\/\/nomesvending.com\/web\/wp-content\/uploads\/2024\/05\/Diseno-sin-titulo-2.jpg\",\"datePublished\":\"2024-05-22T09:15:59+00:00\",\"dateModified\":\"2025-08-07T07:48:08+00:00\",\"description\":\"Disfruta del sabor sofisticado del Cappuccino IRISH DAVINCI, con notas intensas de caf\u00e9 irland\u00e9s, 30% menos az\u00facar y sin aceite de palma. Ideal para uso...\",\"breadcrumb\":{\"@id\":\"https:\/\/nomesvending.com\/web\/tienda\/ofertas\/productos-ofertas\/cappuccino-irish-del-30-azucar-1kg\/#breadcrumb\"},\"inLanguage\":\"es\",\"potentialAction\":[{\"@type\":\"ReadAction\",\"target\":[\"https:\/\/nomesvending.com\/web\/tienda\/ofertas\/productos-ofertas\/cappuccino-irish-del-30-azucar-1kg\/\"]}]},{\"@type\":\"ImageObject\",\"inLanguage\":\"es\",\"@id\":\"https:\/\/nomesvending.com\/web\/tienda\/ofertas\/productos-ofertas\/cappuccino-irish-del-30-azucar-1kg\/#primaryimage\",\"url\":\"https:\/\/nomesvending.com\/web\/wp-content\/uploads\/2024\/05\/Diseno-sin-titulo-2.jpg\",\"contentUrl\":\"https:\/\/nomesvending.com\/web\/wp-content\/uploads\/2024\/05\/Diseno-sin-titulo-2.jpg\",\"width\":500,\"height\":500,\"caption\":\"Cappuccino IRISH DAVINCI\"},{\"@type\":\"BreadcrumbList\",\"@id\":\"https:\/\/nomesvending.com\/web\/tienda\/ofertas\/productos-ofertas\/cappuccino-irish-del-30-azucar-1kg\/#breadcrumb\",\"itemListElement\":[{\"@type\":\"ListItem\",\"position\":1,\"name\":\"Portada\",\"item\":\"https:\/\/nomesvending.com\/web\/\"},{\"@type\":\"ListItem\",\"position\":2,\"name\":\"Tienda\",\"item\":\"https:\/\/nomesvending.com\/web\/tienda\/\"},{\"@type\":\"ListItem\",\"position\":3,\"name\":\"Cappuccino IRISH DAVINCI \u2013 del 30% az\u00facar \/ 1Kg\"}]},{\"@type\":\"WebSite\",\"@id\":\"https:\/\/nomesvending.com\/web\/#website\",\"url\":\"https:\/\/nomesvending.com\/web\/\",\"name\":\"Nom\u00e9sVending\",\"description\":\"M\u00e1quinas, filtros, recambios, monederos, consumibles y todo lo que necesitas para el mundo del vending. Calidad y tecnolog\u00eda para tu negocio. \u00a1Descubre nuestras soluciones!\",\"publisher\":{\"@id\":\"https:\/\/nomesvending.com\/web\/#organization\"},\"potentialAction\":[{\"@type\":\"SearchAction\",\"target\":{\"@type\":\"EntryPoint\",\"urlTemplate\":\"https:\/\/nomesvending.com\/web\/?s={search_term_string}\"},\"query-input\":{\"@type\":\"PropertyValueSpecification\",\"valueRequired\":true,\"valueName\":\"search_term_string\"}}],\"inLanguage\":\"es\"},{\"@type\":\"Organization\",\"@id\":\"https:\/\/nomesvending.com\/web\/#organization\",\"name\":\"Nom\u00e9sVending\",\"url\":\"https:\/\/nomesvending.com\/web\/\",\"logo\":{\"@type\":\"ImageObject\",\"inLanguage\":\"es\",\"@id\":\"https:\/\/nomesvending.com\/web\/#\/schema\/logo\/image\/\",\"url\":\"https:\/\/nomesvending.com\/web\/wp-content\/uploads\/2026\/03\/Red-and-White-Modern-Vending-Machine-Services-Instagram-Post.png\",\"contentUrl\":\"https:\/\/nomesvending.com\/web\/wp-content\/uploads\/2026\/03\/Red-and-White-Modern-Vending-Machine-Services-Instagram-Post.png\",\"width\":1080,\"height\":1080,\"caption\":\"Nom\u00e9sVending\"},\"image\":{\"@id\":\"https:\/\/nomesvending.com\/web\/#\/schema\/logo\/image\/\"},\"sameAs\":[\"https:\/\/www.facebook.com\/NomesVending\/\",\"https:\/\/www.instagram.com\/nomesvending\/\"]}]}<\/script>\n<!-- \/ Yoast SEO plugin. -->","yoast_head_json":{"title":"Cappuccino IRISH DAVINCI \u2013 del 30% az\u00facar \/ 1Kg - Nomesvending","description":"Disfruta del sabor sofisticado del Cappuccino IRISH DAVINCI, con notas intensas de caf\u00e9 irland\u00e9s, 30% menos az\u00facar y sin aceite de palma. Ideal para uso...","robots":{"index":"index","follow":"follow","max-snippet":"max-snippet:-1","max-image-preview":"max-image-preview:large","max-video-preview":"max-video-preview:-1"},"canonical":"https:\/\/nomesvending.com\/web\/tienda\/ofertas\/productos-ofertas\/cappuccino-irish-del-30-azucar-1kg\/","og_locale":"es_ES","og_type":"article","og_title":"Cappuccino IRISH DAVINCI \u2013 del 30% az\u00facar \/ 1Kg - Nomesvending","og_description":"Disfruta del sabor sofisticado del Cappuccino IRISH DAVINCI, con notas intensas de caf\u00e9 irland\u00e9s, 30% menos az\u00facar y sin aceite de palma. Ideal para uso...","og_url":"https:\/\/nomesvending.com\/web\/tienda\/ofertas\/productos-ofertas\/cappuccino-irish-del-30-azucar-1kg\/","og_site_name":"Nomesvending","article_publisher":"https:\/\/www.facebook.com\/NomesVending\/","article_modified_time":"2025-08-07T07:48:08+00:00","og_image":[{"width":500,"height":500,"url":"https:\/\/nomesvending.com\/web\/wp-content\/uploads\/2024\/05\/Diseno-sin-titulo-2.jpg","type":"image\/jpeg"}],"twitter_card":"summary_large_image","twitter_misc":{"Tiempo de lectura":"2 minutos"},"schema":{"@context":"https:\/\/schema.org","@graph":[{"@type":"WebPage","@id":"https:\/\/nomesvending.com\/web\/tienda\/ofertas\/productos-ofertas\/cappuccino-irish-del-30-azucar-1kg\/","url":"https:\/\/nomesvending.com\/web\/tienda\/ofertas\/productos-ofertas\/cappuccino-irish-del-30-azucar-1kg\/","name":"Cappuccino IRISH DAVINCI \u2013 del 30% az\u00facar \/ 1Kg - Nomesvending","isPartOf":{"@id":"https:\/\/nomesvending.com\/web\/#website"},"primaryImageOfPage":{"@id":"https:\/\/nomesvending.com\/web\/tienda\/ofertas\/productos-ofertas\/cappuccino-irish-del-30-azucar-1kg\/#primaryimage"},"image":{"@id":"https:\/\/nomesvending.com\/web\/tienda\/ofertas\/productos-ofertas\/cappuccino-irish-del-30-azucar-1kg\/#primaryimage"},"thumbnailUrl":"https:\/\/nomesvending.com\/web\/wp-content\/uploads\/2024\/05\/Diseno-sin-titulo-2.jpg","datePublished":"2024-05-22T09:15:59+00:00","dateModified":"2025-08-07T07:48:08+00:00","description":"Disfruta del sabor sofisticado del Cappuccino IRISH DAVINCI, con notas intensas de caf\u00e9 irland\u00e9s, 30% menos az\u00facar y sin aceite de palma. Ideal para uso...","breadcrumb":{"@id":"https:\/\/nomesvending.com\/web\/tienda\/ofertas\/productos-ofertas\/cappuccino-irish-del-30-azucar-1kg\/#breadcrumb"},"inLanguage":"es","potentialAction":[{"@type":"ReadAction","target":["https:\/\/nomesvending.com\/web\/tienda\/ofertas\/productos-ofertas\/cappuccino-irish-del-30-azucar-1kg\/"]}]},{"@type":"ImageObject","inLanguage":"es","@id":"https:\/\/nomesvending.com\/web\/tienda\/ofertas\/productos-ofertas\/cappuccino-irish-del-30-azucar-1kg\/#primaryimage","url":"https:\/\/nomesvending.com\/web\/wp-content\/uploads\/2024\/05\/Diseno-sin-titulo-2.jpg","contentUrl":"https:\/\/nomesvending.com\/web\/wp-content\/uploads\/2024\/05\/Diseno-sin-titulo-2.jpg","width":500,"height":500,"caption":"Cappuccino IRISH DAVINCI"},{"@type":"BreadcrumbList","@id":"https:\/\/nomesvending.com\/web\/tienda\/ofertas\/productos-ofertas\/cappuccino-irish-del-30-azucar-1kg\/#breadcrumb","itemListElement":[{"@type":"ListItem","position":1,"name":"Portada","item":"https:\/\/nomesvending.com\/web\/"},{"@type":"ListItem","position":2,"name":"Tienda","item":"https:\/\/nomesvending.com\/web\/tienda\/"},{"@type":"ListItem","position":3,"name":"Cappuccino IRISH DAVINCI \u2013 del 30% az\u00facar \/ 1Kg"}]},{"@type":"WebSite","@id":"https:\/\/nomesvending.com\/web\/#website","url":"https:\/\/nomesvending.com\/web\/","name":"Nom\u00e9sVending","description":"M\u00e1quinas, filtros, recambios, monederos, consumibles y todo lo que necesitas para el mundo del vending. Calidad y tecnolog\u00eda para tu negocio. \u00a1Descubre nuestras soluciones!","publisher":{"@id":"https:\/\/nomesvending.com\/web\/#organization"},"potentialAction":[{"@type":"SearchAction","target":{"@type":"EntryPoint","urlTemplate":"https:\/\/nomesvending.com\/web\/?s={search_term_string}"},"query-input":{"@type":"PropertyValueSpecification","valueRequired":true,"valueName":"search_term_string"}}],"inLanguage":"es"},{"@type":"Organization","@id":"https:\/\/nomesvending.com\/web\/#organization","name":"Nom\u00e9sVending","url":"https:\/\/nomesvending.com\/web\/","logo":{"@type":"ImageObject","inLanguage":"es","@id":"https:\/\/nomesvending.com\/web\/#\/schema\/logo\/image\/","url":"https:\/\/nomesvending.com\/web\/wp-content\/uploads\/2026\/03\/Red-and-White-Modern-Vending-Machine-Services-Instagram-Post.png","contentUrl":"https:\/\/nomesvending.com\/web\/wp-content\/uploads\/2026\/03\/Red-and-White-Modern-Vending-Machine-Services-Instagram-Post.png","width":1080,"height":1080,"caption":"Nom\u00e9sVending"},"image":{"@id":"https:\/\/nomesvending.com\/web\/#\/schema\/logo\/image\/"},"sameAs":["https:\/\/www.facebook.com\/NomesVending\/","https:\/\/www.instagram.com\/nomesvending\/"]}]}},"_links":{"self":[{"href":"https:\/\/nomesvending.com\/web\/wp-json\/wp\/v2\/product\/17310","targetHints":{"allow":["GET"]}}],"collection":[{"href":"https:\/\/nomesvending.com\/web\/wp-json\/wp\/v2\/product"}],"about":[{"href":"https:\/\/nomesvending.com\/web\/wp-json\/wp\/v2\/types\/product"}],"replies":[{"embeddable":true,"href":"https:\/\/nomesvending.com\/web\/wp-json\/wp\/v2\/comments?post=17310"}],"wp:featuredmedia":[{"embeddable":true,"href":"https:\/\/nomesvending.com\/web\/wp-json\/wp\/v2\/media\/21451"}],"wp:attachment":[{"href":"https:\/\/nomesvending.com\/web\/wp-json\/wp\/v2\/media?parent=17310"}],"wp:term":[{"taxonomy":"product_brand","embeddable":true,"href":"https:\/\/nomesvending.com\/web\/wp-json\/wp\/v2\/product_brand?post=17310"},{"taxonomy":"product_cat","embeddable":true,"href":"https:\/\/nomesvending.com\/web\/wp-json\/wp\/v2\/product_cat?post=17310"},{"taxonomy":"product_tag","embeddable":true,"href":"https:\/\/nomesvending.com\/web\/wp-json\/wp\/v2\/product_tag?post=17310"}],"curies":[{"name":"wp","href":"https:\/\/api.w.org\/{rel}","templated":true}]}}