{"id":17690,"date":"2024-06-12T06:42:56","date_gmt":"2024-06-12T06:42:56","guid":{"rendered":"https:\/\/nomesvending.com\/web\/?post_type=product&#038;p=17690"},"modified":"2026-03-12T14:35:32","modified_gmt":"2026-03-12T14:35:32","slug":"natwins-fresa-yogur-y-chocolate-45gr","status":"publish","type":"product","link":"https:\/\/nomesvending.com\/web\/tienda\/productos\/snacks\/snacks-snacks\/natwins-fresa-yogur-y-chocolate-45gr\/","title":{"rendered":"NATWINS Fresa, yogur y chocolate &#8211; 21udsX45gr"},"content":{"rendered":"<h3 class=\"\" data-start=\"0\" data-end=\"68\"><strong data-start=\"4\" data-end=\"68\">Galletas NATWINS Fresa yogur chocolate \u2013 Pack de 21 Estuches<\/strong><\/h3>\n<p class=\"\" data-start=\"70\" data-end=\"538\">Disfruta de unas deliciosas NATWINS Fresa yogur chocolate, una combinaci\u00f3n perfecta de <strong data-start=\"170\" data-end=\"193\">chocolate con leche<\/strong>, <strong data-start=\"195\" data-end=\"204\">fresa<\/strong>, <strong data-start=\"206\" data-end=\"219\">ar\u00e1ndanos<\/strong> y <strong data-start=\"222\" data-end=\"235\">almendras<\/strong>. Estas galletas est\u00e1n elaboradas con <strong data-start=\"273\" data-end=\"292\">harina de trigo<\/strong>, <strong data-start=\"294\" data-end=\"316\">aceites de girasol<\/strong>, <strong data-start=\"318\" data-end=\"336\">copos de avena<\/strong>y un toque especial de <strong data-start=\"360\" data-end=\"369\">yogur<\/strong> para proporcionar una textura suave y un sabor irresistible. Con su mezcla \u00fanica de ingredientes, son ideales para aquellos que buscan un snack delicioso y refrescante.<\/p>\n<p class=\"\" data-start=\"540\" data-end=\"849\">Cada <strong data-start=\"545\" data-end=\"574\">caja contiene 21 estuches<\/strong>, con <strong data-start=\"580\" data-end=\"606\">5 galletas por estuche<\/strong>, lo que las hace perfectas para disfrutar durante el d\u00eda o compartir en cualquier ocasi\u00f3n. Adem\u00e1s, el <strong data-start=\"709\" data-end=\"745\">palet completo incluye 225 cajas<\/strong>, ideal para distribuidores, tiendas o empresas que deseen ofrecer este producto sabroso a sus clientes.<\/p>\n<h3 class=\"\" data-start=\"851\" data-end=\"885\"><strong data-start=\"855\" data-end=\"883\">Ingredientes Principales de las NATWINS Fresa yogur chocolate<\/strong><\/h3>\n<ul data-start=\"886\" data-end=\"1568\">\n<li class=\"\" data-start=\"886\" data-end=\"909\">\n<p class=\"\" data-start=\"888\" data-end=\"909\"><strong data-start=\"888\" data-end=\"907\">Harina de trigo<\/strong><\/p>\n<\/li>\n<li class=\"\" data-start=\"910\" data-end=\"936\">\n<p class=\"\" data-start=\"912\" data-end=\"936\"><strong data-start=\"912\" data-end=\"934\">Aceites de girasol<\/strong><\/p>\n<\/li>\n<li class=\"\" data-start=\"937\" data-end=\"975\">\n<p class=\"\" data-start=\"939\" data-end=\"975\"><strong data-start=\"939\" data-end=\"973\">Az\u00facar moreno de ca\u00f1a integral<\/strong><\/p>\n<\/li>\n<li class=\"\" data-start=\"976\" data-end=\"1005\">\n<p class=\"\" data-start=\"978\" data-end=\"1005\"><strong data-start=\"978\" data-end=\"1003\">Copos de avena (8,5%)<\/strong><\/p>\n<\/li>\n<li class=\"\" data-start=\"1006\" data-end=\"1199\">\n<p class=\"\" data-start=\"1008\" data-end=\"1199\"><strong data-start=\"1008\" data-end=\"1038\">Chocolate con leche (7,5%)<\/strong> (con az\u00facar, leche en polvo, manteca de cacao, pasta de cacao, suero de leche en polvo, leche desnatada en polvo, emulgente: lecitina de soja y aroma natural)<\/p>\n<\/li>\n<li class=\"\" data-start=\"1200\" data-end=\"1226\">\n<p class=\"\" data-start=\"1202\" data-end=\"1226\"><strong data-start=\"1202\" data-end=\"1224\">Trozos de almendra<\/strong><\/p>\n<\/li>\n<li class=\"\" data-start=\"1227\" data-end=\"1265\">\n<p class=\"\" data-start=\"1229\" data-end=\"1265\"><strong data-start=\"1229\" data-end=\"1242\">Ar\u00e1ndanos<\/strong> (ar\u00e1ndanos y az\u00facar)<\/p>\n<\/li>\n<li class=\"\" data-start=\"1266\" data-end=\"1295\">\n<p class=\"\" data-start=\"1268\" data-end=\"1295\"><strong data-start=\"1268\" data-end=\"1293\">Copos de espelta (3%)<\/strong><\/p>\n<\/li>\n<li class=\"\" data-start=\"1296\" data-end=\"1318\">\n<p class=\"\" data-start=\"1298\" data-end=\"1318\"><strong data-start=\"1298\" data-end=\"1316\">Huevos frescos<\/strong><\/p>\n<\/li>\n<li class=\"\" data-start=\"1319\" data-end=\"1389\">\n<p class=\"\" data-start=\"1321\" data-end=\"1389\"><strong data-start=\"1321\" data-end=\"1350\">Preparado de fresa (1,5%)<\/strong> (fresa en polvo 50% y maltodextrina)<\/p>\n<\/li>\n<li class=\"\" data-start=\"1390\" data-end=\"1410\">\n<p class=\"\" data-start=\"1392\" data-end=\"1410\"><strong data-start=\"1392\" data-end=\"1408\">Yogur (0,9%)<\/strong><\/p>\n<\/li>\n<li class=\"\" data-start=\"1411\" data-end=\"1446\">\n<p class=\"\" data-start=\"1413\" data-end=\"1446\"><strong data-start=\"1413\" data-end=\"1444\">Sales minerales de la leche<\/strong><\/p>\n<\/li>\n<li class=\"\" data-start=\"1447\" data-end=\"1568\">\n<p class=\"\" data-start=\"1449\" data-end=\"1568\"><strong data-start=\"1449\" data-end=\"1465\">Gasificantes<\/strong> (bicarbonato am\u00f3nico y bicarbonato de sodio), <strong data-start=\"1512\" data-end=\"1519\">sal<\/strong>, <strong data-start=\"1521\" data-end=\"1543\">extracto de romero<\/strong> y <strong data-start=\"1546\" data-end=\"1566\">aromas naturales<\/strong><\/p>\n<\/li>\n<\/ul>\n<h3 class=\"\" data-start=\"1570\" data-end=\"1595\"><strong data-start=\"1574\" data-end=\"1593\">Caracter\u00edsticas<\/strong><\/h3>\n<ul data-start=\"1596\" data-end=\"1851\">\n<li class=\"\" data-start=\"1596\" data-end=\"1659\">\n<p class=\"\" data-start=\"1598\" data-end=\"1659\"><strong data-start=\"1598\" data-end=\"1657\">Sabor fresco y delicioso de fresa y chocolate con leche<\/strong><\/p>\n<\/li>\n<li class=\"\" data-start=\"1660\" data-end=\"1737\">\n<p class=\"\" data-start=\"1662\" data-end=\"1737\"><strong data-start=\"1662\" data-end=\"1735\">Contiene ar\u00e1ndanos y almendras para un toque extra de sabor y textura<\/strong><\/p>\n<\/li>\n<li class=\"\" data-start=\"1738\" data-end=\"1777\">\n<p class=\"\" data-start=\"1740\" data-end=\"1777\"><strong data-start=\"1740\" data-end=\"1775\">Puede contener trazas de s\u00e9samo<\/strong><\/p>\n<\/li>\n<li class=\"\" data-start=\"1778\" data-end=\"1851\">\n<p class=\"\" data-start=\"1780\" data-end=\"1851\"><strong data-start=\"1780\" data-end=\"1851\">Aromas naturales y antioxidantes para un sabor m\u00e1s fresco y natural<\/strong><\/p>\n<\/li>\n<\/ul>\n<p class=\"\" data-start=\"1853\" data-end=\"2041\">Estas galletas son ideales para disfrutar como un snack delicioso y saludable en cualquier momento del d\u00eda. Su sabor \u00fanico de fresa y chocolate har\u00e1 que te enamores desde el primer bocado.<\/p>\n<h3 class=\"\" data-start=\"2043\" data-end=\"2143\"><strong data-start=\"2047\" data-end=\"2143\">\u00a1Haz tu pedido ahora y disfruta del delicioso sabor de estas galletas con fresa y chocolate!<\/strong><\/h3>\n","protected":false},"excerpt":{"rendered":"<p>*VENTA POR CAJA DE 21 Estuches x 5 Unidades<\/p>\n","protected":false},"featured_media":21529,"comment_status":"open","ping_status":"closed","template":"","meta":[],"product_brand":[231],"product_cat":[51,107,95],"product_tag":[119],"class_list":{"0":"post-17690","1":"product","2":"type-product","3":"status-publish","4":"has-post-thumbnail","6":"product_brand-natwins","7":"product_cat-productos","8":"product_cat-snacks-snacks","9":"product_cat-snacks","10":"product_tag-natwins","12":"first","13":"instock","14":"taxable","15":"shipping-taxable","16":"purchasable","17":"product-type-simple"},"yoast_head":"<!-- This site is optimized with the Yoast SEO plugin v27.0 - https:\/\/yoast.com\/product\/yoast-seo-wordpress\/ -->\n<title>NATWINS Fresa, yogur y chocolate - 21udsX45gr - Nomesvending<\/title>\n<meta name=\"description\" content=\"NATWINS Fresa yogur chocolate, con trozos de almendra, ar\u00e1ndanos y un toque de yogur. Caja de 21 estuches con 5 galletas cada uno....\" \/>\n<meta name=\"robots\" content=\"index, follow, max-snippet:-1, max-image-preview:large, max-video-preview:-1\" \/>\n<link rel=\"canonical\" href=\"https:\/\/nomesvending.com\/web\/tienda\/productos\/snacks\/snacks-snacks\/natwins-fresa-yogur-y-chocolate-45gr\/\" \/>\n<meta property=\"og:locale\" content=\"es_ES\" \/>\n<meta property=\"og:type\" content=\"article\" \/>\n<meta property=\"og:title\" content=\"NATWINS Fresa, yogur y chocolate - 21udsX45gr - Nomesvending\" \/>\n<meta property=\"og:description\" content=\"NATWINS Fresa yogur chocolate, con trozos de almendra, ar\u00e1ndanos y un toque de yogur. Caja de 21 estuches con 5 galletas cada uno....\" \/>\n<meta property=\"og:url\" content=\"https:\/\/nomesvending.com\/web\/tienda\/productos\/snacks\/snacks-snacks\/natwins-fresa-yogur-y-chocolate-45gr\/\" \/>\n<meta property=\"og:site_name\" content=\"Nomesvending\" \/>\n<meta property=\"article:publisher\" content=\"https:\/\/www.facebook.com\/NomesVending\/\" \/>\n<meta property=\"article:modified_time\" content=\"2026-03-12T14:35:32+00:00\" \/>\n<meta property=\"og:image\" content=\"https:\/\/nomesvending.com\/web\/wp-content\/uploads\/2024\/06\/A09967.png\" \/>\n\t<meta property=\"og:image:width\" content=\"500\" \/>\n\t<meta property=\"og:image:height\" content=\"500\" \/>\n\t<meta property=\"og:image:type\" content=\"image\/png\" \/>\n<meta name=\"twitter:card\" content=\"summary_large_image\" \/>\n<meta name=\"twitter:label1\" content=\"Tiempo de lectura\" \/>\n\t<meta name=\"twitter:data1\" content=\"2 minutos\" \/>\n<script type=\"application\/ld+json\" class=\"yoast-schema-graph\">{\"@context\":\"https:\/\/schema.org\",\"@graph\":[{\"@type\":\"WebPage\",\"@id\":\"https:\/\/nomesvending.com\/web\/tienda\/productos\/snacks\/snacks-snacks\/natwins-fresa-yogur-y-chocolate-45gr\/\",\"url\":\"https:\/\/nomesvending.com\/web\/tienda\/productos\/snacks\/snacks-snacks\/natwins-fresa-yogur-y-chocolate-45gr\/\",\"name\":\"NATWINS Fresa, yogur y chocolate - 21udsX45gr - Nomesvending\",\"isPartOf\":{\"@id\":\"https:\/\/nomesvending.com\/web\/#website\"},\"primaryImageOfPage\":{\"@id\":\"https:\/\/nomesvending.com\/web\/tienda\/productos\/snacks\/snacks-snacks\/natwins-fresa-yogur-y-chocolate-45gr\/#primaryimage\"},\"image\":{\"@id\":\"https:\/\/nomesvending.com\/web\/tienda\/productos\/snacks\/snacks-snacks\/natwins-fresa-yogur-y-chocolate-45gr\/#primaryimage\"},\"thumbnailUrl\":\"https:\/\/nomesvending.com\/web\/wp-content\/uploads\/2024\/06\/A09967.png\",\"datePublished\":\"2024-06-12T06:42:56+00:00\",\"dateModified\":\"2026-03-12T14:35:32+00:00\",\"description\":\"NATWINS Fresa yogur chocolate, con trozos de almendra, ar\u00e1ndanos y un toque de yogur. Caja de 21 estuches con 5 galletas cada uno....\",\"breadcrumb\":{\"@id\":\"https:\/\/nomesvending.com\/web\/tienda\/productos\/snacks\/snacks-snacks\/natwins-fresa-yogur-y-chocolate-45gr\/#breadcrumb\"},\"inLanguage\":\"es\",\"potentialAction\":[{\"@type\":\"ReadAction\",\"target\":[\"https:\/\/nomesvending.com\/web\/tienda\/productos\/snacks\/snacks-snacks\/natwins-fresa-yogur-y-chocolate-45gr\/\"]}]},{\"@type\":\"ImageObject\",\"inLanguage\":\"es\",\"@id\":\"https:\/\/nomesvending.com\/web\/tienda\/productos\/snacks\/snacks-snacks\/natwins-fresa-yogur-y-chocolate-45gr\/#primaryimage\",\"url\":\"https:\/\/nomesvending.com\/web\/wp-content\/uploads\/2024\/06\/A09967.png\",\"contentUrl\":\"https:\/\/nomesvending.com\/web\/wp-content\/uploads\/2024\/06\/A09967.png\",\"width\":500,\"height\":500,\"caption\":\"NATWINS Fresa yogur chocolate\"},{\"@type\":\"BreadcrumbList\",\"@id\":\"https:\/\/nomesvending.com\/web\/tienda\/productos\/snacks\/snacks-snacks\/natwins-fresa-yogur-y-chocolate-45gr\/#breadcrumb\",\"itemListElement\":[{\"@type\":\"ListItem\",\"position\":1,\"name\":\"Portada\",\"item\":\"https:\/\/nomesvending.com\/web\/\"},{\"@type\":\"ListItem\",\"position\":2,\"name\":\"Tienda\",\"item\":\"https:\/\/nomesvending.com\/web\/tienda\/\"},{\"@type\":\"ListItem\",\"position\":3,\"name\":\"NATWINS Fresa, yogur y chocolate &#8211; 21udsX45gr\"}]},{\"@type\":\"WebSite\",\"@id\":\"https:\/\/nomesvending.com\/web\/#website\",\"url\":\"https:\/\/nomesvending.com\/web\/\",\"name\":\"Nom\u00e9sVending\",\"description\":\"M\u00e1quinas, filtros, recambios, monederos, consumibles y todo lo que necesitas para el mundo del vending. Calidad y tecnolog\u00eda para tu negocio. \u00a1Descubre nuestras soluciones!\",\"publisher\":{\"@id\":\"https:\/\/nomesvending.com\/web\/#organization\"},\"potentialAction\":[{\"@type\":\"SearchAction\",\"target\":{\"@type\":\"EntryPoint\",\"urlTemplate\":\"https:\/\/nomesvending.com\/web\/?s={search_term_string}\"},\"query-input\":{\"@type\":\"PropertyValueSpecification\",\"valueRequired\":true,\"valueName\":\"search_term_string\"}}],\"inLanguage\":\"es\"},{\"@type\":\"Organization\",\"@id\":\"https:\/\/nomesvending.com\/web\/#organization\",\"name\":\"Nom\u00e9sVending\",\"url\":\"https:\/\/nomesvending.com\/web\/\",\"logo\":{\"@type\":\"ImageObject\",\"inLanguage\":\"es\",\"@id\":\"https:\/\/nomesvending.com\/web\/#\/schema\/logo\/image\/\",\"url\":\"https:\/\/nomesvending.com\/web\/wp-content\/uploads\/2026\/03\/Red-and-White-Modern-Vending-Machine-Services-Instagram-Post.png\",\"contentUrl\":\"https:\/\/nomesvending.com\/web\/wp-content\/uploads\/2026\/03\/Red-and-White-Modern-Vending-Machine-Services-Instagram-Post.png\",\"width\":1080,\"height\":1080,\"caption\":\"Nom\u00e9sVending\"},\"image\":{\"@id\":\"https:\/\/nomesvending.com\/web\/#\/schema\/logo\/image\/\"},\"sameAs\":[\"https:\/\/www.facebook.com\/NomesVending\/\",\"https:\/\/www.instagram.com\/nomesvending\/\"]}]}<\/script>\n<!-- \/ Yoast SEO plugin. -->","yoast_head_json":{"title":"NATWINS Fresa, yogur y chocolate - 21udsX45gr - Nomesvending","description":"NATWINS Fresa yogur chocolate, con trozos de almendra, ar\u00e1ndanos y un toque de yogur. Caja de 21 estuches con 5 galletas cada uno....","robots":{"index":"index","follow":"follow","max-snippet":"max-snippet:-1","max-image-preview":"max-image-preview:large","max-video-preview":"max-video-preview:-1"},"canonical":"https:\/\/nomesvending.com\/web\/tienda\/productos\/snacks\/snacks-snacks\/natwins-fresa-yogur-y-chocolate-45gr\/","og_locale":"es_ES","og_type":"article","og_title":"NATWINS Fresa, yogur y chocolate - 21udsX45gr - Nomesvending","og_description":"NATWINS Fresa yogur chocolate, con trozos de almendra, ar\u00e1ndanos y un toque de yogur. Caja de 21 estuches con 5 galletas cada uno....","og_url":"https:\/\/nomesvending.com\/web\/tienda\/productos\/snacks\/snacks-snacks\/natwins-fresa-yogur-y-chocolate-45gr\/","og_site_name":"Nomesvending","article_publisher":"https:\/\/www.facebook.com\/NomesVending\/","article_modified_time":"2026-03-12T14:35:32+00:00","og_image":[{"width":500,"height":500,"url":"https:\/\/nomesvending.com\/web\/wp-content\/uploads\/2024\/06\/A09967.png","type":"image\/png"}],"twitter_card":"summary_large_image","twitter_misc":{"Tiempo de lectura":"2 minutos"},"schema":{"@context":"https:\/\/schema.org","@graph":[{"@type":"WebPage","@id":"https:\/\/nomesvending.com\/web\/tienda\/productos\/snacks\/snacks-snacks\/natwins-fresa-yogur-y-chocolate-45gr\/","url":"https:\/\/nomesvending.com\/web\/tienda\/productos\/snacks\/snacks-snacks\/natwins-fresa-yogur-y-chocolate-45gr\/","name":"NATWINS Fresa, yogur y chocolate - 21udsX45gr - Nomesvending","isPartOf":{"@id":"https:\/\/nomesvending.com\/web\/#website"},"primaryImageOfPage":{"@id":"https:\/\/nomesvending.com\/web\/tienda\/productos\/snacks\/snacks-snacks\/natwins-fresa-yogur-y-chocolate-45gr\/#primaryimage"},"image":{"@id":"https:\/\/nomesvending.com\/web\/tienda\/productos\/snacks\/snacks-snacks\/natwins-fresa-yogur-y-chocolate-45gr\/#primaryimage"},"thumbnailUrl":"https:\/\/nomesvending.com\/web\/wp-content\/uploads\/2024\/06\/A09967.png","datePublished":"2024-06-12T06:42:56+00:00","dateModified":"2026-03-12T14:35:32+00:00","description":"NATWINS Fresa yogur chocolate, con trozos de almendra, ar\u00e1ndanos y un toque de yogur. Caja de 21 estuches con 5 galletas cada uno....","breadcrumb":{"@id":"https:\/\/nomesvending.com\/web\/tienda\/productos\/snacks\/snacks-snacks\/natwins-fresa-yogur-y-chocolate-45gr\/#breadcrumb"},"inLanguage":"es","potentialAction":[{"@type":"ReadAction","target":["https:\/\/nomesvending.com\/web\/tienda\/productos\/snacks\/snacks-snacks\/natwins-fresa-yogur-y-chocolate-45gr\/"]}]},{"@type":"ImageObject","inLanguage":"es","@id":"https:\/\/nomesvending.com\/web\/tienda\/productos\/snacks\/snacks-snacks\/natwins-fresa-yogur-y-chocolate-45gr\/#primaryimage","url":"https:\/\/nomesvending.com\/web\/wp-content\/uploads\/2024\/06\/A09967.png","contentUrl":"https:\/\/nomesvending.com\/web\/wp-content\/uploads\/2024\/06\/A09967.png","width":500,"height":500,"caption":"NATWINS Fresa yogur chocolate"},{"@type":"BreadcrumbList","@id":"https:\/\/nomesvending.com\/web\/tienda\/productos\/snacks\/snacks-snacks\/natwins-fresa-yogur-y-chocolate-45gr\/#breadcrumb","itemListElement":[{"@type":"ListItem","position":1,"name":"Portada","item":"https:\/\/nomesvending.com\/web\/"},{"@type":"ListItem","position":2,"name":"Tienda","item":"https:\/\/nomesvending.com\/web\/tienda\/"},{"@type":"ListItem","position":3,"name":"NATWINS Fresa, yogur y chocolate &#8211; 21udsX45gr"}]},{"@type":"WebSite","@id":"https:\/\/nomesvending.com\/web\/#website","url":"https:\/\/nomesvending.com\/web\/","name":"Nom\u00e9sVending","description":"M\u00e1quinas, filtros, recambios, monederos, consumibles y todo lo que necesitas para el mundo del vending. Calidad y tecnolog\u00eda para tu negocio. \u00a1Descubre nuestras soluciones!","publisher":{"@id":"https:\/\/nomesvending.com\/web\/#organization"},"potentialAction":[{"@type":"SearchAction","target":{"@type":"EntryPoint","urlTemplate":"https:\/\/nomesvending.com\/web\/?s={search_term_string}"},"query-input":{"@type":"PropertyValueSpecification","valueRequired":true,"valueName":"search_term_string"}}],"inLanguage":"es"},{"@type":"Organization","@id":"https:\/\/nomesvending.com\/web\/#organization","name":"Nom\u00e9sVending","url":"https:\/\/nomesvending.com\/web\/","logo":{"@type":"ImageObject","inLanguage":"es","@id":"https:\/\/nomesvending.com\/web\/#\/schema\/logo\/image\/","url":"https:\/\/nomesvending.com\/web\/wp-content\/uploads\/2026\/03\/Red-and-White-Modern-Vending-Machine-Services-Instagram-Post.png","contentUrl":"https:\/\/nomesvending.com\/web\/wp-content\/uploads\/2026\/03\/Red-and-White-Modern-Vending-Machine-Services-Instagram-Post.png","width":1080,"height":1080,"caption":"Nom\u00e9sVending"},"image":{"@id":"https:\/\/nomesvending.com\/web\/#\/schema\/logo\/image\/"},"sameAs":["https:\/\/www.facebook.com\/NomesVending\/","https:\/\/www.instagram.com\/nomesvending\/"]}]}},"_links":{"self":[{"href":"https:\/\/nomesvending.com\/web\/wp-json\/wp\/v2\/product\/17690","targetHints":{"allow":["GET"]}}],"collection":[{"href":"https:\/\/nomesvending.com\/web\/wp-json\/wp\/v2\/product"}],"about":[{"href":"https:\/\/nomesvending.com\/web\/wp-json\/wp\/v2\/types\/product"}],"replies":[{"embeddable":true,"href":"https:\/\/nomesvending.com\/web\/wp-json\/wp\/v2\/comments?post=17690"}],"wp:featuredmedia":[{"embeddable":true,"href":"https:\/\/nomesvending.com\/web\/wp-json\/wp\/v2\/media\/21529"}],"wp:attachment":[{"href":"https:\/\/nomesvending.com\/web\/wp-json\/wp\/v2\/media?parent=17690"}],"wp:term":[{"taxonomy":"product_brand","embeddable":true,"href":"https:\/\/nomesvending.com\/web\/wp-json\/wp\/v2\/product_brand?post=17690"},{"taxonomy":"product_cat","embeddable":true,"href":"https:\/\/nomesvending.com\/web\/wp-json\/wp\/v2\/product_cat?post=17690"},{"taxonomy":"product_tag","embeddable":true,"href":"https:\/\/nomesvending.com\/web\/wp-json\/wp\/v2\/product_tag?post=17690"}],"curies":[{"name":"wp","href":"https:\/\/api.w.org\/{rel}","templated":true}]}}