{"id":17694,"date":"2024-06-12T06:47:51","date_gmt":"2024-06-12T06:47:51","guid":{"rendered":"https:\/\/nomesvending.com\/web\/?post_type=product&#038;p=17694"},"modified":"2026-03-12T14:34:16","modified_gmt":"2026-03-12T14:34:16","slug":"natwins-dos-chocolates-y-yogur-45gr","status":"publish","type":"product","link":"https:\/\/nomesvending.com\/web\/tienda\/productos\/snacks\/snacks-snacks\/natwins-dos-chocolates-y-yogur-45gr\/","title":{"rendered":"NATWINS Tres chocolates y yogur \u2013 21udsX45gr"},"content":{"rendered":"<h3 class=\"\" data-start=\"0\" data-end=\"60\"><strong data-start=\"4\" data-end=\"60\">Galletas con Sabor a Chocolate \u2013 Pack de 21 Estuches<\/strong><\/h3>\n<p class=\"\" data-start=\"62\" data-end=\"473\">Disfruta de unas deliciosas NATWINS Tres chocolates y yogur, una mezcla irresistible de <strong data-start=\"153\" data-end=\"192\">chocolate negro, blanco y con leche<\/strong>, acompa\u00f1ada de <strong data-start=\"208\" data-end=\"221\">almendras<\/strong>, <strong data-start=\"223\" data-end=\"241\">copos de avena<\/strong> y <strong data-start=\"244\" data-end=\"264\">copos de espelta<\/strong>. Cada galleta est\u00e1 elaborada con <strong data-start=\"298\" data-end=\"317\">harina de trigo<\/strong>, <strong data-start=\"319\" data-end=\"353\">az\u00facar moreno de ca\u00f1a integral<\/strong> y <strong data-start=\"356\" data-end=\"377\">aceite de girasol<\/strong>, lo que le otorga una textura suave y un sabor \u00fanico que encantar\u00e1 a los amantes del chocolate.<\/p>\n<p class=\"\" data-start=\"475\" data-end=\"800\">Cada <strong data-start=\"480\" data-end=\"509\">caja contiene 21 estuches<\/strong>, con <strong data-start=\"515\" data-end=\"541\">5 galletas por estuche<\/strong>, lo que las hace ideales para disfrutar en cualquier momento o compartir con amigos y familiares. Adem\u00e1s, el <strong data-start=\"651\" data-end=\"687\">palet completo incluye 225 cajas<\/strong>, lo que es perfecto para distribuidores, tiendas o negocios que busquen ofrecer un snack delicioso y de calidad.<\/p>\n<h3 class=\"\" data-start=\"802\" data-end=\"836\"><strong data-start=\"806\" data-end=\"834\">Ingredientes Principales de las NATWINS Tres chocolates y yogur<\/strong><\/h3>\n<ul data-start=\"837\" data-end=\"1652\">\n<li class=\"\" data-start=\"837\" data-end=\"860\">\n<p class=\"\" data-start=\"839\" data-end=\"860\"><strong data-start=\"839\" data-end=\"858\">Harina de trigo<\/strong><\/p>\n<\/li>\n<li class=\"\" data-start=\"861\" data-end=\"899\">\n<p class=\"\" data-start=\"863\" data-end=\"899\"><strong data-start=\"863\" data-end=\"897\">Az\u00facar moreno de ca\u00f1a integral<\/strong><\/p>\n<\/li>\n<li class=\"\" data-start=\"900\" data-end=\"927\">\n<p class=\"\" data-start=\"902\" data-end=\"927\"><strong data-start=\"902\" data-end=\"925\">Copos de avena (7%)<\/strong><\/p>\n<\/li>\n<li class=\"\" data-start=\"928\" data-end=\"1061\">\n<p class=\"\" data-start=\"930\" data-end=\"1061\"><strong data-start=\"930\" data-end=\"954\">Chocolate negro (6%)<\/strong> (con az\u00facar, pasta de cacao, manteca de cacao, cacao desgrasado en polvo, y emulgente: lecitina de soja)<\/p>\n<\/li>\n<li class=\"\" data-start=\"1062\" data-end=\"1088\">\n<p class=\"\" data-start=\"1064\" data-end=\"1088\"><strong data-start=\"1064\" data-end=\"1086\">Trozos de almendra<\/strong><\/p>\n<\/li>\n<li class=\"\" data-start=\"1089\" data-end=\"1223\">\n<p class=\"\" data-start=\"1091\" data-end=\"1223\"><strong data-start=\"1091\" data-end=\"1121\">Chocolate con leche (3,5%)<\/strong> (con az\u00facar, leche en polvo, leche desnatada en polvo, emulgente: lecitina de soja y aroma natural)<\/p>\n<\/li>\n<li class=\"\" data-start=\"1224\" data-end=\"1253\">\n<p class=\"\" data-start=\"1226\" data-end=\"1253\"><strong data-start=\"1226\" data-end=\"1251\">Copos de espelta (3%)<\/strong><\/p>\n<\/li>\n<li class=\"\" data-start=\"1254\" data-end=\"1403\">\n<p class=\"\" data-start=\"1256\" data-end=\"1403\"><strong data-start=\"1256\" data-end=\"1283\">Chocolate blanco (2,5%)<\/strong> (con az\u00facar, leche en polvo, manteca de cacao, leche desnatada en polvo, emulgente: lecitina de soja y aroma natural)<\/p>\n<\/li>\n<li class=\"\" data-start=\"1404\" data-end=\"1466\">\n<p class=\"\" data-start=\"1406\" data-end=\"1466\"><strong data-start=\"1406\" data-end=\"1464\">Leche desnatada en polvo, huevos frescos, yogur (1,5%)<\/strong><\/p>\n<\/li>\n<li class=\"\" data-start=\"1467\" data-end=\"1529\">\n<p class=\"\" data-start=\"1469\" data-end=\"1529\"><strong data-start=\"1469\" data-end=\"1527\">Sales minerales de la leche, cacao desgrasado en polvo<\/strong><\/p>\n<\/li>\n<li class=\"\" data-start=\"1530\" data-end=\"1652\">\n<p class=\"\" data-start=\"1532\" data-end=\"1652\"><strong data-start=\"1532\" data-end=\"1548\">Gasificantes<\/strong> (bicarbonato am\u00f3nico y bicarbonato de sodio), <strong data-start=\"1595\" data-end=\"1602\">sal<\/strong>, <strong data-start=\"1604\" data-end=\"1626\">extracto de romero<\/strong>, y <strong data-start=\"1630\" data-end=\"1650\">aromas naturales<\/strong><\/p>\n<\/li>\n<\/ul>\n<h3 class=\"\" data-start=\"1654\" data-end=\"1679\"><strong data-start=\"1658\" data-end=\"1677\">Caracter\u00edsticas<\/strong><\/h3>\n<ul data-start=\"1680\" data-end=\"1869\">\n<li class=\"\" data-start=\"1680\" data-end=\"1749\">\n<p class=\"\" data-start=\"1682\" data-end=\"1749\"><strong data-start=\"1682\" data-end=\"1747\">Contiene una mezcla de chocolates (negro, blanco y con leche)<\/strong><\/p>\n<\/li>\n<li class=\"\" data-start=\"1750\" data-end=\"1815\">\n<p class=\"\" data-start=\"1752\" data-end=\"1815\"><strong data-start=\"1752\" data-end=\"1813\">Puede contener trazas de frutos secos de c\u00e1scara y s\u00e9samo<\/strong><\/p>\n<\/li>\n<li class=\"\" data-start=\"1816\" data-end=\"1869\">\n<p class=\"\" data-start=\"1818\" data-end=\"1869\"><strong data-start=\"1818\" data-end=\"1867\">Producto con aromas naturales y antioxidantes<\/strong><\/p>\n<\/li>\n<\/ul>\n<p class=\"\" data-start=\"1871\" data-end=\"2090\">Estas galletas son ideales para quienes buscan un snack delicioso, con una combinaci\u00f3n de sabores de chocolate y un toque de almendra y avena. Son perfectas para cualquier momento del d\u00eda y para compartir con los dem\u00e1s.<\/p>\n<h3 class=\"\" data-start=\"2092\" data-end=\"2203\"><strong data-start=\"2096\" data-end=\"2203\">\u00a1Haz tu pedido ahora y disfruta del sabor de estas galletas con chocolate en su variedad m\u00e1s deliciosa!<\/strong><\/h3>\n","protected":false},"excerpt":{"rendered":"<p>*VENTA POR CAJA DE 21 Estuches x 5 Unidades<\/p>\n","protected":false},"featured_media":21534,"comment_status":"open","ping_status":"closed","template":"","meta":[],"product_brand":[231],"product_cat":[107,95,51],"product_tag":[119],"class_list":{"0":"post-17694","1":"product","2":"type-product","3":"status-publish","4":"has-post-thumbnail","6":"product_brand-natwins","7":"product_cat-snacks-snacks","8":"product_cat-snacks","9":"product_cat-productos","10":"product_tag-natwins","12":"first","13":"instock","14":"taxable","15":"shipping-taxable","16":"purchasable","17":"product-type-simple"},"yoast_head":"<!-- This site is optimized with the Yoast SEO plugin v27.0 - https:\/\/yoast.com\/product\/yoast-seo-wordpress\/ -->\n<title>NATWINS Tres chocolates y yogur \u2013 21udsX45gr - Nomesvending<\/title>\n<meta name=\"description\" content=\"NATWINS Tres chocolates y yogur, una mezcla irresistible de chocolate negro, blanco y con leche, acompa\u00f1ada de almendras....\" \/>\n<meta name=\"robots\" content=\"index, follow, max-snippet:-1, max-image-preview:large, max-video-preview:-1\" \/>\n<link rel=\"canonical\" href=\"https:\/\/nomesvending.com\/web\/tienda\/productos\/snacks\/snacks-snacks\/natwins-dos-chocolates-y-yogur-45gr\/\" \/>\n<meta property=\"og:locale\" content=\"es_ES\" \/>\n<meta property=\"og:type\" content=\"article\" \/>\n<meta property=\"og:title\" content=\"NATWINS Tres chocolates y yogur \u2013 21udsX45gr - Nomesvending\" \/>\n<meta property=\"og:description\" content=\"NATWINS Tres chocolates y yogur, una mezcla irresistible de chocolate negro, blanco y con leche, acompa\u00f1ada de almendras....\" \/>\n<meta property=\"og:url\" content=\"https:\/\/nomesvending.com\/web\/tienda\/productos\/snacks\/snacks-snacks\/natwins-dos-chocolates-y-yogur-45gr\/\" \/>\n<meta property=\"og:site_name\" content=\"Nomesvending\" \/>\n<meta property=\"article:publisher\" content=\"https:\/\/www.facebook.com\/NomesVending\/\" \/>\n<meta property=\"article:modified_time\" content=\"2026-03-12T14:34:16+00:00\" \/>\n<meta property=\"og:image\" content=\"https:\/\/nomesvending.com\/web\/wp-content\/uploads\/2024\/06\/A09968-2.png\" \/>\n\t<meta property=\"og:image:width\" content=\"500\" \/>\n\t<meta property=\"og:image:height\" content=\"500\" \/>\n\t<meta property=\"og:image:type\" content=\"image\/png\" \/>\n<meta name=\"twitter:card\" content=\"summary_large_image\" \/>\n<meta name=\"twitter:label1\" content=\"Tiempo de lectura\" \/>\n\t<meta name=\"twitter:data1\" content=\"2 minutos\" \/>\n<script type=\"application\/ld+json\" class=\"yoast-schema-graph\">{\"@context\":\"https:\/\/schema.org\",\"@graph\":[{\"@type\":\"WebPage\",\"@id\":\"https:\/\/nomesvending.com\/web\/tienda\/productos\/snacks\/snacks-snacks\/natwins-dos-chocolates-y-yogur-45gr\/\",\"url\":\"https:\/\/nomesvending.com\/web\/tienda\/productos\/snacks\/snacks-snacks\/natwins-dos-chocolates-y-yogur-45gr\/\",\"name\":\"NATWINS Tres chocolates y yogur \u2013 21udsX45gr - Nomesvending\",\"isPartOf\":{\"@id\":\"https:\/\/nomesvending.com\/web\/#website\"},\"primaryImageOfPage\":{\"@id\":\"https:\/\/nomesvending.com\/web\/tienda\/productos\/snacks\/snacks-snacks\/natwins-dos-chocolates-y-yogur-45gr\/#primaryimage\"},\"image\":{\"@id\":\"https:\/\/nomesvending.com\/web\/tienda\/productos\/snacks\/snacks-snacks\/natwins-dos-chocolates-y-yogur-45gr\/#primaryimage\"},\"thumbnailUrl\":\"https:\/\/nomesvending.com\/web\/wp-content\/uploads\/2024\/06\/A09968-2.png\",\"datePublished\":\"2024-06-12T06:47:51+00:00\",\"dateModified\":\"2026-03-12T14:34:16+00:00\",\"description\":\"NATWINS Tres chocolates y yogur, una mezcla irresistible de chocolate negro, blanco y con leche, acompa\u00f1ada de almendras....\",\"breadcrumb\":{\"@id\":\"https:\/\/nomesvending.com\/web\/tienda\/productos\/snacks\/snacks-snacks\/natwins-dos-chocolates-y-yogur-45gr\/#breadcrumb\"},\"inLanguage\":\"es\",\"potentialAction\":[{\"@type\":\"ReadAction\",\"target\":[\"https:\/\/nomesvending.com\/web\/tienda\/productos\/snacks\/snacks-snacks\/natwins-dos-chocolates-y-yogur-45gr\/\"]}]},{\"@type\":\"ImageObject\",\"inLanguage\":\"es\",\"@id\":\"https:\/\/nomesvending.com\/web\/tienda\/productos\/snacks\/snacks-snacks\/natwins-dos-chocolates-y-yogur-45gr\/#primaryimage\",\"url\":\"https:\/\/nomesvending.com\/web\/wp-content\/uploads\/2024\/06\/A09968-2.png\",\"contentUrl\":\"https:\/\/nomesvending.com\/web\/wp-content\/uploads\/2024\/06\/A09968-2.png\",\"width\":500,\"height\":500,\"caption\":\"NATWINS Tres chocolates y yogur\"},{\"@type\":\"BreadcrumbList\",\"@id\":\"https:\/\/nomesvending.com\/web\/tienda\/productos\/snacks\/snacks-snacks\/natwins-dos-chocolates-y-yogur-45gr\/#breadcrumb\",\"itemListElement\":[{\"@type\":\"ListItem\",\"position\":1,\"name\":\"Portada\",\"item\":\"https:\/\/nomesvending.com\/web\/\"},{\"@type\":\"ListItem\",\"position\":2,\"name\":\"Tienda\",\"item\":\"https:\/\/nomesvending.com\/web\/tienda\/\"},{\"@type\":\"ListItem\",\"position\":3,\"name\":\"NATWINS Tres chocolates y yogur \u2013 21udsX45gr\"}]},{\"@type\":\"WebSite\",\"@id\":\"https:\/\/nomesvending.com\/web\/#website\",\"url\":\"https:\/\/nomesvending.com\/web\/\",\"name\":\"Nom\u00e9sVending\",\"description\":\"M\u00e1quinas, filtros, recambios, monederos, consumibles y todo lo que necesitas para el mundo del vending. Calidad y tecnolog\u00eda para tu negocio. \u00a1Descubre nuestras soluciones!\",\"publisher\":{\"@id\":\"https:\/\/nomesvending.com\/web\/#organization\"},\"potentialAction\":[{\"@type\":\"SearchAction\",\"target\":{\"@type\":\"EntryPoint\",\"urlTemplate\":\"https:\/\/nomesvending.com\/web\/?s={search_term_string}\"},\"query-input\":{\"@type\":\"PropertyValueSpecification\",\"valueRequired\":true,\"valueName\":\"search_term_string\"}}],\"inLanguage\":\"es\"},{\"@type\":\"Organization\",\"@id\":\"https:\/\/nomesvending.com\/web\/#organization\",\"name\":\"Nom\u00e9sVending\",\"url\":\"https:\/\/nomesvending.com\/web\/\",\"logo\":{\"@type\":\"ImageObject\",\"inLanguage\":\"es\",\"@id\":\"https:\/\/nomesvending.com\/web\/#\/schema\/logo\/image\/\",\"url\":\"https:\/\/nomesvending.com\/web\/wp-content\/uploads\/2026\/03\/Red-and-White-Modern-Vending-Machine-Services-Instagram-Post.png\",\"contentUrl\":\"https:\/\/nomesvending.com\/web\/wp-content\/uploads\/2026\/03\/Red-and-White-Modern-Vending-Machine-Services-Instagram-Post.png\",\"width\":1080,\"height\":1080,\"caption\":\"Nom\u00e9sVending\"},\"image\":{\"@id\":\"https:\/\/nomesvending.com\/web\/#\/schema\/logo\/image\/\"},\"sameAs\":[\"https:\/\/www.facebook.com\/NomesVending\/\",\"https:\/\/www.instagram.com\/nomesvending\/\"]}]}<\/script>\n<!-- \/ Yoast SEO plugin. -->","yoast_head_json":{"title":"NATWINS Tres chocolates y yogur \u2013 21udsX45gr - Nomesvending","description":"NATWINS Tres chocolates y yogur, una mezcla irresistible de chocolate negro, blanco y con leche, acompa\u00f1ada de almendras....","robots":{"index":"index","follow":"follow","max-snippet":"max-snippet:-1","max-image-preview":"max-image-preview:large","max-video-preview":"max-video-preview:-1"},"canonical":"https:\/\/nomesvending.com\/web\/tienda\/productos\/snacks\/snacks-snacks\/natwins-dos-chocolates-y-yogur-45gr\/","og_locale":"es_ES","og_type":"article","og_title":"NATWINS Tres chocolates y yogur \u2013 21udsX45gr - Nomesvending","og_description":"NATWINS Tres chocolates y yogur, una mezcla irresistible de chocolate negro, blanco y con leche, acompa\u00f1ada de almendras....","og_url":"https:\/\/nomesvending.com\/web\/tienda\/productos\/snacks\/snacks-snacks\/natwins-dos-chocolates-y-yogur-45gr\/","og_site_name":"Nomesvending","article_publisher":"https:\/\/www.facebook.com\/NomesVending\/","article_modified_time":"2026-03-12T14:34:16+00:00","og_image":[{"width":500,"height":500,"url":"https:\/\/nomesvending.com\/web\/wp-content\/uploads\/2024\/06\/A09968-2.png","type":"image\/png"}],"twitter_card":"summary_large_image","twitter_misc":{"Tiempo de lectura":"2 minutos"},"schema":{"@context":"https:\/\/schema.org","@graph":[{"@type":"WebPage","@id":"https:\/\/nomesvending.com\/web\/tienda\/productos\/snacks\/snacks-snacks\/natwins-dos-chocolates-y-yogur-45gr\/","url":"https:\/\/nomesvending.com\/web\/tienda\/productos\/snacks\/snacks-snacks\/natwins-dos-chocolates-y-yogur-45gr\/","name":"NATWINS Tres chocolates y yogur \u2013 21udsX45gr - Nomesvending","isPartOf":{"@id":"https:\/\/nomesvending.com\/web\/#website"},"primaryImageOfPage":{"@id":"https:\/\/nomesvending.com\/web\/tienda\/productos\/snacks\/snacks-snacks\/natwins-dos-chocolates-y-yogur-45gr\/#primaryimage"},"image":{"@id":"https:\/\/nomesvending.com\/web\/tienda\/productos\/snacks\/snacks-snacks\/natwins-dos-chocolates-y-yogur-45gr\/#primaryimage"},"thumbnailUrl":"https:\/\/nomesvending.com\/web\/wp-content\/uploads\/2024\/06\/A09968-2.png","datePublished":"2024-06-12T06:47:51+00:00","dateModified":"2026-03-12T14:34:16+00:00","description":"NATWINS Tres chocolates y yogur, una mezcla irresistible de chocolate negro, blanco y con leche, acompa\u00f1ada de almendras....","breadcrumb":{"@id":"https:\/\/nomesvending.com\/web\/tienda\/productos\/snacks\/snacks-snacks\/natwins-dos-chocolates-y-yogur-45gr\/#breadcrumb"},"inLanguage":"es","potentialAction":[{"@type":"ReadAction","target":["https:\/\/nomesvending.com\/web\/tienda\/productos\/snacks\/snacks-snacks\/natwins-dos-chocolates-y-yogur-45gr\/"]}]},{"@type":"ImageObject","inLanguage":"es","@id":"https:\/\/nomesvending.com\/web\/tienda\/productos\/snacks\/snacks-snacks\/natwins-dos-chocolates-y-yogur-45gr\/#primaryimage","url":"https:\/\/nomesvending.com\/web\/wp-content\/uploads\/2024\/06\/A09968-2.png","contentUrl":"https:\/\/nomesvending.com\/web\/wp-content\/uploads\/2024\/06\/A09968-2.png","width":500,"height":500,"caption":"NATWINS Tres chocolates y yogur"},{"@type":"BreadcrumbList","@id":"https:\/\/nomesvending.com\/web\/tienda\/productos\/snacks\/snacks-snacks\/natwins-dos-chocolates-y-yogur-45gr\/#breadcrumb","itemListElement":[{"@type":"ListItem","position":1,"name":"Portada","item":"https:\/\/nomesvending.com\/web\/"},{"@type":"ListItem","position":2,"name":"Tienda","item":"https:\/\/nomesvending.com\/web\/tienda\/"},{"@type":"ListItem","position":3,"name":"NATWINS Tres chocolates y yogur \u2013 21udsX45gr"}]},{"@type":"WebSite","@id":"https:\/\/nomesvending.com\/web\/#website","url":"https:\/\/nomesvending.com\/web\/","name":"Nom\u00e9sVending","description":"M\u00e1quinas, filtros, recambios, monederos, consumibles y todo lo que necesitas para el mundo del vending. Calidad y tecnolog\u00eda para tu negocio. \u00a1Descubre nuestras soluciones!","publisher":{"@id":"https:\/\/nomesvending.com\/web\/#organization"},"potentialAction":[{"@type":"SearchAction","target":{"@type":"EntryPoint","urlTemplate":"https:\/\/nomesvending.com\/web\/?s={search_term_string}"},"query-input":{"@type":"PropertyValueSpecification","valueRequired":true,"valueName":"search_term_string"}}],"inLanguage":"es"},{"@type":"Organization","@id":"https:\/\/nomesvending.com\/web\/#organization","name":"Nom\u00e9sVending","url":"https:\/\/nomesvending.com\/web\/","logo":{"@type":"ImageObject","inLanguage":"es","@id":"https:\/\/nomesvending.com\/web\/#\/schema\/logo\/image\/","url":"https:\/\/nomesvending.com\/web\/wp-content\/uploads\/2026\/03\/Red-and-White-Modern-Vending-Machine-Services-Instagram-Post.png","contentUrl":"https:\/\/nomesvending.com\/web\/wp-content\/uploads\/2026\/03\/Red-and-White-Modern-Vending-Machine-Services-Instagram-Post.png","width":1080,"height":1080,"caption":"Nom\u00e9sVending"},"image":{"@id":"https:\/\/nomesvending.com\/web\/#\/schema\/logo\/image\/"},"sameAs":["https:\/\/www.facebook.com\/NomesVending\/","https:\/\/www.instagram.com\/nomesvending\/"]}]}},"_links":{"self":[{"href":"https:\/\/nomesvending.com\/web\/wp-json\/wp\/v2\/product\/17694","targetHints":{"allow":["GET"]}}],"collection":[{"href":"https:\/\/nomesvending.com\/web\/wp-json\/wp\/v2\/product"}],"about":[{"href":"https:\/\/nomesvending.com\/web\/wp-json\/wp\/v2\/types\/product"}],"replies":[{"embeddable":true,"href":"https:\/\/nomesvending.com\/web\/wp-json\/wp\/v2\/comments?post=17694"}],"wp:featuredmedia":[{"embeddable":true,"href":"https:\/\/nomesvending.com\/web\/wp-json\/wp\/v2\/media\/21534"}],"wp:attachment":[{"href":"https:\/\/nomesvending.com\/web\/wp-json\/wp\/v2\/media?parent=17694"}],"wp:term":[{"taxonomy":"product_brand","embeddable":true,"href":"https:\/\/nomesvending.com\/web\/wp-json\/wp\/v2\/product_brand?post=17694"},{"taxonomy":"product_cat","embeddable":true,"href":"https:\/\/nomesvending.com\/web\/wp-json\/wp\/v2\/product_cat?post=17694"},{"taxonomy":"product_tag","embeddable":true,"href":"https:\/\/nomesvending.com\/web\/wp-json\/wp\/v2\/product_tag?post=17694"}],"curies":[{"name":"wp","href":"https:\/\/api.w.org\/{rel}","templated":true}]}}