{"id":17696,"date":"2024-06-12T06:51:04","date_gmt":"2024-06-12T06:51:04","guid":{"rendered":"https:\/\/nomesvending.com\/web\/?post_type=product&#038;p=17696"},"modified":"2026-03-12T14:34:03","modified_gmt":"2026-03-12T14:34:03","slug":"natwins-semillas-de-calabaza-45gr","status":"publish","type":"product","link":"https:\/\/nomesvending.com\/web\/tienda\/productos\/snacks\/snacks-snacks\/natwins-semillas-de-calabaza-45gr\/","title":{"rendered":"NATWINS Semillas de calabaza 21udsx45gr"},"content":{"rendered":"<h3 class=\"\" data-start=\"0\" data-end=\"83\"><strong data-start=\"4\" data-end=\"83\">Galletas con NATWINS Semillas de calabaza \u2013 Pack de 21 Estuches<\/strong><\/h3>\n<p class=\"\" data-start=\"85\" data-end=\"476\">Disfruta de unas deliciosas NATWINS Semillas de calabaza, una opci\u00f3n sabrosa y nutritiva para cualquier momento del d\u00eda. Estas galletas est\u00e1n elaboradas con <strong data-start=\"271\" data-end=\"306\">harina de trigo, copos de avena<\/strong>, y <strong data-start=\"310\" data-end=\"330\">copos de espelta<\/strong>, adem\u00e1s de tener un toque delicioso de <strong data-start=\"370\" data-end=\"383\">chocolate<\/strong> (8%) y <strong data-start=\"391\" data-end=\"415\">semillas de calabaza<\/strong> (6%), lo que les da un sabor \u00fanico y una textura crujiente.<\/p>\n<p class=\"\" data-start=\"478\" data-end=\"699\">Cada <strong data-start=\"483\" data-end=\"512\">caja contiene 21 estuches<\/strong>, con <strong data-start=\"518\" data-end=\"544\">5 galletas en cada uno<\/strong>, perfectas para disfrutar solas o compartir. Adem\u00e1s, el <strong data-start=\"601\" data-end=\"637\">palet completo incluye 225 cajas<\/strong>, ideal para distribuidores, tiendas o grandes consumidores.<\/p>\n<h3 class=\"\" data-start=\"701\" data-end=\"735\"><strong data-start=\"705\" data-end=\"733\">Ingredientes Principales de NATWINS Semillas de calabaza<\/strong><\/h3>\n<ul data-start=\"736\" data-end=\"1181\">\n<li class=\"\" data-start=\"736\" data-end=\"759\">\n<p class=\"\" data-start=\"738\" data-end=\"759\"><strong data-start=\"738\" data-end=\"757\">Harina de trigo<\/strong><\/p>\n<\/li>\n<li class=\"\" data-start=\"760\" data-end=\"789\">\n<p class=\"\" data-start=\"762\" data-end=\"789\"><strong data-start=\"762\" data-end=\"787\">Edulcorante: Maltitol<\/strong><\/p>\n<\/li>\n<li class=\"\" data-start=\"790\" data-end=\"818\">\n<p class=\"\" data-start=\"792\" data-end=\"818\"><strong data-start=\"792\" data-end=\"816\">Copos de avena (11%)<\/strong><\/p>\n<\/li>\n<li class=\"\" data-start=\"819\" data-end=\"935\">\n<p class=\"\" data-start=\"821\" data-end=\"935\"><strong data-start=\"821\" data-end=\"839\">Chocolate (8%)<\/strong> (con pasta de cacao, emulgente: lecitina de soja, cacao desgrasado en polvo, y aroma natural)<\/p>\n<\/li>\n<li class=\"\" data-start=\"936\" data-end=\"969\">\n<p class=\"\" data-start=\"938\" data-end=\"969\"><strong data-start=\"938\" data-end=\"967\">Semillas de calabaza (6%)<\/strong><\/p>\n<\/li>\n<li class=\"\" data-start=\"970\" data-end=\"999\">\n<p class=\"\" data-start=\"972\" data-end=\"999\"><strong data-start=\"972\" data-end=\"997\">Copos de espelta (6%)<\/strong><\/p>\n<\/li>\n<li class=\"\" data-start=\"1000\" data-end=\"1087\">\n<p class=\"\" data-start=\"1002\" data-end=\"1087\"><strong data-start=\"1002\" data-end=\"1085\">Suero de leche en polvo, huevos frescos, salvado de trigo, inulina de achicoria<\/strong><\/p>\n<\/li>\n<li class=\"\" data-start=\"1088\" data-end=\"1145\">\n<p class=\"\" data-start=\"1090\" data-end=\"1145\"><strong data-start=\"1090\" data-end=\"1122\">Gasificantes y antioxidantes<\/strong> (extracto de romero)<\/p>\n<\/li>\n<li class=\"\" data-start=\"1146\" data-end=\"1181\">\n<p class=\"\" data-start=\"1148\" data-end=\"1181\"><strong data-start=\"1148\" data-end=\"1179\">Emulgente: Lecitina de soja<\/strong><\/p>\n<\/li>\n<\/ul>\n<h3 class=\"\" data-start=\"1183\" data-end=\"1208\"><strong data-start=\"1187\" data-end=\"1206\">Caracter\u00edsticas<\/strong><\/h3>\n<ul data-start=\"1209\" data-end=\"1389\">\n<li class=\"\" data-start=\"1209\" data-end=\"1264\">\n<p class=\"\" data-start=\"1211\" data-end=\"1264\"><strong data-start=\"1211\" data-end=\"1262\">Sin az\u00facares a\u00f1adidos, edulcoradas con maltitol<\/strong><\/p>\n<\/li>\n<li class=\"\" data-start=\"1265\" data-end=\"1319\">\n<p class=\"\" data-start=\"1267\" data-end=\"1319\"><strong data-start=\"1267\" data-end=\"1317\">Puede contener trazas de frutos secos y s\u00e9samo<\/strong><\/p>\n<\/li>\n<li class=\"\" data-start=\"1320\" data-end=\"1389\">\n<p class=\"\" data-start=\"1322\" data-end=\"1389\"><strong data-start=\"1322\" data-end=\"1387\">Consumo excesivo de edulcorantes puede tener efectos laxantes<\/strong><\/p>\n<\/li>\n<\/ul>\n<p class=\"\" data-start=\"1391\" data-end=\"1575\">Estas galletas son ideales para quienes buscan un snack saludable con un toque de dulzura y sabor natural. Perfectas para quienes prefieren opciones sin az\u00facar, pero con todo el gusto.<\/p>\n<h3 class=\"\" data-start=\"1577\" data-end=\"1684\"><strong data-start=\"1581\" data-end=\"1682\">\u00a1Haz tu pedido ahora y disfruta del sabor de estas galletas con chocolate y semillas de calabaza!<\/strong><\/h3>\n","protected":false},"excerpt":{"rendered":"<p>*VENTA POR CAJA DE 21 Estuches x 5 Unidades<\/p>\n","protected":false},"featured_media":21532,"comment_status":"open","ping_status":"closed","template":"","meta":[],"product_brand":[231],"product_cat":[51,107,95],"product_tag":[119],"class_list":{"0":"post-17696","1":"product","2":"type-product","3":"status-publish","4":"has-post-thumbnail","6":"product_brand-natwins","7":"product_cat-productos","8":"product_cat-snacks-snacks","9":"product_cat-snacks","10":"product_tag-natwins","12":"first","13":"instock","14":"taxable","15":"shipping-taxable","16":"purchasable","17":"product-type-simple"},"yoast_head":"<!-- This site is optimized with the Yoast SEO plugin v27.0 - https:\/\/yoast.com\/product\/yoast-seo-wordpress\/ -->\n<title>NATWINS Semillas de calabaza 21udsx45gr - Nomesvending<\/title>\n<meta name=\"description\" content=\"Disfruta de las NATWINS Semillas de calabaza, una opci\u00f3n sabrosa y nutritiva para cualquier momento del d\u00eda Estas galletas est\u00e1n elaboradas con harina...\" \/>\n<meta name=\"robots\" content=\"index, follow, max-snippet:-1, max-image-preview:large, max-video-preview:-1\" \/>\n<link rel=\"canonical\" href=\"https:\/\/nomesvending.com\/web\/tienda\/productos\/snacks\/snacks-snacks\/natwins-semillas-de-calabaza-45gr\/\" \/>\n<meta property=\"og:locale\" content=\"es_ES\" \/>\n<meta property=\"og:type\" content=\"article\" \/>\n<meta property=\"og:title\" content=\"NATWINS Semillas de calabaza 21udsx45gr - Nomesvending\" \/>\n<meta property=\"og:description\" content=\"Disfruta de las NATWINS Semillas de calabaza, una opci\u00f3n sabrosa y nutritiva para cualquier momento del d\u00eda Estas galletas est\u00e1n elaboradas con harina...\" \/>\n<meta property=\"og:url\" content=\"https:\/\/nomesvending.com\/web\/tienda\/productos\/snacks\/snacks-snacks\/natwins-semillas-de-calabaza-45gr\/\" \/>\n<meta property=\"og:site_name\" content=\"Nomesvending\" \/>\n<meta property=\"article:publisher\" content=\"https:\/\/www.facebook.com\/NomesVending\/\" \/>\n<meta property=\"article:modified_time\" content=\"2026-03-12T14:34:03+00:00\" \/>\n<meta property=\"og:image\" content=\"https:\/\/nomesvending.com\/web\/wp-content\/uploads\/2024\/06\/A09968-3.png\" \/>\n\t<meta property=\"og:image:width\" content=\"500\" \/>\n\t<meta property=\"og:image:height\" content=\"500\" \/>\n\t<meta property=\"og:image:type\" content=\"image\/png\" \/>\n<meta name=\"twitter:card\" content=\"summary_large_image\" \/>\n<meta name=\"twitter:label1\" content=\"Tiempo de lectura\" \/>\n\t<meta name=\"twitter:data1\" content=\"2 minutos\" \/>\n<script type=\"application\/ld+json\" class=\"yoast-schema-graph\">{\"@context\":\"https:\/\/schema.org\",\"@graph\":[{\"@type\":\"WebPage\",\"@id\":\"https:\/\/nomesvending.com\/web\/tienda\/productos\/snacks\/snacks-snacks\/natwins-semillas-de-calabaza-45gr\/\",\"url\":\"https:\/\/nomesvending.com\/web\/tienda\/productos\/snacks\/snacks-snacks\/natwins-semillas-de-calabaza-45gr\/\",\"name\":\"NATWINS Semillas de calabaza 21udsx45gr - Nomesvending\",\"isPartOf\":{\"@id\":\"https:\/\/nomesvending.com\/web\/#website\"},\"primaryImageOfPage\":{\"@id\":\"https:\/\/nomesvending.com\/web\/tienda\/productos\/snacks\/snacks-snacks\/natwins-semillas-de-calabaza-45gr\/#primaryimage\"},\"image\":{\"@id\":\"https:\/\/nomesvending.com\/web\/tienda\/productos\/snacks\/snacks-snacks\/natwins-semillas-de-calabaza-45gr\/#primaryimage\"},\"thumbnailUrl\":\"https:\/\/nomesvending.com\/web\/wp-content\/uploads\/2024\/06\/A09968-3.png\",\"datePublished\":\"2024-06-12T06:51:04+00:00\",\"dateModified\":\"2026-03-12T14:34:03+00:00\",\"description\":\"Disfruta de las NATWINS Semillas de calabaza, una opci\u00f3n sabrosa y nutritiva para cualquier momento del d\u00eda Estas galletas est\u00e1n elaboradas con harina...\",\"breadcrumb\":{\"@id\":\"https:\/\/nomesvending.com\/web\/tienda\/productos\/snacks\/snacks-snacks\/natwins-semillas-de-calabaza-45gr\/#breadcrumb\"},\"inLanguage\":\"es\",\"potentialAction\":[{\"@type\":\"ReadAction\",\"target\":[\"https:\/\/nomesvending.com\/web\/tienda\/productos\/snacks\/snacks-snacks\/natwins-semillas-de-calabaza-45gr\/\"]}]},{\"@type\":\"ImageObject\",\"inLanguage\":\"es\",\"@id\":\"https:\/\/nomesvending.com\/web\/tienda\/productos\/snacks\/snacks-snacks\/natwins-semillas-de-calabaza-45gr\/#primaryimage\",\"url\":\"https:\/\/nomesvending.com\/web\/wp-content\/uploads\/2024\/06\/A09968-3.png\",\"contentUrl\":\"https:\/\/nomesvending.com\/web\/wp-content\/uploads\/2024\/06\/A09968-3.png\",\"width\":500,\"height\":500,\"caption\":\"NATWINS Semillas de calabaza\"},{\"@type\":\"BreadcrumbList\",\"@id\":\"https:\/\/nomesvending.com\/web\/tienda\/productos\/snacks\/snacks-snacks\/natwins-semillas-de-calabaza-45gr\/#breadcrumb\",\"itemListElement\":[{\"@type\":\"ListItem\",\"position\":1,\"name\":\"Portada\",\"item\":\"https:\/\/nomesvending.com\/web\/\"},{\"@type\":\"ListItem\",\"position\":2,\"name\":\"Tienda\",\"item\":\"https:\/\/nomesvending.com\/web\/tienda\/\"},{\"@type\":\"ListItem\",\"position\":3,\"name\":\"NATWINS Semillas de calabaza 21udsx45gr\"}]},{\"@type\":\"WebSite\",\"@id\":\"https:\/\/nomesvending.com\/web\/#website\",\"url\":\"https:\/\/nomesvending.com\/web\/\",\"name\":\"Nom\u00e9sVending\",\"description\":\"M\u00e1quinas, filtros, recambios, monederos, consumibles y todo lo que necesitas para el mundo del vending. Calidad y tecnolog\u00eda para tu negocio. \u00a1Descubre nuestras soluciones!\",\"publisher\":{\"@id\":\"https:\/\/nomesvending.com\/web\/#organization\"},\"potentialAction\":[{\"@type\":\"SearchAction\",\"target\":{\"@type\":\"EntryPoint\",\"urlTemplate\":\"https:\/\/nomesvending.com\/web\/?s={search_term_string}\"},\"query-input\":{\"@type\":\"PropertyValueSpecification\",\"valueRequired\":true,\"valueName\":\"search_term_string\"}}],\"inLanguage\":\"es\"},{\"@type\":\"Organization\",\"@id\":\"https:\/\/nomesvending.com\/web\/#organization\",\"name\":\"Nom\u00e9sVending\",\"url\":\"https:\/\/nomesvending.com\/web\/\",\"logo\":{\"@type\":\"ImageObject\",\"inLanguage\":\"es\",\"@id\":\"https:\/\/nomesvending.com\/web\/#\/schema\/logo\/image\/\",\"url\":\"https:\/\/nomesvending.com\/web\/wp-content\/uploads\/2026\/03\/Red-and-White-Modern-Vending-Machine-Services-Instagram-Post.png\",\"contentUrl\":\"https:\/\/nomesvending.com\/web\/wp-content\/uploads\/2026\/03\/Red-and-White-Modern-Vending-Machine-Services-Instagram-Post.png\",\"width\":1080,\"height\":1080,\"caption\":\"Nom\u00e9sVending\"},\"image\":{\"@id\":\"https:\/\/nomesvending.com\/web\/#\/schema\/logo\/image\/\"},\"sameAs\":[\"https:\/\/www.facebook.com\/NomesVending\/\",\"https:\/\/www.instagram.com\/nomesvending\/\"]}]}<\/script>\n<!-- \/ Yoast SEO plugin. -->","yoast_head_json":{"title":"NATWINS Semillas de calabaza 21udsx45gr - Nomesvending","description":"Disfruta de las NATWINS Semillas de calabaza, una opci\u00f3n sabrosa y nutritiva para cualquier momento del d\u00eda Estas galletas est\u00e1n elaboradas con harina...","robots":{"index":"index","follow":"follow","max-snippet":"max-snippet:-1","max-image-preview":"max-image-preview:large","max-video-preview":"max-video-preview:-1"},"canonical":"https:\/\/nomesvending.com\/web\/tienda\/productos\/snacks\/snacks-snacks\/natwins-semillas-de-calabaza-45gr\/","og_locale":"es_ES","og_type":"article","og_title":"NATWINS Semillas de calabaza 21udsx45gr - Nomesvending","og_description":"Disfruta de las NATWINS Semillas de calabaza, una opci\u00f3n sabrosa y nutritiva para cualquier momento del d\u00eda Estas galletas est\u00e1n elaboradas con harina...","og_url":"https:\/\/nomesvending.com\/web\/tienda\/productos\/snacks\/snacks-snacks\/natwins-semillas-de-calabaza-45gr\/","og_site_name":"Nomesvending","article_publisher":"https:\/\/www.facebook.com\/NomesVending\/","article_modified_time":"2026-03-12T14:34:03+00:00","og_image":[{"width":500,"height":500,"url":"https:\/\/nomesvending.com\/web\/wp-content\/uploads\/2024\/06\/A09968-3.png","type":"image\/png"}],"twitter_card":"summary_large_image","twitter_misc":{"Tiempo de lectura":"2 minutos"},"schema":{"@context":"https:\/\/schema.org","@graph":[{"@type":"WebPage","@id":"https:\/\/nomesvending.com\/web\/tienda\/productos\/snacks\/snacks-snacks\/natwins-semillas-de-calabaza-45gr\/","url":"https:\/\/nomesvending.com\/web\/tienda\/productos\/snacks\/snacks-snacks\/natwins-semillas-de-calabaza-45gr\/","name":"NATWINS Semillas de calabaza 21udsx45gr - Nomesvending","isPartOf":{"@id":"https:\/\/nomesvending.com\/web\/#website"},"primaryImageOfPage":{"@id":"https:\/\/nomesvending.com\/web\/tienda\/productos\/snacks\/snacks-snacks\/natwins-semillas-de-calabaza-45gr\/#primaryimage"},"image":{"@id":"https:\/\/nomesvending.com\/web\/tienda\/productos\/snacks\/snacks-snacks\/natwins-semillas-de-calabaza-45gr\/#primaryimage"},"thumbnailUrl":"https:\/\/nomesvending.com\/web\/wp-content\/uploads\/2024\/06\/A09968-3.png","datePublished":"2024-06-12T06:51:04+00:00","dateModified":"2026-03-12T14:34:03+00:00","description":"Disfruta de las NATWINS Semillas de calabaza, una opci\u00f3n sabrosa y nutritiva para cualquier momento del d\u00eda Estas galletas est\u00e1n elaboradas con harina...","breadcrumb":{"@id":"https:\/\/nomesvending.com\/web\/tienda\/productos\/snacks\/snacks-snacks\/natwins-semillas-de-calabaza-45gr\/#breadcrumb"},"inLanguage":"es","potentialAction":[{"@type":"ReadAction","target":["https:\/\/nomesvending.com\/web\/tienda\/productos\/snacks\/snacks-snacks\/natwins-semillas-de-calabaza-45gr\/"]}]},{"@type":"ImageObject","inLanguage":"es","@id":"https:\/\/nomesvending.com\/web\/tienda\/productos\/snacks\/snacks-snacks\/natwins-semillas-de-calabaza-45gr\/#primaryimage","url":"https:\/\/nomesvending.com\/web\/wp-content\/uploads\/2024\/06\/A09968-3.png","contentUrl":"https:\/\/nomesvending.com\/web\/wp-content\/uploads\/2024\/06\/A09968-3.png","width":500,"height":500,"caption":"NATWINS Semillas de calabaza"},{"@type":"BreadcrumbList","@id":"https:\/\/nomesvending.com\/web\/tienda\/productos\/snacks\/snacks-snacks\/natwins-semillas-de-calabaza-45gr\/#breadcrumb","itemListElement":[{"@type":"ListItem","position":1,"name":"Portada","item":"https:\/\/nomesvending.com\/web\/"},{"@type":"ListItem","position":2,"name":"Tienda","item":"https:\/\/nomesvending.com\/web\/tienda\/"},{"@type":"ListItem","position":3,"name":"NATWINS Semillas de calabaza 21udsx45gr"}]},{"@type":"WebSite","@id":"https:\/\/nomesvending.com\/web\/#website","url":"https:\/\/nomesvending.com\/web\/","name":"Nom\u00e9sVending","description":"M\u00e1quinas, filtros, recambios, monederos, consumibles y todo lo que necesitas para el mundo del vending. Calidad y tecnolog\u00eda para tu negocio. \u00a1Descubre nuestras soluciones!","publisher":{"@id":"https:\/\/nomesvending.com\/web\/#organization"},"potentialAction":[{"@type":"SearchAction","target":{"@type":"EntryPoint","urlTemplate":"https:\/\/nomesvending.com\/web\/?s={search_term_string}"},"query-input":{"@type":"PropertyValueSpecification","valueRequired":true,"valueName":"search_term_string"}}],"inLanguage":"es"},{"@type":"Organization","@id":"https:\/\/nomesvending.com\/web\/#organization","name":"Nom\u00e9sVending","url":"https:\/\/nomesvending.com\/web\/","logo":{"@type":"ImageObject","inLanguage":"es","@id":"https:\/\/nomesvending.com\/web\/#\/schema\/logo\/image\/","url":"https:\/\/nomesvending.com\/web\/wp-content\/uploads\/2026\/03\/Red-and-White-Modern-Vending-Machine-Services-Instagram-Post.png","contentUrl":"https:\/\/nomesvending.com\/web\/wp-content\/uploads\/2026\/03\/Red-and-White-Modern-Vending-Machine-Services-Instagram-Post.png","width":1080,"height":1080,"caption":"Nom\u00e9sVending"},"image":{"@id":"https:\/\/nomesvending.com\/web\/#\/schema\/logo\/image\/"},"sameAs":["https:\/\/www.facebook.com\/NomesVending\/","https:\/\/www.instagram.com\/nomesvending\/"]}]}},"_links":{"self":[{"href":"https:\/\/nomesvending.com\/web\/wp-json\/wp\/v2\/product\/17696","targetHints":{"allow":["GET"]}}],"collection":[{"href":"https:\/\/nomesvending.com\/web\/wp-json\/wp\/v2\/product"}],"about":[{"href":"https:\/\/nomesvending.com\/web\/wp-json\/wp\/v2\/types\/product"}],"replies":[{"embeddable":true,"href":"https:\/\/nomesvending.com\/web\/wp-json\/wp\/v2\/comments?post=17696"}],"wp:featuredmedia":[{"embeddable":true,"href":"https:\/\/nomesvending.com\/web\/wp-json\/wp\/v2\/media\/21532"}],"wp:attachment":[{"href":"https:\/\/nomesvending.com\/web\/wp-json\/wp\/v2\/media?parent=17696"}],"wp:term":[{"taxonomy":"product_brand","embeddable":true,"href":"https:\/\/nomesvending.com\/web\/wp-json\/wp\/v2\/product_brand?post=17696"},{"taxonomy":"product_cat","embeddable":true,"href":"https:\/\/nomesvending.com\/web\/wp-json\/wp\/v2\/product_cat?post=17696"},{"taxonomy":"product_tag","embeddable":true,"href":"https:\/\/nomesvending.com\/web\/wp-json\/wp\/v2\/product_tag?post=17696"}],"curies":[{"name":"wp","href":"https:\/\/api.w.org\/{rel}","templated":true}]}}