{"id":17701,"date":"2024-06-12T07:15:41","date_gmt":"2024-06-12T07:15:41","guid":{"rendered":"https:\/\/nomesvending.com\/web\/?post_type=product&#038;p=17701"},"modified":"2025-09-25T07:50:07","modified_gmt":"2025-09-25T07:50:07","slug":"kitkat-nestle","status":"publish","type":"product","link":"https:\/\/nomesvending.com\/web\/tienda\/productos\/snacks\/snacks-snacks\/kitkat-nestle\/","title":{"rendered":"KITKAT (NESTL\u00c9)"},"content":{"rendered":"<h3 class=\"\" data-start=\"0\" data-end=\"38\"><strong data-start=\"4\" data-end=\"36\">KitKat \u2013 Pack de 36 Unidades<\/strong><\/h3>\n<p class=\"\" data-start=\"40\" data-end=\"340\">Descubre el delicioso sabor de <strong data-start=\"71\" data-end=\"81\">KitKat<\/strong>, la famosa chocolatina que te ofrece <strong data-start=\"119\" data-end=\"154\">4 barritas de crujiente galleta<\/strong> recubiertas de <strong data-start=\"170\" data-end=\"199\">suave chocolate con leche<\/strong>. Perfecta para un respiro en cualquier momento del d\u00eda, KitKat es ideal para quienes buscan un snack que combine sabor, calidad y textura.<\/p>\n<p class=\"\" data-start=\"342\" data-end=\"691\">Lo mejor de todo es que <strong data-start=\"366\" data-end=\"376\">KitKat<\/strong> est\u00e1 hecho con <strong data-start=\"392\" data-end=\"428\">100% cacao de cultivo sostenible<\/strong>, lo que garantiza que cada bocado no solo es delicioso, sino tambi\u00e9n responsable con el medio ambiente. Adem\u00e1s, el producto est\u00e1 certificado por <strong data-start=\"574\" data-end=\"597\">Rainforest Alliance<\/strong> y utiliza <strong data-start=\"608\" data-end=\"628\">aromas naturales<\/strong>, asegurando un producto de la mejor calidad en cada barrita.<\/p>\n<p class=\"\" data-start=\"693\" data-end=\"976\">Cada caja contiene <strong data-start=\"712\" data-end=\"727\">36 unidades<\/strong>, lo que lo hace perfecto para compartir, llevar a la oficina o vender en comercios. Adem\u00e1s, si eres distribuidor o negocio, el <strong data-start=\"855\" data-end=\"891\">palet completo incluye 234 cajas<\/strong>, lo que asegura un abastecimiento suficiente para grandes consumidores y empresas.<\/p>\n<h3 class=\"\" data-start=\"978\" data-end=\"1017\"><strong data-start=\"982\" data-end=\"1015\">Un Respiro de Sabor y Calidad<\/strong><\/h3>\n<p class=\"\" data-start=\"1018\" data-end=\"1382\"><strong data-start=\"1018\" data-end=\"1028\">KitKat<\/strong> no solo es una opci\u00f3n deliciosa, sino tambi\u00e9n una elecci\u00f3n consciente para quienes buscan productos que respeten el medio ambiente y sean de alta calidad. Con su crujiente galleta y su envolvente chocolate con leche, es el snack ideal para disfrutar en cualquier momento del d\u00eda, ya sea como capricho personal o para compartir con amigos y familiares.<\/p>\n<h3 class=\"\" data-start=\"1384\" data-end=\"1430\"><strong data-start=\"1388\" data-end=\"1428\">Ideal para Negocios y Distribuidores<\/strong><\/h3>\n<p class=\"\" data-start=\"1431\" data-end=\"1815\">Gracias a su popularidad y calidad, KitKat es una de las chocolatinas m\u00e1s demandadas en tiendas, supermercados y m\u00e1quinas expendedoras. Este formato de <strong data-start=\"1583\" data-end=\"1598\">36 unidades<\/strong> es perfecto para grandes consumidores o para quienes buscan ofrecer un producto de alta rotaci\u00f3n. Adem\u00e1s, la presentaci\u00f3n en palets de <strong data-start=\"1734\" data-end=\"1747\">234 cajas<\/strong> garantiza un suministro eficiente para distribuidores y empresas.<\/p>\n<h3 class=\"\" data-start=\"1817\" data-end=\"1911\"><strong data-start=\"1821\" data-end=\"1909\">\u00a1Haz tu pedido ahora y disfruta de KitKat, el sabor que te acompa\u00f1a en cada respiro!<\/strong><\/h3>\n","protected":false},"excerpt":{"rendered":"<p>KitKat \u2013 Pack de 36 Unidades Descubre el delicioso sabor de KitKat, la famosa chocolatina que te ofrece 4 barritas de crujiente galleta recubiertas de suave chocolate con leche. Perfecta para un respiro en cualquier momento del d\u00eda, KitKat es ideal para quienes buscan un snack que combine sabor, calidad y textura. Lo mejor de [&hellip;]<\/p>\n","protected":false},"featured_media":21535,"comment_status":"open","ping_status":"closed","template":"","meta":[],"product_brand":[233],"product_cat":[51,107,95],"product_tag":[74],"class_list":{"0":"post-17701","1":"product","2":"type-product","3":"status-publish","4":"has-post-thumbnail","6":"product_brand-nestle","7":"product_cat-productos","8":"product_cat-snacks-snacks","9":"product_cat-snacks","10":"product_tag-nestle","12":"first","13":"instock","14":"taxable","15":"shipping-taxable","16":"purchasable","17":"product-type-variable"},"yoast_head":"<!-- This site is optimized with the Yoast SEO plugin v27.5 - https:\/\/yoast.com\/product\/yoast-seo-wordpress\/ -->\n<title>KITKAT (NESTL\u00c9) - Nomesvending<\/title>\n<meta name=\"description\" content=\"Disfruta de KitKat, 4 barritas de crujiente galleta recubiertas de chocolate con leche, hechas con 100% cacao sostenible.Disfruta de KitKat, 4 barritas....\" \/>\n<meta name=\"robots\" content=\"index, follow, max-snippet:-1, max-image-preview:large, max-video-preview:-1\" \/>\n<link rel=\"canonical\" href=\"https:\/\/nomesvending.com\/web\/tienda\/productos\/snacks\/snacks-snacks\/kitkat-nestle\/\" \/>\n<meta property=\"og:locale\" content=\"es_ES\" \/>\n<meta property=\"og:type\" content=\"article\" \/>\n<meta property=\"og:title\" content=\"KITKAT (NESTL\u00c9) - Nomesvending\" \/>\n<meta property=\"og:description\" content=\"Disfruta de KitKat, 4 barritas de crujiente galleta recubiertas de chocolate con leche, hechas con 100% cacao sostenible.Disfruta de KitKat, 4 barritas....\" \/>\n<meta property=\"og:url\" content=\"https:\/\/nomesvending.com\/web\/tienda\/productos\/snacks\/snacks-snacks\/kitkat-nestle\/\" \/>\n<meta property=\"og:site_name\" content=\"Nomesvending\" \/>\n<meta property=\"article:publisher\" content=\"https:\/\/www.facebook.com\/NomesVending\/\" \/>\n<meta property=\"article:modified_time\" content=\"2025-09-25T07:50:07+00:00\" \/>\n<meta property=\"og:image\" content=\"https:\/\/nomesvending.com\/web\/wp-content\/uploads\/2024\/06\/A09968-5.png\" \/>\n\t<meta property=\"og:image:width\" content=\"500\" \/>\n\t<meta property=\"og:image:height\" content=\"500\" \/>\n\t<meta property=\"og:image:type\" content=\"image\/png\" \/>\n<meta name=\"twitter:card\" content=\"summary_large_image\" \/>\n<meta name=\"twitter:label1\" content=\"Tiempo de lectura\" \/>\n\t<meta name=\"twitter:data1\" content=\"2 minutos\" \/>\n<script type=\"application\/ld+json\" class=\"yoast-schema-graph\">{\"@context\":\"https:\\\/\\\/schema.org\",\"@graph\":[{\"@type\":\"WebPage\",\"@id\":\"https:\\\/\\\/nomesvending.com\\\/web\\\/tienda\\\/productos\\\/snacks\\\/snacks-snacks\\\/kitkat-nestle\\\/\",\"url\":\"https:\\\/\\\/nomesvending.com\\\/web\\\/tienda\\\/productos\\\/snacks\\\/snacks-snacks\\\/kitkat-nestle\\\/\",\"name\":\"KITKAT (NESTL\u00c9) - Nomesvending\",\"isPartOf\":{\"@id\":\"https:\\\/\\\/nomesvending.com\\\/web\\\/#website\"},\"primaryImageOfPage\":{\"@id\":\"https:\\\/\\\/nomesvending.com\\\/web\\\/tienda\\\/productos\\\/snacks\\\/snacks-snacks\\\/kitkat-nestle\\\/#primaryimage\"},\"image\":{\"@id\":\"https:\\\/\\\/nomesvending.com\\\/web\\\/tienda\\\/productos\\\/snacks\\\/snacks-snacks\\\/kitkat-nestle\\\/#primaryimage\"},\"thumbnailUrl\":\"https:\\\/\\\/nomesvending.com\\\/web\\\/wp-content\\\/uploads\\\/2024\\\/06\\\/A09968-5.png\",\"datePublished\":\"2024-06-12T07:15:41+00:00\",\"dateModified\":\"2025-09-25T07:50:07+00:00\",\"description\":\"Disfruta de KitKat, 4 barritas de crujiente galleta recubiertas de chocolate con leche, hechas con 100% cacao sostenible.Disfruta de KitKat, 4 barritas....\",\"breadcrumb\":{\"@id\":\"https:\\\/\\\/nomesvending.com\\\/web\\\/tienda\\\/productos\\\/snacks\\\/snacks-snacks\\\/kitkat-nestle\\\/#breadcrumb\"},\"inLanguage\":\"es\",\"potentialAction\":[{\"@type\":\"ReadAction\",\"target\":[\"https:\\\/\\\/nomesvending.com\\\/web\\\/tienda\\\/productos\\\/snacks\\\/snacks-snacks\\\/kitkat-nestle\\\/\"]}]},{\"@type\":\"ImageObject\",\"inLanguage\":\"es\",\"@id\":\"https:\\\/\\\/nomesvending.com\\\/web\\\/tienda\\\/productos\\\/snacks\\\/snacks-snacks\\\/kitkat-nestle\\\/#primaryimage\",\"url\":\"https:\\\/\\\/nomesvending.com\\\/web\\\/wp-content\\\/uploads\\\/2024\\\/06\\\/A09968-5.png\",\"contentUrl\":\"https:\\\/\\\/nomesvending.com\\\/web\\\/wp-content\\\/uploads\\\/2024\\\/06\\\/A09968-5.png\",\"width\":500,\"height\":500,\"caption\":\"KIT KAT\"},{\"@type\":\"BreadcrumbList\",\"@id\":\"https:\\\/\\\/nomesvending.com\\\/web\\\/tienda\\\/productos\\\/snacks\\\/snacks-snacks\\\/kitkat-nestle\\\/#breadcrumb\",\"itemListElement\":[{\"@type\":\"ListItem\",\"position\":1,\"name\":\"Portada\",\"item\":\"https:\\\/\\\/nomesvending.com\\\/web\\\/\"},{\"@type\":\"ListItem\",\"position\":2,\"name\":\"Tienda\",\"item\":\"https:\\\/\\\/nomesvending.com\\\/web\\\/tienda\\\/\"},{\"@type\":\"ListItem\",\"position\":3,\"name\":\"KITKAT (NESTL\u00c9)\"}]},{\"@type\":\"WebSite\",\"@id\":\"https:\\\/\\\/nomesvending.com\\\/web\\\/#website\",\"url\":\"https:\\\/\\\/nomesvending.com\\\/web\\\/\",\"name\":\"Nom\u00e9sVending\",\"description\":\"M\u00e1quinas, filtros, recambios, monederos, consumibles y todo lo que necesitas para el mundo del vending. Calidad y tecnolog\u00eda para tu negocio. \u00a1Descubre nuestras soluciones!\",\"publisher\":{\"@id\":\"https:\\\/\\\/nomesvending.com\\\/web\\\/#organization\"},\"potentialAction\":[{\"@type\":\"SearchAction\",\"target\":{\"@type\":\"EntryPoint\",\"urlTemplate\":\"https:\\\/\\\/nomesvending.com\\\/web\\\/?s={search_term_string}\"},\"query-input\":{\"@type\":\"PropertyValueSpecification\",\"valueRequired\":true,\"valueName\":\"search_term_string\"}}],\"inLanguage\":\"es\"},{\"@type\":\"Organization\",\"@id\":\"https:\\\/\\\/nomesvending.com\\\/web\\\/#organization\",\"name\":\"Nom\u00e9sVending\",\"url\":\"https:\\\/\\\/nomesvending.com\\\/web\\\/\",\"logo\":{\"@type\":\"ImageObject\",\"inLanguage\":\"es\",\"@id\":\"https:\\\/\\\/nomesvending.com\\\/web\\\/#\\\/schema\\\/logo\\\/image\\\/\",\"url\":\"https:\\\/\\\/nomesvending.com\\\/web\\\/wp-content\\\/uploads\\\/2026\\\/03\\\/Red-and-White-Modern-Vending-Machine-Services-Instagram-Post.png\",\"contentUrl\":\"https:\\\/\\\/nomesvending.com\\\/web\\\/wp-content\\\/uploads\\\/2026\\\/03\\\/Red-and-White-Modern-Vending-Machine-Services-Instagram-Post.png\",\"width\":1080,\"height\":1080,\"caption\":\"Nom\u00e9sVending\"},\"image\":{\"@id\":\"https:\\\/\\\/nomesvending.com\\\/web\\\/#\\\/schema\\\/logo\\\/image\\\/\"},\"sameAs\":[\"https:\\\/\\\/www.facebook.com\\\/NomesVending\\\/\",\"https:\\\/\\\/www.instagram.com\\\/nomesvending\\\/\"]}]}<\/script>\n<!-- \/ Yoast SEO plugin. -->","yoast_head_json":{"title":"KITKAT (NESTL\u00c9) - Nomesvending","description":"Disfruta de KitKat, 4 barritas de crujiente galleta recubiertas de chocolate con leche, hechas con 100% cacao sostenible.Disfruta de KitKat, 4 barritas....","robots":{"index":"index","follow":"follow","max-snippet":"max-snippet:-1","max-image-preview":"max-image-preview:large","max-video-preview":"max-video-preview:-1"},"canonical":"https:\/\/nomesvending.com\/web\/tienda\/productos\/snacks\/snacks-snacks\/kitkat-nestle\/","og_locale":"es_ES","og_type":"article","og_title":"KITKAT (NESTL\u00c9) - Nomesvending","og_description":"Disfruta de KitKat, 4 barritas de crujiente galleta recubiertas de chocolate con leche, hechas con 100% cacao sostenible.Disfruta de KitKat, 4 barritas....","og_url":"https:\/\/nomesvending.com\/web\/tienda\/productos\/snacks\/snacks-snacks\/kitkat-nestle\/","og_site_name":"Nomesvending","article_publisher":"https:\/\/www.facebook.com\/NomesVending\/","article_modified_time":"2025-09-25T07:50:07+00:00","og_image":[{"width":500,"height":500,"url":"https:\/\/nomesvending.com\/web\/wp-content\/uploads\/2024\/06\/A09968-5.png","type":"image\/png"}],"twitter_card":"summary_large_image","twitter_misc":{"Tiempo de lectura":"2 minutos"},"schema":{"@context":"https:\/\/schema.org","@graph":[{"@type":"WebPage","@id":"https:\/\/nomesvending.com\/web\/tienda\/productos\/snacks\/snacks-snacks\/kitkat-nestle\/","url":"https:\/\/nomesvending.com\/web\/tienda\/productos\/snacks\/snacks-snacks\/kitkat-nestle\/","name":"KITKAT (NESTL\u00c9) - Nomesvending","isPartOf":{"@id":"https:\/\/nomesvending.com\/web\/#website"},"primaryImageOfPage":{"@id":"https:\/\/nomesvending.com\/web\/tienda\/productos\/snacks\/snacks-snacks\/kitkat-nestle\/#primaryimage"},"image":{"@id":"https:\/\/nomesvending.com\/web\/tienda\/productos\/snacks\/snacks-snacks\/kitkat-nestle\/#primaryimage"},"thumbnailUrl":"https:\/\/nomesvending.com\/web\/wp-content\/uploads\/2024\/06\/A09968-5.png","datePublished":"2024-06-12T07:15:41+00:00","dateModified":"2025-09-25T07:50:07+00:00","description":"Disfruta de KitKat, 4 barritas de crujiente galleta recubiertas de chocolate con leche, hechas con 100% cacao sostenible.Disfruta de KitKat, 4 barritas....","breadcrumb":{"@id":"https:\/\/nomesvending.com\/web\/tienda\/productos\/snacks\/snacks-snacks\/kitkat-nestle\/#breadcrumb"},"inLanguage":"es","potentialAction":[{"@type":"ReadAction","target":["https:\/\/nomesvending.com\/web\/tienda\/productos\/snacks\/snacks-snacks\/kitkat-nestle\/"]}]},{"@type":"ImageObject","inLanguage":"es","@id":"https:\/\/nomesvending.com\/web\/tienda\/productos\/snacks\/snacks-snacks\/kitkat-nestle\/#primaryimage","url":"https:\/\/nomesvending.com\/web\/wp-content\/uploads\/2024\/06\/A09968-5.png","contentUrl":"https:\/\/nomesvending.com\/web\/wp-content\/uploads\/2024\/06\/A09968-5.png","width":500,"height":500,"caption":"KIT KAT"},{"@type":"BreadcrumbList","@id":"https:\/\/nomesvending.com\/web\/tienda\/productos\/snacks\/snacks-snacks\/kitkat-nestle\/#breadcrumb","itemListElement":[{"@type":"ListItem","position":1,"name":"Portada","item":"https:\/\/nomesvending.com\/web\/"},{"@type":"ListItem","position":2,"name":"Tienda","item":"https:\/\/nomesvending.com\/web\/tienda\/"},{"@type":"ListItem","position":3,"name":"KITKAT (NESTL\u00c9)"}]},{"@type":"WebSite","@id":"https:\/\/nomesvending.com\/web\/#website","url":"https:\/\/nomesvending.com\/web\/","name":"Nom\u00e9sVending","description":"M\u00e1quinas, filtros, recambios, monederos, consumibles y todo lo que necesitas para el mundo del vending. Calidad y tecnolog\u00eda para tu negocio. \u00a1Descubre nuestras soluciones!","publisher":{"@id":"https:\/\/nomesvending.com\/web\/#organization"},"potentialAction":[{"@type":"SearchAction","target":{"@type":"EntryPoint","urlTemplate":"https:\/\/nomesvending.com\/web\/?s={search_term_string}"},"query-input":{"@type":"PropertyValueSpecification","valueRequired":true,"valueName":"search_term_string"}}],"inLanguage":"es"},{"@type":"Organization","@id":"https:\/\/nomesvending.com\/web\/#organization","name":"Nom\u00e9sVending","url":"https:\/\/nomesvending.com\/web\/","logo":{"@type":"ImageObject","inLanguage":"es","@id":"https:\/\/nomesvending.com\/web\/#\/schema\/logo\/image\/","url":"https:\/\/nomesvending.com\/web\/wp-content\/uploads\/2026\/03\/Red-and-White-Modern-Vending-Machine-Services-Instagram-Post.png","contentUrl":"https:\/\/nomesvending.com\/web\/wp-content\/uploads\/2026\/03\/Red-and-White-Modern-Vending-Machine-Services-Instagram-Post.png","width":1080,"height":1080,"caption":"Nom\u00e9sVending"},"image":{"@id":"https:\/\/nomesvending.com\/web\/#\/schema\/logo\/image\/"},"sameAs":["https:\/\/www.facebook.com\/NomesVending\/","https:\/\/www.instagram.com\/nomesvending\/"]}]}},"_links":{"self":[{"href":"https:\/\/nomesvending.com\/web\/wp-json\/wp\/v2\/product\/17701","targetHints":{"allow":["GET"]}}],"collection":[{"href":"https:\/\/nomesvending.com\/web\/wp-json\/wp\/v2\/product"}],"about":[{"href":"https:\/\/nomesvending.com\/web\/wp-json\/wp\/v2\/types\/product"}],"replies":[{"embeddable":true,"href":"https:\/\/nomesvending.com\/web\/wp-json\/wp\/v2\/comments?post=17701"}],"wp:featuredmedia":[{"embeddable":true,"href":"https:\/\/nomesvending.com\/web\/wp-json\/wp\/v2\/media\/21535"}],"wp:attachment":[{"href":"https:\/\/nomesvending.com\/web\/wp-json\/wp\/v2\/media?parent=17701"}],"wp:term":[{"taxonomy":"product_brand","embeddable":true,"href":"https:\/\/nomesvending.com\/web\/wp-json\/wp\/v2\/product_brand?post=17701"},{"taxonomy":"product_cat","embeddable":true,"href":"https:\/\/nomesvending.com\/web\/wp-json\/wp\/v2\/product_cat?post=17701"},{"taxonomy":"product_tag","embeddable":true,"href":"https:\/\/nomesvending.com\/web\/wp-json\/wp\/v2\/product_tag?post=17701"}],"curies":[{"name":"wp","href":"https:\/\/api.w.org\/{rel}","templated":true}]}}