{"id":17705,"date":"2024-06-12T07:24:10","date_gmt":"2024-06-12T07:24:10","guid":{"rendered":"https:\/\/nomesvending.com\/web\/?post_type=product&#038;p=17705"},"modified":"2025-07-25T07:16:03","modified_gmt":"2025-07-25T07:16:03","slug":"twix-mars","status":"publish","type":"product","link":"https:\/\/nomesvending.com\/web\/tienda\/productos\/snacks\/snacks-snacks\/twix-mars\/","title":{"rendered":"TWIX (MARS) (8 CAJAS 2000UDS)"},"content":{"rendered":"<h3 class=\"\" data-start=\"0\" data-end=\"36\"><strong data-start=\"4\" data-end=\"34\">Twix \u2013 Pack de 25 Barritas<\/strong><\/h3>\n<p class=\"\" data-start=\"38\" data-end=\"365\">Disfruta del inconfundible sabor de <strong data-start=\"74\" data-end=\"82\">Twix<\/strong>, la chocolatina perfecta que combina tres ingredientes irresistibles: <strong data-start=\"153\" data-end=\"239\">galleta crujiente, caramelo suave y una deliciosa cobertura de chocolate con leche<\/strong>. Su equilibrada mezcla de texturas y su sabor inconfundible la convierten en un snack ideal para cualquier momento del d\u00eda.<\/p>\n<p class=\"\" data-start=\"367\" data-end=\"738\">Cada caja contiene <strong data-start=\"386\" data-end=\"414\">25 barritas individuales<\/strong>, ideales para disfrutar en cualquier ocasi\u00f3n, compartir o vender en comercios. Para pedidos al por mayor, el <strong data-start=\"524\" data-end=\"558\">m\u00ednimo de compra es de 8 cajas<\/strong>, cada una de ellas con <strong data-start=\"582\" data-end=\"612\">10 estuches de 24 unidades<\/strong>, asegurando una opci\u00f3n perfecta para distribuidores, tiendas o empresas que buscan ofrecer este cl\u00e1sico y popular producto.<\/p>\n<h3 class=\"\" data-start=\"740\" data-end=\"779\"><strong data-start=\"744\" data-end=\"777\">Un Snack Delicioso y Vers\u00e1til<\/strong><\/h3>\n<p class=\"\" data-start=\"780\" data-end=\"1052\">Twix destaca por su equilibrio entre lo crujiente de la galleta, la cremosidad del caramelo y la suavidad del chocolate con leche que lo recubre. Su formato de <strong data-start=\"940\" data-end=\"967\">dos barritas por envase<\/strong> permite disfrutarlo de diferentes maneras: compartirlo o guardarlo para m\u00e1s tarde.<\/p>\n<h3 class=\"\" data-start=\"1054\" data-end=\"1103\"><strong data-start=\"1058\" data-end=\"1101\">Perfecto para Negocios y Distribuidores<\/strong><\/h3>\n<p class=\"\" data-start=\"1104\" data-end=\"1394\">Con una alta demanda en tiendas, supermercados y m\u00e1quinas expendedoras, Twix es una de las chocolatinas m\u00e1s vendidas. Gracias a su c\u00f3modo formato y a su presentaci\u00f3n en estuches de 24 unidades, es una excelente opci\u00f3n para maximizar ventas y ofrecer a los clientes un producto de calidad.<\/p>\n<p class=\"\" data-start=\"1396\" data-end=\"1519\">El <strong data-start=\"1399\" data-end=\"1433\">precio por estuche es de 12,60<\/strong>, garantizando una compra rentable tanto para comerciantes como para distribuidores.<\/p>\n<h3 class=\"\" data-start=\"1521\" data-end=\"1625\"><strong data-start=\"1525\" data-end=\"1623\">\u00a1Haz tu pedido ahora y disfruta del sabor inconfundible de Twix en su formato m\u00e1s conveniente!<\/strong><\/h3>\n","protected":false},"excerpt":{"rendered":"<p>Twix \u2013 Pack de 25 Barritas Disfruta del inconfundible sabor de Twix, la chocolatina perfecta que combina tres ingredientes irresistibles: galleta crujiente, caramelo suave y una deliciosa cobertura de chocolate con leche. Su equilibrada mezcla de texturas y su sabor inconfundible la convierten en un snack ideal para cualquier momento del d\u00eda. Cada caja contiene [&hellip;]<\/p>\n","protected":false},"featured_media":21537,"comment_status":"open","ping_status":"closed","template":"","meta":[],"product_brand":[232],"product_cat":[51,107,95],"product_tag":[118],"class_list":{"0":"post-17705","1":"product","2":"type-product","3":"status-publish","4":"has-post-thumbnail","6":"product_brand-mars","7":"product_cat-productos","8":"product_cat-snacks-snacks","9":"product_cat-snacks","10":"product_tag-mars","12":"first","13":"instock","14":"taxable","15":"shipping-taxable","16":"purchasable","17":"product-type-simple"},"yoast_head":"<!-- This site is optimized with the Yoast SEO plugin v27.5 - https:\/\/yoast.com\/product\/yoast-seo-wordpress\/ -->\n<title>TWIX (MARS) (8 CAJAS 2000UDS) - Nomesvending<\/title>\n<meta name=\"description\" content=\"Disfruta de Twix, la combinaci\u00f3n perfecta de galleta crujiente, caramelo y chocolate con leche. Caja de 25 barritas. Pedido m\u00ednimo: 8\" \/>\n<meta name=\"robots\" content=\"index, follow, max-snippet:-1, max-image-preview:large, max-video-preview:-1\" \/>\n<link rel=\"canonical\" href=\"https:\/\/nomesvending.com\/web\/tienda\/productos\/snacks\/snacks-snacks\/twix-mars\/\" \/>\n<meta property=\"og:locale\" content=\"es_ES\" \/>\n<meta property=\"og:type\" content=\"article\" \/>\n<meta property=\"og:title\" content=\"TWIX (MARS) (8 CAJAS 2000UDS) - Nomesvending\" \/>\n<meta property=\"og:description\" content=\"Disfruta de Twix, la combinaci\u00f3n perfecta de galleta crujiente, caramelo y chocolate con leche. Caja de 25 barritas. Pedido m\u00ednimo: 8\" \/>\n<meta property=\"og:url\" content=\"https:\/\/nomesvending.com\/web\/tienda\/productos\/snacks\/snacks-snacks\/twix-mars\/\" \/>\n<meta property=\"og:site_name\" content=\"Nomesvending\" \/>\n<meta property=\"article:publisher\" content=\"https:\/\/www.facebook.com\/NomesVending\/\" \/>\n<meta property=\"article:modified_time\" content=\"2025-07-25T07:16:03+00:00\" \/>\n<meta property=\"og:image\" content=\"https:\/\/nomesvending.com\/web\/wp-content\/uploads\/2024\/06\/CD57N.png\" \/>\n\t<meta property=\"og:image:width\" content=\"500\" \/>\n\t<meta property=\"og:image:height\" content=\"500\" \/>\n\t<meta property=\"og:image:type\" content=\"image\/png\" \/>\n<meta name=\"twitter:card\" content=\"summary_large_image\" \/>\n<meta name=\"twitter:label1\" content=\"Tiempo de lectura\" \/>\n\t<meta name=\"twitter:data1\" content=\"2 minutos\" \/>\n<script type=\"application\/ld+json\" class=\"yoast-schema-graph\">{\"@context\":\"https:\\\/\\\/schema.org\",\"@graph\":[{\"@type\":\"WebPage\",\"@id\":\"https:\\\/\\\/nomesvending.com\\\/web\\\/tienda\\\/productos\\\/snacks\\\/snacks-snacks\\\/twix-mars\\\/\",\"url\":\"https:\\\/\\\/nomesvending.com\\\/web\\\/tienda\\\/productos\\\/snacks\\\/snacks-snacks\\\/twix-mars\\\/\",\"name\":\"TWIX (MARS) (8 CAJAS 2000UDS) - Nomesvending\",\"isPartOf\":{\"@id\":\"https:\\\/\\\/nomesvending.com\\\/web\\\/#website\"},\"primaryImageOfPage\":{\"@id\":\"https:\\\/\\\/nomesvending.com\\\/web\\\/tienda\\\/productos\\\/snacks\\\/snacks-snacks\\\/twix-mars\\\/#primaryimage\"},\"image\":{\"@id\":\"https:\\\/\\\/nomesvending.com\\\/web\\\/tienda\\\/productos\\\/snacks\\\/snacks-snacks\\\/twix-mars\\\/#primaryimage\"},\"thumbnailUrl\":\"https:\\\/\\\/nomesvending.com\\\/web\\\/wp-content\\\/uploads\\\/2024\\\/06\\\/CD57N.png\",\"datePublished\":\"2024-06-12T07:24:10+00:00\",\"dateModified\":\"2025-07-25T07:16:03+00:00\",\"description\":\"Disfruta de Twix, la combinaci\u00f3n perfecta de galleta crujiente, caramelo y chocolate con leche. Caja de 25 barritas. Pedido m\u00ednimo: 8\",\"breadcrumb\":{\"@id\":\"https:\\\/\\\/nomesvending.com\\\/web\\\/tienda\\\/productos\\\/snacks\\\/snacks-snacks\\\/twix-mars\\\/#breadcrumb\"},\"inLanguage\":\"es\",\"potentialAction\":[{\"@type\":\"ReadAction\",\"target\":[\"https:\\\/\\\/nomesvending.com\\\/web\\\/tienda\\\/productos\\\/snacks\\\/snacks-snacks\\\/twix-mars\\\/\"]}]},{\"@type\":\"ImageObject\",\"inLanguage\":\"es\",\"@id\":\"https:\\\/\\\/nomesvending.com\\\/web\\\/tienda\\\/productos\\\/snacks\\\/snacks-snacks\\\/twix-mars\\\/#primaryimage\",\"url\":\"https:\\\/\\\/nomesvending.com\\\/web\\\/wp-content\\\/uploads\\\/2024\\\/06\\\/CD57N.png\",\"contentUrl\":\"https:\\\/\\\/nomesvending.com\\\/web\\\/wp-content\\\/uploads\\\/2024\\\/06\\\/CD57N.png\",\"width\":500,\"height\":500,\"caption\":\"TWIX\"},{\"@type\":\"BreadcrumbList\",\"@id\":\"https:\\\/\\\/nomesvending.com\\\/web\\\/tienda\\\/productos\\\/snacks\\\/snacks-snacks\\\/twix-mars\\\/#breadcrumb\",\"itemListElement\":[{\"@type\":\"ListItem\",\"position\":1,\"name\":\"Portada\",\"item\":\"https:\\\/\\\/nomesvending.com\\\/web\\\/\"},{\"@type\":\"ListItem\",\"position\":2,\"name\":\"Tienda\",\"item\":\"https:\\\/\\\/nomesvending.com\\\/web\\\/tienda\\\/\"},{\"@type\":\"ListItem\",\"position\":3,\"name\":\"TWIX (MARS) (8 CAJAS 2000UDS)\"}]},{\"@type\":\"WebSite\",\"@id\":\"https:\\\/\\\/nomesvending.com\\\/web\\\/#website\",\"url\":\"https:\\\/\\\/nomesvending.com\\\/web\\\/\",\"name\":\"Nom\u00e9sVending\",\"description\":\"M\u00e1quinas, filtros, recambios, monederos, consumibles y todo lo que necesitas para el mundo del vending. Calidad y tecnolog\u00eda para tu negocio. \u00a1Descubre nuestras soluciones!\",\"publisher\":{\"@id\":\"https:\\\/\\\/nomesvending.com\\\/web\\\/#organization\"},\"potentialAction\":[{\"@type\":\"SearchAction\",\"target\":{\"@type\":\"EntryPoint\",\"urlTemplate\":\"https:\\\/\\\/nomesvending.com\\\/web\\\/?s={search_term_string}\"},\"query-input\":{\"@type\":\"PropertyValueSpecification\",\"valueRequired\":true,\"valueName\":\"search_term_string\"}}],\"inLanguage\":\"es\"},{\"@type\":\"Organization\",\"@id\":\"https:\\\/\\\/nomesvending.com\\\/web\\\/#organization\",\"name\":\"Nom\u00e9sVending\",\"url\":\"https:\\\/\\\/nomesvending.com\\\/web\\\/\",\"logo\":{\"@type\":\"ImageObject\",\"inLanguage\":\"es\",\"@id\":\"https:\\\/\\\/nomesvending.com\\\/web\\\/#\\\/schema\\\/logo\\\/image\\\/\",\"url\":\"https:\\\/\\\/nomesvending.com\\\/web\\\/wp-content\\\/uploads\\\/2026\\\/03\\\/Red-and-White-Modern-Vending-Machine-Services-Instagram-Post.png\",\"contentUrl\":\"https:\\\/\\\/nomesvending.com\\\/web\\\/wp-content\\\/uploads\\\/2026\\\/03\\\/Red-and-White-Modern-Vending-Machine-Services-Instagram-Post.png\",\"width\":1080,\"height\":1080,\"caption\":\"Nom\u00e9sVending\"},\"image\":{\"@id\":\"https:\\\/\\\/nomesvending.com\\\/web\\\/#\\\/schema\\\/logo\\\/image\\\/\"},\"sameAs\":[\"https:\\\/\\\/www.facebook.com\\\/NomesVending\\\/\",\"https:\\\/\\\/www.instagram.com\\\/nomesvending\\\/\"]}]}<\/script>\n<!-- \/ Yoast SEO plugin. -->","yoast_head_json":{"title":"TWIX (MARS) (8 CAJAS 2000UDS) - Nomesvending","description":"Disfruta de Twix, la combinaci\u00f3n perfecta de galleta crujiente, caramelo y chocolate con leche. Caja de 25 barritas. Pedido m\u00ednimo: 8","robots":{"index":"index","follow":"follow","max-snippet":"max-snippet:-1","max-image-preview":"max-image-preview:large","max-video-preview":"max-video-preview:-1"},"canonical":"https:\/\/nomesvending.com\/web\/tienda\/productos\/snacks\/snacks-snacks\/twix-mars\/","og_locale":"es_ES","og_type":"article","og_title":"TWIX (MARS) (8 CAJAS 2000UDS) - Nomesvending","og_description":"Disfruta de Twix, la combinaci\u00f3n perfecta de galleta crujiente, caramelo y chocolate con leche. Caja de 25 barritas. Pedido m\u00ednimo: 8","og_url":"https:\/\/nomesvending.com\/web\/tienda\/productos\/snacks\/snacks-snacks\/twix-mars\/","og_site_name":"Nomesvending","article_publisher":"https:\/\/www.facebook.com\/NomesVending\/","article_modified_time":"2025-07-25T07:16:03+00:00","og_image":[{"width":500,"height":500,"url":"https:\/\/nomesvending.com\/web\/wp-content\/uploads\/2024\/06\/CD57N.png","type":"image\/png"}],"twitter_card":"summary_large_image","twitter_misc":{"Tiempo de lectura":"2 minutos"},"schema":{"@context":"https:\/\/schema.org","@graph":[{"@type":"WebPage","@id":"https:\/\/nomesvending.com\/web\/tienda\/productos\/snacks\/snacks-snacks\/twix-mars\/","url":"https:\/\/nomesvending.com\/web\/tienda\/productos\/snacks\/snacks-snacks\/twix-mars\/","name":"TWIX (MARS) (8 CAJAS 2000UDS) - Nomesvending","isPartOf":{"@id":"https:\/\/nomesvending.com\/web\/#website"},"primaryImageOfPage":{"@id":"https:\/\/nomesvending.com\/web\/tienda\/productos\/snacks\/snacks-snacks\/twix-mars\/#primaryimage"},"image":{"@id":"https:\/\/nomesvending.com\/web\/tienda\/productos\/snacks\/snacks-snacks\/twix-mars\/#primaryimage"},"thumbnailUrl":"https:\/\/nomesvending.com\/web\/wp-content\/uploads\/2024\/06\/CD57N.png","datePublished":"2024-06-12T07:24:10+00:00","dateModified":"2025-07-25T07:16:03+00:00","description":"Disfruta de Twix, la combinaci\u00f3n perfecta de galleta crujiente, caramelo y chocolate con leche. Caja de 25 barritas. Pedido m\u00ednimo: 8","breadcrumb":{"@id":"https:\/\/nomesvending.com\/web\/tienda\/productos\/snacks\/snacks-snacks\/twix-mars\/#breadcrumb"},"inLanguage":"es","potentialAction":[{"@type":"ReadAction","target":["https:\/\/nomesvending.com\/web\/tienda\/productos\/snacks\/snacks-snacks\/twix-mars\/"]}]},{"@type":"ImageObject","inLanguage":"es","@id":"https:\/\/nomesvending.com\/web\/tienda\/productos\/snacks\/snacks-snacks\/twix-mars\/#primaryimage","url":"https:\/\/nomesvending.com\/web\/wp-content\/uploads\/2024\/06\/CD57N.png","contentUrl":"https:\/\/nomesvending.com\/web\/wp-content\/uploads\/2024\/06\/CD57N.png","width":500,"height":500,"caption":"TWIX"},{"@type":"BreadcrumbList","@id":"https:\/\/nomesvending.com\/web\/tienda\/productos\/snacks\/snacks-snacks\/twix-mars\/#breadcrumb","itemListElement":[{"@type":"ListItem","position":1,"name":"Portada","item":"https:\/\/nomesvending.com\/web\/"},{"@type":"ListItem","position":2,"name":"Tienda","item":"https:\/\/nomesvending.com\/web\/tienda\/"},{"@type":"ListItem","position":3,"name":"TWIX (MARS) (8 CAJAS 2000UDS)"}]},{"@type":"WebSite","@id":"https:\/\/nomesvending.com\/web\/#website","url":"https:\/\/nomesvending.com\/web\/","name":"Nom\u00e9sVending","description":"M\u00e1quinas, filtros, recambios, monederos, consumibles y todo lo que necesitas para el mundo del vending. Calidad y tecnolog\u00eda para tu negocio. \u00a1Descubre nuestras soluciones!","publisher":{"@id":"https:\/\/nomesvending.com\/web\/#organization"},"potentialAction":[{"@type":"SearchAction","target":{"@type":"EntryPoint","urlTemplate":"https:\/\/nomesvending.com\/web\/?s={search_term_string}"},"query-input":{"@type":"PropertyValueSpecification","valueRequired":true,"valueName":"search_term_string"}}],"inLanguage":"es"},{"@type":"Organization","@id":"https:\/\/nomesvending.com\/web\/#organization","name":"Nom\u00e9sVending","url":"https:\/\/nomesvending.com\/web\/","logo":{"@type":"ImageObject","inLanguage":"es","@id":"https:\/\/nomesvending.com\/web\/#\/schema\/logo\/image\/","url":"https:\/\/nomesvending.com\/web\/wp-content\/uploads\/2026\/03\/Red-and-White-Modern-Vending-Machine-Services-Instagram-Post.png","contentUrl":"https:\/\/nomesvending.com\/web\/wp-content\/uploads\/2026\/03\/Red-and-White-Modern-Vending-Machine-Services-Instagram-Post.png","width":1080,"height":1080,"caption":"Nom\u00e9sVending"},"image":{"@id":"https:\/\/nomesvending.com\/web\/#\/schema\/logo\/image\/"},"sameAs":["https:\/\/www.facebook.com\/NomesVending\/","https:\/\/www.instagram.com\/nomesvending\/"]}]}},"_links":{"self":[{"href":"https:\/\/nomesvending.com\/web\/wp-json\/wp\/v2\/product\/17705","targetHints":{"allow":["GET"]}}],"collection":[{"href":"https:\/\/nomesvending.com\/web\/wp-json\/wp\/v2\/product"}],"about":[{"href":"https:\/\/nomesvending.com\/web\/wp-json\/wp\/v2\/types\/product"}],"replies":[{"embeddable":true,"href":"https:\/\/nomesvending.com\/web\/wp-json\/wp\/v2\/comments?post=17705"}],"wp:featuredmedia":[{"embeddable":true,"href":"https:\/\/nomesvending.com\/web\/wp-json\/wp\/v2\/media\/21537"}],"wp:attachment":[{"href":"https:\/\/nomesvending.com\/web\/wp-json\/wp\/v2\/media?parent=17705"}],"wp:term":[{"taxonomy":"product_brand","embeddable":true,"href":"https:\/\/nomesvending.com\/web\/wp-json\/wp\/v2\/product_brand?post=17705"},{"taxonomy":"product_cat","embeddable":true,"href":"https:\/\/nomesvending.com\/web\/wp-json\/wp\/v2\/product_cat?post=17705"},{"taxonomy":"product_tag","embeddable":true,"href":"https:\/\/nomesvending.com\/web\/wp-json\/wp\/v2\/product_tag?post=17705"}],"curies":[{"name":"wp","href":"https:\/\/api.w.org\/{rel}","templated":true}]}}