{"id":17717,"date":"2024-06-12T07:53:13","date_gmt":"2024-06-12T07:53:13","guid":{"rendered":"https:\/\/nomesvending.com\/web\/?post_type=product&#038;p=17717"},"modified":"2025-05-20T09:20:58","modified_gmt":"2025-05-20T09:20:58","slug":"chuches-halal-surtido-regaliz","status":"publish","type":"product","link":"https:\/\/nomesvending.com\/web\/tienda\/productos\/snacks\/gominolas\/chuches-halal-surtido-regaliz\/","title":{"rendered":"Chuches halal Surtido Regaliz Pica 14 bolsas de 100g (VIDAL)"},"content":{"rendered":"<h3 class=\"\" data-start=\"0\" data-end=\"91\"><strong data-start=\"4\" data-end=\"89\">Chuches halal Surtido Regaliz y Dulcipica \u2013 Certificado Halal y con un Intenso Sabor a Fresa<\/strong><\/h3>\n<p class=\"\" data-start=\"93\" data-end=\"460\">Descubre el Chuches halal Surtido Regaliz<strong data-start=\"105\" data-end=\"139\">\u00a0y Dulcipica<\/strong>, una combinaci\u00f3n perfecta de <strong data-start=\"169\" data-end=\"204\">regaliz y trocitos de dulcipica<\/strong> con una irresistible <strong data-start=\"226\" data-end=\"245\">cobertura \u00e1cida<\/strong> y un delicioso <strong data-start=\"261\" data-end=\"280\">relleno cremoso<\/strong> que te sorprender\u00e1 en cada bocado. Su intenso <strong data-start=\"327\" data-end=\"344\">sabor a fresa<\/strong>lo convierte en una opci\u00f3n imprescindible para los amantes del regaliz y los sabores frutales con un toque \u00e1cido.<\/p>\n<h3 class=\"\" data-start=\"462\" data-end=\"504\"><strong data-start=\"466\" data-end=\"502\">Producto con Certificaci\u00f3n Halal<\/strong><\/h3>\n<p class=\"\" data-start=\"506\" data-end=\"789\">Este surtido cuenta con <strong data-start=\"530\" data-end=\"553\">certificaci\u00f3n Halal<\/strong>, lo que garantiza que cumple con los est\u00e1ndares de calidad y preparaci\u00f3n exigidos por la normativa Halal. Es una opci\u00f3n apta para personas que siguen esta dieta, asegurando un producto elaborado con ingredientes y procesos adecuados.<\/p>\n<h3 class=\"\" data-start=\"791\" data-end=\"851\"><strong data-start=\"795\" data-end=\"849\">Caracter\u00edsticas del<\/strong><\/h3>\n<h3 class=\"\" data-start=\"0\" data-end=\"91\"><strong data-start=\"4\" data-end=\"89\">Chuches halal Surtido Regaliz<\/strong><strong data-start=\"795\" data-end=\"849\"> y Dulcipica<\/strong><\/h3>\n<ul data-start=\"853\" data-end=\"1290\">\n<li class=\"\" data-start=\"853\" data-end=\"939\">\n<p class=\"\" data-start=\"855\" data-end=\"939\"><strong data-start=\"855\" data-end=\"864\">Sabor<\/strong>: Intenso sabor a fresa con una combinaci\u00f3n perfecta de dulzura y acidez.<\/p>\n<\/li>\n<li class=\"\" data-start=\"940\" data-end=\"1039\">\n<p class=\"\" data-start=\"942\" data-end=\"1039\"><strong data-start=\"942\" data-end=\"966\">Textura irresistible<\/strong>: Regaliz y dulcipica con cobertura \u00e1cida y un relleno suave y cremoso.<\/p>\n<\/li>\n<li class=\"\" data-start=\"1040\" data-end=\"1146\">\n<p class=\"\" data-start=\"1042\" data-end=\"1146\"><strong data-start=\"1042\" data-end=\"1059\">Formato ideal<\/strong>: Caja con <strong data-start=\"1070\" data-end=\"1085\">14 unidades<\/strong>, perfecta para compartir o disfrutar en cualquier momento.<\/p>\n<\/li>\n<li class=\"\" data-start=\"1147\" data-end=\"1290\">\n<p class=\"\" data-start=\"1149\" data-end=\"1290\"><strong data-start=\"1149\" data-end=\"1179\">Apto para m\u00e1s consumidores<\/strong>: Producto con <strong data-start=\"1194\" data-end=\"1217\">certificaci\u00f3n Halal<\/strong>, garantizando un consumo seguro para quienes siguen esta alimentaci\u00f3n.<\/p>\n<\/li>\n<\/ul>\n<h3 class=\"\" data-start=\"1292\" data-end=\"1328\"><strong data-start=\"1296\" data-end=\"1326\">Beneficios de este surtido<\/strong><\/h3>\n<ul data-start=\"1330\" data-end=\"1829\">\n<li class=\"\" data-start=\"1330\" data-end=\"1460\">\n<p class=\"\" data-start=\"1332\" data-end=\"1460\"><strong data-start=\"1332\" data-end=\"1348\">Opci\u00f3n Halal<\/strong>: Cumple con los requisitos de la certificaci\u00f3n Halal, asegurando un producto accesible para m\u00e1s consumidores.<\/p>\n<\/li>\n<li class=\"\" data-start=\"1461\" data-end=\"1581\">\n<p class=\"\" data-start=\"1463\" data-end=\"1581\"><strong data-start=\"1463\" data-end=\"1494\">Sabor intenso y equilibrado<\/strong>: La fresa aporta una dulzura natural, complementada con un toque \u00e1cido irresistible.<\/p>\n<\/li>\n<li class=\"\" data-start=\"1582\" data-end=\"1709\">\n<p class=\"\" data-start=\"1584\" data-end=\"1709\"><strong data-start=\"1584\" data-end=\"1601\">Textura \u00fanica<\/strong>: La combinaci\u00f3n de regaliz y dulcipica con su relleno cremoso proporciona una experiencia de sabor \u00fanica.<\/p>\n<\/li>\n<li class=\"\" data-start=\"1710\" data-end=\"1829\">\n<p class=\"\" data-start=\"1712\" data-end=\"1829\"><strong data-start=\"1712\" data-end=\"1728\">Versatilidad<\/strong>: Perfecto para compartir en reuniones, celebraciones o como un snack dulce para cualquier momento.<\/p>\n<\/li>\n<\/ul>\n<h3 class=\"\" data-start=\"1831\" data-end=\"1880\"><strong data-start=\"1835\" data-end=\"1878\">\u00bfD\u00f3nde comprar este surtido de regaliz?<\/strong><\/h3>\n<p class=\"\" data-start=\"1882\" data-end=\"2093\">Adquiere este <strong data-start=\"1896\" data-end=\"1930\">Surtido de Regaliz y Dulcipica<\/strong> con certificaci\u00f3n Halal al <strong data-start=\"1958\" data-end=\"1994\">mejor precio en nomesvending.com<\/strong>, y disfruta de una explosi\u00f3n de sabor con la garant\u00eda de un producto apto para m\u00e1s consumidores.<\/p>\n<p data-start=\"1882\" data-end=\"2093\">\n","protected":false},"excerpt":{"rendered":"<p>*Venta por caja de 14 bolsas de 100g (VIDAL)<\/p>\n","protected":false},"featured_media":21540,"comment_status":"open","ping_status":"closed","template":"","meta":[],"product_brand":[229],"product_cat":[108,51,95],"product_tag":[129,66],"class_list":{"0":"post-17717","1":"product","2":"type-product","3":"status-publish","4":"has-post-thumbnail","6":"product_brand-vidal","7":"product_cat-gominolas","8":"product_cat-productos","9":"product_cat-snacks","10":"product_tag-halal","11":"product_tag-vidal","13":"first","14":"instock","15":"taxable","16":"shipping-taxable","17":"purchasable","18":"product-type-simple"},"yoast_head":"<!-- This site is optimized with the Yoast SEO plugin v27.0 - https:\/\/yoast.com\/product\/yoast-seo-wordpress\/ -->\n<title>Chuches halal Surtido Regaliz Pica 14 bolsas de 100g (VIDAL) - Nomesvending<\/title>\n<meta name=\"description\" content=\"Chuches halal Surtido Regaliz y Dulcipica con certificaci\u00f3n Halal, cobertura \u00e1cida y relleno cremoso. Intenso sabor a fresa en un formato de 14 unid.....\" \/>\n<meta name=\"robots\" content=\"index, follow, max-snippet:-1, max-image-preview:large, max-video-preview:-1\" \/>\n<link rel=\"canonical\" href=\"https:\/\/nomesvending.com\/web\/tienda\/productos\/snacks\/gominolas\/chuches-halal-surtido-regaliz\/\" \/>\n<meta property=\"og:locale\" content=\"es_ES\" \/>\n<meta property=\"og:type\" content=\"article\" \/>\n<meta property=\"og:title\" content=\"Chuches halal Surtido Regaliz Pica 14 bolsas de 100g (VIDAL) - Nomesvending\" \/>\n<meta property=\"og:description\" content=\"Chuches halal Surtido Regaliz y Dulcipica con certificaci\u00f3n Halal, cobertura \u00e1cida y relleno cremoso. Intenso sabor a fresa en un formato de 14 unid.....\" \/>\n<meta property=\"og:url\" content=\"https:\/\/nomesvending.com\/web\/tienda\/productos\/snacks\/gominolas\/chuches-halal-surtido-regaliz\/\" \/>\n<meta property=\"og:site_name\" content=\"Nomesvending\" \/>\n<meta property=\"article:publisher\" content=\"https:\/\/www.facebook.com\/NomesVending\/\" \/>\n<meta property=\"article:modified_time\" content=\"2025-05-20T09:20:58+00:00\" \/>\n<meta property=\"og:image\" content=\"https:\/\/nomesvending.com\/web\/wp-content\/uploads\/2024\/06\/1102436.png\" \/>\n\t<meta property=\"og:image:width\" content=\"500\" \/>\n\t<meta property=\"og:image:height\" content=\"500\" \/>\n\t<meta property=\"og:image:type\" content=\"image\/png\" \/>\n<meta name=\"twitter:card\" content=\"summary_large_image\" \/>\n<meta name=\"twitter:label1\" content=\"Tiempo de lectura\" \/>\n\t<meta name=\"twitter:data1\" content=\"2 minutos\" \/>\n<script type=\"application\/ld+json\" class=\"yoast-schema-graph\">{\"@context\":\"https:\/\/schema.org\",\"@graph\":[{\"@type\":\"WebPage\",\"@id\":\"https:\/\/nomesvending.com\/web\/tienda\/productos\/snacks\/gominolas\/chuches-halal-surtido-regaliz\/\",\"url\":\"https:\/\/nomesvending.com\/web\/tienda\/productos\/snacks\/gominolas\/chuches-halal-surtido-regaliz\/\",\"name\":\"Chuches halal Surtido Regaliz Pica 14 bolsas de 100g (VIDAL) - Nomesvending\",\"isPartOf\":{\"@id\":\"https:\/\/nomesvending.com\/web\/#website\"},\"primaryImageOfPage\":{\"@id\":\"https:\/\/nomesvending.com\/web\/tienda\/productos\/snacks\/gominolas\/chuches-halal-surtido-regaliz\/#primaryimage\"},\"image\":{\"@id\":\"https:\/\/nomesvending.com\/web\/tienda\/productos\/snacks\/gominolas\/chuches-halal-surtido-regaliz\/#primaryimage\"},\"thumbnailUrl\":\"https:\/\/nomesvending.com\/web\/wp-content\/uploads\/2024\/06\/1102436.png\",\"datePublished\":\"2024-06-12T07:53:13+00:00\",\"dateModified\":\"2025-05-20T09:20:58+00:00\",\"description\":\"Chuches halal Surtido Regaliz y Dulcipica con certificaci\u00f3n Halal, cobertura \u00e1cida y relleno cremoso. Intenso sabor a fresa en un formato de 14 unid.....\",\"breadcrumb\":{\"@id\":\"https:\/\/nomesvending.com\/web\/tienda\/productos\/snacks\/gominolas\/chuches-halal-surtido-regaliz\/#breadcrumb\"},\"inLanguage\":\"es\",\"potentialAction\":[{\"@type\":\"ReadAction\",\"target\":[\"https:\/\/nomesvending.com\/web\/tienda\/productos\/snacks\/gominolas\/chuches-halal-surtido-regaliz\/\"]}]},{\"@type\":\"ImageObject\",\"inLanguage\":\"es\",\"@id\":\"https:\/\/nomesvending.com\/web\/tienda\/productos\/snacks\/gominolas\/chuches-halal-surtido-regaliz\/#primaryimage\",\"url\":\"https:\/\/nomesvending.com\/web\/wp-content\/uploads\/2024\/06\/1102436.png\",\"contentUrl\":\"https:\/\/nomesvending.com\/web\/wp-content\/uploads\/2024\/06\/1102436.png\",\"width\":500,\"height\":500,\"caption\":\"Chuches halal Surtido Regaliz Pica 14 bolsas de 100g (VIDAL)\"},{\"@type\":\"BreadcrumbList\",\"@id\":\"https:\/\/nomesvending.com\/web\/tienda\/productos\/snacks\/gominolas\/chuches-halal-surtido-regaliz\/#breadcrumb\",\"itemListElement\":[{\"@type\":\"ListItem\",\"position\":1,\"name\":\"Portada\",\"item\":\"https:\/\/nomesvending.com\/web\/\"},{\"@type\":\"ListItem\",\"position\":2,\"name\":\"Tienda\",\"item\":\"https:\/\/nomesvending.com\/web\/tienda\/\"},{\"@type\":\"ListItem\",\"position\":3,\"name\":\"Chuches halal Surtido Regaliz Pica 14 bolsas de 100g (VIDAL)\"}]},{\"@type\":\"WebSite\",\"@id\":\"https:\/\/nomesvending.com\/web\/#website\",\"url\":\"https:\/\/nomesvending.com\/web\/\",\"name\":\"Nom\u00e9sVending\",\"description\":\"M\u00e1quinas, filtros, recambios, monederos, consumibles y todo lo que necesitas para el mundo del vending. Calidad y tecnolog\u00eda para tu negocio. \u00a1Descubre nuestras soluciones!\",\"publisher\":{\"@id\":\"https:\/\/nomesvending.com\/web\/#organization\"},\"potentialAction\":[{\"@type\":\"SearchAction\",\"target\":{\"@type\":\"EntryPoint\",\"urlTemplate\":\"https:\/\/nomesvending.com\/web\/?s={search_term_string}\"},\"query-input\":{\"@type\":\"PropertyValueSpecification\",\"valueRequired\":true,\"valueName\":\"search_term_string\"}}],\"inLanguage\":\"es\"},{\"@type\":\"Organization\",\"@id\":\"https:\/\/nomesvending.com\/web\/#organization\",\"name\":\"Nom\u00e9sVending\",\"url\":\"https:\/\/nomesvending.com\/web\/\",\"logo\":{\"@type\":\"ImageObject\",\"inLanguage\":\"es\",\"@id\":\"https:\/\/nomesvending.com\/web\/#\/schema\/logo\/image\/\",\"url\":\"https:\/\/nomesvending.com\/web\/wp-content\/uploads\/2026\/03\/Red-and-White-Modern-Vending-Machine-Services-Instagram-Post.png\",\"contentUrl\":\"https:\/\/nomesvending.com\/web\/wp-content\/uploads\/2026\/03\/Red-and-White-Modern-Vending-Machine-Services-Instagram-Post.png\",\"width\":1080,\"height\":1080,\"caption\":\"Nom\u00e9sVending\"},\"image\":{\"@id\":\"https:\/\/nomesvending.com\/web\/#\/schema\/logo\/image\/\"},\"sameAs\":[\"https:\/\/www.facebook.com\/NomesVending\/\",\"https:\/\/www.instagram.com\/nomesvending\/\"]}]}<\/script>\n<!-- \/ Yoast SEO plugin. -->","yoast_head_json":{"title":"Chuches halal Surtido Regaliz Pica 14 bolsas de 100g (VIDAL) - Nomesvending","description":"Chuches halal Surtido Regaliz y Dulcipica con certificaci\u00f3n Halal, cobertura \u00e1cida y relleno cremoso. Intenso sabor a fresa en un formato de 14 unid.....","robots":{"index":"index","follow":"follow","max-snippet":"max-snippet:-1","max-image-preview":"max-image-preview:large","max-video-preview":"max-video-preview:-1"},"canonical":"https:\/\/nomesvending.com\/web\/tienda\/productos\/snacks\/gominolas\/chuches-halal-surtido-regaliz\/","og_locale":"es_ES","og_type":"article","og_title":"Chuches halal Surtido Regaliz Pica 14 bolsas de 100g (VIDAL) - Nomesvending","og_description":"Chuches halal Surtido Regaliz y Dulcipica con certificaci\u00f3n Halal, cobertura \u00e1cida y relleno cremoso. Intenso sabor a fresa en un formato de 14 unid.....","og_url":"https:\/\/nomesvending.com\/web\/tienda\/productos\/snacks\/gominolas\/chuches-halal-surtido-regaliz\/","og_site_name":"Nomesvending","article_publisher":"https:\/\/www.facebook.com\/NomesVending\/","article_modified_time":"2025-05-20T09:20:58+00:00","og_image":[{"width":500,"height":500,"url":"https:\/\/nomesvending.com\/web\/wp-content\/uploads\/2024\/06\/1102436.png","type":"image\/png"}],"twitter_card":"summary_large_image","twitter_misc":{"Tiempo de lectura":"2 minutos"},"schema":{"@context":"https:\/\/schema.org","@graph":[{"@type":"WebPage","@id":"https:\/\/nomesvending.com\/web\/tienda\/productos\/snacks\/gominolas\/chuches-halal-surtido-regaliz\/","url":"https:\/\/nomesvending.com\/web\/tienda\/productos\/snacks\/gominolas\/chuches-halal-surtido-regaliz\/","name":"Chuches halal Surtido Regaliz Pica 14 bolsas de 100g (VIDAL) - Nomesvending","isPartOf":{"@id":"https:\/\/nomesvending.com\/web\/#website"},"primaryImageOfPage":{"@id":"https:\/\/nomesvending.com\/web\/tienda\/productos\/snacks\/gominolas\/chuches-halal-surtido-regaliz\/#primaryimage"},"image":{"@id":"https:\/\/nomesvending.com\/web\/tienda\/productos\/snacks\/gominolas\/chuches-halal-surtido-regaliz\/#primaryimage"},"thumbnailUrl":"https:\/\/nomesvending.com\/web\/wp-content\/uploads\/2024\/06\/1102436.png","datePublished":"2024-06-12T07:53:13+00:00","dateModified":"2025-05-20T09:20:58+00:00","description":"Chuches halal Surtido Regaliz y Dulcipica con certificaci\u00f3n Halal, cobertura \u00e1cida y relleno cremoso. Intenso sabor a fresa en un formato de 14 unid.....","breadcrumb":{"@id":"https:\/\/nomesvending.com\/web\/tienda\/productos\/snacks\/gominolas\/chuches-halal-surtido-regaliz\/#breadcrumb"},"inLanguage":"es","potentialAction":[{"@type":"ReadAction","target":["https:\/\/nomesvending.com\/web\/tienda\/productos\/snacks\/gominolas\/chuches-halal-surtido-regaliz\/"]}]},{"@type":"ImageObject","inLanguage":"es","@id":"https:\/\/nomesvending.com\/web\/tienda\/productos\/snacks\/gominolas\/chuches-halal-surtido-regaliz\/#primaryimage","url":"https:\/\/nomesvending.com\/web\/wp-content\/uploads\/2024\/06\/1102436.png","contentUrl":"https:\/\/nomesvending.com\/web\/wp-content\/uploads\/2024\/06\/1102436.png","width":500,"height":500,"caption":"Chuches halal Surtido Regaliz Pica 14 bolsas de 100g (VIDAL)"},{"@type":"BreadcrumbList","@id":"https:\/\/nomesvending.com\/web\/tienda\/productos\/snacks\/gominolas\/chuches-halal-surtido-regaliz\/#breadcrumb","itemListElement":[{"@type":"ListItem","position":1,"name":"Portada","item":"https:\/\/nomesvending.com\/web\/"},{"@type":"ListItem","position":2,"name":"Tienda","item":"https:\/\/nomesvending.com\/web\/tienda\/"},{"@type":"ListItem","position":3,"name":"Chuches halal Surtido Regaliz Pica 14 bolsas de 100g (VIDAL)"}]},{"@type":"WebSite","@id":"https:\/\/nomesvending.com\/web\/#website","url":"https:\/\/nomesvending.com\/web\/","name":"Nom\u00e9sVending","description":"M\u00e1quinas, filtros, recambios, monederos, consumibles y todo lo que necesitas para el mundo del vending. Calidad y tecnolog\u00eda para tu negocio. \u00a1Descubre nuestras soluciones!","publisher":{"@id":"https:\/\/nomesvending.com\/web\/#organization"},"potentialAction":[{"@type":"SearchAction","target":{"@type":"EntryPoint","urlTemplate":"https:\/\/nomesvending.com\/web\/?s={search_term_string}"},"query-input":{"@type":"PropertyValueSpecification","valueRequired":true,"valueName":"search_term_string"}}],"inLanguage":"es"},{"@type":"Organization","@id":"https:\/\/nomesvending.com\/web\/#organization","name":"Nom\u00e9sVending","url":"https:\/\/nomesvending.com\/web\/","logo":{"@type":"ImageObject","inLanguage":"es","@id":"https:\/\/nomesvending.com\/web\/#\/schema\/logo\/image\/","url":"https:\/\/nomesvending.com\/web\/wp-content\/uploads\/2026\/03\/Red-and-White-Modern-Vending-Machine-Services-Instagram-Post.png","contentUrl":"https:\/\/nomesvending.com\/web\/wp-content\/uploads\/2026\/03\/Red-and-White-Modern-Vending-Machine-Services-Instagram-Post.png","width":1080,"height":1080,"caption":"Nom\u00e9sVending"},"image":{"@id":"https:\/\/nomesvending.com\/web\/#\/schema\/logo\/image\/"},"sameAs":["https:\/\/www.facebook.com\/NomesVending\/","https:\/\/www.instagram.com\/nomesvending\/"]}]}},"_links":{"self":[{"href":"https:\/\/nomesvending.com\/web\/wp-json\/wp\/v2\/product\/17717","targetHints":{"allow":["GET"]}}],"collection":[{"href":"https:\/\/nomesvending.com\/web\/wp-json\/wp\/v2\/product"}],"about":[{"href":"https:\/\/nomesvending.com\/web\/wp-json\/wp\/v2\/types\/product"}],"replies":[{"embeddable":true,"href":"https:\/\/nomesvending.com\/web\/wp-json\/wp\/v2\/comments?post=17717"}],"wp:featuredmedia":[{"embeddable":true,"href":"https:\/\/nomesvending.com\/web\/wp-json\/wp\/v2\/media\/21540"}],"wp:attachment":[{"href":"https:\/\/nomesvending.com\/web\/wp-json\/wp\/v2\/media?parent=17717"}],"wp:term":[{"taxonomy":"product_brand","embeddable":true,"href":"https:\/\/nomesvending.com\/web\/wp-json\/wp\/v2\/product_brand?post=17717"},{"taxonomy":"product_cat","embeddable":true,"href":"https:\/\/nomesvending.com\/web\/wp-json\/wp\/v2\/product_cat?post=17717"},{"taxonomy":"product_tag","embeddable":true,"href":"https:\/\/nomesvending.com\/web\/wp-json\/wp\/v2\/product_tag?post=17717"}],"curies":[{"name":"wp","href":"https:\/\/api.w.org\/{rel}","templated":true}]}}