{"id":17719,"date":"2024-06-12T07:56:49","date_gmt":"2024-06-12T07:56:49","guid":{"rendered":"https:\/\/nomesvending.com\/web\/?post_type=product&#038;p=17719"},"modified":"2025-05-20T09:22:28","modified_gmt":"2025-05-20T09:22:28","slug":"vidal-mini-mix","status":"publish","type":"product","link":"https:\/\/nomesvending.com\/web\/tienda\/productos\/snacks\/gominolas\/vidal-mini-mix\/","title":{"rendered":"Chuches MINI MIX VIDAL (10uds)"},"content":{"rendered":"<h3 class=\"\" data-start=\"0\" data-end=\"81\"><strong data-start=\"4\" data-end=\"79\">Chuches MINI MIX 10 Bolsas de 75g \u2013 Explosi\u00f3n de Sabores Sin Gluten y Sin Grasa<\/strong><\/h3>\n<p class=\"\" data-start=\"83\" data-end=\"390\">Chuches MINI MIX de <strong data-start=\"99\" data-end=\"118\">Vidal Golosinas<\/strong> es la opci\u00f3n perfecta para los amantes de las golosinas que buscan una experiencia \u00fanica de sabor, textura y calidad. Con una mezcla irresistible de <strong data-start=\"268\" data-end=\"288\">sabores frutales<\/strong> y una deliciosa cobertura de az\u00facar, estas gominolas garantizan momentos de dulzura en cada bocado.<\/p>\n<p class=\"\" data-start=\"392\" data-end=\"810\">Este surtido incluye <strong data-start=\"413\" data-end=\"455\">10 bolsas individuales de 75g cada una<\/strong>, sumando un total de <strong data-start=\"477\" data-end=\"498\">750g de golosinas<\/strong>, ideales para compartir en reuniones, fiestas, eventos o simplemente para disfrutar en cualquier momento del d\u00eda. Adem\u00e1s, est\u00e1n <strong data-start=\"627\" data-end=\"656\">libres de gluten y grasas<\/strong>, convirti\u00e9ndose en una opci\u00f3n m\u00e1s accesible para personas con intolerancias o quienes desean una alternativa m\u00e1s ligera dentro del mundo de los dulces.<\/p>\n<h3 class=\"\" data-start=\"812\" data-end=\"850\"><strong data-start=\"816\" data-end=\"848\">Caracter\u00edsticas de las Chuches MINI MIX<\/strong><\/h3>\n<ul data-start=\"852\" data-end=\"1273\">\n<li class=\"\" data-start=\"852\" data-end=\"903\">\n<p class=\"\" data-start=\"854\" data-end=\"903\"><strong data-start=\"854\" data-end=\"867\">Cantidad:<\/strong> 10 bolsas de 75g (750g en total).<\/p>\n<\/li>\n<li class=\"\" data-start=\"904\" data-end=\"981\">\n<p class=\"\" data-start=\"906\" data-end=\"981\"><strong data-start=\"906\" data-end=\"930\">Variedad de sabores:<\/strong> Fresa, pera, pi\u00f1a, pl\u00e1tano, naranja y frambuesa.<\/p>\n<\/li>\n<li class=\"\" data-start=\"982\" data-end=\"1089\">\n<p class=\"\" data-start=\"984\" data-end=\"1089\"><strong data-start=\"984\" data-end=\"1002\">Textura \u00fanica:<\/strong> Gominolas con una cubierta de az\u00facar que realza el sabor y la experiencia sensorial.<\/p>\n<\/li>\n<li class=\"\" data-start=\"1090\" data-end=\"1188\">\n<p class=\"\" data-start=\"1092\" data-end=\"1188\"><strong data-start=\"1092\" data-end=\"1116\">Sin gluten ni grasa:<\/strong> Aptas para quienes buscan opciones m\u00e1s amigables con su alimentaci\u00f3n.<\/p>\n<\/li>\n<li class=\"\" data-start=\"1189\" data-end=\"1273\">\n<p class=\"\" data-start=\"1191\" data-end=\"1273\"><strong data-start=\"1191\" data-end=\"1212\">Formato pr\u00e1ctico:<\/strong> Bolsas individuales ideales para llevar a cualquier lugar.<\/p>\n<\/li>\n<\/ul>\n<h3 class=\"\" data-start=\"1275\" data-end=\"1307\"><strong data-start=\"1279\" data-end=\"1305\">Beneficios de Mini Mix<\/strong><\/h3>\n<ul data-start=\"1309\" data-end=\"2012\">\n<li class=\"\" data-start=\"1309\" data-end=\"1442\">\n<p class=\"\" data-start=\"1311\" data-end=\"1442\"><strong data-start=\"1311\" data-end=\"1337\">Diversidad de sabores:<\/strong> Cada bolsa contiene una combinaci\u00f3n de sabores frutales que aportan frescura y dulzura en cada bocado.<\/p>\n<\/li>\n<li class=\"\" data-start=\"1443\" data-end=\"1615\">\n<p class=\"\" data-start=\"1445\" data-end=\"1615\"><strong data-start=\"1445\" data-end=\"1476\">Apto para m\u00e1s consumidores:<\/strong> Al ser un producto sin gluten ni grasas, es perfecto para personas con restricciones alimentarias o que buscan alternativas m\u00e1s ligeras.<\/p>\n<\/li>\n<li class=\"\" data-start=\"1616\" data-end=\"1724\">\n<p class=\"\" data-start=\"1618\" data-end=\"1724\"><strong data-start=\"1618\" data-end=\"1646\">Perfecto para compartir:<\/strong> Ideal para fiestas, reuniones, oficinas, eventos o como un antojo personal.<\/p>\n<\/li>\n<li class=\"\" data-start=\"1725\" data-end=\"1880\">\n<p class=\"\" data-start=\"1727\" data-end=\"1880\"><strong data-start=\"1727\" data-end=\"1755\">Practicidad y comodidad:<\/strong> Su presentaci\u00f3n en bolsas individuales permite una mejor conservaci\u00f3n y facilidad de consumo en cualquier momento y lugar.<\/p>\n<\/li>\n<li class=\"\" data-start=\"1881\" data-end=\"2012\">\n<p class=\"\" data-start=\"1883\" data-end=\"2012\"><strong data-start=\"1883\" data-end=\"1907\">Calidad garantizada:<\/strong> Producto de <strong data-start=\"1920\" data-end=\"1939\">Vidal Golosinas<\/strong>, una marca reconocida en la industria por su excelencia en confiter\u00eda.<\/p>\n<\/li>\n<\/ul>\n<h3 class=\"\" data-start=\"2014\" data-end=\"2049\"><strong data-start=\"2018\" data-end=\"2047\">\u00bfC\u00f3mo disfrutar Mini Mix?<\/strong><\/h3>\n<ol data-start=\"2051\" data-end=\"2522\">\n<li class=\"\" data-start=\"2051\" data-end=\"2170\">\n<p class=\"\" data-start=\"2054\" data-end=\"2170\"><strong data-start=\"2054\" data-end=\"2081\">En fiestas y reuniones:<\/strong> Su formato en bolsas individuales es perfecto para repartir entre amigos y familiares.<\/p>\n<\/li>\n<li class=\"\" data-start=\"2171\" data-end=\"2258\">\n<p class=\"\" data-start=\"2174\" data-end=\"2258\"><strong data-start=\"2174\" data-end=\"2202\">En el trabajo o estudio:<\/strong> Un snack dulce para recargar energ\u00eda en el d\u00eda a d\u00eda.<\/p>\n<\/li>\n<li class=\"\" data-start=\"2259\" data-end=\"2363\">\n<p class=\"\" data-start=\"2262\" data-end=\"2363\"><strong data-start=\"2262\" data-end=\"2287\">Para ni\u00f1os y adultos:<\/strong> Su variedad de sabores lo convierte en un favorito para todas las edades.<\/p>\n<\/li>\n<li class=\"\" data-start=\"2364\" data-end=\"2522\">\n<p class=\"\" data-start=\"2367\" data-end=\"2522\"><strong data-start=\"2367\" data-end=\"2401\">Para llevar a cualquier parte:<\/strong> Gracias a su tama\u00f1o pr\u00e1ctico, puedes llevarlo en la mochila, el coche o la oficina y disfrutarlo en cualquier momento.<\/p>\n<\/li>\n<\/ol>\n<h3 class=\"\" data-start=\"2524\" data-end=\"2558\"><strong data-start=\"2528\" data-end=\"2556\">\u00bfD\u00f3nde comprar Mini Mix?<\/strong><\/h3>\n<p class=\"\" data-start=\"2560\" data-end=\"2740\">Disfruta de <strong data-start=\"2572\" data-end=\"2601\">Mini Mix 10 Bolsas de 75g<\/strong> al mejor precio en <strong data-start=\"2621\" data-end=\"2641\">nomesvending.com<\/strong>, la tienda online donde encontrar\u00e1s una gran variedad de golosinas y snacks de la mejor calidad.<\/p>\n<h3 class=\"\" data-start=\"2742\" data-end=\"2762\"><strong data-start=\"2746\" data-end=\"2760\">Conclusi\u00f3n<\/strong><\/h3>\n<p class=\"\" data-start=\"2764\" data-end=\"3085\">Si buscas una golosina con <strong data-start=\"2791\" data-end=\"2873\">sabor inigualable, textura irresistible y una composici\u00f3n sin gluten ni grasas<\/strong>, <strong data-start=\"2875\" data-end=\"2906\">Mini Mix de Vidal Golosinas<\/strong> es la elecci\u00f3n perfecta. Con su combinaci\u00f3n de <strong data-start=\"2954\" data-end=\"2974\">sabores frutales<\/strong> y su formato pr\u00e1ctico, es ideal para compartir y disfrutar en cualquier ocasi\u00f3n. \u00a1No te quedes sin probarlo!<\/p>\n","protected":false},"excerpt":{"rendered":"<p>*Venta por caja de 10 bolsas de 70g (VIDAL)<\/p>\n","protected":false},"featured_media":21541,"comment_status":"open","ping_status":"closed","template":"","meta":[],"product_brand":[229],"product_cat":[108,95,51],"product_tag":[66],"class_list":{"0":"post-17719","1":"product","2":"type-product","3":"status-publish","4":"has-post-thumbnail","6":"product_brand-vidal","7":"product_cat-gominolas","8":"product_cat-snacks","9":"product_cat-productos","10":"product_tag-vidal","12":"first","13":"instock","14":"taxable","15":"shipping-taxable","16":"purchasable","17":"product-type-simple"},"yoast_head":"<!-- This site is optimized with the Yoast SEO plugin v27.0 - https:\/\/yoast.com\/product\/yoast-seo-wordpress\/ -->\n<title>Chuches MINI MIX VIDAL (10uds) - Nomesvending<\/title>\n<meta name=\"description\" content=\"Chuches MINI MIX VIDAL 10 Bolsas de 75g \u2013 Gominolas sin gluten ni grasa con sabores frutales (fresa, pera, pi\u00f1a, pl\u00e1tano, naranja y frambuesa).\" \/>\n<meta name=\"robots\" content=\"index, follow, max-snippet:-1, max-image-preview:large, max-video-preview:-1\" \/>\n<link rel=\"canonical\" href=\"https:\/\/nomesvending.com\/web\/tienda\/productos\/snacks\/gominolas\/vidal-mini-mix\/\" \/>\n<meta property=\"og:locale\" content=\"es_ES\" \/>\n<meta property=\"og:type\" content=\"article\" \/>\n<meta property=\"og:title\" content=\"Chuches MINI MIX VIDAL (10uds) - Nomesvending\" \/>\n<meta property=\"og:description\" content=\"Chuches MINI MIX VIDAL 10 Bolsas de 75g \u2013 Gominolas sin gluten ni grasa con sabores frutales (fresa, pera, pi\u00f1a, pl\u00e1tano, naranja y frambuesa).\" \/>\n<meta property=\"og:url\" content=\"https:\/\/nomesvending.com\/web\/tienda\/productos\/snacks\/gominolas\/vidal-mini-mix\/\" \/>\n<meta property=\"og:site_name\" content=\"Nomesvending\" \/>\n<meta property=\"article:publisher\" content=\"https:\/\/www.facebook.com\/NomesVending\/\" \/>\n<meta property=\"article:modified_time\" content=\"2025-05-20T09:22:28+00:00\" \/>\n<meta property=\"og:image\" content=\"https:\/\/nomesvending.com\/web\/wp-content\/uploads\/2024\/06\/1003058.png\" \/>\n\t<meta property=\"og:image:width\" content=\"500\" \/>\n\t<meta property=\"og:image:height\" content=\"500\" \/>\n\t<meta property=\"og:image:type\" content=\"image\/png\" \/>\n<meta name=\"twitter:card\" content=\"summary_large_image\" \/>\n<meta name=\"twitter:label1\" content=\"Tiempo de lectura\" \/>\n\t<meta name=\"twitter:data1\" content=\"3 minutos\" \/>\n<script type=\"application\/ld+json\" class=\"yoast-schema-graph\">{\"@context\":\"https:\/\/schema.org\",\"@graph\":[{\"@type\":\"WebPage\",\"@id\":\"https:\/\/nomesvending.com\/web\/tienda\/productos\/snacks\/gominolas\/vidal-mini-mix\/\",\"url\":\"https:\/\/nomesvending.com\/web\/tienda\/productos\/snacks\/gominolas\/vidal-mini-mix\/\",\"name\":\"Chuches MINI MIX VIDAL (10uds) - Nomesvending\",\"isPartOf\":{\"@id\":\"https:\/\/nomesvending.com\/web\/#website\"},\"primaryImageOfPage\":{\"@id\":\"https:\/\/nomesvending.com\/web\/tienda\/productos\/snacks\/gominolas\/vidal-mini-mix\/#primaryimage\"},\"image\":{\"@id\":\"https:\/\/nomesvending.com\/web\/tienda\/productos\/snacks\/gominolas\/vidal-mini-mix\/#primaryimage\"},\"thumbnailUrl\":\"https:\/\/nomesvending.com\/web\/wp-content\/uploads\/2024\/06\/1003058.png\",\"datePublished\":\"2024-06-12T07:56:49+00:00\",\"dateModified\":\"2025-05-20T09:22:28+00:00\",\"description\":\"Chuches MINI MIX VIDAL 10 Bolsas de 75g \u2013 Gominolas sin gluten ni grasa con sabores frutales (fresa, pera, pi\u00f1a, pl\u00e1tano, naranja y frambuesa).\",\"breadcrumb\":{\"@id\":\"https:\/\/nomesvending.com\/web\/tienda\/productos\/snacks\/gominolas\/vidal-mini-mix\/#breadcrumb\"},\"inLanguage\":\"es\",\"potentialAction\":[{\"@type\":\"ReadAction\",\"target\":[\"https:\/\/nomesvending.com\/web\/tienda\/productos\/snacks\/gominolas\/vidal-mini-mix\/\"]}]},{\"@type\":\"ImageObject\",\"inLanguage\":\"es\",\"@id\":\"https:\/\/nomesvending.com\/web\/tienda\/productos\/snacks\/gominolas\/vidal-mini-mix\/#primaryimage\",\"url\":\"https:\/\/nomesvending.com\/web\/wp-content\/uploads\/2024\/06\/1003058.png\",\"contentUrl\":\"https:\/\/nomesvending.com\/web\/wp-content\/uploads\/2024\/06\/1003058.png\",\"width\":500,\"height\":500},{\"@type\":\"BreadcrumbList\",\"@id\":\"https:\/\/nomesvending.com\/web\/tienda\/productos\/snacks\/gominolas\/vidal-mini-mix\/#breadcrumb\",\"itemListElement\":[{\"@type\":\"ListItem\",\"position\":1,\"name\":\"Portada\",\"item\":\"https:\/\/nomesvending.com\/web\/\"},{\"@type\":\"ListItem\",\"position\":2,\"name\":\"Tienda\",\"item\":\"https:\/\/nomesvending.com\/web\/tienda\/\"},{\"@type\":\"ListItem\",\"position\":3,\"name\":\"Chuches MINI MIX VIDAL (10uds)\"}]},{\"@type\":\"WebSite\",\"@id\":\"https:\/\/nomesvending.com\/web\/#website\",\"url\":\"https:\/\/nomesvending.com\/web\/\",\"name\":\"Nom\u00e9sVending\",\"description\":\"M\u00e1quinas, filtros, recambios, monederos, consumibles y todo lo que necesitas para el mundo del vending. Calidad y tecnolog\u00eda para tu negocio. \u00a1Descubre nuestras soluciones!\",\"publisher\":{\"@id\":\"https:\/\/nomesvending.com\/web\/#organization\"},\"potentialAction\":[{\"@type\":\"SearchAction\",\"target\":{\"@type\":\"EntryPoint\",\"urlTemplate\":\"https:\/\/nomesvending.com\/web\/?s={search_term_string}\"},\"query-input\":{\"@type\":\"PropertyValueSpecification\",\"valueRequired\":true,\"valueName\":\"search_term_string\"}}],\"inLanguage\":\"es\"},{\"@type\":\"Organization\",\"@id\":\"https:\/\/nomesvending.com\/web\/#organization\",\"name\":\"Nom\u00e9sVending\",\"url\":\"https:\/\/nomesvending.com\/web\/\",\"logo\":{\"@type\":\"ImageObject\",\"inLanguage\":\"es\",\"@id\":\"https:\/\/nomesvending.com\/web\/#\/schema\/logo\/image\/\",\"url\":\"https:\/\/nomesvending.com\/web\/wp-content\/uploads\/2026\/03\/Red-and-White-Modern-Vending-Machine-Services-Instagram-Post.png\",\"contentUrl\":\"https:\/\/nomesvending.com\/web\/wp-content\/uploads\/2026\/03\/Red-and-White-Modern-Vending-Machine-Services-Instagram-Post.png\",\"width\":1080,\"height\":1080,\"caption\":\"Nom\u00e9sVending\"},\"image\":{\"@id\":\"https:\/\/nomesvending.com\/web\/#\/schema\/logo\/image\/\"},\"sameAs\":[\"https:\/\/www.facebook.com\/NomesVending\/\",\"https:\/\/www.instagram.com\/nomesvending\/\"]}]}<\/script>\n<!-- \/ Yoast SEO plugin. -->","yoast_head_json":{"title":"Chuches MINI MIX VIDAL (10uds) - Nomesvending","description":"Chuches MINI MIX VIDAL 10 Bolsas de 75g \u2013 Gominolas sin gluten ni grasa con sabores frutales (fresa, pera, pi\u00f1a, pl\u00e1tano, naranja y frambuesa).","robots":{"index":"index","follow":"follow","max-snippet":"max-snippet:-1","max-image-preview":"max-image-preview:large","max-video-preview":"max-video-preview:-1"},"canonical":"https:\/\/nomesvending.com\/web\/tienda\/productos\/snacks\/gominolas\/vidal-mini-mix\/","og_locale":"es_ES","og_type":"article","og_title":"Chuches MINI MIX VIDAL (10uds) - Nomesvending","og_description":"Chuches MINI MIX VIDAL 10 Bolsas de 75g \u2013 Gominolas sin gluten ni grasa con sabores frutales (fresa, pera, pi\u00f1a, pl\u00e1tano, naranja y frambuesa).","og_url":"https:\/\/nomesvending.com\/web\/tienda\/productos\/snacks\/gominolas\/vidal-mini-mix\/","og_site_name":"Nomesvending","article_publisher":"https:\/\/www.facebook.com\/NomesVending\/","article_modified_time":"2025-05-20T09:22:28+00:00","og_image":[{"width":500,"height":500,"url":"https:\/\/nomesvending.com\/web\/wp-content\/uploads\/2024\/06\/1003058.png","type":"image\/png"}],"twitter_card":"summary_large_image","twitter_misc":{"Tiempo de lectura":"3 minutos"},"schema":{"@context":"https:\/\/schema.org","@graph":[{"@type":"WebPage","@id":"https:\/\/nomesvending.com\/web\/tienda\/productos\/snacks\/gominolas\/vidal-mini-mix\/","url":"https:\/\/nomesvending.com\/web\/tienda\/productos\/snacks\/gominolas\/vidal-mini-mix\/","name":"Chuches MINI MIX VIDAL (10uds) - Nomesvending","isPartOf":{"@id":"https:\/\/nomesvending.com\/web\/#website"},"primaryImageOfPage":{"@id":"https:\/\/nomesvending.com\/web\/tienda\/productos\/snacks\/gominolas\/vidal-mini-mix\/#primaryimage"},"image":{"@id":"https:\/\/nomesvending.com\/web\/tienda\/productos\/snacks\/gominolas\/vidal-mini-mix\/#primaryimage"},"thumbnailUrl":"https:\/\/nomesvending.com\/web\/wp-content\/uploads\/2024\/06\/1003058.png","datePublished":"2024-06-12T07:56:49+00:00","dateModified":"2025-05-20T09:22:28+00:00","description":"Chuches MINI MIX VIDAL 10 Bolsas de 75g \u2013 Gominolas sin gluten ni grasa con sabores frutales (fresa, pera, pi\u00f1a, pl\u00e1tano, naranja y frambuesa).","breadcrumb":{"@id":"https:\/\/nomesvending.com\/web\/tienda\/productos\/snacks\/gominolas\/vidal-mini-mix\/#breadcrumb"},"inLanguage":"es","potentialAction":[{"@type":"ReadAction","target":["https:\/\/nomesvending.com\/web\/tienda\/productos\/snacks\/gominolas\/vidal-mini-mix\/"]}]},{"@type":"ImageObject","inLanguage":"es","@id":"https:\/\/nomesvending.com\/web\/tienda\/productos\/snacks\/gominolas\/vidal-mini-mix\/#primaryimage","url":"https:\/\/nomesvending.com\/web\/wp-content\/uploads\/2024\/06\/1003058.png","contentUrl":"https:\/\/nomesvending.com\/web\/wp-content\/uploads\/2024\/06\/1003058.png","width":500,"height":500},{"@type":"BreadcrumbList","@id":"https:\/\/nomesvending.com\/web\/tienda\/productos\/snacks\/gominolas\/vidal-mini-mix\/#breadcrumb","itemListElement":[{"@type":"ListItem","position":1,"name":"Portada","item":"https:\/\/nomesvending.com\/web\/"},{"@type":"ListItem","position":2,"name":"Tienda","item":"https:\/\/nomesvending.com\/web\/tienda\/"},{"@type":"ListItem","position":3,"name":"Chuches MINI MIX VIDAL (10uds)"}]},{"@type":"WebSite","@id":"https:\/\/nomesvending.com\/web\/#website","url":"https:\/\/nomesvending.com\/web\/","name":"Nom\u00e9sVending","description":"M\u00e1quinas, filtros, recambios, monederos, consumibles y todo lo que necesitas para el mundo del vending. Calidad y tecnolog\u00eda para tu negocio. \u00a1Descubre nuestras soluciones!","publisher":{"@id":"https:\/\/nomesvending.com\/web\/#organization"},"potentialAction":[{"@type":"SearchAction","target":{"@type":"EntryPoint","urlTemplate":"https:\/\/nomesvending.com\/web\/?s={search_term_string}"},"query-input":{"@type":"PropertyValueSpecification","valueRequired":true,"valueName":"search_term_string"}}],"inLanguage":"es"},{"@type":"Organization","@id":"https:\/\/nomesvending.com\/web\/#organization","name":"Nom\u00e9sVending","url":"https:\/\/nomesvending.com\/web\/","logo":{"@type":"ImageObject","inLanguage":"es","@id":"https:\/\/nomesvending.com\/web\/#\/schema\/logo\/image\/","url":"https:\/\/nomesvending.com\/web\/wp-content\/uploads\/2026\/03\/Red-and-White-Modern-Vending-Machine-Services-Instagram-Post.png","contentUrl":"https:\/\/nomesvending.com\/web\/wp-content\/uploads\/2026\/03\/Red-and-White-Modern-Vending-Machine-Services-Instagram-Post.png","width":1080,"height":1080,"caption":"Nom\u00e9sVending"},"image":{"@id":"https:\/\/nomesvending.com\/web\/#\/schema\/logo\/image\/"},"sameAs":["https:\/\/www.facebook.com\/NomesVending\/","https:\/\/www.instagram.com\/nomesvending\/"]}]}},"_links":{"self":[{"href":"https:\/\/nomesvending.com\/web\/wp-json\/wp\/v2\/product\/17719","targetHints":{"allow":["GET"]}}],"collection":[{"href":"https:\/\/nomesvending.com\/web\/wp-json\/wp\/v2\/product"}],"about":[{"href":"https:\/\/nomesvending.com\/web\/wp-json\/wp\/v2\/types\/product"}],"replies":[{"embeddable":true,"href":"https:\/\/nomesvending.com\/web\/wp-json\/wp\/v2\/comments?post=17719"}],"wp:featuredmedia":[{"embeddable":true,"href":"https:\/\/nomesvending.com\/web\/wp-json\/wp\/v2\/media\/21541"}],"wp:attachment":[{"href":"https:\/\/nomesvending.com\/web\/wp-json\/wp\/v2\/media?parent=17719"}],"wp:term":[{"taxonomy":"product_brand","embeddable":true,"href":"https:\/\/nomesvending.com\/web\/wp-json\/wp\/v2\/product_brand?post=17719"},{"taxonomy":"product_cat","embeddable":true,"href":"https:\/\/nomesvending.com\/web\/wp-json\/wp\/v2\/product_cat?post=17719"},{"taxonomy":"product_tag","embeddable":true,"href":"https:\/\/nomesvending.com\/web\/wp-json\/wp\/v2\/product_tag?post=17719"}],"curies":[{"name":"wp","href":"https:\/\/api.w.org\/{rel}","templated":true}]}}