{"id":17742,"date":"2024-06-17T07:13:39","date_gmt":"2024-06-17T07:13:39","guid":{"rendered":"https:\/\/nomesvending.com\/web\/?post_type=product&#038;p=17742"},"modified":"2026-03-03T13:58:11","modified_gmt":"2026-03-03T13:58:11","slug":"cafe-en-grano-100-natural-1kg-2","status":"publish","type":"product","link":"https:\/\/nomesvending.com\/web\/tienda\/ofertas\/productos-ofertas\/cafe-en-grano-100-natural-1kg-2\/","title":{"rendered":"Caf\u00e9 en grano Bou 100% Natural \u2013 1Kg (CAF\u00c8S BOU)"},"content":{"rendered":"<h3 class=\"\" data-start=\"0\" data-end=\"58\"><strong data-start=\"4\" data-end=\"56\">Caf\u00e9 en grano Bou 1 kg \u2013 Calidad y Tradici\u00f3n en Cada Taza<\/strong><\/h3>\n<p class=\"\" data-start=\"60\" data-end=\"389\">El Caf\u00e9 en grano Bou<strong data-start=\"63\" data-end=\"80\">\u00a01 kg<\/strong> es una opci\u00f3n premium elaborada por <strong data-start=\"117\" data-end=\"130\">Caf\u00e9s Bou<\/strong>, una prestigiosa marca espa\u00f1ola con una s\u00f3lida tradici\u00f3n en el mundo del caf\u00e9. Su cuidadosa selecci\u00f3n de granos y su proceso de tostado controlado garantizan un caf\u00e9 con <strong data-start=\"301\" data-end=\"338\">aroma intenso y sabor excepcional<\/strong>, ideal para quienes buscan calidad en cada taza.<\/p>\n<p class=\"\" data-start=\"391\" data-end=\"599\">Disponible en <strong data-start=\"405\" data-end=\"428\">diferentes formatos<\/strong>, como caf\u00e9 en grano, molido o en c\u00e1psulas, Caf\u00e9 Bou se adapta a las necesidades y preferencias de los amantes del buen caf\u00e9, ofreciendo una experiencia sensorial \u00fanica.<\/p>\n<h3 class=\"\" data-start=\"601\" data-end=\"638\"><strong data-start=\"605\" data-end=\"636\">Caracter\u00edsticas principales<\/strong><\/h3>\n<ul data-start=\"640\" data-end=\"1160\">\n<li class=\"\" data-start=\"640\" data-end=\"708\">\n<p class=\"\" data-start=\"642\" data-end=\"708\"><strong data-start=\"642\" data-end=\"651\">Peso:<\/strong> 1 kg (ideal para consumo frecuente o uso profesional).<\/p>\n<\/li>\n<li class=\"\" data-start=\"709\" data-end=\"925\">\n<p class=\"\" data-start=\"711\" data-end=\"728\"><strong data-start=\"711\" data-end=\"726\">Variedades:<\/strong><\/p>\n<ul data-start=\"731\" data-end=\"925\">\n<li class=\"\" data-start=\"731\" data-end=\"779\">\n<p class=\"\" data-start=\"733\" data-end=\"779\">100% ar\u00e1bica para un sabor suave y afrutado.<\/p>\n<\/li>\n<li class=\"\" data-start=\"782\" data-end=\"856\">\n<p class=\"\" data-start=\"784\" data-end=\"856\">Blends equilibrados para quienes buscan armon\u00eda entre acidez y cuerpo.<\/p>\n<\/li>\n<li class=\"\" data-start=\"859\" data-end=\"925\">\n<p class=\"\" data-start=\"861\" data-end=\"925\">Mezclas m\u00e1s intensas para un caf\u00e9 con mayor car\u00e1cter y fuerza.<\/p>\n<\/li>\n<\/ul>\n<\/li>\n<li class=\"\" data-start=\"926\" data-end=\"1042\">\n<p class=\"\" data-start=\"928\" data-end=\"1042\"><strong data-start=\"928\" data-end=\"948\">Perfil de sabor:<\/strong> Notas arom\u00e1ticas complejas y redondeadas, con un equilibrio perfecto entre acidez y cuerpo.<\/p>\n<\/li>\n<li class=\"\" data-start=\"1043\" data-end=\"1160\">\n<p class=\"\" data-start=\"1045\" data-end=\"1160\"><strong data-start=\"1045\" data-end=\"1065\">Tostado preciso:<\/strong> Garantiza la conservaci\u00f3n de los matices del caf\u00e9 y una frescura \u00f3ptima en cada preparaci\u00f3n.<\/p>\n<\/li>\n<\/ul>\n<h3 class=\"\" data-start=\"1162\" data-end=\"1189\"><strong data-start=\"1166\" data-end=\"1187\">Usos recomendados<\/strong><\/h3>\n<p class=\"\" data-start=\"1191\" data-end=\"1289\">El Caf\u00e9 Bou 1 kg es altamente vers\u00e1til y puede utilizarse en distintos tipos de cafeteras, como:<\/p>\n<ul data-start=\"1291\" data-end=\"1508\">\n<li class=\"\" data-start=\"1291\" data-end=\"1359\">\n<p class=\"\" data-start=\"1293\" data-end=\"1359\"><strong data-start=\"1293\" data-end=\"1316\">Cafeteras espresso:<\/strong> Para una extracci\u00f3n intensa y con crema.<\/p>\n<\/li>\n<li class=\"\" data-start=\"1360\" data-end=\"1428\">\n<p class=\"\" data-start=\"1362\" data-end=\"1428\"><strong data-start=\"1362\" data-end=\"1394\">Cafeteras de filtro o goteo:<\/strong> Para un caf\u00e9 suave y arom\u00e1tico.<\/p>\n<\/li>\n<li class=\"\" data-start=\"1429\" data-end=\"1508\">\n<p class=\"\" data-start=\"1431\" data-end=\"1508\"><strong data-start=\"1431\" data-end=\"1457\">Cafeteras autom\u00e1ticas:<\/strong> Asegura la m\u00e1xima frescura y sabor en cada taza.<\/p>\n<\/li>\n<\/ul>\n<h3 class=\"\" data-start=\"1510\" data-end=\"1557\"><strong data-start=\"1514\" data-end=\"1555\">Ventajas para consumidores y negocios<\/strong><\/h3>\n<ul data-start=\"1559\" data-end=\"1965\">\n<li class=\"\" data-start=\"1559\" data-end=\"1652\">\n<p class=\"\" data-start=\"1561\" data-end=\"1652\"><strong data-start=\"1561\" data-end=\"1585\">Calidad garantizada:<\/strong> Elaborado por una marca con d\u00e9cadas de experiencia en el sector.<\/p>\n<\/li>\n<li class=\"\" data-start=\"1653\" data-end=\"1745\">\n<p class=\"\" data-start=\"1655\" data-end=\"1745\"><strong data-start=\"1655\" data-end=\"1679\">Formato conveniente:<\/strong> Presentaci\u00f3n de 1 kg ideal para hogares, oficinas y cafeter\u00edas.<\/p>\n<\/li>\n<li class=\"\" data-start=\"1746\" data-end=\"1856\">\n<p class=\"\" data-start=\"1748\" data-end=\"1856\"><strong data-start=\"1748\" data-end=\"1779\">Sabor fresco y consistente:<\/strong> Proceso de tostado y envasado que preserva todas las propiedades del caf\u00e9.<\/p>\n<\/li>\n<li class=\"\" data-start=\"1857\" data-end=\"1965\">\n<p class=\"\" data-start=\"1859\" data-end=\"1965\"><strong data-start=\"1859\" data-end=\"1879\">Amplia variedad:<\/strong> Disponible en diferentes formatos para adaptarse a distintas formas de preparaci\u00f3n.<\/p>\n<\/li>\n<\/ul>\n<h3 class=\"\" data-start=\"1967\" data-end=\"1987\"><strong data-start=\"1971\" data-end=\"1985\">Conclusi\u00f3n<\/strong><\/h3>\n<p class=\"\" data-start=\"1989\" data-end=\"2271\">El <strong data-start=\"1992\" data-end=\"2009\">Caf\u00e9 Bou 1 kg<\/strong> es la elecci\u00f3n perfecta para quienes buscan un caf\u00e9 de calidad superior, con un sabor refinado y una frescura inigualable. Su combinaci\u00f3n de tradici\u00f3n, innovaci\u00f3n y pasi\u00f3n por el caf\u00e9 lo convierte en una opci\u00f3n ideal tanto para uso dom\u00e9stico como profesional.<\/p>\n<p class=\"\" data-start=\"2273\" data-end=\"2369\">Descubre la excelencia de <strong data-start=\"2299\" data-end=\"2312\">Caf\u00e9s Bou<\/strong> y disfruta de una experiencia aut\u00e9ntica en cada sorbo.<\/p>\n","protected":false},"excerpt":{"rendered":"<p>Caf\u00e9 en grano Bou 1 kg \u2013 Calidad y Tradici\u00f3n en Cada Taza El Caf\u00e9 en grano Bou\u00a01 kg es una opci\u00f3n premium elaborada por Caf\u00e9s Bou, una prestigiosa marca espa\u00f1ola con una s\u00f3lida tradici\u00f3n en el mundo del caf\u00e9. Su cuidadosa selecci\u00f3n de granos y su proceso de tostado controlado garantizan un caf\u00e9 con [&hellip;]<\/p>\n","protected":false},"featured_media":21484,"comment_status":"open","ping_status":"closed","template":"","meta":[],"product_brand":[],"product_cat":[109,99,201,202,51],"product_tag":[69,194],"class_list":{"0":"post-17742","1":"product","2":"type-product","3":"status-publish","4":"has-post-thumbnail","6":"product_cat-cafe","7":"product_cat-consumibles","8":"product_cat-ofertas","9":"product_cat-productos-ofertas","10":"product_cat-productos","11":"product_tag-cafes-bou","12":"product_tag-venta-por-unidad","14":"first","15":"instock","16":"sale","17":"taxable","18":"shipping-taxable","19":"purchasable","20":"product-type-simple"},"yoast_head":"<!-- This site is optimized with the Yoast SEO plugin v27.0 - https:\/\/yoast.com\/product\/yoast-seo-wordpress\/ -->\n<title>Caf\u00e9 en grano Bou 100% Natural \u2013 1Kg (CAF\u00c8S BOU) - Nomesvending<\/title>\n<meta name=\"description\" content=\"Caf\u00e9 en grano Bou 1 kg, caf\u00e9 de alta calidad con tostado preciso y selecci\u00f3n de granos premium. Disponible en grano, molido o c\u00e1psulas....\" \/>\n<meta name=\"robots\" content=\"index, follow, max-snippet:-1, max-image-preview:large, max-video-preview:-1\" \/>\n<link rel=\"canonical\" href=\"https:\/\/nomesvending.com\/web\/tienda\/ofertas\/productos-ofertas\/cafe-en-grano-100-natural-1kg-2\/\" \/>\n<meta property=\"og:locale\" content=\"es_ES\" \/>\n<meta property=\"og:type\" content=\"article\" \/>\n<meta property=\"og:title\" content=\"Caf\u00e9 en grano Bou 100% Natural \u2013 1Kg (CAF\u00c8S BOU) - Nomesvending\" \/>\n<meta property=\"og:description\" content=\"Caf\u00e9 en grano Bou 1 kg, caf\u00e9 de alta calidad con tostado preciso y selecci\u00f3n de granos premium. Disponible en grano, molido o c\u00e1psulas....\" \/>\n<meta property=\"og:url\" content=\"https:\/\/nomesvending.com\/web\/tienda\/ofertas\/productos-ofertas\/cafe-en-grano-100-natural-1kg-2\/\" \/>\n<meta property=\"og:site_name\" content=\"Nomesvending\" \/>\n<meta property=\"article:publisher\" content=\"https:\/\/www.facebook.com\/NomesVending\/\" \/>\n<meta property=\"article:modified_time\" content=\"2026-03-03T13:58:11+00:00\" \/>\n<meta property=\"og:image\" content=\"https:\/\/nomesvending.com\/web\/wp-content\/uploads\/2024\/06\/9490303.png\" \/>\n\t<meta property=\"og:image:width\" content=\"500\" \/>\n\t<meta property=\"og:image:height\" content=\"500\" \/>\n\t<meta property=\"og:image:type\" content=\"image\/png\" \/>\n<meta name=\"twitter:card\" content=\"summary_large_image\" \/>\n<meta name=\"twitter:label1\" content=\"Tiempo de lectura\" \/>\n\t<meta name=\"twitter:data1\" content=\"2 minutos\" \/>\n<script type=\"application\/ld+json\" class=\"yoast-schema-graph\">{\"@context\":\"https:\/\/schema.org\",\"@graph\":[{\"@type\":\"WebPage\",\"@id\":\"https:\/\/nomesvending.com\/web\/tienda\/ofertas\/productos-ofertas\/cafe-en-grano-100-natural-1kg-2\/\",\"url\":\"https:\/\/nomesvending.com\/web\/tienda\/ofertas\/productos-ofertas\/cafe-en-grano-100-natural-1kg-2\/\",\"name\":\"Caf\u00e9 en grano Bou 100% Natural \u2013 1Kg (CAF\u00c8S BOU) - Nomesvending\",\"isPartOf\":{\"@id\":\"https:\/\/nomesvending.com\/web\/#website\"},\"primaryImageOfPage\":{\"@id\":\"https:\/\/nomesvending.com\/web\/tienda\/ofertas\/productos-ofertas\/cafe-en-grano-100-natural-1kg-2\/#primaryimage\"},\"image\":{\"@id\":\"https:\/\/nomesvending.com\/web\/tienda\/ofertas\/productos-ofertas\/cafe-en-grano-100-natural-1kg-2\/#primaryimage\"},\"thumbnailUrl\":\"https:\/\/nomesvending.com\/web\/wp-content\/uploads\/2024\/06\/9490303.png\",\"datePublished\":\"2024-06-17T07:13:39+00:00\",\"dateModified\":\"2026-03-03T13:58:11+00:00\",\"description\":\"Caf\u00e9 en grano Bou 1 kg, caf\u00e9 de alta calidad con tostado preciso y selecci\u00f3n de granos premium. Disponible en grano, molido o c\u00e1psulas....\",\"breadcrumb\":{\"@id\":\"https:\/\/nomesvending.com\/web\/tienda\/ofertas\/productos-ofertas\/cafe-en-grano-100-natural-1kg-2\/#breadcrumb\"},\"inLanguage\":\"es\",\"potentialAction\":[{\"@type\":\"ReadAction\",\"target\":[\"https:\/\/nomesvending.com\/web\/tienda\/ofertas\/productos-ofertas\/cafe-en-grano-100-natural-1kg-2\/\"]}]},{\"@type\":\"ImageObject\",\"inLanguage\":\"es\",\"@id\":\"https:\/\/nomesvending.com\/web\/tienda\/ofertas\/productos-ofertas\/cafe-en-grano-100-natural-1kg-2\/#primaryimage\",\"url\":\"https:\/\/nomesvending.com\/web\/wp-content\/uploads\/2024\/06\/9490303.png\",\"contentUrl\":\"https:\/\/nomesvending.com\/web\/wp-content\/uploads\/2024\/06\/9490303.png\",\"width\":500,\"height\":500,\"caption\":\"Caf\u00e9 en grano Bou\"},{\"@type\":\"BreadcrumbList\",\"@id\":\"https:\/\/nomesvending.com\/web\/tienda\/ofertas\/productos-ofertas\/cafe-en-grano-100-natural-1kg-2\/#breadcrumb\",\"itemListElement\":[{\"@type\":\"ListItem\",\"position\":1,\"name\":\"Portada\",\"item\":\"https:\/\/nomesvending.com\/web\/\"},{\"@type\":\"ListItem\",\"position\":2,\"name\":\"Tienda\",\"item\":\"https:\/\/nomesvending.com\/web\/tienda\/\"},{\"@type\":\"ListItem\",\"position\":3,\"name\":\"Caf\u00e9 en grano Bou 100% Natural \u2013 1Kg (CAF\u00c8S BOU)\"}]},{\"@type\":\"WebSite\",\"@id\":\"https:\/\/nomesvending.com\/web\/#website\",\"url\":\"https:\/\/nomesvending.com\/web\/\",\"name\":\"Nom\u00e9sVending\",\"description\":\"M\u00e1quinas, filtros, recambios, monederos, consumibles y todo lo que necesitas para el mundo del vending. Calidad y tecnolog\u00eda para tu negocio. \u00a1Descubre nuestras soluciones!\",\"publisher\":{\"@id\":\"https:\/\/nomesvending.com\/web\/#organization\"},\"potentialAction\":[{\"@type\":\"SearchAction\",\"target\":{\"@type\":\"EntryPoint\",\"urlTemplate\":\"https:\/\/nomesvending.com\/web\/?s={search_term_string}\"},\"query-input\":{\"@type\":\"PropertyValueSpecification\",\"valueRequired\":true,\"valueName\":\"search_term_string\"}}],\"inLanguage\":\"es\"},{\"@type\":\"Organization\",\"@id\":\"https:\/\/nomesvending.com\/web\/#organization\",\"name\":\"Nom\u00e9sVending\",\"url\":\"https:\/\/nomesvending.com\/web\/\",\"logo\":{\"@type\":\"ImageObject\",\"inLanguage\":\"es\",\"@id\":\"https:\/\/nomesvending.com\/web\/#\/schema\/logo\/image\/\",\"url\":\"https:\/\/nomesvending.com\/web\/wp-content\/uploads\/2026\/03\/Red-and-White-Modern-Vending-Machine-Services-Instagram-Post.png\",\"contentUrl\":\"https:\/\/nomesvending.com\/web\/wp-content\/uploads\/2026\/03\/Red-and-White-Modern-Vending-Machine-Services-Instagram-Post.png\",\"width\":1080,\"height\":1080,\"caption\":\"Nom\u00e9sVending\"},\"image\":{\"@id\":\"https:\/\/nomesvending.com\/web\/#\/schema\/logo\/image\/\"},\"sameAs\":[\"https:\/\/www.facebook.com\/NomesVending\/\",\"https:\/\/www.instagram.com\/nomesvending\/\"]}]}<\/script>\n<!-- \/ Yoast SEO plugin. -->","yoast_head_json":{"title":"Caf\u00e9 en grano Bou 100% Natural \u2013 1Kg (CAF\u00c8S BOU) - Nomesvending","description":"Caf\u00e9 en grano Bou 1 kg, caf\u00e9 de alta calidad con tostado preciso y selecci\u00f3n de granos premium. Disponible en grano, molido o c\u00e1psulas....","robots":{"index":"index","follow":"follow","max-snippet":"max-snippet:-1","max-image-preview":"max-image-preview:large","max-video-preview":"max-video-preview:-1"},"canonical":"https:\/\/nomesvending.com\/web\/tienda\/ofertas\/productos-ofertas\/cafe-en-grano-100-natural-1kg-2\/","og_locale":"es_ES","og_type":"article","og_title":"Caf\u00e9 en grano Bou 100% Natural \u2013 1Kg (CAF\u00c8S BOU) - Nomesvending","og_description":"Caf\u00e9 en grano Bou 1 kg, caf\u00e9 de alta calidad con tostado preciso y selecci\u00f3n de granos premium. Disponible en grano, molido o c\u00e1psulas....","og_url":"https:\/\/nomesvending.com\/web\/tienda\/ofertas\/productos-ofertas\/cafe-en-grano-100-natural-1kg-2\/","og_site_name":"Nomesvending","article_publisher":"https:\/\/www.facebook.com\/NomesVending\/","article_modified_time":"2026-03-03T13:58:11+00:00","og_image":[{"width":500,"height":500,"url":"https:\/\/nomesvending.com\/web\/wp-content\/uploads\/2024\/06\/9490303.png","type":"image\/png"}],"twitter_card":"summary_large_image","twitter_misc":{"Tiempo de lectura":"2 minutos"},"schema":{"@context":"https:\/\/schema.org","@graph":[{"@type":"WebPage","@id":"https:\/\/nomesvending.com\/web\/tienda\/ofertas\/productos-ofertas\/cafe-en-grano-100-natural-1kg-2\/","url":"https:\/\/nomesvending.com\/web\/tienda\/ofertas\/productos-ofertas\/cafe-en-grano-100-natural-1kg-2\/","name":"Caf\u00e9 en grano Bou 100% Natural \u2013 1Kg (CAF\u00c8S BOU) - Nomesvending","isPartOf":{"@id":"https:\/\/nomesvending.com\/web\/#website"},"primaryImageOfPage":{"@id":"https:\/\/nomesvending.com\/web\/tienda\/ofertas\/productos-ofertas\/cafe-en-grano-100-natural-1kg-2\/#primaryimage"},"image":{"@id":"https:\/\/nomesvending.com\/web\/tienda\/ofertas\/productos-ofertas\/cafe-en-grano-100-natural-1kg-2\/#primaryimage"},"thumbnailUrl":"https:\/\/nomesvending.com\/web\/wp-content\/uploads\/2024\/06\/9490303.png","datePublished":"2024-06-17T07:13:39+00:00","dateModified":"2026-03-03T13:58:11+00:00","description":"Caf\u00e9 en grano Bou 1 kg, caf\u00e9 de alta calidad con tostado preciso y selecci\u00f3n de granos premium. Disponible en grano, molido o c\u00e1psulas....","breadcrumb":{"@id":"https:\/\/nomesvending.com\/web\/tienda\/ofertas\/productos-ofertas\/cafe-en-grano-100-natural-1kg-2\/#breadcrumb"},"inLanguage":"es","potentialAction":[{"@type":"ReadAction","target":["https:\/\/nomesvending.com\/web\/tienda\/ofertas\/productos-ofertas\/cafe-en-grano-100-natural-1kg-2\/"]}]},{"@type":"ImageObject","inLanguage":"es","@id":"https:\/\/nomesvending.com\/web\/tienda\/ofertas\/productos-ofertas\/cafe-en-grano-100-natural-1kg-2\/#primaryimage","url":"https:\/\/nomesvending.com\/web\/wp-content\/uploads\/2024\/06\/9490303.png","contentUrl":"https:\/\/nomesvending.com\/web\/wp-content\/uploads\/2024\/06\/9490303.png","width":500,"height":500,"caption":"Caf\u00e9 en grano Bou"},{"@type":"BreadcrumbList","@id":"https:\/\/nomesvending.com\/web\/tienda\/ofertas\/productos-ofertas\/cafe-en-grano-100-natural-1kg-2\/#breadcrumb","itemListElement":[{"@type":"ListItem","position":1,"name":"Portada","item":"https:\/\/nomesvending.com\/web\/"},{"@type":"ListItem","position":2,"name":"Tienda","item":"https:\/\/nomesvending.com\/web\/tienda\/"},{"@type":"ListItem","position":3,"name":"Caf\u00e9 en grano Bou 100% Natural \u2013 1Kg (CAF\u00c8S BOU)"}]},{"@type":"WebSite","@id":"https:\/\/nomesvending.com\/web\/#website","url":"https:\/\/nomesvending.com\/web\/","name":"Nom\u00e9sVending","description":"M\u00e1quinas, filtros, recambios, monederos, consumibles y todo lo que necesitas para el mundo del vending. Calidad y tecnolog\u00eda para tu negocio. \u00a1Descubre nuestras soluciones!","publisher":{"@id":"https:\/\/nomesvending.com\/web\/#organization"},"potentialAction":[{"@type":"SearchAction","target":{"@type":"EntryPoint","urlTemplate":"https:\/\/nomesvending.com\/web\/?s={search_term_string}"},"query-input":{"@type":"PropertyValueSpecification","valueRequired":true,"valueName":"search_term_string"}}],"inLanguage":"es"},{"@type":"Organization","@id":"https:\/\/nomesvending.com\/web\/#organization","name":"Nom\u00e9sVending","url":"https:\/\/nomesvending.com\/web\/","logo":{"@type":"ImageObject","inLanguage":"es","@id":"https:\/\/nomesvending.com\/web\/#\/schema\/logo\/image\/","url":"https:\/\/nomesvending.com\/web\/wp-content\/uploads\/2026\/03\/Red-and-White-Modern-Vending-Machine-Services-Instagram-Post.png","contentUrl":"https:\/\/nomesvending.com\/web\/wp-content\/uploads\/2026\/03\/Red-and-White-Modern-Vending-Machine-Services-Instagram-Post.png","width":1080,"height":1080,"caption":"Nom\u00e9sVending"},"image":{"@id":"https:\/\/nomesvending.com\/web\/#\/schema\/logo\/image\/"},"sameAs":["https:\/\/www.facebook.com\/NomesVending\/","https:\/\/www.instagram.com\/nomesvending\/"]}]}},"_links":{"self":[{"href":"https:\/\/nomesvending.com\/web\/wp-json\/wp\/v2\/product\/17742","targetHints":{"allow":["GET"]}}],"collection":[{"href":"https:\/\/nomesvending.com\/web\/wp-json\/wp\/v2\/product"}],"about":[{"href":"https:\/\/nomesvending.com\/web\/wp-json\/wp\/v2\/types\/product"}],"replies":[{"embeddable":true,"href":"https:\/\/nomesvending.com\/web\/wp-json\/wp\/v2\/comments?post=17742"}],"wp:featuredmedia":[{"embeddable":true,"href":"https:\/\/nomesvending.com\/web\/wp-json\/wp\/v2\/media\/21484"}],"wp:attachment":[{"href":"https:\/\/nomesvending.com\/web\/wp-json\/wp\/v2\/media?parent=17742"}],"wp:term":[{"taxonomy":"product_brand","embeddable":true,"href":"https:\/\/nomesvending.com\/web\/wp-json\/wp\/v2\/product_brand?post=17742"},{"taxonomy":"product_cat","embeddable":true,"href":"https:\/\/nomesvending.com\/web\/wp-json\/wp\/v2\/product_cat?post=17742"},{"taxonomy":"product_tag","embeddable":true,"href":"https:\/\/nomesvending.com\/web\/wp-json\/wp\/v2\/product_tag?post=17742"}],"curies":[{"name":"wp","href":"https:\/\/api.w.org\/{rel}","templated":true}]}}