{"id":17782,"date":"2024-06-17T09:59:15","date_gmt":"2024-06-17T09:59:15","guid":{"rendered":"https:\/\/nomesvending.com\/web\/?post_type=product&#038;p=17782"},"modified":"2025-11-25T09:24:33","modified_gmt":"2025-11-25T09:24:33","slug":"caprimo-green-chocolate","status":"publish","type":"product","link":"https:\/\/nomesvending.com\/web\/tienda\/productos\/consumibles\/preparados-cacao\/caprimo-green-chocolate\/","title":{"rendered":"Caprimo Chocolate Green 14,5% &#8211; 1 Kg (Sin Gluten) (CAPRIMO)"},"content":{"rendered":"<h3 class=\"\" data-start=\"68\" data-end=\"145\"><strong data-start=\"72\" data-end=\"143\">Caprimo Chocolate Green: Delicioso Chocolate Caliente con Sabor a Leche<\/strong><\/h3>\n<p class=\"\" data-start=\"147\" data-end=\"520\">Caprimo Chocolate Green es una bebida de chocolate caliente con un equilibrio perfecto entre sabor y textura. Su delicioso toque a leche, combinado con un <strong data-start=\"302\" data-end=\"319\">14 % de cacao<\/strong>, ofrece una experiencia reconfortante y de alta calidad en cada taza. Gracias a su f\u00f3rmula especial, proporciona una textura suave y aterciopelada, ideal para disfrutar en cualquier momento del d\u00eda.<\/p>\n<h3 class=\"\" data-start=\"522\" data-end=\"560\"><strong data-start=\"526\" data-end=\"558\">Caracter\u00edsticas del producto<\/strong><\/h3>\n<ul data-start=\"562\" data-end=\"628\">\n<li class=\"\" data-start=\"562\" data-end=\"588\">\n<p class=\"\" data-start=\"564\" data-end=\"588\"><strong data-start=\"564\" data-end=\"572\">Caja<\/strong>: 10 unidades.<\/p>\n<\/li>\n<li class=\"\" data-start=\"589\" data-end=\"628\">\n<p class=\"\" data-start=\"591\" data-end=\"628\"><strong data-start=\"591\" data-end=\"600\">Palet<\/strong>: 72 cajas \/ 720 unidades.<\/p>\n<\/li>\n<\/ul>\n<h3 class=\"\" data-start=\"630\" data-end=\"673\"><strong data-start=\"634\" data-end=\"671\">Beneficios de Caprimo Chocolate Green<\/strong><\/h3>\n<ul data-start=\"675\" data-end=\"1014\">\n<li class=\"\" data-start=\"675\" data-end=\"781\">\n<p class=\"\" data-start=\"677\" data-end=\"781\"><strong data-start=\"677\" data-end=\"698\">Sabor excepcional<\/strong>: Riqu\u00edsimo sabor a leche que encanta a todos los amantes del chocolate caliente.<\/p>\n<\/li>\n<li class=\"\" data-start=\"782\" data-end=\"897\">\n<p class=\"\" data-start=\"784\" data-end=\"897\"><strong data-start=\"784\" data-end=\"800\">Alta calidad<\/strong>: Elaborado con un <strong data-start=\"819\" data-end=\"836\">14 % de cacao<\/strong>, asegurando un equilibrio perfecto entre dulzura y cuerpo.<\/p>\n<\/li>\n<li class=\"\" data-start=\"898\" data-end=\"1014\">\n<p class=\"\" data-start=\"900\" data-end=\"1014\"><strong data-start=\"900\" data-end=\"925\">Textura aterciopelada<\/strong>: Suave y cremosa, proporcionando una experiencia de bebida placentera y reconfortante.<\/p>\n<\/li>\n<\/ul>\n<h3 class=\"\" data-start=\"1016\" data-end=\"1059\"><strong data-start=\"1020\" data-end=\"1057\">Ventajas para negocios y oficinas<\/strong><\/h3>\n<ul data-start=\"1061\" data-end=\"1373\">\n<li class=\"\" data-start=\"1061\" data-end=\"1143\">\n<p class=\"\" data-start=\"1063\" data-end=\"1143\"><strong data-start=\"1063\" data-end=\"1079\">Versatilidad<\/strong>: Ideal para su uso en m\u00e1quinas expendedoras y oficinas (OCS).<\/p>\n<\/li>\n<li class=\"\" data-start=\"1144\" data-end=\"1237\">\n<p class=\"\" data-start=\"1146\" data-end=\"1237\"><strong data-start=\"1146\" data-end=\"1167\">F\u00e1cil preparaci\u00f3n<\/strong>: Su disoluci\u00f3n r\u00e1pida permite una preparaci\u00f3n sencilla y eficiente.<\/p>\n<\/li>\n<li class=\"\" data-start=\"1238\" data-end=\"1373\">\n<p class=\"\" data-start=\"1240\" data-end=\"1373\"><strong data-start=\"1240\" data-end=\"1267\">Atractivo para clientes<\/strong>: Ofrecer una bebida caliente de alta calidad mejora la satisfacci\u00f3n y fidelizaci\u00f3n de los consumidores.<\/p>\n<\/li>\n<\/ul>\n<h3 class=\"\" data-start=\"1375\" data-end=\"1410\"><strong data-start=\"1379\" data-end=\"1408\">Aplicaciones recomendadas<\/strong><\/h3>\n<ul data-start=\"1412\" data-end=\"1801\">\n<li class=\"\" data-start=\"1412\" data-end=\"1539\">\n<p class=\"\" data-start=\"1414\" data-end=\"1539\"><strong data-start=\"1414\" data-end=\"1435\">Bebidas calientes<\/strong>: Perfecto para disfrutar una taza de chocolate caliente con una textura suave y un sabor equilibrado.<\/p>\n<\/li>\n<li class=\"\" data-start=\"1540\" data-end=\"1663\">\n<p class=\"\" data-start=\"1542\" data-end=\"1663\"><strong data-start=\"1542\" data-end=\"1567\">M\u00e1quinas expendedoras<\/strong>: Su f\u00f3rmula est\u00e1 optimizada para garantizar un rendimiento eficiente en sistemas autom\u00e1ticos.<\/p>\n<\/li>\n<li class=\"\" data-start=\"1664\" data-end=\"1801\">\n<p class=\"\" data-start=\"1666\" data-end=\"1801\"><strong data-start=\"1666\" data-end=\"1691\">Cafeter\u00edas y oficinas<\/strong>: Una excelente opci\u00f3n para entornos donde se busca ofrecer bebidas calientes de calidad sin complicaciones.<\/p>\n<\/li>\n<\/ul>\n","protected":false},"excerpt":{"rendered":"<p>*VENTA POR UNIDAD<\/p>\n","protected":false},"featured_media":26682,"comment_status":"open","ping_status":"closed","template":"","meta":[],"product_brand":[224],"product_cat":[99,114,51],"product_tag":[75,194],"class_list":{"0":"post-17782","1":"product","2":"type-product","3":"status-publish","4":"has-post-thumbnail","6":"product_brand-caprimo","7":"product_cat-consumibles","8":"product_cat-preparados-cacao","9":"product_cat-productos","10":"product_tag-caprimo","11":"product_tag-venta-por-unidad","13":"first","14":"instock","15":"taxable","16":"shipping-taxable","17":"purchasable","18":"product-type-simple"},"yoast_head":"<!-- This site is optimized with the Yoast SEO plugin v27.0 - https:\/\/yoast.com\/product\/yoast-seo-wordpress\/ -->\n<title>Caprimo Chocolate Green 14,5% - 1 Kg (Sin Gluten) (CAPRIMO) - Nomesvending<\/title>\n<meta name=\"description\" content=\"Disfruta Caprimo Chocolate Green, el chocolate caliente con un delicioso sabor a leche y un 14 % de cacao. Ideal para m\u00e1quinas expendedoras y oficinas.\" \/>\n<meta name=\"robots\" content=\"index, follow, max-snippet:-1, max-image-preview:large, max-video-preview:-1\" \/>\n<link rel=\"canonical\" href=\"https:\/\/nomesvending.com\/web\/tienda\/productos\/consumibles\/preparados-cacao\/caprimo-green-chocolate\/\" \/>\n<meta property=\"og:locale\" content=\"es_ES\" \/>\n<meta property=\"og:type\" content=\"article\" \/>\n<meta property=\"og:title\" content=\"Caprimo Chocolate Green 14,5% - 1 Kg (Sin Gluten) (CAPRIMO) - Nomesvending\" \/>\n<meta property=\"og:description\" content=\"Disfruta Caprimo Chocolate Green, el chocolate caliente con un delicioso sabor a leche y un 14 % de cacao. Ideal para m\u00e1quinas expendedoras y oficinas.\" \/>\n<meta property=\"og:url\" content=\"https:\/\/nomesvending.com\/web\/tienda\/productos\/consumibles\/preparados-cacao\/caprimo-green-chocolate\/\" \/>\n<meta property=\"og:site_name\" content=\"Nomesvending\" \/>\n<meta property=\"article:publisher\" content=\"https:\/\/www.facebook.com\/NomesVending\/\" \/>\n<meta property=\"article:modified_time\" content=\"2025-11-25T09:24:33+00:00\" \/>\n<meta property=\"og:image\" content=\"https:\/\/nomesvending.com\/web\/wp-content\/uploads\/2024\/06\/Productos-Consumibles-Nomesvending-2.jpg\" \/>\n\t<meta property=\"og:image:width\" content=\"500\" \/>\n\t<meta property=\"og:image:height\" content=\"500\" \/>\n\t<meta property=\"og:image:type\" content=\"image\/jpeg\" \/>\n<meta name=\"twitter:card\" content=\"summary_large_image\" \/>\n<meta name=\"twitter:label1\" content=\"Tiempo de lectura\" \/>\n\t<meta name=\"twitter:data1\" content=\"2 minutos\" \/>\n<script type=\"application\/ld+json\" class=\"yoast-schema-graph\">{\"@context\":\"https:\/\/schema.org\",\"@graph\":[{\"@type\":\"WebPage\",\"@id\":\"https:\/\/nomesvending.com\/web\/tienda\/productos\/consumibles\/preparados-cacao\/caprimo-green-chocolate\/\",\"url\":\"https:\/\/nomesvending.com\/web\/tienda\/productos\/consumibles\/preparados-cacao\/caprimo-green-chocolate\/\",\"name\":\"Caprimo Chocolate Green 14,5% - 1 Kg (Sin Gluten) (CAPRIMO) - Nomesvending\",\"isPartOf\":{\"@id\":\"https:\/\/nomesvending.com\/web\/#website\"},\"primaryImageOfPage\":{\"@id\":\"https:\/\/nomesvending.com\/web\/tienda\/productos\/consumibles\/preparados-cacao\/caprimo-green-chocolate\/#primaryimage\"},\"image\":{\"@id\":\"https:\/\/nomesvending.com\/web\/tienda\/productos\/consumibles\/preparados-cacao\/caprimo-green-chocolate\/#primaryimage\"},\"thumbnailUrl\":\"https:\/\/nomesvending.com\/web\/wp-content\/uploads\/2024\/06\/Productos-Consumibles-Nomesvending-2.jpg\",\"datePublished\":\"2024-06-17T09:59:15+00:00\",\"dateModified\":\"2025-11-25T09:24:33+00:00\",\"description\":\"Disfruta Caprimo Chocolate Green, el chocolate caliente con un delicioso sabor a leche y un 14 % de cacao. Ideal para m\u00e1quinas expendedoras y oficinas.\",\"breadcrumb\":{\"@id\":\"https:\/\/nomesvending.com\/web\/tienda\/productos\/consumibles\/preparados-cacao\/caprimo-green-chocolate\/#breadcrumb\"},\"inLanguage\":\"es\",\"potentialAction\":[{\"@type\":\"ReadAction\",\"target\":[\"https:\/\/nomesvending.com\/web\/tienda\/productos\/consumibles\/preparados-cacao\/caprimo-green-chocolate\/\"]}]},{\"@type\":\"ImageObject\",\"inLanguage\":\"es\",\"@id\":\"https:\/\/nomesvending.com\/web\/tienda\/productos\/consumibles\/preparados-cacao\/caprimo-green-chocolate\/#primaryimage\",\"url\":\"https:\/\/nomesvending.com\/web\/wp-content\/uploads\/2024\/06\/Productos-Consumibles-Nomesvending-2.jpg\",\"contentUrl\":\"https:\/\/nomesvending.com\/web\/wp-content\/uploads\/2024\/06\/Productos-Consumibles-Nomesvending-2.jpg\",\"width\":500,\"height\":500},{\"@type\":\"BreadcrumbList\",\"@id\":\"https:\/\/nomesvending.com\/web\/tienda\/productos\/consumibles\/preparados-cacao\/caprimo-green-chocolate\/#breadcrumb\",\"itemListElement\":[{\"@type\":\"ListItem\",\"position\":1,\"name\":\"Portada\",\"item\":\"https:\/\/nomesvending.com\/web\/\"},{\"@type\":\"ListItem\",\"position\":2,\"name\":\"Tienda\",\"item\":\"https:\/\/nomesvending.com\/web\/tienda\/\"},{\"@type\":\"ListItem\",\"position\":3,\"name\":\"Caprimo Chocolate Green 14,5% &#8211; 1 Kg (Sin Gluten) (CAPRIMO)\"}]},{\"@type\":\"WebSite\",\"@id\":\"https:\/\/nomesvending.com\/web\/#website\",\"url\":\"https:\/\/nomesvending.com\/web\/\",\"name\":\"Nom\u00e9sVending\",\"description\":\"M\u00e1quinas, filtros, recambios, monederos, consumibles y todo lo que necesitas para el mundo del vending. Calidad y tecnolog\u00eda para tu negocio. \u00a1Descubre nuestras soluciones!\",\"publisher\":{\"@id\":\"https:\/\/nomesvending.com\/web\/#organization\"},\"potentialAction\":[{\"@type\":\"SearchAction\",\"target\":{\"@type\":\"EntryPoint\",\"urlTemplate\":\"https:\/\/nomesvending.com\/web\/?s={search_term_string}\"},\"query-input\":{\"@type\":\"PropertyValueSpecification\",\"valueRequired\":true,\"valueName\":\"search_term_string\"}}],\"inLanguage\":\"es\"},{\"@type\":\"Organization\",\"@id\":\"https:\/\/nomesvending.com\/web\/#organization\",\"name\":\"Nom\u00e9sVending\",\"url\":\"https:\/\/nomesvending.com\/web\/\",\"logo\":{\"@type\":\"ImageObject\",\"inLanguage\":\"es\",\"@id\":\"https:\/\/nomesvending.com\/web\/#\/schema\/logo\/image\/\",\"url\":\"https:\/\/nomesvending.com\/web\/wp-content\/uploads\/2026\/03\/Red-and-White-Modern-Vending-Machine-Services-Instagram-Post.png\",\"contentUrl\":\"https:\/\/nomesvending.com\/web\/wp-content\/uploads\/2026\/03\/Red-and-White-Modern-Vending-Machine-Services-Instagram-Post.png\",\"width\":1080,\"height\":1080,\"caption\":\"Nom\u00e9sVending\"},\"image\":{\"@id\":\"https:\/\/nomesvending.com\/web\/#\/schema\/logo\/image\/\"},\"sameAs\":[\"https:\/\/www.facebook.com\/NomesVending\/\",\"https:\/\/www.instagram.com\/nomesvending\/\"]}]}<\/script>\n<!-- \/ Yoast SEO plugin. -->","yoast_head_json":{"title":"Caprimo Chocolate Green 14,5% - 1 Kg (Sin Gluten) (CAPRIMO) - Nomesvending","description":"Disfruta Caprimo Chocolate Green, el chocolate caliente con un delicioso sabor a leche y un 14 % de cacao. Ideal para m\u00e1quinas expendedoras y oficinas.","robots":{"index":"index","follow":"follow","max-snippet":"max-snippet:-1","max-image-preview":"max-image-preview:large","max-video-preview":"max-video-preview:-1"},"canonical":"https:\/\/nomesvending.com\/web\/tienda\/productos\/consumibles\/preparados-cacao\/caprimo-green-chocolate\/","og_locale":"es_ES","og_type":"article","og_title":"Caprimo Chocolate Green 14,5% - 1 Kg (Sin Gluten) (CAPRIMO) - Nomesvending","og_description":"Disfruta Caprimo Chocolate Green, el chocolate caliente con un delicioso sabor a leche y un 14 % de cacao. Ideal para m\u00e1quinas expendedoras y oficinas.","og_url":"https:\/\/nomesvending.com\/web\/tienda\/productos\/consumibles\/preparados-cacao\/caprimo-green-chocolate\/","og_site_name":"Nomesvending","article_publisher":"https:\/\/www.facebook.com\/NomesVending\/","article_modified_time":"2025-11-25T09:24:33+00:00","og_image":[{"width":500,"height":500,"url":"https:\/\/nomesvending.com\/web\/wp-content\/uploads\/2024\/06\/Productos-Consumibles-Nomesvending-2.jpg","type":"image\/jpeg"}],"twitter_card":"summary_large_image","twitter_misc":{"Tiempo de lectura":"2 minutos"},"schema":{"@context":"https:\/\/schema.org","@graph":[{"@type":"WebPage","@id":"https:\/\/nomesvending.com\/web\/tienda\/productos\/consumibles\/preparados-cacao\/caprimo-green-chocolate\/","url":"https:\/\/nomesvending.com\/web\/tienda\/productos\/consumibles\/preparados-cacao\/caprimo-green-chocolate\/","name":"Caprimo Chocolate Green 14,5% - 1 Kg (Sin Gluten) (CAPRIMO) - Nomesvending","isPartOf":{"@id":"https:\/\/nomesvending.com\/web\/#website"},"primaryImageOfPage":{"@id":"https:\/\/nomesvending.com\/web\/tienda\/productos\/consumibles\/preparados-cacao\/caprimo-green-chocolate\/#primaryimage"},"image":{"@id":"https:\/\/nomesvending.com\/web\/tienda\/productos\/consumibles\/preparados-cacao\/caprimo-green-chocolate\/#primaryimage"},"thumbnailUrl":"https:\/\/nomesvending.com\/web\/wp-content\/uploads\/2024\/06\/Productos-Consumibles-Nomesvending-2.jpg","datePublished":"2024-06-17T09:59:15+00:00","dateModified":"2025-11-25T09:24:33+00:00","description":"Disfruta Caprimo Chocolate Green, el chocolate caliente con un delicioso sabor a leche y un 14 % de cacao. Ideal para m\u00e1quinas expendedoras y oficinas.","breadcrumb":{"@id":"https:\/\/nomesvending.com\/web\/tienda\/productos\/consumibles\/preparados-cacao\/caprimo-green-chocolate\/#breadcrumb"},"inLanguage":"es","potentialAction":[{"@type":"ReadAction","target":["https:\/\/nomesvending.com\/web\/tienda\/productos\/consumibles\/preparados-cacao\/caprimo-green-chocolate\/"]}]},{"@type":"ImageObject","inLanguage":"es","@id":"https:\/\/nomesvending.com\/web\/tienda\/productos\/consumibles\/preparados-cacao\/caprimo-green-chocolate\/#primaryimage","url":"https:\/\/nomesvending.com\/web\/wp-content\/uploads\/2024\/06\/Productos-Consumibles-Nomesvending-2.jpg","contentUrl":"https:\/\/nomesvending.com\/web\/wp-content\/uploads\/2024\/06\/Productos-Consumibles-Nomesvending-2.jpg","width":500,"height":500},{"@type":"BreadcrumbList","@id":"https:\/\/nomesvending.com\/web\/tienda\/productos\/consumibles\/preparados-cacao\/caprimo-green-chocolate\/#breadcrumb","itemListElement":[{"@type":"ListItem","position":1,"name":"Portada","item":"https:\/\/nomesvending.com\/web\/"},{"@type":"ListItem","position":2,"name":"Tienda","item":"https:\/\/nomesvending.com\/web\/tienda\/"},{"@type":"ListItem","position":3,"name":"Caprimo Chocolate Green 14,5% &#8211; 1 Kg (Sin Gluten) (CAPRIMO)"}]},{"@type":"WebSite","@id":"https:\/\/nomesvending.com\/web\/#website","url":"https:\/\/nomesvending.com\/web\/","name":"Nom\u00e9sVending","description":"M\u00e1quinas, filtros, recambios, monederos, consumibles y todo lo que necesitas para el mundo del vending. Calidad y tecnolog\u00eda para tu negocio. \u00a1Descubre nuestras soluciones!","publisher":{"@id":"https:\/\/nomesvending.com\/web\/#organization"},"potentialAction":[{"@type":"SearchAction","target":{"@type":"EntryPoint","urlTemplate":"https:\/\/nomesvending.com\/web\/?s={search_term_string}"},"query-input":{"@type":"PropertyValueSpecification","valueRequired":true,"valueName":"search_term_string"}}],"inLanguage":"es"},{"@type":"Organization","@id":"https:\/\/nomesvending.com\/web\/#organization","name":"Nom\u00e9sVending","url":"https:\/\/nomesvending.com\/web\/","logo":{"@type":"ImageObject","inLanguage":"es","@id":"https:\/\/nomesvending.com\/web\/#\/schema\/logo\/image\/","url":"https:\/\/nomesvending.com\/web\/wp-content\/uploads\/2026\/03\/Red-and-White-Modern-Vending-Machine-Services-Instagram-Post.png","contentUrl":"https:\/\/nomesvending.com\/web\/wp-content\/uploads\/2026\/03\/Red-and-White-Modern-Vending-Machine-Services-Instagram-Post.png","width":1080,"height":1080,"caption":"Nom\u00e9sVending"},"image":{"@id":"https:\/\/nomesvending.com\/web\/#\/schema\/logo\/image\/"},"sameAs":["https:\/\/www.facebook.com\/NomesVending\/","https:\/\/www.instagram.com\/nomesvending\/"]}]}},"_links":{"self":[{"href":"https:\/\/nomesvending.com\/web\/wp-json\/wp\/v2\/product\/17782","targetHints":{"allow":["GET"]}}],"collection":[{"href":"https:\/\/nomesvending.com\/web\/wp-json\/wp\/v2\/product"}],"about":[{"href":"https:\/\/nomesvending.com\/web\/wp-json\/wp\/v2\/types\/product"}],"replies":[{"embeddable":true,"href":"https:\/\/nomesvending.com\/web\/wp-json\/wp\/v2\/comments?post=17782"}],"wp:featuredmedia":[{"embeddable":true,"href":"https:\/\/nomesvending.com\/web\/wp-json\/wp\/v2\/media\/26682"}],"wp:attachment":[{"href":"https:\/\/nomesvending.com\/web\/wp-json\/wp\/v2\/media?parent=17782"}],"wp:term":[{"taxonomy":"product_brand","embeddable":true,"href":"https:\/\/nomesvending.com\/web\/wp-json\/wp\/v2\/product_brand?post=17782"},{"taxonomy":"product_cat","embeddable":true,"href":"https:\/\/nomesvending.com\/web\/wp-json\/wp\/v2\/product_cat?post=17782"},{"taxonomy":"product_tag","embeddable":true,"href":"https:\/\/nomesvending.com\/web\/wp-json\/wp\/v2\/product_tag?post=17782"}],"curies":[{"name":"wp","href":"https:\/\/api.w.org\/{rel}","templated":true}]}}