{"id":18764,"date":"2024-07-11T10:39:33","date_gmt":"2024-07-11T10:39:33","guid":{"rendered":"https:\/\/nomesvending.com\/web\/?post_type=product&#038;p=18764"},"modified":"2026-03-25T07:16:49","modified_gmt":"2026-03-25T07:16:49","slug":"fc-4300-rop-uv","status":"publish","type":"product","link":"https:\/\/nomesvending.com\/web\/tienda\/instalaciones-de-agua\/fuentes-de-agua\/fc-4300-rop-uv\/","title":{"rendered":"FC-4300 ROP UV"},"content":{"rendered":"<div>\n<p>Caracter\u00edsticas gen\u00e9ricas:<\/p>\n<p>\u00b7 FC-4300<\/p>\n<p>Capacidad de enfriamiento l\/h: 6<\/p>\n<p>Capacidad de calentamiento l\/h: 7<\/p>\n<p>Capacidad dep\u00f3sito de agua fr\u00eda (litros): 6.3<\/p>\n<p>Capacidad dep\u00f3sito de agua caliente (litros): 4,2<\/p>\n<p>Capacidad dep\u00f3sito de reserva (litros): 10 Peso:<\/p>\n<p>36 kg Gas refrigerante: R600a<\/p>\n<\/div>\n<div>\n<p>Consumibles : 1<\/p>\n<p>Cartucho de sedimentos \u00a02<\/p>\n<p>Cartuchos de carb\u00f3n \u00a01<\/p>\n<p>Membrana RO 80 GPD \u00a01<\/p>\n<p>Cartucho alcalinizador<\/p>\n<\/div>\n","protected":false},"excerpt":{"rendered":"<p>Caracter\u00edsticas gen\u00e9ricas: \u00b7 FC-4300 Capacidad de enfriamiento l\/h: 6 Capacidad de calentamiento l\/h: 7 Capacidad dep\u00f3sito de agua fr\u00eda (litros): 6.3 Capacidad dep\u00f3sito de agua caliente (litros): 4,2 Capacidad dep\u00f3sito de reserva (litros): 10 Peso: 36 kg Gas refrigerante: R600a Consumibles : 1 Cartucho de sedimentos \u00a02 Cartuchos de carb\u00f3n \u00a01 Membrana RO 80 GPD [&hellip;]<\/p>\n","protected":false},"featured_media":18714,"comment_status":"open","ping_status":"closed","template":"","meta":[],"product_brand":[],"product_cat":[191,122],"product_tag":[139,138,131,137],"class_list":{"0":"post-18764","1":"product","2":"type-product","3":"status-publish","4":"has-post-thumbnail","6":"product_cat-fuentes-de-agua","7":"product_cat-instalaciones-de-agua","8":"product_tag-fc-4300","9":"product_tag-fc-4300-rop-uv","10":"product_tag-fuente","11":"product_tag-fuentes-de-agua","13":"first","14":"instock","15":"taxable","16":"shipping-taxable","17":"purchasable","18":"product-type-simple"},"yoast_head":"<!-- This site is optimized with the Yoast SEO plugin v27.0 - https:\/\/yoast.com\/product\/yoast-seo-wordpress\/ -->\n<title>FC-4300 ROP UV - Nomesvending<\/title>\n<meta name=\"robots\" content=\"index, follow, max-snippet:-1, max-image-preview:large, max-video-preview:-1\" \/>\n<link rel=\"canonical\" href=\"https:\/\/nomesvending.com\/web\/tienda\/instalaciones-de-agua\/fuentes-de-agua\/fc-4300-rop-uv\/\" \/>\n<meta property=\"og:locale\" content=\"es_ES\" \/>\n<meta property=\"og:type\" content=\"article\" \/>\n<meta property=\"og:title\" content=\"FC-4300 ROP UV - Nomesvending\" \/>\n<meta property=\"og:description\" content=\"Caracter\u00edsticas gen\u00e9ricas: \u00b7 FC-4300 Capacidad de enfriamiento l\/h: 6 Capacidad de calentamiento l\/h: 7 Capacidad dep\u00f3sito de agua fr\u00eda (litros): 6.3 Capacidad dep\u00f3sito de agua caliente (litros): 4,2 Capacidad dep\u00f3sito de reserva (litros): 10 Peso: 36 kg Gas refrigerante: R600a Consumibles : 1 Cartucho de sedimentos \u00a02 Cartuchos de carb\u00f3n \u00a01 Membrana RO 80 GPD [&hellip;]\" \/>\n<meta property=\"og:url\" content=\"https:\/\/nomesvending.com\/web\/tienda\/instalaciones-de-agua\/fuentes-de-agua\/fc-4300-rop-uv\/\" \/>\n<meta property=\"og:site_name\" content=\"Nomesvending\" \/>\n<meta property=\"article:publisher\" content=\"https:\/\/www.facebook.com\/NomesVending\/\" \/>\n<meta property=\"article:modified_time\" content=\"2026-03-25T07:16:49+00:00\" \/>\n<meta property=\"og:image\" content=\"https:\/\/nomesvending.com\/web\/wp-content\/uploads\/2024\/07\/FC-4300.png\" \/>\n\t<meta property=\"og:image:width\" content=\"720\" \/>\n\t<meta property=\"og:image:height\" content=\"1040\" \/>\n\t<meta property=\"og:image:type\" content=\"image\/png\" \/>\n<meta name=\"twitter:card\" content=\"summary_large_image\" \/>\n<meta name=\"twitter:label1\" content=\"Tiempo de lectura\" \/>\n\t<meta name=\"twitter:data1\" content=\"1 minuto\" \/>\n<script type=\"application\/ld+json\" class=\"yoast-schema-graph\">{\"@context\":\"https:\/\/schema.org\",\"@graph\":[{\"@type\":\"WebPage\",\"@id\":\"https:\/\/nomesvending.com\/web\/tienda\/instalaciones-de-agua\/fuentes-de-agua\/fc-4300-rop-uv\/\",\"url\":\"https:\/\/nomesvending.com\/web\/tienda\/instalaciones-de-agua\/fuentes-de-agua\/fc-4300-rop-uv\/\",\"name\":\"FC-4300 ROP UV - Nomesvending\",\"isPartOf\":{\"@id\":\"https:\/\/nomesvending.com\/web\/#website\"},\"primaryImageOfPage\":{\"@id\":\"https:\/\/nomesvending.com\/web\/tienda\/instalaciones-de-agua\/fuentes-de-agua\/fc-4300-rop-uv\/#primaryimage\"},\"image\":{\"@id\":\"https:\/\/nomesvending.com\/web\/tienda\/instalaciones-de-agua\/fuentes-de-agua\/fc-4300-rop-uv\/#primaryimage\"},\"thumbnailUrl\":\"https:\/\/nomesvending.com\/web\/wp-content\/uploads\/2024\/07\/FC-4300.png\",\"datePublished\":\"2024-07-11T10:39:33+00:00\",\"dateModified\":\"2026-03-25T07:16:49+00:00\",\"breadcrumb\":{\"@id\":\"https:\/\/nomesvending.com\/web\/tienda\/instalaciones-de-agua\/fuentes-de-agua\/fc-4300-rop-uv\/#breadcrumb\"},\"inLanguage\":\"es\",\"potentialAction\":[{\"@type\":\"ReadAction\",\"target\":[\"https:\/\/nomesvending.com\/web\/tienda\/instalaciones-de-agua\/fuentes-de-agua\/fc-4300-rop-uv\/\"]}]},{\"@type\":\"ImageObject\",\"inLanguage\":\"es\",\"@id\":\"https:\/\/nomesvending.com\/web\/tienda\/instalaciones-de-agua\/fuentes-de-agua\/fc-4300-rop-uv\/#primaryimage\",\"url\":\"https:\/\/nomesvending.com\/web\/wp-content\/uploads\/2024\/07\/FC-4300.png\",\"contentUrl\":\"https:\/\/nomesvending.com\/web\/wp-content\/uploads\/2024\/07\/FC-4300.png\",\"width\":720,\"height\":1040},{\"@type\":\"BreadcrumbList\",\"@id\":\"https:\/\/nomesvending.com\/web\/tienda\/instalaciones-de-agua\/fuentes-de-agua\/fc-4300-rop-uv\/#breadcrumb\",\"itemListElement\":[{\"@type\":\"ListItem\",\"position\":1,\"name\":\"Portada\",\"item\":\"https:\/\/nomesvending.com\/web\/\"},{\"@type\":\"ListItem\",\"position\":2,\"name\":\"Tienda\",\"item\":\"https:\/\/nomesvending.com\/web\/tienda\/\"},{\"@type\":\"ListItem\",\"position\":3,\"name\":\"FC-4300 ROP UV\"}]},{\"@type\":\"WebSite\",\"@id\":\"https:\/\/nomesvending.com\/web\/#website\",\"url\":\"https:\/\/nomesvending.com\/web\/\",\"name\":\"Nom\u00e9sVending\",\"description\":\"M\u00e1quinas, filtros, recambios, monederos, consumibles y todo lo que necesitas para el mundo del vending. Calidad y tecnolog\u00eda para tu negocio. \u00a1Descubre nuestras soluciones!\",\"publisher\":{\"@id\":\"https:\/\/nomesvending.com\/web\/#organization\"},\"potentialAction\":[{\"@type\":\"SearchAction\",\"target\":{\"@type\":\"EntryPoint\",\"urlTemplate\":\"https:\/\/nomesvending.com\/web\/?s={search_term_string}\"},\"query-input\":{\"@type\":\"PropertyValueSpecification\",\"valueRequired\":true,\"valueName\":\"search_term_string\"}}],\"inLanguage\":\"es\"},{\"@type\":\"Organization\",\"@id\":\"https:\/\/nomesvending.com\/web\/#organization\",\"name\":\"Nom\u00e9sVending\",\"url\":\"https:\/\/nomesvending.com\/web\/\",\"logo\":{\"@type\":\"ImageObject\",\"inLanguage\":\"es\",\"@id\":\"https:\/\/nomesvending.com\/web\/#\/schema\/logo\/image\/\",\"url\":\"https:\/\/nomesvending.com\/web\/wp-content\/uploads\/2026\/03\/Red-and-White-Modern-Vending-Machine-Services-Instagram-Post.png\",\"contentUrl\":\"https:\/\/nomesvending.com\/web\/wp-content\/uploads\/2026\/03\/Red-and-White-Modern-Vending-Machine-Services-Instagram-Post.png\",\"width\":1080,\"height\":1080,\"caption\":\"Nom\u00e9sVending\"},\"image\":{\"@id\":\"https:\/\/nomesvending.com\/web\/#\/schema\/logo\/image\/\"},\"sameAs\":[\"https:\/\/www.facebook.com\/NomesVending\/\",\"https:\/\/www.instagram.com\/nomesvending\/\"]}]}<\/script>\n<!-- \/ Yoast SEO plugin. -->","yoast_head_json":{"title":"FC-4300 ROP UV - Nomesvending","robots":{"index":"index","follow":"follow","max-snippet":"max-snippet:-1","max-image-preview":"max-image-preview:large","max-video-preview":"max-video-preview:-1"},"canonical":"https:\/\/nomesvending.com\/web\/tienda\/instalaciones-de-agua\/fuentes-de-agua\/fc-4300-rop-uv\/","og_locale":"es_ES","og_type":"article","og_title":"FC-4300 ROP UV - Nomesvending","og_description":"Caracter\u00edsticas gen\u00e9ricas: \u00b7 FC-4300 Capacidad de enfriamiento l\/h: 6 Capacidad de calentamiento l\/h: 7 Capacidad dep\u00f3sito de agua fr\u00eda (litros): 6.3 Capacidad dep\u00f3sito de agua caliente (litros): 4,2 Capacidad dep\u00f3sito de reserva (litros): 10 Peso: 36 kg Gas refrigerante: R600a Consumibles : 1 Cartucho de sedimentos \u00a02 Cartuchos de carb\u00f3n \u00a01 Membrana RO 80 GPD [&hellip;]","og_url":"https:\/\/nomesvending.com\/web\/tienda\/instalaciones-de-agua\/fuentes-de-agua\/fc-4300-rop-uv\/","og_site_name":"Nomesvending","article_publisher":"https:\/\/www.facebook.com\/NomesVending\/","article_modified_time":"2026-03-25T07:16:49+00:00","og_image":[{"width":720,"height":1040,"url":"https:\/\/nomesvending.com\/web\/wp-content\/uploads\/2024\/07\/FC-4300.png","type":"image\/png"}],"twitter_card":"summary_large_image","twitter_misc":{"Tiempo de lectura":"1 minuto"},"schema":{"@context":"https:\/\/schema.org","@graph":[{"@type":"WebPage","@id":"https:\/\/nomesvending.com\/web\/tienda\/instalaciones-de-agua\/fuentes-de-agua\/fc-4300-rop-uv\/","url":"https:\/\/nomesvending.com\/web\/tienda\/instalaciones-de-agua\/fuentes-de-agua\/fc-4300-rop-uv\/","name":"FC-4300 ROP UV - Nomesvending","isPartOf":{"@id":"https:\/\/nomesvending.com\/web\/#website"},"primaryImageOfPage":{"@id":"https:\/\/nomesvending.com\/web\/tienda\/instalaciones-de-agua\/fuentes-de-agua\/fc-4300-rop-uv\/#primaryimage"},"image":{"@id":"https:\/\/nomesvending.com\/web\/tienda\/instalaciones-de-agua\/fuentes-de-agua\/fc-4300-rop-uv\/#primaryimage"},"thumbnailUrl":"https:\/\/nomesvending.com\/web\/wp-content\/uploads\/2024\/07\/FC-4300.png","datePublished":"2024-07-11T10:39:33+00:00","dateModified":"2026-03-25T07:16:49+00:00","breadcrumb":{"@id":"https:\/\/nomesvending.com\/web\/tienda\/instalaciones-de-agua\/fuentes-de-agua\/fc-4300-rop-uv\/#breadcrumb"},"inLanguage":"es","potentialAction":[{"@type":"ReadAction","target":["https:\/\/nomesvending.com\/web\/tienda\/instalaciones-de-agua\/fuentes-de-agua\/fc-4300-rop-uv\/"]}]},{"@type":"ImageObject","inLanguage":"es","@id":"https:\/\/nomesvending.com\/web\/tienda\/instalaciones-de-agua\/fuentes-de-agua\/fc-4300-rop-uv\/#primaryimage","url":"https:\/\/nomesvending.com\/web\/wp-content\/uploads\/2024\/07\/FC-4300.png","contentUrl":"https:\/\/nomesvending.com\/web\/wp-content\/uploads\/2024\/07\/FC-4300.png","width":720,"height":1040},{"@type":"BreadcrumbList","@id":"https:\/\/nomesvending.com\/web\/tienda\/instalaciones-de-agua\/fuentes-de-agua\/fc-4300-rop-uv\/#breadcrumb","itemListElement":[{"@type":"ListItem","position":1,"name":"Portada","item":"https:\/\/nomesvending.com\/web\/"},{"@type":"ListItem","position":2,"name":"Tienda","item":"https:\/\/nomesvending.com\/web\/tienda\/"},{"@type":"ListItem","position":3,"name":"FC-4300 ROP UV"}]},{"@type":"WebSite","@id":"https:\/\/nomesvending.com\/web\/#website","url":"https:\/\/nomesvending.com\/web\/","name":"Nom\u00e9sVending","description":"M\u00e1quinas, filtros, recambios, monederos, consumibles y todo lo que necesitas para el mundo del vending. Calidad y tecnolog\u00eda para tu negocio. \u00a1Descubre nuestras soluciones!","publisher":{"@id":"https:\/\/nomesvending.com\/web\/#organization"},"potentialAction":[{"@type":"SearchAction","target":{"@type":"EntryPoint","urlTemplate":"https:\/\/nomesvending.com\/web\/?s={search_term_string}"},"query-input":{"@type":"PropertyValueSpecification","valueRequired":true,"valueName":"search_term_string"}}],"inLanguage":"es"},{"@type":"Organization","@id":"https:\/\/nomesvending.com\/web\/#organization","name":"Nom\u00e9sVending","url":"https:\/\/nomesvending.com\/web\/","logo":{"@type":"ImageObject","inLanguage":"es","@id":"https:\/\/nomesvending.com\/web\/#\/schema\/logo\/image\/","url":"https:\/\/nomesvending.com\/web\/wp-content\/uploads\/2026\/03\/Red-and-White-Modern-Vending-Machine-Services-Instagram-Post.png","contentUrl":"https:\/\/nomesvending.com\/web\/wp-content\/uploads\/2026\/03\/Red-and-White-Modern-Vending-Machine-Services-Instagram-Post.png","width":1080,"height":1080,"caption":"Nom\u00e9sVending"},"image":{"@id":"https:\/\/nomesvending.com\/web\/#\/schema\/logo\/image\/"},"sameAs":["https:\/\/www.facebook.com\/NomesVending\/","https:\/\/www.instagram.com\/nomesvending\/"]}]}},"_links":{"self":[{"href":"https:\/\/nomesvending.com\/web\/wp-json\/wp\/v2\/product\/18764","targetHints":{"allow":["GET"]}}],"collection":[{"href":"https:\/\/nomesvending.com\/web\/wp-json\/wp\/v2\/product"}],"about":[{"href":"https:\/\/nomesvending.com\/web\/wp-json\/wp\/v2\/types\/product"}],"replies":[{"embeddable":true,"href":"https:\/\/nomesvending.com\/web\/wp-json\/wp\/v2\/comments?post=18764"}],"wp:featuredmedia":[{"embeddable":true,"href":"https:\/\/nomesvending.com\/web\/wp-json\/wp\/v2\/media\/18714"}],"wp:attachment":[{"href":"https:\/\/nomesvending.com\/web\/wp-json\/wp\/v2\/media?parent=18764"}],"wp:term":[{"taxonomy":"product_brand","embeddable":true,"href":"https:\/\/nomesvending.com\/web\/wp-json\/wp\/v2\/product_brand?post=18764"},{"taxonomy":"product_cat","embeddable":true,"href":"https:\/\/nomesvending.com\/web\/wp-json\/wp\/v2\/product_cat?post=18764"},{"taxonomy":"product_tag","embeddable":true,"href":"https:\/\/nomesvending.com\/web\/wp-json\/wp\/v2\/product_tag?post=18764"}],"curies":[{"name":"wp","href":"https:\/\/api.w.org\/{rel}","templated":true}]}}