{"id":19008,"date":"2024-07-23T10:12:07","date_gmt":"2024-07-23T10:12:07","guid":{"rendered":"https:\/\/nomesvending.com\/web\/?post_type=product&#038;p=19008"},"modified":"2025-05-16T09:23:14","modified_gmt":"2025-05-16T09:23:14","slug":"portavasos-4-divisible","status":"publish","type":"product","link":"https:\/\/nomesvending.com\/web\/tienda\/productos\/vasos\/paletinas\/portavasos-4-divisible\/","title":{"rendered":"Portavasos 4 Divisible"},"content":{"rendered":"<p class=\"\" data-start=\"0\" data-end=\"59\"><strong data-start=\"0\" data-end=\"57\">Portavasos 4 Unidades Divisible en 2 \u2013 Palet 36 Cajas<\/strong><\/p>\n<h3 class=\"\" data-start=\"61\" data-end=\"95\"><strong data-start=\"65\" data-end=\"93\">Descripci\u00f3n del Producto<\/strong><\/h3>\n<p class=\"\" data-start=\"96\" data-end=\"502\">El portavasos de cart\u00f3n reciclado es una soluci\u00f3n pr\u00e1ctica y ecol\u00f3gica para el transporte seguro de bebidas calientes o fr\u00edas. Dise\u00f1ado para sostener hasta 4 vasos de tama\u00f1os 8oz \u2013 16oz, ofrece comodidad y estabilidad en su manejo. Adem\u00e1s, su dise\u00f1o innovador permite dividirlo f\u00e1cilmente en dos unidades independientes, lo que lo convierte en una opci\u00f3n vers\u00e1til para diferentes necesidades de servicio.<\/p>\n<p class=\"\" data-start=\"504\" data-end=\"706\">Fabricado con cart\u00f3n Kraft 100% reciclado, este portavasos es una alternativa sostenible, biodegradable y resistente, ideal para cafeter\u00edas, restaurantes, servicios de entrega y m\u00e1quinas expendedoras.<\/p>\n<h3 class=\"\" data-start=\"708\" data-end=\"745\"><strong data-start=\"712\" data-end=\"743\">Caracter\u00edsticas Principales<\/strong><\/h3>\n<ul data-start=\"746\" data-end=\"1118\">\n<li class=\"\" data-start=\"746\" data-end=\"846\">\n<p class=\"\" data-start=\"748\" data-end=\"846\">Sostenible: Fabricado con 100% cart\u00f3n Kraft reciclado, contribuyendo a la reducci\u00f3n de residuos.<\/p>\n<\/li>\n<li class=\"\" data-start=\"847\" data-end=\"949\">\n<p class=\"\" data-start=\"849\" data-end=\"949\">Divisible: Puede usarse como portavasos de 4 unidades o separarse en dos portavasos de 2 unidades.<\/p>\n<\/li>\n<li class=\"\" data-start=\"950\" data-end=\"1020\">\n<p class=\"\" data-start=\"952\" data-end=\"1020\">Resistente: Soporta el peso de vasos de 8oz a 16oz sin deformarse.<\/p>\n<\/li>\n<li class=\"\" data-start=\"1021\" data-end=\"1118\">\n<p class=\"\" data-start=\"1023\" data-end=\"1118\">Comodidad y estabilidad: Facilita el transporte de bebidas, reduciendo derrames y accidentes.<\/p>\n<\/li>\n<\/ul>\n<h3 class=\"\" data-start=\"1120\" data-end=\"1154\"><strong data-start=\"1124\" data-end=\"1152\">Dimensiones del Producto<\/strong><\/h3>\n<ul data-start=\"1155\" data-end=\"1237\">\n<li class=\"\" data-start=\"1155\" data-end=\"1173\">\n<p class=\"\" data-start=\"1157\" data-end=\"1173\">Largo: 18,5 cm<\/p>\n<\/li>\n<li class=\"\" data-start=\"1174\" data-end=\"1190\">\n<p class=\"\" data-start=\"1176\" data-end=\"1190\">Ancho: 23 cm<\/p>\n<\/li>\n<li class=\"\" data-start=\"1191\" data-end=\"1207\">\n<p class=\"\" data-start=\"1193\" data-end=\"1207\">Alto: 4,5 cm<\/p>\n<\/li>\n<li class=\"\" data-start=\"1208\" data-end=\"1237\">\n<p class=\"\" data-start=\"1210\" data-end=\"1237\">Gramaje: 40 gr (+\/- 2 gr)<\/p>\n<\/li>\n<\/ul>\n<h3 class=\"\" data-start=\"1239\" data-end=\"1271\"><strong data-start=\"1243\" data-end=\"1269\">Empaque y Paletizaci\u00f3n<\/strong><\/h3>\n<ul data-start=\"1272\" data-end=\"1514\">\n<li class=\"\" data-start=\"1272\" data-end=\"1298\">\n<p class=\"\" data-start=\"1274\" data-end=\"1298\">Unidades por Bolsa: 50<\/p>\n<\/li>\n<li class=\"\" data-start=\"1299\" data-end=\"1321\">\n<p class=\"\" data-start=\"1301\" data-end=\"1321\">Bolsas por Caja: 6<\/p>\n<\/li>\n<li class=\"\" data-start=\"1322\" data-end=\"1359\">\n<p class=\"\" data-start=\"1324\" data-end=\"1359\">Unidades por Caja: 300 portavasos<\/p>\n<\/li>\n<li class=\"\" data-start=\"1360\" data-end=\"1446\">\n<p class=\"\" data-start=\"1362\" data-end=\"1387\">Dimensiones de la Caja:<\/p>\n<ul data-start=\"1390\" data-end=\"1446\">\n<li class=\"\" data-start=\"1390\" data-end=\"1407\">\n<p class=\"\" data-start=\"1392\" data-end=\"1407\">Largo: 570 mm<\/p>\n<\/li>\n<li class=\"\" data-start=\"1410\" data-end=\"1427\">\n<p class=\"\" data-start=\"1412\" data-end=\"1427\">Ancho: 380 mm<\/p>\n<\/li>\n<li class=\"\" data-start=\"1430\" data-end=\"1446\">\n<p class=\"\" data-start=\"1432\" data-end=\"1446\">Alto: 240 mm<\/p>\n<\/li>\n<\/ul>\n<\/li>\n<li class=\"\" data-start=\"1447\" data-end=\"1514\">\n<p class=\"\" data-start=\"1449\" data-end=\"1467\">Peso de la Caja:<\/p>\n<ul data-start=\"1470\" data-end=\"1514\">\n<li class=\"\" data-start=\"1470\" data-end=\"1490\">\n<p class=\"\" data-start=\"1472\" data-end=\"1490\">Peso Neto: 12 kg<\/p>\n<\/li>\n<li class=\"\" data-start=\"1493\" data-end=\"1514\">\n<p class=\"\" data-start=\"1495\" data-end=\"1514\">Peso Bruto: 13 kg<\/p>\n<\/li>\n<\/ul>\n<\/li>\n<\/ul>\n<h3 class=\"\" data-start=\"1516\" data-end=\"1538\"><strong data-start=\"1520\" data-end=\"1536\">Paletizaci\u00f3n<\/strong><\/h3>\n<ul data-start=\"1539\" data-end=\"1673\">\n<li class=\"\" data-start=\"1539\" data-end=\"1560\">\n<p class=\"\" data-start=\"1541\" data-end=\"1560\">Cajas por Capa: 4<\/p>\n<\/li>\n<li class=\"\" data-start=\"1561\" data-end=\"1583\">\n<p class=\"\" data-start=\"1563\" data-end=\"1583\">N\u00famero de Capas: 6<\/p>\n<\/li>\n<li class=\"\" data-start=\"1584\" data-end=\"1622\">\n<p class=\"\" data-start=\"1586\" data-end=\"1622\">Total de Cajas por Palet: 36 cajas<\/p>\n<\/li>\n<li class=\"\" data-start=\"1623\" data-end=\"1673\">\n<p class=\"\" data-start=\"1625\" data-end=\"1673\">Total de Unidades por Palet: 10.800 portavasos<\/p>\n<\/li>\n<\/ul>\n<h3 class=\"\" data-start=\"1675\" data-end=\"1695\"><strong data-start=\"1679\" data-end=\"1693\">Beneficios<\/strong><\/h3>\n<ul data-start=\"1696\" data-end=\"1996\">\n<li class=\"\" data-start=\"1696\" data-end=\"1768\">\n<p class=\"\" data-start=\"1698\" data-end=\"1768\">Ecol\u00f3gico: Fabricado con materiales reciclados y 100% biodegradable.<\/p>\n<\/li>\n<li class=\"\" data-start=\"1769\" data-end=\"1840\">\n<p class=\"\" data-start=\"1771\" data-end=\"1840\">Pr\u00e1ctico: Su dise\u00f1o divisible permite mayor versatilidad en su uso.<\/p>\n<\/li>\n<li class=\"\" data-start=\"1841\" data-end=\"1908\">\n<p class=\"\" data-start=\"1843\" data-end=\"1908\">Resistente y estable: Facilita el transporte seguro de bebidas.<\/p>\n<\/li>\n<li class=\"\" data-start=\"1909\" data-end=\"1996\">\n<p class=\"\" data-start=\"1911\" data-end=\"1996\">Formato ideal para negocios: Perfecto para cafeter\u00edas, delivery y m\u00e1quinas vending.<\/p>\n<\/li>\n<\/ul>\n<p class=\"\" data-start=\"1998\" data-end=\"2165\">Este portavasos de 4 unidades divisible en 2 es la opci\u00f3n perfecta para negocios que buscan ofrecer comodidad a sus clientes mientras apuestan por la sostenibilidad.<\/p>\n","protected":false},"excerpt":{"rendered":"<p>*VENTA POR CAJA<\/p>\n","protected":false},"featured_media":21465,"comment_status":"open","ping_status":"closed","template":"","meta":[],"product_brand":[226],"product_cat":[106,51,94],"product_tag":[],"class_list":{"0":"post-19008","1":"product","2":"type-product","3":"status-publish","4":"has-post-thumbnail","6":"product_brand-profesional","7":"product_cat-paletinas","8":"product_cat-productos","9":"product_cat-vasos","11":"first","12":"instock","13":"taxable","14":"shipping-taxable","15":"purchasable","16":"product-type-simple"},"yoast_head":"<!-- This site is optimized with the Yoast SEO plugin v27.0 - https:\/\/yoast.com\/product\/yoast-seo-wordpress\/ -->\n<title>Portavasos 4 Divisible - Nomesvending<\/title>\n<meta name=\"description\" content=\"Portavasos de cart\u00f3n reciclado para 4 vasos (8oz \u2013 16oz), divisible en 2 unidades. Caja con 300 unidades. Palet con 36 cajas (10.800 portavasos).\" \/>\n<meta name=\"robots\" content=\"index, follow, max-snippet:-1, max-image-preview:large, max-video-preview:-1\" \/>\n<link rel=\"canonical\" href=\"https:\/\/nomesvending.com\/web\/tienda\/productos\/vasos\/paletinas\/portavasos-4-divisible\/\" \/>\n<meta property=\"og:locale\" content=\"es_ES\" \/>\n<meta property=\"og:type\" content=\"article\" \/>\n<meta property=\"og:title\" content=\"Portavasos 4 Divisible - Nomesvending\" \/>\n<meta property=\"og:description\" content=\"Portavasos de cart\u00f3n reciclado para 4 vasos (8oz \u2013 16oz), divisible en 2 unidades. Caja con 300 unidades. Palet con 36 cajas (10.800 portavasos).\" \/>\n<meta property=\"og:url\" content=\"https:\/\/nomesvending.com\/web\/tienda\/productos\/vasos\/paletinas\/portavasos-4-divisible\/\" \/>\n<meta property=\"og:site_name\" content=\"Nomesvending\" \/>\n<meta property=\"article:publisher\" content=\"https:\/\/www.facebook.com\/NomesVending\/\" \/>\n<meta property=\"article:modified_time\" content=\"2025-05-16T09:23:14+00:00\" \/>\n<meta property=\"og:image\" content=\"https:\/\/nomesvending.com\/web\/wp-content\/uploads\/2024\/07\/PORTAVA4D.png\" \/>\n\t<meta property=\"og:image:width\" content=\"500\" \/>\n\t<meta property=\"og:image:height\" content=\"500\" \/>\n\t<meta property=\"og:image:type\" content=\"image\/png\" \/>\n<meta name=\"twitter:card\" content=\"summary_large_image\" \/>\n<meta name=\"twitter:label1\" content=\"Tiempo de lectura\" \/>\n\t<meta name=\"twitter:data1\" content=\"2 minutos\" \/>\n<script type=\"application\/ld+json\" class=\"yoast-schema-graph\">{\"@context\":\"https:\/\/schema.org\",\"@graph\":[{\"@type\":\"WebPage\",\"@id\":\"https:\/\/nomesvending.com\/web\/tienda\/productos\/vasos\/paletinas\/portavasos-4-divisible\/\",\"url\":\"https:\/\/nomesvending.com\/web\/tienda\/productos\/vasos\/paletinas\/portavasos-4-divisible\/\",\"name\":\"Portavasos 4 Divisible - Nomesvending\",\"isPartOf\":{\"@id\":\"https:\/\/nomesvending.com\/web\/#website\"},\"primaryImageOfPage\":{\"@id\":\"https:\/\/nomesvending.com\/web\/tienda\/productos\/vasos\/paletinas\/portavasos-4-divisible\/#primaryimage\"},\"image\":{\"@id\":\"https:\/\/nomesvending.com\/web\/tienda\/productos\/vasos\/paletinas\/portavasos-4-divisible\/#primaryimage\"},\"thumbnailUrl\":\"https:\/\/nomesvending.com\/web\/wp-content\/uploads\/2024\/07\/PORTAVA4D.png\",\"datePublished\":\"2024-07-23T10:12:07+00:00\",\"dateModified\":\"2025-05-16T09:23:14+00:00\",\"description\":\"Portavasos de cart\u00f3n reciclado para 4 vasos (8oz \u2013 16oz), divisible en 2 unidades. Caja con 300 unidades. Palet con 36 cajas (10.800 portavasos).\",\"breadcrumb\":{\"@id\":\"https:\/\/nomesvending.com\/web\/tienda\/productos\/vasos\/paletinas\/portavasos-4-divisible\/#breadcrumb\"},\"inLanguage\":\"es\",\"potentialAction\":[{\"@type\":\"ReadAction\",\"target\":[\"https:\/\/nomesvending.com\/web\/tienda\/productos\/vasos\/paletinas\/portavasos-4-divisible\/\"]}]},{\"@type\":\"ImageObject\",\"inLanguage\":\"es\",\"@id\":\"https:\/\/nomesvending.com\/web\/tienda\/productos\/vasos\/paletinas\/portavasos-4-divisible\/#primaryimage\",\"url\":\"https:\/\/nomesvending.com\/web\/wp-content\/uploads\/2024\/07\/PORTAVA4D.png\",\"contentUrl\":\"https:\/\/nomesvending.com\/web\/wp-content\/uploads\/2024\/07\/PORTAVA4D.png\",\"width\":500,\"height\":500,\"caption\":\"Portavasos 4 Divisible\"},{\"@type\":\"BreadcrumbList\",\"@id\":\"https:\/\/nomesvending.com\/web\/tienda\/productos\/vasos\/paletinas\/portavasos-4-divisible\/#breadcrumb\",\"itemListElement\":[{\"@type\":\"ListItem\",\"position\":1,\"name\":\"Portada\",\"item\":\"https:\/\/nomesvending.com\/web\/\"},{\"@type\":\"ListItem\",\"position\":2,\"name\":\"Tienda\",\"item\":\"https:\/\/nomesvending.com\/web\/tienda\/\"},{\"@type\":\"ListItem\",\"position\":3,\"name\":\"Portavasos 4 Divisible\"}]},{\"@type\":\"WebSite\",\"@id\":\"https:\/\/nomesvending.com\/web\/#website\",\"url\":\"https:\/\/nomesvending.com\/web\/\",\"name\":\"Nom\u00e9sVending\",\"description\":\"M\u00e1quinas, filtros, recambios, monederos, consumibles y todo lo que necesitas para el mundo del vending. Calidad y tecnolog\u00eda para tu negocio. \u00a1Descubre nuestras soluciones!\",\"publisher\":{\"@id\":\"https:\/\/nomesvending.com\/web\/#organization\"},\"potentialAction\":[{\"@type\":\"SearchAction\",\"target\":{\"@type\":\"EntryPoint\",\"urlTemplate\":\"https:\/\/nomesvending.com\/web\/?s={search_term_string}\"},\"query-input\":{\"@type\":\"PropertyValueSpecification\",\"valueRequired\":true,\"valueName\":\"search_term_string\"}}],\"inLanguage\":\"es\"},{\"@type\":\"Organization\",\"@id\":\"https:\/\/nomesvending.com\/web\/#organization\",\"name\":\"Nom\u00e9sVending\",\"url\":\"https:\/\/nomesvending.com\/web\/\",\"logo\":{\"@type\":\"ImageObject\",\"inLanguage\":\"es\",\"@id\":\"https:\/\/nomesvending.com\/web\/#\/schema\/logo\/image\/\",\"url\":\"https:\/\/nomesvending.com\/web\/wp-content\/uploads\/2026\/03\/Red-and-White-Modern-Vending-Machine-Services-Instagram-Post.png\",\"contentUrl\":\"https:\/\/nomesvending.com\/web\/wp-content\/uploads\/2026\/03\/Red-and-White-Modern-Vending-Machine-Services-Instagram-Post.png\",\"width\":1080,\"height\":1080,\"caption\":\"Nom\u00e9sVending\"},\"image\":{\"@id\":\"https:\/\/nomesvending.com\/web\/#\/schema\/logo\/image\/\"},\"sameAs\":[\"https:\/\/www.facebook.com\/NomesVending\/\",\"https:\/\/www.instagram.com\/nomesvending\/\"]}]}<\/script>\n<!-- \/ Yoast SEO plugin. -->","yoast_head_json":{"title":"Portavasos 4 Divisible - Nomesvending","description":"Portavasos de cart\u00f3n reciclado para 4 vasos (8oz \u2013 16oz), divisible en 2 unidades. Caja con 300 unidades. Palet con 36 cajas (10.800 portavasos).","robots":{"index":"index","follow":"follow","max-snippet":"max-snippet:-1","max-image-preview":"max-image-preview:large","max-video-preview":"max-video-preview:-1"},"canonical":"https:\/\/nomesvending.com\/web\/tienda\/productos\/vasos\/paletinas\/portavasos-4-divisible\/","og_locale":"es_ES","og_type":"article","og_title":"Portavasos 4 Divisible - Nomesvending","og_description":"Portavasos de cart\u00f3n reciclado para 4 vasos (8oz \u2013 16oz), divisible en 2 unidades. Caja con 300 unidades. Palet con 36 cajas (10.800 portavasos).","og_url":"https:\/\/nomesvending.com\/web\/tienda\/productos\/vasos\/paletinas\/portavasos-4-divisible\/","og_site_name":"Nomesvending","article_publisher":"https:\/\/www.facebook.com\/NomesVending\/","article_modified_time":"2025-05-16T09:23:14+00:00","og_image":[{"width":500,"height":500,"url":"https:\/\/nomesvending.com\/web\/wp-content\/uploads\/2024\/07\/PORTAVA4D.png","type":"image\/png"}],"twitter_card":"summary_large_image","twitter_misc":{"Tiempo de lectura":"2 minutos"},"schema":{"@context":"https:\/\/schema.org","@graph":[{"@type":"WebPage","@id":"https:\/\/nomesvending.com\/web\/tienda\/productos\/vasos\/paletinas\/portavasos-4-divisible\/","url":"https:\/\/nomesvending.com\/web\/tienda\/productos\/vasos\/paletinas\/portavasos-4-divisible\/","name":"Portavasos 4 Divisible - Nomesvending","isPartOf":{"@id":"https:\/\/nomesvending.com\/web\/#website"},"primaryImageOfPage":{"@id":"https:\/\/nomesvending.com\/web\/tienda\/productos\/vasos\/paletinas\/portavasos-4-divisible\/#primaryimage"},"image":{"@id":"https:\/\/nomesvending.com\/web\/tienda\/productos\/vasos\/paletinas\/portavasos-4-divisible\/#primaryimage"},"thumbnailUrl":"https:\/\/nomesvending.com\/web\/wp-content\/uploads\/2024\/07\/PORTAVA4D.png","datePublished":"2024-07-23T10:12:07+00:00","dateModified":"2025-05-16T09:23:14+00:00","description":"Portavasos de cart\u00f3n reciclado para 4 vasos (8oz \u2013 16oz), divisible en 2 unidades. Caja con 300 unidades. Palet con 36 cajas (10.800 portavasos).","breadcrumb":{"@id":"https:\/\/nomesvending.com\/web\/tienda\/productos\/vasos\/paletinas\/portavasos-4-divisible\/#breadcrumb"},"inLanguage":"es","potentialAction":[{"@type":"ReadAction","target":["https:\/\/nomesvending.com\/web\/tienda\/productos\/vasos\/paletinas\/portavasos-4-divisible\/"]}]},{"@type":"ImageObject","inLanguage":"es","@id":"https:\/\/nomesvending.com\/web\/tienda\/productos\/vasos\/paletinas\/portavasos-4-divisible\/#primaryimage","url":"https:\/\/nomesvending.com\/web\/wp-content\/uploads\/2024\/07\/PORTAVA4D.png","contentUrl":"https:\/\/nomesvending.com\/web\/wp-content\/uploads\/2024\/07\/PORTAVA4D.png","width":500,"height":500,"caption":"Portavasos 4 Divisible"},{"@type":"BreadcrumbList","@id":"https:\/\/nomesvending.com\/web\/tienda\/productos\/vasos\/paletinas\/portavasos-4-divisible\/#breadcrumb","itemListElement":[{"@type":"ListItem","position":1,"name":"Portada","item":"https:\/\/nomesvending.com\/web\/"},{"@type":"ListItem","position":2,"name":"Tienda","item":"https:\/\/nomesvending.com\/web\/tienda\/"},{"@type":"ListItem","position":3,"name":"Portavasos 4 Divisible"}]},{"@type":"WebSite","@id":"https:\/\/nomesvending.com\/web\/#website","url":"https:\/\/nomesvending.com\/web\/","name":"Nom\u00e9sVending","description":"M\u00e1quinas, filtros, recambios, monederos, consumibles y todo lo que necesitas para el mundo del vending. Calidad y tecnolog\u00eda para tu negocio. \u00a1Descubre nuestras soluciones!","publisher":{"@id":"https:\/\/nomesvending.com\/web\/#organization"},"potentialAction":[{"@type":"SearchAction","target":{"@type":"EntryPoint","urlTemplate":"https:\/\/nomesvending.com\/web\/?s={search_term_string}"},"query-input":{"@type":"PropertyValueSpecification","valueRequired":true,"valueName":"search_term_string"}}],"inLanguage":"es"},{"@type":"Organization","@id":"https:\/\/nomesvending.com\/web\/#organization","name":"Nom\u00e9sVending","url":"https:\/\/nomesvending.com\/web\/","logo":{"@type":"ImageObject","inLanguage":"es","@id":"https:\/\/nomesvending.com\/web\/#\/schema\/logo\/image\/","url":"https:\/\/nomesvending.com\/web\/wp-content\/uploads\/2026\/03\/Red-and-White-Modern-Vending-Machine-Services-Instagram-Post.png","contentUrl":"https:\/\/nomesvending.com\/web\/wp-content\/uploads\/2026\/03\/Red-and-White-Modern-Vending-Machine-Services-Instagram-Post.png","width":1080,"height":1080,"caption":"Nom\u00e9sVending"},"image":{"@id":"https:\/\/nomesvending.com\/web\/#\/schema\/logo\/image\/"},"sameAs":["https:\/\/www.facebook.com\/NomesVending\/","https:\/\/www.instagram.com\/nomesvending\/"]}]}},"_links":{"self":[{"href":"https:\/\/nomesvending.com\/web\/wp-json\/wp\/v2\/product\/19008","targetHints":{"allow":["GET"]}}],"collection":[{"href":"https:\/\/nomesvending.com\/web\/wp-json\/wp\/v2\/product"}],"about":[{"href":"https:\/\/nomesvending.com\/web\/wp-json\/wp\/v2\/types\/product"}],"replies":[{"embeddable":true,"href":"https:\/\/nomesvending.com\/web\/wp-json\/wp\/v2\/comments?post=19008"}],"wp:featuredmedia":[{"embeddable":true,"href":"https:\/\/nomesvending.com\/web\/wp-json\/wp\/v2\/media\/21465"}],"wp:attachment":[{"href":"https:\/\/nomesvending.com\/web\/wp-json\/wp\/v2\/media?parent=19008"}],"wp:term":[{"taxonomy":"product_brand","embeddable":true,"href":"https:\/\/nomesvending.com\/web\/wp-json\/wp\/v2\/product_brand?post=19008"},{"taxonomy":"product_cat","embeddable":true,"href":"https:\/\/nomesvending.com\/web\/wp-json\/wp\/v2\/product_cat?post=19008"},{"taxonomy":"product_tag","embeddable":true,"href":"https:\/\/nomesvending.com\/web\/wp-json\/wp\/v2\/product_tag?post=19008"}],"curies":[{"name":"wp","href":"https:\/\/api.w.org\/{rel}","templated":true}]}}