{"id":19014,"date":"2024-07-23T10:20:49","date_gmt":"2024-07-23T10:20:49","guid":{"rendered":"https:\/\/nomesvending.com\/web\/?post_type=product&#038;p=19014"},"modified":"2025-05-16T09:23:13","modified_gmt":"2025-05-16T09:23:13","slug":"vaso-papel-sin-plastico","status":"publish","type":"product","link":"https:\/\/nomesvending.com\/web\/tienda\/productos\/vasos\/vasos-vasos\/vaso-papel-sin-plastico\/","title":{"rendered":"Vaso papel S\u00edn Plastico 12Oz (VASO FREE PLASTIC)"},"content":{"rendered":"<p class=\"\" data-start=\"0\" data-end=\"41\"><strong data-start=\"0\" data-end=\"41\">Vaso papel S\u00edn Plastico 12oz WBBC \u2013 Palet 18 Cajas<\/strong><\/p>\n<p class=\"\" data-start=\"43\" data-end=\"590\"><strong data-start=\"43\" data-end=\"71\">Descripci\u00f3n del Producto<\/strong>: El Vaso papel S\u00edn Plastico<strong data-start=\"76\" data-end=\"103\">\u00a012oz WBBC<\/strong> es una opci\u00f3n <strong data-start=\"118\" data-end=\"132\">sostenible<\/strong> y <strong data-start=\"135\" data-end=\"154\">de alta calidad<\/strong> para bebidas calientes. Fabricado con un recubrimiento especial a base de agua, este vaso es <strong data-start=\"248\" data-end=\"296\">compostable, biodegradable y 100% reciclable<\/strong>, garantizando un impacto ambiental m\u00ednimo. Su dise\u00f1o est\u00e1 pensado para proporcionar un excelente rendimiento en el servicio de bebidas a temperaturas de hasta <strong data-start=\"456\" data-end=\"465\">+95\u00b0C<\/strong>, asegurando la calidad y resistencia que se requiere en el uso diario, especialmente en cafeter\u00edas, restaurantes y eventos.<\/p>\n<p class=\"\" data-start=\"592\" data-end=\"914\">Este vaso es ideal para bebidas como caf\u00e9, t\u00e9 y otras bebidas calientes, combinando la <strong data-start=\"679\" data-end=\"715\">comodidad del uso de un solo uso<\/strong>con el <strong data-start=\"723\" data-end=\"747\">compromiso ecol\u00f3gico<\/strong>. Adem\u00e1s, la caja contiene <strong data-start=\"774\" data-end=\"792\">1.000 unidades<\/strong>, lo que facilita la gesti\u00f3n de grandes cantidades, siendo un producto pr\u00e1ctico y eficiente para negocios de alto volumen.<\/p>\n<h3 class=\"\" data-start=\"916\" data-end=\"952\"><strong data-start=\"920\" data-end=\"951\">Caracter\u00edsticas principales<\/strong>:<\/h3>\n<ul data-start=\"953\" data-end=\"1489\">\n<li class=\"\" data-start=\"953\" data-end=\"1089\">\n<p class=\"\" data-start=\"955\" data-end=\"1089\"><strong data-start=\"955\" data-end=\"967\">Material<\/strong>: Papel con recubrimiento PE (Pl\u00e1stico) y un tratamiento a base de agua, garantizando que es <strong data-start=\"1060\" data-end=\"1088\">compostable y reciclable<\/strong>.<\/p>\n<\/li>\n<li class=\"\" data-start=\"1090\" data-end=\"1175\">\n<p class=\"\" data-start=\"1092\" data-end=\"1175\"><strong data-start=\"1092\" data-end=\"1103\">Calidad<\/strong>: Fabricado con papel de <strong data-start=\"1128\" data-end=\"1138\">320 gr<\/strong> y un recubrimiento de <strong data-start=\"1161\" data-end=\"1174\">8 gr WBBC<\/strong>.<\/p>\n<\/li>\n<li class=\"\" data-start=\"1176\" data-end=\"1264\">\n<p class=\"\" data-start=\"1178\" data-end=\"1264\"><strong data-start=\"1178\" data-end=\"1191\">Capacidad<\/strong>: <strong data-start=\"1193\" data-end=\"1203\">420 ml<\/strong> (+\/- 10,5), perfecto para una variedad de bebidas calientes.<\/p>\n<\/li>\n<li class=\"\" data-start=\"1265\" data-end=\"1348\">\n<p class=\"\" data-start=\"1267\" data-end=\"1348\"><strong data-start=\"1267\" data-end=\"1294\">Temperatura de Servicio<\/strong>: Desde <strong data-start=\"1302\" data-end=\"1317\">0\u00b0C a +95\u00b0C<\/strong>, ideal para bebidas calientes.<\/p>\n<\/li>\n<li class=\"\" data-start=\"1349\" data-end=\"1489\">\n<p class=\"\" data-start=\"1351\" data-end=\"1371\"><strong data-start=\"1351\" data-end=\"1370\">Tama\u00f1o del Vaso<\/strong>:<\/p>\n<ul data-start=\"1374\" data-end=\"1489\">\n<li class=\"\" data-start=\"1374\" data-end=\"1412\">\n<p class=\"\" data-start=\"1376\" data-end=\"1412\"><strong data-start=\"1376\" data-end=\"1393\">Base Superior<\/strong>: 89,8 mm (+\/- 0,3)<\/p>\n<\/li>\n<li class=\"\" data-start=\"1415\" data-end=\"1453\">\n<p class=\"\" data-start=\"1417\" data-end=\"1453\"><strong data-start=\"1417\" data-end=\"1434\">Base Inferior<\/strong>: 56,7 mm (+\/- 0,5)<\/p>\n<\/li>\n<li class=\"\" data-start=\"1456\" data-end=\"1486\">\n<p class=\"\" data-start=\"1458\" data-end=\"1486\"><strong data-start=\"1458\" data-end=\"1468\">Altura<\/strong>: 113 mm (+\/- 0,5)<\/p>\n<\/li>\n<\/ul>\n<\/li>\n<\/ul>\n<h3 class=\"\" data-start=\"1490\" data-end=\"1521\"><strong data-start=\"1494\" data-end=\"1520\">Empaque y Paletizaci\u00f3n<\/strong>:<\/h3>\n<ul data-start=\"1523\" data-end=\"1813\">\n<li class=\"\" data-start=\"1523\" data-end=\"1561\">\n<p class=\"\" data-start=\"1525\" data-end=\"1561\"><strong data-start=\"1525\" data-end=\"1547\">Unidades por Bolsa<\/strong>: 50 unidades.<\/p>\n<\/li>\n<li class=\"\" data-start=\"1562\" data-end=\"1595\">\n<p class=\"\" data-start=\"1564\" data-end=\"1595\"><strong data-start=\"1564\" data-end=\"1583\">Bolsas por Caja<\/strong>: 20 bolsas.<\/p>\n<\/li>\n<li class=\"\" data-start=\"1596\" data-end=\"1640\">\n<p class=\"\" data-start=\"1598\" data-end=\"1640\"><strong data-start=\"1598\" data-end=\"1619\">Unidades por Caja<\/strong>: <strong data-start=\"1621\" data-end=\"1639\">1.000 unidades<\/strong>.<\/p>\n<\/li>\n<li class=\"\" data-start=\"1641\" data-end=\"1735\">\n<p class=\"\" data-start=\"1643\" data-end=\"1670\"><strong data-start=\"1643\" data-end=\"1669\">Dimensiones de la Caja<\/strong>:<\/p>\n<ul data-start=\"1673\" data-end=\"1735\">\n<li class=\"\" data-start=\"1673\" data-end=\"1692\">\n<p class=\"\" data-start=\"1675\" data-end=\"1692\"><strong data-start=\"1675\" data-end=\"1684\">Largo<\/strong>: 460 mm<\/p>\n<\/li>\n<li class=\"\" data-start=\"1695\" data-end=\"1714\">\n<p class=\"\" data-start=\"1697\" data-end=\"1714\"><strong data-start=\"1697\" data-end=\"1706\">Ancho<\/strong>: 370 mm<\/p>\n<\/li>\n<li class=\"\" data-start=\"1717\" data-end=\"1735\">\n<p class=\"\" data-start=\"1719\" data-end=\"1735\"><strong data-start=\"1719\" data-end=\"1727\">Alto<\/strong>: 530 mm<\/p>\n<\/li>\n<\/ul>\n<\/li>\n<li class=\"\" data-start=\"1736\" data-end=\"1813\">\n<p class=\"\" data-start=\"1738\" data-end=\"1758\"><strong data-start=\"1738\" data-end=\"1757\">Peso de la Caja<\/strong>:<\/p>\n<ul data-start=\"1761\" data-end=\"1813\">\n<li class=\"\" data-start=\"1761\" data-end=\"1785\">\n<p class=\"\" data-start=\"1763\" data-end=\"1785\"><strong data-start=\"1763\" data-end=\"1776\">Peso Neto<\/strong>: 10,5 kg<\/p>\n<\/li>\n<li class=\"\" data-start=\"1788\" data-end=\"1813\">\n<p class=\"\" data-start=\"1790\" data-end=\"1813\"><strong data-start=\"1790\" data-end=\"1804\">Peso Bruto<\/strong>: 11,4 kg<\/p>\n<\/li>\n<\/ul>\n<\/li>\n<\/ul>\n<h3 class=\"\" data-start=\"1815\" data-end=\"1836\"><strong data-start=\"1819\" data-end=\"1835\">Paletizaci\u00f3n<\/strong>:<\/h3>\n<ul data-start=\"1837\" data-end=\"1986\">\n<li class=\"\" data-start=\"1837\" data-end=\"1861\">\n<p class=\"\" data-start=\"1839\" data-end=\"1861\"><strong data-start=\"1839\" data-end=\"1857\">Cajas por Capa<\/strong>: 6.<\/p>\n<\/li>\n<li class=\"\" data-start=\"1862\" data-end=\"1887\">\n<p class=\"\" data-start=\"1864\" data-end=\"1887\"><strong data-start=\"1864\" data-end=\"1883\">N\u00famero de Capas<\/strong>: 3.<\/p>\n<\/li>\n<li class=\"\" data-start=\"1888\" data-end=\"1933\">\n<p class=\"\" data-start=\"1890\" data-end=\"1933\"><strong data-start=\"1890\" data-end=\"1918\">Total de Cajas por Palet<\/strong>: <strong data-start=\"1920\" data-end=\"1932\">18 Cajas<\/strong>.<\/p>\n<\/li>\n<li class=\"\" data-start=\"1934\" data-end=\"1986\">\n<p class=\"\" data-start=\"1936\" data-end=\"1986\"><strong data-start=\"1936\" data-end=\"1967\">Total de Unidades por Palet<\/strong>: <strong data-start=\"1969\" data-end=\"1985\">18.000 vasos<\/strong>.<\/p>\n<\/li>\n<\/ul>\n<h3 class=\"\" data-start=\"1988\" data-end=\"2015\"><strong data-start=\"1992\" data-end=\"2014\">Control de Calidad<\/strong>:<\/h3>\n<p class=\"\" data-start=\"2016\" data-end=\"2230\">Cada caja y cada vaso lleva un <strong data-start=\"2047\" data-end=\"2065\">n\u00famero de lote<\/strong> que permite hacer un seguimiento preciso de la fecha de fabricaci\u00f3n, m\u00e1quina, turno y n\u00famero de caja, asegurando un control exhaustivo de la calidad en cada unidad.<\/p>\n<h3 class=\"\" data-start=\"2232\" data-end=\"2251\"><strong data-start=\"2236\" data-end=\"2250\">Beneficios<\/strong>:<\/h3>\n<ul data-start=\"2252\" data-end=\"2682\">\n<li class=\"\" data-start=\"2252\" data-end=\"2353\">\n<p class=\"\" data-start=\"2254\" data-end=\"2353\"><strong data-start=\"2254\" data-end=\"2272\">Sostenibilidad<\/strong>: Producto compostable y reciclable, contribuyendo al cuidado del medio ambiente.<\/p>\n<\/li>\n<li class=\"\" data-start=\"2354\" data-end=\"2464\">\n<p class=\"\" data-start=\"2356\" data-end=\"2464\"><strong data-start=\"2356\" data-end=\"2371\">Practicidad<\/strong>: Ideal para negocios de alto volumen, con cajas de <strong data-start=\"2423\" data-end=\"2441\">1.000 unidades<\/strong> para facilitar su uso.<\/p>\n<\/li>\n<li class=\"\" data-start=\"2465\" data-end=\"2578\">\n<p class=\"\" data-start=\"2467\" data-end=\"2578\"><strong data-start=\"2467\" data-end=\"2482\">Resistencia<\/strong>: Perfecto para servir bebidas calientes de hasta <strong data-start=\"2532\" data-end=\"2540\">95\u00b0C<\/strong>, garantizando la integridad del vaso.<\/p>\n<\/li>\n<li class=\"\" data-start=\"2579\" data-end=\"2682\">\n<p class=\"\" data-start=\"2581\" data-end=\"2682\"><strong data-start=\"2581\" data-end=\"2603\">Calidad Controlada<\/strong>: Con un riguroso control de calidad para asegurar el rendimiento del producto.<\/p>\n<\/li>\n<\/ul>\n<p class=\"\" data-start=\"2684\" data-end=\"2884\">Con el <strong data-start=\"2691\" data-end=\"2715\">Vaso Papel 12oz WBBC<\/strong>, tienes la opci\u00f3n ideal para ofrecer bebidas calientes en tu negocio o evento, al mismo tiempo que cuidas el medio ambiente con un producto <strong data-start=\"2856\" data-end=\"2882\">ecol\u00f3gico y sostenible<\/strong>.<\/p>\n","protected":false},"excerpt":{"rendered":"<p>*VENTA POR CAJAS<\/p>\n","protected":false},"featured_media":21463,"comment_status":"open","ping_status":"closed","template":"","meta":[],"product_brand":[226],"product_cat":[51,105,94],"product_tag":[],"class_list":{"0":"post-19014","1":"product","2":"type-product","3":"status-publish","4":"has-post-thumbnail","6":"product_brand-profesional","7":"product_cat-productos","8":"product_cat-vasos-vasos","9":"product_cat-vasos","11":"first","12":"instock","13":"taxable","14":"shipping-taxable","15":"purchasable","16":"product-type-simple"},"yoast_head":"<!-- This site is optimized with the Yoast SEO plugin v27.0 - https:\/\/yoast.com\/product\/yoast-seo-wordpress\/ -->\n<title>Vaso papel S\u00edn Plastico 12Oz (VASO FREE PLASTIC) - Nomesvending<\/title>\n<meta name=\"description\" content=\"Vaso papel S\u00edn Plastico 12oz WBBC compostables y reciclables. Caja con 1.000 unidades. Palet con 18 cajas (18.000 vasos). Ideal para bebidas....\" \/>\n<meta name=\"robots\" content=\"index, follow, max-snippet:-1, max-image-preview:large, max-video-preview:-1\" \/>\n<link rel=\"canonical\" href=\"https:\/\/nomesvending.com\/web\/tienda\/productos\/vasos\/vasos-vasos\/vaso-papel-sin-plastico\/\" \/>\n<meta property=\"og:locale\" content=\"es_ES\" \/>\n<meta property=\"og:type\" content=\"article\" \/>\n<meta property=\"og:title\" content=\"Vaso papel S\u00edn Plastico 12Oz (VASO FREE PLASTIC) - Nomesvending\" \/>\n<meta property=\"og:description\" content=\"Vaso papel S\u00edn Plastico 12oz WBBC compostables y reciclables. Caja con 1.000 unidades. Palet con 18 cajas (18.000 vasos). Ideal para bebidas....\" \/>\n<meta property=\"og:url\" content=\"https:\/\/nomesvending.com\/web\/tienda\/productos\/vasos\/vasos-vasos\/vaso-papel-sin-plastico\/\" \/>\n<meta property=\"og:site_name\" content=\"Nomesvending\" \/>\n<meta property=\"article:publisher\" content=\"https:\/\/www.facebook.com\/NomesVending\/\" \/>\n<meta property=\"article:modified_time\" content=\"2025-05-16T09:23:13+00:00\" \/>\n<meta property=\"og:image\" content=\"https:\/\/nomesvending.com\/web\/wp-content\/uploads\/2024\/07\/VASOCW12ES.png\" \/>\n\t<meta property=\"og:image:width\" content=\"500\" \/>\n\t<meta property=\"og:image:height\" content=\"500\" \/>\n\t<meta property=\"og:image:type\" content=\"image\/png\" \/>\n<meta name=\"twitter:card\" content=\"summary_large_image\" \/>\n<meta name=\"twitter:label1\" content=\"Tiempo de lectura\" \/>\n\t<meta name=\"twitter:data1\" content=\"3 minutos\" \/>\n<script type=\"application\/ld+json\" class=\"yoast-schema-graph\">{\"@context\":\"https:\/\/schema.org\",\"@graph\":[{\"@type\":\"WebPage\",\"@id\":\"https:\/\/nomesvending.com\/web\/tienda\/productos\/vasos\/vasos-vasos\/vaso-papel-sin-plastico\/\",\"url\":\"https:\/\/nomesvending.com\/web\/tienda\/productos\/vasos\/vasos-vasos\/vaso-papel-sin-plastico\/\",\"name\":\"Vaso papel S\u00edn Plastico 12Oz (VASO FREE PLASTIC) - Nomesvending\",\"isPartOf\":{\"@id\":\"https:\/\/nomesvending.com\/web\/#website\"},\"primaryImageOfPage\":{\"@id\":\"https:\/\/nomesvending.com\/web\/tienda\/productos\/vasos\/vasos-vasos\/vaso-papel-sin-plastico\/#primaryimage\"},\"image\":{\"@id\":\"https:\/\/nomesvending.com\/web\/tienda\/productos\/vasos\/vasos-vasos\/vaso-papel-sin-plastico\/#primaryimage\"},\"thumbnailUrl\":\"https:\/\/nomesvending.com\/web\/wp-content\/uploads\/2024\/07\/VASOCW12ES.png\",\"datePublished\":\"2024-07-23T10:20:49+00:00\",\"dateModified\":\"2025-05-16T09:23:13+00:00\",\"description\":\"Vaso papel S\u00edn Plastico 12oz WBBC compostables y reciclables. Caja con 1.000 unidades. Palet con 18 cajas (18.000 vasos). Ideal para bebidas....\",\"breadcrumb\":{\"@id\":\"https:\/\/nomesvending.com\/web\/tienda\/productos\/vasos\/vasos-vasos\/vaso-papel-sin-plastico\/#breadcrumb\"},\"inLanguage\":\"es\",\"potentialAction\":[{\"@type\":\"ReadAction\",\"target\":[\"https:\/\/nomesvending.com\/web\/tienda\/productos\/vasos\/vasos-vasos\/vaso-papel-sin-plastico\/\"]}]},{\"@type\":\"ImageObject\",\"inLanguage\":\"es\",\"@id\":\"https:\/\/nomesvending.com\/web\/tienda\/productos\/vasos\/vasos-vasos\/vaso-papel-sin-plastico\/#primaryimage\",\"url\":\"https:\/\/nomesvending.com\/web\/wp-content\/uploads\/2024\/07\/VASOCW12ES.png\",\"contentUrl\":\"https:\/\/nomesvending.com\/web\/wp-content\/uploads\/2024\/07\/VASOCW12ES.png\",\"width\":500,\"height\":500,\"caption\":\"Vaso papel S\u00edn Plastico\"},{\"@type\":\"BreadcrumbList\",\"@id\":\"https:\/\/nomesvending.com\/web\/tienda\/productos\/vasos\/vasos-vasos\/vaso-papel-sin-plastico\/#breadcrumb\",\"itemListElement\":[{\"@type\":\"ListItem\",\"position\":1,\"name\":\"Portada\",\"item\":\"https:\/\/nomesvending.com\/web\/\"},{\"@type\":\"ListItem\",\"position\":2,\"name\":\"Tienda\",\"item\":\"https:\/\/nomesvending.com\/web\/tienda\/\"},{\"@type\":\"ListItem\",\"position\":3,\"name\":\"Vaso papel S\u00edn Plastico 12Oz (VASO FREE PLASTIC)\"}]},{\"@type\":\"WebSite\",\"@id\":\"https:\/\/nomesvending.com\/web\/#website\",\"url\":\"https:\/\/nomesvending.com\/web\/\",\"name\":\"Nom\u00e9sVending\",\"description\":\"M\u00e1quinas, filtros, recambios, monederos, consumibles y todo lo que necesitas para el mundo del vending. Calidad y tecnolog\u00eda para tu negocio. \u00a1Descubre nuestras soluciones!\",\"publisher\":{\"@id\":\"https:\/\/nomesvending.com\/web\/#organization\"},\"potentialAction\":[{\"@type\":\"SearchAction\",\"target\":{\"@type\":\"EntryPoint\",\"urlTemplate\":\"https:\/\/nomesvending.com\/web\/?s={search_term_string}\"},\"query-input\":{\"@type\":\"PropertyValueSpecification\",\"valueRequired\":true,\"valueName\":\"search_term_string\"}}],\"inLanguage\":\"es\"},{\"@type\":\"Organization\",\"@id\":\"https:\/\/nomesvending.com\/web\/#organization\",\"name\":\"Nom\u00e9sVending\",\"url\":\"https:\/\/nomesvending.com\/web\/\",\"logo\":{\"@type\":\"ImageObject\",\"inLanguage\":\"es\",\"@id\":\"https:\/\/nomesvending.com\/web\/#\/schema\/logo\/image\/\",\"url\":\"https:\/\/nomesvending.com\/web\/wp-content\/uploads\/2026\/03\/Red-and-White-Modern-Vending-Machine-Services-Instagram-Post.png\",\"contentUrl\":\"https:\/\/nomesvending.com\/web\/wp-content\/uploads\/2026\/03\/Red-and-White-Modern-Vending-Machine-Services-Instagram-Post.png\",\"width\":1080,\"height\":1080,\"caption\":\"Nom\u00e9sVending\"},\"image\":{\"@id\":\"https:\/\/nomesvending.com\/web\/#\/schema\/logo\/image\/\"},\"sameAs\":[\"https:\/\/www.facebook.com\/NomesVending\/\",\"https:\/\/www.instagram.com\/nomesvending\/\"]}]}<\/script>\n<!-- \/ Yoast SEO plugin. -->","yoast_head_json":{"title":"Vaso papel S\u00edn Plastico 12Oz (VASO FREE PLASTIC) - Nomesvending","description":"Vaso papel S\u00edn Plastico 12oz WBBC compostables y reciclables. Caja con 1.000 unidades. Palet con 18 cajas (18.000 vasos). Ideal para bebidas....","robots":{"index":"index","follow":"follow","max-snippet":"max-snippet:-1","max-image-preview":"max-image-preview:large","max-video-preview":"max-video-preview:-1"},"canonical":"https:\/\/nomesvending.com\/web\/tienda\/productos\/vasos\/vasos-vasos\/vaso-papel-sin-plastico\/","og_locale":"es_ES","og_type":"article","og_title":"Vaso papel S\u00edn Plastico 12Oz (VASO FREE PLASTIC) - Nomesvending","og_description":"Vaso papel S\u00edn Plastico 12oz WBBC compostables y reciclables. Caja con 1.000 unidades. Palet con 18 cajas (18.000 vasos). Ideal para bebidas....","og_url":"https:\/\/nomesvending.com\/web\/tienda\/productos\/vasos\/vasos-vasos\/vaso-papel-sin-plastico\/","og_site_name":"Nomesvending","article_publisher":"https:\/\/www.facebook.com\/NomesVending\/","article_modified_time":"2025-05-16T09:23:13+00:00","og_image":[{"width":500,"height":500,"url":"https:\/\/nomesvending.com\/web\/wp-content\/uploads\/2024\/07\/VASOCW12ES.png","type":"image\/png"}],"twitter_card":"summary_large_image","twitter_misc":{"Tiempo de lectura":"3 minutos"},"schema":{"@context":"https:\/\/schema.org","@graph":[{"@type":"WebPage","@id":"https:\/\/nomesvending.com\/web\/tienda\/productos\/vasos\/vasos-vasos\/vaso-papel-sin-plastico\/","url":"https:\/\/nomesvending.com\/web\/tienda\/productos\/vasos\/vasos-vasos\/vaso-papel-sin-plastico\/","name":"Vaso papel S\u00edn Plastico 12Oz (VASO FREE PLASTIC) - Nomesvending","isPartOf":{"@id":"https:\/\/nomesvending.com\/web\/#website"},"primaryImageOfPage":{"@id":"https:\/\/nomesvending.com\/web\/tienda\/productos\/vasos\/vasos-vasos\/vaso-papel-sin-plastico\/#primaryimage"},"image":{"@id":"https:\/\/nomesvending.com\/web\/tienda\/productos\/vasos\/vasos-vasos\/vaso-papel-sin-plastico\/#primaryimage"},"thumbnailUrl":"https:\/\/nomesvending.com\/web\/wp-content\/uploads\/2024\/07\/VASOCW12ES.png","datePublished":"2024-07-23T10:20:49+00:00","dateModified":"2025-05-16T09:23:13+00:00","description":"Vaso papel S\u00edn Plastico 12oz WBBC compostables y reciclables. Caja con 1.000 unidades. Palet con 18 cajas (18.000 vasos). Ideal para bebidas....","breadcrumb":{"@id":"https:\/\/nomesvending.com\/web\/tienda\/productos\/vasos\/vasos-vasos\/vaso-papel-sin-plastico\/#breadcrumb"},"inLanguage":"es","potentialAction":[{"@type":"ReadAction","target":["https:\/\/nomesvending.com\/web\/tienda\/productos\/vasos\/vasos-vasos\/vaso-papel-sin-plastico\/"]}]},{"@type":"ImageObject","inLanguage":"es","@id":"https:\/\/nomesvending.com\/web\/tienda\/productos\/vasos\/vasos-vasos\/vaso-papel-sin-plastico\/#primaryimage","url":"https:\/\/nomesvending.com\/web\/wp-content\/uploads\/2024\/07\/VASOCW12ES.png","contentUrl":"https:\/\/nomesvending.com\/web\/wp-content\/uploads\/2024\/07\/VASOCW12ES.png","width":500,"height":500,"caption":"Vaso papel S\u00edn Plastico"},{"@type":"BreadcrumbList","@id":"https:\/\/nomesvending.com\/web\/tienda\/productos\/vasos\/vasos-vasos\/vaso-papel-sin-plastico\/#breadcrumb","itemListElement":[{"@type":"ListItem","position":1,"name":"Portada","item":"https:\/\/nomesvending.com\/web\/"},{"@type":"ListItem","position":2,"name":"Tienda","item":"https:\/\/nomesvending.com\/web\/tienda\/"},{"@type":"ListItem","position":3,"name":"Vaso papel S\u00edn Plastico 12Oz (VASO FREE PLASTIC)"}]},{"@type":"WebSite","@id":"https:\/\/nomesvending.com\/web\/#website","url":"https:\/\/nomesvending.com\/web\/","name":"Nom\u00e9sVending","description":"M\u00e1quinas, filtros, recambios, monederos, consumibles y todo lo que necesitas para el mundo del vending. Calidad y tecnolog\u00eda para tu negocio. \u00a1Descubre nuestras soluciones!","publisher":{"@id":"https:\/\/nomesvending.com\/web\/#organization"},"potentialAction":[{"@type":"SearchAction","target":{"@type":"EntryPoint","urlTemplate":"https:\/\/nomesvending.com\/web\/?s={search_term_string}"},"query-input":{"@type":"PropertyValueSpecification","valueRequired":true,"valueName":"search_term_string"}}],"inLanguage":"es"},{"@type":"Organization","@id":"https:\/\/nomesvending.com\/web\/#organization","name":"Nom\u00e9sVending","url":"https:\/\/nomesvending.com\/web\/","logo":{"@type":"ImageObject","inLanguage":"es","@id":"https:\/\/nomesvending.com\/web\/#\/schema\/logo\/image\/","url":"https:\/\/nomesvending.com\/web\/wp-content\/uploads\/2026\/03\/Red-and-White-Modern-Vending-Machine-Services-Instagram-Post.png","contentUrl":"https:\/\/nomesvending.com\/web\/wp-content\/uploads\/2026\/03\/Red-and-White-Modern-Vending-Machine-Services-Instagram-Post.png","width":1080,"height":1080,"caption":"Nom\u00e9sVending"},"image":{"@id":"https:\/\/nomesvending.com\/web\/#\/schema\/logo\/image\/"},"sameAs":["https:\/\/www.facebook.com\/NomesVending\/","https:\/\/www.instagram.com\/nomesvending\/"]}]}},"_links":{"self":[{"href":"https:\/\/nomesvending.com\/web\/wp-json\/wp\/v2\/product\/19014","targetHints":{"allow":["GET"]}}],"collection":[{"href":"https:\/\/nomesvending.com\/web\/wp-json\/wp\/v2\/product"}],"about":[{"href":"https:\/\/nomesvending.com\/web\/wp-json\/wp\/v2\/types\/product"}],"replies":[{"embeddable":true,"href":"https:\/\/nomesvending.com\/web\/wp-json\/wp\/v2\/comments?post=19014"}],"wp:featuredmedia":[{"embeddable":true,"href":"https:\/\/nomesvending.com\/web\/wp-json\/wp\/v2\/media\/21463"}],"wp:attachment":[{"href":"https:\/\/nomesvending.com\/web\/wp-json\/wp\/v2\/media?parent=19014"}],"wp:term":[{"taxonomy":"product_brand","embeddable":true,"href":"https:\/\/nomesvending.com\/web\/wp-json\/wp\/v2\/product_brand?post=19014"},{"taxonomy":"product_cat","embeddable":true,"href":"https:\/\/nomesvending.com\/web\/wp-json\/wp\/v2\/product_cat?post=19014"},{"taxonomy":"product_tag","embeddable":true,"href":"https:\/\/nomesvending.com\/web\/wp-json\/wp\/v2\/product_tag?post=19014"}],"curies":[{"name":"wp","href":"https:\/\/api.w.org\/{rel}","templated":true}]}}