{"id":20478,"date":"2024-08-30T09:04:50","date_gmt":"2024-08-30T09:04:50","guid":{"rendered":"https:\/\/nomesvending.com\/web\/?post_type=product&#038;p=20478"},"modified":"2025-05-14T08:07:06","modified_gmt":"2025-05-14T08:07:06","slug":"chips-ahoy-40gr","status":"publish","type":"product","link":"https:\/\/nomesvending.com\/web\/tienda\/productos\/snacks\/snacks-snacks\/chips-ahoy-40gr\/","title":{"rendered":"Chips Ahoy 40gr"},"content":{"rendered":"<p class=\"\" data-start=\"54\" data-end=\"530\"><strong data-start=\"54\" data-end=\"69\">Chips Ahoy!<\/strong> son las galletas que han conquistado a generaciones gracias a su sabor \u00fanico y su <strong data-start=\"152\" data-end=\"188\">abundancia de chips de chocolate<\/strong> en cada bocado. Con su textura <strong data-start=\"220\" data-end=\"233\">crujiente<\/strong> por fuera y <strong data-start=\"246\" data-end=\"255\">suave<\/strong> por dentro, estas galletas se han ganado un lugar especial entre los amantes del chocolate. <strong data-start=\"348\" data-end=\"363\">Chips Ahoy!<\/strong> es un <strong data-start=\"370\" data-end=\"391\">aut\u00e9ntico cl\u00e1sico<\/strong> que combina la <strong data-start=\"407\" data-end=\"427\">dulzura perfecta<\/strong> con la cantidad ideal de <strong data-start=\"453\" data-end=\"475\">chips de chocolate<\/strong>, creando la mezcla perfecta para satisfacer tu antojo.<\/p>\n<p class=\"\" data-start=\"532\" data-end=\"891\">Cada galleta est\u00e1 repleta de <strong data-start=\"561\" data-end=\"583\">chips de chocolate<\/strong> al horno, que se derriten ligeramente en la boca, brindando un sabor <strong data-start=\"653\" data-end=\"676\">intenso y delicioso<\/strong> con cada mordisco. Ya sea que las disfrutes por la ma\u00f1ana con una taza de leche, como snack por la tarde, o como un dulce acompa\u00f1ante en una reuni\u00f3n, <strong data-start=\"827\" data-end=\"842\">Chips Ahoy!<\/strong> es siempre una elecci\u00f3n deliciosa y conveniente.<\/p>\n<h3 class=\"\" data-start=\"893\" data-end=\"929\"><strong data-start=\"897\" data-end=\"928\">Caracter\u00edsticas principales de Chips Ahoy:<\/strong><\/h3>\n<ul data-start=\"931\" data-end=\"2169\">\n<li class=\"\" data-start=\"931\" data-end=\"1092\">\n<p class=\"\" data-start=\"933\" data-end=\"1092\"><strong data-start=\"933\" data-end=\"967\">Cargadas de chips de chocolate<\/strong>: Cada galleta est\u00e1 generosamente llena de <strong data-start=\"1010\" data-end=\"1032\">chips de chocolate<\/strong>, lo que asegura que cada bocado sea una explosi\u00f3n de sabor.<\/p>\n<\/li>\n<li class=\"\" data-start=\"1096\" data-end=\"1259\">\n<p class=\"\" data-start=\"1098\" data-end=\"1259\"><strong data-start=\"1098\" data-end=\"1127\">Textura crujiente y suave<\/strong>: La combinaci\u00f3n perfecta de una <strong data-start=\"1160\" data-end=\"1178\">base crujiente<\/strong> y un <strong data-start=\"1184\" data-end=\"1202\">interior suave<\/strong>, lo que las hace irresistibles para todos los paladares.<\/p>\n<\/li>\n<li class=\"\" data-start=\"1261\" data-end=\"1431\">\n<p class=\"\" data-start=\"1263\" data-end=\"1431\"><strong data-start=\"1263\" data-end=\"1290\">Sabor dulce y delicioso<\/strong>: Su sabor es el equilibrio perfecto entre lo <strong data-start=\"1336\" data-end=\"1345\">dulce<\/strong> y lo <strong data-start=\"1351\" data-end=\"1367\">chocolateado<\/strong>, lo que las convierte en el snack ideal para cualquier ocasi\u00f3n.<\/p>\n<\/li>\n<li class=\"\" data-start=\"1433\" data-end=\"1626\">\n<p class=\"\" data-start=\"1435\" data-end=\"1626\"><strong data-start=\"1435\" data-end=\"1463\">Perfectas para compartir<\/strong>: Son <strong data-start=\"1469\" data-end=\"1495\">ideales para compartir<\/strong> con amigos, familiares o compa\u00f1eros de trabajo, convirti\u00e9ndolas en el dulce perfecto para cualquier tipo de reuni\u00f3n o celebraci\u00f3n.<\/p>\n<\/li>\n<li class=\"\" data-start=\"1628\" data-end=\"1796\">\n<p class=\"\" data-start=\"1630\" data-end=\"1796\"><strong data-start=\"1630\" data-end=\"1677\">Convenientes para cualquier momento del d\u00eda<\/strong>: Disfr\u00fatalas como un antojo a media tarde, despu\u00e9s de una comida o incluso como parte de tu rutina diaria de merienda.<\/p>\n<\/li>\n<li class=\"\" data-start=\"1798\" data-end=\"1966\">\n<p class=\"\" data-start=\"1800\" data-end=\"1966\"><strong data-start=\"1800\" data-end=\"1824\">Caja con 20 unidades<\/strong>: La caja contiene <strong data-start=\"1843\" data-end=\"1858\">20 unidades<\/strong>, lo que las hace perfectas para mantener siempre a mano tu dosis de sabor chocolateado cuando lo necesites.<\/p>\n<\/li>\n<li class=\"\" data-start=\"1968\" data-end=\"2169\">\n<p class=\"\" data-start=\"1970\" data-end=\"2169\"><strong data-start=\"1970\" data-end=\"1989\">F\u00e1cil de llevar<\/strong>: Las galletas vienen en un formato <strong data-start=\"2025\" data-end=\"2037\">pr\u00e1ctico<\/strong> que las hace f\u00e1ciles de llevar en tu bolso o mochila, para que puedas disfrutar de ellas en cualquier lugar y en cualquier momento.<\/p>\n<\/li>\n<\/ul>\n<p class=\"\" data-start=\"2171\" data-end=\"2312\"><strong data-start=\"2171\" data-end=\"2187\">Conservaci\u00f3n<\/strong>: Se recomienda guardar las galletas en un lugar fresco y seco, alejado de la luz directa, para mantener su frescura y sabor.<\/p>\n<p class=\"\" data-start=\"2314\" data-end=\"2643\">Si eres un amante del chocolate, no puedes dejar de probar <strong data-start=\"2373\" data-end=\"2388\">Chips Ahoy!<\/strong>. Con su <strong data-start=\"2397\" data-end=\"2416\">f\u00f3rmula cl\u00e1sica<\/strong> y su inconfundible sabor, estas galletas se han ganado el coraz\u00f3n de todos, \u00a1y no es para menos! La cantidad perfecta de chips de chocolate y una textura que te conquistar\u00e1 en cada bocado. \u00a1Prueba el sabor que encanta a todos!<\/p>\n<p>&nbsp;<\/p>\n","protected":false},"excerpt":{"rendered":"<p>*M\u00cdNIMO DE VENTA SON 80 CAJAS= 1600<\/p>\n","protected":false},"featured_media":21461,"comment_status":"closed","ping_status":"closed","template":"","meta":[],"product_brand":[],"product_cat":[51,107,95],"product_tag":[216],"class_list":{"0":"post-20478","1":"product","2":"type-product","3":"status-publish","4":"has-post-thumbnail","6":"product_cat-productos","7":"product_cat-snacks-snacks","8":"product_cat-snacks","9":"product_tag-chips-ahoy","11":"first","12":"instock","13":"taxable","14":"shipping-taxable","15":"purchasable","16":"product-type-variable"},"yoast_head":"<!-- This site is optimized with the Yoast SEO plugin v27.5 - https:\/\/yoast.com\/product\/yoast-seo-wordpress\/ -->\n<title>Chips Ahoy 40gr - Nomesvending<\/title>\n<meta name=\"description\" content=\"Chips Ahoy!: Galletas crujientes repletas de chips de chocolate. Caja con 20 unidades, perfectas para compartir o disfrutar en cualquier momento del d\u00eda.\" \/>\n<meta name=\"robots\" content=\"index, follow, max-snippet:-1, max-image-preview:large, max-video-preview:-1\" \/>\n<link rel=\"canonical\" href=\"https:\/\/nomesvending.com\/web\/tienda\/productos\/snacks\/snacks-snacks\/chips-ahoy-40gr\/\" \/>\n<meta property=\"og:locale\" content=\"es_ES\" \/>\n<meta property=\"og:type\" content=\"article\" \/>\n<meta property=\"og:title\" content=\"Chips Ahoy 40gr - Nomesvending\" \/>\n<meta property=\"og:description\" content=\"Chips Ahoy!: Galletas crujientes repletas de chips de chocolate. Caja con 20 unidades, perfectas para compartir o disfrutar en cualquier momento del d\u00eda.\" \/>\n<meta property=\"og:url\" content=\"https:\/\/nomesvending.com\/web\/tienda\/productos\/snacks\/snacks-snacks\/chips-ahoy-40gr\/\" \/>\n<meta property=\"og:site_name\" content=\"Nomesvending\" \/>\n<meta property=\"article:publisher\" content=\"https:\/\/www.facebook.com\/NomesVending\/\" \/>\n<meta property=\"article:modified_time\" content=\"2025-05-14T08:07:06+00:00\" \/>\n<meta property=\"og:image\" content=\"https:\/\/nomesvending.com\/web\/wp-content\/uploads\/2024\/08\/0050097-2.png\" \/>\n\t<meta property=\"og:image:width\" content=\"500\" \/>\n\t<meta property=\"og:image:height\" content=\"500\" \/>\n\t<meta property=\"og:image:type\" content=\"image\/png\" \/>\n<meta name=\"twitter:card\" content=\"summary_large_image\" \/>\n<meta name=\"twitter:label1\" content=\"Tiempo de lectura\" \/>\n\t<meta name=\"twitter:data1\" content=\"3 minutos\" \/>\n<script type=\"application\/ld+json\" class=\"yoast-schema-graph\">{\"@context\":\"https:\\\/\\\/schema.org\",\"@graph\":[{\"@type\":\"WebPage\",\"@id\":\"https:\\\/\\\/nomesvending.com\\\/web\\\/tienda\\\/productos\\\/snacks\\\/snacks-snacks\\\/chips-ahoy-40gr\\\/\",\"url\":\"https:\\\/\\\/nomesvending.com\\\/web\\\/tienda\\\/productos\\\/snacks\\\/snacks-snacks\\\/chips-ahoy-40gr\\\/\",\"name\":\"Chips Ahoy 40gr - Nomesvending\",\"isPartOf\":{\"@id\":\"https:\\\/\\\/nomesvending.com\\\/web\\\/#website\"},\"primaryImageOfPage\":{\"@id\":\"https:\\\/\\\/nomesvending.com\\\/web\\\/tienda\\\/productos\\\/snacks\\\/snacks-snacks\\\/chips-ahoy-40gr\\\/#primaryimage\"},\"image\":{\"@id\":\"https:\\\/\\\/nomesvending.com\\\/web\\\/tienda\\\/productos\\\/snacks\\\/snacks-snacks\\\/chips-ahoy-40gr\\\/#primaryimage\"},\"thumbnailUrl\":\"https:\\\/\\\/nomesvending.com\\\/web\\\/wp-content\\\/uploads\\\/2024\\\/08\\\/0050097-2.png\",\"datePublished\":\"2024-08-30T09:04:50+00:00\",\"dateModified\":\"2025-05-14T08:07:06+00:00\",\"description\":\"Chips Ahoy!: Galletas crujientes repletas de chips de chocolate. Caja con 20 unidades, perfectas para compartir o disfrutar en cualquier momento del d\u00eda.\",\"breadcrumb\":{\"@id\":\"https:\\\/\\\/nomesvending.com\\\/web\\\/tienda\\\/productos\\\/snacks\\\/snacks-snacks\\\/chips-ahoy-40gr\\\/#breadcrumb\"},\"inLanguage\":\"es\",\"potentialAction\":[{\"@type\":\"ReadAction\",\"target\":[\"https:\\\/\\\/nomesvending.com\\\/web\\\/tienda\\\/productos\\\/snacks\\\/snacks-snacks\\\/chips-ahoy-40gr\\\/\"]}]},{\"@type\":\"ImageObject\",\"inLanguage\":\"es\",\"@id\":\"https:\\\/\\\/nomesvending.com\\\/web\\\/tienda\\\/productos\\\/snacks\\\/snacks-snacks\\\/chips-ahoy-40gr\\\/#primaryimage\",\"url\":\"https:\\\/\\\/nomesvending.com\\\/web\\\/wp-content\\\/uploads\\\/2024\\\/08\\\/0050097-2.png\",\"contentUrl\":\"https:\\\/\\\/nomesvending.com\\\/web\\\/wp-content\\\/uploads\\\/2024\\\/08\\\/0050097-2.png\",\"width\":500,\"height\":500,\"caption\":\"Chips Ahoy\"},{\"@type\":\"BreadcrumbList\",\"@id\":\"https:\\\/\\\/nomesvending.com\\\/web\\\/tienda\\\/productos\\\/snacks\\\/snacks-snacks\\\/chips-ahoy-40gr\\\/#breadcrumb\",\"itemListElement\":[{\"@type\":\"ListItem\",\"position\":1,\"name\":\"Portada\",\"item\":\"https:\\\/\\\/nomesvending.com\\\/web\\\/\"},{\"@type\":\"ListItem\",\"position\":2,\"name\":\"Tienda\",\"item\":\"https:\\\/\\\/nomesvending.com\\\/web\\\/tienda\\\/\"},{\"@type\":\"ListItem\",\"position\":3,\"name\":\"Chips Ahoy 40gr\"}]},{\"@type\":\"WebSite\",\"@id\":\"https:\\\/\\\/nomesvending.com\\\/web\\\/#website\",\"url\":\"https:\\\/\\\/nomesvending.com\\\/web\\\/\",\"name\":\"Nom\u00e9sVending\",\"description\":\"M\u00e1quinas, filtros, recambios, monederos, consumibles y todo lo que necesitas para el mundo del vending. Calidad y tecnolog\u00eda para tu negocio. \u00a1Descubre nuestras soluciones!\",\"publisher\":{\"@id\":\"https:\\\/\\\/nomesvending.com\\\/web\\\/#organization\"},\"potentialAction\":[{\"@type\":\"SearchAction\",\"target\":{\"@type\":\"EntryPoint\",\"urlTemplate\":\"https:\\\/\\\/nomesvending.com\\\/web\\\/?s={search_term_string}\"},\"query-input\":{\"@type\":\"PropertyValueSpecification\",\"valueRequired\":true,\"valueName\":\"search_term_string\"}}],\"inLanguage\":\"es\"},{\"@type\":\"Organization\",\"@id\":\"https:\\\/\\\/nomesvending.com\\\/web\\\/#organization\",\"name\":\"Nom\u00e9sVending\",\"url\":\"https:\\\/\\\/nomesvending.com\\\/web\\\/\",\"logo\":{\"@type\":\"ImageObject\",\"inLanguage\":\"es\",\"@id\":\"https:\\\/\\\/nomesvending.com\\\/web\\\/#\\\/schema\\\/logo\\\/image\\\/\",\"url\":\"https:\\\/\\\/nomesvending.com\\\/web\\\/wp-content\\\/uploads\\\/2026\\\/03\\\/Red-and-White-Modern-Vending-Machine-Services-Instagram-Post.png\",\"contentUrl\":\"https:\\\/\\\/nomesvending.com\\\/web\\\/wp-content\\\/uploads\\\/2026\\\/03\\\/Red-and-White-Modern-Vending-Machine-Services-Instagram-Post.png\",\"width\":1080,\"height\":1080,\"caption\":\"Nom\u00e9sVending\"},\"image\":{\"@id\":\"https:\\\/\\\/nomesvending.com\\\/web\\\/#\\\/schema\\\/logo\\\/image\\\/\"},\"sameAs\":[\"https:\\\/\\\/www.facebook.com\\\/NomesVending\\\/\",\"https:\\\/\\\/www.instagram.com\\\/nomesvending\\\/\"]}]}<\/script>\n<!-- \/ Yoast SEO plugin. -->","yoast_head_json":{"title":"Chips Ahoy 40gr - Nomesvending","description":"Chips Ahoy!: Galletas crujientes repletas de chips de chocolate. Caja con 20 unidades, perfectas para compartir o disfrutar en cualquier momento del d\u00eda.","robots":{"index":"index","follow":"follow","max-snippet":"max-snippet:-1","max-image-preview":"max-image-preview:large","max-video-preview":"max-video-preview:-1"},"canonical":"https:\/\/nomesvending.com\/web\/tienda\/productos\/snacks\/snacks-snacks\/chips-ahoy-40gr\/","og_locale":"es_ES","og_type":"article","og_title":"Chips Ahoy 40gr - Nomesvending","og_description":"Chips Ahoy!: Galletas crujientes repletas de chips de chocolate. Caja con 20 unidades, perfectas para compartir o disfrutar en cualquier momento del d\u00eda.","og_url":"https:\/\/nomesvending.com\/web\/tienda\/productos\/snacks\/snacks-snacks\/chips-ahoy-40gr\/","og_site_name":"Nomesvending","article_publisher":"https:\/\/www.facebook.com\/NomesVending\/","article_modified_time":"2025-05-14T08:07:06+00:00","og_image":[{"width":500,"height":500,"url":"https:\/\/nomesvending.com\/web\/wp-content\/uploads\/2024\/08\/0050097-2.png","type":"image\/png"}],"twitter_card":"summary_large_image","twitter_misc":{"Tiempo de lectura":"3 minutos"},"schema":{"@context":"https:\/\/schema.org","@graph":[{"@type":"WebPage","@id":"https:\/\/nomesvending.com\/web\/tienda\/productos\/snacks\/snacks-snacks\/chips-ahoy-40gr\/","url":"https:\/\/nomesvending.com\/web\/tienda\/productos\/snacks\/snacks-snacks\/chips-ahoy-40gr\/","name":"Chips Ahoy 40gr - Nomesvending","isPartOf":{"@id":"https:\/\/nomesvending.com\/web\/#website"},"primaryImageOfPage":{"@id":"https:\/\/nomesvending.com\/web\/tienda\/productos\/snacks\/snacks-snacks\/chips-ahoy-40gr\/#primaryimage"},"image":{"@id":"https:\/\/nomesvending.com\/web\/tienda\/productos\/snacks\/snacks-snacks\/chips-ahoy-40gr\/#primaryimage"},"thumbnailUrl":"https:\/\/nomesvending.com\/web\/wp-content\/uploads\/2024\/08\/0050097-2.png","datePublished":"2024-08-30T09:04:50+00:00","dateModified":"2025-05-14T08:07:06+00:00","description":"Chips Ahoy!: Galletas crujientes repletas de chips de chocolate. Caja con 20 unidades, perfectas para compartir o disfrutar en cualquier momento del d\u00eda.","breadcrumb":{"@id":"https:\/\/nomesvending.com\/web\/tienda\/productos\/snacks\/snacks-snacks\/chips-ahoy-40gr\/#breadcrumb"},"inLanguage":"es","potentialAction":[{"@type":"ReadAction","target":["https:\/\/nomesvending.com\/web\/tienda\/productos\/snacks\/snacks-snacks\/chips-ahoy-40gr\/"]}]},{"@type":"ImageObject","inLanguage":"es","@id":"https:\/\/nomesvending.com\/web\/tienda\/productos\/snacks\/snacks-snacks\/chips-ahoy-40gr\/#primaryimage","url":"https:\/\/nomesvending.com\/web\/wp-content\/uploads\/2024\/08\/0050097-2.png","contentUrl":"https:\/\/nomesvending.com\/web\/wp-content\/uploads\/2024\/08\/0050097-2.png","width":500,"height":500,"caption":"Chips Ahoy"},{"@type":"BreadcrumbList","@id":"https:\/\/nomesvending.com\/web\/tienda\/productos\/snacks\/snacks-snacks\/chips-ahoy-40gr\/#breadcrumb","itemListElement":[{"@type":"ListItem","position":1,"name":"Portada","item":"https:\/\/nomesvending.com\/web\/"},{"@type":"ListItem","position":2,"name":"Tienda","item":"https:\/\/nomesvending.com\/web\/tienda\/"},{"@type":"ListItem","position":3,"name":"Chips Ahoy 40gr"}]},{"@type":"WebSite","@id":"https:\/\/nomesvending.com\/web\/#website","url":"https:\/\/nomesvending.com\/web\/","name":"Nom\u00e9sVending","description":"M\u00e1quinas, filtros, recambios, monederos, consumibles y todo lo que necesitas para el mundo del vending. Calidad y tecnolog\u00eda para tu negocio. \u00a1Descubre nuestras soluciones!","publisher":{"@id":"https:\/\/nomesvending.com\/web\/#organization"},"potentialAction":[{"@type":"SearchAction","target":{"@type":"EntryPoint","urlTemplate":"https:\/\/nomesvending.com\/web\/?s={search_term_string}"},"query-input":{"@type":"PropertyValueSpecification","valueRequired":true,"valueName":"search_term_string"}}],"inLanguage":"es"},{"@type":"Organization","@id":"https:\/\/nomesvending.com\/web\/#organization","name":"Nom\u00e9sVending","url":"https:\/\/nomesvending.com\/web\/","logo":{"@type":"ImageObject","inLanguage":"es","@id":"https:\/\/nomesvending.com\/web\/#\/schema\/logo\/image\/","url":"https:\/\/nomesvending.com\/web\/wp-content\/uploads\/2026\/03\/Red-and-White-Modern-Vending-Machine-Services-Instagram-Post.png","contentUrl":"https:\/\/nomesvending.com\/web\/wp-content\/uploads\/2026\/03\/Red-and-White-Modern-Vending-Machine-Services-Instagram-Post.png","width":1080,"height":1080,"caption":"Nom\u00e9sVending"},"image":{"@id":"https:\/\/nomesvending.com\/web\/#\/schema\/logo\/image\/"},"sameAs":["https:\/\/www.facebook.com\/NomesVending\/","https:\/\/www.instagram.com\/nomesvending\/"]}]}},"_links":{"self":[{"href":"https:\/\/nomesvending.com\/web\/wp-json\/wp\/v2\/product\/20478","targetHints":{"allow":["GET"]}}],"collection":[{"href":"https:\/\/nomesvending.com\/web\/wp-json\/wp\/v2\/product"}],"about":[{"href":"https:\/\/nomesvending.com\/web\/wp-json\/wp\/v2\/types\/product"}],"replies":[{"embeddable":true,"href":"https:\/\/nomesvending.com\/web\/wp-json\/wp\/v2\/comments?post=20478"}],"wp:featuredmedia":[{"embeddable":true,"href":"https:\/\/nomesvending.com\/web\/wp-json\/wp\/v2\/media\/21461"}],"wp:attachment":[{"href":"https:\/\/nomesvending.com\/web\/wp-json\/wp\/v2\/media?parent=20478"}],"wp:term":[{"taxonomy":"product_brand","embeddable":true,"href":"https:\/\/nomesvending.com\/web\/wp-json\/wp\/v2\/product_brand?post=20478"},{"taxonomy":"product_cat","embeddable":true,"href":"https:\/\/nomesvending.com\/web\/wp-json\/wp\/v2\/product_cat?post=20478"},{"taxonomy":"product_tag","embeddable":true,"href":"https:\/\/nomesvending.com\/web\/wp-json\/wp\/v2\/product_tag?post=20478"}],"curies":[{"name":"wp","href":"https:\/\/api.w.org\/{rel}","templated":true}]}}