{"id":21748,"date":"2024-09-24T10:15:53","date_gmt":"2024-09-24T10:15:53","guid":{"rendered":"https:\/\/nomesvending.com\/web\/?post_type=product&#038;p=21748"},"modified":"2026-03-06T08:16:23","modified_gmt":"2026-03-06T08:16:23","slug":"bonka-mezcla","status":"publish","type":"product","link":"https:\/\/nomesvending.com\/web\/tienda\/productos\/consumibles\/cafe\/bonka-mezcla\/","title":{"rendered":"Bonka Mezcla"},"content":{"rendered":"<p data-start=\"116\" data-end=\"550\">La <strong data-start=\"119\" data-end=\"143\">mezcla Bonka Intenso<\/strong> destaca por su car\u00e1cter marcado y su equilibrio de contrastes. Se trata de un caf\u00e9 de <strong data-start=\"230\" data-end=\"280\">gran intensidad, sabor profundo y cuerpo denso<\/strong>, donde las <strong data-start=\"292\" data-end=\"310\">notas tostadas<\/strong> dan paso a elegantes <strong data-start=\"332\" data-end=\"364\">aromas de cacao caramelizado<\/strong>, caracter\u00edsticos del torrefacto. La incorporaci\u00f3n de un <strong data-start=\"421\" data-end=\"441\">toque de Ar\u00e1bica<\/strong> aporta un buqu\u00e9 final m\u00e1s complejo, con <strong data-start=\"482\" data-end=\"520\">ligeras notas \u00e1cidas en el paladar<\/strong> que redondean la experiencia.<\/p>\n<p data-start=\"552\" data-end=\"738\">La intensidad de <strong data-start=\"569\" data-end=\"596\">BONKA\u00ae Selecci\u00f3n Expr\u00e9s<\/strong> lo convierte en una opci\u00f3n perfecta para el <strong data-start=\"641\" data-end=\"672\">caf\u00e9 en oficinas y empresas<\/strong>, garantizando una taza consistente, arom\u00e1tica y con personalidad.<\/p>\n<p data-start=\"740\" data-end=\"915\">Los caf\u00e9s verdes empleados en esta variedad han pasado por un <strong data-start=\"802\" data-end=\"851\">proceso adicional de eliminaci\u00f3n de impurezas<\/strong>, lo que permite obtener un caf\u00e9 de mayor calidad y uniformidad.<\/p>\n<p data-start=\"917\" data-end=\"1078\">Tras el tueste, el producto se <strong data-start=\"948\" data-end=\"982\">envasa en atm\u00f3sfera protectora<\/strong>, preservando los aromas desarrollados durante el proceso y manteniendo intacto todo su frescor.<\/p>\n","protected":false},"excerpt":{"rendered":"<p>Caf\u00e9 intenso y equilibrado, con cuerpo denso, notas tostadas y aromas de cacao caramelizado. El toque de Ar\u00e1bica aporta un final ligeramente \u00e1cido, ideal para oficinas y empresas.<\/p>\n","protected":false},"featured_media":21991,"comment_status":"open","ping_status":"closed","template":"","meta":[],"product_brand":[],"product_cat":[109,99,51],"product_tag":[194],"class_list":{"0":"post-21748","1":"product","2":"type-product","3":"status-publish","4":"has-post-thumbnail","6":"product_cat-cafe","7":"product_cat-consumibles","8":"product_cat-productos","9":"product_tag-venta-por-unidad","11":"first","12":"instock","13":"taxable","14":"shipping-taxable","15":"purchasable","16":"product-type-simple"},"yoast_head":"<!-- This site is optimized with the Yoast SEO plugin v27.0 - https:\/\/yoast.com\/product\/yoast-seo-wordpress\/ -->\n<title>Bonka Mezcla - Nomesvending<\/title>\n<meta name=\"description\" content=\"Caf\u00e9 Bonka Intenso de gran cuerpo y sabor profundo, con notas tostadas y cacao caramelizado. Ideal para oficinas y empresas.\" \/>\n<meta name=\"robots\" content=\"index, follow, max-snippet:-1, max-image-preview:large, max-video-preview:-1\" \/>\n<link rel=\"canonical\" href=\"https:\/\/nomesvending.com\/web\/tienda\/productos\/consumibles\/cafe\/bonka-mezcla\/\" \/>\n<meta property=\"og:locale\" content=\"es_ES\" \/>\n<meta property=\"og:type\" content=\"article\" \/>\n<meta property=\"og:title\" content=\"Bonka Mezcla - Nomesvending\" \/>\n<meta property=\"og:description\" content=\"Caf\u00e9 Bonka Intenso de gran cuerpo y sabor profundo, con notas tostadas y cacao caramelizado. Ideal para oficinas y empresas.\" \/>\n<meta property=\"og:url\" content=\"https:\/\/nomesvending.com\/web\/tienda\/productos\/consumibles\/cafe\/bonka-mezcla\/\" \/>\n<meta property=\"og:site_name\" content=\"Nomesvending\" \/>\n<meta property=\"article:publisher\" content=\"https:\/\/www.facebook.com\/NomesVending\/\" \/>\n<meta property=\"article:modified_time\" content=\"2026-03-06T08:16:23+00:00\" \/>\n<meta property=\"og:image\" content=\"https:\/\/nomesvending.com\/web\/wp-content\/uploads\/2024\/09\/0020079-2.png\" \/>\n\t<meta property=\"og:image:width\" content=\"500\" \/>\n\t<meta property=\"og:image:height\" content=\"500\" \/>\n\t<meta property=\"og:image:type\" content=\"image\/png\" \/>\n<meta name=\"twitter:card\" content=\"summary_large_image\" \/>\n<meta name=\"twitter:label1\" content=\"Tiempo de lectura\" \/>\n\t<meta name=\"twitter:data1\" content=\"1 minuto\" \/>\n<script type=\"application\/ld+json\" class=\"yoast-schema-graph\">{\"@context\":\"https:\/\/schema.org\",\"@graph\":[{\"@type\":\"WebPage\",\"@id\":\"https:\/\/nomesvending.com\/web\/tienda\/productos\/consumibles\/cafe\/bonka-mezcla\/\",\"url\":\"https:\/\/nomesvending.com\/web\/tienda\/productos\/consumibles\/cafe\/bonka-mezcla\/\",\"name\":\"Bonka Mezcla - Nomesvending\",\"isPartOf\":{\"@id\":\"https:\/\/nomesvending.com\/web\/#website\"},\"primaryImageOfPage\":{\"@id\":\"https:\/\/nomesvending.com\/web\/tienda\/productos\/consumibles\/cafe\/bonka-mezcla\/#primaryimage\"},\"image\":{\"@id\":\"https:\/\/nomesvending.com\/web\/tienda\/productos\/consumibles\/cafe\/bonka-mezcla\/#primaryimage\"},\"thumbnailUrl\":\"https:\/\/nomesvending.com\/web\/wp-content\/uploads\/2024\/09\/0020079-2.png\",\"datePublished\":\"2024-09-24T10:15:53+00:00\",\"dateModified\":\"2026-03-06T08:16:23+00:00\",\"description\":\"Caf\u00e9 Bonka Intenso de gran cuerpo y sabor profundo, con notas tostadas y cacao caramelizado. Ideal para oficinas y empresas.\",\"breadcrumb\":{\"@id\":\"https:\/\/nomesvending.com\/web\/tienda\/productos\/consumibles\/cafe\/bonka-mezcla\/#breadcrumb\"},\"inLanguage\":\"es\",\"potentialAction\":[{\"@type\":\"ReadAction\",\"target\":[\"https:\/\/nomesvending.com\/web\/tienda\/productos\/consumibles\/cafe\/bonka-mezcla\/\"]}]},{\"@type\":\"ImageObject\",\"inLanguage\":\"es\",\"@id\":\"https:\/\/nomesvending.com\/web\/tienda\/productos\/consumibles\/cafe\/bonka-mezcla\/#primaryimage\",\"url\":\"https:\/\/nomesvending.com\/web\/wp-content\/uploads\/2024\/09\/0020079-2.png\",\"contentUrl\":\"https:\/\/nomesvending.com\/web\/wp-content\/uploads\/2024\/09\/0020079-2.png\",\"width\":500,\"height\":500},{\"@type\":\"BreadcrumbList\",\"@id\":\"https:\/\/nomesvending.com\/web\/tienda\/productos\/consumibles\/cafe\/bonka-mezcla\/#breadcrumb\",\"itemListElement\":[{\"@type\":\"ListItem\",\"position\":1,\"name\":\"Portada\",\"item\":\"https:\/\/nomesvending.com\/web\/\"},{\"@type\":\"ListItem\",\"position\":2,\"name\":\"Tienda\",\"item\":\"https:\/\/nomesvending.com\/web\/tienda\/\"},{\"@type\":\"ListItem\",\"position\":3,\"name\":\"Bonka Mezcla\"}]},{\"@type\":\"WebSite\",\"@id\":\"https:\/\/nomesvending.com\/web\/#website\",\"url\":\"https:\/\/nomesvending.com\/web\/\",\"name\":\"Nom\u00e9sVending\",\"description\":\"M\u00e1quinas, filtros, recambios, monederos, consumibles y todo lo que necesitas para el mundo del vending. Calidad y tecnolog\u00eda para tu negocio. \u00a1Descubre nuestras soluciones!\",\"publisher\":{\"@id\":\"https:\/\/nomesvending.com\/web\/#organization\"},\"potentialAction\":[{\"@type\":\"SearchAction\",\"target\":{\"@type\":\"EntryPoint\",\"urlTemplate\":\"https:\/\/nomesvending.com\/web\/?s={search_term_string}\"},\"query-input\":{\"@type\":\"PropertyValueSpecification\",\"valueRequired\":true,\"valueName\":\"search_term_string\"}}],\"inLanguage\":\"es\"},{\"@type\":\"Organization\",\"@id\":\"https:\/\/nomesvending.com\/web\/#organization\",\"name\":\"Nom\u00e9sVending\",\"url\":\"https:\/\/nomesvending.com\/web\/\",\"logo\":{\"@type\":\"ImageObject\",\"inLanguage\":\"es\",\"@id\":\"https:\/\/nomesvending.com\/web\/#\/schema\/logo\/image\/\",\"url\":\"https:\/\/nomesvending.com\/web\/wp-content\/uploads\/2026\/03\/Red-and-White-Modern-Vending-Machine-Services-Instagram-Post.png\",\"contentUrl\":\"https:\/\/nomesvending.com\/web\/wp-content\/uploads\/2026\/03\/Red-and-White-Modern-Vending-Machine-Services-Instagram-Post.png\",\"width\":1080,\"height\":1080,\"caption\":\"Nom\u00e9sVending\"},\"image\":{\"@id\":\"https:\/\/nomesvending.com\/web\/#\/schema\/logo\/image\/\"},\"sameAs\":[\"https:\/\/www.facebook.com\/NomesVending\/\",\"https:\/\/www.instagram.com\/nomesvending\/\"]}]}<\/script>\n<!-- \/ Yoast SEO plugin. -->","yoast_head_json":{"title":"Bonka Mezcla - Nomesvending","description":"Caf\u00e9 Bonka Intenso de gran cuerpo y sabor profundo, con notas tostadas y cacao caramelizado. Ideal para oficinas y empresas.","robots":{"index":"index","follow":"follow","max-snippet":"max-snippet:-1","max-image-preview":"max-image-preview:large","max-video-preview":"max-video-preview:-1"},"canonical":"https:\/\/nomesvending.com\/web\/tienda\/productos\/consumibles\/cafe\/bonka-mezcla\/","og_locale":"es_ES","og_type":"article","og_title":"Bonka Mezcla - Nomesvending","og_description":"Caf\u00e9 Bonka Intenso de gran cuerpo y sabor profundo, con notas tostadas y cacao caramelizado. Ideal para oficinas y empresas.","og_url":"https:\/\/nomesvending.com\/web\/tienda\/productos\/consumibles\/cafe\/bonka-mezcla\/","og_site_name":"Nomesvending","article_publisher":"https:\/\/www.facebook.com\/NomesVending\/","article_modified_time":"2026-03-06T08:16:23+00:00","og_image":[{"width":500,"height":500,"url":"https:\/\/nomesvending.com\/web\/wp-content\/uploads\/2024\/09\/0020079-2.png","type":"image\/png"}],"twitter_card":"summary_large_image","twitter_misc":{"Tiempo de lectura":"1 minuto"},"schema":{"@context":"https:\/\/schema.org","@graph":[{"@type":"WebPage","@id":"https:\/\/nomesvending.com\/web\/tienda\/productos\/consumibles\/cafe\/bonka-mezcla\/","url":"https:\/\/nomesvending.com\/web\/tienda\/productos\/consumibles\/cafe\/bonka-mezcla\/","name":"Bonka Mezcla - Nomesvending","isPartOf":{"@id":"https:\/\/nomesvending.com\/web\/#website"},"primaryImageOfPage":{"@id":"https:\/\/nomesvending.com\/web\/tienda\/productos\/consumibles\/cafe\/bonka-mezcla\/#primaryimage"},"image":{"@id":"https:\/\/nomesvending.com\/web\/tienda\/productos\/consumibles\/cafe\/bonka-mezcla\/#primaryimage"},"thumbnailUrl":"https:\/\/nomesvending.com\/web\/wp-content\/uploads\/2024\/09\/0020079-2.png","datePublished":"2024-09-24T10:15:53+00:00","dateModified":"2026-03-06T08:16:23+00:00","description":"Caf\u00e9 Bonka Intenso de gran cuerpo y sabor profundo, con notas tostadas y cacao caramelizado. Ideal para oficinas y empresas.","breadcrumb":{"@id":"https:\/\/nomesvending.com\/web\/tienda\/productos\/consumibles\/cafe\/bonka-mezcla\/#breadcrumb"},"inLanguage":"es","potentialAction":[{"@type":"ReadAction","target":["https:\/\/nomesvending.com\/web\/tienda\/productos\/consumibles\/cafe\/bonka-mezcla\/"]}]},{"@type":"ImageObject","inLanguage":"es","@id":"https:\/\/nomesvending.com\/web\/tienda\/productos\/consumibles\/cafe\/bonka-mezcla\/#primaryimage","url":"https:\/\/nomesvending.com\/web\/wp-content\/uploads\/2024\/09\/0020079-2.png","contentUrl":"https:\/\/nomesvending.com\/web\/wp-content\/uploads\/2024\/09\/0020079-2.png","width":500,"height":500},{"@type":"BreadcrumbList","@id":"https:\/\/nomesvending.com\/web\/tienda\/productos\/consumibles\/cafe\/bonka-mezcla\/#breadcrumb","itemListElement":[{"@type":"ListItem","position":1,"name":"Portada","item":"https:\/\/nomesvending.com\/web\/"},{"@type":"ListItem","position":2,"name":"Tienda","item":"https:\/\/nomesvending.com\/web\/tienda\/"},{"@type":"ListItem","position":3,"name":"Bonka Mezcla"}]},{"@type":"WebSite","@id":"https:\/\/nomesvending.com\/web\/#website","url":"https:\/\/nomesvending.com\/web\/","name":"Nom\u00e9sVending","description":"M\u00e1quinas, filtros, recambios, monederos, consumibles y todo lo que necesitas para el mundo del vending. Calidad y tecnolog\u00eda para tu negocio. \u00a1Descubre nuestras soluciones!","publisher":{"@id":"https:\/\/nomesvending.com\/web\/#organization"},"potentialAction":[{"@type":"SearchAction","target":{"@type":"EntryPoint","urlTemplate":"https:\/\/nomesvending.com\/web\/?s={search_term_string}"},"query-input":{"@type":"PropertyValueSpecification","valueRequired":true,"valueName":"search_term_string"}}],"inLanguage":"es"},{"@type":"Organization","@id":"https:\/\/nomesvending.com\/web\/#organization","name":"Nom\u00e9sVending","url":"https:\/\/nomesvending.com\/web\/","logo":{"@type":"ImageObject","inLanguage":"es","@id":"https:\/\/nomesvending.com\/web\/#\/schema\/logo\/image\/","url":"https:\/\/nomesvending.com\/web\/wp-content\/uploads\/2026\/03\/Red-and-White-Modern-Vending-Machine-Services-Instagram-Post.png","contentUrl":"https:\/\/nomesvending.com\/web\/wp-content\/uploads\/2026\/03\/Red-and-White-Modern-Vending-Machine-Services-Instagram-Post.png","width":1080,"height":1080,"caption":"Nom\u00e9sVending"},"image":{"@id":"https:\/\/nomesvending.com\/web\/#\/schema\/logo\/image\/"},"sameAs":["https:\/\/www.facebook.com\/NomesVending\/","https:\/\/www.instagram.com\/nomesvending\/"]}]}},"_links":{"self":[{"href":"https:\/\/nomesvending.com\/web\/wp-json\/wp\/v2\/product\/21748","targetHints":{"allow":["GET"]}}],"collection":[{"href":"https:\/\/nomesvending.com\/web\/wp-json\/wp\/v2\/product"}],"about":[{"href":"https:\/\/nomesvending.com\/web\/wp-json\/wp\/v2\/types\/product"}],"replies":[{"embeddable":true,"href":"https:\/\/nomesvending.com\/web\/wp-json\/wp\/v2\/comments?post=21748"}],"wp:featuredmedia":[{"embeddable":true,"href":"https:\/\/nomesvending.com\/web\/wp-json\/wp\/v2\/media\/21991"}],"wp:attachment":[{"href":"https:\/\/nomesvending.com\/web\/wp-json\/wp\/v2\/media?parent=21748"}],"wp:term":[{"taxonomy":"product_brand","embeddable":true,"href":"https:\/\/nomesvending.com\/web\/wp-json\/wp\/v2\/product_brand?post=21748"},{"taxonomy":"product_cat","embeddable":true,"href":"https:\/\/nomesvending.com\/web\/wp-json\/wp\/v2\/product_cat?post=21748"},{"taxonomy":"product_tag","embeddable":true,"href":"https:\/\/nomesvending.com\/web\/wp-json\/wp\/v2\/product_tag?post=21748"}],"curies":[{"name":"wp","href":"https:\/\/api.w.org\/{rel}","templated":true}]}}