{"id":22133,"date":"2024-10-18T09:01:48","date_gmt":"2024-10-18T09:01:48","guid":{"rendered":"https:\/\/nomesvending.com\/web\/?post_type=product&#038;p=22133"},"modified":"2025-06-10T05:28:11","modified_gmt":"2025-06-10T05:28:11","slug":"cafe-blue-descafeinado-lavazza","status":"publish","type":"product","link":"https:\/\/nomesvending.com\/web\/tienda\/productos\/consumibles\/cafe-capsula\/cafe-blue-descafeinado-lavazza\/","title":{"rendered":"Caf\u00e9 Blue Descafeinado Lavazza"},"content":{"rendered":"<p class=\"\" data-start=\"176\" data-end=\"555\">Disfruta de un <strong data-start=\"191\" data-end=\"222\">espresso descafeinado suave<\/strong> y <strong data-start=\"225\" data-end=\"238\">arom\u00e1tico<\/strong> con las <strong data-start=\"247\" data-end=\"285\">c\u00e1psulas Lavazza Blue Descafeinado<\/strong>, dise\u00f1adas para aquellos que buscan el sabor y la calidad de un buen caf\u00e9 sin los efectos de la cafe\u00edna. Con una cuidadosa selecci\u00f3n de <strong data-start=\"422\" data-end=\"456\">granos 100 % Ar\u00e1bica de Brasil<\/strong>, estas c\u00e1psulas ofrecen un caf\u00e9 de alta calidad, con una experiencia sensorial \u00fanica en cada taza.<\/p>\n<h3 class=\"\" data-start=\"557\" data-end=\"593\"><strong data-start=\"561\" data-end=\"593\">Caracter\u00edsticas principales de Caf\u00e9 Blue Descafeinado Lavazza:<\/strong><\/h3>\n<ul data-start=\"595\" data-end=\"2752\">\n<li class=\"\" data-start=\"595\" data-end=\"837\">\n<p class=\"\" data-start=\"597\" data-end=\"837\"><strong data-start=\"597\" data-end=\"631\">Granos 100 % Ar\u00e1bica de Brasil<\/strong>: Las c\u00e1psulas est\u00e1n hechas exclusivamente con granos de <strong data-start=\"688\" data-end=\"699\">Ar\u00e1bica<\/strong>, conocidos por su sabor suave, ligeramente dulce y arom\u00e1tico. Esto asegura un caf\u00e9 de calidad premium que te sorprender\u00e1 con su suavidad.<\/p>\n<\/li>\n<li class=\"\" data-start=\"841\" data-end=\"1104\">\n<p class=\"\" data-start=\"843\" data-end=\"1104\"><strong data-start=\"843\" data-end=\"872\">Sabor suave y equilibrado<\/strong>: Este caf\u00e9 tiene una intensidad <strong data-start=\"905\" data-end=\"910\">6<\/strong>, lo que lo convierte en una opci\u00f3n ideal para quienes buscan un espresso descafeinado suave, pero con cuerpo. Su equilibrio entre suavidad y fuerza garantiza una experiencia de caf\u00e9 placentera.<\/p>\n<\/li>\n<li class=\"\" data-start=\"1106\" data-end=\"1413\">\n<p class=\"\" data-start=\"1108\" data-end=\"1413\"><strong data-start=\"1108\" data-end=\"1131\">Notas achocolatadas<\/strong>: Las c\u00e1psulas Lavazza Blue Descafeinado presentan <strong data-start=\"1182\" data-end=\"1213\">sutiles notas achocolatadas<\/strong>, lo que agrega una rica capa de sabor que hace que cada sorbo sea un placer. El sabor es delicioso sin ser demasiado intenso, perfecto para quienes prefieren un perfil de sabor m\u00e1s suave y accesible.<\/p>\n<\/li>\n<li class=\"\" data-start=\"1415\" data-end=\"1655\">\n<p class=\"\" data-start=\"1417\" data-end=\"1655\"><strong data-start=\"1417\" data-end=\"1440\">Crema aterciopelada<\/strong>: Cada c\u00e1psula crea una <strong data-start=\"1464\" data-end=\"1487\">crema aterciopelada<\/strong> en la superficie del espresso, lo que no solo mejora la textura de la bebida, sino que tambi\u00e9n intensifica el sabor, aportando una sensaci\u00f3n de suavidad en el paladar.<\/p>\n<\/li>\n<\/ul>\n<h3 class=\"\" data-start=\"557\" data-end=\"593\"><strong data-start=\"561\" data-end=\"593\">Caracter\u00edsticas principales:<\/strong><\/h3>\n<ul data-start=\"595\" data-end=\"2752\">\n<li class=\"\" data-start=\"1657\" data-end=\"1955\">\n<p class=\"\" data-start=\"1659\" data-end=\"1955\"><strong data-start=\"1659\" data-end=\"1699\">Ideal para cualquier momento del d\u00eda<\/strong>: Ya sea para empezar la ma\u00f1ana o disfrutar por la tarde, estas c\u00e1psulas ofrecen una experiencia relajante sin cafe\u00edna. Son la opci\u00f3n perfecta para quienes desean disfrutar de un buen caf\u00e9 en cualquier momento sin preocuparse por los efectos de la cafe\u00edna.<\/p>\n<\/li>\n<li class=\"\" data-start=\"1957\" data-end=\"2195\">\n<p class=\"\" data-start=\"1959\" data-end=\"2195\"><strong data-start=\"1959\" data-end=\"2000\">Compatible con cafeteras Lavazza Blue<\/strong>: Estas c\u00e1psulas est\u00e1n <strong data-start=\"2023\" data-end=\"2099\">totalmente dise\u00f1adas para ser compatibles con las cafeteras Lavazza Blue<\/strong>, lo que asegura una preparaci\u00f3n f\u00e1cil y r\u00e1pida, sin perder la calidad ni el sabor en cada taza.<\/p>\n<\/li>\n<li class=\"\" data-start=\"2197\" data-end=\"2443\">\n<p class=\"\" data-start=\"2199\" data-end=\"2443\"><strong data-start=\"2199\" data-end=\"2221\">Tama\u00f1o del paquete<\/strong>: La <strong data-start=\"2226\" data-end=\"2256\">caja contiene 100 c\u00e1psulas<\/strong>, lo que proporciona un excelente valor para quienes disfrutan de varias tazas de espresso al d\u00eda, asegurando que siempre tengas a mano un delicioso caf\u00e9 descafeinado cuando lo necesites.<\/p>\n<\/li>\n<li class=\"\" data-start=\"2445\" data-end=\"2752\">\n<p class=\"\" data-start=\"2447\" data-end=\"2752\"><strong data-start=\"2447\" data-end=\"2483\">Caf\u00e9 de alta calidad sin cafe\u00edna<\/strong>: Si eres sensible a la cafe\u00edna o simplemente prefieres evitarla, estas c\u00e1psulas te ofrecen todo el sabor de un buen espresso sin sacrificar la calidad. Con <strong data-start=\"2640\" data-end=\"2669\">Lavazza Blue Descafeinado<\/strong>, puedes disfrutar de un caf\u00e9 delicioso sin los efectos estimulantes de la cafe\u00edna.<\/p>\n<\/li>\n<\/ul>\n<h2 data-start=\"2754\" data-end=\"2783\"><strong data-start=\"2758\" data-end=\"2783\">Ventajas adicionales de Caf\u00e9 Blue Descafeinado Lavazza:<\/strong><\/h2>\n<ul data-start=\"2785\" data-end=\"3177\">\n<li class=\"\" data-start=\"2785\" data-end=\"2956\">\n<p class=\"\" data-start=\"2787\" data-end=\"2956\"><strong data-start=\"2787\" data-end=\"2815\">Pr\u00e1ctico y f\u00e1cil de usar<\/strong>: Solo tienes que insertar la c\u00e1psula en tu cafetera Lavazza Blue y disfrutar de un espresso perfectamente preparado en cuesti\u00f3n de segundos.<\/p>\n<\/li>\n<li class=\"\" data-start=\"2960\" data-end=\"3177\">\n<p class=\"\" data-start=\"2962\" data-end=\"3177\"><strong data-start=\"2962\" data-end=\"2990\">Satisfacci\u00f3n garantizada<\/strong>: Cada c\u00e1psula est\u00e1 dise\u00f1ada para ofrecerte un espresso de la m\u00e1s alta calidad, sin comprometer el sabor, el aroma ni la crema, lo que asegura que cada taza sea una experiencia deliciosa.<\/p>\n<\/li>\n<\/ul>\n<h3 class=\"\" data-start=\"3179\" data-end=\"3354\"><strong data-start=\"3183\" data-end=\"3199\">Conservaci\u00f3n<\/strong>: Para mantener la frescura de las c\u00e1psulas y garantizar la mejor calidad, se recomienda almacenarlas en un lugar fresco y seco, alejado de la luz directa.<\/h3>\n<p class=\"\" data-start=\"3356\" data-end=\"3602\">Si eres un amante del caf\u00e9 que prefiere evitar la cafe\u00edna sin renunciar al sabor y la calidad, las <strong data-start=\"3455\" data-end=\"3493\">c\u00e1psulas Lavazza Blue Descafeinado<\/strong> son la elecci\u00f3n perfecta. \u00a1No te conformes con menos y disfruta de un caf\u00e9 excepcional en cualquier momento!<\/p>\n","protected":false},"excerpt":{"rendered":"<p>*VENTA POR CAJA DE 100 UNIDADES<\/p>\n","protected":false},"featured_media":22135,"comment_status":"closed","ping_status":"closed","template":"","meta":[],"product_brand":[220],"product_cat":[111,99,51],"product_tag":[197,196],"class_list":{"0":"post-22133","1":"product","2":"type-product","3":"status-publish","4":"has-post-thumbnail","6":"product_brand-lavazza","7":"product_cat-cafe-capsula","8":"product_cat-consumibles","9":"product_cat-productos","10":"product_tag-capsulas","11":"product_tag-lavazza","13":"first","14":"instock","15":"taxable","16":"shipping-taxable","17":"purchasable","18":"product-type-simple"},"yoast_head":"<!-- This site is optimized with the Yoast SEO plugin v27.0 - https:\/\/yoast.com\/product\/yoast-seo-wordpress\/ -->\n<title>Caf\u00e9 Blue Descafeinado Lavazza - Nomesvending<\/title>\n<meta name=\"description\" content=\"Caf\u00e9 Blue Descafeinado Lavazza: 100 % Ar\u00e1bica de Brasil. Caf\u00e9 suave, cremoso, con cuerpo y notas achocolatadas. Caja de 100 unidades.\" \/>\n<meta name=\"robots\" content=\"index, follow, max-snippet:-1, max-image-preview:large, max-video-preview:-1\" \/>\n<link rel=\"canonical\" href=\"https:\/\/nomesvending.com\/web\/tienda\/productos\/consumibles\/cafe-capsula\/cafe-blue-descafeinado-lavazza\/\" \/>\n<meta property=\"og:locale\" content=\"es_ES\" \/>\n<meta property=\"og:type\" content=\"article\" \/>\n<meta property=\"og:title\" content=\"Caf\u00e9 Blue Descafeinado Lavazza - Nomesvending\" \/>\n<meta property=\"og:description\" content=\"Caf\u00e9 Blue Descafeinado Lavazza: 100 % Ar\u00e1bica de Brasil. Caf\u00e9 suave, cremoso, con cuerpo y notas achocolatadas. Caja de 100 unidades.\" \/>\n<meta property=\"og:url\" content=\"https:\/\/nomesvending.com\/web\/tienda\/productos\/consumibles\/cafe-capsula\/cafe-blue-descafeinado-lavazza\/\" \/>\n<meta property=\"og:site_name\" content=\"Nomesvending\" \/>\n<meta property=\"article:publisher\" content=\"https:\/\/www.facebook.com\/NomesVending\/\" \/>\n<meta property=\"article:modified_time\" content=\"2025-06-10T05:28:11+00:00\" \/>\n<meta property=\"og:image\" content=\"https:\/\/nomesvending.com\/web\/wp-content\/uploads\/2024\/10\/800301.png\" \/>\n\t<meta property=\"og:image:width\" content=\"500\" \/>\n\t<meta property=\"og:image:height\" content=\"500\" \/>\n\t<meta property=\"og:image:type\" content=\"image\/png\" \/>\n<meta name=\"twitter:card\" content=\"summary_large_image\" \/>\n<meta name=\"twitter:label1\" content=\"Tiempo de lectura\" \/>\n\t<meta name=\"twitter:data1\" content=\"3 minutos\" \/>\n<script type=\"application\/ld+json\" class=\"yoast-schema-graph\">{\"@context\":\"https:\/\/schema.org\",\"@graph\":[{\"@type\":\"WebPage\",\"@id\":\"https:\/\/nomesvending.com\/web\/tienda\/productos\/consumibles\/cafe-capsula\/cafe-blue-descafeinado-lavazza\/\",\"url\":\"https:\/\/nomesvending.com\/web\/tienda\/productos\/consumibles\/cafe-capsula\/cafe-blue-descafeinado-lavazza\/\",\"name\":\"Caf\u00e9 Blue Descafeinado Lavazza - Nomesvending\",\"isPartOf\":{\"@id\":\"https:\/\/nomesvending.com\/web\/#website\"},\"primaryImageOfPage\":{\"@id\":\"https:\/\/nomesvending.com\/web\/tienda\/productos\/consumibles\/cafe-capsula\/cafe-blue-descafeinado-lavazza\/#primaryimage\"},\"image\":{\"@id\":\"https:\/\/nomesvending.com\/web\/tienda\/productos\/consumibles\/cafe-capsula\/cafe-blue-descafeinado-lavazza\/#primaryimage\"},\"thumbnailUrl\":\"https:\/\/nomesvending.com\/web\/wp-content\/uploads\/2024\/10\/800301.png\",\"datePublished\":\"2024-10-18T09:01:48+00:00\",\"dateModified\":\"2025-06-10T05:28:11+00:00\",\"description\":\"Caf\u00e9 Blue Descafeinado Lavazza: 100 % Ar\u00e1bica de Brasil. Caf\u00e9 suave, cremoso, con cuerpo y notas achocolatadas. Caja de 100 unidades.\",\"breadcrumb\":{\"@id\":\"https:\/\/nomesvending.com\/web\/tienda\/productos\/consumibles\/cafe-capsula\/cafe-blue-descafeinado-lavazza\/#breadcrumb\"},\"inLanguage\":\"es\",\"potentialAction\":[{\"@type\":\"ReadAction\",\"target\":[\"https:\/\/nomesvending.com\/web\/tienda\/productos\/consumibles\/cafe-capsula\/cafe-blue-descafeinado-lavazza\/\"]}]},{\"@type\":\"ImageObject\",\"inLanguage\":\"es\",\"@id\":\"https:\/\/nomesvending.com\/web\/tienda\/productos\/consumibles\/cafe-capsula\/cafe-blue-descafeinado-lavazza\/#primaryimage\",\"url\":\"https:\/\/nomesvending.com\/web\/wp-content\/uploads\/2024\/10\/800301.png\",\"contentUrl\":\"https:\/\/nomesvending.com\/web\/wp-content\/uploads\/2024\/10\/800301.png\",\"width\":500,\"height\":500,\"caption\":\"Caf\u00e9 Blue Descafeinado Lavazza\"},{\"@type\":\"BreadcrumbList\",\"@id\":\"https:\/\/nomesvending.com\/web\/tienda\/productos\/consumibles\/cafe-capsula\/cafe-blue-descafeinado-lavazza\/#breadcrumb\",\"itemListElement\":[{\"@type\":\"ListItem\",\"position\":1,\"name\":\"Portada\",\"item\":\"https:\/\/nomesvending.com\/web\/\"},{\"@type\":\"ListItem\",\"position\":2,\"name\":\"Tienda\",\"item\":\"https:\/\/nomesvending.com\/web\/tienda\/\"},{\"@type\":\"ListItem\",\"position\":3,\"name\":\"Caf\u00e9 Blue Descafeinado Lavazza\"}]},{\"@type\":\"WebSite\",\"@id\":\"https:\/\/nomesvending.com\/web\/#website\",\"url\":\"https:\/\/nomesvending.com\/web\/\",\"name\":\"Nom\u00e9sVending\",\"description\":\"M\u00e1quinas, filtros, recambios, monederos, consumibles y todo lo que necesitas para el mundo del vending. Calidad y tecnolog\u00eda para tu negocio. \u00a1Descubre nuestras soluciones!\",\"publisher\":{\"@id\":\"https:\/\/nomesvending.com\/web\/#organization\"},\"potentialAction\":[{\"@type\":\"SearchAction\",\"target\":{\"@type\":\"EntryPoint\",\"urlTemplate\":\"https:\/\/nomesvending.com\/web\/?s={search_term_string}\"},\"query-input\":{\"@type\":\"PropertyValueSpecification\",\"valueRequired\":true,\"valueName\":\"search_term_string\"}}],\"inLanguage\":\"es\"},{\"@type\":\"Organization\",\"@id\":\"https:\/\/nomesvending.com\/web\/#organization\",\"name\":\"Nom\u00e9sVending\",\"url\":\"https:\/\/nomesvending.com\/web\/\",\"logo\":{\"@type\":\"ImageObject\",\"inLanguage\":\"es\",\"@id\":\"https:\/\/nomesvending.com\/web\/#\/schema\/logo\/image\/\",\"url\":\"https:\/\/nomesvending.com\/web\/wp-content\/uploads\/2026\/03\/Red-and-White-Modern-Vending-Machine-Services-Instagram-Post.png\",\"contentUrl\":\"https:\/\/nomesvending.com\/web\/wp-content\/uploads\/2026\/03\/Red-and-White-Modern-Vending-Machine-Services-Instagram-Post.png\",\"width\":1080,\"height\":1080,\"caption\":\"Nom\u00e9sVending\"},\"image\":{\"@id\":\"https:\/\/nomesvending.com\/web\/#\/schema\/logo\/image\/\"},\"sameAs\":[\"https:\/\/www.facebook.com\/NomesVending\/\",\"https:\/\/www.instagram.com\/nomesvending\/\"]}]}<\/script>\n<!-- \/ Yoast SEO plugin. -->","yoast_head_json":{"title":"Caf\u00e9 Blue Descafeinado Lavazza - Nomesvending","description":"Caf\u00e9 Blue Descafeinado Lavazza: 100 % Ar\u00e1bica de Brasil. Caf\u00e9 suave, cremoso, con cuerpo y notas achocolatadas. Caja de 100 unidades.","robots":{"index":"index","follow":"follow","max-snippet":"max-snippet:-1","max-image-preview":"max-image-preview:large","max-video-preview":"max-video-preview:-1"},"canonical":"https:\/\/nomesvending.com\/web\/tienda\/productos\/consumibles\/cafe-capsula\/cafe-blue-descafeinado-lavazza\/","og_locale":"es_ES","og_type":"article","og_title":"Caf\u00e9 Blue Descafeinado Lavazza - Nomesvending","og_description":"Caf\u00e9 Blue Descafeinado Lavazza: 100 % Ar\u00e1bica de Brasil. Caf\u00e9 suave, cremoso, con cuerpo y notas achocolatadas. Caja de 100 unidades.","og_url":"https:\/\/nomesvending.com\/web\/tienda\/productos\/consumibles\/cafe-capsula\/cafe-blue-descafeinado-lavazza\/","og_site_name":"Nomesvending","article_publisher":"https:\/\/www.facebook.com\/NomesVending\/","article_modified_time":"2025-06-10T05:28:11+00:00","og_image":[{"width":500,"height":500,"url":"https:\/\/nomesvending.com\/web\/wp-content\/uploads\/2024\/10\/800301.png","type":"image\/png"}],"twitter_card":"summary_large_image","twitter_misc":{"Tiempo de lectura":"3 minutos"},"schema":{"@context":"https:\/\/schema.org","@graph":[{"@type":"WebPage","@id":"https:\/\/nomesvending.com\/web\/tienda\/productos\/consumibles\/cafe-capsula\/cafe-blue-descafeinado-lavazza\/","url":"https:\/\/nomesvending.com\/web\/tienda\/productos\/consumibles\/cafe-capsula\/cafe-blue-descafeinado-lavazza\/","name":"Caf\u00e9 Blue Descafeinado Lavazza - Nomesvending","isPartOf":{"@id":"https:\/\/nomesvending.com\/web\/#website"},"primaryImageOfPage":{"@id":"https:\/\/nomesvending.com\/web\/tienda\/productos\/consumibles\/cafe-capsula\/cafe-blue-descafeinado-lavazza\/#primaryimage"},"image":{"@id":"https:\/\/nomesvending.com\/web\/tienda\/productos\/consumibles\/cafe-capsula\/cafe-blue-descafeinado-lavazza\/#primaryimage"},"thumbnailUrl":"https:\/\/nomesvending.com\/web\/wp-content\/uploads\/2024\/10\/800301.png","datePublished":"2024-10-18T09:01:48+00:00","dateModified":"2025-06-10T05:28:11+00:00","description":"Caf\u00e9 Blue Descafeinado Lavazza: 100 % Ar\u00e1bica de Brasil. Caf\u00e9 suave, cremoso, con cuerpo y notas achocolatadas. Caja de 100 unidades.","breadcrumb":{"@id":"https:\/\/nomesvending.com\/web\/tienda\/productos\/consumibles\/cafe-capsula\/cafe-blue-descafeinado-lavazza\/#breadcrumb"},"inLanguage":"es","potentialAction":[{"@type":"ReadAction","target":["https:\/\/nomesvending.com\/web\/tienda\/productos\/consumibles\/cafe-capsula\/cafe-blue-descafeinado-lavazza\/"]}]},{"@type":"ImageObject","inLanguage":"es","@id":"https:\/\/nomesvending.com\/web\/tienda\/productos\/consumibles\/cafe-capsula\/cafe-blue-descafeinado-lavazza\/#primaryimage","url":"https:\/\/nomesvending.com\/web\/wp-content\/uploads\/2024\/10\/800301.png","contentUrl":"https:\/\/nomesvending.com\/web\/wp-content\/uploads\/2024\/10\/800301.png","width":500,"height":500,"caption":"Caf\u00e9 Blue Descafeinado Lavazza"},{"@type":"BreadcrumbList","@id":"https:\/\/nomesvending.com\/web\/tienda\/productos\/consumibles\/cafe-capsula\/cafe-blue-descafeinado-lavazza\/#breadcrumb","itemListElement":[{"@type":"ListItem","position":1,"name":"Portada","item":"https:\/\/nomesvending.com\/web\/"},{"@type":"ListItem","position":2,"name":"Tienda","item":"https:\/\/nomesvending.com\/web\/tienda\/"},{"@type":"ListItem","position":3,"name":"Caf\u00e9 Blue Descafeinado Lavazza"}]},{"@type":"WebSite","@id":"https:\/\/nomesvending.com\/web\/#website","url":"https:\/\/nomesvending.com\/web\/","name":"Nom\u00e9sVending","description":"M\u00e1quinas, filtros, recambios, monederos, consumibles y todo lo que necesitas para el mundo del vending. Calidad y tecnolog\u00eda para tu negocio. \u00a1Descubre nuestras soluciones!","publisher":{"@id":"https:\/\/nomesvending.com\/web\/#organization"},"potentialAction":[{"@type":"SearchAction","target":{"@type":"EntryPoint","urlTemplate":"https:\/\/nomesvending.com\/web\/?s={search_term_string}"},"query-input":{"@type":"PropertyValueSpecification","valueRequired":true,"valueName":"search_term_string"}}],"inLanguage":"es"},{"@type":"Organization","@id":"https:\/\/nomesvending.com\/web\/#organization","name":"Nom\u00e9sVending","url":"https:\/\/nomesvending.com\/web\/","logo":{"@type":"ImageObject","inLanguage":"es","@id":"https:\/\/nomesvending.com\/web\/#\/schema\/logo\/image\/","url":"https:\/\/nomesvending.com\/web\/wp-content\/uploads\/2026\/03\/Red-and-White-Modern-Vending-Machine-Services-Instagram-Post.png","contentUrl":"https:\/\/nomesvending.com\/web\/wp-content\/uploads\/2026\/03\/Red-and-White-Modern-Vending-Machine-Services-Instagram-Post.png","width":1080,"height":1080,"caption":"Nom\u00e9sVending"},"image":{"@id":"https:\/\/nomesvending.com\/web\/#\/schema\/logo\/image\/"},"sameAs":["https:\/\/www.facebook.com\/NomesVending\/","https:\/\/www.instagram.com\/nomesvending\/"]}]}},"_links":{"self":[{"href":"https:\/\/nomesvending.com\/web\/wp-json\/wp\/v2\/product\/22133","targetHints":{"allow":["GET"]}}],"collection":[{"href":"https:\/\/nomesvending.com\/web\/wp-json\/wp\/v2\/product"}],"about":[{"href":"https:\/\/nomesvending.com\/web\/wp-json\/wp\/v2\/types\/product"}],"replies":[{"embeddable":true,"href":"https:\/\/nomesvending.com\/web\/wp-json\/wp\/v2\/comments?post=22133"}],"wp:featuredmedia":[{"embeddable":true,"href":"https:\/\/nomesvending.com\/web\/wp-json\/wp\/v2\/media\/22135"}],"wp:attachment":[{"href":"https:\/\/nomesvending.com\/web\/wp-json\/wp\/v2\/media?parent=22133"}],"wp:term":[{"taxonomy":"product_brand","embeddable":true,"href":"https:\/\/nomesvending.com\/web\/wp-json\/wp\/v2\/product_brand?post=22133"},{"taxonomy":"product_cat","embeddable":true,"href":"https:\/\/nomesvending.com\/web\/wp-json\/wp\/v2\/product_cat?post=22133"},{"taxonomy":"product_tag","embeddable":true,"href":"https:\/\/nomesvending.com\/web\/wp-json\/wp\/v2\/product_tag?post=22133"}],"curies":[{"name":"wp","href":"https:\/\/api.w.org\/{rel}","templated":true}]}}