{"id":22137,"date":"2024-10-18T09:15:11","date_gmt":"2024-10-18T09:15:11","guid":{"rendered":"https:\/\/nomesvending.com\/web\/?post_type=product&#038;p=22137"},"modified":"2025-06-10T05:27:58","modified_gmt":"2025-06-10T05:27:58","slug":"cafe-epresso-rico-lavazza","status":"publish","type":"product","link":"https:\/\/nomesvending.com\/web\/tienda\/productos\/consumibles\/cafe-capsula\/cafe-epresso-rico-lavazza\/","title":{"rendered":"Caf\u00e9 Epresso Rico Lavazza"},"content":{"rendered":"<p class=\"\" data-start=\"42\" data-end=\"531\">Disfruta de un espresso <strong data-start=\"66\" data-end=\"76\">fuerte<\/strong> pero <strong data-start=\"82\" data-end=\"94\">apacible<\/strong> con las c\u00e1psulas Caf\u00e9 Epresso Rico Lavazza. Tiene una mezcla exquisita que combina lo mejor de dos mundos: un 40% de <strong data-start=\"218\" data-end=\"239\">Ar\u00e1bica brasile\u00f1a<\/strong> y un 60% de <strong data-start=\"252\" data-end=\"272\">Robusta asi\u00e1tica<\/strong>. Este blend \u00fanico te ofrece un espresso cremoso con un excelente <strong data-start=\"396\" data-end=\"406\">cuerpo<\/strong>, perfecto para los verdaderos amantes del caf\u00e9 que buscan una bebida con car\u00e1cter.<\/p>\n<p class=\"\" data-start=\"533\" data-end=\"950\">El resultado de esta mezcla es un caf\u00e9 <strong data-start=\"572\" data-end=\"599\">licoroso y achocolatado<\/strong>, con un sabor profundo que te sorprender\u00e1 en cada sorbo. El <strong data-start=\"660\" data-end=\"691\">proceso de tostado especial<\/strong> de Lavazza, junto con su innovador sistema de preparaci\u00f3n, asegura que cada c\u00e1psula libere un espresso con matices sutiles de <strong data-start=\"818\" data-end=\"831\">chocolate<\/strong> y un <strong data-start=\"837\" data-end=\"860\">regusto persistente. \u00a0 <\/strong>Que permanecen en tu paladar, envolvi\u00e9ndolo con una sensaci\u00f3n de plenitud y satisfacci\u00f3n.<\/p>\n<p class=\"\" data-start=\"952\" data-end=\"1391\">Las c\u00e1psulas Caf\u00e9 Epresso Rico Lavazza est\u00e1n dise\u00f1adas para quienes buscan el equilibrio perfecto entre <strong data-start=\"1053\" data-end=\"1067\">intensidad<\/strong> y <strong data-start=\"1070\" data-end=\"1082\">suavidad.<\/strong><\/p>\n<p class=\"\" data-start=\"952\" data-end=\"1391\">Un caf\u00e9 que tiene la potencia de un espresso fuerte pero sin perder la suavidad que caracteriza a un buen caf\u00e9 bien preparado. Su <strong data-start=\"1214\" data-end=\"1235\">cuerpo envolvente<\/strong> y su rica cremosidad hacen que cada taza sea una experiencia deliciosa y \u00fanica, perfecta para disfrutar a cualquier hora del d\u00eda, ya sea solo o acompa\u00f1ado.<\/p>\n<p class=\"\" data-start=\"1393\" data-end=\"1679\">Si eres un amante del <strong data-start=\"1415\" data-end=\"1436\">caf\u00e9 con car\u00e1cter<\/strong> y deseas disfrutar de un espresso que no solo te despierte, sino que tambi\u00e9n te deleite. Las c\u00e1psulas <strong data-start=\"1539\" data-end=\"1561\">Caf\u00e9 Espresso Rico<\/strong> <strong data-start=\"1565\" data-end=\"1576\">Lavazza<\/strong> son la opci\u00f3n ideal para ti. \u00a1No te conformes con menos y disfruta de un caf\u00e9 de calidad incomparable!<\/p>\n","protected":false},"excerpt":{"rendered":"<p>*VENTA POR CAJA DE 100 UNIDADES<\/p>\n","protected":false},"featured_media":22138,"comment_status":"closed","ping_status":"closed","template":"","meta":[],"product_brand":[220],"product_cat":[111,99,51],"product_tag":[],"class_list":{"0":"post-22137","1":"product","2":"type-product","3":"status-publish","4":"has-post-thumbnail","6":"product_brand-lavazza","7":"product_cat-cafe-capsula","8":"product_cat-consumibles","9":"product_cat-productos","11":"first","12":"instock","13":"taxable","14":"shipping-taxable","15":"purchasable","16":"product-type-simple"},"yoast_head":"<!-- This site is optimized with the Yoast SEO plugin v27.0 - https:\/\/yoast.com\/product\/yoast-seo-wordpress\/ -->\n<title>Caf\u00e9 Epresso Rico Lavazza - Nomesvending<\/title>\n<meta name=\"description\" content=\"C\u00e1psulas Caf\u00e9 Epresso Rico Lavazza: 40% Ar\u00e1bica brasile\u00f1a y 60% Robusta asi\u00e1tica. Espresso cremoso, con cuerpo, matices de chocolate...\" \/>\n<meta name=\"robots\" content=\"index, follow, max-snippet:-1, max-image-preview:large, max-video-preview:-1\" \/>\n<link rel=\"canonical\" href=\"https:\/\/nomesvending.com\/web\/tienda\/productos\/consumibles\/cafe-capsula\/cafe-epresso-rico-lavazza\/\" \/>\n<meta property=\"og:locale\" content=\"es_ES\" \/>\n<meta property=\"og:type\" content=\"article\" \/>\n<meta property=\"og:title\" content=\"Caf\u00e9 Epresso Rico Lavazza - Nomesvending\" \/>\n<meta property=\"og:description\" content=\"C\u00e1psulas Caf\u00e9 Epresso Rico Lavazza: 40% Ar\u00e1bica brasile\u00f1a y 60% Robusta asi\u00e1tica. Espresso cremoso, con cuerpo, matices de chocolate...\" \/>\n<meta property=\"og:url\" content=\"https:\/\/nomesvending.com\/web\/tienda\/productos\/consumibles\/cafe-capsula\/cafe-epresso-rico-lavazza\/\" \/>\n<meta property=\"og:site_name\" content=\"Nomesvending\" \/>\n<meta property=\"article:publisher\" content=\"https:\/\/www.facebook.com\/NomesVending\/\" \/>\n<meta property=\"article:modified_time\" content=\"2025-06-10T05:27:58+00:00\" \/>\n<meta property=\"og:image\" content=\"https:\/\/nomesvending.com\/web\/wp-content\/uploads\/2024\/10\/800310.png\" \/>\n\t<meta property=\"og:image:width\" content=\"500\" \/>\n\t<meta property=\"og:image:height\" content=\"500\" \/>\n\t<meta property=\"og:image:type\" content=\"image\/png\" \/>\n<meta name=\"twitter:card\" content=\"summary_large_image\" \/>\n<meta name=\"twitter:label1\" content=\"Tiempo de lectura\" \/>\n\t<meta name=\"twitter:data1\" content=\"2 minutos\" \/>\n<script type=\"application\/ld+json\" class=\"yoast-schema-graph\">{\"@context\":\"https:\/\/schema.org\",\"@graph\":[{\"@type\":\"WebPage\",\"@id\":\"https:\/\/nomesvending.com\/web\/tienda\/productos\/consumibles\/cafe-capsula\/cafe-epresso-rico-lavazza\/\",\"url\":\"https:\/\/nomesvending.com\/web\/tienda\/productos\/consumibles\/cafe-capsula\/cafe-epresso-rico-lavazza\/\",\"name\":\"Caf\u00e9 Epresso Rico Lavazza - Nomesvending\",\"isPartOf\":{\"@id\":\"https:\/\/nomesvending.com\/web\/#website\"},\"primaryImageOfPage\":{\"@id\":\"https:\/\/nomesvending.com\/web\/tienda\/productos\/consumibles\/cafe-capsula\/cafe-epresso-rico-lavazza\/#primaryimage\"},\"image\":{\"@id\":\"https:\/\/nomesvending.com\/web\/tienda\/productos\/consumibles\/cafe-capsula\/cafe-epresso-rico-lavazza\/#primaryimage\"},\"thumbnailUrl\":\"https:\/\/nomesvending.com\/web\/wp-content\/uploads\/2024\/10\/800310.png\",\"datePublished\":\"2024-10-18T09:15:11+00:00\",\"dateModified\":\"2025-06-10T05:27:58+00:00\",\"description\":\"C\u00e1psulas Caf\u00e9 Epresso Rico Lavazza: 40% Ar\u00e1bica brasile\u00f1a y 60% Robusta asi\u00e1tica. Espresso cremoso, con cuerpo, matices de chocolate...\",\"breadcrumb\":{\"@id\":\"https:\/\/nomesvending.com\/web\/tienda\/productos\/consumibles\/cafe-capsula\/cafe-epresso-rico-lavazza\/#breadcrumb\"},\"inLanguage\":\"es\",\"potentialAction\":[{\"@type\":\"ReadAction\",\"target\":[\"https:\/\/nomesvending.com\/web\/tienda\/productos\/consumibles\/cafe-capsula\/cafe-epresso-rico-lavazza\/\"]}]},{\"@type\":\"ImageObject\",\"inLanguage\":\"es\",\"@id\":\"https:\/\/nomesvending.com\/web\/tienda\/productos\/consumibles\/cafe-capsula\/cafe-epresso-rico-lavazza\/#primaryimage\",\"url\":\"https:\/\/nomesvending.com\/web\/wp-content\/uploads\/2024\/10\/800310.png\",\"contentUrl\":\"https:\/\/nomesvending.com\/web\/wp-content\/uploads\/2024\/10\/800310.png\",\"width\":500,\"height\":500,\"caption\":\"Caf\u00e9 Epresso Rico Lavazza\"},{\"@type\":\"BreadcrumbList\",\"@id\":\"https:\/\/nomesvending.com\/web\/tienda\/productos\/consumibles\/cafe-capsula\/cafe-epresso-rico-lavazza\/#breadcrumb\",\"itemListElement\":[{\"@type\":\"ListItem\",\"position\":1,\"name\":\"Portada\",\"item\":\"https:\/\/nomesvending.com\/web\/\"},{\"@type\":\"ListItem\",\"position\":2,\"name\":\"Tienda\",\"item\":\"https:\/\/nomesvending.com\/web\/tienda\/\"},{\"@type\":\"ListItem\",\"position\":3,\"name\":\"Caf\u00e9 Epresso Rico Lavazza\"}]},{\"@type\":\"WebSite\",\"@id\":\"https:\/\/nomesvending.com\/web\/#website\",\"url\":\"https:\/\/nomesvending.com\/web\/\",\"name\":\"Nom\u00e9sVending\",\"description\":\"M\u00e1quinas, filtros, recambios, monederos, consumibles y todo lo que necesitas para el mundo del vending. Calidad y tecnolog\u00eda para tu negocio. \u00a1Descubre nuestras soluciones!\",\"publisher\":{\"@id\":\"https:\/\/nomesvending.com\/web\/#organization\"},\"potentialAction\":[{\"@type\":\"SearchAction\",\"target\":{\"@type\":\"EntryPoint\",\"urlTemplate\":\"https:\/\/nomesvending.com\/web\/?s={search_term_string}\"},\"query-input\":{\"@type\":\"PropertyValueSpecification\",\"valueRequired\":true,\"valueName\":\"search_term_string\"}}],\"inLanguage\":\"es\"},{\"@type\":\"Organization\",\"@id\":\"https:\/\/nomesvending.com\/web\/#organization\",\"name\":\"Nom\u00e9sVending\",\"url\":\"https:\/\/nomesvending.com\/web\/\",\"logo\":{\"@type\":\"ImageObject\",\"inLanguage\":\"es\",\"@id\":\"https:\/\/nomesvending.com\/web\/#\/schema\/logo\/image\/\",\"url\":\"https:\/\/nomesvending.com\/web\/wp-content\/uploads\/2026\/03\/Red-and-White-Modern-Vending-Machine-Services-Instagram-Post.png\",\"contentUrl\":\"https:\/\/nomesvending.com\/web\/wp-content\/uploads\/2026\/03\/Red-and-White-Modern-Vending-Machine-Services-Instagram-Post.png\",\"width\":1080,\"height\":1080,\"caption\":\"Nom\u00e9sVending\"},\"image\":{\"@id\":\"https:\/\/nomesvending.com\/web\/#\/schema\/logo\/image\/\"},\"sameAs\":[\"https:\/\/www.facebook.com\/NomesVending\/\",\"https:\/\/www.instagram.com\/nomesvending\/\"]}]}<\/script>\n<!-- \/ Yoast SEO plugin. -->","yoast_head_json":{"title":"Caf\u00e9 Epresso Rico Lavazza - Nomesvending","description":"C\u00e1psulas Caf\u00e9 Epresso Rico Lavazza: 40% Ar\u00e1bica brasile\u00f1a y 60% Robusta asi\u00e1tica. Espresso cremoso, con cuerpo, matices de chocolate...","robots":{"index":"index","follow":"follow","max-snippet":"max-snippet:-1","max-image-preview":"max-image-preview:large","max-video-preview":"max-video-preview:-1"},"canonical":"https:\/\/nomesvending.com\/web\/tienda\/productos\/consumibles\/cafe-capsula\/cafe-epresso-rico-lavazza\/","og_locale":"es_ES","og_type":"article","og_title":"Caf\u00e9 Epresso Rico Lavazza - Nomesvending","og_description":"C\u00e1psulas Caf\u00e9 Epresso Rico Lavazza: 40% Ar\u00e1bica brasile\u00f1a y 60% Robusta asi\u00e1tica. Espresso cremoso, con cuerpo, matices de chocolate...","og_url":"https:\/\/nomesvending.com\/web\/tienda\/productos\/consumibles\/cafe-capsula\/cafe-epresso-rico-lavazza\/","og_site_name":"Nomesvending","article_publisher":"https:\/\/www.facebook.com\/NomesVending\/","article_modified_time":"2025-06-10T05:27:58+00:00","og_image":[{"width":500,"height":500,"url":"https:\/\/nomesvending.com\/web\/wp-content\/uploads\/2024\/10\/800310.png","type":"image\/png"}],"twitter_card":"summary_large_image","twitter_misc":{"Tiempo de lectura":"2 minutos"},"schema":{"@context":"https:\/\/schema.org","@graph":[{"@type":"WebPage","@id":"https:\/\/nomesvending.com\/web\/tienda\/productos\/consumibles\/cafe-capsula\/cafe-epresso-rico-lavazza\/","url":"https:\/\/nomesvending.com\/web\/tienda\/productos\/consumibles\/cafe-capsula\/cafe-epresso-rico-lavazza\/","name":"Caf\u00e9 Epresso Rico Lavazza - Nomesvending","isPartOf":{"@id":"https:\/\/nomesvending.com\/web\/#website"},"primaryImageOfPage":{"@id":"https:\/\/nomesvending.com\/web\/tienda\/productos\/consumibles\/cafe-capsula\/cafe-epresso-rico-lavazza\/#primaryimage"},"image":{"@id":"https:\/\/nomesvending.com\/web\/tienda\/productos\/consumibles\/cafe-capsula\/cafe-epresso-rico-lavazza\/#primaryimage"},"thumbnailUrl":"https:\/\/nomesvending.com\/web\/wp-content\/uploads\/2024\/10\/800310.png","datePublished":"2024-10-18T09:15:11+00:00","dateModified":"2025-06-10T05:27:58+00:00","description":"C\u00e1psulas Caf\u00e9 Epresso Rico Lavazza: 40% Ar\u00e1bica brasile\u00f1a y 60% Robusta asi\u00e1tica. Espresso cremoso, con cuerpo, matices de chocolate...","breadcrumb":{"@id":"https:\/\/nomesvending.com\/web\/tienda\/productos\/consumibles\/cafe-capsula\/cafe-epresso-rico-lavazza\/#breadcrumb"},"inLanguage":"es","potentialAction":[{"@type":"ReadAction","target":["https:\/\/nomesvending.com\/web\/tienda\/productos\/consumibles\/cafe-capsula\/cafe-epresso-rico-lavazza\/"]}]},{"@type":"ImageObject","inLanguage":"es","@id":"https:\/\/nomesvending.com\/web\/tienda\/productos\/consumibles\/cafe-capsula\/cafe-epresso-rico-lavazza\/#primaryimage","url":"https:\/\/nomesvending.com\/web\/wp-content\/uploads\/2024\/10\/800310.png","contentUrl":"https:\/\/nomesvending.com\/web\/wp-content\/uploads\/2024\/10\/800310.png","width":500,"height":500,"caption":"Caf\u00e9 Epresso Rico Lavazza"},{"@type":"BreadcrumbList","@id":"https:\/\/nomesvending.com\/web\/tienda\/productos\/consumibles\/cafe-capsula\/cafe-epresso-rico-lavazza\/#breadcrumb","itemListElement":[{"@type":"ListItem","position":1,"name":"Portada","item":"https:\/\/nomesvending.com\/web\/"},{"@type":"ListItem","position":2,"name":"Tienda","item":"https:\/\/nomesvending.com\/web\/tienda\/"},{"@type":"ListItem","position":3,"name":"Caf\u00e9 Epresso Rico Lavazza"}]},{"@type":"WebSite","@id":"https:\/\/nomesvending.com\/web\/#website","url":"https:\/\/nomesvending.com\/web\/","name":"Nom\u00e9sVending","description":"M\u00e1quinas, filtros, recambios, monederos, consumibles y todo lo que necesitas para el mundo del vending. Calidad y tecnolog\u00eda para tu negocio. \u00a1Descubre nuestras soluciones!","publisher":{"@id":"https:\/\/nomesvending.com\/web\/#organization"},"potentialAction":[{"@type":"SearchAction","target":{"@type":"EntryPoint","urlTemplate":"https:\/\/nomesvending.com\/web\/?s={search_term_string}"},"query-input":{"@type":"PropertyValueSpecification","valueRequired":true,"valueName":"search_term_string"}}],"inLanguage":"es"},{"@type":"Organization","@id":"https:\/\/nomesvending.com\/web\/#organization","name":"Nom\u00e9sVending","url":"https:\/\/nomesvending.com\/web\/","logo":{"@type":"ImageObject","inLanguage":"es","@id":"https:\/\/nomesvending.com\/web\/#\/schema\/logo\/image\/","url":"https:\/\/nomesvending.com\/web\/wp-content\/uploads\/2026\/03\/Red-and-White-Modern-Vending-Machine-Services-Instagram-Post.png","contentUrl":"https:\/\/nomesvending.com\/web\/wp-content\/uploads\/2026\/03\/Red-and-White-Modern-Vending-Machine-Services-Instagram-Post.png","width":1080,"height":1080,"caption":"Nom\u00e9sVending"},"image":{"@id":"https:\/\/nomesvending.com\/web\/#\/schema\/logo\/image\/"},"sameAs":["https:\/\/www.facebook.com\/NomesVending\/","https:\/\/www.instagram.com\/nomesvending\/"]}]}},"_links":{"self":[{"href":"https:\/\/nomesvending.com\/web\/wp-json\/wp\/v2\/product\/22137","targetHints":{"allow":["GET"]}}],"collection":[{"href":"https:\/\/nomesvending.com\/web\/wp-json\/wp\/v2\/product"}],"about":[{"href":"https:\/\/nomesvending.com\/web\/wp-json\/wp\/v2\/types\/product"}],"replies":[{"embeddable":true,"href":"https:\/\/nomesvending.com\/web\/wp-json\/wp\/v2\/comments?post=22137"}],"wp:featuredmedia":[{"embeddable":true,"href":"https:\/\/nomesvending.com\/web\/wp-json\/wp\/v2\/media\/22138"}],"wp:attachment":[{"href":"https:\/\/nomesvending.com\/web\/wp-json\/wp\/v2\/media?parent=22137"}],"wp:term":[{"taxonomy":"product_brand","embeddable":true,"href":"https:\/\/nomesvending.com\/web\/wp-json\/wp\/v2\/product_brand?post=22137"},{"taxonomy":"product_cat","embeddable":true,"href":"https:\/\/nomesvending.com\/web\/wp-json\/wp\/v2\/product_cat?post=22137"},{"taxonomy":"product_tag","embeddable":true,"href":"https:\/\/nomesvending.com\/web\/wp-json\/wp\/v2\/product_tag?post=22137"}],"curies":[{"name":"wp","href":"https:\/\/api.w.org\/{rel}","templated":true}]}}