{"id":22140,"date":"2024-10-18T09:23:05","date_gmt":"2024-10-18T09:23:05","guid":{"rendered":"https:\/\/nomesvending.com\/web\/?post_type=product&#038;p=22140"},"modified":"2025-06-10T05:27:48","modified_gmt":"2025-06-10T05:27:48","slug":"cafe-rotondo-lavazza","status":"publish","type":"product","link":"https:\/\/nomesvending.com\/web\/tienda\/productos\/consumibles\/cafe-capsula\/cafe-rotondo-lavazza\/","title":{"rendered":"Lavazza Blue Espresso Rotondo"},"content":{"rendered":"<p class=\"\" data-start=\"42\" data-end=\"575\">Descubre el <strong data-start=\"54\" data-end=\"106\">delicioso sabor de Lavazza Blue Espresso Rotondo<\/strong>, una mezcla de caf\u00e9 que ofrece un <strong data-start=\"141\" data-end=\"156\">gran cuerpo<\/strong>, una textura <strong data-start=\"170\" data-end=\"181\">cremosa<\/strong> y un toque <strong data-start=\"193\" data-end=\"202\">dulce<\/strong> en cada sorbo. Este espresso destaca por su <strong data-start=\"247\" data-end=\"271\">intensidad arom\u00e1tica<\/strong> y su inconfundible sabor, que es perfecto para quienes buscan un equilibrio entre suavidad y una buena dosis de cuerpo en su caf\u00e9. Gracias a su innovador sistema de preparaci\u00f3n, <strong data-start=\"450\" data-end=\"483\">Lavazza Blue Espresso Rotondo<\/strong> te ofrece una experiencia de caf\u00e9 \u00fanica, ideal para disfrutar en cualquier momento del d\u00eda.<\/p>\n<p class=\"\" data-start=\"577\" data-end=\"1082\">Cada c\u00e1psula de esta exclusiva mezcla garantiza una experiencia de caf\u00e9 de <strong data-start=\"652\" data-end=\"668\">alta calidad<\/strong>, con una crema gruesa y persistente que corona cada taza, destacando la suavidad y dulzura de este espresso. La combinaci\u00f3n de granos seleccionados por <strong data-start=\"821\" data-end=\"832\">Lavazza<\/strong>, junto con su m\u00e9todo de tueste preciso, resulta en una bebida perfectamente equilibrada que resalta tanto la suavidad de su sabor como la intensidad del caf\u00e9, lo que la convierte en una opci\u00f3n ideal para los amantes del caf\u00e9 con un paladar exigente.<\/p>\n<p class=\"\" data-start=\"1084\" data-end=\"1461\">La <strong data-start=\"1087\" data-end=\"1111\">caja de 100 c\u00e1psulas<\/strong> de <strong data-start=\"1115\" data-end=\"1148\">Lavazza Blue Espresso Rotondo<\/strong> tiene un peso total de <strong data-start=\"1172\" data-end=\"1181\">900 g<\/strong>, lo que la convierte en una opci\u00f3n conveniente para aquellos que disfrutan de varias tazas de espresso al d\u00eda. Adem\u00e1s, estas c\u00e1psulas son completamente compatibles con <strong data-start=\"1350\" data-end=\"1376\">cafeteras Lavazza Blue<\/strong>, lo que asegura que obtendr\u00e1s el mejor sabor posible sin complicaciones adicionales.<\/p>\n<p class=\"\" data-start=\"1463\" data-end=\"1801\">Si buscas un caf\u00e9 que combine la suavidad con una fuerte presencia, <strong data-start=\"1531\" data-end=\"1564\">Lavazza Blue Espresso Rotondo<\/strong> es la opci\u00f3n perfecta. Cada c\u00e1psula ofrece el equilibrio perfecto entre <strong data-start=\"1637\" data-end=\"1647\">cuerpo<\/strong>, <strong data-start=\"1649\" data-end=\"1660\">dulzura<\/strong> y una cremosa textura que te transportar\u00e1 a la aut\u00e9ntica experiencia del espresso italiano, ideal tanto para disfrutar solo como acompa\u00f1ado.<\/p>\n","protected":false},"excerpt":{"rendered":"<p>*VENTA POR UNIDAD<\/p>\n","protected":false},"featured_media":22141,"comment_status":"closed","ping_status":"closed","template":"","meta":[],"product_brand":[220],"product_cat":[111,99,51],"product_tag":[],"class_list":{"0":"post-22140","1":"product","2":"type-product","3":"status-publish","4":"has-post-thumbnail","6":"product_brand-lavazza","7":"product_cat-cafe-capsula","8":"product_cat-consumibles","9":"product_cat-productos","11":"first","12":"instock","13":"taxable","14":"shipping-taxable","15":"purchasable","16":"product-type-simple"},"yoast_head":"<!-- This site is optimized with the Yoast SEO plugin v27.0 - https:\/\/yoast.com\/product\/yoast-seo-wordpress\/ -->\n<title>Lavazza Blue Espresso Rotondo - Nomesvending<\/title>\n<meta name=\"description\" content=\"Lavazza Blue Espresso Rotondo: caf\u00e9 de gran cuerpo, cremosa textura y dulce sabor. Caja de 100 c\u00e1psulas, compatibles con cafeteras Lavazza Blue.\" \/>\n<meta name=\"robots\" content=\"index, follow, max-snippet:-1, max-image-preview:large, max-video-preview:-1\" \/>\n<link rel=\"canonical\" href=\"https:\/\/nomesvending.com\/web\/tienda\/productos\/consumibles\/cafe-capsula\/cafe-rotondo-lavazza\/\" \/>\n<meta property=\"og:locale\" content=\"es_ES\" \/>\n<meta property=\"og:type\" content=\"article\" \/>\n<meta property=\"og:title\" content=\"Lavazza Blue Espresso Rotondo - Nomesvending\" \/>\n<meta property=\"og:description\" content=\"Lavazza Blue Espresso Rotondo: caf\u00e9 de gran cuerpo, cremosa textura y dulce sabor. Caja de 100 c\u00e1psulas, compatibles con cafeteras Lavazza Blue.\" \/>\n<meta property=\"og:url\" content=\"https:\/\/nomesvending.com\/web\/tienda\/productos\/consumibles\/cafe-capsula\/cafe-rotondo-lavazza\/\" \/>\n<meta property=\"og:site_name\" content=\"Nomesvending\" \/>\n<meta property=\"article:publisher\" content=\"https:\/\/www.facebook.com\/NomesVending\/\" \/>\n<meta property=\"article:modified_time\" content=\"2025-06-10T05:27:48+00:00\" \/>\n<meta property=\"og:image\" content=\"https:\/\/nomesvending.com\/web\/wp-content\/uploads\/2024\/10\/800311.png\" \/>\n\t<meta property=\"og:image:width\" content=\"500\" \/>\n\t<meta property=\"og:image:height\" content=\"500\" \/>\n\t<meta property=\"og:image:type\" content=\"image\/png\" \/>\n<meta name=\"twitter:card\" content=\"summary_large_image\" \/>\n<meta name=\"twitter:label1\" content=\"Tiempo de lectura\" \/>\n\t<meta name=\"twitter:data1\" content=\"2 minutos\" \/>\n<script type=\"application\/ld+json\" class=\"yoast-schema-graph\">{\"@context\":\"https:\/\/schema.org\",\"@graph\":[{\"@type\":\"WebPage\",\"@id\":\"https:\/\/nomesvending.com\/web\/tienda\/productos\/consumibles\/cafe-capsula\/cafe-rotondo-lavazza\/\",\"url\":\"https:\/\/nomesvending.com\/web\/tienda\/productos\/consumibles\/cafe-capsula\/cafe-rotondo-lavazza\/\",\"name\":\"Lavazza Blue Espresso Rotondo - Nomesvending\",\"isPartOf\":{\"@id\":\"https:\/\/nomesvending.com\/web\/#website\"},\"primaryImageOfPage\":{\"@id\":\"https:\/\/nomesvending.com\/web\/tienda\/productos\/consumibles\/cafe-capsula\/cafe-rotondo-lavazza\/#primaryimage\"},\"image\":{\"@id\":\"https:\/\/nomesvending.com\/web\/tienda\/productos\/consumibles\/cafe-capsula\/cafe-rotondo-lavazza\/#primaryimage\"},\"thumbnailUrl\":\"https:\/\/nomesvending.com\/web\/wp-content\/uploads\/2024\/10\/800311.png\",\"datePublished\":\"2024-10-18T09:23:05+00:00\",\"dateModified\":\"2025-06-10T05:27:48+00:00\",\"description\":\"Lavazza Blue Espresso Rotondo: caf\u00e9 de gran cuerpo, cremosa textura y dulce sabor. Caja de 100 c\u00e1psulas, compatibles con cafeteras Lavazza Blue.\",\"breadcrumb\":{\"@id\":\"https:\/\/nomesvending.com\/web\/tienda\/productos\/consumibles\/cafe-capsula\/cafe-rotondo-lavazza\/#breadcrumb\"},\"inLanguage\":\"es\",\"potentialAction\":[{\"@type\":\"ReadAction\",\"target\":[\"https:\/\/nomesvending.com\/web\/tienda\/productos\/consumibles\/cafe-capsula\/cafe-rotondo-lavazza\/\"]}]},{\"@type\":\"ImageObject\",\"inLanguage\":\"es\",\"@id\":\"https:\/\/nomesvending.com\/web\/tienda\/productos\/consumibles\/cafe-capsula\/cafe-rotondo-lavazza\/#primaryimage\",\"url\":\"https:\/\/nomesvending.com\/web\/wp-content\/uploads\/2024\/10\/800311.png\",\"contentUrl\":\"https:\/\/nomesvending.com\/web\/wp-content\/uploads\/2024\/10\/800311.png\",\"width\":500,\"height\":500,\"caption\":\"Lavazza Blue Espresso Rotondo\"},{\"@type\":\"BreadcrumbList\",\"@id\":\"https:\/\/nomesvending.com\/web\/tienda\/productos\/consumibles\/cafe-capsula\/cafe-rotondo-lavazza\/#breadcrumb\",\"itemListElement\":[{\"@type\":\"ListItem\",\"position\":1,\"name\":\"Portada\",\"item\":\"https:\/\/nomesvending.com\/web\/\"},{\"@type\":\"ListItem\",\"position\":2,\"name\":\"Tienda\",\"item\":\"https:\/\/nomesvending.com\/web\/tienda\/\"},{\"@type\":\"ListItem\",\"position\":3,\"name\":\"Lavazza Blue Espresso Rotondo\"}]},{\"@type\":\"WebSite\",\"@id\":\"https:\/\/nomesvending.com\/web\/#website\",\"url\":\"https:\/\/nomesvending.com\/web\/\",\"name\":\"Nom\u00e9sVending\",\"description\":\"M\u00e1quinas, filtros, recambios, monederos, consumibles y todo lo que necesitas para el mundo del vending. Calidad y tecnolog\u00eda para tu negocio. \u00a1Descubre nuestras soluciones!\",\"publisher\":{\"@id\":\"https:\/\/nomesvending.com\/web\/#organization\"},\"potentialAction\":[{\"@type\":\"SearchAction\",\"target\":{\"@type\":\"EntryPoint\",\"urlTemplate\":\"https:\/\/nomesvending.com\/web\/?s={search_term_string}\"},\"query-input\":{\"@type\":\"PropertyValueSpecification\",\"valueRequired\":true,\"valueName\":\"search_term_string\"}}],\"inLanguage\":\"es\"},{\"@type\":\"Organization\",\"@id\":\"https:\/\/nomesvending.com\/web\/#organization\",\"name\":\"Nom\u00e9sVending\",\"url\":\"https:\/\/nomesvending.com\/web\/\",\"logo\":{\"@type\":\"ImageObject\",\"inLanguage\":\"es\",\"@id\":\"https:\/\/nomesvending.com\/web\/#\/schema\/logo\/image\/\",\"url\":\"https:\/\/nomesvending.com\/web\/wp-content\/uploads\/2026\/03\/Red-and-White-Modern-Vending-Machine-Services-Instagram-Post.png\",\"contentUrl\":\"https:\/\/nomesvending.com\/web\/wp-content\/uploads\/2026\/03\/Red-and-White-Modern-Vending-Machine-Services-Instagram-Post.png\",\"width\":1080,\"height\":1080,\"caption\":\"Nom\u00e9sVending\"},\"image\":{\"@id\":\"https:\/\/nomesvending.com\/web\/#\/schema\/logo\/image\/\"},\"sameAs\":[\"https:\/\/www.facebook.com\/NomesVending\/\",\"https:\/\/www.instagram.com\/nomesvending\/\"]}]}<\/script>\n<!-- \/ Yoast SEO plugin. -->","yoast_head_json":{"title":"Lavazza Blue Espresso Rotondo - Nomesvending","description":"Lavazza Blue Espresso Rotondo: caf\u00e9 de gran cuerpo, cremosa textura y dulce sabor. Caja de 100 c\u00e1psulas, compatibles con cafeteras Lavazza Blue.","robots":{"index":"index","follow":"follow","max-snippet":"max-snippet:-1","max-image-preview":"max-image-preview:large","max-video-preview":"max-video-preview:-1"},"canonical":"https:\/\/nomesvending.com\/web\/tienda\/productos\/consumibles\/cafe-capsula\/cafe-rotondo-lavazza\/","og_locale":"es_ES","og_type":"article","og_title":"Lavazza Blue Espresso Rotondo - Nomesvending","og_description":"Lavazza Blue Espresso Rotondo: caf\u00e9 de gran cuerpo, cremosa textura y dulce sabor. Caja de 100 c\u00e1psulas, compatibles con cafeteras Lavazza Blue.","og_url":"https:\/\/nomesvending.com\/web\/tienda\/productos\/consumibles\/cafe-capsula\/cafe-rotondo-lavazza\/","og_site_name":"Nomesvending","article_publisher":"https:\/\/www.facebook.com\/NomesVending\/","article_modified_time":"2025-06-10T05:27:48+00:00","og_image":[{"width":500,"height":500,"url":"https:\/\/nomesvending.com\/web\/wp-content\/uploads\/2024\/10\/800311.png","type":"image\/png"}],"twitter_card":"summary_large_image","twitter_misc":{"Tiempo de lectura":"2 minutos"},"schema":{"@context":"https:\/\/schema.org","@graph":[{"@type":"WebPage","@id":"https:\/\/nomesvending.com\/web\/tienda\/productos\/consumibles\/cafe-capsula\/cafe-rotondo-lavazza\/","url":"https:\/\/nomesvending.com\/web\/tienda\/productos\/consumibles\/cafe-capsula\/cafe-rotondo-lavazza\/","name":"Lavazza Blue Espresso Rotondo - Nomesvending","isPartOf":{"@id":"https:\/\/nomesvending.com\/web\/#website"},"primaryImageOfPage":{"@id":"https:\/\/nomesvending.com\/web\/tienda\/productos\/consumibles\/cafe-capsula\/cafe-rotondo-lavazza\/#primaryimage"},"image":{"@id":"https:\/\/nomesvending.com\/web\/tienda\/productos\/consumibles\/cafe-capsula\/cafe-rotondo-lavazza\/#primaryimage"},"thumbnailUrl":"https:\/\/nomesvending.com\/web\/wp-content\/uploads\/2024\/10\/800311.png","datePublished":"2024-10-18T09:23:05+00:00","dateModified":"2025-06-10T05:27:48+00:00","description":"Lavazza Blue Espresso Rotondo: caf\u00e9 de gran cuerpo, cremosa textura y dulce sabor. Caja de 100 c\u00e1psulas, compatibles con cafeteras Lavazza Blue.","breadcrumb":{"@id":"https:\/\/nomesvending.com\/web\/tienda\/productos\/consumibles\/cafe-capsula\/cafe-rotondo-lavazza\/#breadcrumb"},"inLanguage":"es","potentialAction":[{"@type":"ReadAction","target":["https:\/\/nomesvending.com\/web\/tienda\/productos\/consumibles\/cafe-capsula\/cafe-rotondo-lavazza\/"]}]},{"@type":"ImageObject","inLanguage":"es","@id":"https:\/\/nomesvending.com\/web\/tienda\/productos\/consumibles\/cafe-capsula\/cafe-rotondo-lavazza\/#primaryimage","url":"https:\/\/nomesvending.com\/web\/wp-content\/uploads\/2024\/10\/800311.png","contentUrl":"https:\/\/nomesvending.com\/web\/wp-content\/uploads\/2024\/10\/800311.png","width":500,"height":500,"caption":"Lavazza Blue Espresso Rotondo"},{"@type":"BreadcrumbList","@id":"https:\/\/nomesvending.com\/web\/tienda\/productos\/consumibles\/cafe-capsula\/cafe-rotondo-lavazza\/#breadcrumb","itemListElement":[{"@type":"ListItem","position":1,"name":"Portada","item":"https:\/\/nomesvending.com\/web\/"},{"@type":"ListItem","position":2,"name":"Tienda","item":"https:\/\/nomesvending.com\/web\/tienda\/"},{"@type":"ListItem","position":3,"name":"Lavazza Blue Espresso Rotondo"}]},{"@type":"WebSite","@id":"https:\/\/nomesvending.com\/web\/#website","url":"https:\/\/nomesvending.com\/web\/","name":"Nom\u00e9sVending","description":"M\u00e1quinas, filtros, recambios, monederos, consumibles y todo lo que necesitas para el mundo del vending. Calidad y tecnolog\u00eda para tu negocio. \u00a1Descubre nuestras soluciones!","publisher":{"@id":"https:\/\/nomesvending.com\/web\/#organization"},"potentialAction":[{"@type":"SearchAction","target":{"@type":"EntryPoint","urlTemplate":"https:\/\/nomesvending.com\/web\/?s={search_term_string}"},"query-input":{"@type":"PropertyValueSpecification","valueRequired":true,"valueName":"search_term_string"}}],"inLanguage":"es"},{"@type":"Organization","@id":"https:\/\/nomesvending.com\/web\/#organization","name":"Nom\u00e9sVending","url":"https:\/\/nomesvending.com\/web\/","logo":{"@type":"ImageObject","inLanguage":"es","@id":"https:\/\/nomesvending.com\/web\/#\/schema\/logo\/image\/","url":"https:\/\/nomesvending.com\/web\/wp-content\/uploads\/2026\/03\/Red-and-White-Modern-Vending-Machine-Services-Instagram-Post.png","contentUrl":"https:\/\/nomesvending.com\/web\/wp-content\/uploads\/2026\/03\/Red-and-White-Modern-Vending-Machine-Services-Instagram-Post.png","width":1080,"height":1080,"caption":"Nom\u00e9sVending"},"image":{"@id":"https:\/\/nomesvending.com\/web\/#\/schema\/logo\/image\/"},"sameAs":["https:\/\/www.facebook.com\/NomesVending\/","https:\/\/www.instagram.com\/nomesvending\/"]}]}},"_links":{"self":[{"href":"https:\/\/nomesvending.com\/web\/wp-json\/wp\/v2\/product\/22140","targetHints":{"allow":["GET"]}}],"collection":[{"href":"https:\/\/nomesvending.com\/web\/wp-json\/wp\/v2\/product"}],"about":[{"href":"https:\/\/nomesvending.com\/web\/wp-json\/wp\/v2\/types\/product"}],"replies":[{"embeddable":true,"href":"https:\/\/nomesvending.com\/web\/wp-json\/wp\/v2\/comments?post=22140"}],"wp:featuredmedia":[{"embeddable":true,"href":"https:\/\/nomesvending.com\/web\/wp-json\/wp\/v2\/media\/22141"}],"wp:attachment":[{"href":"https:\/\/nomesvending.com\/web\/wp-json\/wp\/v2\/media?parent=22140"}],"wp:term":[{"taxonomy":"product_brand","embeddable":true,"href":"https:\/\/nomesvending.com\/web\/wp-json\/wp\/v2\/product_brand?post=22140"},{"taxonomy":"product_cat","embeddable":true,"href":"https:\/\/nomesvending.com\/web\/wp-json\/wp\/v2\/product_cat?post=22140"},{"taxonomy":"product_tag","embeddable":true,"href":"https:\/\/nomesvending.com\/web\/wp-json\/wp\/v2\/product_tag?post=22140"}],"curies":[{"name":"wp","href":"https:\/\/api.w.org\/{rel}","templated":true}]}}