{"id":22143,"date":"2024-10-18T09:32:20","date_gmt":"2024-10-18T09:32:20","guid":{"rendered":"https:\/\/nomesvending.com\/web\/?post_type=product&#038;p=22143"},"modified":"2025-06-10T05:27:38","modified_gmt":"2025-06-10T05:27:38","slug":"cafe-expresso-intenso","status":"publish","type":"product","link":"https:\/\/nomesvending.com\/web\/tienda\/productos\/consumibles\/cafe-capsula\/cafe-expresso-intenso\/","title":{"rendered":"Caf\u00e9 Expresso Intenso Lavazza"},"content":{"rendered":"<h3 class=\"\" data-start=\"0\" data-end=\"72\"><strong data-start=\"4\" data-end=\"72\">Caf\u00e9 Espresso Intenso Lavazza \u2013 Pack de 100 C\u00e1psulas Compatibles<\/strong><\/h3>\n<p class=\"\" data-start=\"74\" data-end=\"634\">Disfruta de una experiencia de caf\u00e9 \u00fanica con el Caf\u00e9 Expresso Intenso Lavazza. Un blend excepcional que combina lo mejor del caf\u00e9 <strong data-start=\"209\" data-end=\"220\">Ar\u00e1bica<\/strong> de Brasil y Am\u00e9rica Central con el robusto <strong data-start=\"264\" data-end=\"275\">Robusta<\/strong> del sudeste asi\u00e1tico. Esta mezcla ha sido cuidadosamente seleccionada para ofrecerte un espresso de sabor lleno de cuerpo, con una intensidad que satisfar\u00e1 a los amantes m\u00e1s exigentes del buen caf\u00e9. El <strong data-start=\"478\" data-end=\"511\">Caf\u00e9 Espresso Intenso Lavazza<\/strong> es perfecto para quienes buscan una infusi\u00f3n cremosa, equilibrada y rica en matices, ideal para cualquier momento del d\u00eda.<\/p>\n<p class=\"\" data-start=\"636\" data-end=\"1331\">El Caf\u00e9 Expresso Intenso Lavazza\u00a0destaca por su perfil arom\u00e1tico profundo, que envuelve los sentidos con una fragancia intensa y envolvente. Cada sorbo revela una textura suave pero potente, con un regusto persistente que permanece en el paladar mucho despu\u00e9s de la \u00faltima taza. Esto hace que esta mezcla sea una opci\u00f3n perfecta para aquellos que aprecian un espresso con car\u00e1cter, pero a la vez, una suavidad que no resulta excesiva. El proceso innovador de preparaci\u00f3n resalta a\u00fan m\u00e1s la intensidad del sabor, garantizando una crema perfecta en cada taza. Con su combinaci\u00f3n de <strong data-start=\"1220\" data-end=\"1231\">Ar\u00e1bica<\/strong> y <strong data-start=\"1234\" data-end=\"1245\">Robusta<\/strong>, este espresso se convierte en un verdadero deleite para los paladares m\u00e1s exigentes.<\/p>\n<p class=\"\" data-start=\"1333\" data-end=\"1895\">Gracias a este pack de <strong data-start=\"1356\" data-end=\"1384\">100 c\u00e1psulas compatibles<\/strong>, disfrutar \u00a0es m\u00e1s f\u00e1cil y c\u00f3modo que nunca. Las c\u00e1psulas han sido dise\u00f1adas para ser utilizadas en m\u00e1quinas compatibles, permiti\u00e9ndote obtener una extracci\u00f3n perfecta en la comodidad de tu hogar o tu oficina, sin perder ni un gramo de sabor o frescura. No m\u00e1s complicaciones, solo la mejor calidad en cada taza, de manera r\u00e1pida y sencilla. Este pack es ideal para quienes disfrutan de un buen espresso en cualquier momento, sin tener que salir de casa para conseguirlo.<\/p>\n<p class=\"\" data-start=\"1897\" data-end=\"2429\">Cada c\u00e1psula de <strong data-start=\"1913\" data-end=\"1946\">Caf\u00e9 Espresso Intenso Lavazza<\/strong> garantiza una <strong data-start=\"1961\" data-end=\"1982\">extracci\u00f3n \u00f3ptima<\/strong> que preserva el sabor y la frescura del caf\u00e9 reci\u00e9n molido. Su dise\u00f1o asegura una infusi\u00f3n perfecta, entregando siempre una taza cremosa y equilibrada con la intensidad que caracteriza a este blend.<\/p>\n<p class=\"\" data-start=\"2431\" data-end=\"2832\">Este caf\u00e9 es ideal para quienes valoran la comodidad y la calidad. Las c\u00e1psulas permiten una preparaci\u00f3n r\u00e1pida sin perder en sabor ni en aroma, lo que hace que disfrutar de un espresso perfecto sea una experiencia f\u00e1cil y placentera. Ya sea para comenzar el d\u00eda con energ\u00eda o para disfrutar de una pausa relajante, \u00a0siempre estar\u00e1 a la altura de tus expectativas.<\/p>\n<p class=\"\" data-start=\"2834\" data-end=\"3205\">Si eres un amante del caf\u00e9 que busca una bebida de calidad, cremoso, equilibrado y lleno de sabor, no busques m\u00e1s:\u00a0es la opci\u00f3n perfecta para ti. Haz de este espresso tu elecci\u00f3n diaria y disfruta de una mezcla excepcional que deja una huella en tu paladar. \u00a1Hazlo tuyo ahora y disfruta de una experiencia cafetera \u00fanica en cada taza!<\/p>\n","protected":false},"excerpt":{"rendered":"<p>*VENTA POR CAJA DE 100 UNIDADES<\/p>\n","protected":false},"featured_media":22144,"comment_status":"closed","ping_status":"closed","template":"","meta":[],"product_brand":[220],"product_cat":[111,99,51],"product_tag":[],"class_list":{"0":"post-22143","1":"product","2":"type-product","3":"status-publish","4":"has-post-thumbnail","6":"product_brand-lavazza","7":"product_cat-cafe-capsula","8":"product_cat-consumibles","9":"product_cat-productos","11":"first","12":"instock","13":"taxable","14":"shipping-taxable","15":"purchasable","16":"product-type-simple"},"yoast_head":"<!-- This site is optimized with the Yoast SEO plugin v27.0 - https:\/\/yoast.com\/product\/yoast-seo-wordpress\/ -->\n<title>Caf\u00e9 Expresso Intenso Lavazza - Nomesvending<\/title>\n<meta name=\"description\" content=\"Disfruta de un Caf\u00e9 Expresso Intenso Lavazza con este pack de 100 c\u00e1psulas compatibles. Mezcla de Ar\u00e1bica y Robusta para un sabor\" \/>\n<meta name=\"robots\" content=\"index, follow, max-snippet:-1, max-image-preview:large, max-video-preview:-1\" \/>\n<link rel=\"canonical\" href=\"https:\/\/nomesvending.com\/web\/tienda\/productos\/consumibles\/cafe-capsula\/cafe-expresso-intenso\/\" \/>\n<meta property=\"og:locale\" content=\"es_ES\" \/>\n<meta property=\"og:type\" content=\"article\" \/>\n<meta property=\"og:title\" content=\"Caf\u00e9 Expresso Intenso Lavazza - Nomesvending\" \/>\n<meta property=\"og:description\" content=\"Disfruta de un Caf\u00e9 Expresso Intenso Lavazza con este pack de 100 c\u00e1psulas compatibles. Mezcla de Ar\u00e1bica y Robusta para un sabor\" \/>\n<meta property=\"og:url\" content=\"https:\/\/nomesvending.com\/web\/tienda\/productos\/consumibles\/cafe-capsula\/cafe-expresso-intenso\/\" \/>\n<meta property=\"og:site_name\" content=\"Nomesvending\" \/>\n<meta property=\"article:publisher\" content=\"https:\/\/www.facebook.com\/NomesVending\/\" \/>\n<meta property=\"article:modified_time\" content=\"2025-06-10T05:27:38+00:00\" \/>\n<meta property=\"og:image\" content=\"https:\/\/nomesvending.com\/web\/wp-content\/uploads\/2024\/10\/800312.png\" \/>\n\t<meta property=\"og:image:width\" content=\"500\" \/>\n\t<meta property=\"og:image:height\" content=\"500\" \/>\n\t<meta property=\"og:image:type\" content=\"image\/png\" \/>\n<meta name=\"twitter:card\" content=\"summary_large_image\" \/>\n<meta name=\"twitter:label1\" content=\"Tiempo de lectura\" \/>\n\t<meta name=\"twitter:data1\" content=\"3 minutos\" \/>\n<script type=\"application\/ld+json\" class=\"yoast-schema-graph\">{\"@context\":\"https:\/\/schema.org\",\"@graph\":[{\"@type\":\"WebPage\",\"@id\":\"https:\/\/nomesvending.com\/web\/tienda\/productos\/consumibles\/cafe-capsula\/cafe-expresso-intenso\/\",\"url\":\"https:\/\/nomesvending.com\/web\/tienda\/productos\/consumibles\/cafe-capsula\/cafe-expresso-intenso\/\",\"name\":\"Caf\u00e9 Expresso Intenso Lavazza - Nomesvending\",\"isPartOf\":{\"@id\":\"https:\/\/nomesvending.com\/web\/#website\"},\"primaryImageOfPage\":{\"@id\":\"https:\/\/nomesvending.com\/web\/tienda\/productos\/consumibles\/cafe-capsula\/cafe-expresso-intenso\/#primaryimage\"},\"image\":{\"@id\":\"https:\/\/nomesvending.com\/web\/tienda\/productos\/consumibles\/cafe-capsula\/cafe-expresso-intenso\/#primaryimage\"},\"thumbnailUrl\":\"https:\/\/nomesvending.com\/web\/wp-content\/uploads\/2024\/10\/800312.png\",\"datePublished\":\"2024-10-18T09:32:20+00:00\",\"dateModified\":\"2025-06-10T05:27:38+00:00\",\"description\":\"Disfruta de un Caf\u00e9 Expresso Intenso Lavazza con este pack de 100 c\u00e1psulas compatibles. Mezcla de Ar\u00e1bica y Robusta para un sabor\",\"breadcrumb\":{\"@id\":\"https:\/\/nomesvending.com\/web\/tienda\/productos\/consumibles\/cafe-capsula\/cafe-expresso-intenso\/#breadcrumb\"},\"inLanguage\":\"es\",\"potentialAction\":[{\"@type\":\"ReadAction\",\"target\":[\"https:\/\/nomesvending.com\/web\/tienda\/productos\/consumibles\/cafe-capsula\/cafe-expresso-intenso\/\"]}]},{\"@type\":\"ImageObject\",\"inLanguage\":\"es\",\"@id\":\"https:\/\/nomesvending.com\/web\/tienda\/productos\/consumibles\/cafe-capsula\/cafe-expresso-intenso\/#primaryimage\",\"url\":\"https:\/\/nomesvending.com\/web\/wp-content\/uploads\/2024\/10\/800312.png\",\"contentUrl\":\"https:\/\/nomesvending.com\/web\/wp-content\/uploads\/2024\/10\/800312.png\",\"width\":500,\"height\":500,\"caption\":\"Caf\u00e9 expresso intenso Lavazza\"},{\"@type\":\"BreadcrumbList\",\"@id\":\"https:\/\/nomesvending.com\/web\/tienda\/productos\/consumibles\/cafe-capsula\/cafe-expresso-intenso\/#breadcrumb\",\"itemListElement\":[{\"@type\":\"ListItem\",\"position\":1,\"name\":\"Portada\",\"item\":\"https:\/\/nomesvending.com\/web\/\"},{\"@type\":\"ListItem\",\"position\":2,\"name\":\"Tienda\",\"item\":\"https:\/\/nomesvending.com\/web\/tienda\/\"},{\"@type\":\"ListItem\",\"position\":3,\"name\":\"Caf\u00e9 Expresso Intenso Lavazza\"}]},{\"@type\":\"WebSite\",\"@id\":\"https:\/\/nomesvending.com\/web\/#website\",\"url\":\"https:\/\/nomesvending.com\/web\/\",\"name\":\"Nom\u00e9sVending\",\"description\":\"M\u00e1quinas, filtros, recambios, monederos, consumibles y todo lo que necesitas para el mundo del vending. Calidad y tecnolog\u00eda para tu negocio. \u00a1Descubre nuestras soluciones!\",\"publisher\":{\"@id\":\"https:\/\/nomesvending.com\/web\/#organization\"},\"potentialAction\":[{\"@type\":\"SearchAction\",\"target\":{\"@type\":\"EntryPoint\",\"urlTemplate\":\"https:\/\/nomesvending.com\/web\/?s={search_term_string}\"},\"query-input\":{\"@type\":\"PropertyValueSpecification\",\"valueRequired\":true,\"valueName\":\"search_term_string\"}}],\"inLanguage\":\"es\"},{\"@type\":\"Organization\",\"@id\":\"https:\/\/nomesvending.com\/web\/#organization\",\"name\":\"Nom\u00e9sVending\",\"url\":\"https:\/\/nomesvending.com\/web\/\",\"logo\":{\"@type\":\"ImageObject\",\"inLanguage\":\"es\",\"@id\":\"https:\/\/nomesvending.com\/web\/#\/schema\/logo\/image\/\",\"url\":\"https:\/\/nomesvending.com\/web\/wp-content\/uploads\/2026\/03\/Red-and-White-Modern-Vending-Machine-Services-Instagram-Post.png\",\"contentUrl\":\"https:\/\/nomesvending.com\/web\/wp-content\/uploads\/2026\/03\/Red-and-White-Modern-Vending-Machine-Services-Instagram-Post.png\",\"width\":1080,\"height\":1080,\"caption\":\"Nom\u00e9sVending\"},\"image\":{\"@id\":\"https:\/\/nomesvending.com\/web\/#\/schema\/logo\/image\/\"},\"sameAs\":[\"https:\/\/www.facebook.com\/NomesVending\/\",\"https:\/\/www.instagram.com\/nomesvending\/\"]}]}<\/script>\n<!-- \/ Yoast SEO plugin. -->","yoast_head_json":{"title":"Caf\u00e9 Expresso Intenso Lavazza - Nomesvending","description":"Disfruta de un Caf\u00e9 Expresso Intenso Lavazza con este pack de 100 c\u00e1psulas compatibles. Mezcla de Ar\u00e1bica y Robusta para un sabor","robots":{"index":"index","follow":"follow","max-snippet":"max-snippet:-1","max-image-preview":"max-image-preview:large","max-video-preview":"max-video-preview:-1"},"canonical":"https:\/\/nomesvending.com\/web\/tienda\/productos\/consumibles\/cafe-capsula\/cafe-expresso-intenso\/","og_locale":"es_ES","og_type":"article","og_title":"Caf\u00e9 Expresso Intenso Lavazza - Nomesvending","og_description":"Disfruta de un Caf\u00e9 Expresso Intenso Lavazza con este pack de 100 c\u00e1psulas compatibles. Mezcla de Ar\u00e1bica y Robusta para un sabor","og_url":"https:\/\/nomesvending.com\/web\/tienda\/productos\/consumibles\/cafe-capsula\/cafe-expresso-intenso\/","og_site_name":"Nomesvending","article_publisher":"https:\/\/www.facebook.com\/NomesVending\/","article_modified_time":"2025-06-10T05:27:38+00:00","og_image":[{"width":500,"height":500,"url":"https:\/\/nomesvending.com\/web\/wp-content\/uploads\/2024\/10\/800312.png","type":"image\/png"}],"twitter_card":"summary_large_image","twitter_misc":{"Tiempo de lectura":"3 minutos"},"schema":{"@context":"https:\/\/schema.org","@graph":[{"@type":"WebPage","@id":"https:\/\/nomesvending.com\/web\/tienda\/productos\/consumibles\/cafe-capsula\/cafe-expresso-intenso\/","url":"https:\/\/nomesvending.com\/web\/tienda\/productos\/consumibles\/cafe-capsula\/cafe-expresso-intenso\/","name":"Caf\u00e9 Expresso Intenso Lavazza - Nomesvending","isPartOf":{"@id":"https:\/\/nomesvending.com\/web\/#website"},"primaryImageOfPage":{"@id":"https:\/\/nomesvending.com\/web\/tienda\/productos\/consumibles\/cafe-capsula\/cafe-expresso-intenso\/#primaryimage"},"image":{"@id":"https:\/\/nomesvending.com\/web\/tienda\/productos\/consumibles\/cafe-capsula\/cafe-expresso-intenso\/#primaryimage"},"thumbnailUrl":"https:\/\/nomesvending.com\/web\/wp-content\/uploads\/2024\/10\/800312.png","datePublished":"2024-10-18T09:32:20+00:00","dateModified":"2025-06-10T05:27:38+00:00","description":"Disfruta de un Caf\u00e9 Expresso Intenso Lavazza con este pack de 100 c\u00e1psulas compatibles. Mezcla de Ar\u00e1bica y Robusta para un sabor","breadcrumb":{"@id":"https:\/\/nomesvending.com\/web\/tienda\/productos\/consumibles\/cafe-capsula\/cafe-expresso-intenso\/#breadcrumb"},"inLanguage":"es","potentialAction":[{"@type":"ReadAction","target":["https:\/\/nomesvending.com\/web\/tienda\/productos\/consumibles\/cafe-capsula\/cafe-expresso-intenso\/"]}]},{"@type":"ImageObject","inLanguage":"es","@id":"https:\/\/nomesvending.com\/web\/tienda\/productos\/consumibles\/cafe-capsula\/cafe-expresso-intenso\/#primaryimage","url":"https:\/\/nomesvending.com\/web\/wp-content\/uploads\/2024\/10\/800312.png","contentUrl":"https:\/\/nomesvending.com\/web\/wp-content\/uploads\/2024\/10\/800312.png","width":500,"height":500,"caption":"Caf\u00e9 expresso intenso Lavazza"},{"@type":"BreadcrumbList","@id":"https:\/\/nomesvending.com\/web\/tienda\/productos\/consumibles\/cafe-capsula\/cafe-expresso-intenso\/#breadcrumb","itemListElement":[{"@type":"ListItem","position":1,"name":"Portada","item":"https:\/\/nomesvending.com\/web\/"},{"@type":"ListItem","position":2,"name":"Tienda","item":"https:\/\/nomesvending.com\/web\/tienda\/"},{"@type":"ListItem","position":3,"name":"Caf\u00e9 Expresso Intenso Lavazza"}]},{"@type":"WebSite","@id":"https:\/\/nomesvending.com\/web\/#website","url":"https:\/\/nomesvending.com\/web\/","name":"Nom\u00e9sVending","description":"M\u00e1quinas, filtros, recambios, monederos, consumibles y todo lo que necesitas para el mundo del vending. Calidad y tecnolog\u00eda para tu negocio. \u00a1Descubre nuestras soluciones!","publisher":{"@id":"https:\/\/nomesvending.com\/web\/#organization"},"potentialAction":[{"@type":"SearchAction","target":{"@type":"EntryPoint","urlTemplate":"https:\/\/nomesvending.com\/web\/?s={search_term_string}"},"query-input":{"@type":"PropertyValueSpecification","valueRequired":true,"valueName":"search_term_string"}}],"inLanguage":"es"},{"@type":"Organization","@id":"https:\/\/nomesvending.com\/web\/#organization","name":"Nom\u00e9sVending","url":"https:\/\/nomesvending.com\/web\/","logo":{"@type":"ImageObject","inLanguage":"es","@id":"https:\/\/nomesvending.com\/web\/#\/schema\/logo\/image\/","url":"https:\/\/nomesvending.com\/web\/wp-content\/uploads\/2026\/03\/Red-and-White-Modern-Vending-Machine-Services-Instagram-Post.png","contentUrl":"https:\/\/nomesvending.com\/web\/wp-content\/uploads\/2026\/03\/Red-and-White-Modern-Vending-Machine-Services-Instagram-Post.png","width":1080,"height":1080,"caption":"Nom\u00e9sVending"},"image":{"@id":"https:\/\/nomesvending.com\/web\/#\/schema\/logo\/image\/"},"sameAs":["https:\/\/www.facebook.com\/NomesVending\/","https:\/\/www.instagram.com\/nomesvending\/"]}]}},"_links":{"self":[{"href":"https:\/\/nomesvending.com\/web\/wp-json\/wp\/v2\/product\/22143","targetHints":{"allow":["GET"]}}],"collection":[{"href":"https:\/\/nomesvending.com\/web\/wp-json\/wp\/v2\/product"}],"about":[{"href":"https:\/\/nomesvending.com\/web\/wp-json\/wp\/v2\/types\/product"}],"replies":[{"embeddable":true,"href":"https:\/\/nomesvending.com\/web\/wp-json\/wp\/v2\/comments?post=22143"}],"wp:featuredmedia":[{"embeddable":true,"href":"https:\/\/nomesvending.com\/web\/wp-json\/wp\/v2\/media\/22144"}],"wp:attachment":[{"href":"https:\/\/nomesvending.com\/web\/wp-json\/wp\/v2\/media?parent=22143"}],"wp:term":[{"taxonomy":"product_brand","embeddable":true,"href":"https:\/\/nomesvending.com\/web\/wp-json\/wp\/v2\/product_brand?post=22143"},{"taxonomy":"product_cat","embeddable":true,"href":"https:\/\/nomesvending.com\/web\/wp-json\/wp\/v2\/product_cat?post=22143"},{"taxonomy":"product_tag","embeddable":true,"href":"https:\/\/nomesvending.com\/web\/wp-json\/wp\/v2\/product_tag?post=22143"}],"curies":[{"name":"wp","href":"https:\/\/api.w.org\/{rel}","templated":true}]}}