{"id":22146,"date":"2024-10-18T09:37:31","date_gmt":"2024-10-18T09:37:31","guid":{"rendered":"https:\/\/nomesvending.com\/web\/?post_type=product&#038;p=22146"},"modified":"2025-06-10T05:27:31","modified_gmt":"2025-06-10T05:27:31","slug":"cafe-crema-lungo-lavazza","status":"publish","type":"product","link":"https:\/\/nomesvending.com\/web\/tienda\/productos\/consumibles\/cafe-capsula\/cafe-crema-lungo-lavazza\/","title":{"rendered":"Caf\u00e9 Crema Lungo Lavazza"},"content":{"rendered":"<h3 class=\"\" data-start=\"0\" data-end=\"78\"><strong data-start=\"4\" data-end=\"76\">Caf\u00e9 Crema Lungo Lavazza \u2013 Pack de 100 Unidades<\/strong><\/h3>\n<p class=\"\" data-start=\"80\" data-end=\"409\">Disfruta de un caf\u00e9 de alta calidad con este pack de 100 c\u00e1psulas compatibles con las m\u00e1quinas Caf\u00e9 Crema Lungo Lavazza. Elaborado con granos <strong data-start=\"214\" data-end=\"231\">100 % Ar\u00e1bica<\/strong>, este caf\u00e9 ofrece un perfil de sabor equilibrado, con notas arom\u00e1ticas suaves y una intensidad de <strong data-start=\"330\" data-end=\"338\">7\/10<\/strong>, ideal para quienes buscan un espresso armonioso y lleno de matices.<\/p>\n<p class=\"\" data-start=\"411\" data-end=\"739\">Cada c\u00e1psula ha sido dise\u00f1ada para preservar toda la frescura y el aroma del caf\u00e9, asegurando una extracci\u00f3n \u00f3ptima y una crema aterciopelada en cada taza. Gracias a su compatibilidad con las m\u00e1quinas Lavazza Blue, podr\u00e1s preparar un caf\u00e9 de calidad profesional de manera r\u00e1pida y sencilla, sin complicaciones ni desperdicios.<\/p>\n<p class=\"\" data-start=\"741\" data-end=\"1045\">Este caf\u00e9 destaca por su tueste cuidadosamente seleccionado, que resalta su sabor refinado y una acidez equilibrada. Su perfil arom\u00e1tico lo convierte en una excelente opci\u00f3n para disfrutar en cualquier momento del d\u00eda, ya sea solo, con leche o en combinaciones m\u00e1s elaboradas como cappuccinos y lattes.<\/p>\n<p class=\"\" data-start=\"1047\" data-end=\"1377\">El pack de <strong data-start=\"1058\" data-end=\"1074\">100 c\u00e1psulas<\/strong> es ideal tanto para el consumo diario en casa como para oficinas y entornos laborales donde se valora un buen caf\u00e9 con la comodidad de un sistema de c\u00e1psulas. Su formato pr\u00e1ctico permite almacenar y conservar las c\u00e1psulas en perfectas condiciones, asegurando la mejor experiencia en cada preparaci\u00f3n.<\/p>\n<p class=\"\" data-start=\"1379\" data-end=\"1627\">Descubre el placer de un espresso aut\u00e9ntico con estas c\u00e1psulas compatibles con Lavazza Blue y disfruta de una experiencia \u00fanica con cada sorbo. Encuentra este caf\u00e9 en NomesVending y aseg\u00farate de tener siempre a mano una taza de calidad excepcional.<\/p>\n","protected":false},"excerpt":{"rendered":"<p>*VENTA POR CAJA DE 100 UNIDADES<\/p>\n","protected":false},"featured_media":22147,"comment_status":"closed","ping_status":"closed","template":"","meta":[],"product_brand":[220],"product_cat":[111,99,51],"product_tag":[215],"class_list":{"0":"post-22146","1":"product","2":"type-product","3":"status-publish","4":"has-post-thumbnail","6":"product_brand-lavazza","7":"product_cat-cafe-capsula","8":"product_cat-consumibles","9":"product_cat-productos","10":"product_tag-cafe-crema-lungo-lavazza","12":"first","13":"instock","14":"taxable","15":"shipping-taxable","16":"purchasable","17":"product-type-simple"},"yoast_head":"<!-- This site is optimized with the Yoast SEO plugin v27.0 - https:\/\/yoast.com\/product\/yoast-seo-wordpress\/ -->\n<title>Caf\u00e9 Crema Lungo Lavazza - Nomesvending<\/title>\n<meta name=\"description\" content=\"Disfruta de un Caf\u00e9 Crema Lungo Lavazza con este pack de 100 c\u00e1psulas compatibles con Lavazza Blue. Elaborado con granos 100 % Ar\u00e1bica e intensidad 7\/10,\" \/>\n<meta name=\"robots\" content=\"index, follow, max-snippet:-1, max-image-preview:large, max-video-preview:-1, noarchive\" \/>\n<link rel=\"canonical\" href=\"https:\/\/nomesvending.com\/web\/tienda\/productos\/consumibles\/cafe-capsula\/cafe-crema-lungo-lavazza\/\" \/>\n<meta property=\"og:locale\" content=\"es_ES\" \/>\n<meta property=\"og:type\" content=\"article\" \/>\n<meta property=\"og:title\" content=\"Caf\u00e9 Crema Lungo Lavazza - Nomesvending\" \/>\n<meta property=\"og:description\" content=\"Disfruta de un Caf\u00e9 Crema Lungo Lavazza con este pack de 100 c\u00e1psulas compatibles con Lavazza Blue. Elaborado con granos 100 % Ar\u00e1bica e intensidad 7\/10,\" \/>\n<meta property=\"og:url\" content=\"https:\/\/nomesvending.com\/web\/tienda\/productos\/consumibles\/cafe-capsula\/cafe-crema-lungo-lavazza\/\" \/>\n<meta property=\"og:site_name\" content=\"Nomesvending\" \/>\n<meta property=\"article:publisher\" content=\"https:\/\/www.facebook.com\/NomesVending\/\" \/>\n<meta property=\"article:modified_time\" content=\"2025-06-10T05:27:31+00:00\" \/>\n<meta property=\"og:image\" content=\"https:\/\/nomesvending.com\/web\/wp-content\/uploads\/2024\/10\/800313.png\" \/>\n\t<meta property=\"og:image:width\" content=\"500\" \/>\n\t<meta property=\"og:image:height\" content=\"500\" \/>\n\t<meta property=\"og:image:type\" content=\"image\/png\" \/>\n<meta name=\"twitter:card\" content=\"summary_large_image\" \/>\n<meta name=\"twitter:label1\" content=\"Tiempo de lectura\" \/>\n\t<meta name=\"twitter:data1\" content=\"2 minutos\" \/>\n<script type=\"application\/ld+json\" class=\"yoast-schema-graph\">{\"@context\":\"https:\/\/schema.org\",\"@graph\":[{\"@type\":\"WebPage\",\"@id\":\"https:\/\/nomesvending.com\/web\/tienda\/productos\/consumibles\/cafe-capsula\/cafe-crema-lungo-lavazza\/\",\"url\":\"https:\/\/nomesvending.com\/web\/tienda\/productos\/consumibles\/cafe-capsula\/cafe-crema-lungo-lavazza\/\",\"name\":\"Caf\u00e9 Crema Lungo Lavazza - Nomesvending\",\"isPartOf\":{\"@id\":\"https:\/\/nomesvending.com\/web\/#website\"},\"primaryImageOfPage\":{\"@id\":\"https:\/\/nomesvending.com\/web\/tienda\/productos\/consumibles\/cafe-capsula\/cafe-crema-lungo-lavazza\/#primaryimage\"},\"image\":{\"@id\":\"https:\/\/nomesvending.com\/web\/tienda\/productos\/consumibles\/cafe-capsula\/cafe-crema-lungo-lavazza\/#primaryimage\"},\"thumbnailUrl\":\"https:\/\/nomesvending.com\/web\/wp-content\/uploads\/2024\/10\/800313.png\",\"datePublished\":\"2024-10-18T09:37:31+00:00\",\"dateModified\":\"2025-06-10T05:27:31+00:00\",\"description\":\"Disfruta de un Caf\u00e9 Crema Lungo Lavazza con este pack de 100 c\u00e1psulas compatibles con Lavazza Blue. Elaborado con granos 100 % Ar\u00e1bica e intensidad 7\/10,\",\"breadcrumb\":{\"@id\":\"https:\/\/nomesvending.com\/web\/tienda\/productos\/consumibles\/cafe-capsula\/cafe-crema-lungo-lavazza\/#breadcrumb\"},\"inLanguage\":\"es\",\"potentialAction\":[{\"@type\":\"ReadAction\",\"target\":[\"https:\/\/nomesvending.com\/web\/tienda\/productos\/consumibles\/cafe-capsula\/cafe-crema-lungo-lavazza\/\"]}]},{\"@type\":\"ImageObject\",\"inLanguage\":\"es\",\"@id\":\"https:\/\/nomesvending.com\/web\/tienda\/productos\/consumibles\/cafe-capsula\/cafe-crema-lungo-lavazza\/#primaryimage\",\"url\":\"https:\/\/nomesvending.com\/web\/wp-content\/uploads\/2024\/10\/800313.png\",\"contentUrl\":\"https:\/\/nomesvending.com\/web\/wp-content\/uploads\/2024\/10\/800313.png\",\"width\":500,\"height\":500,\"caption\":\"Caf\u00e9 Crema Lungo Lavazza\"},{\"@type\":\"BreadcrumbList\",\"@id\":\"https:\/\/nomesvending.com\/web\/tienda\/productos\/consumibles\/cafe-capsula\/cafe-crema-lungo-lavazza\/#breadcrumb\",\"itemListElement\":[{\"@type\":\"ListItem\",\"position\":1,\"name\":\"Portada\",\"item\":\"https:\/\/nomesvending.com\/web\/\"},{\"@type\":\"ListItem\",\"position\":2,\"name\":\"Tienda\",\"item\":\"https:\/\/nomesvending.com\/web\/tienda\/\"},{\"@type\":\"ListItem\",\"position\":3,\"name\":\"Caf\u00e9 Crema Lungo Lavazza\"}]},{\"@type\":\"WebSite\",\"@id\":\"https:\/\/nomesvending.com\/web\/#website\",\"url\":\"https:\/\/nomesvending.com\/web\/\",\"name\":\"Nom\u00e9sVending\",\"description\":\"M\u00e1quinas, filtros, recambios, monederos, consumibles y todo lo que necesitas para el mundo del vending. Calidad y tecnolog\u00eda para tu negocio. \u00a1Descubre nuestras soluciones!\",\"publisher\":{\"@id\":\"https:\/\/nomesvending.com\/web\/#organization\"},\"potentialAction\":[{\"@type\":\"SearchAction\",\"target\":{\"@type\":\"EntryPoint\",\"urlTemplate\":\"https:\/\/nomesvending.com\/web\/?s={search_term_string}\"},\"query-input\":{\"@type\":\"PropertyValueSpecification\",\"valueRequired\":true,\"valueName\":\"search_term_string\"}}],\"inLanguage\":\"es\"},{\"@type\":\"Organization\",\"@id\":\"https:\/\/nomesvending.com\/web\/#organization\",\"name\":\"Nom\u00e9sVending\",\"url\":\"https:\/\/nomesvending.com\/web\/\",\"logo\":{\"@type\":\"ImageObject\",\"inLanguage\":\"es\",\"@id\":\"https:\/\/nomesvending.com\/web\/#\/schema\/logo\/image\/\",\"url\":\"https:\/\/nomesvending.com\/web\/wp-content\/uploads\/2026\/03\/Red-and-White-Modern-Vending-Machine-Services-Instagram-Post.png\",\"contentUrl\":\"https:\/\/nomesvending.com\/web\/wp-content\/uploads\/2026\/03\/Red-and-White-Modern-Vending-Machine-Services-Instagram-Post.png\",\"width\":1080,\"height\":1080,\"caption\":\"Nom\u00e9sVending\"},\"image\":{\"@id\":\"https:\/\/nomesvending.com\/web\/#\/schema\/logo\/image\/\"},\"sameAs\":[\"https:\/\/www.facebook.com\/NomesVending\/\",\"https:\/\/www.instagram.com\/nomesvending\/\"]}]}<\/script>\n<!-- \/ Yoast SEO plugin. -->","yoast_head_json":{"title":"Caf\u00e9 Crema Lungo Lavazza - Nomesvending","description":"Disfruta de un Caf\u00e9 Crema Lungo Lavazza con este pack de 100 c\u00e1psulas compatibles con Lavazza Blue. Elaborado con granos 100 % Ar\u00e1bica e intensidad 7\/10,","robots":{"index":"index","follow":"follow","max-snippet":"max-snippet:-1","max-image-preview":"max-image-preview:large","max-video-preview":"max-video-preview:-1","archive":"noarchive"},"canonical":"https:\/\/nomesvending.com\/web\/tienda\/productos\/consumibles\/cafe-capsula\/cafe-crema-lungo-lavazza\/","og_locale":"es_ES","og_type":"article","og_title":"Caf\u00e9 Crema Lungo Lavazza - Nomesvending","og_description":"Disfruta de un Caf\u00e9 Crema Lungo Lavazza con este pack de 100 c\u00e1psulas compatibles con Lavazza Blue. Elaborado con granos 100 % Ar\u00e1bica e intensidad 7\/10,","og_url":"https:\/\/nomesvending.com\/web\/tienda\/productos\/consumibles\/cafe-capsula\/cafe-crema-lungo-lavazza\/","og_site_name":"Nomesvending","article_publisher":"https:\/\/www.facebook.com\/NomesVending\/","article_modified_time":"2025-06-10T05:27:31+00:00","og_image":[{"width":500,"height":500,"url":"https:\/\/nomesvending.com\/web\/wp-content\/uploads\/2024\/10\/800313.png","type":"image\/png"}],"twitter_card":"summary_large_image","twitter_misc":{"Tiempo de lectura":"2 minutos"},"schema":{"@context":"https:\/\/schema.org","@graph":[{"@type":"WebPage","@id":"https:\/\/nomesvending.com\/web\/tienda\/productos\/consumibles\/cafe-capsula\/cafe-crema-lungo-lavazza\/","url":"https:\/\/nomesvending.com\/web\/tienda\/productos\/consumibles\/cafe-capsula\/cafe-crema-lungo-lavazza\/","name":"Caf\u00e9 Crema Lungo Lavazza - Nomesvending","isPartOf":{"@id":"https:\/\/nomesvending.com\/web\/#website"},"primaryImageOfPage":{"@id":"https:\/\/nomesvending.com\/web\/tienda\/productos\/consumibles\/cafe-capsula\/cafe-crema-lungo-lavazza\/#primaryimage"},"image":{"@id":"https:\/\/nomesvending.com\/web\/tienda\/productos\/consumibles\/cafe-capsula\/cafe-crema-lungo-lavazza\/#primaryimage"},"thumbnailUrl":"https:\/\/nomesvending.com\/web\/wp-content\/uploads\/2024\/10\/800313.png","datePublished":"2024-10-18T09:37:31+00:00","dateModified":"2025-06-10T05:27:31+00:00","description":"Disfruta de un Caf\u00e9 Crema Lungo Lavazza con este pack de 100 c\u00e1psulas compatibles con Lavazza Blue. Elaborado con granos 100 % Ar\u00e1bica e intensidad 7\/10,","breadcrumb":{"@id":"https:\/\/nomesvending.com\/web\/tienda\/productos\/consumibles\/cafe-capsula\/cafe-crema-lungo-lavazza\/#breadcrumb"},"inLanguage":"es","potentialAction":[{"@type":"ReadAction","target":["https:\/\/nomesvending.com\/web\/tienda\/productos\/consumibles\/cafe-capsula\/cafe-crema-lungo-lavazza\/"]}]},{"@type":"ImageObject","inLanguage":"es","@id":"https:\/\/nomesvending.com\/web\/tienda\/productos\/consumibles\/cafe-capsula\/cafe-crema-lungo-lavazza\/#primaryimage","url":"https:\/\/nomesvending.com\/web\/wp-content\/uploads\/2024\/10\/800313.png","contentUrl":"https:\/\/nomesvending.com\/web\/wp-content\/uploads\/2024\/10\/800313.png","width":500,"height":500,"caption":"Caf\u00e9 Crema Lungo Lavazza"},{"@type":"BreadcrumbList","@id":"https:\/\/nomesvending.com\/web\/tienda\/productos\/consumibles\/cafe-capsula\/cafe-crema-lungo-lavazza\/#breadcrumb","itemListElement":[{"@type":"ListItem","position":1,"name":"Portada","item":"https:\/\/nomesvending.com\/web\/"},{"@type":"ListItem","position":2,"name":"Tienda","item":"https:\/\/nomesvending.com\/web\/tienda\/"},{"@type":"ListItem","position":3,"name":"Caf\u00e9 Crema Lungo Lavazza"}]},{"@type":"WebSite","@id":"https:\/\/nomesvending.com\/web\/#website","url":"https:\/\/nomesvending.com\/web\/","name":"Nom\u00e9sVending","description":"M\u00e1quinas, filtros, recambios, monederos, consumibles y todo lo que necesitas para el mundo del vending. Calidad y tecnolog\u00eda para tu negocio. \u00a1Descubre nuestras soluciones!","publisher":{"@id":"https:\/\/nomesvending.com\/web\/#organization"},"potentialAction":[{"@type":"SearchAction","target":{"@type":"EntryPoint","urlTemplate":"https:\/\/nomesvending.com\/web\/?s={search_term_string}"},"query-input":{"@type":"PropertyValueSpecification","valueRequired":true,"valueName":"search_term_string"}}],"inLanguage":"es"},{"@type":"Organization","@id":"https:\/\/nomesvending.com\/web\/#organization","name":"Nom\u00e9sVending","url":"https:\/\/nomesvending.com\/web\/","logo":{"@type":"ImageObject","inLanguage":"es","@id":"https:\/\/nomesvending.com\/web\/#\/schema\/logo\/image\/","url":"https:\/\/nomesvending.com\/web\/wp-content\/uploads\/2026\/03\/Red-and-White-Modern-Vending-Machine-Services-Instagram-Post.png","contentUrl":"https:\/\/nomesvending.com\/web\/wp-content\/uploads\/2026\/03\/Red-and-White-Modern-Vending-Machine-Services-Instagram-Post.png","width":1080,"height":1080,"caption":"Nom\u00e9sVending"},"image":{"@id":"https:\/\/nomesvending.com\/web\/#\/schema\/logo\/image\/"},"sameAs":["https:\/\/www.facebook.com\/NomesVending\/","https:\/\/www.instagram.com\/nomesvending\/"]}]}},"_links":{"self":[{"href":"https:\/\/nomesvending.com\/web\/wp-json\/wp\/v2\/product\/22146","targetHints":{"allow":["GET"]}}],"collection":[{"href":"https:\/\/nomesvending.com\/web\/wp-json\/wp\/v2\/product"}],"about":[{"href":"https:\/\/nomesvending.com\/web\/wp-json\/wp\/v2\/types\/product"}],"replies":[{"embeddable":true,"href":"https:\/\/nomesvending.com\/web\/wp-json\/wp\/v2\/comments?post=22146"}],"wp:featuredmedia":[{"embeddable":true,"href":"https:\/\/nomesvending.com\/web\/wp-json\/wp\/v2\/media\/22147"}],"wp:attachment":[{"href":"https:\/\/nomesvending.com\/web\/wp-json\/wp\/v2\/media?parent=22146"}],"wp:term":[{"taxonomy":"product_brand","embeddable":true,"href":"https:\/\/nomesvending.com\/web\/wp-json\/wp\/v2\/product_brand?post=22146"},{"taxonomy":"product_cat","embeddable":true,"href":"https:\/\/nomesvending.com\/web\/wp-json\/wp\/v2\/product_cat?post=22146"},{"taxonomy":"product_tag","embeddable":true,"href":"https:\/\/nomesvending.com\/web\/wp-json\/wp\/v2\/product_tag?post=22146"}],"curies":[{"name":"wp","href":"https:\/\/api.w.org\/{rel}","templated":true}]}}