{"id":22289,"date":"2024-11-16T08:37:53","date_gmt":"2024-11-16T08:37:53","guid":{"rendered":"https:\/\/nomesvending.com\/web\/?post_type=product&#038;p=22289"},"modified":"2026-01-20T09:21:22","modified_gmt":"2026-01-20T09:21:22","slug":"magic-b2","status":"publish","type":"product","link":"https:\/\/nomesvending.com\/web\/tienda\/ofertas\/cafeteras-ofertas\/magic-b2\/","title":{"rendered":"MAGIC B2"},"content":{"rendered":"<p><a style=\"display: inline-block; background-color: #a1a895; color: #ffffff; padding: 10px 20px; border-radius: 5px; text-decoration: none; font-weight: bold; font-family: sans-serif;\" href=\"https:\/\/nomesvending.com\/web\/wp-content\/uploads\/2024\/05\/Magic-Sp.pdf\" target=\"_blank\" rel=\"noopener\"> Descarga Cat\u00e1logo<\/a><\/p>\n<h4><strong>Especificaciones T\u00e9cnicas<\/strong>:<\/h4>\n<ul>\n<li><strong>Salidas<\/strong>:\n<ul>\n<li><strong>2 para leche<\/strong>.<\/li>\n<li><strong>2 para caf\u00e9<\/strong>.<\/li>\n<li><strong>1 para agua caliente<\/strong>.<\/li>\n<\/ul>\n<\/li>\n<li><strong>Capuchinador silencioso<\/strong>:\n<ul>\n<li>Nuevo sistema de limpieza patentado.<\/li>\n<li>Permite preparar <strong>dobles bebidas con leche<\/strong>.<\/li>\n<\/ul>\n<\/li>\n<li><strong>Pantalla t\u00e1ctil<\/strong>:\n<ul>\n<li>Tama\u00f1o: <strong>7 pulgadas<\/strong>.<\/li>\n<li>Interfaz intuitiva y moderna.<\/li>\n<\/ul>\n<\/li>\n<li><strong>C\u00e1mara de caf\u00e9 variable<\/strong>:\n<ul>\n<li>Ideal para <strong>dobles caf\u00e9s<\/strong>.<\/li>\n<\/ul>\n<\/li>\n<li><strong>Sistema interno<\/strong>:\n<ul>\n<li><strong>Doble circuito y caldera dual<\/strong> para mayor eficiencia.<\/li>\n<\/ul>\n<\/li>\n<\/ul>\n<ul>\n<li><strong>Capacidad<\/strong>:\n<ul>\n<li>Caf\u00e9 en grano: <strong>600 g<\/strong>.<\/li>\n<li>Tanque de agua: <strong>2,5 l<\/strong>.<\/li>\n<\/ul>\n<\/li>\n<li><strong>Dimensiones<\/strong>:\n<ul>\n<li><strong>Ancho<\/strong>: 280 mm.<\/li>\n<li><strong>Alto<\/strong>: 435 mm.<\/li>\n<li><strong>Fondo<\/strong>: 481 mm.<\/li>\n<\/ul>\n<\/li>\n<li><strong>Peso<\/strong>: <strong>14,3 kg<\/strong>.<\/li>\n<\/ul>\n","protected":false},"excerpt":{"rendered":"<p>Descarga Cat\u00e1logo Especificaciones T\u00e9cnicas: Salidas: 2 para leche. 2 para caf\u00e9. 1 para agua caliente. Capuchinador silencioso: Nuevo sistema de limpieza patentado. Permite preparar dobles bebidas con leche. Pantalla t\u00e1ctil: Tama\u00f1o: 7 pulgadas. Interfaz intuitiva y moderna. C\u00e1mara de caf\u00e9 variable: Ideal para dobles caf\u00e9s. Sistema interno: Doble circuito y caldera dual para mayor eficiencia. [&hellip;]<\/p>\n","protected":false},"featured_media":22286,"comment_status":"closed","ping_status":"closed","template":"","meta":[],"product_brand":[],"product_cat":[203,190,151,201],"product_tag":[],"class_list":{"0":"post-22289","1":"product","2":"type-product","3":"status-publish","4":"has-post-thumbnail","6":"product_cat-cafeteras-ofertas","7":"product_cat-cafeteras","8":"product_cat-maquinas","9":"product_cat-ofertas","11":"first","12":"instock","13":"taxable","14":"shipping-taxable","15":"purchasable","16":"product-type-simple"},"yoast_head":"<!-- This site is optimized with the Yoast SEO plugin v27.0 - https:\/\/yoast.com\/product\/yoast-seo-wordpress\/ -->\n<title>MAGIC B2 - Nomesvending<\/title>\n<meta name=\"robots\" content=\"index, follow, max-snippet:-1, max-image-preview:large, max-video-preview:-1\" \/>\n<link rel=\"canonical\" href=\"https:\/\/nomesvending.com\/web\/tienda\/ofertas\/cafeteras-ofertas\/magic-b2\/\" \/>\n<meta property=\"og:locale\" content=\"es_ES\" \/>\n<meta property=\"og:type\" content=\"article\" \/>\n<meta property=\"og:title\" content=\"MAGIC B2 - Nomesvending\" \/>\n<meta property=\"og:description\" content=\"Descarga Cat\u00e1logo Especificaciones T\u00e9cnicas: Salidas: 2 para leche. 2 para caf\u00e9. 1 para agua caliente. Capuchinador silencioso: Nuevo sistema de limpieza patentado. Permite preparar dobles bebidas con leche. Pantalla t\u00e1ctil: Tama\u00f1o: 7 pulgadas. Interfaz intuitiva y moderna. C\u00e1mara de caf\u00e9 variable: Ideal para dobles caf\u00e9s. Sistema interno: Doble circuito y caldera dual para mayor eficiencia. [&hellip;]\" \/>\n<meta property=\"og:url\" content=\"https:\/\/nomesvending.com\/web\/tienda\/ofertas\/cafeteras-ofertas\/magic-b2\/\" \/>\n<meta property=\"og:site_name\" content=\"Nomesvending\" \/>\n<meta property=\"article:publisher\" content=\"https:\/\/www.facebook.com\/NomesVending\/\" \/>\n<meta property=\"article:modified_time\" content=\"2026-01-20T09:21:22+00:00\" \/>\n<meta property=\"og:image\" content=\"https:\/\/nomesvending.com\/web\/wp-content\/uploads\/2024\/11\/9J0401.jpg\" \/>\n\t<meta property=\"og:image:width\" content=\"500\" \/>\n\t<meta property=\"og:image:height\" content=\"500\" \/>\n\t<meta property=\"og:image:type\" content=\"image\/jpeg\" \/>\n<meta name=\"twitter:card\" content=\"summary_large_image\" \/>\n<meta name=\"twitter:label1\" content=\"Tiempo de lectura\" \/>\n\t<meta name=\"twitter:data1\" content=\"1 minuto\" \/>\n<script type=\"application\/ld+json\" class=\"yoast-schema-graph\">{\"@context\":\"https:\/\/schema.org\",\"@graph\":[{\"@type\":\"WebPage\",\"@id\":\"https:\/\/nomesvending.com\/web\/tienda\/ofertas\/cafeteras-ofertas\/magic-b2\/\",\"url\":\"https:\/\/nomesvending.com\/web\/tienda\/ofertas\/cafeteras-ofertas\/magic-b2\/\",\"name\":\"MAGIC B2 - Nomesvending\",\"isPartOf\":{\"@id\":\"https:\/\/nomesvending.com\/web\/#website\"},\"primaryImageOfPage\":{\"@id\":\"https:\/\/nomesvending.com\/web\/tienda\/ofertas\/cafeteras-ofertas\/magic-b2\/#primaryimage\"},\"image\":{\"@id\":\"https:\/\/nomesvending.com\/web\/tienda\/ofertas\/cafeteras-ofertas\/magic-b2\/#primaryimage\"},\"thumbnailUrl\":\"https:\/\/nomesvending.com\/web\/wp-content\/uploads\/2024\/11\/9J0401.jpg\",\"datePublished\":\"2024-11-16T08:37:53+00:00\",\"dateModified\":\"2026-01-20T09:21:22+00:00\",\"breadcrumb\":{\"@id\":\"https:\/\/nomesvending.com\/web\/tienda\/ofertas\/cafeteras-ofertas\/magic-b2\/#breadcrumb\"},\"inLanguage\":\"es\",\"potentialAction\":[{\"@type\":\"ReadAction\",\"target\":[\"https:\/\/nomesvending.com\/web\/tienda\/ofertas\/cafeteras-ofertas\/magic-b2\/\"]}]},{\"@type\":\"ImageObject\",\"inLanguage\":\"es\",\"@id\":\"https:\/\/nomesvending.com\/web\/tienda\/ofertas\/cafeteras-ofertas\/magic-b2\/#primaryimage\",\"url\":\"https:\/\/nomesvending.com\/web\/wp-content\/uploads\/2024\/11\/9J0401.jpg\",\"contentUrl\":\"https:\/\/nomesvending.com\/web\/wp-content\/uploads\/2024\/11\/9J0401.jpg\",\"width\":500,\"height\":500},{\"@type\":\"BreadcrumbList\",\"@id\":\"https:\/\/nomesvending.com\/web\/tienda\/ofertas\/cafeteras-ofertas\/magic-b2\/#breadcrumb\",\"itemListElement\":[{\"@type\":\"ListItem\",\"position\":1,\"name\":\"Portada\",\"item\":\"https:\/\/nomesvending.com\/web\/\"},{\"@type\":\"ListItem\",\"position\":2,\"name\":\"Tienda\",\"item\":\"https:\/\/nomesvending.com\/web\/tienda\/\"},{\"@type\":\"ListItem\",\"position\":3,\"name\":\"MAGIC B2\"}]},{\"@type\":\"WebSite\",\"@id\":\"https:\/\/nomesvending.com\/web\/#website\",\"url\":\"https:\/\/nomesvending.com\/web\/\",\"name\":\"Nom\u00e9sVending\",\"description\":\"M\u00e1quinas, filtros, recambios, monederos, consumibles y todo lo que necesitas para el mundo del vending. Calidad y tecnolog\u00eda para tu negocio. \u00a1Descubre nuestras soluciones!\",\"publisher\":{\"@id\":\"https:\/\/nomesvending.com\/web\/#organization\"},\"potentialAction\":[{\"@type\":\"SearchAction\",\"target\":{\"@type\":\"EntryPoint\",\"urlTemplate\":\"https:\/\/nomesvending.com\/web\/?s={search_term_string}\"},\"query-input\":{\"@type\":\"PropertyValueSpecification\",\"valueRequired\":true,\"valueName\":\"search_term_string\"}}],\"inLanguage\":\"es\"},{\"@type\":\"Organization\",\"@id\":\"https:\/\/nomesvending.com\/web\/#organization\",\"name\":\"Nom\u00e9sVending\",\"url\":\"https:\/\/nomesvending.com\/web\/\",\"logo\":{\"@type\":\"ImageObject\",\"inLanguage\":\"es\",\"@id\":\"https:\/\/nomesvending.com\/web\/#\/schema\/logo\/image\/\",\"url\":\"https:\/\/nomesvending.com\/web\/wp-content\/uploads\/2026\/03\/Red-and-White-Modern-Vending-Machine-Services-Instagram-Post.png\",\"contentUrl\":\"https:\/\/nomesvending.com\/web\/wp-content\/uploads\/2026\/03\/Red-and-White-Modern-Vending-Machine-Services-Instagram-Post.png\",\"width\":1080,\"height\":1080,\"caption\":\"Nom\u00e9sVending\"},\"image\":{\"@id\":\"https:\/\/nomesvending.com\/web\/#\/schema\/logo\/image\/\"},\"sameAs\":[\"https:\/\/www.facebook.com\/NomesVending\/\",\"https:\/\/www.instagram.com\/nomesvending\/\"]}]}<\/script>\n<!-- \/ Yoast SEO plugin. -->","yoast_head_json":{"title":"MAGIC B2 - Nomesvending","robots":{"index":"index","follow":"follow","max-snippet":"max-snippet:-1","max-image-preview":"max-image-preview:large","max-video-preview":"max-video-preview:-1"},"canonical":"https:\/\/nomesvending.com\/web\/tienda\/ofertas\/cafeteras-ofertas\/magic-b2\/","og_locale":"es_ES","og_type":"article","og_title":"MAGIC B2 - Nomesvending","og_description":"Descarga Cat\u00e1logo Especificaciones T\u00e9cnicas: Salidas: 2 para leche. 2 para caf\u00e9. 1 para agua caliente. Capuchinador silencioso: Nuevo sistema de limpieza patentado. Permite preparar dobles bebidas con leche. Pantalla t\u00e1ctil: Tama\u00f1o: 7 pulgadas. Interfaz intuitiva y moderna. C\u00e1mara de caf\u00e9 variable: Ideal para dobles caf\u00e9s. Sistema interno: Doble circuito y caldera dual para mayor eficiencia. [&hellip;]","og_url":"https:\/\/nomesvending.com\/web\/tienda\/ofertas\/cafeteras-ofertas\/magic-b2\/","og_site_name":"Nomesvending","article_publisher":"https:\/\/www.facebook.com\/NomesVending\/","article_modified_time":"2026-01-20T09:21:22+00:00","og_image":[{"width":500,"height":500,"url":"https:\/\/nomesvending.com\/web\/wp-content\/uploads\/2024\/11\/9J0401.jpg","type":"image\/jpeg"}],"twitter_card":"summary_large_image","twitter_misc":{"Tiempo de lectura":"1 minuto"},"schema":{"@context":"https:\/\/schema.org","@graph":[{"@type":"WebPage","@id":"https:\/\/nomesvending.com\/web\/tienda\/ofertas\/cafeteras-ofertas\/magic-b2\/","url":"https:\/\/nomesvending.com\/web\/tienda\/ofertas\/cafeteras-ofertas\/magic-b2\/","name":"MAGIC B2 - Nomesvending","isPartOf":{"@id":"https:\/\/nomesvending.com\/web\/#website"},"primaryImageOfPage":{"@id":"https:\/\/nomesvending.com\/web\/tienda\/ofertas\/cafeteras-ofertas\/magic-b2\/#primaryimage"},"image":{"@id":"https:\/\/nomesvending.com\/web\/tienda\/ofertas\/cafeteras-ofertas\/magic-b2\/#primaryimage"},"thumbnailUrl":"https:\/\/nomesvending.com\/web\/wp-content\/uploads\/2024\/11\/9J0401.jpg","datePublished":"2024-11-16T08:37:53+00:00","dateModified":"2026-01-20T09:21:22+00:00","breadcrumb":{"@id":"https:\/\/nomesvending.com\/web\/tienda\/ofertas\/cafeteras-ofertas\/magic-b2\/#breadcrumb"},"inLanguage":"es","potentialAction":[{"@type":"ReadAction","target":["https:\/\/nomesvending.com\/web\/tienda\/ofertas\/cafeteras-ofertas\/magic-b2\/"]}]},{"@type":"ImageObject","inLanguage":"es","@id":"https:\/\/nomesvending.com\/web\/tienda\/ofertas\/cafeteras-ofertas\/magic-b2\/#primaryimage","url":"https:\/\/nomesvending.com\/web\/wp-content\/uploads\/2024\/11\/9J0401.jpg","contentUrl":"https:\/\/nomesvending.com\/web\/wp-content\/uploads\/2024\/11\/9J0401.jpg","width":500,"height":500},{"@type":"BreadcrumbList","@id":"https:\/\/nomesvending.com\/web\/tienda\/ofertas\/cafeteras-ofertas\/magic-b2\/#breadcrumb","itemListElement":[{"@type":"ListItem","position":1,"name":"Portada","item":"https:\/\/nomesvending.com\/web\/"},{"@type":"ListItem","position":2,"name":"Tienda","item":"https:\/\/nomesvending.com\/web\/tienda\/"},{"@type":"ListItem","position":3,"name":"MAGIC B2"}]},{"@type":"WebSite","@id":"https:\/\/nomesvending.com\/web\/#website","url":"https:\/\/nomesvending.com\/web\/","name":"Nom\u00e9sVending","description":"M\u00e1quinas, filtros, recambios, monederos, consumibles y todo lo que necesitas para el mundo del vending. Calidad y tecnolog\u00eda para tu negocio. \u00a1Descubre nuestras soluciones!","publisher":{"@id":"https:\/\/nomesvending.com\/web\/#organization"},"potentialAction":[{"@type":"SearchAction","target":{"@type":"EntryPoint","urlTemplate":"https:\/\/nomesvending.com\/web\/?s={search_term_string}"},"query-input":{"@type":"PropertyValueSpecification","valueRequired":true,"valueName":"search_term_string"}}],"inLanguage":"es"},{"@type":"Organization","@id":"https:\/\/nomesvending.com\/web\/#organization","name":"Nom\u00e9sVending","url":"https:\/\/nomesvending.com\/web\/","logo":{"@type":"ImageObject","inLanguage":"es","@id":"https:\/\/nomesvending.com\/web\/#\/schema\/logo\/image\/","url":"https:\/\/nomesvending.com\/web\/wp-content\/uploads\/2026\/03\/Red-and-White-Modern-Vending-Machine-Services-Instagram-Post.png","contentUrl":"https:\/\/nomesvending.com\/web\/wp-content\/uploads\/2026\/03\/Red-and-White-Modern-Vending-Machine-Services-Instagram-Post.png","width":1080,"height":1080,"caption":"Nom\u00e9sVending"},"image":{"@id":"https:\/\/nomesvending.com\/web\/#\/schema\/logo\/image\/"},"sameAs":["https:\/\/www.facebook.com\/NomesVending\/","https:\/\/www.instagram.com\/nomesvending\/"]}]}},"_links":{"self":[{"href":"https:\/\/nomesvending.com\/web\/wp-json\/wp\/v2\/product\/22289","targetHints":{"allow":["GET"]}}],"collection":[{"href":"https:\/\/nomesvending.com\/web\/wp-json\/wp\/v2\/product"}],"about":[{"href":"https:\/\/nomesvending.com\/web\/wp-json\/wp\/v2\/types\/product"}],"replies":[{"embeddable":true,"href":"https:\/\/nomesvending.com\/web\/wp-json\/wp\/v2\/comments?post=22289"}],"wp:featuredmedia":[{"embeddable":true,"href":"https:\/\/nomesvending.com\/web\/wp-json\/wp\/v2\/media\/22286"}],"wp:attachment":[{"href":"https:\/\/nomesvending.com\/web\/wp-json\/wp\/v2\/media?parent=22289"}],"wp:term":[{"taxonomy":"product_brand","embeddable":true,"href":"https:\/\/nomesvending.com\/web\/wp-json\/wp\/v2\/product_brand?post=22289"},{"taxonomy":"product_cat","embeddable":true,"href":"https:\/\/nomesvending.com\/web\/wp-json\/wp\/v2\/product_cat?post=22289"},{"taxonomy":"product_tag","embeddable":true,"href":"https:\/\/nomesvending.com\/web\/wp-json\/wp\/v2\/product_tag?post=22289"}],"curies":[{"name":"wp","href":"https:\/\/api.w.org\/{rel}","templated":true}]}}