{"id":22635,"date":"2025-01-02T08:42:07","date_gmt":"2025-01-02T08:42:07","guid":{"rendered":"https:\/\/nomesvending.com\/web\/?post_type=product&#038;p=22635"},"modified":"2025-04-22T09:39:25","modified_gmt":"2025-04-22T09:39:25","slug":"astro-nw-time-flavour-new-design-2024","status":"publish","type":"product","link":"https:\/\/nomesvending.com\/web\/tienda\/ofertas\/vinilos-ofertas\/astro-nw-time-flavour-new-design-2024\/","title":{"rendered":"Astro N&#038;W \u2013 Time &#038; Flavour (New Design 2024)"},"content":{"rendered":"<p><strong>MATERIAL:<\/strong><\/p>\n<p><strong>Frente superior:<\/strong> Backlight impreso flexible para introducir entre policarbonatos.<br \/>\n<strong>Frente inferior:\u00a0<\/strong>Backlight impreso flexible para introducir entre policarbonatos.<br \/>\n<strong>Laterales:<\/strong> Vinilo adhesivo impreso laminado\u00a0anti-ara\u00f1azos con acabo mate.<\/p>\n<p><strong>CONTENIDO DEL PAQUETE:\u00a0(Kit Completo)<\/strong><\/p>\n<p>2x Laterales, 1 x Frente superior,\u00a0 1 x Frente inferior.<\/p>\n","protected":false},"excerpt":{"rendered":"<p>MATERIAL: Frente superior: Backlight impreso flexible para introducir entre policarbonatos. Frente inferior:\u00a0Backlight impreso flexible para introducir entre policarbonatos. Laterales: Vinilo adhesivo impreso laminado\u00a0anti-ara\u00f1azos con acabo mate. CONTENIDO DEL PAQUETE:\u00a0(Kit Completo) 2x Laterales, 1 x Frente superior,\u00a0 1 x Frente inferior.<\/p>\n","protected":false},"featured_media":22639,"comment_status":"closed","ping_status":"closed","template":"","meta":[],"product_brand":[],"product_cat":[201,150,207],"product_tag":[],"class_list":{"0":"post-22635","1":"product","2":"type-product","3":"status-publish","4":"has-post-thumbnail","6":"product_cat-ofertas","7":"product_cat-vinilos","8":"product_cat-vinilos-ofertas","10":"first","11":"instock","12":"sale","13":"taxable","14":"shipping-taxable","15":"purchasable","16":"product-type-simple"},"yoast_head":"<!-- This site is optimized with the Yoast SEO plugin v27.0 - https:\/\/yoast.com\/product\/yoast-seo-wordpress\/ -->\n<title>Astro N&amp;W \u2013 Time &amp; Flavour (New Design 2024) - Nomesvending<\/title>\n<meta name=\"robots\" content=\"index, follow, max-snippet:-1, max-image-preview:large, max-video-preview:-1\" \/>\n<link rel=\"canonical\" href=\"https:\/\/nomesvending.com\/web\/tienda\/ofertas\/vinilos-ofertas\/astro-nw-time-flavour-new-design-2024\/\" \/>\n<meta property=\"og:locale\" content=\"es_ES\" \/>\n<meta property=\"og:type\" content=\"article\" \/>\n<meta property=\"og:title\" content=\"Astro N&amp;W \u2013 Time &amp; Flavour (New Design 2024) - Nomesvending\" \/>\n<meta property=\"og:description\" content=\"MATERIAL: Frente superior: Backlight impreso flexible para introducir entre policarbonatos. Frente inferior:\u00a0Backlight impreso flexible para introducir entre policarbonatos. Laterales: Vinilo adhesivo impreso laminado\u00a0anti-ara\u00f1azos con acabo mate. CONTENIDO DEL PAQUETE:\u00a0(Kit Completo) 2x Laterales, 1 x Frente superior,\u00a0 1 x Frente inferior.\" \/>\n<meta property=\"og:url\" content=\"https:\/\/nomesvending.com\/web\/tienda\/ofertas\/vinilos-ofertas\/astro-nw-time-flavour-new-design-2024\/\" \/>\n<meta property=\"og:site_name\" content=\"Nomesvending\" \/>\n<meta property=\"article:publisher\" content=\"https:\/\/www.facebook.com\/NomesVending\/\" \/>\n<meta property=\"article:modified_time\" content=\"2025-04-22T09:39:25+00:00\" \/>\n<meta property=\"og:image\" content=\"https:\/\/nomesvending.com\/web\/wp-content\/uploads\/2025\/01\/HEXKM10TF.jpg\" \/>\n\t<meta property=\"og:image:width\" content=\"500\" \/>\n\t<meta property=\"og:image:height\" content=\"500\" \/>\n\t<meta property=\"og:image:type\" content=\"image\/jpeg\" \/>\n<meta name=\"twitter:card\" content=\"summary_large_image\" \/>\n<meta name=\"twitter:label1\" content=\"Tiempo de lectura\" \/>\n\t<meta name=\"twitter:data1\" content=\"1 minuto\" \/>\n<script type=\"application\/ld+json\" class=\"yoast-schema-graph\">{\"@context\":\"https:\/\/schema.org\",\"@graph\":[{\"@type\":\"WebPage\",\"@id\":\"https:\/\/nomesvending.com\/web\/tienda\/ofertas\/vinilos-ofertas\/astro-nw-time-flavour-new-design-2024\/\",\"url\":\"https:\/\/nomesvending.com\/web\/tienda\/ofertas\/vinilos-ofertas\/astro-nw-time-flavour-new-design-2024\/\",\"name\":\"Astro N&W \u2013 Time & Flavour (New Design 2024) - Nomesvending\",\"isPartOf\":{\"@id\":\"https:\/\/nomesvending.com\/web\/#website\"},\"primaryImageOfPage\":{\"@id\":\"https:\/\/nomesvending.com\/web\/tienda\/ofertas\/vinilos-ofertas\/astro-nw-time-flavour-new-design-2024\/#primaryimage\"},\"image\":{\"@id\":\"https:\/\/nomesvending.com\/web\/tienda\/ofertas\/vinilos-ofertas\/astro-nw-time-flavour-new-design-2024\/#primaryimage\"},\"thumbnailUrl\":\"https:\/\/nomesvending.com\/web\/wp-content\/uploads\/2025\/01\/HEXKM10TF.jpg\",\"datePublished\":\"2025-01-02T08:42:07+00:00\",\"dateModified\":\"2025-04-22T09:39:25+00:00\",\"breadcrumb\":{\"@id\":\"https:\/\/nomesvending.com\/web\/tienda\/ofertas\/vinilos-ofertas\/astro-nw-time-flavour-new-design-2024\/#breadcrumb\"},\"inLanguage\":\"es\",\"potentialAction\":[{\"@type\":\"ReadAction\",\"target\":[\"https:\/\/nomesvending.com\/web\/tienda\/ofertas\/vinilos-ofertas\/astro-nw-time-flavour-new-design-2024\/\"]}]},{\"@type\":\"ImageObject\",\"inLanguage\":\"es\",\"@id\":\"https:\/\/nomesvending.com\/web\/tienda\/ofertas\/vinilos-ofertas\/astro-nw-time-flavour-new-design-2024\/#primaryimage\",\"url\":\"https:\/\/nomesvending.com\/web\/wp-content\/uploads\/2025\/01\/HEXKM10TF.jpg\",\"contentUrl\":\"https:\/\/nomesvending.com\/web\/wp-content\/uploads\/2025\/01\/HEXKM10TF.jpg\",\"width\":500,\"height\":500},{\"@type\":\"BreadcrumbList\",\"@id\":\"https:\/\/nomesvending.com\/web\/tienda\/ofertas\/vinilos-ofertas\/astro-nw-time-flavour-new-design-2024\/#breadcrumb\",\"itemListElement\":[{\"@type\":\"ListItem\",\"position\":1,\"name\":\"Portada\",\"item\":\"https:\/\/nomesvending.com\/web\/\"},{\"@type\":\"ListItem\",\"position\":2,\"name\":\"Tienda\",\"item\":\"https:\/\/nomesvending.com\/web\/tienda\/\"},{\"@type\":\"ListItem\",\"position\":3,\"name\":\"Astro N&#038;W \u2013 Time &#038; Flavour (New Design 2024)\"}]},{\"@type\":\"WebSite\",\"@id\":\"https:\/\/nomesvending.com\/web\/#website\",\"url\":\"https:\/\/nomesvending.com\/web\/\",\"name\":\"Nom\u00e9sVending\",\"description\":\"M\u00e1quinas, filtros, recambios, monederos, consumibles y todo lo que necesitas para el mundo del vending. Calidad y tecnolog\u00eda para tu negocio. \u00a1Descubre nuestras soluciones!\",\"publisher\":{\"@id\":\"https:\/\/nomesvending.com\/web\/#organization\"},\"potentialAction\":[{\"@type\":\"SearchAction\",\"target\":{\"@type\":\"EntryPoint\",\"urlTemplate\":\"https:\/\/nomesvending.com\/web\/?s={search_term_string}\"},\"query-input\":{\"@type\":\"PropertyValueSpecification\",\"valueRequired\":true,\"valueName\":\"search_term_string\"}}],\"inLanguage\":\"es\"},{\"@type\":\"Organization\",\"@id\":\"https:\/\/nomesvending.com\/web\/#organization\",\"name\":\"Nom\u00e9sVending\",\"url\":\"https:\/\/nomesvending.com\/web\/\",\"logo\":{\"@type\":\"ImageObject\",\"inLanguage\":\"es\",\"@id\":\"https:\/\/nomesvending.com\/web\/#\/schema\/logo\/image\/\",\"url\":\"https:\/\/nomesvending.com\/web\/wp-content\/uploads\/2026\/03\/Red-and-White-Modern-Vending-Machine-Services-Instagram-Post.png\",\"contentUrl\":\"https:\/\/nomesvending.com\/web\/wp-content\/uploads\/2026\/03\/Red-and-White-Modern-Vending-Machine-Services-Instagram-Post.png\",\"width\":1080,\"height\":1080,\"caption\":\"Nom\u00e9sVending\"},\"image\":{\"@id\":\"https:\/\/nomesvending.com\/web\/#\/schema\/logo\/image\/\"},\"sameAs\":[\"https:\/\/www.facebook.com\/NomesVending\/\",\"https:\/\/www.instagram.com\/nomesvending\/\"]}]}<\/script>\n<!-- \/ Yoast SEO plugin. -->","yoast_head_json":{"title":"Astro N&W \u2013 Time & Flavour (New Design 2024) - Nomesvending","robots":{"index":"index","follow":"follow","max-snippet":"max-snippet:-1","max-image-preview":"max-image-preview:large","max-video-preview":"max-video-preview:-1"},"canonical":"https:\/\/nomesvending.com\/web\/tienda\/ofertas\/vinilos-ofertas\/astro-nw-time-flavour-new-design-2024\/","og_locale":"es_ES","og_type":"article","og_title":"Astro N&W \u2013 Time & Flavour (New Design 2024) - Nomesvending","og_description":"MATERIAL: Frente superior: Backlight impreso flexible para introducir entre policarbonatos. Frente inferior:\u00a0Backlight impreso flexible para introducir entre policarbonatos. Laterales: Vinilo adhesivo impreso laminado\u00a0anti-ara\u00f1azos con acabo mate. CONTENIDO DEL PAQUETE:\u00a0(Kit Completo) 2x Laterales, 1 x Frente superior,\u00a0 1 x Frente inferior.","og_url":"https:\/\/nomesvending.com\/web\/tienda\/ofertas\/vinilos-ofertas\/astro-nw-time-flavour-new-design-2024\/","og_site_name":"Nomesvending","article_publisher":"https:\/\/www.facebook.com\/NomesVending\/","article_modified_time":"2025-04-22T09:39:25+00:00","og_image":[{"width":500,"height":500,"url":"https:\/\/nomesvending.com\/web\/wp-content\/uploads\/2025\/01\/HEXKM10TF.jpg","type":"image\/jpeg"}],"twitter_card":"summary_large_image","twitter_misc":{"Tiempo de lectura":"1 minuto"},"schema":{"@context":"https:\/\/schema.org","@graph":[{"@type":"WebPage","@id":"https:\/\/nomesvending.com\/web\/tienda\/ofertas\/vinilos-ofertas\/astro-nw-time-flavour-new-design-2024\/","url":"https:\/\/nomesvending.com\/web\/tienda\/ofertas\/vinilos-ofertas\/astro-nw-time-flavour-new-design-2024\/","name":"Astro N&W \u2013 Time & Flavour (New Design 2024) - Nomesvending","isPartOf":{"@id":"https:\/\/nomesvending.com\/web\/#website"},"primaryImageOfPage":{"@id":"https:\/\/nomesvending.com\/web\/tienda\/ofertas\/vinilos-ofertas\/astro-nw-time-flavour-new-design-2024\/#primaryimage"},"image":{"@id":"https:\/\/nomesvending.com\/web\/tienda\/ofertas\/vinilos-ofertas\/astro-nw-time-flavour-new-design-2024\/#primaryimage"},"thumbnailUrl":"https:\/\/nomesvending.com\/web\/wp-content\/uploads\/2025\/01\/HEXKM10TF.jpg","datePublished":"2025-01-02T08:42:07+00:00","dateModified":"2025-04-22T09:39:25+00:00","breadcrumb":{"@id":"https:\/\/nomesvending.com\/web\/tienda\/ofertas\/vinilos-ofertas\/astro-nw-time-flavour-new-design-2024\/#breadcrumb"},"inLanguage":"es","potentialAction":[{"@type":"ReadAction","target":["https:\/\/nomesvending.com\/web\/tienda\/ofertas\/vinilos-ofertas\/astro-nw-time-flavour-new-design-2024\/"]}]},{"@type":"ImageObject","inLanguage":"es","@id":"https:\/\/nomesvending.com\/web\/tienda\/ofertas\/vinilos-ofertas\/astro-nw-time-flavour-new-design-2024\/#primaryimage","url":"https:\/\/nomesvending.com\/web\/wp-content\/uploads\/2025\/01\/HEXKM10TF.jpg","contentUrl":"https:\/\/nomesvending.com\/web\/wp-content\/uploads\/2025\/01\/HEXKM10TF.jpg","width":500,"height":500},{"@type":"BreadcrumbList","@id":"https:\/\/nomesvending.com\/web\/tienda\/ofertas\/vinilos-ofertas\/astro-nw-time-flavour-new-design-2024\/#breadcrumb","itemListElement":[{"@type":"ListItem","position":1,"name":"Portada","item":"https:\/\/nomesvending.com\/web\/"},{"@type":"ListItem","position":2,"name":"Tienda","item":"https:\/\/nomesvending.com\/web\/tienda\/"},{"@type":"ListItem","position":3,"name":"Astro N&#038;W \u2013 Time &#038; Flavour (New Design 2024)"}]},{"@type":"WebSite","@id":"https:\/\/nomesvending.com\/web\/#website","url":"https:\/\/nomesvending.com\/web\/","name":"Nom\u00e9sVending","description":"M\u00e1quinas, filtros, recambios, monederos, consumibles y todo lo que necesitas para el mundo del vending. Calidad y tecnolog\u00eda para tu negocio. \u00a1Descubre nuestras soluciones!","publisher":{"@id":"https:\/\/nomesvending.com\/web\/#organization"},"potentialAction":[{"@type":"SearchAction","target":{"@type":"EntryPoint","urlTemplate":"https:\/\/nomesvending.com\/web\/?s={search_term_string}"},"query-input":{"@type":"PropertyValueSpecification","valueRequired":true,"valueName":"search_term_string"}}],"inLanguage":"es"},{"@type":"Organization","@id":"https:\/\/nomesvending.com\/web\/#organization","name":"Nom\u00e9sVending","url":"https:\/\/nomesvending.com\/web\/","logo":{"@type":"ImageObject","inLanguage":"es","@id":"https:\/\/nomesvending.com\/web\/#\/schema\/logo\/image\/","url":"https:\/\/nomesvending.com\/web\/wp-content\/uploads\/2026\/03\/Red-and-White-Modern-Vending-Machine-Services-Instagram-Post.png","contentUrl":"https:\/\/nomesvending.com\/web\/wp-content\/uploads\/2026\/03\/Red-and-White-Modern-Vending-Machine-Services-Instagram-Post.png","width":1080,"height":1080,"caption":"Nom\u00e9sVending"},"image":{"@id":"https:\/\/nomesvending.com\/web\/#\/schema\/logo\/image\/"},"sameAs":["https:\/\/www.facebook.com\/NomesVending\/","https:\/\/www.instagram.com\/nomesvending\/"]}]}},"_links":{"self":[{"href":"https:\/\/nomesvending.com\/web\/wp-json\/wp\/v2\/product\/22635","targetHints":{"allow":["GET"]}}],"collection":[{"href":"https:\/\/nomesvending.com\/web\/wp-json\/wp\/v2\/product"}],"about":[{"href":"https:\/\/nomesvending.com\/web\/wp-json\/wp\/v2\/types\/product"}],"replies":[{"embeddable":true,"href":"https:\/\/nomesvending.com\/web\/wp-json\/wp\/v2\/comments?post=22635"}],"wp:featuredmedia":[{"embeddable":true,"href":"https:\/\/nomesvending.com\/web\/wp-json\/wp\/v2\/media\/22639"}],"wp:attachment":[{"href":"https:\/\/nomesvending.com\/web\/wp-json\/wp\/v2\/media?parent=22635"}],"wp:term":[{"taxonomy":"product_brand","embeddable":true,"href":"https:\/\/nomesvending.com\/web\/wp-json\/wp\/v2\/product_brand?post=22635"},{"taxonomy":"product_cat","embeddable":true,"href":"https:\/\/nomesvending.com\/web\/wp-json\/wp\/v2\/product_cat?post=22635"},{"taxonomy":"product_tag","embeddable":true,"href":"https:\/\/nomesvending.com\/web\/wp-json\/wp\/v2\/product_tag?post=22635"}],"curies":[{"name":"wp","href":"https:\/\/api.w.org\/{rel}","templated":true}]}}