{"id":22666,"date":"2025-01-08T10:33:56","date_gmt":"2025-01-08T10:33:56","guid":{"rendered":"https:\/\/nomesvending.com\/web\/?post_type=product&#038;p=22666"},"modified":"2026-01-22T07:34:48","modified_gmt":"2026-01-22T07:34:48","slug":"maquina-royal-black","status":"publish","type":"product","link":"https:\/\/nomesvending.com\/web\/tienda\/ofertas\/cafeteras-ofertas\/maquina-royal-black\/","title":{"rendered":"M\u00e1quina Caf\u00e9 Royal Black"},"content":{"rendered":"<p>Esta m\u00e1quina de caf\u00e9 ofrece un dise\u00f1o innovador con una interfaz capacitiva y una pantalla iconogr\u00e1fica, que facilita la selecci\u00f3n de bebidas y aporta un estilo moderno y elegante.<\/p>\n<h4>Caracter\u00edsticas principales:<\/h4>\n<ul>\n<li><strong>4 selecciones de bebidas<\/strong>: Espresso corto, espresso largo, caf\u00e9 al gusto y agua caliente.<\/li>\n<li><strong>Componentes profesionales<\/strong>: Dise\u00f1ados para garantizar calidad y funcionalidad en cada uso.<\/li>\n<li><strong>Dispensador ajustable<\/strong>: Adaptable a alturas de 75 a 160 mm para diferentes tipos de tazas.<\/li>\n<li><strong>Regulaci\u00f3n de dosis manual<\/strong>: Ajuste preciso de 6 a 10 g de caf\u00e9 para personalizar cada preparaci\u00f3n.<\/li>\n<\/ul>\n<p>Ideal para oficinas, negocios o espacios donde se requiere una m\u00e1quina compacta y eficiente.<\/p>\n","protected":false},"excerpt":{"rendered":"<p>Esta m\u00e1quina de caf\u00e9 ofrece un dise\u00f1o innovador con una interfaz capacitiva y una pantalla iconogr\u00e1fica, que facilita la selecci\u00f3n de bebidas y aporta un estilo moderno y elegante.<\/p>\n<h4>Caracter\u00edsticas principales:<\/h4>\n<ul>\n<li><strong>4 selecciones de bebidas<\/strong>: Espresso corto, espresso largo, caf\u00e9 al gusto y agua caliente.<\/li>\n<li><strong>Componentes profesionales<\/strong>: Dise\u00f1ados para garantizar calidad y funcionalidad en cada uso.<\/li>\n<li><strong>Dispensador ajustable<\/strong>: Adaptable a alturas de 75 a 160 mm para diferentes tipos de tazas.<\/li>\n<li><strong>Regulaci\u00f3n de dosis manual<\/strong>: Ajuste preciso de 6 a 10 g de caf\u00e9 para personalizar cada preparaci\u00f3n.<\/li>\n<\/ul>\n<p>Ideal para oficinas, negocios o espacios donde se requiere una m\u00e1quina compacta y eficiente.<\/p>\n","protected":false},"featured_media":22668,"comment_status":"closed","ping_status":"closed","template":"","meta":[],"product_brand":[],"product_cat":[190,203,151,201],"product_tag":[],"class_list":{"0":"post-22666","1":"product","2":"type-product","3":"status-publish","4":"has-post-thumbnail","6":"product_cat-cafeteras","7":"product_cat-cafeteras-ofertas","8":"product_cat-maquinas","9":"product_cat-ofertas","11":"first","12":"instock","13":"taxable","14":"shipping-taxable","15":"purchasable","16":"product-type-simple"},"yoast_head":"<!-- This site is optimized with the Yoast SEO plugin v27.0 - https:\/\/yoast.com\/product\/yoast-seo-wordpress\/ -->\n<title>M\u00e1quina Caf\u00e9 Royal Black - Nomesvending<\/title>\n<meta name=\"description\" content=\"La Royal Black es una moderna y funcional M\u00e1quina de caf\u00e9 con 6 selecciones, dispensador ajustable y modo cr\u00e9dito. Precio: 581,75 \u20ac + IVA.\" \/>\n<meta name=\"robots\" content=\"index, follow, max-snippet:-1, max-image-preview:large, max-video-preview:-1\" \/>\n<link rel=\"canonical\" href=\"https:\/\/nomesvending.com\/web\/tienda\/ofertas\/cafeteras-ofertas\/maquina-royal-black\/\" \/>\n<meta property=\"og:locale\" content=\"es_ES\" \/>\n<meta property=\"og:type\" content=\"article\" \/>\n<meta property=\"og:title\" content=\"M\u00e1quina Caf\u00e9 Royal Black - Nomesvending\" \/>\n<meta property=\"og:description\" content=\"La Royal Black es una moderna y funcional M\u00e1quina de caf\u00e9 con 6 selecciones, dispensador ajustable y modo cr\u00e9dito. Precio: 581,75 \u20ac + IVA.\" \/>\n<meta property=\"og:url\" content=\"https:\/\/nomesvending.com\/web\/tienda\/ofertas\/cafeteras-ofertas\/maquina-royal-black\/\" \/>\n<meta property=\"og:site_name\" content=\"Nomesvending\" \/>\n<meta property=\"article:publisher\" content=\"https:\/\/www.facebook.com\/NomesVending\/\" \/>\n<meta property=\"article:modified_time\" content=\"2026-01-22T07:34:48+00:00\" \/>\n<meta property=\"og:image\" content=\"https:\/\/nomesvending.com\/web\/wp-content\/uploads\/2025\/01\/9J0040.jpg\" \/>\n\t<meta property=\"og:image:width\" content=\"500\" \/>\n\t<meta property=\"og:image:height\" content=\"500\" \/>\n\t<meta property=\"og:image:type\" content=\"image\/jpeg\" \/>\n<meta name=\"twitter:card\" content=\"summary_large_image\" \/>\n<meta name=\"twitter:label1\" content=\"Tiempo de lectura\" \/>\n\t<meta name=\"twitter:data1\" content=\"1 minuto\" \/>\n<script type=\"application\/ld+json\" class=\"yoast-schema-graph\">{\"@context\":\"https:\/\/schema.org\",\"@graph\":[{\"@type\":\"WebPage\",\"@id\":\"https:\/\/nomesvending.com\/web\/tienda\/ofertas\/cafeteras-ofertas\/maquina-royal-black\/\",\"url\":\"https:\/\/nomesvending.com\/web\/tienda\/ofertas\/cafeteras-ofertas\/maquina-royal-black\/\",\"name\":\"M\u00e1quina Caf\u00e9 Royal Black - Nomesvending\",\"isPartOf\":{\"@id\":\"https:\/\/nomesvending.com\/web\/#website\"},\"primaryImageOfPage\":{\"@id\":\"https:\/\/nomesvending.com\/web\/tienda\/ofertas\/cafeteras-ofertas\/maquina-royal-black\/#primaryimage\"},\"image\":{\"@id\":\"https:\/\/nomesvending.com\/web\/tienda\/ofertas\/cafeteras-ofertas\/maquina-royal-black\/#primaryimage\"},\"thumbnailUrl\":\"https:\/\/nomesvending.com\/web\/wp-content\/uploads\/2025\/01\/9J0040.jpg\",\"datePublished\":\"2025-01-08T10:33:56+00:00\",\"dateModified\":\"2026-01-22T07:34:48+00:00\",\"description\":\"La Royal Black es una moderna y funcional M\u00e1quina de caf\u00e9 con 6 selecciones, dispensador ajustable y modo cr\u00e9dito. Precio: 581,75 \u20ac + IVA.\",\"breadcrumb\":{\"@id\":\"https:\/\/nomesvending.com\/web\/tienda\/ofertas\/cafeteras-ofertas\/maquina-royal-black\/#breadcrumb\"},\"inLanguage\":\"es\",\"potentialAction\":[{\"@type\":\"ReadAction\",\"target\":[\"https:\/\/nomesvending.com\/web\/tienda\/ofertas\/cafeteras-ofertas\/maquina-royal-black\/\"]}]},{\"@type\":\"ImageObject\",\"inLanguage\":\"es\",\"@id\":\"https:\/\/nomesvending.com\/web\/tienda\/ofertas\/cafeteras-ofertas\/maquina-royal-black\/#primaryimage\",\"url\":\"https:\/\/nomesvending.com\/web\/wp-content\/uploads\/2025\/01\/9J0040.jpg\",\"contentUrl\":\"https:\/\/nomesvending.com\/web\/wp-content\/uploads\/2025\/01\/9J0040.jpg\",\"width\":500,\"height\":500},{\"@type\":\"BreadcrumbList\",\"@id\":\"https:\/\/nomesvending.com\/web\/tienda\/ofertas\/cafeteras-ofertas\/maquina-royal-black\/#breadcrumb\",\"itemListElement\":[{\"@type\":\"ListItem\",\"position\":1,\"name\":\"Portada\",\"item\":\"https:\/\/nomesvending.com\/web\/\"},{\"@type\":\"ListItem\",\"position\":2,\"name\":\"Tienda\",\"item\":\"https:\/\/nomesvending.com\/web\/tienda\/\"},{\"@type\":\"ListItem\",\"position\":3,\"name\":\"M\u00e1quina Caf\u00e9 Royal Black\"}]},{\"@type\":\"WebSite\",\"@id\":\"https:\/\/nomesvending.com\/web\/#website\",\"url\":\"https:\/\/nomesvending.com\/web\/\",\"name\":\"Nom\u00e9sVending\",\"description\":\"M\u00e1quinas, filtros, recambios, monederos, consumibles y todo lo que necesitas para el mundo del vending. Calidad y tecnolog\u00eda para tu negocio. \u00a1Descubre nuestras soluciones!\",\"publisher\":{\"@id\":\"https:\/\/nomesvending.com\/web\/#organization\"},\"potentialAction\":[{\"@type\":\"SearchAction\",\"target\":{\"@type\":\"EntryPoint\",\"urlTemplate\":\"https:\/\/nomesvending.com\/web\/?s={search_term_string}\"},\"query-input\":{\"@type\":\"PropertyValueSpecification\",\"valueRequired\":true,\"valueName\":\"search_term_string\"}}],\"inLanguage\":\"es\"},{\"@type\":\"Organization\",\"@id\":\"https:\/\/nomesvending.com\/web\/#organization\",\"name\":\"Nom\u00e9sVending\",\"url\":\"https:\/\/nomesvending.com\/web\/\",\"logo\":{\"@type\":\"ImageObject\",\"inLanguage\":\"es\",\"@id\":\"https:\/\/nomesvending.com\/web\/#\/schema\/logo\/image\/\",\"url\":\"https:\/\/nomesvending.com\/web\/wp-content\/uploads\/2026\/03\/Red-and-White-Modern-Vending-Machine-Services-Instagram-Post.png\",\"contentUrl\":\"https:\/\/nomesvending.com\/web\/wp-content\/uploads\/2026\/03\/Red-and-White-Modern-Vending-Machine-Services-Instagram-Post.png\",\"width\":1080,\"height\":1080,\"caption\":\"Nom\u00e9sVending\"},\"image\":{\"@id\":\"https:\/\/nomesvending.com\/web\/#\/schema\/logo\/image\/\"},\"sameAs\":[\"https:\/\/www.facebook.com\/NomesVending\/\",\"https:\/\/www.instagram.com\/nomesvending\/\"]}]}<\/script>\n<!-- \/ Yoast SEO plugin. -->","yoast_head_json":{"title":"M\u00e1quina Caf\u00e9 Royal Black - Nomesvending","description":"La Royal Black es una moderna y funcional M\u00e1quina de caf\u00e9 con 6 selecciones, dispensador ajustable y modo cr\u00e9dito. Precio: 581,75 \u20ac + IVA.","robots":{"index":"index","follow":"follow","max-snippet":"max-snippet:-1","max-image-preview":"max-image-preview:large","max-video-preview":"max-video-preview:-1"},"canonical":"https:\/\/nomesvending.com\/web\/tienda\/ofertas\/cafeteras-ofertas\/maquina-royal-black\/","og_locale":"es_ES","og_type":"article","og_title":"M\u00e1quina Caf\u00e9 Royal Black - Nomesvending","og_description":"La Royal Black es una moderna y funcional M\u00e1quina de caf\u00e9 con 6 selecciones, dispensador ajustable y modo cr\u00e9dito. Precio: 581,75 \u20ac + IVA.","og_url":"https:\/\/nomesvending.com\/web\/tienda\/ofertas\/cafeteras-ofertas\/maquina-royal-black\/","og_site_name":"Nomesvending","article_publisher":"https:\/\/www.facebook.com\/NomesVending\/","article_modified_time":"2026-01-22T07:34:48+00:00","og_image":[{"width":500,"height":500,"url":"https:\/\/nomesvending.com\/web\/wp-content\/uploads\/2025\/01\/9J0040.jpg","type":"image\/jpeg"}],"twitter_card":"summary_large_image","twitter_misc":{"Tiempo de lectura":"1 minuto"},"schema":{"@context":"https:\/\/schema.org","@graph":[{"@type":"WebPage","@id":"https:\/\/nomesvending.com\/web\/tienda\/ofertas\/cafeteras-ofertas\/maquina-royal-black\/","url":"https:\/\/nomesvending.com\/web\/tienda\/ofertas\/cafeteras-ofertas\/maquina-royal-black\/","name":"M\u00e1quina Caf\u00e9 Royal Black - Nomesvending","isPartOf":{"@id":"https:\/\/nomesvending.com\/web\/#website"},"primaryImageOfPage":{"@id":"https:\/\/nomesvending.com\/web\/tienda\/ofertas\/cafeteras-ofertas\/maquina-royal-black\/#primaryimage"},"image":{"@id":"https:\/\/nomesvending.com\/web\/tienda\/ofertas\/cafeteras-ofertas\/maquina-royal-black\/#primaryimage"},"thumbnailUrl":"https:\/\/nomesvending.com\/web\/wp-content\/uploads\/2025\/01\/9J0040.jpg","datePublished":"2025-01-08T10:33:56+00:00","dateModified":"2026-01-22T07:34:48+00:00","description":"La Royal Black es una moderna y funcional M\u00e1quina de caf\u00e9 con 6 selecciones, dispensador ajustable y modo cr\u00e9dito. Precio: 581,75 \u20ac + IVA.","breadcrumb":{"@id":"https:\/\/nomesvending.com\/web\/tienda\/ofertas\/cafeteras-ofertas\/maquina-royal-black\/#breadcrumb"},"inLanguage":"es","potentialAction":[{"@type":"ReadAction","target":["https:\/\/nomesvending.com\/web\/tienda\/ofertas\/cafeteras-ofertas\/maquina-royal-black\/"]}]},{"@type":"ImageObject","inLanguage":"es","@id":"https:\/\/nomesvending.com\/web\/tienda\/ofertas\/cafeteras-ofertas\/maquina-royal-black\/#primaryimage","url":"https:\/\/nomesvending.com\/web\/wp-content\/uploads\/2025\/01\/9J0040.jpg","contentUrl":"https:\/\/nomesvending.com\/web\/wp-content\/uploads\/2025\/01\/9J0040.jpg","width":500,"height":500},{"@type":"BreadcrumbList","@id":"https:\/\/nomesvending.com\/web\/tienda\/ofertas\/cafeteras-ofertas\/maquina-royal-black\/#breadcrumb","itemListElement":[{"@type":"ListItem","position":1,"name":"Portada","item":"https:\/\/nomesvending.com\/web\/"},{"@type":"ListItem","position":2,"name":"Tienda","item":"https:\/\/nomesvending.com\/web\/tienda\/"},{"@type":"ListItem","position":3,"name":"M\u00e1quina Caf\u00e9 Royal Black"}]},{"@type":"WebSite","@id":"https:\/\/nomesvending.com\/web\/#website","url":"https:\/\/nomesvending.com\/web\/","name":"Nom\u00e9sVending","description":"M\u00e1quinas, filtros, recambios, monederos, consumibles y todo lo que necesitas para el mundo del vending. Calidad y tecnolog\u00eda para tu negocio. \u00a1Descubre nuestras soluciones!","publisher":{"@id":"https:\/\/nomesvending.com\/web\/#organization"},"potentialAction":[{"@type":"SearchAction","target":{"@type":"EntryPoint","urlTemplate":"https:\/\/nomesvending.com\/web\/?s={search_term_string}"},"query-input":{"@type":"PropertyValueSpecification","valueRequired":true,"valueName":"search_term_string"}}],"inLanguage":"es"},{"@type":"Organization","@id":"https:\/\/nomesvending.com\/web\/#organization","name":"Nom\u00e9sVending","url":"https:\/\/nomesvending.com\/web\/","logo":{"@type":"ImageObject","inLanguage":"es","@id":"https:\/\/nomesvending.com\/web\/#\/schema\/logo\/image\/","url":"https:\/\/nomesvending.com\/web\/wp-content\/uploads\/2026\/03\/Red-and-White-Modern-Vending-Machine-Services-Instagram-Post.png","contentUrl":"https:\/\/nomesvending.com\/web\/wp-content\/uploads\/2026\/03\/Red-and-White-Modern-Vending-Machine-Services-Instagram-Post.png","width":1080,"height":1080,"caption":"Nom\u00e9sVending"},"image":{"@id":"https:\/\/nomesvending.com\/web\/#\/schema\/logo\/image\/"},"sameAs":["https:\/\/www.facebook.com\/NomesVending\/","https:\/\/www.instagram.com\/nomesvending\/"]}]}},"_links":{"self":[{"href":"https:\/\/nomesvending.com\/web\/wp-json\/wp\/v2\/product\/22666","targetHints":{"allow":["GET"]}}],"collection":[{"href":"https:\/\/nomesvending.com\/web\/wp-json\/wp\/v2\/product"}],"about":[{"href":"https:\/\/nomesvending.com\/web\/wp-json\/wp\/v2\/types\/product"}],"replies":[{"embeddable":true,"href":"https:\/\/nomesvending.com\/web\/wp-json\/wp\/v2\/comments?post=22666"}],"wp:featuredmedia":[{"embeddable":true,"href":"https:\/\/nomesvending.com\/web\/wp-json\/wp\/v2\/media\/22668"}],"wp:attachment":[{"href":"https:\/\/nomesvending.com\/web\/wp-json\/wp\/v2\/media?parent=22666"}],"wp:term":[{"taxonomy":"product_brand","embeddable":true,"href":"https:\/\/nomesvending.com\/web\/wp-json\/wp\/v2\/product_brand?post=22666"},{"taxonomy":"product_cat","embeddable":true,"href":"https:\/\/nomesvending.com\/web\/wp-json\/wp\/v2\/product_cat?post=22666"},{"taxonomy":"product_tag","embeddable":true,"href":"https:\/\/nomesvending.com\/web\/wp-json\/wp\/v2\/product_tag?post=22666"}],"curies":[{"name":"wp","href":"https:\/\/api.w.org\/{rel}","templated":true}]}}