{"id":24924,"date":"2025-02-18T07:51:43","date_gmt":"2025-02-18T07:51:43","guid":{"rendered":"https:\/\/nomesvending.com\/web\/?post_type=product&#038;p=24924"},"modified":"2025-05-20T07:31:19","modified_gmt":"2025-05-20T07:31:19","slug":"tapavasos","status":"publish","type":"product","link":"https:\/\/nomesvending.com\/web\/tienda\/ofertas\/productos-ofertas\/tapavasos\/","title":{"rendered":"TAPAVASOS"},"content":{"rendered":"<p data-start=\"0\" data-end=\"279\">Un <strong data-start=\"3\" data-end=\"28\">tapavasos de pl\u00e1stico<\/strong> es una tapa dise\u00f1ada para cubrir la abertura de un vaso, protegiendo su contenido de contaminantes externos, derrames y p\u00e9rdidas de temperatura. Generalmente fabricado en <strong data-start=\"200\" data-end=\"242\">polipropileno (PP) o poliestireno (PS)<\/strong>, es ligero, resistente y flexible.<\/p>\n<h3 data-start=\"281\" data-end=\"314\">Caracter\u00edsticas principales<\/h3>\n<ul data-start=\"316\" data-end=\"650\">\n<li data-start=\"316\" data-end=\"410\"><strong data-start=\"318\" data-end=\"331\">Material:<\/strong> Pl\u00e1stico reutilizable o desechable, resistente a l\u00edquidos fr\u00edos y calientes.<\/li>\n<li data-start=\"411\" data-end=\"508\"><strong data-start=\"413\" data-end=\"424\">Dise\u00f1o:<\/strong> Puede incluir una peque\u00f1a abertura para sorbetes o un cierre herm\u00e9tico a presi\u00f3n.<\/li>\n<li data-start=\"509\" data-end=\"594\"><strong data-start=\"511\" data-end=\"520\">Usos:<\/strong> Ideal para bebidas en cafeter\u00edas, restaurantes, eventos y uso personal.<\/li>\n<li data-start=\"595\" data-end=\"650\"><strong data-start=\"597\" data-end=\"610\">Ventajas:<\/strong> Higi\u00e9nico, pr\u00e1ctico y evita derrames.<\/li>\n<\/ul>\n<p data-start=\"652\" data-end=\"724\" data-is-last-node=\"\">Si necesitas una descripci\u00f3n m\u00e1s espec\u00edfica o t\u00e9cnica, dime y la ajusto.<\/p>\n","protected":false},"excerpt":{"rendered":"<p>Un tapavasos de pl\u00e1stico es una tapa dise\u00f1ada para cubrir la abertura de un vaso, protegiendo su contenido de contaminantes externos, derrames y p\u00e9rdidas de temperatura. Generalmente fabricado en polipropileno (PP) o poliestireno (PS), es ligero, resistente y flexible. Caracter\u00edsticas principales Material: Pl\u00e1stico reutilizable o desechable, resistente a l\u00edquidos fr\u00edos y calientes. Dise\u00f1o: Puede incluir [&hellip;]<\/p>\n","protected":false},"featured_media":25505,"comment_status":"open","ping_status":"closed","template":"","meta":[],"product_brand":[],"product_cat":[201,202],"product_tag":[],"class_list":{"0":"post-24924","1":"product","2":"type-product","3":"status-publish","4":"has-post-thumbnail","6":"product_cat-ofertas","7":"product_cat-productos-ofertas","9":"first","10":"instock","11":"sale","12":"taxable","13":"shipping-taxable","14":"purchasable","15":"product-type-simple"},"yoast_head":"<!-- This site is optimized with the Yoast SEO plugin v27.0 - https:\/\/yoast.com\/product\/yoast-seo-wordpress\/ -->\n<title>TAPAVASOS - Nomesvending<\/title>\n<meta name=\"robots\" content=\"index, follow, max-snippet:-1, max-image-preview:large, max-video-preview:-1\" \/>\n<link rel=\"canonical\" href=\"https:\/\/nomesvending.com\/web\/tienda\/ofertas\/productos-ofertas\/tapavasos\/\" \/>\n<meta property=\"og:locale\" content=\"es_ES\" \/>\n<meta property=\"og:type\" content=\"article\" \/>\n<meta property=\"og:title\" content=\"TAPAVASOS - Nomesvending\" \/>\n<meta property=\"og:description\" content=\"Un tapavasos de pl\u00e1stico es una tapa dise\u00f1ada para cubrir la abertura de un vaso, protegiendo su contenido de contaminantes externos, derrames y p\u00e9rdidas de temperatura. Generalmente fabricado en polipropileno (PP) o poliestireno (PS), es ligero, resistente y flexible. Caracter\u00edsticas principales Material: Pl\u00e1stico reutilizable o desechable, resistente a l\u00edquidos fr\u00edos y calientes. Dise\u00f1o: Puede incluir [&hellip;]\" \/>\n<meta property=\"og:url\" content=\"https:\/\/nomesvending.com\/web\/tienda\/ofertas\/productos-ofertas\/tapavasos\/\" \/>\n<meta property=\"og:site_name\" content=\"Nomesvending\" \/>\n<meta property=\"article:publisher\" content=\"https:\/\/www.facebook.com\/NomesVending\/\" \/>\n<meta property=\"article:modified_time\" content=\"2025-05-20T07:31:19+00:00\" \/>\n<meta property=\"og:image\" content=\"https:\/\/nomesvending.com\/web\/wp-content\/uploads\/2025\/02\/Productos-Consumibles-Nomesvending-3.jpg\" \/>\n\t<meta property=\"og:image:width\" content=\"500\" \/>\n\t<meta property=\"og:image:height\" content=\"500\" \/>\n\t<meta property=\"og:image:type\" content=\"image\/jpeg\" \/>\n<meta name=\"twitter:card\" content=\"summary_large_image\" \/>\n<meta name=\"twitter:label1\" content=\"Tiempo de lectura\" \/>\n\t<meta name=\"twitter:data1\" content=\"1 minuto\" \/>\n<script type=\"application\/ld+json\" class=\"yoast-schema-graph\">{\"@context\":\"https:\/\/schema.org\",\"@graph\":[{\"@type\":\"WebPage\",\"@id\":\"https:\/\/nomesvending.com\/web\/tienda\/ofertas\/productos-ofertas\/tapavasos\/\",\"url\":\"https:\/\/nomesvending.com\/web\/tienda\/ofertas\/productos-ofertas\/tapavasos\/\",\"name\":\"TAPAVASOS - Nomesvending\",\"isPartOf\":{\"@id\":\"https:\/\/nomesvending.com\/web\/#website\"},\"primaryImageOfPage\":{\"@id\":\"https:\/\/nomesvending.com\/web\/tienda\/ofertas\/productos-ofertas\/tapavasos\/#primaryimage\"},\"image\":{\"@id\":\"https:\/\/nomesvending.com\/web\/tienda\/ofertas\/productos-ofertas\/tapavasos\/#primaryimage\"},\"thumbnailUrl\":\"https:\/\/nomesvending.com\/web\/wp-content\/uploads\/2025\/02\/Productos-Consumibles-Nomesvending-3.jpg\",\"datePublished\":\"2025-02-18T07:51:43+00:00\",\"dateModified\":\"2025-05-20T07:31:19+00:00\",\"breadcrumb\":{\"@id\":\"https:\/\/nomesvending.com\/web\/tienda\/ofertas\/productos-ofertas\/tapavasos\/#breadcrumb\"},\"inLanguage\":\"es\",\"potentialAction\":[{\"@type\":\"ReadAction\",\"target\":[\"https:\/\/nomesvending.com\/web\/tienda\/ofertas\/productos-ofertas\/tapavasos\/\"]}]},{\"@type\":\"ImageObject\",\"inLanguage\":\"es\",\"@id\":\"https:\/\/nomesvending.com\/web\/tienda\/ofertas\/productos-ofertas\/tapavasos\/#primaryimage\",\"url\":\"https:\/\/nomesvending.com\/web\/wp-content\/uploads\/2025\/02\/Productos-Consumibles-Nomesvending-3.jpg\",\"contentUrl\":\"https:\/\/nomesvending.com\/web\/wp-content\/uploads\/2025\/02\/Productos-Consumibles-Nomesvending-3.jpg\",\"width\":500,\"height\":500},{\"@type\":\"BreadcrumbList\",\"@id\":\"https:\/\/nomesvending.com\/web\/tienda\/ofertas\/productos-ofertas\/tapavasos\/#breadcrumb\",\"itemListElement\":[{\"@type\":\"ListItem\",\"position\":1,\"name\":\"Portada\",\"item\":\"https:\/\/nomesvending.com\/web\/\"},{\"@type\":\"ListItem\",\"position\":2,\"name\":\"Tienda\",\"item\":\"https:\/\/nomesvending.com\/web\/tienda\/\"},{\"@type\":\"ListItem\",\"position\":3,\"name\":\"TAPAVASOS\"}]},{\"@type\":\"WebSite\",\"@id\":\"https:\/\/nomesvending.com\/web\/#website\",\"url\":\"https:\/\/nomesvending.com\/web\/\",\"name\":\"Nom\u00e9sVending\",\"description\":\"M\u00e1quinas, filtros, recambios, monederos, consumibles y todo lo que necesitas para el mundo del vending. Calidad y tecnolog\u00eda para tu negocio. \u00a1Descubre nuestras soluciones!\",\"publisher\":{\"@id\":\"https:\/\/nomesvending.com\/web\/#organization\"},\"potentialAction\":[{\"@type\":\"SearchAction\",\"target\":{\"@type\":\"EntryPoint\",\"urlTemplate\":\"https:\/\/nomesvending.com\/web\/?s={search_term_string}\"},\"query-input\":{\"@type\":\"PropertyValueSpecification\",\"valueRequired\":true,\"valueName\":\"search_term_string\"}}],\"inLanguage\":\"es\"},{\"@type\":\"Organization\",\"@id\":\"https:\/\/nomesvending.com\/web\/#organization\",\"name\":\"Nom\u00e9sVending\",\"url\":\"https:\/\/nomesvending.com\/web\/\",\"logo\":{\"@type\":\"ImageObject\",\"inLanguage\":\"es\",\"@id\":\"https:\/\/nomesvending.com\/web\/#\/schema\/logo\/image\/\",\"url\":\"https:\/\/nomesvending.com\/web\/wp-content\/uploads\/2026\/03\/Red-and-White-Modern-Vending-Machine-Services-Instagram-Post.png\",\"contentUrl\":\"https:\/\/nomesvending.com\/web\/wp-content\/uploads\/2026\/03\/Red-and-White-Modern-Vending-Machine-Services-Instagram-Post.png\",\"width\":1080,\"height\":1080,\"caption\":\"Nom\u00e9sVending\"},\"image\":{\"@id\":\"https:\/\/nomesvending.com\/web\/#\/schema\/logo\/image\/\"},\"sameAs\":[\"https:\/\/www.facebook.com\/NomesVending\/\",\"https:\/\/www.instagram.com\/nomesvending\/\"]}]}<\/script>\n<!-- \/ Yoast SEO plugin. -->","yoast_head_json":{"title":"TAPAVASOS - Nomesvending","robots":{"index":"index","follow":"follow","max-snippet":"max-snippet:-1","max-image-preview":"max-image-preview:large","max-video-preview":"max-video-preview:-1"},"canonical":"https:\/\/nomesvending.com\/web\/tienda\/ofertas\/productos-ofertas\/tapavasos\/","og_locale":"es_ES","og_type":"article","og_title":"TAPAVASOS - Nomesvending","og_description":"Un tapavasos de pl\u00e1stico es una tapa dise\u00f1ada para cubrir la abertura de un vaso, protegiendo su contenido de contaminantes externos, derrames y p\u00e9rdidas de temperatura. Generalmente fabricado en polipropileno (PP) o poliestireno (PS), es ligero, resistente y flexible. Caracter\u00edsticas principales Material: Pl\u00e1stico reutilizable o desechable, resistente a l\u00edquidos fr\u00edos y calientes. Dise\u00f1o: Puede incluir [&hellip;]","og_url":"https:\/\/nomesvending.com\/web\/tienda\/ofertas\/productos-ofertas\/tapavasos\/","og_site_name":"Nomesvending","article_publisher":"https:\/\/www.facebook.com\/NomesVending\/","article_modified_time":"2025-05-20T07:31:19+00:00","og_image":[{"width":500,"height":500,"url":"https:\/\/nomesvending.com\/web\/wp-content\/uploads\/2025\/02\/Productos-Consumibles-Nomesvending-3.jpg","type":"image\/jpeg"}],"twitter_card":"summary_large_image","twitter_misc":{"Tiempo de lectura":"1 minuto"},"schema":{"@context":"https:\/\/schema.org","@graph":[{"@type":"WebPage","@id":"https:\/\/nomesvending.com\/web\/tienda\/ofertas\/productos-ofertas\/tapavasos\/","url":"https:\/\/nomesvending.com\/web\/tienda\/ofertas\/productos-ofertas\/tapavasos\/","name":"TAPAVASOS - Nomesvending","isPartOf":{"@id":"https:\/\/nomesvending.com\/web\/#website"},"primaryImageOfPage":{"@id":"https:\/\/nomesvending.com\/web\/tienda\/ofertas\/productos-ofertas\/tapavasos\/#primaryimage"},"image":{"@id":"https:\/\/nomesvending.com\/web\/tienda\/ofertas\/productos-ofertas\/tapavasos\/#primaryimage"},"thumbnailUrl":"https:\/\/nomesvending.com\/web\/wp-content\/uploads\/2025\/02\/Productos-Consumibles-Nomesvending-3.jpg","datePublished":"2025-02-18T07:51:43+00:00","dateModified":"2025-05-20T07:31:19+00:00","breadcrumb":{"@id":"https:\/\/nomesvending.com\/web\/tienda\/ofertas\/productos-ofertas\/tapavasos\/#breadcrumb"},"inLanguage":"es","potentialAction":[{"@type":"ReadAction","target":["https:\/\/nomesvending.com\/web\/tienda\/ofertas\/productos-ofertas\/tapavasos\/"]}]},{"@type":"ImageObject","inLanguage":"es","@id":"https:\/\/nomesvending.com\/web\/tienda\/ofertas\/productos-ofertas\/tapavasos\/#primaryimage","url":"https:\/\/nomesvending.com\/web\/wp-content\/uploads\/2025\/02\/Productos-Consumibles-Nomesvending-3.jpg","contentUrl":"https:\/\/nomesvending.com\/web\/wp-content\/uploads\/2025\/02\/Productos-Consumibles-Nomesvending-3.jpg","width":500,"height":500},{"@type":"BreadcrumbList","@id":"https:\/\/nomesvending.com\/web\/tienda\/ofertas\/productos-ofertas\/tapavasos\/#breadcrumb","itemListElement":[{"@type":"ListItem","position":1,"name":"Portada","item":"https:\/\/nomesvending.com\/web\/"},{"@type":"ListItem","position":2,"name":"Tienda","item":"https:\/\/nomesvending.com\/web\/tienda\/"},{"@type":"ListItem","position":3,"name":"TAPAVASOS"}]},{"@type":"WebSite","@id":"https:\/\/nomesvending.com\/web\/#website","url":"https:\/\/nomesvending.com\/web\/","name":"Nom\u00e9sVending","description":"M\u00e1quinas, filtros, recambios, monederos, consumibles y todo lo que necesitas para el mundo del vending. Calidad y tecnolog\u00eda para tu negocio. \u00a1Descubre nuestras soluciones!","publisher":{"@id":"https:\/\/nomesvending.com\/web\/#organization"},"potentialAction":[{"@type":"SearchAction","target":{"@type":"EntryPoint","urlTemplate":"https:\/\/nomesvending.com\/web\/?s={search_term_string}"},"query-input":{"@type":"PropertyValueSpecification","valueRequired":true,"valueName":"search_term_string"}}],"inLanguage":"es"},{"@type":"Organization","@id":"https:\/\/nomesvending.com\/web\/#organization","name":"Nom\u00e9sVending","url":"https:\/\/nomesvending.com\/web\/","logo":{"@type":"ImageObject","inLanguage":"es","@id":"https:\/\/nomesvending.com\/web\/#\/schema\/logo\/image\/","url":"https:\/\/nomesvending.com\/web\/wp-content\/uploads\/2026\/03\/Red-and-White-Modern-Vending-Machine-Services-Instagram-Post.png","contentUrl":"https:\/\/nomesvending.com\/web\/wp-content\/uploads\/2026\/03\/Red-and-White-Modern-Vending-Machine-Services-Instagram-Post.png","width":1080,"height":1080,"caption":"Nom\u00e9sVending"},"image":{"@id":"https:\/\/nomesvending.com\/web\/#\/schema\/logo\/image\/"},"sameAs":["https:\/\/www.facebook.com\/NomesVending\/","https:\/\/www.instagram.com\/nomesvending\/"]}]}},"_links":{"self":[{"href":"https:\/\/nomesvending.com\/web\/wp-json\/wp\/v2\/product\/24924","targetHints":{"allow":["GET"]}}],"collection":[{"href":"https:\/\/nomesvending.com\/web\/wp-json\/wp\/v2\/product"}],"about":[{"href":"https:\/\/nomesvending.com\/web\/wp-json\/wp\/v2\/types\/product"}],"replies":[{"embeddable":true,"href":"https:\/\/nomesvending.com\/web\/wp-json\/wp\/v2\/comments?post=24924"}],"wp:featuredmedia":[{"embeddable":true,"href":"https:\/\/nomesvending.com\/web\/wp-json\/wp\/v2\/media\/25505"}],"wp:attachment":[{"href":"https:\/\/nomesvending.com\/web\/wp-json\/wp\/v2\/media?parent=24924"}],"wp:term":[{"taxonomy":"product_brand","embeddable":true,"href":"https:\/\/nomesvending.com\/web\/wp-json\/wp\/v2\/product_brand?post=24924"},{"taxonomy":"product_cat","embeddable":true,"href":"https:\/\/nomesvending.com\/web\/wp-json\/wp\/v2\/product_cat?post=24924"},{"taxonomy":"product_tag","embeddable":true,"href":"https:\/\/nomesvending.com\/web\/wp-json\/wp\/v2\/product_tag?post=24924"}],"curies":[{"name":"wp","href":"https:\/\/api.w.org\/{rel}","templated":true}]}}