{"id":25061,"date":"2025-03-13T09:35:47","date_gmt":"2025-03-13T09:35:47","guid":{"rendered":"https:\/\/nomesvending.com\/web\/?post_type=product&#038;p=25061"},"modified":"2025-05-16T09:14:21","modified_gmt":"2025-05-16T09:14:21","slug":"artesana-pipas-velarte-caja-55-u-x-50gr","status":"publish","type":"product","link":"https:\/\/nomesvending.com\/web\/tienda\/productos\/snacks\/snacks-snacks\/artesana-pipas-velarte-caja-55-u-x-50gr\/","title":{"rendered":"Barritas de Pan Pipas Velarte"},"content":{"rendered":"<h3 data-start=\"45\" data-end=\"476\">ARTESANA Pipas Velarte (caja 55 u x 50gr)<\/h3>\n<p class=\"\" data-start=\"42\" data-end=\"662\">Descubre el sabor aut\u00e9ntico y la calidad inconfundible de l <strong data-start=\"104\" data-end=\"121\">Pipas Velarte<\/strong>, un delicioso snack que te ofrece una experiencia \u00fanica en cada bocado. Estas pipas est\u00e1n elaboradas con una selecci\u00f3n de ingredientes de alta calidad, lo que garantiza un sabor excepcional en cada porci\u00f3n. Con un 16% de <strong data-start=\"343\" data-end=\"366\">semillas de girasol<\/strong>, las <strong data-start=\"372\" data-end=\"389\">Pipas Velarte<\/strong> combinan de manera perfecta <strong data-start=\"418\" data-end=\"437\">harina de trigo<\/strong>, <strong data-start=\"439\" data-end=\"472\">aceite de girasol alto oleico<\/strong>, <strong data-start=\"474\" data-end=\"481\">sal<\/strong> y <strong data-start=\"484\" data-end=\"496\">levadura<\/strong>, ingredientes que se fusionan para crear una textura crujiente y un sabor suave, pero a la vez intenso. Esta combinaci\u00f3n \u00fanica te conquistar\u00e1 desde el primer bocado.<\/p>\n<p class=\"\" data-start=\"664\" data-end=\"1263\">Las <strong data-start=\"668\" data-end=\"685\">Pipas Velarte<\/strong> son el snack perfecto para disfrutar en cualquier momento del d\u00eda. Son ideales para picar entre horas, proporcionando una opci\u00f3n deliciosa y satisfactoria cuando m\u00e1s lo necesitas. Tambi\u00e9n son una excelente elecci\u00f3n para compartir en reuniones con amigos, familiares o compa\u00f1eros de trabajo, ya que su sabor aut\u00e9ntico y su textura crujiente las convierten en el acompa\u00f1ante perfecto de cualquier ocasi\u00f3n social. Adem\u00e1s, su versatilidad las hace ideales tanto para combinar con una bebida fr\u00eda como para disfrutar con una bebida caliente, adapt\u00e1ndose a cualquier momento del d\u00eda.<\/p>\n<p class=\"\" data-start=\"1265\" data-end=\"1780\">Lo que realmente distingue a las <strong data-start=\"1298\" data-end=\"1315\">Pipas Velarte<\/strong> es la calidad de los ingredientes que utilizan. Las semillas de girasol seleccionadas y el aceite de girasol alto oleico les otorgan un sabor delicado y natural, sin renunciar a una textura crujiente y ligera que te har\u00e1 disfrutar de un snack sabroso y saludable. Gracias a su proceso de elaboraci\u00f3n cuidadoso, estas pipas no solo ofrecen un sabor delicioso, sino tambi\u00e9n una opci\u00f3n equilibrada para quienes buscan un snack sabroso pero con ingredientes naturales.<\/p>\n<h3 data-start=\"45\" data-end=\"476\">CONSERVACI\u00d3N Y ADVERTENCIAS<\/h3>\n<p class=\"\" data-start=\"1782\" data-end=\"2026\"><strong data-start=\"1782\" data-end=\"1798\">Conservaci\u00f3n<\/strong>: Para mantener la frescura y calidad de las <strong data-start=\"1843\" data-end=\"1860\">Pipas Velarte<\/strong>, se recomienda guardarlas en un lugar fresco y seco, alejado de la luz directa. De este modo, podr\u00e1s disfrutar de su sabor crujiente y su textura durante m\u00e1s tiempo.<\/p>\n<p class=\"\" data-start=\"2028\" data-end=\"2228\"><strong data-start=\"2028\" data-end=\"2043\">Advertencia<\/strong>: Este producto puede contener trazas de <strong data-start=\"2084\" data-end=\"2094\">s\u00e9samo<\/strong>, <strong data-start=\"2096\" data-end=\"2105\">leche<\/strong>, <strong data-start=\"2107\" data-end=\"2115\">soja<\/strong>, <strong data-start=\"2117\" data-end=\"2130\">cacahuete<\/strong>, <strong data-start=\"2132\" data-end=\"2144\">almendra<\/strong> y <strong data-start=\"2147\" data-end=\"2158\">mostaza<\/strong>, por lo que se debe tener en cuenta en caso de alergias alimentarias.<\/p>\n<p class=\"\" data-start=\"2230\" data-end=\"2488\">Las <strong data-start=\"2234\" data-end=\"2251\">Pipas Velarte<\/strong> no son solo un snack delicioso, sino tambi\u00e9n una opci\u00f3n de alta calidad, perfecta para acompa\u00f1ar tus momentos de relax o para compartir con tus seres queridos. \u00a1No esperes m\u00e1s para probarlas y disfrutar del verdadero sabor de las pipas!<\/p>\n<p class=\"\" data-start=\"2490\" data-end=\"2526\"><strong data-start=\"2490\" data-end=\"2526\">Metadescripci\u00f3n (160 caracteres)<\/strong><\/p>\n<p class=\"\" data-start=\"2528\" data-end=\"2684\">Pipas Velarte, elaboradas con semillas de girasol, harina de trigo y aceite de girasol alto oleico. Sabrosas, crujientes y perfectas para cualquier ocasi\u00f3n.<\/p>\n","protected":false},"excerpt":{"rendered":"<p>*VENTA POR PALET DE 44 CAJAS<\/p>\n","protected":false},"featured_media":25062,"comment_status":"open","ping_status":"closed","template":"","meta":[],"product_brand":[219],"product_cat":[51,107,95],"product_tag":[],"class_list":{"0":"post-25061","1":"product","2":"type-product","3":"status-publish","4":"has-post-thumbnail","6":"product_brand-velarte","7":"product_cat-productos","8":"product_cat-snacks-snacks","9":"product_cat-snacks","11":"first","12":"instock","13":"taxable","14":"shipping-taxable","15":"purchasable","16":"product-type-simple"},"yoast_head":"<!-- This site is optimized with the Yoast SEO plugin v27.5 - https:\/\/yoast.com\/product\/yoast-seo-wordpress\/ -->\n<title>Barritas de Pan Pipas Velarte - Nomesvending<\/title>\n<meta name=\"description\" content=\"Pipas Velarte, elaboradas con semillas de girasol, harina de trigo y aceite de girasol alto oleico. Crujientes, sabrosas y perfectas para....\" \/>\n<meta name=\"robots\" content=\"index, follow, max-snippet:-1, max-image-preview:large, max-video-preview:-1\" \/>\n<link rel=\"canonical\" href=\"https:\/\/nomesvending.com\/web\/tienda\/productos\/snacks\/snacks-snacks\/artesana-pipas-velarte-caja-55-u-x-50gr\/\" \/>\n<meta property=\"og:locale\" content=\"es_ES\" \/>\n<meta property=\"og:type\" content=\"article\" \/>\n<meta property=\"og:title\" content=\"Barritas de Pan Pipas Velarte - Nomesvending\" \/>\n<meta property=\"og:description\" content=\"Pipas Velarte, elaboradas con semillas de girasol, harina de trigo y aceite de girasol alto oleico. Crujientes, sabrosas y perfectas para....\" \/>\n<meta property=\"og:url\" content=\"https:\/\/nomesvending.com\/web\/tienda\/productos\/snacks\/snacks-snacks\/artesana-pipas-velarte-caja-55-u-x-50gr\/\" \/>\n<meta property=\"og:site_name\" content=\"Nomesvending\" \/>\n<meta property=\"article:publisher\" content=\"https:\/\/www.facebook.com\/NomesVending\/\" \/>\n<meta property=\"article:modified_time\" content=\"2025-05-16T09:14:21+00:00\" \/>\n<meta property=\"og:image\" content=\"https:\/\/nomesvending.com\/web\/wp-content\/uploads\/2025\/03\/Productos-Consumibles-Nomesvending-3.jpg\" \/>\n\t<meta property=\"og:image:width\" content=\"500\" \/>\n\t<meta property=\"og:image:height\" content=\"500\" \/>\n\t<meta property=\"og:image:type\" content=\"image\/jpeg\" \/>\n<meta name=\"twitter:card\" content=\"summary_large_image\" \/>\n<meta name=\"twitter:label1\" content=\"Tiempo de lectura\" \/>\n\t<meta name=\"twitter:data1\" content=\"3 minutos\" \/>\n<script type=\"application\/ld+json\" class=\"yoast-schema-graph\">{\"@context\":\"https:\\\/\\\/schema.org\",\"@graph\":[{\"@type\":\"WebPage\",\"@id\":\"https:\\\/\\\/nomesvending.com\\\/web\\\/tienda\\\/productos\\\/snacks\\\/snacks-snacks\\\/artesana-pipas-velarte-caja-55-u-x-50gr\\\/\",\"url\":\"https:\\\/\\\/nomesvending.com\\\/web\\\/tienda\\\/productos\\\/snacks\\\/snacks-snacks\\\/artesana-pipas-velarte-caja-55-u-x-50gr\\\/\",\"name\":\"Barritas de Pan Pipas Velarte - Nomesvending\",\"isPartOf\":{\"@id\":\"https:\\\/\\\/nomesvending.com\\\/web\\\/#website\"},\"primaryImageOfPage\":{\"@id\":\"https:\\\/\\\/nomesvending.com\\\/web\\\/tienda\\\/productos\\\/snacks\\\/snacks-snacks\\\/artesana-pipas-velarte-caja-55-u-x-50gr\\\/#primaryimage\"},\"image\":{\"@id\":\"https:\\\/\\\/nomesvending.com\\\/web\\\/tienda\\\/productos\\\/snacks\\\/snacks-snacks\\\/artesana-pipas-velarte-caja-55-u-x-50gr\\\/#primaryimage\"},\"thumbnailUrl\":\"https:\\\/\\\/nomesvending.com\\\/web\\\/wp-content\\\/uploads\\\/2025\\\/03\\\/Productos-Consumibles-Nomesvending-3.jpg\",\"datePublished\":\"2025-03-13T09:35:47+00:00\",\"dateModified\":\"2025-05-16T09:14:21+00:00\",\"description\":\"Pipas Velarte, elaboradas con semillas de girasol, harina de trigo y aceite de girasol alto oleico. Crujientes, sabrosas y perfectas para....\",\"breadcrumb\":{\"@id\":\"https:\\\/\\\/nomesvending.com\\\/web\\\/tienda\\\/productos\\\/snacks\\\/snacks-snacks\\\/artesana-pipas-velarte-caja-55-u-x-50gr\\\/#breadcrumb\"},\"inLanguage\":\"es\",\"potentialAction\":[{\"@type\":\"ReadAction\",\"target\":[\"https:\\\/\\\/nomesvending.com\\\/web\\\/tienda\\\/productos\\\/snacks\\\/snacks-snacks\\\/artesana-pipas-velarte-caja-55-u-x-50gr\\\/\"]}]},{\"@type\":\"ImageObject\",\"inLanguage\":\"es\",\"@id\":\"https:\\\/\\\/nomesvending.com\\\/web\\\/tienda\\\/productos\\\/snacks\\\/snacks-snacks\\\/artesana-pipas-velarte-caja-55-u-x-50gr\\\/#primaryimage\",\"url\":\"https:\\\/\\\/nomesvending.com\\\/web\\\/wp-content\\\/uploads\\\/2025\\\/03\\\/Productos-Consumibles-Nomesvending-3.jpg\",\"contentUrl\":\"https:\\\/\\\/nomesvending.com\\\/web\\\/wp-content\\\/uploads\\\/2025\\\/03\\\/Productos-Consumibles-Nomesvending-3.jpg\",\"width\":500,\"height\":500,\"caption\":\"Pipas Velarte\"},{\"@type\":\"BreadcrumbList\",\"@id\":\"https:\\\/\\\/nomesvending.com\\\/web\\\/tienda\\\/productos\\\/snacks\\\/snacks-snacks\\\/artesana-pipas-velarte-caja-55-u-x-50gr\\\/#breadcrumb\",\"itemListElement\":[{\"@type\":\"ListItem\",\"position\":1,\"name\":\"Portada\",\"item\":\"https:\\\/\\\/nomesvending.com\\\/web\\\/\"},{\"@type\":\"ListItem\",\"position\":2,\"name\":\"Tienda\",\"item\":\"https:\\\/\\\/nomesvending.com\\\/web\\\/tienda\\\/\"},{\"@type\":\"ListItem\",\"position\":3,\"name\":\"Barritas de Pan Pipas Velarte\"}]},{\"@type\":\"WebSite\",\"@id\":\"https:\\\/\\\/nomesvending.com\\\/web\\\/#website\",\"url\":\"https:\\\/\\\/nomesvending.com\\\/web\\\/\",\"name\":\"Nom\u00e9sVending\",\"description\":\"M\u00e1quinas, filtros, recambios, monederos, consumibles y todo lo que necesitas para el mundo del vending. Calidad y tecnolog\u00eda para tu negocio. \u00a1Descubre nuestras soluciones!\",\"publisher\":{\"@id\":\"https:\\\/\\\/nomesvending.com\\\/web\\\/#organization\"},\"potentialAction\":[{\"@type\":\"SearchAction\",\"target\":{\"@type\":\"EntryPoint\",\"urlTemplate\":\"https:\\\/\\\/nomesvending.com\\\/web\\\/?s={search_term_string}\"},\"query-input\":{\"@type\":\"PropertyValueSpecification\",\"valueRequired\":true,\"valueName\":\"search_term_string\"}}],\"inLanguage\":\"es\"},{\"@type\":\"Organization\",\"@id\":\"https:\\\/\\\/nomesvending.com\\\/web\\\/#organization\",\"name\":\"Nom\u00e9sVending\",\"url\":\"https:\\\/\\\/nomesvending.com\\\/web\\\/\",\"logo\":{\"@type\":\"ImageObject\",\"inLanguage\":\"es\",\"@id\":\"https:\\\/\\\/nomesvending.com\\\/web\\\/#\\\/schema\\\/logo\\\/image\\\/\",\"url\":\"https:\\\/\\\/nomesvending.com\\\/web\\\/wp-content\\\/uploads\\\/2026\\\/03\\\/Red-and-White-Modern-Vending-Machine-Services-Instagram-Post.png\",\"contentUrl\":\"https:\\\/\\\/nomesvending.com\\\/web\\\/wp-content\\\/uploads\\\/2026\\\/03\\\/Red-and-White-Modern-Vending-Machine-Services-Instagram-Post.png\",\"width\":1080,\"height\":1080,\"caption\":\"Nom\u00e9sVending\"},\"image\":{\"@id\":\"https:\\\/\\\/nomesvending.com\\\/web\\\/#\\\/schema\\\/logo\\\/image\\\/\"},\"sameAs\":[\"https:\\\/\\\/www.facebook.com\\\/NomesVending\\\/\",\"https:\\\/\\\/www.instagram.com\\\/nomesvending\\\/\"]}]}<\/script>\n<!-- \/ Yoast SEO plugin. -->","yoast_head_json":{"title":"Barritas de Pan Pipas Velarte - Nomesvending","description":"Pipas Velarte, elaboradas con semillas de girasol, harina de trigo y aceite de girasol alto oleico. Crujientes, sabrosas y perfectas para....","robots":{"index":"index","follow":"follow","max-snippet":"max-snippet:-1","max-image-preview":"max-image-preview:large","max-video-preview":"max-video-preview:-1"},"canonical":"https:\/\/nomesvending.com\/web\/tienda\/productos\/snacks\/snacks-snacks\/artesana-pipas-velarte-caja-55-u-x-50gr\/","og_locale":"es_ES","og_type":"article","og_title":"Barritas de Pan Pipas Velarte - Nomesvending","og_description":"Pipas Velarte, elaboradas con semillas de girasol, harina de trigo y aceite de girasol alto oleico. Crujientes, sabrosas y perfectas para....","og_url":"https:\/\/nomesvending.com\/web\/tienda\/productos\/snacks\/snacks-snacks\/artesana-pipas-velarte-caja-55-u-x-50gr\/","og_site_name":"Nomesvending","article_publisher":"https:\/\/www.facebook.com\/NomesVending\/","article_modified_time":"2025-05-16T09:14:21+00:00","og_image":[{"width":500,"height":500,"url":"https:\/\/nomesvending.com\/web\/wp-content\/uploads\/2025\/03\/Productos-Consumibles-Nomesvending-3.jpg","type":"image\/jpeg"}],"twitter_card":"summary_large_image","twitter_misc":{"Tiempo de lectura":"3 minutos"},"schema":{"@context":"https:\/\/schema.org","@graph":[{"@type":"WebPage","@id":"https:\/\/nomesvending.com\/web\/tienda\/productos\/snacks\/snacks-snacks\/artesana-pipas-velarte-caja-55-u-x-50gr\/","url":"https:\/\/nomesvending.com\/web\/tienda\/productos\/snacks\/snacks-snacks\/artesana-pipas-velarte-caja-55-u-x-50gr\/","name":"Barritas de Pan Pipas Velarte - Nomesvending","isPartOf":{"@id":"https:\/\/nomesvending.com\/web\/#website"},"primaryImageOfPage":{"@id":"https:\/\/nomesvending.com\/web\/tienda\/productos\/snacks\/snacks-snacks\/artesana-pipas-velarte-caja-55-u-x-50gr\/#primaryimage"},"image":{"@id":"https:\/\/nomesvending.com\/web\/tienda\/productos\/snacks\/snacks-snacks\/artesana-pipas-velarte-caja-55-u-x-50gr\/#primaryimage"},"thumbnailUrl":"https:\/\/nomesvending.com\/web\/wp-content\/uploads\/2025\/03\/Productos-Consumibles-Nomesvending-3.jpg","datePublished":"2025-03-13T09:35:47+00:00","dateModified":"2025-05-16T09:14:21+00:00","description":"Pipas Velarte, elaboradas con semillas de girasol, harina de trigo y aceite de girasol alto oleico. Crujientes, sabrosas y perfectas para....","breadcrumb":{"@id":"https:\/\/nomesvending.com\/web\/tienda\/productos\/snacks\/snacks-snacks\/artesana-pipas-velarte-caja-55-u-x-50gr\/#breadcrumb"},"inLanguage":"es","potentialAction":[{"@type":"ReadAction","target":["https:\/\/nomesvending.com\/web\/tienda\/productos\/snacks\/snacks-snacks\/artesana-pipas-velarte-caja-55-u-x-50gr\/"]}]},{"@type":"ImageObject","inLanguage":"es","@id":"https:\/\/nomesvending.com\/web\/tienda\/productos\/snacks\/snacks-snacks\/artesana-pipas-velarte-caja-55-u-x-50gr\/#primaryimage","url":"https:\/\/nomesvending.com\/web\/wp-content\/uploads\/2025\/03\/Productos-Consumibles-Nomesvending-3.jpg","contentUrl":"https:\/\/nomesvending.com\/web\/wp-content\/uploads\/2025\/03\/Productos-Consumibles-Nomesvending-3.jpg","width":500,"height":500,"caption":"Pipas Velarte"},{"@type":"BreadcrumbList","@id":"https:\/\/nomesvending.com\/web\/tienda\/productos\/snacks\/snacks-snacks\/artesana-pipas-velarte-caja-55-u-x-50gr\/#breadcrumb","itemListElement":[{"@type":"ListItem","position":1,"name":"Portada","item":"https:\/\/nomesvending.com\/web\/"},{"@type":"ListItem","position":2,"name":"Tienda","item":"https:\/\/nomesvending.com\/web\/tienda\/"},{"@type":"ListItem","position":3,"name":"Barritas de Pan Pipas Velarte"}]},{"@type":"WebSite","@id":"https:\/\/nomesvending.com\/web\/#website","url":"https:\/\/nomesvending.com\/web\/","name":"Nom\u00e9sVending","description":"M\u00e1quinas, filtros, recambios, monederos, consumibles y todo lo que necesitas para el mundo del vending. Calidad y tecnolog\u00eda para tu negocio. \u00a1Descubre nuestras soluciones!","publisher":{"@id":"https:\/\/nomesvending.com\/web\/#organization"},"potentialAction":[{"@type":"SearchAction","target":{"@type":"EntryPoint","urlTemplate":"https:\/\/nomesvending.com\/web\/?s={search_term_string}"},"query-input":{"@type":"PropertyValueSpecification","valueRequired":true,"valueName":"search_term_string"}}],"inLanguage":"es"},{"@type":"Organization","@id":"https:\/\/nomesvending.com\/web\/#organization","name":"Nom\u00e9sVending","url":"https:\/\/nomesvending.com\/web\/","logo":{"@type":"ImageObject","inLanguage":"es","@id":"https:\/\/nomesvending.com\/web\/#\/schema\/logo\/image\/","url":"https:\/\/nomesvending.com\/web\/wp-content\/uploads\/2026\/03\/Red-and-White-Modern-Vending-Machine-Services-Instagram-Post.png","contentUrl":"https:\/\/nomesvending.com\/web\/wp-content\/uploads\/2026\/03\/Red-and-White-Modern-Vending-Machine-Services-Instagram-Post.png","width":1080,"height":1080,"caption":"Nom\u00e9sVending"},"image":{"@id":"https:\/\/nomesvending.com\/web\/#\/schema\/logo\/image\/"},"sameAs":["https:\/\/www.facebook.com\/NomesVending\/","https:\/\/www.instagram.com\/nomesvending\/"]}]}},"_links":{"self":[{"href":"https:\/\/nomesvending.com\/web\/wp-json\/wp\/v2\/product\/25061","targetHints":{"allow":["GET"]}}],"collection":[{"href":"https:\/\/nomesvending.com\/web\/wp-json\/wp\/v2\/product"}],"about":[{"href":"https:\/\/nomesvending.com\/web\/wp-json\/wp\/v2\/types\/product"}],"replies":[{"embeddable":true,"href":"https:\/\/nomesvending.com\/web\/wp-json\/wp\/v2\/comments?post=25061"}],"wp:featuredmedia":[{"embeddable":true,"href":"https:\/\/nomesvending.com\/web\/wp-json\/wp\/v2\/media\/25062"}],"wp:attachment":[{"href":"https:\/\/nomesvending.com\/web\/wp-json\/wp\/v2\/media?parent=25061"}],"wp:term":[{"taxonomy":"product_brand","embeddable":true,"href":"https:\/\/nomesvending.com\/web\/wp-json\/wp\/v2\/product_brand?post=25061"},{"taxonomy":"product_cat","embeddable":true,"href":"https:\/\/nomesvending.com\/web\/wp-json\/wp\/v2\/product_cat?post=25061"},{"taxonomy":"product_tag","embeddable":true,"href":"https:\/\/nomesvending.com\/web\/wp-json\/wp\/v2\/product_tag?post=25061"}],"curies":[{"name":"wp","href":"https:\/\/api.w.org\/{rel}","templated":true}]}}