{"id":25506,"date":"2025-05-20T07:53:01","date_gmt":"2025-05-20T07:53:01","guid":{"rendered":"https:\/\/nomesvending.com\/web\/?post_type=product&#038;p=25506"},"modified":"2026-01-27T08:22:54","modified_gmt":"2026-01-27T08:22:54","slug":"nescafe-mokambo-tradicion-poch-500gr","status":"publish","type":"product","link":"https:\/\/nomesvending.com\/web\/tienda\/productos\/consumibles\/cafe-soluble\/nescafe-mokambo-tradicion-poch-500gr\/","title":{"rendered":"Nescaf\u00e9 Mokambo Tradici\u00f3n Poch 500gr"},"content":{"rendered":"<p class=\"\" data-start=\"121\" data-end=\"199\"><strong data-start=\"121\" data-end=\"199\">Nescaf\u00e9 Mokambo Tradici\u00f3n \u2013 Caf\u00e9 Liofilizado Natural 100 % Ar\u00e1bica (500 g)<\/strong><\/p>\n<p class=\"\" data-start=\"201\" data-end=\"613\">Descubre el aut\u00e9ntico sabor del caf\u00e9 con <strong data-start=\"242\" data-end=\"271\">Nescaf\u00e9 Mokambo Tradici\u00f3n<\/strong>, una exquisita opci\u00f3n para los amantes del buen caf\u00e9 que valoran tanto el sabor como la sostenibilidad. Elaborado exclusivamente con granos de caf\u00e9 <strong data-start=\"420\" data-end=\"437\">100 % Ar\u00e1bica<\/strong>, seleccionados cuidadosamente de las mejores regiones cafetaleras, este caf\u00e9 ofrece una experiencia sensorial superior gracias a su perfil suave, equilibrado y lleno de aroma.<\/p>\n<p class=\"\" data-start=\"615\" data-end=\"1033\">Su proceso de <strong data-start=\"629\" data-end=\"654\">liofilizaci\u00f3n natural<\/strong> \u2013una t\u00e9cnica avanzada que consiste en la deshidrataci\u00f3n en fr\u00edo\u2013 permite conservar al m\u00e1ximo las propiedades originales del caf\u00e9, manteniendo intactos sus aceites esenciales, sabores y aromas caracter\u00edsticos. Gracias a este m\u00e9todo, cada taza de Nescaf\u00e9 Mokambo Tradici\u00f3n conserva la esencia del grano reci\u00e9n tostado, ofreciendo una calidad constante y una frescura incomparable.<\/p>\n<p class=\"\" data-start=\"1035\" data-end=\"1519\">Comprometido con el medio ambiente y las comunidades productoras, este caf\u00e9 cuenta con la <strong data-start=\"1125\" data-end=\"1162\">certificaci\u00f3n Rainforest Alliance.<\/strong> Lo que garantiza que ha sido cultivado siguiendo pr\u00e1cticas agr\u00edcolas responsables, respetuosas con la naturaleza y enfocadas en mejorar las condiciones de vida de los agricultores. Al elegir este producto, no solo disfrutas de un excelente caf\u00e9, sino que tambi\u00e9n contribuyes activamente a la conservaci\u00f3n del planeta y al bienestar de quienes lo cultivan.<\/p>\n<p class=\"\" data-start=\"1521\" data-end=\"1733\">Presentado en un <strong data-start=\"1538\" data-end=\"1573\">formato econ\u00f3mico de 500 gramos<\/strong>, es ideal tanto para oficinas y negocios del sector de la hosteler\u00eda como para hogares que desean disfrutar de un caf\u00e9 de alta calidad en cada momento del d\u00eda.<\/p>\n<p class=\"\" data-start=\"1735\" data-end=\"1924\">Con <strong data-start=\"1739\" data-end=\"1768\">Nescaf\u00e9 Mokambo Tradici\u00f3n<\/strong>, el sabor, la calidad y el compromiso con la sostenibilidad se fusionan en una sola propuesta, pensada para quienes no se conforman con menos que lo mejor.<\/p>\n","protected":false},"excerpt":{"rendered":"<p>Nescaf\u00e9 Mokambo Tradici\u00f3n \u2013 Caf\u00e9 Liofilizado Natural 100 % Ar\u00e1bica (500 g) Descubre el aut\u00e9ntico sabor del caf\u00e9 con Nescaf\u00e9 Mokambo Tradici\u00f3n, una exquisita opci\u00f3n para los amantes del buen caf\u00e9 que valoran tanto el sabor como la sostenibilidad. Elaborado exclusivamente con granos de caf\u00e9 100 % Ar\u00e1bica, seleccionados cuidadosamente de las mejores regiones cafetaleras, [&hellip;]<\/p>\n","protected":false},"featured_media":27314,"comment_status":"open","ping_status":"closed","template":"","meta":[],"product_brand":[242],"product_cat":[110,99,51],"product_tag":[],"class_list":{"0":"post-25506","1":"product","2":"type-product","3":"status-publish","4":"has-post-thumbnail","6":"product_brand-nescafe","7":"product_cat-cafe-soluble","8":"product_cat-consumibles","9":"product_cat-productos","11":"first","12":"instock","13":"taxable","14":"shipping-taxable","15":"purchasable","16":"product-type-simple"},"yoast_head":"<!-- This site is optimized with the Yoast SEO plugin v27.0 - https:\/\/yoast.com\/product\/yoast-seo-wordpress\/ -->\n<title>Nescaf\u00e9 Mokambo Tradici\u00f3n Poch 500gr - Nomesvending<\/title>\n<meta name=\"description\" content=\"Disfruta Nescaf\u00e9 Mokambo Tradici\u00f3n, caf\u00e9 liofilizado 100 % Ar\u00e1bica de alta calidad, con sabor suave y aroma intenso. Producto sostenible certificado....\" \/>\n<meta name=\"robots\" content=\"index, follow, max-snippet:-1, max-image-preview:large, max-video-preview:-1\" \/>\n<link rel=\"canonical\" href=\"https:\/\/nomesvending.com\/web\/tienda\/productos\/consumibles\/cafe-soluble\/nescafe-mokambo-tradicion-poch-500gr\/\" \/>\n<meta property=\"og:locale\" content=\"es_ES\" \/>\n<meta property=\"og:type\" content=\"article\" \/>\n<meta property=\"og:title\" content=\"Nescaf\u00e9 Mokambo Tradici\u00f3n Poch 500gr - Nomesvending\" \/>\n<meta property=\"og:description\" content=\"Disfruta Nescaf\u00e9 Mokambo Tradici\u00f3n, caf\u00e9 liofilizado 100 % Ar\u00e1bica de alta calidad, con sabor suave y aroma intenso. Producto sostenible certificado....\" \/>\n<meta property=\"og:url\" content=\"https:\/\/nomesvending.com\/web\/tienda\/productos\/consumibles\/cafe-soluble\/nescafe-mokambo-tradicion-poch-500gr\/\" \/>\n<meta property=\"og:site_name\" content=\"Nomesvending\" \/>\n<meta property=\"article:publisher\" content=\"https:\/\/www.facebook.com\/NomesVending\/\" \/>\n<meta property=\"article:modified_time\" content=\"2026-01-27T08:22:54+00:00\" \/>\n<meta property=\"og:image\" content=\"https:\/\/nomesvending.com\/web\/wp-content\/uploads\/2025\/05\/Productos-Consumibles-Nomesvending-5-1.jpg\" \/>\n\t<meta property=\"og:image:width\" content=\"500\" \/>\n\t<meta property=\"og:image:height\" content=\"500\" \/>\n\t<meta property=\"og:image:type\" content=\"image\/jpeg\" \/>\n<meta name=\"twitter:card\" content=\"summary_large_image\" \/>\n<meta name=\"twitter:label1\" content=\"Tiempo de lectura\" \/>\n\t<meta name=\"twitter:data1\" content=\"2 minutos\" \/>\n<script type=\"application\/ld+json\" class=\"yoast-schema-graph\">{\"@context\":\"https:\/\/schema.org\",\"@graph\":[{\"@type\":\"WebPage\",\"@id\":\"https:\/\/nomesvending.com\/web\/tienda\/productos\/consumibles\/cafe-soluble\/nescafe-mokambo-tradicion-poch-500gr\/\",\"url\":\"https:\/\/nomesvending.com\/web\/tienda\/productos\/consumibles\/cafe-soluble\/nescafe-mokambo-tradicion-poch-500gr\/\",\"name\":\"Nescaf\u00e9 Mokambo Tradici\u00f3n Poch 500gr - Nomesvending\",\"isPartOf\":{\"@id\":\"https:\/\/nomesvending.com\/web\/#website\"},\"primaryImageOfPage\":{\"@id\":\"https:\/\/nomesvending.com\/web\/tienda\/productos\/consumibles\/cafe-soluble\/nescafe-mokambo-tradicion-poch-500gr\/#primaryimage\"},\"image\":{\"@id\":\"https:\/\/nomesvending.com\/web\/tienda\/productos\/consumibles\/cafe-soluble\/nescafe-mokambo-tradicion-poch-500gr\/#primaryimage\"},\"thumbnailUrl\":\"https:\/\/nomesvending.com\/web\/wp-content\/uploads\/2025\/05\/Productos-Consumibles-Nomesvending-5-1.jpg\",\"datePublished\":\"2025-05-20T07:53:01+00:00\",\"dateModified\":\"2026-01-27T08:22:54+00:00\",\"description\":\"Disfruta Nescaf\u00e9 Mokambo Tradici\u00f3n, caf\u00e9 liofilizado 100 % Ar\u00e1bica de alta calidad, con sabor suave y aroma intenso. Producto sostenible certificado....\",\"breadcrumb\":{\"@id\":\"https:\/\/nomesvending.com\/web\/tienda\/productos\/consumibles\/cafe-soluble\/nescafe-mokambo-tradicion-poch-500gr\/#breadcrumb\"},\"inLanguage\":\"es\",\"potentialAction\":[{\"@type\":\"ReadAction\",\"target\":[\"https:\/\/nomesvending.com\/web\/tienda\/productos\/consumibles\/cafe-soluble\/nescafe-mokambo-tradicion-poch-500gr\/\"]}]},{\"@type\":\"ImageObject\",\"inLanguage\":\"es\",\"@id\":\"https:\/\/nomesvending.com\/web\/tienda\/productos\/consumibles\/cafe-soluble\/nescafe-mokambo-tradicion-poch-500gr\/#primaryimage\",\"url\":\"https:\/\/nomesvending.com\/web\/wp-content\/uploads\/2025\/05\/Productos-Consumibles-Nomesvending-5-1.jpg\",\"contentUrl\":\"https:\/\/nomesvending.com\/web\/wp-content\/uploads\/2025\/05\/Productos-Consumibles-Nomesvending-5-1.jpg\",\"width\":500,\"height\":500,\"caption\":\"Nescaf\u00e9 Mokambo Tradici\u00f3n Poch 500gr\"},{\"@type\":\"BreadcrumbList\",\"@id\":\"https:\/\/nomesvending.com\/web\/tienda\/productos\/consumibles\/cafe-soluble\/nescafe-mokambo-tradicion-poch-500gr\/#breadcrumb\",\"itemListElement\":[{\"@type\":\"ListItem\",\"position\":1,\"name\":\"Portada\",\"item\":\"https:\/\/nomesvending.com\/web\/\"},{\"@type\":\"ListItem\",\"position\":2,\"name\":\"Tienda\",\"item\":\"https:\/\/nomesvending.com\/web\/tienda\/\"},{\"@type\":\"ListItem\",\"position\":3,\"name\":\"Nescaf\u00e9 Mokambo Tradici\u00f3n Poch 500gr\"}]},{\"@type\":\"WebSite\",\"@id\":\"https:\/\/nomesvending.com\/web\/#website\",\"url\":\"https:\/\/nomesvending.com\/web\/\",\"name\":\"Nom\u00e9sVending\",\"description\":\"M\u00e1quinas, filtros, recambios, monederos, consumibles y todo lo que necesitas para el mundo del vending. Calidad y tecnolog\u00eda para tu negocio. \u00a1Descubre nuestras soluciones!\",\"publisher\":{\"@id\":\"https:\/\/nomesvending.com\/web\/#organization\"},\"potentialAction\":[{\"@type\":\"SearchAction\",\"target\":{\"@type\":\"EntryPoint\",\"urlTemplate\":\"https:\/\/nomesvending.com\/web\/?s={search_term_string}\"},\"query-input\":{\"@type\":\"PropertyValueSpecification\",\"valueRequired\":true,\"valueName\":\"search_term_string\"}}],\"inLanguage\":\"es\"},{\"@type\":\"Organization\",\"@id\":\"https:\/\/nomesvending.com\/web\/#organization\",\"name\":\"Nom\u00e9sVending\",\"url\":\"https:\/\/nomesvending.com\/web\/\",\"logo\":{\"@type\":\"ImageObject\",\"inLanguage\":\"es\",\"@id\":\"https:\/\/nomesvending.com\/web\/#\/schema\/logo\/image\/\",\"url\":\"https:\/\/nomesvending.com\/web\/wp-content\/uploads\/2026\/03\/Red-and-White-Modern-Vending-Machine-Services-Instagram-Post.png\",\"contentUrl\":\"https:\/\/nomesvending.com\/web\/wp-content\/uploads\/2026\/03\/Red-and-White-Modern-Vending-Machine-Services-Instagram-Post.png\",\"width\":1080,\"height\":1080,\"caption\":\"Nom\u00e9sVending\"},\"image\":{\"@id\":\"https:\/\/nomesvending.com\/web\/#\/schema\/logo\/image\/\"},\"sameAs\":[\"https:\/\/www.facebook.com\/NomesVending\/\",\"https:\/\/www.instagram.com\/nomesvending\/\"]}]}<\/script>\n<!-- \/ Yoast SEO plugin. -->","yoast_head_json":{"title":"Nescaf\u00e9 Mokambo Tradici\u00f3n Poch 500gr - Nomesvending","description":"Disfruta Nescaf\u00e9 Mokambo Tradici\u00f3n, caf\u00e9 liofilizado 100 % Ar\u00e1bica de alta calidad, con sabor suave y aroma intenso. Producto sostenible certificado....","robots":{"index":"index","follow":"follow","max-snippet":"max-snippet:-1","max-image-preview":"max-image-preview:large","max-video-preview":"max-video-preview:-1"},"canonical":"https:\/\/nomesvending.com\/web\/tienda\/productos\/consumibles\/cafe-soluble\/nescafe-mokambo-tradicion-poch-500gr\/","og_locale":"es_ES","og_type":"article","og_title":"Nescaf\u00e9 Mokambo Tradici\u00f3n Poch 500gr - Nomesvending","og_description":"Disfruta Nescaf\u00e9 Mokambo Tradici\u00f3n, caf\u00e9 liofilizado 100 % Ar\u00e1bica de alta calidad, con sabor suave y aroma intenso. Producto sostenible certificado....","og_url":"https:\/\/nomesvending.com\/web\/tienda\/productos\/consumibles\/cafe-soluble\/nescafe-mokambo-tradicion-poch-500gr\/","og_site_name":"Nomesvending","article_publisher":"https:\/\/www.facebook.com\/NomesVending\/","article_modified_time":"2026-01-27T08:22:54+00:00","og_image":[{"width":500,"height":500,"url":"https:\/\/nomesvending.com\/web\/wp-content\/uploads\/2025\/05\/Productos-Consumibles-Nomesvending-5-1.jpg","type":"image\/jpeg"}],"twitter_card":"summary_large_image","twitter_misc":{"Tiempo de lectura":"2 minutos"},"schema":{"@context":"https:\/\/schema.org","@graph":[{"@type":"WebPage","@id":"https:\/\/nomesvending.com\/web\/tienda\/productos\/consumibles\/cafe-soluble\/nescafe-mokambo-tradicion-poch-500gr\/","url":"https:\/\/nomesvending.com\/web\/tienda\/productos\/consumibles\/cafe-soluble\/nescafe-mokambo-tradicion-poch-500gr\/","name":"Nescaf\u00e9 Mokambo Tradici\u00f3n Poch 500gr - Nomesvending","isPartOf":{"@id":"https:\/\/nomesvending.com\/web\/#website"},"primaryImageOfPage":{"@id":"https:\/\/nomesvending.com\/web\/tienda\/productos\/consumibles\/cafe-soluble\/nescafe-mokambo-tradicion-poch-500gr\/#primaryimage"},"image":{"@id":"https:\/\/nomesvending.com\/web\/tienda\/productos\/consumibles\/cafe-soluble\/nescafe-mokambo-tradicion-poch-500gr\/#primaryimage"},"thumbnailUrl":"https:\/\/nomesvending.com\/web\/wp-content\/uploads\/2025\/05\/Productos-Consumibles-Nomesvending-5-1.jpg","datePublished":"2025-05-20T07:53:01+00:00","dateModified":"2026-01-27T08:22:54+00:00","description":"Disfruta Nescaf\u00e9 Mokambo Tradici\u00f3n, caf\u00e9 liofilizado 100 % Ar\u00e1bica de alta calidad, con sabor suave y aroma intenso. Producto sostenible certificado....","breadcrumb":{"@id":"https:\/\/nomesvending.com\/web\/tienda\/productos\/consumibles\/cafe-soluble\/nescafe-mokambo-tradicion-poch-500gr\/#breadcrumb"},"inLanguage":"es","potentialAction":[{"@type":"ReadAction","target":["https:\/\/nomesvending.com\/web\/tienda\/productos\/consumibles\/cafe-soluble\/nescafe-mokambo-tradicion-poch-500gr\/"]}]},{"@type":"ImageObject","inLanguage":"es","@id":"https:\/\/nomesvending.com\/web\/tienda\/productos\/consumibles\/cafe-soluble\/nescafe-mokambo-tradicion-poch-500gr\/#primaryimage","url":"https:\/\/nomesvending.com\/web\/wp-content\/uploads\/2025\/05\/Productos-Consumibles-Nomesvending-5-1.jpg","contentUrl":"https:\/\/nomesvending.com\/web\/wp-content\/uploads\/2025\/05\/Productos-Consumibles-Nomesvending-5-1.jpg","width":500,"height":500,"caption":"Nescaf\u00e9 Mokambo Tradici\u00f3n Poch 500gr"},{"@type":"BreadcrumbList","@id":"https:\/\/nomesvending.com\/web\/tienda\/productos\/consumibles\/cafe-soluble\/nescafe-mokambo-tradicion-poch-500gr\/#breadcrumb","itemListElement":[{"@type":"ListItem","position":1,"name":"Portada","item":"https:\/\/nomesvending.com\/web\/"},{"@type":"ListItem","position":2,"name":"Tienda","item":"https:\/\/nomesvending.com\/web\/tienda\/"},{"@type":"ListItem","position":3,"name":"Nescaf\u00e9 Mokambo Tradici\u00f3n Poch 500gr"}]},{"@type":"WebSite","@id":"https:\/\/nomesvending.com\/web\/#website","url":"https:\/\/nomesvending.com\/web\/","name":"Nom\u00e9sVending","description":"M\u00e1quinas, filtros, recambios, monederos, consumibles y todo lo que necesitas para el mundo del vending. Calidad y tecnolog\u00eda para tu negocio. \u00a1Descubre nuestras soluciones!","publisher":{"@id":"https:\/\/nomesvending.com\/web\/#organization"},"potentialAction":[{"@type":"SearchAction","target":{"@type":"EntryPoint","urlTemplate":"https:\/\/nomesvending.com\/web\/?s={search_term_string}"},"query-input":{"@type":"PropertyValueSpecification","valueRequired":true,"valueName":"search_term_string"}}],"inLanguage":"es"},{"@type":"Organization","@id":"https:\/\/nomesvending.com\/web\/#organization","name":"Nom\u00e9sVending","url":"https:\/\/nomesvending.com\/web\/","logo":{"@type":"ImageObject","inLanguage":"es","@id":"https:\/\/nomesvending.com\/web\/#\/schema\/logo\/image\/","url":"https:\/\/nomesvending.com\/web\/wp-content\/uploads\/2026\/03\/Red-and-White-Modern-Vending-Machine-Services-Instagram-Post.png","contentUrl":"https:\/\/nomesvending.com\/web\/wp-content\/uploads\/2026\/03\/Red-and-White-Modern-Vending-Machine-Services-Instagram-Post.png","width":1080,"height":1080,"caption":"Nom\u00e9sVending"},"image":{"@id":"https:\/\/nomesvending.com\/web\/#\/schema\/logo\/image\/"},"sameAs":["https:\/\/www.facebook.com\/NomesVending\/","https:\/\/www.instagram.com\/nomesvending\/"]}]}},"_links":{"self":[{"href":"https:\/\/nomesvending.com\/web\/wp-json\/wp\/v2\/product\/25506","targetHints":{"allow":["GET"]}}],"collection":[{"href":"https:\/\/nomesvending.com\/web\/wp-json\/wp\/v2\/product"}],"about":[{"href":"https:\/\/nomesvending.com\/web\/wp-json\/wp\/v2\/types\/product"}],"replies":[{"embeddable":true,"href":"https:\/\/nomesvending.com\/web\/wp-json\/wp\/v2\/comments?post=25506"}],"wp:featuredmedia":[{"embeddable":true,"href":"https:\/\/nomesvending.com\/web\/wp-json\/wp\/v2\/media\/27314"}],"wp:attachment":[{"href":"https:\/\/nomesvending.com\/web\/wp-json\/wp\/v2\/media?parent=25506"}],"wp:term":[{"taxonomy":"product_brand","embeddable":true,"href":"https:\/\/nomesvending.com\/web\/wp-json\/wp\/v2\/product_brand?post=25506"},{"taxonomy":"product_cat","embeddable":true,"href":"https:\/\/nomesvending.com\/web\/wp-json\/wp\/v2\/product_cat?post=25506"},{"taxonomy":"product_tag","embeddable":true,"href":"https:\/\/nomesvending.com\/web\/wp-json\/wp\/v2\/product_tag?post=25506"}],"curies":[{"name":"wp","href":"https:\/\/api.w.org\/{rel}","templated":true}]}}