{"id":26417,"date":"2025-10-22T07:48:03","date_gmt":"2025-10-22T07:48:03","guid":{"rendered":"https:\/\/nomesvending.com\/web\/?post_type=product&#038;p=26417"},"modified":"2025-10-22T08:34:40","modified_gmt":"2025-10-22T08:34:40","slug":"caudalimetro-claris-scout","status":"publish","type":"product","link":"https:\/\/nomesvending.com\/web\/tienda\/instalaciones-de-agua\/filtros-para-agua\/filtros-lavavajillas\/caudalimetro-claris-scout\/","title":{"rendered":"CAUDAL\u00cdMETRO CLARIS SCOUT"},"content":{"rendered":"<h3 data-start=\"190\" data-end=\"242\"><strong data-start=\"194\" data-end=\"242\">Caudal\u00edmetro Everpure Claris SCOUT | 4339-34<\/strong><\/h3>\n<p data-start=\"244\" data-end=\"637\">El <strong data-start=\"247\" data-end=\"272\">Everpure Claris SCOUT<\/strong> es un caudal\u00edmetro de alta precisi\u00f3n dise\u00f1ado espec\u00edficamente para supervisar y controlar el rendimiento de los <strong data-start=\"385\" data-end=\"417\">cartuchos filtrantes de agua<\/strong> de la gama Claris. Ideal para aplicaciones en <strong data-start=\"464\" data-end=\"525\">m\u00e1quinas expendedoras, hoteles, restaurantes y cafeter\u00edas<\/strong>, este dispositivo garantiza una gesti\u00f3n eficiente del consumo de agua filtrada y del mantenimiento del sistema.<\/p>\n<h4 data-start=\"639\" data-end=\"674\"><strong data-start=\"644\" data-end=\"674\">Caracter\u00edsticas y ventajas<\/strong><\/h4>\n<ul data-start=\"675\" data-end=\"1335\">\n<li data-start=\"675\" data-end=\"768\">\n<p data-start=\"677\" data-end=\"768\">Monitorizaci\u00f3n continua de la <strong data-start=\"707\" data-end=\"728\">capacidad nominal<\/strong> y <strong data-start=\"731\" data-end=\"752\">filtrado restante<\/strong> del cartucho.<\/p>\n<\/li>\n<li data-start=\"769\" data-end=\"842\">\n<p data-start=\"771\" data-end=\"842\">Registro del <strong data-start=\"784\" data-end=\"818\">volumen total de agua filtrada<\/strong> desde la instalaci\u00f3n.<\/p>\n<\/li>\n<li data-start=\"843\" data-end=\"957\">\n<p data-start=\"845\" data-end=\"957\">Control del <strong data-start=\"857\" data-end=\"885\">tiempo de funcionamiento<\/strong> y del <strong data-start=\"892\" data-end=\"912\">volumen filtrado<\/strong> de los \u00faltimos cinco cartuchos instalados.<\/p>\n<\/li>\n<li data-start=\"958\" data-end=\"1009\">\n<p data-start=\"960\" data-end=\"1009\">Visualizaci\u00f3n de datos en <strong data-start=\"986\" data-end=\"1006\">litros o galones<\/strong>.<\/p>\n<\/li>\n<li data-start=\"1010\" data-end=\"1092\">\n<p data-start=\"1012\" data-end=\"1092\">Indicador de <strong data-start=\"1025\" data-end=\"1042\">caudal actual<\/strong> y funci\u00f3n de <strong data-start=\"1056\" data-end=\"1089\">alarma activable\/desactivable<\/strong>.<\/p>\n<\/li>\n<li data-start=\"1093\" data-end=\"1178\">\n<p data-start=\"1095\" data-end=\"1178\"><strong data-start=\"1095\" data-end=\"1131\">Pantalla gr\u00e1fica LED azul activa<\/strong>, de f\u00e1cil lectura y bajo consumo energ\u00e9tico.<\/p>\n<\/li>\n<li data-start=\"1179\" data-end=\"1238\">\n<p data-start=\"1181\" data-end=\"1238\">Alimentaci\u00f3n mediante <strong data-start=\"1203\" data-end=\"1217\">2 pilas AA<\/strong> de larga duraci\u00f3n.<\/p>\n<\/li>\n<li data-start=\"1239\" data-end=\"1335\">\n<p data-start=\"1241\" data-end=\"1335\">Incluye <strong data-start=\"1249\" data-end=\"1280\">brida de fijaci\u00f3n ajustable<\/strong> para una instalaci\u00f3n sencilla en los cartuchos Claris.<\/p>\n<\/li>\n<\/ul>\n<p data-start=\"1337\" data-end=\"1541\">El dispositivo permite introducir la capacidad nominal espec\u00edfica del filtro. Una vez alcanzada o superado el tiempo m\u00e1ximo de funcionamiento (12 meses), se indica la necesidad de sustituir el cartucho.<\/p>\n<h4 data-start=\"1543\" data-end=\"1575\"><strong data-start=\"1548\" data-end=\"1575\">Consejos de instalaci\u00f3n<\/strong><\/h4>\n<ul data-start=\"1576\" data-end=\"1838\">\n<li data-start=\"1576\" data-end=\"1681\">\n<p data-start=\"1578\" data-end=\"1681\">Puede montarse directamente en el sistema o fijarse en pared mediante tornillos o soportes adecuados.<\/p>\n<\/li>\n<li data-start=\"1682\" data-end=\"1744\">\n<p data-start=\"1684\" data-end=\"1744\">Instalar una <strong data-start=\"1697\" data-end=\"1730\">v\u00e1lvula de corte aguas arriba<\/strong> del filtro.<\/p>\n<\/li>\n<li data-start=\"1745\" data-end=\"1838\">\n<p data-start=\"1747\" data-end=\"1838\">Consultar el <strong data-start=\"1760\" data-end=\"1800\">manual de instalaci\u00f3n y programaci\u00f3n<\/strong> para una correcta puesta en marcha.<\/p>\n<\/li>\n<\/ul>\n<h4 data-start=\"1840\" data-end=\"1875\"><strong data-start=\"1845\" data-end=\"1875\">Consejos de funcionamiento<\/strong><\/h4>\n<ul data-start=\"1876\" data-end=\"2097\">\n<li data-start=\"1876\" data-end=\"1986\">\n<p data-start=\"1878\" data-end=\"1986\">Sustituir el cartucho cuando se alcance el volumen de agua predefinido o, como m\u00ednimo, <strong data-start=\"1965\" data-end=\"1983\">una vez al a\u00f1o<\/strong>.<\/p>\n<\/li>\n<li data-start=\"1987\" data-end=\"2097\">\n<p data-start=\"1989\" data-end=\"2097\">No utilizar con aguas <strong data-start=\"2011\" data-end=\"2044\">microbiol\u00f3gicamente inseguras<\/strong> o de <strong data-start=\"2050\" data-end=\"2073\">calidad desconocida<\/strong> sin tratamiento previo.<\/p>\n<\/li>\n<\/ul>\n<h4 data-start=\"2099\" data-end=\"2133\"><strong data-start=\"2104\" data-end=\"2133\">Especificaciones t\u00e9cnicas<\/strong><\/h4>\n<div class=\"_tableContainer_1rjym_1\">\n<div class=\"group _tableWrapper_1rjym_13 flex w-fit flex-col-reverse\" tabindex=\"-1\">\n<table class=\"w-fit min-w-(--thread-content-width)\" data-start=\"2134\" data-end=\"2534\">\n<thead data-start=\"2134\" data-end=\"2155\">\n<tr data-start=\"2134\" data-end=\"2155\">\n<th data-start=\"2134\" data-end=\"2146\" data-col-size=\"sm\">Par\u00e1metro<\/th>\n<th data-start=\"2146\" data-end=\"2155\" data-col-size=\"sm\">Valor<\/th>\n<\/tr>\n<\/thead>\n<tbody data-start=\"2180\" data-end=\"2534\">\n<tr data-start=\"2180\" data-end=\"2235\">\n<td data-start=\"2180\" data-end=\"2205\" data-col-size=\"sm\"><strong data-start=\"2182\" data-end=\"2204\">Presi\u00f3n de trabajo<\/strong><\/td>\n<td data-col-size=\"sm\" data-start=\"2205\" data-end=\"2235\">1 \u2013 8 bar (14,5 \u2013 116 psi)<\/td>\n<\/tr>\n<tr data-start=\"2236\" data-end=\"2282\">\n<td data-start=\"2236\" data-end=\"2249\" data-col-size=\"sm\"><strong data-start=\"2238\" data-end=\"2248\">Caudal<\/strong><\/td>\n<td data-col-size=\"sm\" data-start=\"2249\" data-end=\"2282\">15 \u2013 500 L\/h (3,96 \u2013 132 gph)<\/td>\n<\/tr>\n<tr data-start=\"2283\" data-end=\"2333\">\n<td data-start=\"2283\" data-end=\"2308\" data-col-size=\"sm\"><strong data-start=\"2285\" data-end=\"2307\">P\u00e9rdida de presi\u00f3n<\/strong><\/td>\n<td data-col-size=\"sm\" data-start=\"2308\" data-end=\"2333\">\u2264 0,5 bar (\u2264 7,3 psi)<\/td>\n<\/tr>\n<tr data-start=\"2334\" data-end=\"2383\">\n<td data-start=\"2334\" data-end=\"2375\" data-col-size=\"sm\"><strong data-start=\"2336\" data-end=\"2374\">Precisi\u00f3n (instalaci\u00f3n horizontal)<\/strong><\/td>\n<td data-col-size=\"sm\" data-start=\"2375\" data-end=\"2383\">\u00b1 5%<\/td>\n<\/tr>\n<tr data-start=\"2384\" data-end=\"2437\">\n<td data-start=\"2384\" data-end=\"2411\" data-col-size=\"sm\"><strong data-start=\"2386\" data-end=\"2410\">Temperatura del agua<\/strong><\/td>\n<td data-col-size=\"sm\" data-start=\"2411\" data-end=\"2437\">4 \u2013 30 \u00b0C (39 \u2013 86 \u00b0F)<\/td>\n<\/tr>\n<tr data-start=\"2438\" data-end=\"2492\">\n<td data-start=\"2438\" data-end=\"2465\" data-col-size=\"sm\"><strong data-start=\"2440\" data-end=\"2464\">Temperatura ambiente<\/strong><\/td>\n<td data-col-size=\"sm\" data-start=\"2465\" data-end=\"2492\">4 \u2013 40 \u00b0C (39 \u2013 104 \u00b0F)<\/td>\n<\/tr>\n<tr data-start=\"2493\" data-end=\"2534\">\n<td data-start=\"2493\" data-end=\"2520\" data-col-size=\"sm\"><strong data-start=\"2495\" data-end=\"2519\">Posici\u00f3n recomendada<\/strong><\/td>\n<td data-col-size=\"sm\" data-start=\"2520\" data-end=\"2534\">Horizontal<\/td>\n<\/tr>\n<\/tbody>\n<\/table>\n<\/div>\n<\/div>\n<p data-start=\"2536\" data-end=\"2559\"><strong data-start=\"2536\" data-end=\"2557\">Unidad del sensor<\/strong><\/p>\n<ul data-start=\"2560\" data-end=\"2671\">\n<li data-start=\"2560\" data-end=\"2593\">\n<p data-start=\"2562\" data-end=\"2593\">Dimensiones: 8 \u00d7 3,9 \u00d7 4,2 cm<\/p>\n<\/li>\n<li data-start=\"2594\" data-end=\"2636\">\n<p data-start=\"2596\" data-end=\"2636\">Conexi\u00f3n de entrada: Tuerca F BSP 3\/8&#8243;<\/p>\n<\/li>\n<li data-start=\"2637\" data-end=\"2671\">\n<p data-start=\"2639\" data-end=\"2671\">Conexi\u00f3n de salida: M BSP 3\/8&#8243;<\/p>\n<\/li>\n<\/ul>\n<p data-start=\"2673\" data-end=\"2717\"><strong data-start=\"2673\" data-end=\"2715\">Unidad de programaci\u00f3n y visualizaci\u00f3n<\/strong><\/p>\n<ul data-start=\"2718\" data-end=\"2818\">\n<li data-start=\"2718\" data-end=\"2750\">\n<p data-start=\"2720\" data-end=\"2750\">Dimensiones: 5 \u00d7 7,4 \u00d7 17 cm<\/p>\n<\/li>\n<li data-start=\"2751\" data-end=\"2787\">\n<p data-start=\"2753\" data-end=\"2787\">Pantalla: LED activo de 5 cifras<\/p>\n<\/li>\n<li data-start=\"2788\" data-end=\"2818\">\n<p data-start=\"2790\" data-end=\"2818\">Cable con clavija de 1,5 m<\/p>\n<\/li>\n<\/ul>\n","protected":false},"excerpt":{"rendered":"<p class=\"p1\">CAUDAL\u00cdMETRO<\/p>\n<p class=\"p1\">CLARIS SCOUT<\/p>\n<p class=\"p2\">SISTEMA DE SUPERVISI\u00d3N DE<\/p>\n<p class=\"p2\">SISTEMAS DE CARTUCHO DE FILTRO<\/p>\n","protected":false},"featured_media":26424,"comment_status":"open","ping_status":"closed","template":"","meta":[],"product_brand":[239],"product_cat":[128,250,253,251,122],"product_tag":[],"class_list":{"0":"post-26417","1":"product","2":"type-product","3":"status-publish","4":"has-post-thumbnail","6":"product_brand-everpure","7":"product_cat-filtros-para-agua","8":"product_cat-filtros-lavavajillas","9":"product_cat-filtros-para-cocedor","10":"product_cat-filtros-para-horno","11":"product_cat-instalaciones-de-agua","13":"first","14":"instock","15":"taxable","16":"shipping-taxable","17":"purchasable","18":"product-type-simple"},"yoast_head":"<!-- This site is optimized with the Yoast SEO plugin v27.0 - https:\/\/yoast.com\/product\/yoast-seo-wordpress\/ -->\n<title>CAUDAL\u00cdMETRO CLARIS SCOUT - Nomesvending<\/title>\n<meta name=\"robots\" content=\"index, follow, max-snippet:-1, max-image-preview:large, max-video-preview:-1\" \/>\n<link rel=\"canonical\" href=\"https:\/\/nomesvending.com\/web\/tienda\/instalaciones-de-agua\/filtros-para-agua\/filtros-lavavajillas\/caudalimetro-claris-scout\/\" \/>\n<meta property=\"og:locale\" content=\"es_ES\" \/>\n<meta property=\"og:type\" content=\"article\" \/>\n<meta property=\"og:title\" content=\"CAUDAL\u00cdMETRO CLARIS SCOUT - Nomesvending\" \/>\n<meta property=\"og:description\" content=\"CAUDAL\u00cdMETRO CLARIS SCOUT SISTEMA DE SUPERVISI\u00d3N DE SISTEMAS DE CARTUCHO DE FILTRO\" \/>\n<meta property=\"og:url\" content=\"https:\/\/nomesvending.com\/web\/tienda\/instalaciones-de-agua\/filtros-para-agua\/filtros-lavavajillas\/caudalimetro-claris-scout\/\" \/>\n<meta property=\"og:site_name\" content=\"Nomesvending\" \/>\n<meta property=\"article:publisher\" content=\"https:\/\/www.facebook.com\/NomesVending\/\" \/>\n<meta property=\"article:modified_time\" content=\"2025-10-22T08:34:40+00:00\" \/>\n<meta property=\"og:image\" content=\"https:\/\/nomesvending.com\/web\/wp-content\/uploads\/2025\/10\/Productos-Consumibles-Nomesvending-4.jpg\" \/>\n\t<meta property=\"og:image:width\" content=\"500\" \/>\n\t<meta property=\"og:image:height\" content=\"500\" \/>\n\t<meta property=\"og:image:type\" content=\"image\/jpeg\" \/>\n<meta name=\"twitter:card\" content=\"summary_large_image\" \/>\n<meta name=\"twitter:label1\" content=\"Tiempo de lectura\" \/>\n\t<meta name=\"twitter:data1\" content=\"2 minutos\" \/>\n<script type=\"application\/ld+json\" class=\"yoast-schema-graph\">{\"@context\":\"https:\/\/schema.org\",\"@graph\":[{\"@type\":\"WebPage\",\"@id\":\"https:\/\/nomesvending.com\/web\/tienda\/instalaciones-de-agua\/filtros-para-agua\/filtros-lavavajillas\/caudalimetro-claris-scout\/\",\"url\":\"https:\/\/nomesvending.com\/web\/tienda\/instalaciones-de-agua\/filtros-para-agua\/filtros-lavavajillas\/caudalimetro-claris-scout\/\",\"name\":\"CAUDAL\u00cdMETRO CLARIS SCOUT - Nomesvending\",\"isPartOf\":{\"@id\":\"https:\/\/nomesvending.com\/web\/#website\"},\"primaryImageOfPage\":{\"@id\":\"https:\/\/nomesvending.com\/web\/tienda\/instalaciones-de-agua\/filtros-para-agua\/filtros-lavavajillas\/caudalimetro-claris-scout\/#primaryimage\"},\"image\":{\"@id\":\"https:\/\/nomesvending.com\/web\/tienda\/instalaciones-de-agua\/filtros-para-agua\/filtros-lavavajillas\/caudalimetro-claris-scout\/#primaryimage\"},\"thumbnailUrl\":\"https:\/\/nomesvending.com\/web\/wp-content\/uploads\/2025\/10\/Productos-Consumibles-Nomesvending-4.jpg\",\"datePublished\":\"2025-10-22T07:48:03+00:00\",\"dateModified\":\"2025-10-22T08:34:40+00:00\",\"breadcrumb\":{\"@id\":\"https:\/\/nomesvending.com\/web\/tienda\/instalaciones-de-agua\/filtros-para-agua\/filtros-lavavajillas\/caudalimetro-claris-scout\/#breadcrumb\"},\"inLanguage\":\"es\",\"potentialAction\":[{\"@type\":\"ReadAction\",\"target\":[\"https:\/\/nomesvending.com\/web\/tienda\/instalaciones-de-agua\/filtros-para-agua\/filtros-lavavajillas\/caudalimetro-claris-scout\/\"]}]},{\"@type\":\"ImageObject\",\"inLanguage\":\"es\",\"@id\":\"https:\/\/nomesvending.com\/web\/tienda\/instalaciones-de-agua\/filtros-para-agua\/filtros-lavavajillas\/caudalimetro-claris-scout\/#primaryimage\",\"url\":\"https:\/\/nomesvending.com\/web\/wp-content\/uploads\/2025\/10\/Productos-Consumibles-Nomesvending-4.jpg\",\"contentUrl\":\"https:\/\/nomesvending.com\/web\/wp-content\/uploads\/2025\/10\/Productos-Consumibles-Nomesvending-4.jpg\",\"width\":500,\"height\":500},{\"@type\":\"BreadcrumbList\",\"@id\":\"https:\/\/nomesvending.com\/web\/tienda\/instalaciones-de-agua\/filtros-para-agua\/filtros-lavavajillas\/caudalimetro-claris-scout\/#breadcrumb\",\"itemListElement\":[{\"@type\":\"ListItem\",\"position\":1,\"name\":\"Portada\",\"item\":\"https:\/\/nomesvending.com\/web\/\"},{\"@type\":\"ListItem\",\"position\":2,\"name\":\"Tienda\",\"item\":\"https:\/\/nomesvending.com\/web\/tienda\/\"},{\"@type\":\"ListItem\",\"position\":3,\"name\":\"CAUDAL\u00cdMETRO CLARIS SCOUT\"}]},{\"@type\":\"WebSite\",\"@id\":\"https:\/\/nomesvending.com\/web\/#website\",\"url\":\"https:\/\/nomesvending.com\/web\/\",\"name\":\"Nom\u00e9sVending\",\"description\":\"M\u00e1quinas, filtros, recambios, monederos, consumibles y todo lo que necesitas para el mundo del vending. Calidad y tecnolog\u00eda para tu negocio. \u00a1Descubre nuestras soluciones!\",\"publisher\":{\"@id\":\"https:\/\/nomesvending.com\/web\/#organization\"},\"potentialAction\":[{\"@type\":\"SearchAction\",\"target\":{\"@type\":\"EntryPoint\",\"urlTemplate\":\"https:\/\/nomesvending.com\/web\/?s={search_term_string}\"},\"query-input\":{\"@type\":\"PropertyValueSpecification\",\"valueRequired\":true,\"valueName\":\"search_term_string\"}}],\"inLanguage\":\"es\"},{\"@type\":\"Organization\",\"@id\":\"https:\/\/nomesvending.com\/web\/#organization\",\"name\":\"Nom\u00e9sVending\",\"url\":\"https:\/\/nomesvending.com\/web\/\",\"logo\":{\"@type\":\"ImageObject\",\"inLanguage\":\"es\",\"@id\":\"https:\/\/nomesvending.com\/web\/#\/schema\/logo\/image\/\",\"url\":\"https:\/\/nomesvending.com\/web\/wp-content\/uploads\/2026\/03\/Red-and-White-Modern-Vending-Machine-Services-Instagram-Post.png\",\"contentUrl\":\"https:\/\/nomesvending.com\/web\/wp-content\/uploads\/2026\/03\/Red-and-White-Modern-Vending-Machine-Services-Instagram-Post.png\",\"width\":1080,\"height\":1080,\"caption\":\"Nom\u00e9sVending\"},\"image\":{\"@id\":\"https:\/\/nomesvending.com\/web\/#\/schema\/logo\/image\/\"},\"sameAs\":[\"https:\/\/www.facebook.com\/NomesVending\/\",\"https:\/\/www.instagram.com\/nomesvending\/\"]}]}<\/script>\n<!-- \/ Yoast SEO plugin. -->","yoast_head_json":{"title":"CAUDAL\u00cdMETRO CLARIS SCOUT - Nomesvending","robots":{"index":"index","follow":"follow","max-snippet":"max-snippet:-1","max-image-preview":"max-image-preview:large","max-video-preview":"max-video-preview:-1"},"canonical":"https:\/\/nomesvending.com\/web\/tienda\/instalaciones-de-agua\/filtros-para-agua\/filtros-lavavajillas\/caudalimetro-claris-scout\/","og_locale":"es_ES","og_type":"article","og_title":"CAUDAL\u00cdMETRO CLARIS SCOUT - Nomesvending","og_description":"CAUDAL\u00cdMETRO CLARIS SCOUT SISTEMA DE SUPERVISI\u00d3N DE SISTEMAS DE CARTUCHO DE FILTRO","og_url":"https:\/\/nomesvending.com\/web\/tienda\/instalaciones-de-agua\/filtros-para-agua\/filtros-lavavajillas\/caudalimetro-claris-scout\/","og_site_name":"Nomesvending","article_publisher":"https:\/\/www.facebook.com\/NomesVending\/","article_modified_time":"2025-10-22T08:34:40+00:00","og_image":[{"width":500,"height":500,"url":"https:\/\/nomesvending.com\/web\/wp-content\/uploads\/2025\/10\/Productos-Consumibles-Nomesvending-4.jpg","type":"image\/jpeg"}],"twitter_card":"summary_large_image","twitter_misc":{"Tiempo de lectura":"2 minutos"},"schema":{"@context":"https:\/\/schema.org","@graph":[{"@type":"WebPage","@id":"https:\/\/nomesvending.com\/web\/tienda\/instalaciones-de-agua\/filtros-para-agua\/filtros-lavavajillas\/caudalimetro-claris-scout\/","url":"https:\/\/nomesvending.com\/web\/tienda\/instalaciones-de-agua\/filtros-para-agua\/filtros-lavavajillas\/caudalimetro-claris-scout\/","name":"CAUDAL\u00cdMETRO CLARIS SCOUT - Nomesvending","isPartOf":{"@id":"https:\/\/nomesvending.com\/web\/#website"},"primaryImageOfPage":{"@id":"https:\/\/nomesvending.com\/web\/tienda\/instalaciones-de-agua\/filtros-para-agua\/filtros-lavavajillas\/caudalimetro-claris-scout\/#primaryimage"},"image":{"@id":"https:\/\/nomesvending.com\/web\/tienda\/instalaciones-de-agua\/filtros-para-agua\/filtros-lavavajillas\/caudalimetro-claris-scout\/#primaryimage"},"thumbnailUrl":"https:\/\/nomesvending.com\/web\/wp-content\/uploads\/2025\/10\/Productos-Consumibles-Nomesvending-4.jpg","datePublished":"2025-10-22T07:48:03+00:00","dateModified":"2025-10-22T08:34:40+00:00","breadcrumb":{"@id":"https:\/\/nomesvending.com\/web\/tienda\/instalaciones-de-agua\/filtros-para-agua\/filtros-lavavajillas\/caudalimetro-claris-scout\/#breadcrumb"},"inLanguage":"es","potentialAction":[{"@type":"ReadAction","target":["https:\/\/nomesvending.com\/web\/tienda\/instalaciones-de-agua\/filtros-para-agua\/filtros-lavavajillas\/caudalimetro-claris-scout\/"]}]},{"@type":"ImageObject","inLanguage":"es","@id":"https:\/\/nomesvending.com\/web\/tienda\/instalaciones-de-agua\/filtros-para-agua\/filtros-lavavajillas\/caudalimetro-claris-scout\/#primaryimage","url":"https:\/\/nomesvending.com\/web\/wp-content\/uploads\/2025\/10\/Productos-Consumibles-Nomesvending-4.jpg","contentUrl":"https:\/\/nomesvending.com\/web\/wp-content\/uploads\/2025\/10\/Productos-Consumibles-Nomesvending-4.jpg","width":500,"height":500},{"@type":"BreadcrumbList","@id":"https:\/\/nomesvending.com\/web\/tienda\/instalaciones-de-agua\/filtros-para-agua\/filtros-lavavajillas\/caudalimetro-claris-scout\/#breadcrumb","itemListElement":[{"@type":"ListItem","position":1,"name":"Portada","item":"https:\/\/nomesvending.com\/web\/"},{"@type":"ListItem","position":2,"name":"Tienda","item":"https:\/\/nomesvending.com\/web\/tienda\/"},{"@type":"ListItem","position":3,"name":"CAUDAL\u00cdMETRO CLARIS SCOUT"}]},{"@type":"WebSite","@id":"https:\/\/nomesvending.com\/web\/#website","url":"https:\/\/nomesvending.com\/web\/","name":"Nom\u00e9sVending","description":"M\u00e1quinas, filtros, recambios, monederos, consumibles y todo lo que necesitas para el mundo del vending. Calidad y tecnolog\u00eda para tu negocio. \u00a1Descubre nuestras soluciones!","publisher":{"@id":"https:\/\/nomesvending.com\/web\/#organization"},"potentialAction":[{"@type":"SearchAction","target":{"@type":"EntryPoint","urlTemplate":"https:\/\/nomesvending.com\/web\/?s={search_term_string}"},"query-input":{"@type":"PropertyValueSpecification","valueRequired":true,"valueName":"search_term_string"}}],"inLanguage":"es"},{"@type":"Organization","@id":"https:\/\/nomesvending.com\/web\/#organization","name":"Nom\u00e9sVending","url":"https:\/\/nomesvending.com\/web\/","logo":{"@type":"ImageObject","inLanguage":"es","@id":"https:\/\/nomesvending.com\/web\/#\/schema\/logo\/image\/","url":"https:\/\/nomesvending.com\/web\/wp-content\/uploads\/2026\/03\/Red-and-White-Modern-Vending-Machine-Services-Instagram-Post.png","contentUrl":"https:\/\/nomesvending.com\/web\/wp-content\/uploads\/2026\/03\/Red-and-White-Modern-Vending-Machine-Services-Instagram-Post.png","width":1080,"height":1080,"caption":"Nom\u00e9sVending"},"image":{"@id":"https:\/\/nomesvending.com\/web\/#\/schema\/logo\/image\/"},"sameAs":["https:\/\/www.facebook.com\/NomesVending\/","https:\/\/www.instagram.com\/nomesvending\/"]}]}},"_links":{"self":[{"href":"https:\/\/nomesvending.com\/web\/wp-json\/wp\/v2\/product\/26417","targetHints":{"allow":["GET"]}}],"collection":[{"href":"https:\/\/nomesvending.com\/web\/wp-json\/wp\/v2\/product"}],"about":[{"href":"https:\/\/nomesvending.com\/web\/wp-json\/wp\/v2\/types\/product"}],"replies":[{"embeddable":true,"href":"https:\/\/nomesvending.com\/web\/wp-json\/wp\/v2\/comments?post=26417"}],"wp:featuredmedia":[{"embeddable":true,"href":"https:\/\/nomesvending.com\/web\/wp-json\/wp\/v2\/media\/26424"}],"wp:attachment":[{"href":"https:\/\/nomesvending.com\/web\/wp-json\/wp\/v2\/media?parent=26417"}],"wp:term":[{"taxonomy":"product_brand","embeddable":true,"href":"https:\/\/nomesvending.com\/web\/wp-json\/wp\/v2\/product_brand?post=26417"},{"taxonomy":"product_cat","embeddable":true,"href":"https:\/\/nomesvending.com\/web\/wp-json\/wp\/v2\/product_cat?post=26417"},{"taxonomy":"product_tag","embeddable":true,"href":"https:\/\/nomesvending.com\/web\/wp-json\/wp\/v2\/product_tag?post=26417"}],"curies":[{"name":"wp","href":"https:\/\/api.w.org\/{rel}","templated":true}]}}