{"id":26421,"date":"2025-10-22T07:56:35","date_gmt":"2025-10-22T07:56:35","guid":{"rendered":"https:\/\/nomesvending.com\/web\/?post_type=product&#038;p=26421"},"modified":"2025-10-22T08:55:05","modified_gmt":"2025-10-22T08:55:05","slug":"everpure-gen2-3-8-qcf-head","status":"publish","type":"product","link":"https:\/\/nomesvending.com\/web\/tienda\/instalaciones-de-agua\/filtros-para-agua\/filtros-lavavajillas\/everpure-gen2-3-8-qcf-head\/","title":{"rendered":"EVERPURE\u00ae GEN2 3\/8&#8243; QCF HEAD"},"content":{"rendered":"<h3 data-start=\"210\" data-end=\"260\"><strong data-start=\"214\" data-end=\"260\">Cabezal Everpure Gen2 3\/8&#8243; QCF | EV4339-92<\/strong><\/h3>\n<p data-start=\"262\" data-end=\"531\">Dise\u00f1ado <strong data-start=\"271\" data-end=\"338\">exclusivamente para su uso con los cartuchos de repuesto Claris<\/strong>, el <strong data-start=\"343\" data-end=\"377\">cabezal Everpure Gen2 3\/8&#8243; QCF<\/strong>ofrece una instalaci\u00f3n r\u00e1pida, segura y duradera, garantizando un rendimiento \u00f3ptimo en aplicaciones profesionales de preparaci\u00f3n de bebidas y alimentos.<\/p>\n<h4 data-start=\"533\" data-end=\"554\"><strong data-start=\"538\" data-end=\"554\">Aplicaciones<\/strong><\/h4>\n<ul data-start=\"555\" data-end=\"719\">\n<li data-start=\"555\" data-end=\"574\">\n<p data-start=\"557\" data-end=\"574\">Caf\u00e9 y espresso<\/p>\n<\/li>\n<li data-start=\"575\" data-end=\"608\">\n<p data-start=\"577\" data-end=\"608\">M\u00e1quinas de bebidas calientes<\/p>\n<\/li>\n<li data-start=\"609\" data-end=\"663\">\n<p data-start=\"611\" data-end=\"663\">Hornos combinados y sistemas de cocci\u00f3n autom\u00e1tica<\/p>\n<\/li>\n<li data-start=\"664\" data-end=\"695\">\n<p data-start=\"666\" data-end=\"695\">Vaporeras y hornos de vapor<\/p>\n<\/li>\n<li data-start=\"696\" data-end=\"719\">\n<p data-start=\"698\" data-end=\"719\">T\u00e9 helado preparado<\/p>\n<\/li>\n<\/ul>\n<hr data-start=\"721\" data-end=\"724\" \/>\n<h4 data-start=\"726\" data-end=\"761\"><strong data-start=\"731\" data-end=\"761\">Caracter\u00edsticas y ventajas<\/strong><\/h4>\n<ul data-start=\"762\" data-end=\"1376\">\n<li data-start=\"762\" data-end=\"863\">\n<p data-start=\"764\" data-end=\"863\"><strong data-start=\"764\" data-end=\"796\">Cabezal de calidad comercial<\/strong> dise\u00f1ado exclusivamente para los <strong data-start=\"830\" data-end=\"860\">cartuchos de filtro Claris<\/strong>.<\/p>\n<\/li>\n<li data-start=\"864\" data-end=\"956\">\n<p data-start=\"866\" data-end=\"956\"><strong data-start=\"866\" data-end=\"902\">Construcci\u00f3n s\u00f3lida y resistente<\/strong>, ideal para entornos de <strong data-start=\"927\" data-end=\"953\">restauraci\u00f3n y vending<\/strong>.<\/p>\n<\/li>\n<li data-start=\"957\" data-end=\"1062\">\n<p data-start=\"959\" data-end=\"1062\"><strong data-start=\"959\" data-end=\"1008\">Alta durabilidad y resistencia a la corrosi\u00f3n<\/strong>, con materiales dise\u00f1ados para una larga vida \u00fatil.<\/p>\n<\/li>\n<li data-start=\"1063\" data-end=\"1143\">\n<p data-start=\"1065\" data-end=\"1143\"><strong data-start=\"1065\" data-end=\"1119\">Configuraciones de bypass a prueba de manipulaci\u00f3n<\/strong> para mayor seguridad.<\/p>\n<\/li>\n<li data-start=\"1144\" data-end=\"1226\">\n<p data-start=\"1146\" data-end=\"1226\"><strong data-start=\"1146\" data-end=\"1175\">Cambio r\u00e1pido de cartucho<\/strong>: el cabezal bloquea con solo un <strong data-start=\"1208\" data-end=\"1223\">giro de 45\u00b0<\/strong>.<\/p>\n<\/li>\n<li data-start=\"1227\" data-end=\"1299\">\n<p data-start=\"1229\" data-end=\"1299\"><strong data-start=\"1229\" data-end=\"1261\">Puerto de enjuague integrado<\/strong> y <strong data-start=\"1264\" data-end=\"1296\">funci\u00f3n de cierre autom\u00e1tico<\/strong>.<\/p>\n<\/li>\n<li data-start=\"1300\" data-end=\"1376\">\n<p data-start=\"1302\" data-end=\"1376\"><strong data-start=\"1302\" data-end=\"1349\">Bypass ajustable de forma r\u00e1pida y sencilla<\/strong>, con <strong data-start=\"1355\" data-end=\"1373\">llave incluida<\/strong>.<\/p>\n<\/li>\n<\/ul>\n<hr data-start=\"1378\" data-end=\"1381\" \/>\n<h4 data-start=\"1383\" data-end=\"1415\"><strong data-start=\"1388\" data-end=\"1415\">Consejos de instalaci\u00f3n<\/strong><\/h4>\n<ul data-start=\"1416\" data-end=\"1961\">\n<li data-start=\"1416\" data-end=\"1516\">\n<p data-start=\"1418\" data-end=\"1516\">El sistema puede instalarse <strong data-start=\"1446\" data-end=\"1513\">de pie, en posici\u00f3n horizontal o montado verticalmente en pared<\/strong>.<\/p>\n<\/li>\n<li data-start=\"1517\" data-end=\"1597\">\n<p data-start=\"1519\" data-end=\"1597\">Si se monta en pared, asegure el soporte de montaje con tornillos adecuados.<\/p>\n<\/li>\n<li data-start=\"1598\" data-end=\"1762\">\n<p data-start=\"1600\" data-end=\"1762\">La <strong data-start=\"1603\" data-end=\"1670\">presi\u00f3n del agua de entrada no debe exceder los 8 bar (116 psi)<\/strong>. Si se supera este valor, instale una <strong data-start=\"1709\" data-end=\"1741\">v\u00e1lvula reductora de presi\u00f3n<\/strong> antes del sistema.<\/p>\n<\/li>\n<li data-start=\"1763\" data-end=\"1839\">\n<p data-start=\"1765\" data-end=\"1839\">Se recomienda instalar una <strong data-start=\"1792\" data-end=\"1825\">v\u00e1lvula de corte aguas arriba<\/strong> del filtro.<\/p>\n<\/li>\n<li data-start=\"1840\" data-end=\"1961\">\n<p data-start=\"1842\" data-end=\"1961\">Consulte el <strong data-start=\"1854\" data-end=\"1906\">manual de instalaci\u00f3n, operaci\u00f3n y mantenimiento<\/strong> para el enjuague y la puesta en marcha del cartucho.<\/p>\n<\/li>\n<\/ul>\n<hr data-start=\"1963\" data-end=\"1966\" \/>\n<h4 data-start=\"1968\" data-end=\"2003\"><strong data-start=\"1973\" data-end=\"2003\">Consejos de funcionamiento<\/strong><\/h4>\n<ul data-start=\"2004\" data-end=\"2412\">\n<li data-start=\"2004\" data-end=\"2114\">\n<p data-start=\"2006\" data-end=\"2114\">Cambie el <strong data-start=\"2016\" data-end=\"2035\">cartucho Claris<\/strong> cuando alcance su volumen de agua predefinido o <strong data-start=\"2084\" data-end=\"2111\">al menos una vez al a\u00f1o<\/strong>.<\/p>\n<\/li>\n<li data-start=\"2115\" data-end=\"2177\">\n<p data-start=\"2117\" data-end=\"2177\">Enjuague siempre el cartucho al instalarlo o reemplazarlo.<\/p>\n<\/li>\n<li data-start=\"2178\" data-end=\"2340\">\n<p data-start=\"2180\" data-end=\"2340\"><strong data-start=\"2180\" data-end=\"2220\">No utilice tiras reactivas de dureza<\/strong> para comprobar la reducci\u00f3n de dureza; utilice en su lugar un <strong data-start=\"2283\" data-end=\"2304\">kit de titulaci\u00f3n<\/strong>para obtener resultados precisos.<\/p>\n<\/li>\n<li data-start=\"2341\" data-end=\"2412\">\n<p data-start=\"2343\" data-end=\"2412\">Sustituya los cartuchos cuando se alcance la <strong data-start=\"2388\" data-end=\"2409\">capacidad nominal<\/strong>.<\/p>\n<\/li>\n<\/ul>\n<hr data-start=\"2414\" data-end=\"2417\" \/>\n<h4 data-start=\"2419\" data-end=\"2453\"><strong data-start=\"2424\" data-end=\"2453\">Especificaciones t\u00e9cnicas<\/strong><\/h4>\n<div class=\"_tableContainer_1rjym_1\">\n<div class=\"group _tableWrapper_1rjym_13 flex w-fit flex-col-reverse\" tabindex=\"-1\">\n<table class=\"w-fit min-w-(--thread-content-width)\" data-start=\"2454\" data-end=\"2770\">\n<thead data-start=\"2454\" data-end=\"2475\">\n<tr data-start=\"2454\" data-end=\"2475\">\n<th data-start=\"2454\" data-end=\"2466\" data-col-size=\"sm\">Par\u00e1metro<\/th>\n<th data-start=\"2466\" data-end=\"2475\" data-col-size=\"sm\">Valor<\/th>\n<\/tr>\n<\/thead>\n<tbody data-start=\"2500\" data-end=\"2770\">\n<tr data-start=\"2500\" data-end=\"2526\">\n<td data-start=\"2500\" data-end=\"2513\" data-col-size=\"sm\"><strong data-start=\"2502\" data-end=\"2512\">Modelo<\/strong><\/td>\n<td data-col-size=\"sm\" data-start=\"2513\" data-end=\"2526\">EV4339-92<\/td>\n<\/tr>\n<tr data-start=\"2527\" data-end=\"2554\">\n<td data-start=\"2527\" data-end=\"2542\" data-col-size=\"sm\"><strong data-start=\"2529\" data-end=\"2541\">Conexi\u00f3n<\/strong><\/td>\n<td data-col-size=\"sm\" data-start=\"2542\" data-end=\"2554\">3\/8&#8243; QCF<\/td>\n<\/tr>\n<tr data-start=\"2555\" data-end=\"2592\">\n<td data-start=\"2555\" data-end=\"2574\" data-col-size=\"sm\"><strong data-start=\"2557\" data-end=\"2573\">Altura total<\/strong><\/td>\n<td data-col-size=\"sm\" data-start=\"2574\" data-end=\"2592\">13,5 cm (5.3&#8243;)<\/td>\n<\/tr>\n<tr data-start=\"2593\" data-end=\"2629\">\n<td data-start=\"2593\" data-end=\"2613\" data-col-size=\"sm\"><strong data-start=\"2595\" data-end=\"2612\">Anchura total<\/strong><\/td>\n<td data-col-size=\"sm\" data-start=\"2613\" data-end=\"2629\">10 cm (3.9&#8243;)<\/td>\n<\/tr>\n<tr data-start=\"2630\" data-end=\"2672\">\n<td data-start=\"2630\" data-end=\"2654\" data-col-size=\"sm\"><strong data-start=\"2632\" data-end=\"2653\">Profundidad total<\/strong><\/td>\n<td data-col-size=\"sm\" data-start=\"2654\" data-end=\"2672\">12,4 cm (4.9&#8243;)<\/td>\n<\/tr>\n<tr data-start=\"2673\" data-end=\"2714\">\n<td data-start=\"2673\" data-end=\"2698\" data-col-size=\"sm\"><strong data-start=\"2675\" data-end=\"2697\">Conexi\u00f3n el\u00e9ctrica<\/strong><\/td>\n<td data-col-size=\"sm\" data-start=\"2698\" data-end=\"2714\">No requerida<\/td>\n<\/tr>\n<tr data-start=\"2715\" data-end=\"2770\">\n<td data-start=\"2715\" data-end=\"2736\" data-col-size=\"sm\"><strong data-start=\"2717\" data-end=\"2735\">Compatibilidad<\/strong><\/td>\n<td data-col-size=\"sm\" data-start=\"2736\" data-end=\"2770\">Cartuchos Claris\u2122 (Aquis GmbH)<\/td>\n<\/tr>\n<\/tbody>\n<\/table>\n<\/div>\n<\/div>\n","protected":false},"excerpt":{"rendered":"<p class=\"p1\">DESIGNED EXCLUSIVELY FOR USE WITH CLARIS REPLACEMENT CARTRIDGES<\/p>\n","protected":false},"featured_media":21695,"comment_status":"open","ping_status":"closed","template":"","meta":[],"product_brand":[239],"product_cat":[248,250,253,251,122,26],"product_tag":[],"class_list":{"0":"post-26421","1":"product","2":"type-product","3":"status-publish","4":"has-post-thumbnail","6":"product_brand-everpure","7":"product_cat-cabezales","8":"product_cat-filtros-lavavajillas","9":"product_cat-filtros-para-cocedor","10":"product_cat-filtros-para-horno","11":"product_cat-instalaciones-de-agua","12":"product_cat-sin-categorizar","14":"first","15":"instock","16":"taxable","17":"shipping-taxable","18":"purchasable","19":"product-type-simple"},"yoast_head":"<!-- This site is optimized with the Yoast SEO plugin v27.0 - https:\/\/yoast.com\/product\/yoast-seo-wordpress\/ -->\n<title>EVERPURE\u00ae GEN2 3\/8&quot; QCF HEAD - Nomesvending<\/title>\n<meta name=\"robots\" content=\"index, follow, max-snippet:-1, max-image-preview:large, max-video-preview:-1\" \/>\n<link rel=\"canonical\" href=\"https:\/\/nomesvending.com\/web\/tienda\/instalaciones-de-agua\/filtros-para-agua\/filtros-lavavajillas\/everpure-gen2-3-8-qcf-head\/\" \/>\n<meta property=\"og:locale\" content=\"es_ES\" \/>\n<meta property=\"og:type\" content=\"article\" \/>\n<meta property=\"og:title\" content=\"EVERPURE\u00ae GEN2 3\/8&quot; QCF HEAD - Nomesvending\" \/>\n<meta property=\"og:description\" content=\"DESIGNED EXCLUSIVELY FOR USE WITH CLARIS REPLACEMENT CARTRIDGES\" \/>\n<meta property=\"og:url\" content=\"https:\/\/nomesvending.com\/web\/tienda\/instalaciones-de-agua\/filtros-para-agua\/filtros-lavavajillas\/everpure-gen2-3-8-qcf-head\/\" \/>\n<meta property=\"og:site_name\" content=\"Nomesvending\" \/>\n<meta property=\"article:publisher\" content=\"https:\/\/www.facebook.com\/NomesVending\/\" \/>\n<meta property=\"article:modified_time\" content=\"2025-10-22T08:55:05+00:00\" \/>\n<meta property=\"og:image\" content=\"https:\/\/nomesvending.com\/web\/wp-content\/uploads\/2024\/09\/0V2087-2.png\" \/>\n\t<meta property=\"og:image:width\" content=\"500\" \/>\n\t<meta property=\"og:image:height\" content=\"500\" \/>\n\t<meta property=\"og:image:type\" content=\"image\/png\" \/>\n<meta name=\"twitter:card\" content=\"summary_large_image\" \/>\n<meta name=\"twitter:label1\" content=\"Tiempo de lectura\" \/>\n\t<meta name=\"twitter:data1\" content=\"2 minutos\" \/>\n<script type=\"application\/ld+json\" class=\"yoast-schema-graph\">{\"@context\":\"https:\/\/schema.org\",\"@graph\":[{\"@type\":\"WebPage\",\"@id\":\"https:\/\/nomesvending.com\/web\/tienda\/instalaciones-de-agua\/filtros-para-agua\/filtros-lavavajillas\/everpure-gen2-3-8-qcf-head\/\",\"url\":\"https:\/\/nomesvending.com\/web\/tienda\/instalaciones-de-agua\/filtros-para-agua\/filtros-lavavajillas\/everpure-gen2-3-8-qcf-head\/\",\"name\":\"EVERPURE\u00ae GEN2 3\/8\\\" QCF HEAD - Nomesvending\",\"isPartOf\":{\"@id\":\"https:\/\/nomesvending.com\/web\/#website\"},\"primaryImageOfPage\":{\"@id\":\"https:\/\/nomesvending.com\/web\/tienda\/instalaciones-de-agua\/filtros-para-agua\/filtros-lavavajillas\/everpure-gen2-3-8-qcf-head\/#primaryimage\"},\"image\":{\"@id\":\"https:\/\/nomesvending.com\/web\/tienda\/instalaciones-de-agua\/filtros-para-agua\/filtros-lavavajillas\/everpure-gen2-3-8-qcf-head\/#primaryimage\"},\"thumbnailUrl\":\"https:\/\/nomesvending.com\/web\/wp-content\/uploads\/2024\/09\/0V2087-2.png\",\"datePublished\":\"2025-10-22T07:56:35+00:00\",\"dateModified\":\"2025-10-22T08:55:05+00:00\",\"breadcrumb\":{\"@id\":\"https:\/\/nomesvending.com\/web\/tienda\/instalaciones-de-agua\/filtros-para-agua\/filtros-lavavajillas\/everpure-gen2-3-8-qcf-head\/#breadcrumb\"},\"inLanguage\":\"es\",\"potentialAction\":[{\"@type\":\"ReadAction\",\"target\":[\"https:\/\/nomesvending.com\/web\/tienda\/instalaciones-de-agua\/filtros-para-agua\/filtros-lavavajillas\/everpure-gen2-3-8-qcf-head\/\"]}]},{\"@type\":\"ImageObject\",\"inLanguage\":\"es\",\"@id\":\"https:\/\/nomesvending.com\/web\/tienda\/instalaciones-de-agua\/filtros-para-agua\/filtros-lavavajillas\/everpure-gen2-3-8-qcf-head\/#primaryimage\",\"url\":\"https:\/\/nomesvending.com\/web\/wp-content\/uploads\/2024\/09\/0V2087-2.png\",\"contentUrl\":\"https:\/\/nomesvending.com\/web\/wp-content\/uploads\/2024\/09\/0V2087-2.png\",\"width\":500,\"height\":500},{\"@type\":\"BreadcrumbList\",\"@id\":\"https:\/\/nomesvending.com\/web\/tienda\/instalaciones-de-agua\/filtros-para-agua\/filtros-lavavajillas\/everpure-gen2-3-8-qcf-head\/#breadcrumb\",\"itemListElement\":[{\"@type\":\"ListItem\",\"position\":1,\"name\":\"Portada\",\"item\":\"https:\/\/nomesvending.com\/web\/\"},{\"@type\":\"ListItem\",\"position\":2,\"name\":\"Tienda\",\"item\":\"https:\/\/nomesvending.com\/web\/tienda\/\"},{\"@type\":\"ListItem\",\"position\":3,\"name\":\"EVERPURE\u00ae GEN2 3\/8&#8243; QCF HEAD\"}]},{\"@type\":\"WebSite\",\"@id\":\"https:\/\/nomesvending.com\/web\/#website\",\"url\":\"https:\/\/nomesvending.com\/web\/\",\"name\":\"Nom\u00e9sVending\",\"description\":\"M\u00e1quinas, filtros, recambios, monederos, consumibles y todo lo que necesitas para el mundo del vending. Calidad y tecnolog\u00eda para tu negocio. \u00a1Descubre nuestras soluciones!\",\"publisher\":{\"@id\":\"https:\/\/nomesvending.com\/web\/#organization\"},\"potentialAction\":[{\"@type\":\"SearchAction\",\"target\":{\"@type\":\"EntryPoint\",\"urlTemplate\":\"https:\/\/nomesvending.com\/web\/?s={search_term_string}\"},\"query-input\":{\"@type\":\"PropertyValueSpecification\",\"valueRequired\":true,\"valueName\":\"search_term_string\"}}],\"inLanguage\":\"es\"},{\"@type\":\"Organization\",\"@id\":\"https:\/\/nomesvending.com\/web\/#organization\",\"name\":\"Nom\u00e9sVending\",\"url\":\"https:\/\/nomesvending.com\/web\/\",\"logo\":{\"@type\":\"ImageObject\",\"inLanguage\":\"es\",\"@id\":\"https:\/\/nomesvending.com\/web\/#\/schema\/logo\/image\/\",\"url\":\"https:\/\/nomesvending.com\/web\/wp-content\/uploads\/2026\/03\/Red-and-White-Modern-Vending-Machine-Services-Instagram-Post.png\",\"contentUrl\":\"https:\/\/nomesvending.com\/web\/wp-content\/uploads\/2026\/03\/Red-and-White-Modern-Vending-Machine-Services-Instagram-Post.png\",\"width\":1080,\"height\":1080,\"caption\":\"Nom\u00e9sVending\"},\"image\":{\"@id\":\"https:\/\/nomesvending.com\/web\/#\/schema\/logo\/image\/\"},\"sameAs\":[\"https:\/\/www.facebook.com\/NomesVending\/\",\"https:\/\/www.instagram.com\/nomesvending\/\"]}]}<\/script>\n<!-- \/ Yoast SEO plugin. -->","yoast_head_json":{"title":"EVERPURE\u00ae GEN2 3\/8\" QCF HEAD - Nomesvending","robots":{"index":"index","follow":"follow","max-snippet":"max-snippet:-1","max-image-preview":"max-image-preview:large","max-video-preview":"max-video-preview:-1"},"canonical":"https:\/\/nomesvending.com\/web\/tienda\/instalaciones-de-agua\/filtros-para-agua\/filtros-lavavajillas\/everpure-gen2-3-8-qcf-head\/","og_locale":"es_ES","og_type":"article","og_title":"EVERPURE\u00ae GEN2 3\/8\" QCF HEAD - Nomesvending","og_description":"DESIGNED EXCLUSIVELY FOR USE WITH CLARIS REPLACEMENT CARTRIDGES","og_url":"https:\/\/nomesvending.com\/web\/tienda\/instalaciones-de-agua\/filtros-para-agua\/filtros-lavavajillas\/everpure-gen2-3-8-qcf-head\/","og_site_name":"Nomesvending","article_publisher":"https:\/\/www.facebook.com\/NomesVending\/","article_modified_time":"2025-10-22T08:55:05+00:00","og_image":[{"width":500,"height":500,"url":"https:\/\/nomesvending.com\/web\/wp-content\/uploads\/2024\/09\/0V2087-2.png","type":"image\/png"}],"twitter_card":"summary_large_image","twitter_misc":{"Tiempo de lectura":"2 minutos"},"schema":{"@context":"https:\/\/schema.org","@graph":[{"@type":"WebPage","@id":"https:\/\/nomesvending.com\/web\/tienda\/instalaciones-de-agua\/filtros-para-agua\/filtros-lavavajillas\/everpure-gen2-3-8-qcf-head\/","url":"https:\/\/nomesvending.com\/web\/tienda\/instalaciones-de-agua\/filtros-para-agua\/filtros-lavavajillas\/everpure-gen2-3-8-qcf-head\/","name":"EVERPURE\u00ae GEN2 3\/8\" QCF HEAD - Nomesvending","isPartOf":{"@id":"https:\/\/nomesvending.com\/web\/#website"},"primaryImageOfPage":{"@id":"https:\/\/nomesvending.com\/web\/tienda\/instalaciones-de-agua\/filtros-para-agua\/filtros-lavavajillas\/everpure-gen2-3-8-qcf-head\/#primaryimage"},"image":{"@id":"https:\/\/nomesvending.com\/web\/tienda\/instalaciones-de-agua\/filtros-para-agua\/filtros-lavavajillas\/everpure-gen2-3-8-qcf-head\/#primaryimage"},"thumbnailUrl":"https:\/\/nomesvending.com\/web\/wp-content\/uploads\/2024\/09\/0V2087-2.png","datePublished":"2025-10-22T07:56:35+00:00","dateModified":"2025-10-22T08:55:05+00:00","breadcrumb":{"@id":"https:\/\/nomesvending.com\/web\/tienda\/instalaciones-de-agua\/filtros-para-agua\/filtros-lavavajillas\/everpure-gen2-3-8-qcf-head\/#breadcrumb"},"inLanguage":"es","potentialAction":[{"@type":"ReadAction","target":["https:\/\/nomesvending.com\/web\/tienda\/instalaciones-de-agua\/filtros-para-agua\/filtros-lavavajillas\/everpure-gen2-3-8-qcf-head\/"]}]},{"@type":"ImageObject","inLanguage":"es","@id":"https:\/\/nomesvending.com\/web\/tienda\/instalaciones-de-agua\/filtros-para-agua\/filtros-lavavajillas\/everpure-gen2-3-8-qcf-head\/#primaryimage","url":"https:\/\/nomesvending.com\/web\/wp-content\/uploads\/2024\/09\/0V2087-2.png","contentUrl":"https:\/\/nomesvending.com\/web\/wp-content\/uploads\/2024\/09\/0V2087-2.png","width":500,"height":500},{"@type":"BreadcrumbList","@id":"https:\/\/nomesvending.com\/web\/tienda\/instalaciones-de-agua\/filtros-para-agua\/filtros-lavavajillas\/everpure-gen2-3-8-qcf-head\/#breadcrumb","itemListElement":[{"@type":"ListItem","position":1,"name":"Portada","item":"https:\/\/nomesvending.com\/web\/"},{"@type":"ListItem","position":2,"name":"Tienda","item":"https:\/\/nomesvending.com\/web\/tienda\/"},{"@type":"ListItem","position":3,"name":"EVERPURE\u00ae GEN2 3\/8&#8243; QCF HEAD"}]},{"@type":"WebSite","@id":"https:\/\/nomesvending.com\/web\/#website","url":"https:\/\/nomesvending.com\/web\/","name":"Nom\u00e9sVending","description":"M\u00e1quinas, filtros, recambios, monederos, consumibles y todo lo que necesitas para el mundo del vending. Calidad y tecnolog\u00eda para tu negocio. \u00a1Descubre nuestras soluciones!","publisher":{"@id":"https:\/\/nomesvending.com\/web\/#organization"},"potentialAction":[{"@type":"SearchAction","target":{"@type":"EntryPoint","urlTemplate":"https:\/\/nomesvending.com\/web\/?s={search_term_string}"},"query-input":{"@type":"PropertyValueSpecification","valueRequired":true,"valueName":"search_term_string"}}],"inLanguage":"es"},{"@type":"Organization","@id":"https:\/\/nomesvending.com\/web\/#organization","name":"Nom\u00e9sVending","url":"https:\/\/nomesvending.com\/web\/","logo":{"@type":"ImageObject","inLanguage":"es","@id":"https:\/\/nomesvending.com\/web\/#\/schema\/logo\/image\/","url":"https:\/\/nomesvending.com\/web\/wp-content\/uploads\/2026\/03\/Red-and-White-Modern-Vending-Machine-Services-Instagram-Post.png","contentUrl":"https:\/\/nomesvending.com\/web\/wp-content\/uploads\/2026\/03\/Red-and-White-Modern-Vending-Machine-Services-Instagram-Post.png","width":1080,"height":1080,"caption":"Nom\u00e9sVending"},"image":{"@id":"https:\/\/nomesvending.com\/web\/#\/schema\/logo\/image\/"},"sameAs":["https:\/\/www.facebook.com\/NomesVending\/","https:\/\/www.instagram.com\/nomesvending\/"]}]}},"_links":{"self":[{"href":"https:\/\/nomesvending.com\/web\/wp-json\/wp\/v2\/product\/26421","targetHints":{"allow":["GET"]}}],"collection":[{"href":"https:\/\/nomesvending.com\/web\/wp-json\/wp\/v2\/product"}],"about":[{"href":"https:\/\/nomesvending.com\/web\/wp-json\/wp\/v2\/types\/product"}],"replies":[{"embeddable":true,"href":"https:\/\/nomesvending.com\/web\/wp-json\/wp\/v2\/comments?post=26421"}],"wp:featuredmedia":[{"embeddable":true,"href":"https:\/\/nomesvending.com\/web\/wp-json\/wp\/v2\/media\/21695"}],"wp:attachment":[{"href":"https:\/\/nomesvending.com\/web\/wp-json\/wp\/v2\/media?parent=26421"}],"wp:term":[{"taxonomy":"product_brand","embeddable":true,"href":"https:\/\/nomesvending.com\/web\/wp-json\/wp\/v2\/product_brand?post=26421"},{"taxonomy":"product_cat","embeddable":true,"href":"https:\/\/nomesvending.com\/web\/wp-json\/wp\/v2\/product_cat?post=26421"},{"taxonomy":"product_tag","embeddable":true,"href":"https:\/\/nomesvending.com\/web\/wp-json\/wp\/v2\/product_tag?post=26421"}],"curies":[{"name":"wp","href":"https:\/\/api.w.org\/{rel}","templated":true}]}}