{"id":26425,"date":"2025-10-22T08:14:09","date_gmt":"2025-10-22T08:14:09","guid":{"rendered":"https:\/\/nomesvending.com\/web\/?post_type=product&#038;p=26425"},"modified":"2025-10-22T08:53:40","modified_gmt":"2025-10-22T08:53:40","slug":"everpure-prime-filter-cartridge","status":"publish","type":"product","link":"https:\/\/nomesvending.com\/web\/tienda\/instalaciones-de-agua\/filtros-para-agua\/filtros-lavavajillas\/everpure-prime-filter-cartridge\/","title":{"rendered":"EVERPURE\u00ae PRIME FILTER CARTRIDGE"},"content":{"rendered":"<h3 data-start=\"200\" data-end=\"260\"><strong data-start=\"204\" data-end=\"260\">Cartucho de Filtro Everpure Claris Prime | EV4339-86<\/strong><\/h3>\n<p data-start=\"262\" data-end=\"714\">El <strong data-start=\"265\" data-end=\"290\">Everpure Claris Prime<\/strong> ofrece la m\u00e1s avanzada tecnolog\u00eda de acondicionamiento de agua desarrollada por <strong data-start=\"371\" data-end=\"382\">Pentair<\/strong>, combinando <strong data-start=\"395\" data-end=\"471\">ajuste mineral, estabilizaci\u00f3n de minerales e inhibici\u00f3n de la corrosi\u00f3n<\/strong>. Dise\u00f1ado para entornos con <strong data-start=\"500\" data-end=\"544\">altos niveles de s\u00f3lidos disueltos (TDS)<\/strong>, <strong data-start=\"546\" data-end=\"564\">cloruros (Cl\u207b)<\/strong> y <strong data-start=\"567\" data-end=\"585\">sulfatos (SO\u2084)<\/strong>, este sistema garantiza una calidad de agua superior y una \u00f3ptima protecci\u00f3n de los equipos de caf\u00e9, espresso y hornos de vapor.<\/p>\n<blockquote data-start=\"716\" data-end=\"751\">\n<p data-start=\"718\" data-end=\"751\"><strong data-start=\"718\" data-end=\"751\">Cabezal vendido por separado.<\/strong><\/p>\n<\/blockquote>\n<hr data-start=\"753\" data-end=\"756\" \/>\n<h4 data-start=\"758\" data-end=\"779\"><strong data-start=\"763\" data-end=\"779\">Aplicaciones<\/strong><\/h4>\n<ul data-start=\"780\" data-end=\"900\">\n<li data-start=\"780\" data-end=\"788\">\n<p data-start=\"782\" data-end=\"788\">Caf\u00e9<\/p>\n<\/li>\n<li data-start=\"789\" data-end=\"801\">\n<p data-start=\"791\" data-end=\"801\">Espresso<\/p>\n<\/li>\n<li data-start=\"802\" data-end=\"853\">\n<p data-start=\"804\" data-end=\"853\">Hornos combinados de inyecci\u00f3n directa de vapor<\/p>\n<\/li>\n<li data-start=\"854\" data-end=\"900\">\n<p data-start=\"856\" data-end=\"900\">M\u00e1quinas expendedoras de bebidas calientes<\/p>\n<\/li>\n<\/ul>\n<hr data-start=\"902\" data-end=\"905\" \/>\n<h4 data-start=\"907\" data-end=\"942\"><strong data-start=\"912\" data-end=\"942\">Caracter\u00edsticas y ventajas<\/strong><\/h4>\n<ul data-start=\"943\" data-end=\"1807\">\n<li data-start=\"943\" data-end=\"1088\">\n<p data-start=\"945\" data-end=\"1013\"><strong data-start=\"945\" data-end=\"999\">Tecnolog\u00eda exclusiva de acondicionamiento del agua<\/strong>, que combina:<\/p>\n<ul data-start=\"1016\" data-end=\"1088\">\n<li data-start=\"1016\" data-end=\"1055\">\n<p data-start=\"1018\" data-end=\"1055\">Adaptaci\u00f3n y estabilizaci\u00f3n mineral<\/p>\n<\/li>\n<li data-start=\"1058\" data-end=\"1088\">\n<p data-start=\"1060\" data-end=\"1088\">Inhibici\u00f3n de la corrosi\u00f3n<\/p>\n<\/li>\n<\/ul>\n<\/li>\n<li data-start=\"1089\" data-end=\"1323\">\n<p data-start=\"1091\" data-end=\"1133\"><strong data-start=\"1091\" data-end=\"1117\">Filtraci\u00f3n en 6 etapas<\/strong>, que incluye:<\/p>\n<ol data-start=\"1136\" data-end=\"1323\">\n<li data-start=\"1136\" data-end=\"1154\">\n<p data-start=\"1139\" data-end=\"1154\">Prefiltraci\u00f3n<\/p>\n<\/li>\n<li data-start=\"1157\" data-end=\"1178\">\n<p data-start=\"1160\" data-end=\"1178\">Ajuste de dureza<\/p>\n<\/li>\n<li data-start=\"1181\" data-end=\"1214\">\n<p data-start=\"1184\" data-end=\"1214\">Ajuste ani\u00f3nico de minerales<\/p>\n<\/li>\n<li data-start=\"1217\" data-end=\"1237\">\n<p data-start=\"1220\" data-end=\"1237\">Filtraci\u00f3n fina<\/p>\n<\/li>\n<li data-start=\"1240\" data-end=\"1280\">\n<p data-start=\"1243\" data-end=\"1280\">Bloque de carb\u00f3n de alta eficiencia<\/p>\n<\/li>\n<li data-start=\"1283\" data-end=\"1323\">\n<p data-start=\"1286\" data-end=\"1323\">Membrana s\u00f3lida de filtraci\u00f3n final<\/p>\n<\/li>\n<\/ol>\n<\/li>\n<li data-start=\"1324\" data-end=\"1477\">\n<p data-start=\"1326\" data-end=\"1477\"><strong data-start=\"1326\" data-end=\"1387\">Protege el equipo frente a la incrustaci\u00f3n y la corrosi\u00f3n<\/strong> causada por minerales, incluso en aguas con alto contenido en TDS, cloruros y sulfatos.<\/p>\n<\/li>\n<li data-start=\"1478\" data-end=\"1582\">\n<p data-start=\"1480\" data-end=\"1582\"><strong data-start=\"1480\" data-end=\"1504\">Ajuste personalizado<\/strong> del nivel de TDS, cloruros y sulfatos seg\u00fan la calidad del agua de entrada.<\/p>\n<\/li>\n<li data-start=\"1583\" data-end=\"1689\">\n<p data-start=\"1585\" data-end=\"1689\"><strong data-start=\"1585\" data-end=\"1642\">Elimina contaminantes, olores y sabores desagradables<\/strong>, mejorando notablemente la calidad del agua.<\/p>\n<\/li>\n<li data-start=\"1690\" data-end=\"1807\">\n<p data-start=\"1692\" data-end=\"1807\"><strong data-start=\"1692\" data-end=\"1728\">Filtra part\u00edculas hasta 5 micras<\/strong>, ofreciendo la m\u00e1xima protecci\u00f3n para los equipos de preparaci\u00f3n de bebidas.<\/p>\n<\/li>\n<\/ul>\n<hr data-start=\"1809\" data-end=\"1812\" \/>\n<h4 data-start=\"1814\" data-end=\"1846\"><strong data-start=\"1819\" data-end=\"1846\">Consejos de instalaci\u00f3n<\/strong><\/h4>\n<ul data-start=\"1847\" data-end=\"2282\">\n<li data-start=\"1847\" data-end=\"1925\">\n<p data-start=\"1849\" data-end=\"1925\">El sistema puede instalarse <strong data-start=\"1877\" data-end=\"1922\">de pie, en posici\u00f3n horizontal o vertical<\/strong>.<\/p>\n<\/li>\n<li data-start=\"1926\" data-end=\"2082\">\n<p data-start=\"1928\" data-end=\"2082\">La <strong data-start=\"1931\" data-end=\"1989\">presi\u00f3n de entrada no debe superar los 8 bar (116 psi)<\/strong>.<br data-start=\"1990\" data-end=\"1993\" \/>Si se excede, se debe instalar una <strong data-start=\"2030\" data-end=\"2062\">v\u00e1lvula reductora de presi\u00f3n<\/strong> antes del filtro.<\/p>\n<\/li>\n<li data-start=\"2083\" data-end=\"2160\">\n<p data-start=\"2085\" data-end=\"2160\">Se recomienda instalar una <strong data-start=\"2112\" data-end=\"2145\">v\u00e1lvula de corte aguas arriba<\/strong> del sistema.<\/p>\n<\/li>\n<li data-start=\"2161\" data-end=\"2282\">\n<p data-start=\"2163\" data-end=\"2282\">Consulte el <strong data-start=\"2175\" data-end=\"2227\">Manual de Instalaci\u00f3n, Operaci\u00f3n y Mantenimiento<\/strong> para el enjuague y la puesta en marcha del cartucho.<\/p>\n<\/li>\n<\/ul>\n<hr data-start=\"2284\" data-end=\"2287\" \/>\n<h4 data-start=\"2289\" data-end=\"2324\"><strong data-start=\"2294\" data-end=\"2324\">Consejos de funcionamiento<\/strong><\/h4>\n<ul data-start=\"2325\" data-end=\"2769\">\n<li data-start=\"2325\" data-end=\"2444\">\n<p data-start=\"2327\" data-end=\"2444\">Sustituya el <strong data-start=\"2340\" data-end=\"2365\">cartucho Claris Prime<\/strong> al alcanzar el volumen de agua predefinido o <strong data-start=\"2411\" data-end=\"2441\">como m\u00ednimo una vez al a\u00f1o<\/strong>.<\/p>\n<\/li>\n<li data-start=\"2445\" data-end=\"2512\">\n<p data-start=\"2447\" data-end=\"2512\">Enjuague siempre el cartucho tras su instalaci\u00f3n o sustituci\u00f3n.<\/p>\n<\/li>\n<li data-start=\"2513\" data-end=\"2626\">\n<p data-start=\"2515\" data-end=\"2626\"><strong data-start=\"2515\" data-end=\"2555\">No utilice tiras reactivas de dureza<\/strong>; use un <strong data-start=\"2564\" data-end=\"2585\">kit de titulaci\u00f3n<\/strong> para verificar la reducci\u00f3n de dureza.<\/p>\n<\/li>\n<li data-start=\"2627\" data-end=\"2708\">\n<p data-start=\"2629\" data-end=\"2708\">Controle regularmente el <strong data-start=\"2654\" data-end=\"2685\">contenido de TDS y cloruros<\/strong> del agua de entrada.<\/p>\n<\/li>\n<li data-start=\"2709\" data-end=\"2769\">\n<p data-start=\"2711\" data-end=\"2769\">Cambie el cartucho al alcanzar su <strong data-start=\"2745\" data-end=\"2766\">capacidad nominal<\/strong>.<\/p>\n<\/li>\n<\/ul>\n<hr data-start=\"2771\" data-end=\"2774\" \/>\n<h4 data-start=\"2776\" data-end=\"2810\"><strong data-start=\"2781\" data-end=\"2810\">Especificaciones t\u00e9cnicas<\/strong><\/h4>\n<div class=\"_tableContainer_1rjym_1\">\n<div class=\"group _tableWrapper_1rjym_13 flex w-fit flex-col-reverse\" tabindex=\"-1\">\n<table class=\"w-fit min-w-(--thread-content-width)\" data-start=\"2811\" data-end=\"3327\">\n<thead data-start=\"2811\" data-end=\"2832\">\n<tr data-start=\"2811\" data-end=\"2832\">\n<th data-start=\"2811\" data-end=\"2823\" data-col-size=\"sm\">Par\u00e1metro<\/th>\n<th data-start=\"2823\" data-end=\"2832\" data-col-size=\"md\">Valor<\/th>\n<\/tr>\n<\/thead>\n<tbody data-start=\"2857\" data-end=\"3327\">\n<tr data-start=\"2857\" data-end=\"2898\">\n<td data-start=\"2857\" data-end=\"2870\" data-col-size=\"sm\"><strong data-start=\"2859\" data-end=\"2869\">Modelo<\/strong><\/td>\n<td data-start=\"2870\" data-end=\"2898\" data-col-size=\"md\">Claris Prime \u2013 EV4339-86<\/td>\n<\/tr>\n<tr data-start=\"2899\" data-end=\"2948\">\n<td data-start=\"2899\" data-end=\"2924\" data-col-size=\"sm\"><strong data-start=\"2901\" data-end=\"2923\">Caudal de servicio<\/strong><\/td>\n<td data-start=\"2924\" data-end=\"2948\" data-col-size=\"md\">3,79 L\/min (1,0 gpm)<\/td>\n<\/tr>\n<tr data-start=\"2949\" data-end=\"3078\">\n<td data-start=\"2949\" data-end=\"2973\" data-col-size=\"sm\"><strong data-start=\"2951\" data-end=\"2972\">Capacidad nominal<\/strong><\/td>\n<td data-start=\"2973\" data-end=\"3078\" data-col-size=\"md\">4.750 L (1.255 galones) \u2013 Espresso<br \/>\n2.110 L (557 galones) \u2013 Hornos combinados de inyecci\u00f3n directa*<\/td>\n<\/tr>\n<tr data-start=\"3079\" data-end=\"3155\">\n<td data-start=\"3079\" data-end=\"3104\" data-col-size=\"sm\"><strong data-start=\"3081\" data-end=\"3103\">Presi\u00f3n de trabajo<\/strong><\/td>\n<td data-start=\"3104\" data-end=\"3155\" data-col-size=\"md\">2 \u2013 8 bar (29 \u2013 116 psi), sin golpes de presi\u00f3n<\/td>\n<\/tr>\n<tr data-start=\"3156\" data-end=\"3209\">\n<td data-start=\"3156\" data-end=\"3183\" data-col-size=\"sm\"><strong data-start=\"3158\" data-end=\"3182\">Temperatura del agua<\/strong><\/td>\n<td data-start=\"3183\" data-end=\"3209\" data-col-size=\"md\">4 \u2013 30 \u00b0C (39 \u2013 86 \u00b0F)<\/td>\n<\/tr>\n<tr data-start=\"3210\" data-end=\"3285\">\n<td data-start=\"3210\" data-end=\"3236\" data-col-size=\"sm\"><strong data-start=\"3212\" data-end=\"3235\">Dimensiones totales<\/strong><\/td>\n<td data-start=\"3236\" data-end=\"3285\" data-col-size=\"md\">47,1 \u00d7 17,5 cm (18,56&#8243; alto \u00d7 6,89&#8243; di\u00e1metro)<\/td>\n<\/tr>\n<tr data-start=\"3286\" data-end=\"3327\">\n<td data-start=\"3286\" data-end=\"3311\" data-col-size=\"sm\"><strong data-start=\"3288\" data-end=\"3310\">Conexi\u00f3n el\u00e9ctrica<\/strong><\/td>\n<td data-start=\"3311\" data-end=\"3327\" data-col-size=\"md\">No requerida<\/td>\n<\/tr>\n<\/tbody>\n<\/table>\n<\/div>\n<\/div>\n<p data-start=\"3329\" data-end=\"3461\">*Capacidad basada en agua de entrada con TDS est\u00e1ndar, dureza de 180 ppm y cloruros de 60 ppm con configuraci\u00f3n de bypass est\u00e1ndar.<\/p>\n<hr data-start=\"3914\" data-end=\"3917\" \/>\n<h4 data-start=\"3919\" data-end=\"3944\"><strong data-start=\"3924\" data-end=\"3944\">Aviso importante<\/strong><\/h4>\n<p data-start=\"3945\" data-end=\"4198\">Los contaminantes u otras sustancias eliminadas o reducidas por este sistema pueden no estar presentes en su agua.<br data-start=\"4059\" data-end=\"4062\" \/><strong data-start=\"4062\" data-end=\"4140\">No utilizar con agua microbiol\u00f3gicamente insegura o de calidad desconocida<\/strong> sin la adecuada desinfecci\u00f3n antes o despu\u00e9s del sistema.<\/p>\n","protected":false},"excerpt":{"rendered":"<p class=\"p1\">HIGH CAPACITY ADJUSTABLE ION-SELECTIVE FILTER OFFERS TAILORED REDUCTION OF TOTAL DISSOLVED SOLIDS, CHLORIDES AND SULPHATES<\/p>\n","protected":false},"featured_media":26426,"comment_status":"open","ping_status":"closed","template":"","meta":[],"product_brand":[239],"product_cat":[128,250,251,122],"product_tag":[],"class_list":{"0":"post-26425","1":"product","2":"type-product","3":"status-publish","4":"has-post-thumbnail","6":"product_brand-everpure","7":"product_cat-filtros-para-agua","8":"product_cat-filtros-lavavajillas","9":"product_cat-filtros-para-horno","10":"product_cat-instalaciones-de-agua","12":"first","13":"instock","14":"taxable","15":"shipping-taxable","16":"purchasable","17":"product-type-simple"},"yoast_head":"<!-- This site is optimized with the Yoast SEO plugin v27.0 - https:\/\/yoast.com\/product\/yoast-seo-wordpress\/ -->\n<title>EVERPURE\u00ae PRIME FILTER CARTRIDGE - Nomesvending<\/title>\n<meta name=\"description\" content=\"Cartucho de filtro Everpure Claris Prime EV4339-86 con tecnolog\u00eda avanzada de acondicionamiento de agua que protege equipos de caf\u00e9....\" \/>\n<meta name=\"robots\" content=\"index, follow, max-snippet:-1, max-image-preview:large, max-video-preview:-1\" \/>\n<link rel=\"canonical\" href=\"https:\/\/nomesvending.com\/web\/tienda\/instalaciones-de-agua\/filtros-para-agua\/filtros-lavavajillas\/everpure-prime-filter-cartridge\/\" \/>\n<meta property=\"og:locale\" content=\"es_ES\" \/>\n<meta property=\"og:type\" content=\"article\" \/>\n<meta property=\"og:title\" content=\"EVERPURE\u00ae PRIME FILTER CARTRIDGE - Nomesvending\" \/>\n<meta property=\"og:description\" content=\"Cartucho de filtro Everpure Claris Prime EV4339-86 con tecnolog\u00eda avanzada de acondicionamiento de agua que protege equipos de caf\u00e9....\" \/>\n<meta property=\"og:url\" content=\"https:\/\/nomesvending.com\/web\/tienda\/instalaciones-de-agua\/filtros-para-agua\/filtros-lavavajillas\/everpure-prime-filter-cartridge\/\" \/>\n<meta property=\"og:site_name\" content=\"Nomesvending\" \/>\n<meta property=\"article:publisher\" content=\"https:\/\/www.facebook.com\/NomesVending\/\" \/>\n<meta property=\"article:modified_time\" content=\"2025-10-22T08:53:40+00:00\" \/>\n<meta property=\"og:image\" content=\"https:\/\/nomesvending.com\/web\/wp-content\/uploads\/2025\/10\/EVERPURE\u00ae-PRIME-FILTER-CARTRIDGE.jpg\" \/>\n\t<meta property=\"og:image:width\" content=\"500\" \/>\n\t<meta property=\"og:image:height\" content=\"500\" \/>\n\t<meta property=\"og:image:type\" content=\"image\/jpeg\" \/>\n<meta name=\"twitter:card\" content=\"summary_large_image\" \/>\n<meta name=\"twitter:label1\" content=\"Tiempo de lectura\" \/>\n\t<meta name=\"twitter:data1\" content=\"3 minutos\" \/>\n<script type=\"application\/ld+json\" class=\"yoast-schema-graph\">{\"@context\":\"https:\/\/schema.org\",\"@graph\":[{\"@type\":\"WebPage\",\"@id\":\"https:\/\/nomesvending.com\/web\/tienda\/instalaciones-de-agua\/filtros-para-agua\/filtros-lavavajillas\/everpure-prime-filter-cartridge\/\",\"url\":\"https:\/\/nomesvending.com\/web\/tienda\/instalaciones-de-agua\/filtros-para-agua\/filtros-lavavajillas\/everpure-prime-filter-cartridge\/\",\"name\":\"EVERPURE\u00ae PRIME FILTER CARTRIDGE - Nomesvending\",\"isPartOf\":{\"@id\":\"https:\/\/nomesvending.com\/web\/#website\"},\"primaryImageOfPage\":{\"@id\":\"https:\/\/nomesvending.com\/web\/tienda\/instalaciones-de-agua\/filtros-para-agua\/filtros-lavavajillas\/everpure-prime-filter-cartridge\/#primaryimage\"},\"image\":{\"@id\":\"https:\/\/nomesvending.com\/web\/tienda\/instalaciones-de-agua\/filtros-para-agua\/filtros-lavavajillas\/everpure-prime-filter-cartridge\/#primaryimage\"},\"thumbnailUrl\":\"https:\/\/nomesvending.com\/web\/wp-content\/uploads\/2025\/10\/EVERPURE\u00ae-PRIME-FILTER-CARTRIDGE.jpg\",\"datePublished\":\"2025-10-22T08:14:09+00:00\",\"dateModified\":\"2025-10-22T08:53:40+00:00\",\"description\":\"Cartucho de filtro Everpure Claris Prime EV4339-86 con tecnolog\u00eda avanzada de acondicionamiento de agua que protege equipos de caf\u00e9....\",\"breadcrumb\":{\"@id\":\"https:\/\/nomesvending.com\/web\/tienda\/instalaciones-de-agua\/filtros-para-agua\/filtros-lavavajillas\/everpure-prime-filter-cartridge\/#breadcrumb\"},\"inLanguage\":\"es\",\"potentialAction\":[{\"@type\":\"ReadAction\",\"target\":[\"https:\/\/nomesvending.com\/web\/tienda\/instalaciones-de-agua\/filtros-para-agua\/filtros-lavavajillas\/everpure-prime-filter-cartridge\/\"]}]},{\"@type\":\"ImageObject\",\"inLanguage\":\"es\",\"@id\":\"https:\/\/nomesvending.com\/web\/tienda\/instalaciones-de-agua\/filtros-para-agua\/filtros-lavavajillas\/everpure-prime-filter-cartridge\/#primaryimage\",\"url\":\"https:\/\/nomesvending.com\/web\/wp-content\/uploads\/2025\/10\/EVERPURE\u00ae-PRIME-FILTER-CARTRIDGE.jpg\",\"contentUrl\":\"https:\/\/nomesvending.com\/web\/wp-content\/uploads\/2025\/10\/EVERPURE\u00ae-PRIME-FILTER-CARTRIDGE.jpg\",\"width\":500,\"height\":500,\"caption\":\"EVERPURE\u00ae PRIME FILTER CARTRIDGE\"},{\"@type\":\"BreadcrumbList\",\"@id\":\"https:\/\/nomesvending.com\/web\/tienda\/instalaciones-de-agua\/filtros-para-agua\/filtros-lavavajillas\/everpure-prime-filter-cartridge\/#breadcrumb\",\"itemListElement\":[{\"@type\":\"ListItem\",\"position\":1,\"name\":\"Portada\",\"item\":\"https:\/\/nomesvending.com\/web\/\"},{\"@type\":\"ListItem\",\"position\":2,\"name\":\"Tienda\",\"item\":\"https:\/\/nomesvending.com\/web\/tienda\/\"},{\"@type\":\"ListItem\",\"position\":3,\"name\":\"EVERPURE\u00ae PRIME FILTER CARTRIDGE\"}]},{\"@type\":\"WebSite\",\"@id\":\"https:\/\/nomesvending.com\/web\/#website\",\"url\":\"https:\/\/nomesvending.com\/web\/\",\"name\":\"Nom\u00e9sVending\",\"description\":\"M\u00e1quinas, filtros, recambios, monederos, consumibles y todo lo que necesitas para el mundo del vending. Calidad y tecnolog\u00eda para tu negocio. \u00a1Descubre nuestras soluciones!\",\"publisher\":{\"@id\":\"https:\/\/nomesvending.com\/web\/#organization\"},\"potentialAction\":[{\"@type\":\"SearchAction\",\"target\":{\"@type\":\"EntryPoint\",\"urlTemplate\":\"https:\/\/nomesvending.com\/web\/?s={search_term_string}\"},\"query-input\":{\"@type\":\"PropertyValueSpecification\",\"valueRequired\":true,\"valueName\":\"search_term_string\"}}],\"inLanguage\":\"es\"},{\"@type\":\"Organization\",\"@id\":\"https:\/\/nomesvending.com\/web\/#organization\",\"name\":\"Nom\u00e9sVending\",\"url\":\"https:\/\/nomesvending.com\/web\/\",\"logo\":{\"@type\":\"ImageObject\",\"inLanguage\":\"es\",\"@id\":\"https:\/\/nomesvending.com\/web\/#\/schema\/logo\/image\/\",\"url\":\"https:\/\/nomesvending.com\/web\/wp-content\/uploads\/2026\/03\/Red-and-White-Modern-Vending-Machine-Services-Instagram-Post.png\",\"contentUrl\":\"https:\/\/nomesvending.com\/web\/wp-content\/uploads\/2026\/03\/Red-and-White-Modern-Vending-Machine-Services-Instagram-Post.png\",\"width\":1080,\"height\":1080,\"caption\":\"Nom\u00e9sVending\"},\"image\":{\"@id\":\"https:\/\/nomesvending.com\/web\/#\/schema\/logo\/image\/\"},\"sameAs\":[\"https:\/\/www.facebook.com\/NomesVending\/\",\"https:\/\/www.instagram.com\/nomesvending\/\"]}]}<\/script>\n<!-- \/ Yoast SEO plugin. -->","yoast_head_json":{"title":"EVERPURE\u00ae PRIME FILTER CARTRIDGE - Nomesvending","description":"Cartucho de filtro Everpure Claris Prime EV4339-86 con tecnolog\u00eda avanzada de acondicionamiento de agua que protege equipos de caf\u00e9....","robots":{"index":"index","follow":"follow","max-snippet":"max-snippet:-1","max-image-preview":"max-image-preview:large","max-video-preview":"max-video-preview:-1"},"canonical":"https:\/\/nomesvending.com\/web\/tienda\/instalaciones-de-agua\/filtros-para-agua\/filtros-lavavajillas\/everpure-prime-filter-cartridge\/","og_locale":"es_ES","og_type":"article","og_title":"EVERPURE\u00ae PRIME FILTER CARTRIDGE - Nomesvending","og_description":"Cartucho de filtro Everpure Claris Prime EV4339-86 con tecnolog\u00eda avanzada de acondicionamiento de agua que protege equipos de caf\u00e9....","og_url":"https:\/\/nomesvending.com\/web\/tienda\/instalaciones-de-agua\/filtros-para-agua\/filtros-lavavajillas\/everpure-prime-filter-cartridge\/","og_site_name":"Nomesvending","article_publisher":"https:\/\/www.facebook.com\/NomesVending\/","article_modified_time":"2025-10-22T08:53:40+00:00","og_image":[{"width":500,"height":500,"url":"https:\/\/nomesvending.com\/web\/wp-content\/uploads\/2025\/10\/EVERPURE\u00ae-PRIME-FILTER-CARTRIDGE.jpg","type":"image\/jpeg"}],"twitter_card":"summary_large_image","twitter_misc":{"Tiempo de lectura":"3 minutos"},"schema":{"@context":"https:\/\/schema.org","@graph":[{"@type":"WebPage","@id":"https:\/\/nomesvending.com\/web\/tienda\/instalaciones-de-agua\/filtros-para-agua\/filtros-lavavajillas\/everpure-prime-filter-cartridge\/","url":"https:\/\/nomesvending.com\/web\/tienda\/instalaciones-de-agua\/filtros-para-agua\/filtros-lavavajillas\/everpure-prime-filter-cartridge\/","name":"EVERPURE\u00ae PRIME FILTER CARTRIDGE - Nomesvending","isPartOf":{"@id":"https:\/\/nomesvending.com\/web\/#website"},"primaryImageOfPage":{"@id":"https:\/\/nomesvending.com\/web\/tienda\/instalaciones-de-agua\/filtros-para-agua\/filtros-lavavajillas\/everpure-prime-filter-cartridge\/#primaryimage"},"image":{"@id":"https:\/\/nomesvending.com\/web\/tienda\/instalaciones-de-agua\/filtros-para-agua\/filtros-lavavajillas\/everpure-prime-filter-cartridge\/#primaryimage"},"thumbnailUrl":"https:\/\/nomesvending.com\/web\/wp-content\/uploads\/2025\/10\/EVERPURE\u00ae-PRIME-FILTER-CARTRIDGE.jpg","datePublished":"2025-10-22T08:14:09+00:00","dateModified":"2025-10-22T08:53:40+00:00","description":"Cartucho de filtro Everpure Claris Prime EV4339-86 con tecnolog\u00eda avanzada de acondicionamiento de agua que protege equipos de caf\u00e9....","breadcrumb":{"@id":"https:\/\/nomesvending.com\/web\/tienda\/instalaciones-de-agua\/filtros-para-agua\/filtros-lavavajillas\/everpure-prime-filter-cartridge\/#breadcrumb"},"inLanguage":"es","potentialAction":[{"@type":"ReadAction","target":["https:\/\/nomesvending.com\/web\/tienda\/instalaciones-de-agua\/filtros-para-agua\/filtros-lavavajillas\/everpure-prime-filter-cartridge\/"]}]},{"@type":"ImageObject","inLanguage":"es","@id":"https:\/\/nomesvending.com\/web\/tienda\/instalaciones-de-agua\/filtros-para-agua\/filtros-lavavajillas\/everpure-prime-filter-cartridge\/#primaryimage","url":"https:\/\/nomesvending.com\/web\/wp-content\/uploads\/2025\/10\/EVERPURE\u00ae-PRIME-FILTER-CARTRIDGE.jpg","contentUrl":"https:\/\/nomesvending.com\/web\/wp-content\/uploads\/2025\/10\/EVERPURE\u00ae-PRIME-FILTER-CARTRIDGE.jpg","width":500,"height":500,"caption":"EVERPURE\u00ae PRIME FILTER CARTRIDGE"},{"@type":"BreadcrumbList","@id":"https:\/\/nomesvending.com\/web\/tienda\/instalaciones-de-agua\/filtros-para-agua\/filtros-lavavajillas\/everpure-prime-filter-cartridge\/#breadcrumb","itemListElement":[{"@type":"ListItem","position":1,"name":"Portada","item":"https:\/\/nomesvending.com\/web\/"},{"@type":"ListItem","position":2,"name":"Tienda","item":"https:\/\/nomesvending.com\/web\/tienda\/"},{"@type":"ListItem","position":3,"name":"EVERPURE\u00ae PRIME FILTER CARTRIDGE"}]},{"@type":"WebSite","@id":"https:\/\/nomesvending.com\/web\/#website","url":"https:\/\/nomesvending.com\/web\/","name":"Nom\u00e9sVending","description":"M\u00e1quinas, filtros, recambios, monederos, consumibles y todo lo que necesitas para el mundo del vending. Calidad y tecnolog\u00eda para tu negocio. \u00a1Descubre nuestras soluciones!","publisher":{"@id":"https:\/\/nomesvending.com\/web\/#organization"},"potentialAction":[{"@type":"SearchAction","target":{"@type":"EntryPoint","urlTemplate":"https:\/\/nomesvending.com\/web\/?s={search_term_string}"},"query-input":{"@type":"PropertyValueSpecification","valueRequired":true,"valueName":"search_term_string"}}],"inLanguage":"es"},{"@type":"Organization","@id":"https:\/\/nomesvending.com\/web\/#organization","name":"Nom\u00e9sVending","url":"https:\/\/nomesvending.com\/web\/","logo":{"@type":"ImageObject","inLanguage":"es","@id":"https:\/\/nomesvending.com\/web\/#\/schema\/logo\/image\/","url":"https:\/\/nomesvending.com\/web\/wp-content\/uploads\/2026\/03\/Red-and-White-Modern-Vending-Machine-Services-Instagram-Post.png","contentUrl":"https:\/\/nomesvending.com\/web\/wp-content\/uploads\/2026\/03\/Red-and-White-Modern-Vending-Machine-Services-Instagram-Post.png","width":1080,"height":1080,"caption":"Nom\u00e9sVending"},"image":{"@id":"https:\/\/nomesvending.com\/web\/#\/schema\/logo\/image\/"},"sameAs":["https:\/\/www.facebook.com\/NomesVending\/","https:\/\/www.instagram.com\/nomesvending\/"]}]}},"_links":{"self":[{"href":"https:\/\/nomesvending.com\/web\/wp-json\/wp\/v2\/product\/26425","targetHints":{"allow":["GET"]}}],"collection":[{"href":"https:\/\/nomesvending.com\/web\/wp-json\/wp\/v2\/product"}],"about":[{"href":"https:\/\/nomesvending.com\/web\/wp-json\/wp\/v2\/types\/product"}],"replies":[{"embeddable":true,"href":"https:\/\/nomesvending.com\/web\/wp-json\/wp\/v2\/comments?post=26425"}],"wp:featuredmedia":[{"embeddable":true,"href":"https:\/\/nomesvending.com\/web\/wp-json\/wp\/v2\/media\/26426"}],"wp:attachment":[{"href":"https:\/\/nomesvending.com\/web\/wp-json\/wp\/v2\/media?parent=26425"}],"wp:term":[{"taxonomy":"product_brand","embeddable":true,"href":"https:\/\/nomesvending.com\/web\/wp-json\/wp\/v2\/product_brand?post=26425"},{"taxonomy":"product_cat","embeddable":true,"href":"https:\/\/nomesvending.com\/web\/wp-json\/wp\/v2\/product_cat?post=26425"},{"taxonomy":"product_tag","embeddable":true,"href":"https:\/\/nomesvending.com\/web\/wp-json\/wp\/v2\/product_tag?post=26425"}],"curies":[{"name":"wp","href":"https:\/\/api.w.org\/{rel}","templated":true}]}}