{"id":26427,"date":"2025-10-22T08:20:31","date_gmt":"2025-10-22T08:20:31","guid":{"rendered":"https:\/\/nomesvending.com\/web\/?post_type=product&#038;p=26427"},"modified":"2025-10-22T08:24:46","modified_gmt":"2025-10-22T08:24:46","slug":"coldrink-insurice-manifold-with-20-prefilter","status":"publish","type":"product","link":"https:\/\/nomesvending.com\/web\/tienda\/instalaciones-de-agua\/filtros-para-agua\/filtros-para-maquina-de-hielo\/coldrink-insurice-manifold-with-20-prefilter\/","title":{"rendered":"COLDRINK\u00ae\/INSURICE\u00ae MANIFOLD WITH 20&#8243; PREFILTER"},"content":{"rendered":"<h3 data-start=\"243\" data-end=\"323\"><strong data-start=\"247\" data-end=\"323\">Everpure Coldrink\u00ae \/ Insurice\u00ae Manifold con Prefiltro de 20&#8243; | EV9293-21<\/strong><\/h3>\n<p data-start=\"325\" data-end=\"660\">El <strong data-start=\"328\" data-end=\"379\">Everpure Coldrink\u00ae\/Insurice\u00ae Manifold EV9293-21<\/strong> es un cabezal de filtraci\u00f3n de grado comercial dise\u00f1ado para ofrecer <strong data-start=\"449\" data-end=\"471\">agua pura y segura<\/strong> en aplicaciones de bebidas, hielo y caf\u00e9. Su dise\u00f1o modular y resistente permite una instalaci\u00f3n r\u00e1pida, mantenimiento sencillo y compatibilidad total con los cartuchos de filtro Everpure.<\/p>\n<hr data-start=\"662\" data-end=\"665\" \/>\n<h4 data-start=\"667\" data-end=\"688\"><strong data-start=\"672\" data-end=\"688\">Aplicaciones<\/strong><\/h4>\n<ul data-start=\"689\" data-end=\"784\">\n<li data-start=\"689\" data-end=\"726\">\n<p data-start=\"691\" data-end=\"726\">Bebidas de fuente (dispensadores)<\/p>\n<\/li>\n<li data-start=\"727\" data-end=\"748\">\n<p data-start=\"729\" data-end=\"748\">M\u00e1quinas de hielo<\/p>\n<\/li>\n<li data-start=\"749\" data-end=\"784\">\n<p data-start=\"751\" data-end=\"784\">Cafeteras y teteras comerciales<\/p>\n<\/li>\n<\/ul>\n<hr data-start=\"786\" data-end=\"789\" \/>\n<h4 data-start=\"791\" data-end=\"826\"><strong data-start=\"796\" data-end=\"826\">Caracter\u00edsticas y ventajas<\/strong><\/h4>\n<ul data-start=\"827\" data-end=\"1652\">\n<li data-start=\"827\" data-end=\"912\">\n<p data-start=\"829\" data-end=\"912\"><strong data-start=\"829\" data-end=\"875\">Cabezal de filtraci\u00f3n de calidad comercial<\/strong> compatible con cartuchos Everpure.<\/p>\n<\/li>\n<li data-start=\"913\" data-end=\"1017\">\n<p data-start=\"915\" data-end=\"1017\">Incluye <strong data-start=\"923\" data-end=\"957\">soporte de montaje y tornillos<\/strong> para instalaci\u00f3n r\u00e1pida sin necesidad de placa adicional.<\/p>\n<\/li>\n<li data-start=\"1018\" data-end=\"1126\">\n<p data-start=\"1020\" data-end=\"1126\"><strong data-start=\"1020\" data-end=\"1050\">Dise\u00f1o modular del soporte<\/strong>, que permite incorporar componentes adicionales sin desmontar el sistema.<\/p>\n<\/li>\n<li data-start=\"1127\" data-end=\"1225\">\n<p data-start=\"1129\" data-end=\"1225\"><strong data-start=\"1129\" data-end=\"1163\">V\u00e1lvulas integradas opcionales<\/strong> de cierre y enjuague para facilitar el cambio de cartuchos.<\/p>\n<\/li>\n<li data-start=\"1226\" data-end=\"1309\">\n<p data-start=\"1228\" data-end=\"1309\"><strong data-start=\"1228\" data-end=\"1268\">Ajuste seguro y estable del cartucho<\/strong> gracias al sistema de anclaje interno.<\/p>\n<\/li>\n<li data-start=\"1310\" data-end=\"1403\">\n<p data-start=\"1312\" data-end=\"1403\"><strong data-start=\"1312\" data-end=\"1337\">Man\u00f3metro incorporado<\/strong>, que permite controlar la presi\u00f3n y asegurar el flujo correcto.<\/p>\n<\/li>\n<li data-start=\"1404\" data-end=\"1485\">\n<p data-start=\"1406\" data-end=\"1485\">Fabricado para ofrecer <strong data-start=\"1429\" data-end=\"1482\">m\u00e1xima durabilidad, resistencia y larga vida \u00fatil<\/strong>.<\/p>\n<\/li>\n<li data-start=\"1486\" data-end=\"1536\">\n<p data-start=\"1488\" data-end=\"1536\">Incluye <strong data-start=\"1496\" data-end=\"1533\">cartucho prefiltro Everpure EC110<\/strong>.<\/p>\n<\/li>\n<li data-start=\"1537\" data-end=\"1652\">\n<p data-start=\"1539\" data-end=\"1652\">Todas las partes en contacto con el agua cumplen las <strong data-start=\"1592\" data-end=\"1622\">pruebas de extracci\u00f3n NSF\u00ae<\/strong> para sistemas certificados.<\/p>\n<\/li>\n<\/ul>\n<hr data-start=\"1654\" data-end=\"1657\" \/>\n<h4 data-start=\"1659\" data-end=\"1691\"><strong data-start=\"1664\" data-end=\"1691\">Consejos de instalaci\u00f3n<\/strong><\/h4>\n<ul data-start=\"1692\" data-end=\"2282\">\n<li data-start=\"1692\" data-end=\"1781\">\n<p data-start=\"1694\" data-end=\"1781\">Seleccione una ubicaci\u00f3n capaz de <strong data-start=\"1728\" data-end=\"1778\">soportar el peso del sistema en funcionamiento<\/strong>.<\/p>\n<\/li>\n<li data-start=\"1782\" data-end=\"1935\">\n<p data-start=\"1784\" data-end=\"1935\">Instale el sistema <strong data-start=\"1803\" data-end=\"1827\">en posici\u00f3n vertical<\/strong>, dejando al menos <strong data-start=\"1846\" data-end=\"1890\">6,35 cm (2 \u00bd\u00bb) de espacio libre inferior<\/strong> para reemplazar el cartucho con facilidad.<\/p>\n<\/li>\n<li data-start=\"1936\" data-end=\"2015\">\n<p data-start=\"1938\" data-end=\"2015\"><strong data-start=\"1938\" data-end=\"1960\">Enjuague el filtro<\/strong> dejando correr agua durante 5 minutos antes del uso.<\/p>\n<\/li>\n<li data-start=\"2016\" data-end=\"2108\">\n<p data-start=\"2018\" data-end=\"2108\">Consulte la <strong data-start=\"2030\" data-end=\"2080\">gu\u00eda de instalaci\u00f3n, operaci\u00f3n y mantenimiento<\/strong> incluida con el producto.<\/p>\n<\/li>\n<li data-start=\"2109\" data-end=\"2183\">\n<p data-start=\"2111\" data-end=\"2183\">No instale el sistema en zonas expuestas a <strong data-start=\"2154\" data-end=\"2180\">temperaturas bajo cero<\/strong>.<\/p>\n<\/li>\n<li data-start=\"2184\" data-end=\"2282\">\n<p data-start=\"2186\" data-end=\"2282\"><strong data-start=\"2186\" data-end=\"2224\">Reemplace los cartuchos anualmente<\/strong> o cuando la capacidad se alcance o el flujo se reduzca.<\/p>\n<\/li>\n<\/ul>\n<hr data-start=\"2284\" data-end=\"2287\" \/>\n<h4 data-start=\"2289\" data-end=\"2323\"><strong data-start=\"2294\" data-end=\"2323\">Especificaciones t\u00e9cnicas<\/strong><\/h4>\n<div class=\"_tableContainer_1rjym_1\">\n<div class=\"group _tableWrapper_1rjym_13 flex w-fit flex-col-reverse\" tabindex=\"-1\">\n<table class=\"w-fit min-w-(--thread-content-width)\" data-start=\"2324\" data-end=\"2810\">\n<thead data-start=\"2324\" data-end=\"2345\">\n<tr data-start=\"2324\" data-end=\"2345\">\n<th data-start=\"2324\" data-end=\"2336\" data-col-size=\"sm\">Par\u00e1metro<\/th>\n<th data-start=\"2336\" data-end=\"2345\" data-col-size=\"md\">Valor<\/th>\n<\/tr>\n<\/thead>\n<tbody data-start=\"2370\" data-end=\"2810\">\n<tr data-start=\"2370\" data-end=\"2396\">\n<td data-start=\"2370\" data-end=\"2383\" data-col-size=\"sm\"><strong data-start=\"2372\" data-end=\"2382\">Modelo<\/strong><\/td>\n<td data-col-size=\"md\" data-start=\"2383\" data-end=\"2396\">EV9293-21<\/td>\n<\/tr>\n<tr data-start=\"2397\" data-end=\"2497\">\n<td data-start=\"2397\" data-end=\"2423\" data-col-size=\"sm\"><strong data-start=\"2399\" data-end=\"2422\">Dimensiones totales<\/strong><\/td>\n<td data-col-size=\"md\" data-start=\"2423\" data-end=\"2497\">36,2 \u00d7 63,8 \u00d7 15,6 cm (14,25&#8243; ancho \u00d7 25,11&#8243; alto \u00d7 6,13&#8243; profundidad)<\/td>\n<\/tr>\n<tr data-start=\"2498\" data-end=\"2558\">\n<td data-start=\"2498\" data-end=\"2524\" data-col-size=\"sm\"><strong data-start=\"2500\" data-end=\"2523\">Conexi\u00f3n de entrada<\/strong><\/td>\n<td data-col-size=\"md\" data-start=\"2524\" data-end=\"2558\">3\/4&#8243; (incluye reductor a 3\/8&#8243;)<\/td>\n<\/tr>\n<tr data-start=\"2559\" data-end=\"2592\">\n<td data-start=\"2559\" data-end=\"2584\" data-col-size=\"sm\"><strong data-start=\"2561\" data-end=\"2583\">Conexi\u00f3n de salida<\/strong><\/td>\n<td data-col-size=\"md\" data-start=\"2584\" data-end=\"2592\">3\/8&#8243;<\/td>\n<\/tr>\n<tr data-start=\"2593\" data-end=\"2673\">\n<td data-start=\"2593\" data-end=\"2618\" data-col-size=\"sm\"><strong data-start=\"2595\" data-end=\"2617\">Presi\u00f3n de trabajo<\/strong><\/td>\n<td data-col-size=\"md\" data-start=\"2618\" data-end=\"2673\">0,7 \u2013 8,6 bar (10 \u2013 125 psi), sin golpes de presi\u00f3n<\/td>\n<\/tr>\n<tr data-start=\"2674\" data-end=\"2728\">\n<td data-start=\"2674\" data-end=\"2701\" data-col-size=\"sm\"><strong data-start=\"2676\" data-end=\"2700\">Temperatura del agua<\/strong><\/td>\n<td data-col-size=\"md\" data-start=\"2701\" data-end=\"2728\">2 \u2013 38 \u00b0C (35 \u2013 100 \u00b0F)<\/td>\n<\/tr>\n<tr data-start=\"2729\" data-end=\"2768\">\n<td data-start=\"2729\" data-end=\"2749\" data-col-size=\"sm\"><strong data-start=\"2731\" data-end=\"2748\">Peso de env\u00edo<\/strong><\/td>\n<td data-col-size=\"md\" data-start=\"2749\" data-end=\"2768\">8,2 kg (18 lbs)<\/td>\n<\/tr>\n<tr data-start=\"2769\" data-end=\"2810\">\n<td data-start=\"2769\" data-end=\"2794\" data-col-size=\"sm\"><strong data-start=\"2771\" data-end=\"2793\">Conexi\u00f3n el\u00e9ctrica<\/strong><\/td>\n<td data-col-size=\"md\" data-start=\"2794\" data-end=\"2810\">No requerida<\/td>\n<\/tr>\n<\/tbody>\n<\/table>\n<\/div>\n<\/div>\n<p data-start=\"2812\" data-end=\"2839\"><strong data-start=\"2812\" data-end=\"2837\">Cartucho de repuesto:<\/strong><\/p>\n<div class=\"_tableContainer_1rjym_1\">\n<div class=\"group _tableWrapper_1rjym_13 flex w-fit flex-col-reverse\" tabindex=\"-1\">\n<table class=\"w-fit min-w-(--thread-content-width)\" data-start=\"2840\" data-end=\"2992\">\n<thead data-start=\"2840\" data-end=\"2889\">\n<tr data-start=\"2840\" data-end=\"2889\">\n<th data-start=\"2840\" data-end=\"2849\" data-col-size=\"sm\">Modelo<\/th>\n<th data-start=\"2849\" data-end=\"2860\" data-col-size=\"sm\">Cantidad<\/th>\n<th data-start=\"2860\" data-end=\"2874\" data-col-size=\"sm\">Descripci\u00f3n<\/th>\n<th data-start=\"2874\" data-end=\"2889\" data-col-size=\"sm\">N\u00ba de parte<\/th>\n<\/tr>\n<\/thead>\n<tbody data-start=\"2944\" data-end=\"2992\">\n<tr data-start=\"2944\" data-end=\"2992\">\n<td data-start=\"2944\" data-end=\"2952\" data-col-size=\"sm\">EC210<\/td>\n<td data-col-size=\"sm\" data-start=\"2952\" data-end=\"2956\">6<\/td>\n<td data-col-size=\"sm\" data-start=\"2956\" data-end=\"2979\">Cartucho de repuesto<\/td>\n<td data-col-size=\"sm\" data-start=\"2979\" data-end=\"2992\">EV9534-26<\/td>\n<\/tr>\n<\/tbody>\n<\/table>\n<\/div>\n<\/div>\n","protected":false},"excerpt":{"rendered":"<p class=\"p1\">FOR USE WITH EVERPURE<span class=\"s1\">\u00ae<\/span> QUICK-CHANGE CARTRIDGES<\/p>\n","protected":false},"featured_media":26428,"comment_status":"open","ping_status":"closed","template":"","meta":[],"product_brand":[239],"product_cat":[128,252,122],"product_tag":[],"class_list":{"0":"post-26427","1":"product","2":"type-product","3":"status-publish","4":"has-post-thumbnail","6":"product_brand-everpure","7":"product_cat-filtros-para-agua","8":"product_cat-filtros-para-maquina-de-hielo","9":"product_cat-instalaciones-de-agua","11":"first","12":"instock","13":"taxable","14":"shipping-taxable","15":"purchasable","16":"product-type-simple"},"yoast_head":"<!-- This site is optimized with the Yoast SEO plugin v27.0 - https:\/\/yoast.com\/product\/yoast-seo-wordpress\/ -->\n<title>COLDRINK\u00ae\/INSURICE\u00ae MANIFOLD WITH 20&quot; PREFILTER - Nomesvending<\/title>\n<meta name=\"description\" content=\"Colector de filtraci\u00f3n Everpure Coldrink\/Insurice EV9293-21 con prefiltro de 20&quot;, dise\u00f1o modular y man\u00f3metro integrado para bebidas, hielo y caf\u00e9.\" \/>\n<meta name=\"robots\" content=\"index, follow, max-snippet:-1, max-image-preview:large, max-video-preview:-1\" \/>\n<link rel=\"canonical\" href=\"https:\/\/nomesvending.com\/web\/tienda\/instalaciones-de-agua\/filtros-para-agua\/filtros-para-maquina-de-hielo\/coldrink-insurice-manifold-with-20-prefilter\/\" \/>\n<meta property=\"og:locale\" content=\"es_ES\" \/>\n<meta property=\"og:type\" content=\"article\" \/>\n<meta property=\"og:title\" content=\"COLDRINK\u00ae\/INSURICE\u00ae MANIFOLD WITH 20&quot; PREFILTER - Nomesvending\" \/>\n<meta property=\"og:description\" content=\"Colector de filtraci\u00f3n Everpure Coldrink\/Insurice EV9293-21 con prefiltro de 20&quot;, dise\u00f1o modular y man\u00f3metro integrado para bebidas, hielo y caf\u00e9.\" \/>\n<meta property=\"og:url\" content=\"https:\/\/nomesvending.com\/web\/tienda\/instalaciones-de-agua\/filtros-para-agua\/filtros-para-maquina-de-hielo\/coldrink-insurice-manifold-with-20-prefilter\/\" \/>\n<meta property=\"og:site_name\" content=\"Nomesvending\" \/>\n<meta property=\"article:publisher\" content=\"https:\/\/www.facebook.com\/NomesVending\/\" \/>\n<meta property=\"article:modified_time\" content=\"2025-10-22T08:24:46+00:00\" \/>\n<meta property=\"og:image\" content=\"https:\/\/nomesvending.com\/web\/wp-content\/uploads\/2025\/10\/EV9293-21.jpg\" \/>\n\t<meta property=\"og:image:width\" content=\"500\" \/>\n\t<meta property=\"og:image:height\" content=\"500\" \/>\n\t<meta property=\"og:image:type\" content=\"image\/jpeg\" \/>\n<meta name=\"twitter:card\" content=\"summary_large_image\" \/>\n<meta name=\"twitter:label1\" content=\"Tiempo de lectura\" \/>\n\t<meta name=\"twitter:data1\" content=\"2 minutos\" \/>\n<script type=\"application\/ld+json\" class=\"yoast-schema-graph\">{\"@context\":\"https:\/\/schema.org\",\"@graph\":[{\"@type\":\"WebPage\",\"@id\":\"https:\/\/nomesvending.com\/web\/tienda\/instalaciones-de-agua\/filtros-para-agua\/filtros-para-maquina-de-hielo\/coldrink-insurice-manifold-with-20-prefilter\/\",\"url\":\"https:\/\/nomesvending.com\/web\/tienda\/instalaciones-de-agua\/filtros-para-agua\/filtros-para-maquina-de-hielo\/coldrink-insurice-manifold-with-20-prefilter\/\",\"name\":\"COLDRINK\u00ae\/INSURICE\u00ae MANIFOLD WITH 20\\\" PREFILTER - Nomesvending\",\"isPartOf\":{\"@id\":\"https:\/\/nomesvending.com\/web\/#website\"},\"primaryImageOfPage\":{\"@id\":\"https:\/\/nomesvending.com\/web\/tienda\/instalaciones-de-agua\/filtros-para-agua\/filtros-para-maquina-de-hielo\/coldrink-insurice-manifold-with-20-prefilter\/#primaryimage\"},\"image\":{\"@id\":\"https:\/\/nomesvending.com\/web\/tienda\/instalaciones-de-agua\/filtros-para-agua\/filtros-para-maquina-de-hielo\/coldrink-insurice-manifold-with-20-prefilter\/#primaryimage\"},\"thumbnailUrl\":\"https:\/\/nomesvending.com\/web\/wp-content\/uploads\/2025\/10\/EV9293-21.jpg\",\"datePublished\":\"2025-10-22T08:20:31+00:00\",\"dateModified\":\"2025-10-22T08:24:46+00:00\",\"description\":\"Colector de filtraci\u00f3n Everpure Coldrink\/Insurice EV9293-21 con prefiltro de 20\\\", dise\u00f1o modular y man\u00f3metro integrado para bebidas, hielo y caf\u00e9.\",\"breadcrumb\":{\"@id\":\"https:\/\/nomesvending.com\/web\/tienda\/instalaciones-de-agua\/filtros-para-agua\/filtros-para-maquina-de-hielo\/coldrink-insurice-manifold-with-20-prefilter\/#breadcrumb\"},\"inLanguage\":\"es\",\"potentialAction\":[{\"@type\":\"ReadAction\",\"target\":[\"https:\/\/nomesvending.com\/web\/tienda\/instalaciones-de-agua\/filtros-para-agua\/filtros-para-maquina-de-hielo\/coldrink-insurice-manifold-with-20-prefilter\/\"]}]},{\"@type\":\"ImageObject\",\"inLanguage\":\"es\",\"@id\":\"https:\/\/nomesvending.com\/web\/tienda\/instalaciones-de-agua\/filtros-para-agua\/filtros-para-maquina-de-hielo\/coldrink-insurice-manifold-with-20-prefilter\/#primaryimage\",\"url\":\"https:\/\/nomesvending.com\/web\/wp-content\/uploads\/2025\/10\/EV9293-21.jpg\",\"contentUrl\":\"https:\/\/nomesvending.com\/web\/wp-content\/uploads\/2025\/10\/EV9293-21.jpg\",\"width\":500,\"height\":500,\"caption\":\"MANIFOLD WITH 20\\\" PREFILTER\"},{\"@type\":\"BreadcrumbList\",\"@id\":\"https:\/\/nomesvending.com\/web\/tienda\/instalaciones-de-agua\/filtros-para-agua\/filtros-para-maquina-de-hielo\/coldrink-insurice-manifold-with-20-prefilter\/#breadcrumb\",\"itemListElement\":[{\"@type\":\"ListItem\",\"position\":1,\"name\":\"Portada\",\"item\":\"https:\/\/nomesvending.com\/web\/\"},{\"@type\":\"ListItem\",\"position\":2,\"name\":\"Tienda\",\"item\":\"https:\/\/nomesvending.com\/web\/tienda\/\"},{\"@type\":\"ListItem\",\"position\":3,\"name\":\"COLDRINK\u00ae\/INSURICE\u00ae MANIFOLD WITH 20&#8243; PREFILTER\"}]},{\"@type\":\"WebSite\",\"@id\":\"https:\/\/nomesvending.com\/web\/#website\",\"url\":\"https:\/\/nomesvending.com\/web\/\",\"name\":\"Nom\u00e9sVending\",\"description\":\"M\u00e1quinas, filtros, recambios, monederos, consumibles y todo lo que necesitas para el mundo del vending. Calidad y tecnolog\u00eda para tu negocio. \u00a1Descubre nuestras soluciones!\",\"publisher\":{\"@id\":\"https:\/\/nomesvending.com\/web\/#organization\"},\"potentialAction\":[{\"@type\":\"SearchAction\",\"target\":{\"@type\":\"EntryPoint\",\"urlTemplate\":\"https:\/\/nomesvending.com\/web\/?s={search_term_string}\"},\"query-input\":{\"@type\":\"PropertyValueSpecification\",\"valueRequired\":true,\"valueName\":\"search_term_string\"}}],\"inLanguage\":\"es\"},{\"@type\":\"Organization\",\"@id\":\"https:\/\/nomesvending.com\/web\/#organization\",\"name\":\"Nom\u00e9sVending\",\"url\":\"https:\/\/nomesvending.com\/web\/\",\"logo\":{\"@type\":\"ImageObject\",\"inLanguage\":\"es\",\"@id\":\"https:\/\/nomesvending.com\/web\/#\/schema\/logo\/image\/\",\"url\":\"https:\/\/nomesvending.com\/web\/wp-content\/uploads\/2026\/03\/Red-and-White-Modern-Vending-Machine-Services-Instagram-Post.png\",\"contentUrl\":\"https:\/\/nomesvending.com\/web\/wp-content\/uploads\/2026\/03\/Red-and-White-Modern-Vending-Machine-Services-Instagram-Post.png\",\"width\":1080,\"height\":1080,\"caption\":\"Nom\u00e9sVending\"},\"image\":{\"@id\":\"https:\/\/nomesvending.com\/web\/#\/schema\/logo\/image\/\"},\"sameAs\":[\"https:\/\/www.facebook.com\/NomesVending\/\",\"https:\/\/www.instagram.com\/nomesvending\/\"]}]}<\/script>\n<!-- \/ Yoast SEO plugin. -->","yoast_head_json":{"title":"COLDRINK\u00ae\/INSURICE\u00ae MANIFOLD WITH 20\" PREFILTER - Nomesvending","description":"Colector de filtraci\u00f3n Everpure Coldrink\/Insurice EV9293-21 con prefiltro de 20\", dise\u00f1o modular y man\u00f3metro integrado para bebidas, hielo y caf\u00e9.","robots":{"index":"index","follow":"follow","max-snippet":"max-snippet:-1","max-image-preview":"max-image-preview:large","max-video-preview":"max-video-preview:-1"},"canonical":"https:\/\/nomesvending.com\/web\/tienda\/instalaciones-de-agua\/filtros-para-agua\/filtros-para-maquina-de-hielo\/coldrink-insurice-manifold-with-20-prefilter\/","og_locale":"es_ES","og_type":"article","og_title":"COLDRINK\u00ae\/INSURICE\u00ae MANIFOLD WITH 20\" PREFILTER - Nomesvending","og_description":"Colector de filtraci\u00f3n Everpure Coldrink\/Insurice EV9293-21 con prefiltro de 20\", dise\u00f1o modular y man\u00f3metro integrado para bebidas, hielo y caf\u00e9.","og_url":"https:\/\/nomesvending.com\/web\/tienda\/instalaciones-de-agua\/filtros-para-agua\/filtros-para-maquina-de-hielo\/coldrink-insurice-manifold-with-20-prefilter\/","og_site_name":"Nomesvending","article_publisher":"https:\/\/www.facebook.com\/NomesVending\/","article_modified_time":"2025-10-22T08:24:46+00:00","og_image":[{"width":500,"height":500,"url":"https:\/\/nomesvending.com\/web\/wp-content\/uploads\/2025\/10\/EV9293-21.jpg","type":"image\/jpeg"}],"twitter_card":"summary_large_image","twitter_misc":{"Tiempo de lectura":"2 minutos"},"schema":{"@context":"https:\/\/schema.org","@graph":[{"@type":"WebPage","@id":"https:\/\/nomesvending.com\/web\/tienda\/instalaciones-de-agua\/filtros-para-agua\/filtros-para-maquina-de-hielo\/coldrink-insurice-manifold-with-20-prefilter\/","url":"https:\/\/nomesvending.com\/web\/tienda\/instalaciones-de-agua\/filtros-para-agua\/filtros-para-maquina-de-hielo\/coldrink-insurice-manifold-with-20-prefilter\/","name":"COLDRINK\u00ae\/INSURICE\u00ae MANIFOLD WITH 20\" PREFILTER - Nomesvending","isPartOf":{"@id":"https:\/\/nomesvending.com\/web\/#website"},"primaryImageOfPage":{"@id":"https:\/\/nomesvending.com\/web\/tienda\/instalaciones-de-agua\/filtros-para-agua\/filtros-para-maquina-de-hielo\/coldrink-insurice-manifold-with-20-prefilter\/#primaryimage"},"image":{"@id":"https:\/\/nomesvending.com\/web\/tienda\/instalaciones-de-agua\/filtros-para-agua\/filtros-para-maquina-de-hielo\/coldrink-insurice-manifold-with-20-prefilter\/#primaryimage"},"thumbnailUrl":"https:\/\/nomesvending.com\/web\/wp-content\/uploads\/2025\/10\/EV9293-21.jpg","datePublished":"2025-10-22T08:20:31+00:00","dateModified":"2025-10-22T08:24:46+00:00","description":"Colector de filtraci\u00f3n Everpure Coldrink\/Insurice EV9293-21 con prefiltro de 20\", dise\u00f1o modular y man\u00f3metro integrado para bebidas, hielo y caf\u00e9.","breadcrumb":{"@id":"https:\/\/nomesvending.com\/web\/tienda\/instalaciones-de-agua\/filtros-para-agua\/filtros-para-maquina-de-hielo\/coldrink-insurice-manifold-with-20-prefilter\/#breadcrumb"},"inLanguage":"es","potentialAction":[{"@type":"ReadAction","target":["https:\/\/nomesvending.com\/web\/tienda\/instalaciones-de-agua\/filtros-para-agua\/filtros-para-maquina-de-hielo\/coldrink-insurice-manifold-with-20-prefilter\/"]}]},{"@type":"ImageObject","inLanguage":"es","@id":"https:\/\/nomesvending.com\/web\/tienda\/instalaciones-de-agua\/filtros-para-agua\/filtros-para-maquina-de-hielo\/coldrink-insurice-manifold-with-20-prefilter\/#primaryimage","url":"https:\/\/nomesvending.com\/web\/wp-content\/uploads\/2025\/10\/EV9293-21.jpg","contentUrl":"https:\/\/nomesvending.com\/web\/wp-content\/uploads\/2025\/10\/EV9293-21.jpg","width":500,"height":500,"caption":"MANIFOLD WITH 20\" PREFILTER"},{"@type":"BreadcrumbList","@id":"https:\/\/nomesvending.com\/web\/tienda\/instalaciones-de-agua\/filtros-para-agua\/filtros-para-maquina-de-hielo\/coldrink-insurice-manifold-with-20-prefilter\/#breadcrumb","itemListElement":[{"@type":"ListItem","position":1,"name":"Portada","item":"https:\/\/nomesvending.com\/web\/"},{"@type":"ListItem","position":2,"name":"Tienda","item":"https:\/\/nomesvending.com\/web\/tienda\/"},{"@type":"ListItem","position":3,"name":"COLDRINK\u00ae\/INSURICE\u00ae MANIFOLD WITH 20&#8243; PREFILTER"}]},{"@type":"WebSite","@id":"https:\/\/nomesvending.com\/web\/#website","url":"https:\/\/nomesvending.com\/web\/","name":"Nom\u00e9sVending","description":"M\u00e1quinas, filtros, recambios, monederos, consumibles y todo lo que necesitas para el mundo del vending. Calidad y tecnolog\u00eda para tu negocio. \u00a1Descubre nuestras soluciones!","publisher":{"@id":"https:\/\/nomesvending.com\/web\/#organization"},"potentialAction":[{"@type":"SearchAction","target":{"@type":"EntryPoint","urlTemplate":"https:\/\/nomesvending.com\/web\/?s={search_term_string}"},"query-input":{"@type":"PropertyValueSpecification","valueRequired":true,"valueName":"search_term_string"}}],"inLanguage":"es"},{"@type":"Organization","@id":"https:\/\/nomesvending.com\/web\/#organization","name":"Nom\u00e9sVending","url":"https:\/\/nomesvending.com\/web\/","logo":{"@type":"ImageObject","inLanguage":"es","@id":"https:\/\/nomesvending.com\/web\/#\/schema\/logo\/image\/","url":"https:\/\/nomesvending.com\/web\/wp-content\/uploads\/2026\/03\/Red-and-White-Modern-Vending-Machine-Services-Instagram-Post.png","contentUrl":"https:\/\/nomesvending.com\/web\/wp-content\/uploads\/2026\/03\/Red-and-White-Modern-Vending-Machine-Services-Instagram-Post.png","width":1080,"height":1080,"caption":"Nom\u00e9sVending"},"image":{"@id":"https:\/\/nomesvending.com\/web\/#\/schema\/logo\/image\/"},"sameAs":["https:\/\/www.facebook.com\/NomesVending\/","https:\/\/www.instagram.com\/nomesvending\/"]}]}},"_links":{"self":[{"href":"https:\/\/nomesvending.com\/web\/wp-json\/wp\/v2\/product\/26427","targetHints":{"allow":["GET"]}}],"collection":[{"href":"https:\/\/nomesvending.com\/web\/wp-json\/wp\/v2\/product"}],"about":[{"href":"https:\/\/nomesvending.com\/web\/wp-json\/wp\/v2\/types\/product"}],"replies":[{"embeddable":true,"href":"https:\/\/nomesvending.com\/web\/wp-json\/wp\/v2\/comments?post=26427"}],"wp:featuredmedia":[{"embeddable":true,"href":"https:\/\/nomesvending.com\/web\/wp-json\/wp\/v2\/media\/26428"}],"wp:attachment":[{"href":"https:\/\/nomesvending.com\/web\/wp-json\/wp\/v2\/media?parent=26427"}],"wp:term":[{"taxonomy":"product_brand","embeddable":true,"href":"https:\/\/nomesvending.com\/web\/wp-json\/wp\/v2\/product_brand?post=26427"},{"taxonomy":"product_cat","embeddable":true,"href":"https:\/\/nomesvending.com\/web\/wp-json\/wp\/v2\/product_cat?post=26427"},{"taxonomy":"product_tag","embeddable":true,"href":"https:\/\/nomesvending.com\/web\/wp-json\/wp\/v2\/product_tag?post=26427"}],"curies":[{"name":"wp","href":"https:\/\/api.w.org\/{rel}","templated":true}]}}