{"id":26429,"date":"2025-10-22T08:23:12","date_gmt":"2025-10-22T08:23:12","guid":{"rendered":"https:\/\/nomesvending.com\/web\/?post_type=product&#038;p=26429"},"modified":"2025-10-22T08:24:22","modified_gmt":"2025-10-22T08:24:22","slug":"coldrink-insurice-twin-manifold-with-20-prefilter","status":"publish","type":"product","link":"https:\/\/nomesvending.com\/web\/tienda\/instalaciones-de-agua\/filtros-para-agua\/filtros-para-maquina-de-hielo\/coldrink-insurice-twin-manifold-with-20-prefilter\/","title":{"rendered":"COLDRINK\u00ae\/INSURICE\u00ae TWIN MANIFOLD WITH 20&#8243; PREFILTER"},"content":{"rendered":"<h3 data-start=\"220\" data-end=\"305\"><strong data-start=\"224\" data-end=\"305\">Everpure Coldrink\u00ae \/ Insurice\u00ae Twin Manifold con Prefiltro de 20&#8243; | EV9293-22<\/strong><\/h3>\n<p data-start=\"307\" data-end=\"702\">El <strong data-start=\"310\" data-end=\"366\">Everpure Coldrink\u00ae\/Insurice\u00ae Twin Manifold EV9293-22<\/strong> es un sistema de filtraci\u00f3n de grado comercial dise\u00f1ado para ofrecer un suministro de agua limpia y segura en aplicaciones de bebidas, hielo y caf\u00e9. Su dise\u00f1o doble con prefiltro integrado proporciona <strong data-start=\"568\" data-end=\"625\">mayor capacidad de filtrado, durabilidad y eficiencia<\/strong>, garantizando la mejor protecci\u00f3n para los equipos de servicio de alimentos.<\/p>\n<hr data-start=\"704\" data-end=\"707\" \/>\n<h4 data-start=\"709\" data-end=\"730\"><strong data-start=\"714\" data-end=\"730\">Aplicaciones<\/strong><\/h4>\n<ul data-start=\"731\" data-end=\"826\">\n<li data-start=\"731\" data-end=\"768\">\n<p data-start=\"733\" data-end=\"768\">Dispensadores de bebidas (fuente)<\/p>\n<\/li>\n<li data-start=\"769\" data-end=\"790\">\n<p data-start=\"771\" data-end=\"790\">M\u00e1quinas de hielo<\/p>\n<\/li>\n<li data-start=\"791\" data-end=\"826\">\n<p data-start=\"793\" data-end=\"826\">Cafeteras y teteras comerciales<\/p>\n<\/li>\n<\/ul>\n<hr data-start=\"828\" data-end=\"831\" \/>\n<h4 data-start=\"833\" data-end=\"868\"><strong data-start=\"838\" data-end=\"868\">Caracter\u00edsticas y ventajas<\/strong><\/h4>\n<ul data-start=\"869\" data-end=\"1752\">\n<li data-start=\"869\" data-end=\"955\">\n<p data-start=\"871\" data-end=\"955\"><strong data-start=\"871\" data-end=\"917\">Cabezal de filtraci\u00f3n de calidad comercial<\/strong>, compatible con cartuchos Everpure.<\/p>\n<\/li>\n<li data-start=\"956\" data-end=\"1090\">\n<p data-start=\"958\" data-end=\"1090\">Incluye <strong data-start=\"966\" data-end=\"1009\">soporte de montaje con caja y tornillos<\/strong>, listo para una instalaci\u00f3n r\u00e1pida y segura, sin necesidad de placa adicional.<\/p>\n<\/li>\n<li data-start=\"1091\" data-end=\"1186\">\n<p data-start=\"1093\" data-end=\"1186\"><strong data-start=\"1093\" data-end=\"1111\">Dise\u00f1o modular<\/strong> que permite incorporar componentes adicionales sin desmontar el sistema.<\/p>\n<\/li>\n<li data-start=\"1187\" data-end=\"1288\">\n<p data-start=\"1189\" data-end=\"1288\"><strong data-start=\"1189\" data-end=\"1223\">V\u00e1lvulas integradas opcionales<\/strong> de cierre y enjuague, que facilitan el reemplazo de cartuchos.<\/p>\n<\/li>\n<li data-start=\"1289\" data-end=\"1397\">\n<p data-start=\"1291\" data-end=\"1397\"><strong data-start=\"1291\" data-end=\"1321\">Ajuste seguro de cartuchos<\/strong> mediante sistema de anclaje interno, para un encaje estable y resistente.<\/p>\n<\/li>\n<li data-start=\"1398\" data-end=\"1483\">\n<p data-start=\"1400\" data-end=\"1483\"><strong data-start=\"1400\" data-end=\"1425\">Man\u00f3metro incorporado<\/strong> para controlar la presi\u00f3n y asegurar un flujo adecuado.<\/p>\n<\/li>\n<li data-start=\"1484\" data-end=\"1572\">\n<p data-start=\"1486\" data-end=\"1572\"><strong data-start=\"1486\" data-end=\"1509\">Fabricaci\u00f3n robusta<\/strong>, dise\u00f1ada para ofrecer m\u00e1xima durabilidad y larga vida \u00fatil.<\/p>\n<\/li>\n<li data-start=\"1573\" data-end=\"1623\">\n<p data-start=\"1575\" data-end=\"1623\">Incluye <strong data-start=\"1583\" data-end=\"1620\">cartucho prefiltro Everpure EC210<\/strong>.<\/p>\n<\/li>\n<li data-start=\"1624\" data-end=\"1752\">\n<p data-start=\"1626\" data-end=\"1752\">Todas las partes en contacto con el agua cumplen con las <strong data-start=\"1683\" data-end=\"1713\">pruebas de extracci\u00f3n NSF\u00ae<\/strong> como parte de sistemas certificados.<\/p>\n<\/li>\n<\/ul>\n<hr data-start=\"1754\" data-end=\"1757\" \/>\n<h4 data-start=\"1759\" data-end=\"1791\"><strong data-start=\"1764\" data-end=\"1791\">Consejos de instalaci\u00f3n<\/strong><\/h4>\n<ul data-start=\"1792\" data-end=\"2407\">\n<li data-start=\"1792\" data-end=\"1890\">\n<p data-start=\"1794\" data-end=\"1890\">Seleccione una ubicaci\u00f3n capaz de <strong data-start=\"1828\" data-end=\"1866\">soportar el peso total del sistema<\/strong> durante la operaci\u00f3n.<\/p>\n<\/li>\n<li data-start=\"1891\" data-end=\"2043\">\n<p data-start=\"1893\" data-end=\"2043\">Instale el sistema <strong data-start=\"1912\" data-end=\"1936\">en posici\u00f3n vertical<\/strong> y deje al menos <strong data-start=\"1953\" data-end=\"1988\">6,35 cm (2 \u00bd\u00bb) de espacio libre<\/strong> debajo de los cartuchos para facilitar su reemplazo.<\/p>\n<\/li>\n<li data-start=\"2044\" data-end=\"2128\">\n<p data-start=\"2046\" data-end=\"2128\"><strong data-start=\"2046\" data-end=\"2069\">Enjuague el sistema<\/strong> dejando correr agua durante <strong data-start=\"2098\" data-end=\"2111\">5 minutos<\/strong> antes del uso.<\/p>\n<\/li>\n<li data-start=\"2129\" data-end=\"2221\">\n<p data-start=\"2131\" data-end=\"2221\">Consulte la <strong data-start=\"2143\" data-end=\"2193\">gu\u00eda de instalaci\u00f3n, operaci\u00f3n y mantenimiento<\/strong> incluida con el producto.<\/p>\n<\/li>\n<li data-start=\"2222\" data-end=\"2297\">\n<p data-start=\"2224\" data-end=\"2297\">No instalar en \u00e1reas donde pueda haber <strong data-start=\"2263\" data-end=\"2294\">temperaturas de congelaci\u00f3n<\/strong>.<\/p>\n<\/li>\n<li data-start=\"2298\" data-end=\"2407\">\n<p data-start=\"2300\" data-end=\"2407\"><strong data-start=\"2300\" data-end=\"2342\">Reemplace los cartuchos una vez al a\u00f1o<\/strong> o cuando se alcance la capacidad m\u00e1xima o el flujo se reduzca.<\/p>\n<\/li>\n<\/ul>\n<hr data-start=\"2409\" data-end=\"2412\" \/>\n<h4 data-start=\"2414\" data-end=\"2448\"><strong data-start=\"2419\" data-end=\"2448\">Especificaciones t\u00e9cnicas<\/strong><\/h4>\n<div class=\"_tableContainer_1rjym_1\">\n<div class=\"group _tableWrapper_1rjym_13 flex w-fit flex-col-reverse\" tabindex=\"-1\">\n<table class=\"w-fit min-w-(--thread-content-width)\" data-start=\"2449\" data-end=\"2909\">\n<thead data-start=\"2449\" data-end=\"2470\">\n<tr data-start=\"2449\" data-end=\"2470\">\n<th data-start=\"2449\" data-end=\"2461\" data-col-size=\"sm\">Par\u00e1metro<\/th>\n<th data-start=\"2461\" data-end=\"2470\" data-col-size=\"md\">Valor<\/th>\n<\/tr>\n<\/thead>\n<tbody data-start=\"2495\" data-end=\"2909\">\n<tr data-start=\"2495\" data-end=\"2521\">\n<td data-start=\"2495\" data-end=\"2508\" data-col-size=\"sm\"><strong data-start=\"2497\" data-end=\"2507\">Modelo<\/strong><\/td>\n<td data-start=\"2508\" data-end=\"2521\" data-col-size=\"md\">EV9293-22<\/td>\n<\/tr>\n<tr data-start=\"2522\" data-end=\"2622\">\n<td data-start=\"2522\" data-end=\"2548\" data-col-size=\"sm\"><strong data-start=\"2524\" data-end=\"2547\">Dimensiones totales<\/strong><\/td>\n<td data-start=\"2548\" data-end=\"2622\" data-col-size=\"md\">54,8 \u00d7 64,8 \u00d7 15,6 cm (21,59&#8243; ancho \u00d7 25,52&#8243; alto \u00d7 6,13&#8243; profundidad)<\/td>\n<\/tr>\n<tr data-start=\"2623\" data-end=\"2657\">\n<td data-start=\"2623\" data-end=\"2649\" data-col-size=\"sm\"><strong data-start=\"2625\" data-end=\"2648\">Conexi\u00f3n de entrada<\/strong><\/td>\n<td data-start=\"2649\" data-end=\"2657\" data-col-size=\"md\">3\/4&#8243;<\/td>\n<\/tr>\n<tr data-start=\"2658\" data-end=\"2691\">\n<td data-start=\"2658\" data-end=\"2683\" data-col-size=\"sm\"><strong data-start=\"2660\" data-end=\"2682\">Conexi\u00f3n de salida<\/strong><\/td>\n<td data-start=\"2683\" data-end=\"2691\" data-col-size=\"md\">3\/4&#8243;<\/td>\n<\/tr>\n<tr data-start=\"2692\" data-end=\"2772\">\n<td data-start=\"2692\" data-end=\"2717\" data-col-size=\"sm\"><strong data-start=\"2694\" data-end=\"2716\">Presi\u00f3n de trabajo<\/strong><\/td>\n<td data-start=\"2717\" data-end=\"2772\" data-col-size=\"md\">0,7 \u2013 8,6 bar (10 \u2013 125 psi), sin golpes de presi\u00f3n<\/td>\n<\/tr>\n<tr data-start=\"2773\" data-end=\"2827\">\n<td data-start=\"2773\" data-end=\"2800\" data-col-size=\"sm\"><strong data-start=\"2775\" data-end=\"2799\">Temperatura del agua<\/strong><\/td>\n<td data-start=\"2800\" data-end=\"2827\" data-col-size=\"md\">2 \u2013 38 \u00b0C (35 \u2013 100 \u00b0F)<\/td>\n<\/tr>\n<tr data-start=\"2828\" data-end=\"2867\">\n<td data-start=\"2828\" data-end=\"2848\" data-col-size=\"sm\"><strong data-start=\"2830\" data-end=\"2847\">Peso de env\u00edo<\/strong><\/td>\n<td data-start=\"2848\" data-end=\"2867\" data-col-size=\"md\">5,9 kg (13 lbs)<\/td>\n<\/tr>\n<tr data-start=\"2868\" data-end=\"2909\">\n<td data-start=\"2868\" data-end=\"2893\" data-col-size=\"sm\"><strong data-start=\"2870\" data-end=\"2892\">Conexi\u00f3n el\u00e9ctrica<\/strong><\/td>\n<td data-start=\"2893\" data-end=\"2909\" data-col-size=\"md\">No requerida<\/td>\n<\/tr>\n<\/tbody>\n<\/table>\n<\/div>\n<\/div>\n<p data-start=\"2911\" data-end=\"2938\"><strong data-start=\"2911\" data-end=\"2936\">Cartucho de repuesto:<\/strong><\/p>\n<div class=\"_tableContainer_1rjym_1\">\n<div class=\"group _tableWrapper_1rjym_13 flex w-fit flex-col-reverse\" tabindex=\"-1\">\n<table class=\"w-fit min-w-(--thread-content-width)\" data-start=\"2939\" data-end=\"3091\">\n<thead data-start=\"2939\" data-end=\"2988\">\n<tr data-start=\"2939\" data-end=\"2988\">\n<th data-start=\"2939\" data-end=\"2948\" data-col-size=\"sm\">Modelo<\/th>\n<th data-start=\"2948\" data-end=\"2959\" data-col-size=\"sm\">Cantidad<\/th>\n<th data-start=\"2959\" data-end=\"2973\" data-col-size=\"sm\">Descripci\u00f3n<\/th>\n<th data-start=\"2973\" data-end=\"2988\" data-col-size=\"sm\">N\u00ba de parte<\/th>\n<\/tr>\n<\/thead>\n<tbody data-start=\"3043\" data-end=\"3091\">\n<tr data-start=\"3043\" data-end=\"3091\">\n<td data-start=\"3043\" data-end=\"3051\" data-col-size=\"sm\">EC210<\/td>\n<td data-start=\"3051\" data-end=\"3055\" data-col-size=\"sm\">6<\/td>\n<td data-start=\"3055\" data-end=\"3078\" data-col-size=\"sm\">Cartucho de repuesto<\/td>\n<td data-start=\"3078\" data-end=\"3091\" data-col-size=\"sm\">EV9534-26<\/td>\n<\/tr>\n<\/tbody>\n<\/table>\n<\/div>\n<\/div>\n","protected":false},"excerpt":{"rendered":"<p class=\"p1\">FOR USE WITH EVERPURE<span class=\"s1\">\u00ae<\/span> QUICK-CHANGE CARTRIDGES<\/p>\n","protected":false},"featured_media":26428,"comment_status":"open","ping_status":"closed","template":"","meta":[],"product_brand":[239],"product_cat":[128,252,122],"product_tag":[],"class_list":{"0":"post-26429","1":"product","2":"type-product","3":"status-publish","4":"has-post-thumbnail","6":"product_brand-everpure","7":"product_cat-filtros-para-agua","8":"product_cat-filtros-para-maquina-de-hielo","9":"product_cat-instalaciones-de-agua","11":"first","12":"instock","13":"taxable","14":"shipping-taxable","15":"purchasable","16":"product-type-simple"},"yoast_head":"<!-- This site is optimized with the Yoast SEO plugin v27.0 - https:\/\/yoast.com\/product\/yoast-seo-wordpress\/ -->\n<title>COLDRINK\u00ae\/INSURICE\u00ae TWIN MANIFOLD WITH 20&quot; PREFILTER - Nomesvending<\/title>\n<meta name=\"description\" content=\"Sistema Everpure Coldrink\/Insurice Twin Manifold EV9293-22 con prefiltro de 20&quot;, doble cabezal, man\u00f3metro integrado y dise\u00f1o modular para bebidas, hielo....\" \/>\n<meta name=\"robots\" content=\"index, follow, max-snippet:-1, max-image-preview:large, max-video-preview:-1\" \/>\n<link rel=\"canonical\" href=\"https:\/\/nomesvending.com\/web\/tienda\/instalaciones-de-agua\/filtros-para-agua\/filtros-para-maquina-de-hielo\/coldrink-insurice-twin-manifold-with-20-prefilter\/\" \/>\n<meta property=\"og:locale\" content=\"es_ES\" \/>\n<meta property=\"og:type\" content=\"article\" \/>\n<meta property=\"og:title\" content=\"COLDRINK\u00ae\/INSURICE\u00ae TWIN MANIFOLD WITH 20&quot; PREFILTER - Nomesvending\" \/>\n<meta property=\"og:description\" content=\"Sistema Everpure Coldrink\/Insurice Twin Manifold EV9293-22 con prefiltro de 20&quot;, doble cabezal, man\u00f3metro integrado y dise\u00f1o modular para bebidas, hielo....\" \/>\n<meta property=\"og:url\" content=\"https:\/\/nomesvending.com\/web\/tienda\/instalaciones-de-agua\/filtros-para-agua\/filtros-para-maquina-de-hielo\/coldrink-insurice-twin-manifold-with-20-prefilter\/\" \/>\n<meta property=\"og:site_name\" content=\"Nomesvending\" \/>\n<meta property=\"article:publisher\" content=\"https:\/\/www.facebook.com\/NomesVending\/\" \/>\n<meta property=\"article:modified_time\" content=\"2025-10-22T08:24:22+00:00\" \/>\n<meta property=\"og:image\" content=\"https:\/\/nomesvending.com\/web\/wp-content\/uploads\/2025\/10\/EV9293-21.jpg\" \/>\n\t<meta property=\"og:image:width\" content=\"500\" \/>\n\t<meta property=\"og:image:height\" content=\"500\" \/>\n\t<meta property=\"og:image:type\" content=\"image\/jpeg\" \/>\n<meta name=\"twitter:card\" content=\"summary_large_image\" \/>\n<meta name=\"twitter:label1\" content=\"Tiempo de lectura\" \/>\n\t<meta name=\"twitter:data1\" content=\"2 minutos\" \/>\n<script type=\"application\/ld+json\" class=\"yoast-schema-graph\">{\"@context\":\"https:\/\/schema.org\",\"@graph\":[{\"@type\":\"WebPage\",\"@id\":\"https:\/\/nomesvending.com\/web\/tienda\/instalaciones-de-agua\/filtros-para-agua\/filtros-para-maquina-de-hielo\/coldrink-insurice-twin-manifold-with-20-prefilter\/\",\"url\":\"https:\/\/nomesvending.com\/web\/tienda\/instalaciones-de-agua\/filtros-para-agua\/filtros-para-maquina-de-hielo\/coldrink-insurice-twin-manifold-with-20-prefilter\/\",\"name\":\"COLDRINK\u00ae\/INSURICE\u00ae TWIN MANIFOLD WITH 20\\\" PREFILTER - Nomesvending\",\"isPartOf\":{\"@id\":\"https:\/\/nomesvending.com\/web\/#website\"},\"primaryImageOfPage\":{\"@id\":\"https:\/\/nomesvending.com\/web\/tienda\/instalaciones-de-agua\/filtros-para-agua\/filtros-para-maquina-de-hielo\/coldrink-insurice-twin-manifold-with-20-prefilter\/#primaryimage\"},\"image\":{\"@id\":\"https:\/\/nomesvending.com\/web\/tienda\/instalaciones-de-agua\/filtros-para-agua\/filtros-para-maquina-de-hielo\/coldrink-insurice-twin-manifold-with-20-prefilter\/#primaryimage\"},\"thumbnailUrl\":\"https:\/\/nomesvending.com\/web\/wp-content\/uploads\/2025\/10\/EV9293-21.jpg\",\"datePublished\":\"2025-10-22T08:23:12+00:00\",\"dateModified\":\"2025-10-22T08:24:22+00:00\",\"description\":\"Sistema Everpure Coldrink\/Insurice Twin Manifold EV9293-22 con prefiltro de 20\\\", doble cabezal, man\u00f3metro integrado y dise\u00f1o modular para bebidas, hielo....\",\"breadcrumb\":{\"@id\":\"https:\/\/nomesvending.com\/web\/tienda\/instalaciones-de-agua\/filtros-para-agua\/filtros-para-maquina-de-hielo\/coldrink-insurice-twin-manifold-with-20-prefilter\/#breadcrumb\"},\"inLanguage\":\"es\",\"potentialAction\":[{\"@type\":\"ReadAction\",\"target\":[\"https:\/\/nomesvending.com\/web\/tienda\/instalaciones-de-agua\/filtros-para-agua\/filtros-para-maquina-de-hielo\/coldrink-insurice-twin-manifold-with-20-prefilter\/\"]}]},{\"@type\":\"ImageObject\",\"inLanguage\":\"es\",\"@id\":\"https:\/\/nomesvending.com\/web\/tienda\/instalaciones-de-agua\/filtros-para-agua\/filtros-para-maquina-de-hielo\/coldrink-insurice-twin-manifold-with-20-prefilter\/#primaryimage\",\"url\":\"https:\/\/nomesvending.com\/web\/wp-content\/uploads\/2025\/10\/EV9293-21.jpg\",\"contentUrl\":\"https:\/\/nomesvending.com\/web\/wp-content\/uploads\/2025\/10\/EV9293-21.jpg\",\"width\":500,\"height\":500,\"caption\":\"MANIFOLD WITH 20\\\" PREFILTER\"},{\"@type\":\"BreadcrumbList\",\"@id\":\"https:\/\/nomesvending.com\/web\/tienda\/instalaciones-de-agua\/filtros-para-agua\/filtros-para-maquina-de-hielo\/coldrink-insurice-twin-manifold-with-20-prefilter\/#breadcrumb\",\"itemListElement\":[{\"@type\":\"ListItem\",\"position\":1,\"name\":\"Portada\",\"item\":\"https:\/\/nomesvending.com\/web\/\"},{\"@type\":\"ListItem\",\"position\":2,\"name\":\"Tienda\",\"item\":\"https:\/\/nomesvending.com\/web\/tienda\/\"},{\"@type\":\"ListItem\",\"position\":3,\"name\":\"COLDRINK\u00ae\/INSURICE\u00ae TWIN MANIFOLD WITH 20&#8243; PREFILTER\"}]},{\"@type\":\"WebSite\",\"@id\":\"https:\/\/nomesvending.com\/web\/#website\",\"url\":\"https:\/\/nomesvending.com\/web\/\",\"name\":\"Nom\u00e9sVending\",\"description\":\"M\u00e1quinas, filtros, recambios, monederos, consumibles y todo lo que necesitas para el mundo del vending. Calidad y tecnolog\u00eda para tu negocio. \u00a1Descubre nuestras soluciones!\",\"publisher\":{\"@id\":\"https:\/\/nomesvending.com\/web\/#organization\"},\"potentialAction\":[{\"@type\":\"SearchAction\",\"target\":{\"@type\":\"EntryPoint\",\"urlTemplate\":\"https:\/\/nomesvending.com\/web\/?s={search_term_string}\"},\"query-input\":{\"@type\":\"PropertyValueSpecification\",\"valueRequired\":true,\"valueName\":\"search_term_string\"}}],\"inLanguage\":\"es\"},{\"@type\":\"Organization\",\"@id\":\"https:\/\/nomesvending.com\/web\/#organization\",\"name\":\"Nom\u00e9sVending\",\"url\":\"https:\/\/nomesvending.com\/web\/\",\"logo\":{\"@type\":\"ImageObject\",\"inLanguage\":\"es\",\"@id\":\"https:\/\/nomesvending.com\/web\/#\/schema\/logo\/image\/\",\"url\":\"https:\/\/nomesvending.com\/web\/wp-content\/uploads\/2026\/03\/Red-and-White-Modern-Vending-Machine-Services-Instagram-Post.png\",\"contentUrl\":\"https:\/\/nomesvending.com\/web\/wp-content\/uploads\/2026\/03\/Red-and-White-Modern-Vending-Machine-Services-Instagram-Post.png\",\"width\":1080,\"height\":1080,\"caption\":\"Nom\u00e9sVending\"},\"image\":{\"@id\":\"https:\/\/nomesvending.com\/web\/#\/schema\/logo\/image\/\"},\"sameAs\":[\"https:\/\/www.facebook.com\/NomesVending\/\",\"https:\/\/www.instagram.com\/nomesvending\/\"]}]}<\/script>\n<!-- \/ Yoast SEO plugin. -->","yoast_head_json":{"title":"COLDRINK\u00ae\/INSURICE\u00ae TWIN MANIFOLD WITH 20\" PREFILTER - Nomesvending","description":"Sistema Everpure Coldrink\/Insurice Twin Manifold EV9293-22 con prefiltro de 20\", doble cabezal, man\u00f3metro integrado y dise\u00f1o modular para bebidas, hielo....","robots":{"index":"index","follow":"follow","max-snippet":"max-snippet:-1","max-image-preview":"max-image-preview:large","max-video-preview":"max-video-preview:-1"},"canonical":"https:\/\/nomesvending.com\/web\/tienda\/instalaciones-de-agua\/filtros-para-agua\/filtros-para-maquina-de-hielo\/coldrink-insurice-twin-manifold-with-20-prefilter\/","og_locale":"es_ES","og_type":"article","og_title":"COLDRINK\u00ae\/INSURICE\u00ae TWIN MANIFOLD WITH 20\" PREFILTER - Nomesvending","og_description":"Sistema Everpure Coldrink\/Insurice Twin Manifold EV9293-22 con prefiltro de 20\", doble cabezal, man\u00f3metro integrado y dise\u00f1o modular para bebidas, hielo....","og_url":"https:\/\/nomesvending.com\/web\/tienda\/instalaciones-de-agua\/filtros-para-agua\/filtros-para-maquina-de-hielo\/coldrink-insurice-twin-manifold-with-20-prefilter\/","og_site_name":"Nomesvending","article_publisher":"https:\/\/www.facebook.com\/NomesVending\/","article_modified_time":"2025-10-22T08:24:22+00:00","og_image":[{"width":500,"height":500,"url":"https:\/\/nomesvending.com\/web\/wp-content\/uploads\/2025\/10\/EV9293-21.jpg","type":"image\/jpeg"}],"twitter_card":"summary_large_image","twitter_misc":{"Tiempo de lectura":"2 minutos"},"schema":{"@context":"https:\/\/schema.org","@graph":[{"@type":"WebPage","@id":"https:\/\/nomesvending.com\/web\/tienda\/instalaciones-de-agua\/filtros-para-agua\/filtros-para-maquina-de-hielo\/coldrink-insurice-twin-manifold-with-20-prefilter\/","url":"https:\/\/nomesvending.com\/web\/tienda\/instalaciones-de-agua\/filtros-para-agua\/filtros-para-maquina-de-hielo\/coldrink-insurice-twin-manifold-with-20-prefilter\/","name":"COLDRINK\u00ae\/INSURICE\u00ae TWIN MANIFOLD WITH 20\" PREFILTER - Nomesvending","isPartOf":{"@id":"https:\/\/nomesvending.com\/web\/#website"},"primaryImageOfPage":{"@id":"https:\/\/nomesvending.com\/web\/tienda\/instalaciones-de-agua\/filtros-para-agua\/filtros-para-maquina-de-hielo\/coldrink-insurice-twin-manifold-with-20-prefilter\/#primaryimage"},"image":{"@id":"https:\/\/nomesvending.com\/web\/tienda\/instalaciones-de-agua\/filtros-para-agua\/filtros-para-maquina-de-hielo\/coldrink-insurice-twin-manifold-with-20-prefilter\/#primaryimage"},"thumbnailUrl":"https:\/\/nomesvending.com\/web\/wp-content\/uploads\/2025\/10\/EV9293-21.jpg","datePublished":"2025-10-22T08:23:12+00:00","dateModified":"2025-10-22T08:24:22+00:00","description":"Sistema Everpure Coldrink\/Insurice Twin Manifold EV9293-22 con prefiltro de 20\", doble cabezal, man\u00f3metro integrado y dise\u00f1o modular para bebidas, hielo....","breadcrumb":{"@id":"https:\/\/nomesvending.com\/web\/tienda\/instalaciones-de-agua\/filtros-para-agua\/filtros-para-maquina-de-hielo\/coldrink-insurice-twin-manifold-with-20-prefilter\/#breadcrumb"},"inLanguage":"es","potentialAction":[{"@type":"ReadAction","target":["https:\/\/nomesvending.com\/web\/tienda\/instalaciones-de-agua\/filtros-para-agua\/filtros-para-maquina-de-hielo\/coldrink-insurice-twin-manifold-with-20-prefilter\/"]}]},{"@type":"ImageObject","inLanguage":"es","@id":"https:\/\/nomesvending.com\/web\/tienda\/instalaciones-de-agua\/filtros-para-agua\/filtros-para-maquina-de-hielo\/coldrink-insurice-twin-manifold-with-20-prefilter\/#primaryimage","url":"https:\/\/nomesvending.com\/web\/wp-content\/uploads\/2025\/10\/EV9293-21.jpg","contentUrl":"https:\/\/nomesvending.com\/web\/wp-content\/uploads\/2025\/10\/EV9293-21.jpg","width":500,"height":500,"caption":"MANIFOLD WITH 20\" PREFILTER"},{"@type":"BreadcrumbList","@id":"https:\/\/nomesvending.com\/web\/tienda\/instalaciones-de-agua\/filtros-para-agua\/filtros-para-maquina-de-hielo\/coldrink-insurice-twin-manifold-with-20-prefilter\/#breadcrumb","itemListElement":[{"@type":"ListItem","position":1,"name":"Portada","item":"https:\/\/nomesvending.com\/web\/"},{"@type":"ListItem","position":2,"name":"Tienda","item":"https:\/\/nomesvending.com\/web\/tienda\/"},{"@type":"ListItem","position":3,"name":"COLDRINK\u00ae\/INSURICE\u00ae TWIN MANIFOLD WITH 20&#8243; PREFILTER"}]},{"@type":"WebSite","@id":"https:\/\/nomesvending.com\/web\/#website","url":"https:\/\/nomesvending.com\/web\/","name":"Nom\u00e9sVending","description":"M\u00e1quinas, filtros, recambios, monederos, consumibles y todo lo que necesitas para el mundo del vending. Calidad y tecnolog\u00eda para tu negocio. \u00a1Descubre nuestras soluciones!","publisher":{"@id":"https:\/\/nomesvending.com\/web\/#organization"},"potentialAction":[{"@type":"SearchAction","target":{"@type":"EntryPoint","urlTemplate":"https:\/\/nomesvending.com\/web\/?s={search_term_string}"},"query-input":{"@type":"PropertyValueSpecification","valueRequired":true,"valueName":"search_term_string"}}],"inLanguage":"es"},{"@type":"Organization","@id":"https:\/\/nomesvending.com\/web\/#organization","name":"Nom\u00e9sVending","url":"https:\/\/nomesvending.com\/web\/","logo":{"@type":"ImageObject","inLanguage":"es","@id":"https:\/\/nomesvending.com\/web\/#\/schema\/logo\/image\/","url":"https:\/\/nomesvending.com\/web\/wp-content\/uploads\/2026\/03\/Red-and-White-Modern-Vending-Machine-Services-Instagram-Post.png","contentUrl":"https:\/\/nomesvending.com\/web\/wp-content\/uploads\/2026\/03\/Red-and-White-Modern-Vending-Machine-Services-Instagram-Post.png","width":1080,"height":1080,"caption":"Nom\u00e9sVending"},"image":{"@id":"https:\/\/nomesvending.com\/web\/#\/schema\/logo\/image\/"},"sameAs":["https:\/\/www.facebook.com\/NomesVending\/","https:\/\/www.instagram.com\/nomesvending\/"]}]}},"_links":{"self":[{"href":"https:\/\/nomesvending.com\/web\/wp-json\/wp\/v2\/product\/26429","targetHints":{"allow":["GET"]}}],"collection":[{"href":"https:\/\/nomesvending.com\/web\/wp-json\/wp\/v2\/product"}],"about":[{"href":"https:\/\/nomesvending.com\/web\/wp-json\/wp\/v2\/types\/product"}],"replies":[{"embeddable":true,"href":"https:\/\/nomesvending.com\/web\/wp-json\/wp\/v2\/comments?post=26429"}],"wp:featuredmedia":[{"embeddable":true,"href":"https:\/\/nomesvending.com\/web\/wp-json\/wp\/v2\/media\/26428"}],"wp:attachment":[{"href":"https:\/\/nomesvending.com\/web\/wp-json\/wp\/v2\/media?parent=26429"}],"wp:term":[{"taxonomy":"product_brand","embeddable":true,"href":"https:\/\/nomesvending.com\/web\/wp-json\/wp\/v2\/product_brand?post=26429"},{"taxonomy":"product_cat","embeddable":true,"href":"https:\/\/nomesvending.com\/web\/wp-json\/wp\/v2\/product_cat?post=26429"},{"taxonomy":"product_tag","embeddable":true,"href":"https:\/\/nomesvending.com\/web\/wp-json\/wp\/v2\/product_tag?post=26429"}],"curies":[{"name":"wp","href":"https:\/\/api.w.org\/{rel}","templated":true}]}}