{"id":26430,"date":"2025-10-22T08:28:07","date_gmt":"2025-10-22T08:28:07","guid":{"rendered":"https:\/\/nomesvending.com\/web\/?post_type=product&#038;p=26430"},"modified":"2025-10-22T08:28:29","modified_gmt":"2025-10-22T08:28:29","slug":"everpure-4fc-s-filter-cartridge","status":"publish","type":"product","link":"https:\/\/nomesvending.com\/web\/tienda\/instalaciones-de-agua\/filtros-para-agua\/filtros-para-maquina-de-hielo\/everpure-4fc-s-filter-cartridge\/","title":{"rendered":"EVERPURE\u00ae 4FC-S FILTER CARTRIDGE"},"content":{"rendered":"<h3 data-start=\"190\" data-end=\"243\"><strong data-start=\"194\" data-end=\"243\">Cartucho de Filtro Everpure 4FC-S | EV9692-31<\/strong><\/h3>\n<p data-start=\"245\" data-end=\"589\">El <strong data-start=\"248\" data-end=\"266\">Everpure 4FC-S<\/strong> ofrece una <strong data-start=\"278\" data-end=\"327\">filtraci\u00f3n de alto rendimiento y submicr\u00f3nica<\/strong>, dise\u00f1ada para proteger sistemas de hielo, hornos combinados, vapor y equipos de caf\u00e9. Su tecnolog\u00eda avanzada reduce contaminantes qu\u00edmicos y mec\u00e1nicos, mejora el sabor del agua y garantiza la m\u00e1xima protecci\u00f3n de los equipos de servicio de alimentos y bebidas.<\/p>\n<hr data-start=\"591\" data-end=\"594\" \/>\n<h4 data-start=\"596\" data-end=\"617\"><strong data-start=\"601\" data-end=\"617\">Aplicaciones<\/strong><\/h4>\n<ul data-start=\"618\" data-end=\"698\">\n<li data-start=\"618\" data-end=\"639\">\n<p data-start=\"620\" data-end=\"639\">M\u00e1quinas de hielo<\/p>\n<\/li>\n<li data-start=\"640\" data-end=\"672\">\n<p data-start=\"642\" data-end=\"672\">Hornos de vapor y combinados<\/p>\n<\/li>\n<li data-start=\"673\" data-end=\"698\">\n<p data-start=\"675\" data-end=\"698\">Cafeteras comerciales<\/p>\n<\/li>\n<\/ul>\n<hr data-start=\"700\" data-end=\"703\" \/>\n<h4 data-start=\"705\" data-end=\"740\"><strong data-start=\"710\" data-end=\"740\">Caracter\u00edsticas y ventajas<\/strong><\/h4>\n<ul data-start=\"741\" data-end=\"1764\">\n<li data-start=\"741\" data-end=\"833\">\n<p data-start=\"743\" data-end=\"833\"><strong data-start=\"743\" data-end=\"762\">Mayor capacidad<\/strong> para una reducci\u00f3n prolongada de contaminantes qu\u00edmicos y mec\u00e1nicos.<\/p>\n<\/li>\n<li data-start=\"834\" data-end=\"920\">\n<p data-start=\"836\" data-end=\"920\"><strong data-start=\"836\" data-end=\"860\">Cartucho equilibrado<\/strong> para un rendimiento \u00f3ptimo en diversas calidades de agua.<\/p>\n<\/li>\n<li data-start=\"921\" data-end=\"1043\">\n<p data-start=\"923\" data-end=\"1043\"><strong data-start=\"923\" data-end=\"952\">Fosfato perlado integrado<\/strong>, seleccionado para prolongar la vida \u00fatil del cartucho y prevenir la formaci\u00f3n de sarro.<\/p>\n<\/li>\n<li data-start=\"1044\" data-end=\"1122\">\n<p data-start=\"1046\" data-end=\"1122\">Compatible con cabezales <strong data-start=\"1071\" data-end=\"1119\">Insurice, Insurice PF, QC7I, QL2, QL3B y QL3<\/strong>.<\/p>\n<\/li>\n<li data-start=\"1123\" data-end=\"1215\">\n<p data-start=\"1125\" data-end=\"1215\"><strong data-start=\"1125\" data-end=\"1178\">Fibredyne II con protecci\u00f3n antimicrobiana AgION\u00ae<\/strong>, inhibe el crecimiento bacteriano.<\/p>\n<\/li>\n<li data-start=\"1216\" data-end=\"1311\">\n<p data-start=\"1218\" data-end=\"1311\"><strong data-start=\"1218\" data-end=\"1258\">Reduce cloro, olores y contaminantes<\/strong> que afectan negativamente el sabor de las bebidas.<\/p>\n<\/li>\n<li data-start=\"1312\" data-end=\"1450\">\n<p data-start=\"1314\" data-end=\"1450\"><strong data-start=\"1314\" data-end=\"1341\">Filtraci\u00f3n submicr\u00f3nica<\/strong>, elimina part\u00edculas hasta <strong data-start=\"1368\" data-end=\"1382\">0,5 micras<\/strong> y protege frente a <strong data-start=\"1402\" data-end=\"1447\">cistostats como Cryptosporidium y Giardia<\/strong>.<\/p>\n<\/li>\n<li data-start=\"1451\" data-end=\"1556\">\n<p data-start=\"1453\" data-end=\"1556\">Protege <strong data-start=\"1461\" data-end=\"1510\">sellos, bombas, tuber\u00edas y orificios peque\u00f1os<\/strong> contra obstrucciones, corrosi\u00f3n y desgaste.<\/p>\n<\/li>\n<li data-start=\"1557\" data-end=\"1668\">\n<p data-start=\"1559\" data-end=\"1668\"><strong data-start=\"1559\" data-end=\"1582\">Reemplazo higi\u00e9nico<\/strong>, r\u00e1pido y limpio; las partes internas nunca se exponen al contacto o contaminaci\u00f3n.<\/p>\n<\/li>\n<li data-start=\"1669\" data-end=\"1764\">\n<p data-start=\"1671\" data-end=\"1764\"><strong data-start=\"1671\" data-end=\"1703\">Certificado NSF\/ANSI 42 y 53<\/strong>, reducci\u00f3n de sabor, olor, cloro, part\u00edculas y cistostats.<\/p>\n<\/li>\n<\/ul>\n<hr data-start=\"1766\" data-end=\"1769\" \/>\n<h4 data-start=\"1771\" data-end=\"1803\"><strong data-start=\"1776\" data-end=\"1803\">Consejos de instalaci\u00f3n<\/strong><\/h4>\n<ul data-start=\"1804\" data-end=\"2258\">\n<li data-start=\"1804\" data-end=\"1933\">\n<p data-start=\"1806\" data-end=\"1933\">Instalar <strong data-start=\"1815\" data-end=\"1832\">verticalmente<\/strong>, con al menos <strong data-start=\"1847\" data-end=\"1882\">6,35 cm (2 \u00bd\u00bb) de espacio libre<\/strong> debajo del cartucho para facilitar su reemplazo.<\/p>\n<\/li>\n<li data-start=\"1934\" data-end=\"1995\">\n<p data-start=\"1936\" data-end=\"1995\">Enjuagar el cartucho <strong data-start=\"1957\" data-end=\"1978\">durante 5 minutos<\/strong> antes del uso.<\/p>\n<\/li>\n<li data-start=\"1996\" data-end=\"2089\">\n<p data-start=\"1998\" data-end=\"2089\">Reemplace el cartucho cuando el flujo disminuya o antes de alcanzar la capacidad nominal.<\/p>\n<\/li>\n<li data-start=\"2090\" data-end=\"2147\">\n<p data-start=\"2092\" data-end=\"2147\">Se recomienda reemplazar al menos <strong data-start=\"2126\" data-end=\"2144\">una vez al a\u00f1o<\/strong>.<\/p>\n<\/li>\n<li data-start=\"2148\" data-end=\"2258\">\n<p data-start=\"2150\" data-end=\"2258\">Cambiar cartuchos cuando la capacidad sea alcanzada o la presi\u00f3n caiga por debajo de <strong data-start=\"2235\" data-end=\"2255\">0,7 bar (10 psi)<\/strong>.<\/p>\n<\/li>\n<\/ul>\n<hr data-start=\"2260\" data-end=\"2263\" \/>\n<h4 data-start=\"2265\" data-end=\"2299\"><strong data-start=\"2270\" data-end=\"2299\">Especificaciones t\u00e9cnicas<\/strong><\/h4>\n<div class=\"_tableContainer_1rjym_1\">\n<div class=\"group _tableWrapper_1rjym_13 flex w-fit flex-col-reverse\" tabindex=\"-1\">\n<table class=\"w-fit min-w-(--thread-content-width)\" data-start=\"2300\" data-end=\"2843\">\n<thead data-start=\"2300\" data-end=\"2321\">\n<tr data-start=\"2300\" data-end=\"2321\">\n<th data-start=\"2300\" data-end=\"2312\" data-col-size=\"sm\">Par\u00e1metro<\/th>\n<th data-start=\"2312\" data-end=\"2321\" data-col-size=\"md\">Valor<\/th>\n<\/tr>\n<\/thead>\n<tbody data-start=\"2346\" data-end=\"2843\">\n<tr data-start=\"2346\" data-end=\"2380\">\n<td data-start=\"2346\" data-end=\"2359\" data-col-size=\"sm\"><strong data-start=\"2348\" data-end=\"2358\">Modelo<\/strong><\/td>\n<td data-col-size=\"md\" data-start=\"2359\" data-end=\"2380\">4FC-S \u2013 EV9692-31<\/td>\n<\/tr>\n<tr data-start=\"2381\" data-end=\"2434\">\n<td data-start=\"2381\" data-end=\"2406\" data-col-size=\"sm\"><strong data-start=\"2383\" data-end=\"2405\">Caudal de servicio<\/strong><\/td>\n<td data-col-size=\"md\" data-start=\"2406\" data-end=\"2434\">M\u00e1x. 9,5 L\/min (2,5 gpm)<\/td>\n<\/tr>\n<tr data-start=\"2435\" data-end=\"2488\">\n<td data-start=\"2435\" data-end=\"2459\" data-col-size=\"sm\"><strong data-start=\"2437\" data-end=\"2458\">Capacidad nominal<\/strong><\/td>\n<td data-col-size=\"md\" data-start=\"2459\" data-end=\"2488\">15.000 galones (56.781 L)<\/td>\n<\/tr>\n<tr data-start=\"2489\" data-end=\"2569\">\n<td data-start=\"2489\" data-end=\"2514\" data-col-size=\"sm\"><strong data-start=\"2491\" data-end=\"2513\">Presi\u00f3n de trabajo<\/strong><\/td>\n<td data-col-size=\"md\" data-start=\"2514\" data-end=\"2569\">0,7 \u2013 8,6 bar (10 \u2013 125 psi), sin golpes de presi\u00f3n<\/td>\n<\/tr>\n<tr data-start=\"2570\" data-end=\"2624\">\n<td data-start=\"2570\" data-end=\"2597\" data-col-size=\"sm\"><strong data-start=\"2572\" data-end=\"2596\">Temperatura del agua<\/strong><\/td>\n<td data-col-size=\"md\" data-start=\"2597\" data-end=\"2624\">2 \u2013 38 \u00b0C (35 \u2013 100 \u00b0F)<\/td>\n<\/tr>\n<tr data-start=\"2625\" data-end=\"2699\">\n<td data-start=\"2625\" data-end=\"2651\" data-col-size=\"sm\"><strong data-start=\"2627\" data-end=\"2650\">Dimensiones totales<\/strong><\/td>\n<td data-col-size=\"md\" data-start=\"2651\" data-end=\"2699\">36,8 \u00d7 8,3 cm (14,5&#8243; largo \u00d7 3,25&#8243; di\u00e1metro)<\/td>\n<\/tr>\n<tr data-start=\"2700\" data-end=\"2801\">\n<td data-start=\"2700\" data-end=\"2722\" data-col-size=\"sm\"><strong data-start=\"2702\" data-end=\"2721\">Certificaciones<\/strong><\/td>\n<td data-col-size=\"md\" data-start=\"2722\" data-end=\"2801\">NSF\/ANSI 42 y 53 (reducci\u00f3n de cistostats, sabor, olor, cloro y part\u00edculas)<\/td>\n<\/tr>\n<tr data-start=\"2802\" data-end=\"2843\">\n<td data-start=\"2802\" data-end=\"2827\" data-col-size=\"sm\"><strong data-start=\"2804\" data-end=\"2826\">Conexi\u00f3n el\u00e9ctrica<\/strong><\/td>\n<td data-col-size=\"md\" data-start=\"2827\" data-end=\"2843\">No requerida<\/td>\n<\/tr>\n<\/tbody>\n<\/table>\n<\/div>\n<\/div>\n<hr data-start=\"2845\" data-end=\"2848\" \/>\n<h4 data-start=\"2850\" data-end=\"2867\"><strong data-start=\"2855\" data-end=\"2867\">Garant\u00eda<\/strong><\/h4>\n<ul data-start=\"2868\" data-end=\"3077\">\n<li data-start=\"2868\" data-end=\"2982\">\n<p data-start=\"2870\" data-end=\"2982\">Sistemas Everpure (excluyendo cartuchos reemplazables): <strong data-start=\"2926\" data-end=\"2936\">5 a\u00f1os<\/strong> contra defectos de material y mano de obra.<\/p>\n<\/li>\n<li data-start=\"2983\" data-end=\"3077\">\n<p data-start=\"2985\" data-end=\"3077\">Elementos reemplazables (cartuchos y tratamiento de agua): <strong data-start=\"3044\" data-end=\"3053\">1 a\u00f1o<\/strong> de garant\u00eda limitada.<\/p>\n<\/li>\n<\/ul>\n","protected":false},"excerpt":{"rendered":"<p class=\"p1\">DELIVER PREMIUM QUALITY DRINKING WATER FOR ICE AND STEAM APPLICATIONS<\/p>\n","protected":false},"featured_media":26431,"comment_status":"open","ping_status":"closed","template":"","meta":[],"product_brand":[],"product_cat":[128,252,122],"product_tag":[],"class_list":{"0":"post-26430","1":"product","2":"type-product","3":"status-publish","4":"has-post-thumbnail","6":"product_cat-filtros-para-agua","7":"product_cat-filtros-para-maquina-de-hielo","8":"product_cat-instalaciones-de-agua","10":"first","11":"instock","12":"taxable","13":"shipping-taxable","14":"purchasable","15":"product-type-simple"},"yoast_head":"<!-- This site is optimized with the Yoast SEO plugin v27.0 - https:\/\/yoast.com\/product\/yoast-seo-wordpress\/ -->\n<title>EVERPURE\u00ae 4FC-S FILTER CARTRIDGE - Nomesvending<\/title>\n<meta name=\"description\" content=\"Cartucho de filtro Everpure 4FC-S EV9692-31 con filtraci\u00f3n submicr\u00f3nica y protecci\u00f3n antimicrobiana, ideal para hielo, hornos de vapor y caf\u00e9.\" \/>\n<meta name=\"robots\" content=\"index, follow, max-snippet:-1, max-image-preview:large, max-video-preview:-1\" \/>\n<link rel=\"canonical\" href=\"https:\/\/nomesvending.com\/web\/tienda\/instalaciones-de-agua\/filtros-para-agua\/filtros-para-maquina-de-hielo\/everpure-4fc-s-filter-cartridge\/\" \/>\n<meta property=\"og:locale\" content=\"es_ES\" \/>\n<meta property=\"og:type\" content=\"article\" \/>\n<meta property=\"og:title\" content=\"EVERPURE\u00ae 4FC-S FILTER CARTRIDGE - Nomesvending\" \/>\n<meta property=\"og:description\" content=\"Cartucho de filtro Everpure 4FC-S EV9692-31 con filtraci\u00f3n submicr\u00f3nica y protecci\u00f3n antimicrobiana, ideal para hielo, hornos de vapor y caf\u00e9.\" \/>\n<meta property=\"og:url\" content=\"https:\/\/nomesvending.com\/web\/tienda\/instalaciones-de-agua\/filtros-para-agua\/filtros-para-maquina-de-hielo\/everpure-4fc-s-filter-cartridge\/\" \/>\n<meta property=\"og:site_name\" content=\"Nomesvending\" \/>\n<meta property=\"article:publisher\" content=\"https:\/\/www.facebook.com\/NomesVending\/\" \/>\n<meta property=\"article:modified_time\" content=\"2025-10-22T08:28:29+00:00\" \/>\n<meta property=\"og:image\" content=\"https:\/\/nomesvending.com\/web\/wp-content\/uploads\/2025\/10\/EVERPURE\u00ae-4FC-S-FILTER-CARTRIDGE.jpg\" \/>\n\t<meta property=\"og:image:width\" content=\"500\" \/>\n\t<meta property=\"og:image:height\" content=\"500\" \/>\n\t<meta property=\"og:image:type\" content=\"image\/jpeg\" \/>\n<meta name=\"twitter:card\" content=\"summary_large_image\" \/>\n<meta name=\"twitter:label1\" content=\"Tiempo de lectura\" \/>\n\t<meta name=\"twitter:data1\" content=\"2 minutos\" \/>\n<script type=\"application\/ld+json\" class=\"yoast-schema-graph\">{\"@context\":\"https:\/\/schema.org\",\"@graph\":[{\"@type\":\"WebPage\",\"@id\":\"https:\/\/nomesvending.com\/web\/tienda\/instalaciones-de-agua\/filtros-para-agua\/filtros-para-maquina-de-hielo\/everpure-4fc-s-filter-cartridge\/\",\"url\":\"https:\/\/nomesvending.com\/web\/tienda\/instalaciones-de-agua\/filtros-para-agua\/filtros-para-maquina-de-hielo\/everpure-4fc-s-filter-cartridge\/\",\"name\":\"EVERPURE\u00ae 4FC-S FILTER CARTRIDGE - Nomesvending\",\"isPartOf\":{\"@id\":\"https:\/\/nomesvending.com\/web\/#website\"},\"primaryImageOfPage\":{\"@id\":\"https:\/\/nomesvending.com\/web\/tienda\/instalaciones-de-agua\/filtros-para-agua\/filtros-para-maquina-de-hielo\/everpure-4fc-s-filter-cartridge\/#primaryimage\"},\"image\":{\"@id\":\"https:\/\/nomesvending.com\/web\/tienda\/instalaciones-de-agua\/filtros-para-agua\/filtros-para-maquina-de-hielo\/everpure-4fc-s-filter-cartridge\/#primaryimage\"},\"thumbnailUrl\":\"https:\/\/nomesvending.com\/web\/wp-content\/uploads\/2025\/10\/EVERPURE\u00ae-4FC-S-FILTER-CARTRIDGE.jpg\",\"datePublished\":\"2025-10-22T08:28:07+00:00\",\"dateModified\":\"2025-10-22T08:28:29+00:00\",\"description\":\"Cartucho de filtro Everpure 4FC-S EV9692-31 con filtraci\u00f3n submicr\u00f3nica y protecci\u00f3n antimicrobiana, ideal para hielo, hornos de vapor y caf\u00e9.\",\"breadcrumb\":{\"@id\":\"https:\/\/nomesvending.com\/web\/tienda\/instalaciones-de-agua\/filtros-para-agua\/filtros-para-maquina-de-hielo\/everpure-4fc-s-filter-cartridge\/#breadcrumb\"},\"inLanguage\":\"es\",\"potentialAction\":[{\"@type\":\"ReadAction\",\"target\":[\"https:\/\/nomesvending.com\/web\/tienda\/instalaciones-de-agua\/filtros-para-agua\/filtros-para-maquina-de-hielo\/everpure-4fc-s-filter-cartridge\/\"]}]},{\"@type\":\"ImageObject\",\"inLanguage\":\"es\",\"@id\":\"https:\/\/nomesvending.com\/web\/tienda\/instalaciones-de-agua\/filtros-para-agua\/filtros-para-maquina-de-hielo\/everpure-4fc-s-filter-cartridge\/#primaryimage\",\"url\":\"https:\/\/nomesvending.com\/web\/wp-content\/uploads\/2025\/10\/EVERPURE\u00ae-4FC-S-FILTER-CARTRIDGE.jpg\",\"contentUrl\":\"https:\/\/nomesvending.com\/web\/wp-content\/uploads\/2025\/10\/EVERPURE\u00ae-4FC-S-FILTER-CARTRIDGE.jpg\",\"width\":500,\"height\":500},{\"@type\":\"BreadcrumbList\",\"@id\":\"https:\/\/nomesvending.com\/web\/tienda\/instalaciones-de-agua\/filtros-para-agua\/filtros-para-maquina-de-hielo\/everpure-4fc-s-filter-cartridge\/#breadcrumb\",\"itemListElement\":[{\"@type\":\"ListItem\",\"position\":1,\"name\":\"Portada\",\"item\":\"https:\/\/nomesvending.com\/web\/\"},{\"@type\":\"ListItem\",\"position\":2,\"name\":\"Tienda\",\"item\":\"https:\/\/nomesvending.com\/web\/tienda\/\"},{\"@type\":\"ListItem\",\"position\":3,\"name\":\"EVERPURE\u00ae 4FC-S FILTER CARTRIDGE\"}]},{\"@type\":\"WebSite\",\"@id\":\"https:\/\/nomesvending.com\/web\/#website\",\"url\":\"https:\/\/nomesvending.com\/web\/\",\"name\":\"Nom\u00e9sVending\",\"description\":\"M\u00e1quinas, filtros, recambios, monederos, consumibles y todo lo que necesitas para el mundo del vending. Calidad y tecnolog\u00eda para tu negocio. \u00a1Descubre nuestras soluciones!\",\"publisher\":{\"@id\":\"https:\/\/nomesvending.com\/web\/#organization\"},\"potentialAction\":[{\"@type\":\"SearchAction\",\"target\":{\"@type\":\"EntryPoint\",\"urlTemplate\":\"https:\/\/nomesvending.com\/web\/?s={search_term_string}\"},\"query-input\":{\"@type\":\"PropertyValueSpecification\",\"valueRequired\":true,\"valueName\":\"search_term_string\"}}],\"inLanguage\":\"es\"},{\"@type\":\"Organization\",\"@id\":\"https:\/\/nomesvending.com\/web\/#organization\",\"name\":\"Nom\u00e9sVending\",\"url\":\"https:\/\/nomesvending.com\/web\/\",\"logo\":{\"@type\":\"ImageObject\",\"inLanguage\":\"es\",\"@id\":\"https:\/\/nomesvending.com\/web\/#\/schema\/logo\/image\/\",\"url\":\"https:\/\/nomesvending.com\/web\/wp-content\/uploads\/2026\/03\/Red-and-White-Modern-Vending-Machine-Services-Instagram-Post.png\",\"contentUrl\":\"https:\/\/nomesvending.com\/web\/wp-content\/uploads\/2026\/03\/Red-and-White-Modern-Vending-Machine-Services-Instagram-Post.png\",\"width\":1080,\"height\":1080,\"caption\":\"Nom\u00e9sVending\"},\"image\":{\"@id\":\"https:\/\/nomesvending.com\/web\/#\/schema\/logo\/image\/\"},\"sameAs\":[\"https:\/\/www.facebook.com\/NomesVending\/\",\"https:\/\/www.instagram.com\/nomesvending\/\"]}]}<\/script>\n<!-- \/ Yoast SEO plugin. -->","yoast_head_json":{"title":"EVERPURE\u00ae 4FC-S FILTER CARTRIDGE - Nomesvending","description":"Cartucho de filtro Everpure 4FC-S EV9692-31 con filtraci\u00f3n submicr\u00f3nica y protecci\u00f3n antimicrobiana, ideal para hielo, hornos de vapor y caf\u00e9.","robots":{"index":"index","follow":"follow","max-snippet":"max-snippet:-1","max-image-preview":"max-image-preview:large","max-video-preview":"max-video-preview:-1"},"canonical":"https:\/\/nomesvending.com\/web\/tienda\/instalaciones-de-agua\/filtros-para-agua\/filtros-para-maquina-de-hielo\/everpure-4fc-s-filter-cartridge\/","og_locale":"es_ES","og_type":"article","og_title":"EVERPURE\u00ae 4FC-S FILTER CARTRIDGE - Nomesvending","og_description":"Cartucho de filtro Everpure 4FC-S EV9692-31 con filtraci\u00f3n submicr\u00f3nica y protecci\u00f3n antimicrobiana, ideal para hielo, hornos de vapor y caf\u00e9.","og_url":"https:\/\/nomesvending.com\/web\/tienda\/instalaciones-de-agua\/filtros-para-agua\/filtros-para-maquina-de-hielo\/everpure-4fc-s-filter-cartridge\/","og_site_name":"Nomesvending","article_publisher":"https:\/\/www.facebook.com\/NomesVending\/","article_modified_time":"2025-10-22T08:28:29+00:00","og_image":[{"width":500,"height":500,"url":"https:\/\/nomesvending.com\/web\/wp-content\/uploads\/2025\/10\/EVERPURE\u00ae-4FC-S-FILTER-CARTRIDGE.jpg","type":"image\/jpeg"}],"twitter_card":"summary_large_image","twitter_misc":{"Tiempo de lectura":"2 minutos"},"schema":{"@context":"https:\/\/schema.org","@graph":[{"@type":"WebPage","@id":"https:\/\/nomesvending.com\/web\/tienda\/instalaciones-de-agua\/filtros-para-agua\/filtros-para-maquina-de-hielo\/everpure-4fc-s-filter-cartridge\/","url":"https:\/\/nomesvending.com\/web\/tienda\/instalaciones-de-agua\/filtros-para-agua\/filtros-para-maquina-de-hielo\/everpure-4fc-s-filter-cartridge\/","name":"EVERPURE\u00ae 4FC-S FILTER CARTRIDGE - Nomesvending","isPartOf":{"@id":"https:\/\/nomesvending.com\/web\/#website"},"primaryImageOfPage":{"@id":"https:\/\/nomesvending.com\/web\/tienda\/instalaciones-de-agua\/filtros-para-agua\/filtros-para-maquina-de-hielo\/everpure-4fc-s-filter-cartridge\/#primaryimage"},"image":{"@id":"https:\/\/nomesvending.com\/web\/tienda\/instalaciones-de-agua\/filtros-para-agua\/filtros-para-maquina-de-hielo\/everpure-4fc-s-filter-cartridge\/#primaryimage"},"thumbnailUrl":"https:\/\/nomesvending.com\/web\/wp-content\/uploads\/2025\/10\/EVERPURE\u00ae-4FC-S-FILTER-CARTRIDGE.jpg","datePublished":"2025-10-22T08:28:07+00:00","dateModified":"2025-10-22T08:28:29+00:00","description":"Cartucho de filtro Everpure 4FC-S EV9692-31 con filtraci\u00f3n submicr\u00f3nica y protecci\u00f3n antimicrobiana, ideal para hielo, hornos de vapor y caf\u00e9.","breadcrumb":{"@id":"https:\/\/nomesvending.com\/web\/tienda\/instalaciones-de-agua\/filtros-para-agua\/filtros-para-maquina-de-hielo\/everpure-4fc-s-filter-cartridge\/#breadcrumb"},"inLanguage":"es","potentialAction":[{"@type":"ReadAction","target":["https:\/\/nomesvending.com\/web\/tienda\/instalaciones-de-agua\/filtros-para-agua\/filtros-para-maquina-de-hielo\/everpure-4fc-s-filter-cartridge\/"]}]},{"@type":"ImageObject","inLanguage":"es","@id":"https:\/\/nomesvending.com\/web\/tienda\/instalaciones-de-agua\/filtros-para-agua\/filtros-para-maquina-de-hielo\/everpure-4fc-s-filter-cartridge\/#primaryimage","url":"https:\/\/nomesvending.com\/web\/wp-content\/uploads\/2025\/10\/EVERPURE\u00ae-4FC-S-FILTER-CARTRIDGE.jpg","contentUrl":"https:\/\/nomesvending.com\/web\/wp-content\/uploads\/2025\/10\/EVERPURE\u00ae-4FC-S-FILTER-CARTRIDGE.jpg","width":500,"height":500},{"@type":"BreadcrumbList","@id":"https:\/\/nomesvending.com\/web\/tienda\/instalaciones-de-agua\/filtros-para-agua\/filtros-para-maquina-de-hielo\/everpure-4fc-s-filter-cartridge\/#breadcrumb","itemListElement":[{"@type":"ListItem","position":1,"name":"Portada","item":"https:\/\/nomesvending.com\/web\/"},{"@type":"ListItem","position":2,"name":"Tienda","item":"https:\/\/nomesvending.com\/web\/tienda\/"},{"@type":"ListItem","position":3,"name":"EVERPURE\u00ae 4FC-S FILTER CARTRIDGE"}]},{"@type":"WebSite","@id":"https:\/\/nomesvending.com\/web\/#website","url":"https:\/\/nomesvending.com\/web\/","name":"Nom\u00e9sVending","description":"M\u00e1quinas, filtros, recambios, monederos, consumibles y todo lo que necesitas para el mundo del vending. Calidad y tecnolog\u00eda para tu negocio. \u00a1Descubre nuestras soluciones!","publisher":{"@id":"https:\/\/nomesvending.com\/web\/#organization"},"potentialAction":[{"@type":"SearchAction","target":{"@type":"EntryPoint","urlTemplate":"https:\/\/nomesvending.com\/web\/?s={search_term_string}"},"query-input":{"@type":"PropertyValueSpecification","valueRequired":true,"valueName":"search_term_string"}}],"inLanguage":"es"},{"@type":"Organization","@id":"https:\/\/nomesvending.com\/web\/#organization","name":"Nom\u00e9sVending","url":"https:\/\/nomesvending.com\/web\/","logo":{"@type":"ImageObject","inLanguage":"es","@id":"https:\/\/nomesvending.com\/web\/#\/schema\/logo\/image\/","url":"https:\/\/nomesvending.com\/web\/wp-content\/uploads\/2026\/03\/Red-and-White-Modern-Vending-Machine-Services-Instagram-Post.png","contentUrl":"https:\/\/nomesvending.com\/web\/wp-content\/uploads\/2026\/03\/Red-and-White-Modern-Vending-Machine-Services-Instagram-Post.png","width":1080,"height":1080,"caption":"Nom\u00e9sVending"},"image":{"@id":"https:\/\/nomesvending.com\/web\/#\/schema\/logo\/image\/"},"sameAs":["https:\/\/www.facebook.com\/NomesVending\/","https:\/\/www.instagram.com\/nomesvending\/"]}]}},"_links":{"self":[{"href":"https:\/\/nomesvending.com\/web\/wp-json\/wp\/v2\/product\/26430","targetHints":{"allow":["GET"]}}],"collection":[{"href":"https:\/\/nomesvending.com\/web\/wp-json\/wp\/v2\/product"}],"about":[{"href":"https:\/\/nomesvending.com\/web\/wp-json\/wp\/v2\/types\/product"}],"replies":[{"embeddable":true,"href":"https:\/\/nomesvending.com\/web\/wp-json\/wp\/v2\/comments?post=26430"}],"wp:featuredmedia":[{"embeddable":true,"href":"https:\/\/nomesvending.com\/web\/wp-json\/wp\/v2\/media\/26431"}],"wp:attachment":[{"href":"https:\/\/nomesvending.com\/web\/wp-json\/wp\/v2\/media?parent=26430"}],"wp:term":[{"taxonomy":"product_brand","embeddable":true,"href":"https:\/\/nomesvending.com\/web\/wp-json\/wp\/v2\/product_brand?post=26430"},{"taxonomy":"product_cat","embeddable":true,"href":"https:\/\/nomesvending.com\/web\/wp-json\/wp\/v2\/product_cat?post=26430"},{"taxonomy":"product_tag","embeddable":true,"href":"https:\/\/nomesvending.com\/web\/wp-json\/wp\/v2\/product_tag?post=26430"}],"curies":[{"name":"wp","href":"https:\/\/api.w.org\/{rel}","templated":true}]}}