{"id":26432,"date":"2025-10-22T08:31:14","date_gmt":"2025-10-22T08:31:14","guid":{"rendered":"https:\/\/nomesvending.com\/web\/?post_type=product&#038;p=26432"},"modified":"2025-10-22T08:32:29","modified_gmt":"2025-10-22T08:32:29","slug":"everpure-7fc-s-filter-cartridge","status":"publish","type":"product","link":"https:\/\/nomesvending.com\/web\/tienda\/instalaciones-de-agua\/filtros-para-agua\/filtros-para-maquina-de-hielo\/everpure-7fc-s-filter-cartridge\/","title":{"rendered":"EVERPURE\u00ae 7FC-S FILTER CARTRIDGE"},"content":{"rendered":"<p class=\"p1\">DELIVER PREMIUM QUALITY DRINKING WATER FOR ICE AND STEAM APPLICATIONS<\/p>\n","protected":false},"excerpt":{"rendered":"<h3 data-start=\"190\" data-end=\"243\"><strong data-start=\"194\" data-end=\"243\">Cartucho de Filtro Everpure 7FC-S | EV9692-71<\/strong><\/h3>\n<p data-start=\"245\" data-end=\"540\">El <strong data-start=\"248\" data-end=\"266\">Everpure 7FC-S<\/strong> ofrece filtraci\u00f3n submicr\u00f3nica avanzada y protecci\u00f3n antimicrobiana, ideal para sistemas de hielo, hornos de vapor y combinados, as\u00ed como cafeteras comerciales. Garantiza agua limpia, reduce contaminantes y protege los equipos frente a la corrosi\u00f3n, obstrucci\u00f3n y desgaste.<\/p>\n<hr data-start=\"542\" data-end=\"545\" \/>\n<h4 data-start=\"547\" data-end=\"568\"><strong data-start=\"552\" data-end=\"568\">Aplicaciones<\/strong><\/h4>\n<ul data-start=\"569\" data-end=\"656\">\n<li data-start=\"569\" data-end=\"590\">\n<p data-start=\"571\" data-end=\"590\">M\u00e1quinas de hielo<\/p>\n<\/li>\n<li data-start=\"591\" data-end=\"630\">\n<p data-start=\"593\" data-end=\"630\">Hornos de vapor y hornos combinados<\/p>\n<\/li>\n<li data-start=\"631\" data-end=\"656\">\n<p data-start=\"633\" data-end=\"656\">Cafeteras comerciales<\/p>\n<\/li>\n<\/ul>\n<hr data-start=\"658\" data-end=\"661\" \/>\n<h4 data-start=\"663\" data-end=\"698\"><strong data-start=\"668\" data-end=\"698\">Caracter\u00edsticas y ventajas<\/strong><\/h4>\n<ul data-start=\"699\" data-end=\"1707\">\n<li data-start=\"699\" data-end=\"816\">\n<p data-start=\"701\" data-end=\"816\"><strong data-start=\"701\" data-end=\"730\">Fosfato perlado integrado<\/strong>, seleccionado para prolongar la vida del cartucho y prevenir la formaci\u00f3n de sarro.<\/p>\n<\/li>\n<li data-start=\"817\" data-end=\"941\">\n<p data-start=\"819\" data-end=\"941\"><strong data-start=\"819\" data-end=\"855\">Reemplazo higi\u00e9nico del cartucho<\/strong>, r\u00e1pido y limpio; las partes internas nunca se exponen al contacto o contaminaci\u00f3n.<\/p>\n<\/li>\n<li data-start=\"942\" data-end=\"1049\">\n<p data-start=\"944\" data-end=\"1049\"><strong data-start=\"944\" data-end=\"1001\">Protege sellos, bombas, tuber\u00edas y orificios peque\u00f1os<\/strong> frente a obstrucciones, corrosi\u00f3n y desgaste.<\/p>\n<\/li>\n<li data-start=\"1050\" data-end=\"1131\">\n<p data-start=\"1052\" data-end=\"1131\"><strong data-start=\"1052\" data-end=\"1092\">Reduce cloro, olores y contaminantes<\/strong> que afectan el sabor de las bebidas.<\/p>\n<\/li>\n<li data-start=\"1132\" data-end=\"1218\">\n<p data-start=\"1134\" data-end=\"1218\"><strong data-start=\"1134\" data-end=\"1158\">Cartucho equilibrado<\/strong> para un rendimiento \u00f3ptimo en diversas calidades de agua.<\/p>\n<\/li>\n<li data-start=\"1219\" data-end=\"1358\">\n<p data-start=\"1221\" data-end=\"1358\"><strong data-start=\"1221\" data-end=\"1275\">Fibredyne\u2122 II con protecci\u00f3n antimicrobiana AgION\u00ae<\/strong>, inhibe el crecimiento bacteriano que puede disminuir la vida \u00fatil del cartucho.<\/p>\n<\/li>\n<li data-start=\"1359\" data-end=\"1498\">\n<p data-start=\"1361\" data-end=\"1498\"><strong data-start=\"1361\" data-end=\"1388\">Filtraci\u00f3n submicr\u00f3nica<\/strong>, elimina part\u00edculas de hasta 0,5 micras y mejora la reducci\u00f3n de cistostats como Cryptosporidium y Giardia.<\/p>\n<\/li>\n<li data-start=\"1499\" data-end=\"1578\">\n<p data-start=\"1501\" data-end=\"1578\">Compatible con cabezales <strong data-start=\"1526\" data-end=\"1575\">Insurice\u00ae, Insurice PF, QC7I, QL2, QL3B y QL3<\/strong>.<\/p>\n<\/li>\n<li data-start=\"1579\" data-end=\"1707\">\n<p data-start=\"1581\" data-end=\"1707\">Certificado <strong data-start=\"1593\" data-end=\"1608\">NSF\/ANSI 53<\/strong>, para reducci\u00f3n de cistostats y part\u00edculas, y NSF\/ANSI 42 para reducci\u00f3n de cloro, sabor y olor.<\/p>\n<\/li>\n<\/ul>\n<hr data-start=\"1709\" data-end=\"1712\" \/>\n<h4 data-start=\"1714\" data-end=\"1746\"><strong data-start=\"1719\" data-end=\"1746\">Consejos de instalaci\u00f3n<\/strong><\/h4>\n<ul data-start=\"1747\" data-end=\"2219\">\n<li data-start=\"1747\" data-end=\"1876\">\n<p data-start=\"1749\" data-end=\"1876\">Instalar <strong data-start=\"1758\" data-end=\"1775\">verticalmente<\/strong>, con al menos <strong data-start=\"1790\" data-end=\"1825\">6,35 cm (2 \u00bd\u00bb) de espacio libre<\/strong> debajo del cartucho para facilitar su reemplazo.<\/p>\n<\/li>\n<li data-start=\"1877\" data-end=\"1956\">\n<p data-start=\"1879\" data-end=\"1956\">Enjuagar el cartucho durante <strong data-start=\"1908\" data-end=\"1921\">5 minutos<\/strong> a caudal completo antes de usar.<\/p>\n<\/li>\n<li data-start=\"1957\" data-end=\"2051\">\n<p data-start=\"1959\" data-end=\"2051\">Reemplace el cartucho cuando el flujo se reduzca o antes de alcanzar la capacidad nominal.<\/p>\n<\/li>\n<li data-start=\"2052\" data-end=\"2109\">\n<p data-start=\"2054\" data-end=\"2109\">Se recomienda reemplazar <strong data-start=\"2079\" data-end=\"2106\">al menos una vez al a\u00f1o<\/strong>.<\/p>\n<\/li>\n<li data-start=\"2110\" data-end=\"2219\">\n<p data-start=\"2112\" data-end=\"2219\">Cambiar cartucho cuando la capacidad sea alcanzada o la presi\u00f3n caiga por debajo de <strong data-start=\"2196\" data-end=\"2216\">0,7 bar (10 psi)<\/strong>.<\/p>\n<\/li>\n<\/ul>\n<hr data-start=\"2221\" data-end=\"2224\" \/>\n<h4 data-start=\"2226\" data-end=\"2260\"><strong data-start=\"2231\" data-end=\"2260\">Especificaciones t\u00e9cnicas<\/strong><\/h4>\n<div class=\"_tableContainer_1rjym_1\">\n<div class=\"group _tableWrapper_1rjym_13 flex w-fit flex-col-reverse\" tabindex=\"-1\">\n<table class=\"w-fit min-w-(--thread-content-width)\" data-start=\"2261\" data-end=\"2805\">\n<thead data-start=\"2261\" data-end=\"2282\">\n<tr data-start=\"2261\" data-end=\"2282\">\n<th data-start=\"2261\" data-end=\"2273\" data-col-size=\"sm\">Par\u00e1metro<\/th>\n<th data-start=\"2273\" data-end=\"2282\" data-col-size=\"md\">Valor<\/th>\n<\/tr>\n<\/thead>\n<tbody data-start=\"2307\" data-end=\"2805\">\n<tr data-start=\"2307\" data-end=\"2341\">\n<td data-start=\"2307\" data-end=\"2320\" data-col-size=\"sm\"><strong data-start=\"2309\" data-end=\"2319\">Modelo<\/strong><\/td>\n<td data-col-size=\"md\" data-start=\"2320\" data-end=\"2341\">7FC-S \u2013 EV9692-71<\/td>\n<\/tr>\n<tr data-start=\"2342\" data-end=\"2395\">\n<td data-start=\"2342\" data-end=\"2367\" data-col-size=\"sm\"><strong data-start=\"2344\" data-end=\"2366\">Caudal de servicio<\/strong><\/td>\n<td data-col-size=\"md\" data-start=\"2367\" data-end=\"2395\">M\u00e1x. 9,5 L\/min (2,5 gpm)<\/td>\n<\/tr>\n<tr data-start=\"2396\" data-end=\"2449\">\n<td data-start=\"2396\" data-end=\"2420\" data-col-size=\"sm\"><strong data-start=\"2398\" data-end=\"2419\">Capacidad nominal<\/strong><\/td>\n<td data-col-size=\"md\" data-start=\"2420\" data-end=\"2449\">25.000 galones (94.635 L)<\/td>\n<\/tr>\n<tr data-start=\"2450\" data-end=\"2530\">\n<td data-start=\"2450\" data-end=\"2475\" data-col-size=\"sm\"><strong data-start=\"2452\" data-end=\"2474\">Presi\u00f3n de trabajo<\/strong><\/td>\n<td data-col-size=\"md\" data-start=\"2475\" data-end=\"2530\">0,7 \u2013 8,6 bar (10 \u2013 125 psi), sin golpes de presi\u00f3n<\/td>\n<\/tr>\n<tr data-start=\"2531\" data-end=\"2585\">\n<td data-start=\"2531\" data-end=\"2558\" data-col-size=\"sm\"><strong data-start=\"2533\" data-end=\"2557\">Temperatura del agua<\/strong><\/td>\n<td data-col-size=\"md\" data-start=\"2558\" data-end=\"2585\">2 \u2013 38 \u00b0C (35 \u2013 100 \u00b0F)<\/td>\n<\/tr>\n<tr data-start=\"2586\" data-end=\"2661\">\n<td data-start=\"2586\" data-end=\"2612\" data-col-size=\"sm\"><strong data-start=\"2588\" data-end=\"2611\">Dimensiones totales<\/strong><\/td>\n<td data-start=\"2612\" data-end=\"2661\" data-col-size=\"md\">52,7 \u00d7 8,3 cm (20,75&#8243; largo \u00d7 3,25&#8243; di\u00e1metro)<\/td>\n<\/tr>\n<tr data-start=\"2662\" data-end=\"2763\">\n<td data-start=\"2662\" data-end=\"2684\" data-col-size=\"sm\"><strong data-start=\"2664\" data-end=\"2683\">Certificaciones<\/strong><\/td>\n<td data-col-size=\"md\" data-start=\"2684\" data-end=\"2763\">NSF\/ANSI 42 y 53 (reducci\u00f3n de cistostats, part\u00edculas, cloro, sabor y olor)<\/td>\n<\/tr>\n<tr data-start=\"2764\" data-end=\"2805\">\n<td data-start=\"2764\" data-end=\"2789\" data-col-size=\"sm\"><strong data-start=\"2766\" data-end=\"2788\">Conexi\u00f3n el\u00e9ctrica<\/strong><\/td>\n<td data-col-size=\"md\" data-start=\"2789\" data-end=\"2805\">No requerida<\/td>\n<\/tr>\n<\/tbody>\n<\/table>\n<\/div>\n<\/div>\n","protected":false},"featured_media":26433,"comment_status":"open","ping_status":"closed","template":"","meta":[],"product_brand":[],"product_cat":[128,252,122],"product_tag":[],"class_list":{"0":"post-26432","1":"product","2":"type-product","3":"status-publish","4":"has-post-thumbnail","6":"product_cat-filtros-para-agua","7":"product_cat-filtros-para-maquina-de-hielo","8":"product_cat-instalaciones-de-agua","10":"first","11":"instock","12":"taxable","13":"shipping-taxable","14":"purchasable","15":"product-type-simple"},"yoast_head":"<!-- This site is optimized with the Yoast SEO plugin v27.5 - https:\/\/yoast.com\/product\/yoast-seo-wordpress\/ -->\n<title>EVERPURE\u00ae 7FC-S FILTER CARTRIDGE - Nomesvending<\/title>\n<meta name=\"description\" content=\"Cartucho de filtro Everpure 7FC-S EV9692-71 con filtraci\u00f3n submicr\u00f3nica y protecci\u00f3n antimicrobiana, ideal para hielo, hornos de vapor y caf\u00e9.\" \/>\n<meta name=\"robots\" content=\"index, follow, max-snippet:-1, max-image-preview:large, max-video-preview:-1\" \/>\n<link rel=\"canonical\" href=\"https:\/\/nomesvending.com\/web\/tienda\/instalaciones-de-agua\/filtros-para-agua\/filtros-para-maquina-de-hielo\/everpure-7fc-s-filter-cartridge\/\" \/>\n<meta property=\"og:locale\" content=\"es_ES\" \/>\n<meta property=\"og:type\" content=\"article\" \/>\n<meta property=\"og:title\" content=\"EVERPURE\u00ae 7FC-S FILTER CARTRIDGE - Nomesvending\" \/>\n<meta property=\"og:description\" content=\"Cartucho de filtro Everpure 7FC-S EV9692-71 con filtraci\u00f3n submicr\u00f3nica y protecci\u00f3n antimicrobiana, ideal para hielo, hornos de vapor y caf\u00e9.\" \/>\n<meta property=\"og:url\" content=\"https:\/\/nomesvending.com\/web\/tienda\/instalaciones-de-agua\/filtros-para-agua\/filtros-para-maquina-de-hielo\/everpure-7fc-s-filter-cartridge\/\" \/>\n<meta property=\"og:site_name\" content=\"Nomesvending\" \/>\n<meta property=\"article:publisher\" content=\"https:\/\/www.facebook.com\/NomesVending\/\" \/>\n<meta property=\"article:modified_time\" content=\"2025-10-22T08:32:29+00:00\" \/>\n<meta property=\"og:image\" content=\"https:\/\/nomesvending.com\/web\/wp-content\/uploads\/2025\/10\/EVERPURE\u00ae-7FC-S-FILTER-CARTRIDGE.jpg\" \/>\n\t<meta property=\"og:image:width\" content=\"500\" \/>\n\t<meta property=\"og:image:height\" content=\"500\" \/>\n\t<meta property=\"og:image:type\" content=\"image\/jpeg\" \/>\n<meta name=\"twitter:card\" content=\"summary_large_image\" \/>\n<meta name=\"twitter:label1\" content=\"Tiempo de lectura\" \/>\n\t<meta name=\"twitter:data1\" content=\"1 minuto\" \/>\n<script type=\"application\/ld+json\" class=\"yoast-schema-graph\">{\"@context\":\"https:\\\/\\\/schema.org\",\"@graph\":[{\"@type\":\"WebPage\",\"@id\":\"https:\\\/\\\/nomesvending.com\\\/web\\\/tienda\\\/instalaciones-de-agua\\\/filtros-para-agua\\\/filtros-para-maquina-de-hielo\\\/everpure-7fc-s-filter-cartridge\\\/\",\"url\":\"https:\\\/\\\/nomesvending.com\\\/web\\\/tienda\\\/instalaciones-de-agua\\\/filtros-para-agua\\\/filtros-para-maquina-de-hielo\\\/everpure-7fc-s-filter-cartridge\\\/\",\"name\":\"EVERPURE\u00ae 7FC-S FILTER CARTRIDGE - Nomesvending\",\"isPartOf\":{\"@id\":\"https:\\\/\\\/nomesvending.com\\\/web\\\/#website\"},\"primaryImageOfPage\":{\"@id\":\"https:\\\/\\\/nomesvending.com\\\/web\\\/tienda\\\/instalaciones-de-agua\\\/filtros-para-agua\\\/filtros-para-maquina-de-hielo\\\/everpure-7fc-s-filter-cartridge\\\/#primaryimage\"},\"image\":{\"@id\":\"https:\\\/\\\/nomesvending.com\\\/web\\\/tienda\\\/instalaciones-de-agua\\\/filtros-para-agua\\\/filtros-para-maquina-de-hielo\\\/everpure-7fc-s-filter-cartridge\\\/#primaryimage\"},\"thumbnailUrl\":\"https:\\\/\\\/nomesvending.com\\\/web\\\/wp-content\\\/uploads\\\/2025\\\/10\\\/EVERPURE\u00ae-7FC-S-FILTER-CARTRIDGE.jpg\",\"datePublished\":\"2025-10-22T08:31:14+00:00\",\"dateModified\":\"2025-10-22T08:32:29+00:00\",\"description\":\"Cartucho de filtro Everpure 7FC-S EV9692-71 con filtraci\u00f3n submicr\u00f3nica y protecci\u00f3n antimicrobiana, ideal para hielo, hornos de vapor y caf\u00e9.\",\"breadcrumb\":{\"@id\":\"https:\\\/\\\/nomesvending.com\\\/web\\\/tienda\\\/instalaciones-de-agua\\\/filtros-para-agua\\\/filtros-para-maquina-de-hielo\\\/everpure-7fc-s-filter-cartridge\\\/#breadcrumb\"},\"inLanguage\":\"es\",\"potentialAction\":[{\"@type\":\"ReadAction\",\"target\":[\"https:\\\/\\\/nomesvending.com\\\/web\\\/tienda\\\/instalaciones-de-agua\\\/filtros-para-agua\\\/filtros-para-maquina-de-hielo\\\/everpure-7fc-s-filter-cartridge\\\/\"]}]},{\"@type\":\"ImageObject\",\"inLanguage\":\"es\",\"@id\":\"https:\\\/\\\/nomesvending.com\\\/web\\\/tienda\\\/instalaciones-de-agua\\\/filtros-para-agua\\\/filtros-para-maquina-de-hielo\\\/everpure-7fc-s-filter-cartridge\\\/#primaryimage\",\"url\":\"https:\\\/\\\/nomesvending.com\\\/web\\\/wp-content\\\/uploads\\\/2025\\\/10\\\/EVERPURE\u00ae-7FC-S-FILTER-CARTRIDGE.jpg\",\"contentUrl\":\"https:\\\/\\\/nomesvending.com\\\/web\\\/wp-content\\\/uploads\\\/2025\\\/10\\\/EVERPURE\u00ae-7FC-S-FILTER-CARTRIDGE.jpg\",\"width\":500,\"height\":500},{\"@type\":\"BreadcrumbList\",\"@id\":\"https:\\\/\\\/nomesvending.com\\\/web\\\/tienda\\\/instalaciones-de-agua\\\/filtros-para-agua\\\/filtros-para-maquina-de-hielo\\\/everpure-7fc-s-filter-cartridge\\\/#breadcrumb\",\"itemListElement\":[{\"@type\":\"ListItem\",\"position\":1,\"name\":\"Portada\",\"item\":\"https:\\\/\\\/nomesvending.com\\\/web\\\/\"},{\"@type\":\"ListItem\",\"position\":2,\"name\":\"Tienda\",\"item\":\"https:\\\/\\\/nomesvending.com\\\/web\\\/tienda\\\/\"},{\"@type\":\"ListItem\",\"position\":3,\"name\":\"EVERPURE\u00ae 7FC-S FILTER CARTRIDGE\"}]},{\"@type\":\"WebSite\",\"@id\":\"https:\\\/\\\/nomesvending.com\\\/web\\\/#website\",\"url\":\"https:\\\/\\\/nomesvending.com\\\/web\\\/\",\"name\":\"Nom\u00e9sVending\",\"description\":\"M\u00e1quinas, filtros, recambios, monederos, consumibles y todo lo que necesitas para el mundo del vending. Calidad y tecnolog\u00eda para tu negocio. \u00a1Descubre nuestras soluciones!\",\"publisher\":{\"@id\":\"https:\\\/\\\/nomesvending.com\\\/web\\\/#organization\"},\"potentialAction\":[{\"@type\":\"SearchAction\",\"target\":{\"@type\":\"EntryPoint\",\"urlTemplate\":\"https:\\\/\\\/nomesvending.com\\\/web\\\/?s={search_term_string}\"},\"query-input\":{\"@type\":\"PropertyValueSpecification\",\"valueRequired\":true,\"valueName\":\"search_term_string\"}}],\"inLanguage\":\"es\"},{\"@type\":\"Organization\",\"@id\":\"https:\\\/\\\/nomesvending.com\\\/web\\\/#organization\",\"name\":\"Nom\u00e9sVending\",\"url\":\"https:\\\/\\\/nomesvending.com\\\/web\\\/\",\"logo\":{\"@type\":\"ImageObject\",\"inLanguage\":\"es\",\"@id\":\"https:\\\/\\\/nomesvending.com\\\/web\\\/#\\\/schema\\\/logo\\\/image\\\/\",\"url\":\"https:\\\/\\\/nomesvending.com\\\/web\\\/wp-content\\\/uploads\\\/2026\\\/03\\\/Red-and-White-Modern-Vending-Machine-Services-Instagram-Post.png\",\"contentUrl\":\"https:\\\/\\\/nomesvending.com\\\/web\\\/wp-content\\\/uploads\\\/2026\\\/03\\\/Red-and-White-Modern-Vending-Machine-Services-Instagram-Post.png\",\"width\":1080,\"height\":1080,\"caption\":\"Nom\u00e9sVending\"},\"image\":{\"@id\":\"https:\\\/\\\/nomesvending.com\\\/web\\\/#\\\/schema\\\/logo\\\/image\\\/\"},\"sameAs\":[\"https:\\\/\\\/www.facebook.com\\\/NomesVending\\\/\",\"https:\\\/\\\/www.instagram.com\\\/nomesvending\\\/\"]}]}<\/script>\n<!-- \/ Yoast SEO plugin. -->","yoast_head_json":{"title":"EVERPURE\u00ae 7FC-S FILTER CARTRIDGE - Nomesvending","description":"Cartucho de filtro Everpure 7FC-S EV9692-71 con filtraci\u00f3n submicr\u00f3nica y protecci\u00f3n antimicrobiana, ideal para hielo, hornos de vapor y caf\u00e9.","robots":{"index":"index","follow":"follow","max-snippet":"max-snippet:-1","max-image-preview":"max-image-preview:large","max-video-preview":"max-video-preview:-1"},"canonical":"https:\/\/nomesvending.com\/web\/tienda\/instalaciones-de-agua\/filtros-para-agua\/filtros-para-maquina-de-hielo\/everpure-7fc-s-filter-cartridge\/","og_locale":"es_ES","og_type":"article","og_title":"EVERPURE\u00ae 7FC-S FILTER CARTRIDGE - Nomesvending","og_description":"Cartucho de filtro Everpure 7FC-S EV9692-71 con filtraci\u00f3n submicr\u00f3nica y protecci\u00f3n antimicrobiana, ideal para hielo, hornos de vapor y caf\u00e9.","og_url":"https:\/\/nomesvending.com\/web\/tienda\/instalaciones-de-agua\/filtros-para-agua\/filtros-para-maquina-de-hielo\/everpure-7fc-s-filter-cartridge\/","og_site_name":"Nomesvending","article_publisher":"https:\/\/www.facebook.com\/NomesVending\/","article_modified_time":"2025-10-22T08:32:29+00:00","og_image":[{"width":500,"height":500,"url":"https:\/\/nomesvending.com\/web\/wp-content\/uploads\/2025\/10\/EVERPURE\u00ae-7FC-S-FILTER-CARTRIDGE.jpg","type":"image\/jpeg"}],"twitter_card":"summary_large_image","twitter_misc":{"Tiempo de lectura":"1 minuto"},"schema":{"@context":"https:\/\/schema.org","@graph":[{"@type":"WebPage","@id":"https:\/\/nomesvending.com\/web\/tienda\/instalaciones-de-agua\/filtros-para-agua\/filtros-para-maquina-de-hielo\/everpure-7fc-s-filter-cartridge\/","url":"https:\/\/nomesvending.com\/web\/tienda\/instalaciones-de-agua\/filtros-para-agua\/filtros-para-maquina-de-hielo\/everpure-7fc-s-filter-cartridge\/","name":"EVERPURE\u00ae 7FC-S FILTER CARTRIDGE - Nomesvending","isPartOf":{"@id":"https:\/\/nomesvending.com\/web\/#website"},"primaryImageOfPage":{"@id":"https:\/\/nomesvending.com\/web\/tienda\/instalaciones-de-agua\/filtros-para-agua\/filtros-para-maquina-de-hielo\/everpure-7fc-s-filter-cartridge\/#primaryimage"},"image":{"@id":"https:\/\/nomesvending.com\/web\/tienda\/instalaciones-de-agua\/filtros-para-agua\/filtros-para-maquina-de-hielo\/everpure-7fc-s-filter-cartridge\/#primaryimage"},"thumbnailUrl":"https:\/\/nomesvending.com\/web\/wp-content\/uploads\/2025\/10\/EVERPURE\u00ae-7FC-S-FILTER-CARTRIDGE.jpg","datePublished":"2025-10-22T08:31:14+00:00","dateModified":"2025-10-22T08:32:29+00:00","description":"Cartucho de filtro Everpure 7FC-S EV9692-71 con filtraci\u00f3n submicr\u00f3nica y protecci\u00f3n antimicrobiana, ideal para hielo, hornos de vapor y caf\u00e9.","breadcrumb":{"@id":"https:\/\/nomesvending.com\/web\/tienda\/instalaciones-de-agua\/filtros-para-agua\/filtros-para-maquina-de-hielo\/everpure-7fc-s-filter-cartridge\/#breadcrumb"},"inLanguage":"es","potentialAction":[{"@type":"ReadAction","target":["https:\/\/nomesvending.com\/web\/tienda\/instalaciones-de-agua\/filtros-para-agua\/filtros-para-maquina-de-hielo\/everpure-7fc-s-filter-cartridge\/"]}]},{"@type":"ImageObject","inLanguage":"es","@id":"https:\/\/nomesvending.com\/web\/tienda\/instalaciones-de-agua\/filtros-para-agua\/filtros-para-maquina-de-hielo\/everpure-7fc-s-filter-cartridge\/#primaryimage","url":"https:\/\/nomesvending.com\/web\/wp-content\/uploads\/2025\/10\/EVERPURE\u00ae-7FC-S-FILTER-CARTRIDGE.jpg","contentUrl":"https:\/\/nomesvending.com\/web\/wp-content\/uploads\/2025\/10\/EVERPURE\u00ae-7FC-S-FILTER-CARTRIDGE.jpg","width":500,"height":500},{"@type":"BreadcrumbList","@id":"https:\/\/nomesvending.com\/web\/tienda\/instalaciones-de-agua\/filtros-para-agua\/filtros-para-maquina-de-hielo\/everpure-7fc-s-filter-cartridge\/#breadcrumb","itemListElement":[{"@type":"ListItem","position":1,"name":"Portada","item":"https:\/\/nomesvending.com\/web\/"},{"@type":"ListItem","position":2,"name":"Tienda","item":"https:\/\/nomesvending.com\/web\/tienda\/"},{"@type":"ListItem","position":3,"name":"EVERPURE\u00ae 7FC-S FILTER CARTRIDGE"}]},{"@type":"WebSite","@id":"https:\/\/nomesvending.com\/web\/#website","url":"https:\/\/nomesvending.com\/web\/","name":"Nom\u00e9sVending","description":"M\u00e1quinas, filtros, recambios, monederos, consumibles y todo lo que necesitas para el mundo del vending. Calidad y tecnolog\u00eda para tu negocio. \u00a1Descubre nuestras soluciones!","publisher":{"@id":"https:\/\/nomesvending.com\/web\/#organization"},"potentialAction":[{"@type":"SearchAction","target":{"@type":"EntryPoint","urlTemplate":"https:\/\/nomesvending.com\/web\/?s={search_term_string}"},"query-input":{"@type":"PropertyValueSpecification","valueRequired":true,"valueName":"search_term_string"}}],"inLanguage":"es"},{"@type":"Organization","@id":"https:\/\/nomesvending.com\/web\/#organization","name":"Nom\u00e9sVending","url":"https:\/\/nomesvending.com\/web\/","logo":{"@type":"ImageObject","inLanguage":"es","@id":"https:\/\/nomesvending.com\/web\/#\/schema\/logo\/image\/","url":"https:\/\/nomesvending.com\/web\/wp-content\/uploads\/2026\/03\/Red-and-White-Modern-Vending-Machine-Services-Instagram-Post.png","contentUrl":"https:\/\/nomesvending.com\/web\/wp-content\/uploads\/2026\/03\/Red-and-White-Modern-Vending-Machine-Services-Instagram-Post.png","width":1080,"height":1080,"caption":"Nom\u00e9sVending"},"image":{"@id":"https:\/\/nomesvending.com\/web\/#\/schema\/logo\/image\/"},"sameAs":["https:\/\/www.facebook.com\/NomesVending\/","https:\/\/www.instagram.com\/nomesvending\/"]}]}},"_links":{"self":[{"href":"https:\/\/nomesvending.com\/web\/wp-json\/wp\/v2\/product\/26432","targetHints":{"allow":["GET"]}}],"collection":[{"href":"https:\/\/nomesvending.com\/web\/wp-json\/wp\/v2\/product"}],"about":[{"href":"https:\/\/nomesvending.com\/web\/wp-json\/wp\/v2\/types\/product"}],"replies":[{"embeddable":true,"href":"https:\/\/nomesvending.com\/web\/wp-json\/wp\/v2\/comments?post=26432"}],"wp:featuredmedia":[{"embeddable":true,"href":"https:\/\/nomesvending.com\/web\/wp-json\/wp\/v2\/media\/26433"}],"wp:attachment":[{"href":"https:\/\/nomesvending.com\/web\/wp-json\/wp\/v2\/media?parent=26432"}],"wp:term":[{"taxonomy":"product_brand","embeddable":true,"href":"https:\/\/nomesvending.com\/web\/wp-json\/wp\/v2\/product_brand?post=26432"},{"taxonomy":"product_cat","embeddable":true,"href":"https:\/\/nomesvending.com\/web\/wp-json\/wp\/v2\/product_cat?post=26432"},{"taxonomy":"product_tag","embeddable":true,"href":"https:\/\/nomesvending.com\/web\/wp-json\/wp\/v2\/product_tag?post=26432"}],"curies":[{"name":"wp","href":"https:\/\/api.w.org\/{rel}","templated":true}]}}