{"id":26434,"date":"2025-10-22T08:58:26","date_gmt":"2025-10-22T08:58:26","guid":{"rendered":"https:\/\/nomesvending.com\/web\/?post_type=product&#038;p=26434"},"modified":"2025-10-22T09:00:16","modified_gmt":"2025-10-22T09:00:16","slug":"claris-xxl-large-filter-cartridge","status":"publish","type":"product","link":"https:\/\/nomesvending.com\/web\/tienda\/sin-categorizar\/claris-xxl-large-filter-cartridge\/","title":{"rendered":"CLARIS XXL &#8211; LARGE FILTER CARTRIDGE"},"content":{"rendered":"<h3 data-start=\"459\" data-end=\"491\">Especificaciones T\u00e9cnicas<\/h3>\n<ul data-start=\"493\" data-end=\"839\">\n<li data-start=\"493\" data-end=\"516\">\n<p data-start=\"495\" data-end=\"516\"><strong data-start=\"495\" data-end=\"505\">Modelo<\/strong>: EV4339-14<\/p>\n<\/li>\n<li data-start=\"517\" data-end=\"575\">\n<p data-start=\"519\" data-end=\"575\"><strong data-start=\"519\" data-end=\"534\">Dimensiones<\/strong>: 47,1 cm de altura x 17,5 cm de di\u00e1metro<\/p>\n<\/li>\n<li data-start=\"576\" data-end=\"621\">\n<p data-start=\"578\" data-end=\"621\"><strong data-start=\"578\" data-end=\"600\">Caudal de servicio<\/strong>: 3,7 l\/min (1,0 gpm)<\/p>\n<\/li>\n<li data-start=\"622\" data-end=\"674\">\n<p data-start=\"624\" data-end=\"674\"><strong data-start=\"624\" data-end=\"646\">Presi\u00f3n de trabajo<\/strong>: 2 \u2013 8 bares (29 \u2013 116 psi)<\/p>\n<\/li>\n<li data-start=\"675\" data-end=\"724\">\n<p data-start=\"677\" data-end=\"724\"><strong data-start=\"677\" data-end=\"710\">Temperatura de funcionamiento<\/strong>: 4\u202f\u00b0C \u2013 30\u202f\u00b0C<\/p>\n<\/li>\n<li data-start=\"725\" data-end=\"764\">\n<p data-start=\"727\" data-end=\"764\"><strong data-start=\"727\" data-end=\"754\">Clasificaci\u00f3n de micras<\/strong>: 5 micras<\/p>\n<\/li>\n<li data-start=\"765\" data-end=\"802\">\n<p data-start=\"767\" data-end=\"802\"><strong data-start=\"767\" data-end=\"789\">Conexi\u00f3n el\u00e9ctrica<\/strong>: No requiere<\/p>\n<\/li>\n<li data-start=\"803\" data-end=\"839\">\n<p data-start=\"805\" data-end=\"839\"><strong data-start=\"805\" data-end=\"816\">Cabezal<\/strong>: Se vende por separado<\/p>\n<\/li>\n<\/ul>\n<hr data-start=\"841\" data-end=\"844\" \/>\n<h3 data-start=\"846\" data-end=\"878\">Aplicaciones Recomendadas<\/h3>\n<ul data-start=\"880\" data-end=\"1026\">\n<li data-start=\"880\" data-end=\"891\">\n<p data-start=\"882\" data-end=\"891\">Cafeteras<\/p>\n<\/li>\n<li data-start=\"892\" data-end=\"914\">\n<p data-start=\"894\" data-end=\"914\">M\u00e1quinas de espresso<\/p>\n<\/li>\n<li data-start=\"915\" data-end=\"950\">\n<p data-start=\"917\" data-end=\"950\">Expendedoras de bebidas calientes<\/p>\n<\/li>\n<li data-start=\"951\" data-end=\"980\">\n<p data-start=\"953\" data-end=\"980\">Hornillos y hornos de vapor<\/p>\n<\/li>\n<li data-start=\"981\" data-end=\"999\">\n<p data-start=\"983\" data-end=\"999\">Robots de cocina<\/p>\n<\/li>\n<li data-start=\"1000\" data-end=\"1026\">\n<p data-start=\"1002\" data-end=\"1026\">Preparaci\u00f3n de t\u00e9 helado<\/p>\n<\/li>\n<\/ul>\n<hr data-start=\"1028\" data-end=\"1031\" \/>\n<h3 data-start=\"1033\" data-end=\"1068\">\ud83d\udd27 Caracter\u00edsticas y Beneficios<\/h3>\n<ul data-start=\"1070\" data-end=\"1529\">\n<li data-start=\"1070\" data-end=\"1244\">\n<p data-start=\"1072\" data-end=\"1099\"><strong data-start=\"1072\" data-end=\"1098\">Filtraci\u00f3n en 5 etapas<\/strong>:<\/p>\n<ul data-start=\"1102\" data-end=\"1244\">\n<li data-start=\"1102\" data-end=\"1117\">\n<p data-start=\"1104\" data-end=\"1117\">Prefiltraci\u00f3n<\/p>\n<\/li>\n<li data-start=\"1120\" data-end=\"1152\">\n<p data-start=\"1122\" data-end=\"1152\">Ajuste de dureza del carbonato<\/p>\n<\/li>\n<li data-start=\"1155\" data-end=\"1172\">\n<p data-start=\"1157\" data-end=\"1172\">Filtraci\u00f3n fina<\/p>\n<\/li>\n<li data-start=\"1175\" data-end=\"1214\">\n<p data-start=\"1177\" data-end=\"1214\">Bloque de carbono altamente eficiente<\/p>\n<\/li>\n<li data-start=\"1217\" data-end=\"1244\">\n<p data-start=\"1219\" data-end=\"1244\">Filtro de membrana s\u00f3lida<\/p>\n<\/li>\n<\/ul>\n<\/li>\n<li data-start=\"1245\" data-end=\"1306\">\n<p data-start=\"1247\" data-end=\"1306\"><strong data-start=\"1247\" data-end=\"1305\">Elimina contaminantes y sabores u olores desagradables<\/strong>.<\/p>\n<\/li>\n<li data-start=\"1307\" data-end=\"1374\">\n<p data-start=\"1309\" data-end=\"1374\"><strong data-start=\"1309\" data-end=\"1373\">Protege los equipos al eliminar part\u00edculas de hasta 5 micras<\/strong>.<\/p>\n<\/li>\n<li data-start=\"1375\" data-end=\"1442\">\n<p data-start=\"1377\" data-end=\"1442\"><strong data-start=\"1377\" data-end=\"1441\">Posibilidad de instalaci\u00f3n en posici\u00f3n vertical u horizontal<\/strong>.<\/p>\n<\/li>\n<li data-start=\"1443\" data-end=\"1529\">\n<p data-start=\"1445\" data-end=\"1529\"><strong data-start=\"1445\" data-end=\"1528\">Ajuste personalizado de dureza para adaptarse a las especificaciones del equipo<\/strong>.<\/p>\n<\/li>\n<\/ul>\n<hr data-start=\"1531\" data-end=\"1534\" \/>\n<h3 data-start=\"1536\" data-end=\"1568\">Capacidades de Filtraci\u00f3n<\/h3>\n<ul data-start=\"1570\" data-end=\"1761\">\n<li data-start=\"1570\" data-end=\"1604\">\n<p data-start=\"1572\" data-end=\"1604\"><strong data-start=\"1572\" data-end=\"1589\">Caf\u00e9 espresso<\/strong>: 11.000 litros<\/p>\n<\/li>\n<li data-start=\"1605\" data-end=\"1634\">\n<p data-start=\"1607\" data-end=\"1634\"><strong data-start=\"1607\" data-end=\"1619\">OCS\/Caf\u00e9<\/strong>: 13.200 litros<\/p>\n<\/li>\n<li data-start=\"1635\" data-end=\"1697\">\n<p data-start=\"1637\" data-end=\"1697\"><strong data-start=\"1637\" data-end=\"1683\">Aplicaciones con vapor (inyecci\u00f3n directa)<\/strong>: 6.600 litros<\/p>\n<\/li>\n<li data-start=\"1698\" data-end=\"1761\">\n<p data-start=\"1700\" data-end=\"1761\"><strong data-start=\"1700\" data-end=\"1747\">Aplicaciones con vapor (basadas en caldera)<\/strong>: 8.250 litros<\/p>\n<\/li>\n<\/ul>\n<p data-start=\"1763\" data-end=\"2066\"><em data-start=\"1763\" data-end=\"2026\">Estas capacidades se basan en una dureza del agua afluente de 180 ppm con ajustes de derivaci\u00f3n est\u00e1ndar. Para aplicaciones con vapor y otros niveles de dureza, consulta las tablas de capacidad y ajustes de derivaci\u00f3n en la gu\u00eda de instalaci\u00f3n y funcionamiento.<\/em> <span class=\"\" data-state=\"closed\"><span class=\"ms-1 inline-flex max-w-full items-center relative top-[-0.094rem] animate-[show_150ms_ease-in]\" data-testid=\"webpage-citation-pill\"><a class=\"flex h-4.5 overflow-hidden rounded-xl px-2 text-[9px] font-medium transition-colors duration-150 ease-in-out text-token-text-secondary! bg-[#F4F4F4]! dark:bg-[#303030]!\" href=\"https:\/\/www.pentair.eu\/sites\/default\/files\/2023-10\/ts-claris-xxl-filter-cartridge-es.pdf?utm_source=chatgpt.com\" target=\"_blank\" rel=\"noopener\"><span class=\"relative start-0 bottom-0 flex h-full w-full items-center\"><span class=\"flex h-4 w-full items-center justify-between overflow-hidden\"><span class=\"max-w-[15ch] grow truncate overflow-hidden text-center\">pentair.eu<\/span><\/span><\/span><\/a><\/span><\/span><\/p>\n<hr data-start=\"2068\" data-end=\"2071\" \/>\n<h3 data-start=\"2073\" data-end=\"2115\">Consejos de Instalaci\u00f3n y Operaci\u00f3n<\/h3>\n<ul data-start=\"2117\" data-end=\"2560\">\n<li data-start=\"2117\" data-end=\"2174\">\n<p data-start=\"2119\" data-end=\"2174\">Instalar una v\u00e1lvula de cierre aguas arriba del filtro.<\/p>\n<\/li>\n<li data-start=\"2175\" data-end=\"2264\">\n<p data-start=\"2177\" data-end=\"2264\">Si la presi\u00f3n de entrada supera los 8 bares, instalar una v\u00e1lvula reductora de presi\u00f3n.<\/p>\n<\/li>\n<li data-start=\"2265\" data-end=\"2350\">\n<p data-start=\"2267\" data-end=\"2350\">Lavar siempre el cartucho filtrante durante la instalaci\u00f3n y el cambio de cartucho.<\/p>\n<\/li>\n<li data-start=\"2351\" data-end=\"2471\">\n<p data-start=\"2353\" data-end=\"2471\">No utilizar tiras de prueba de dureza; emplear un kit de valoraci\u00f3n (EV4339-40) para comprobar la reducci\u00f3n de dureza.<\/p>\n<\/li>\n<li data-start=\"2472\" data-end=\"2560\">\n<p data-start=\"2474\" data-end=\"2560\">Cambiar los cartuchos cuando se alcance su capacidad m\u00e1xima o al menos una vez al a\u00f1o.<\/p>\n<\/li>\n<\/ul>\n","protected":false},"excerpt":{"rendered":"<p class=\"p1\">ADJUSTABLE ION-SELECTIVE FILTERS TO TAILOR<\/p>\n<p class=\"p1\">CARBONATE HARDNESS LEVELS IN POTABLE WATER<\/p>\n","protected":false},"featured_media":26435,"comment_status":"open","ping_status":"closed","template":"","meta":[],"product_brand":[],"product_cat":[26],"product_tag":[],"class_list":{"0":"post-26434","1":"product","2":"type-product","3":"status-publish","4":"has-post-thumbnail","6":"product_cat-sin-categorizar","8":"first","9":"instock","10":"taxable","11":"shipping-taxable","12":"purchasable","13":"product-type-simple"},"yoast_head":"<!-- This site is optimized with the Yoast SEO plugin v27.5 - https:\/\/yoast.com\/product\/yoast-seo-wordpress\/ -->\n<title>CLARIS XXL - LARGE FILTER CARTRIDGE - Nomesvending<\/title>\n<meta name=\"robots\" content=\"index, follow, max-snippet:-1, max-image-preview:large, max-video-preview:-1\" \/>\n<link rel=\"canonical\" href=\"https:\/\/nomesvending.com\/web\/tienda\/sin-categorizar\/claris-xxl-large-filter-cartridge\/\" \/>\n<meta property=\"og:locale\" content=\"es_ES\" \/>\n<meta property=\"og:type\" content=\"article\" \/>\n<meta property=\"og:title\" content=\"CLARIS XXL - LARGE FILTER CARTRIDGE - Nomesvending\" \/>\n<meta property=\"og:description\" content=\"ADJUSTABLE ION-SELECTIVE FILTERS TO TAILOR CARBONATE HARDNESS LEVELS IN POTABLE WATER\" \/>\n<meta property=\"og:url\" content=\"https:\/\/nomesvending.com\/web\/tienda\/sin-categorizar\/claris-xxl-large-filter-cartridge\/\" \/>\n<meta property=\"og:site_name\" content=\"Nomesvending\" \/>\n<meta property=\"article:publisher\" content=\"https:\/\/www.facebook.com\/NomesVending\/\" \/>\n<meta property=\"article:modified_time\" content=\"2025-10-22T09:00:16+00:00\" \/>\n<meta property=\"og:image\" content=\"https:\/\/nomesvending.com\/web\/wp-content\/uploads\/2025\/10\/Productos-Consumibles-Nomesvending-5.jpg\" \/>\n\t<meta property=\"og:image:width\" content=\"500\" \/>\n\t<meta property=\"og:image:height\" content=\"500\" \/>\n\t<meta property=\"og:image:type\" content=\"image\/jpeg\" \/>\n<meta name=\"twitter:card\" content=\"summary_large_image\" \/>\n<meta name=\"twitter:label1\" content=\"Tiempo de lectura\" \/>\n\t<meta name=\"twitter:data1\" content=\"2 minutos\" \/>\n<script type=\"application\/ld+json\" class=\"yoast-schema-graph\">{\"@context\":\"https:\\\/\\\/schema.org\",\"@graph\":[{\"@type\":\"WebPage\",\"@id\":\"https:\\\/\\\/nomesvending.com\\\/web\\\/tienda\\\/sin-categorizar\\\/claris-xxl-large-filter-cartridge\\\/\",\"url\":\"https:\\\/\\\/nomesvending.com\\\/web\\\/tienda\\\/sin-categorizar\\\/claris-xxl-large-filter-cartridge\\\/\",\"name\":\"CLARIS XXL - LARGE FILTER CARTRIDGE - Nomesvending\",\"isPartOf\":{\"@id\":\"https:\\\/\\\/nomesvending.com\\\/web\\\/#website\"},\"primaryImageOfPage\":{\"@id\":\"https:\\\/\\\/nomesvending.com\\\/web\\\/tienda\\\/sin-categorizar\\\/claris-xxl-large-filter-cartridge\\\/#primaryimage\"},\"image\":{\"@id\":\"https:\\\/\\\/nomesvending.com\\\/web\\\/tienda\\\/sin-categorizar\\\/claris-xxl-large-filter-cartridge\\\/#primaryimage\"},\"thumbnailUrl\":\"https:\\\/\\\/nomesvending.com\\\/web\\\/wp-content\\\/uploads\\\/2025\\\/10\\\/Productos-Consumibles-Nomesvending-5.jpg\",\"datePublished\":\"2025-10-22T08:58:26+00:00\",\"dateModified\":\"2025-10-22T09:00:16+00:00\",\"breadcrumb\":{\"@id\":\"https:\\\/\\\/nomesvending.com\\\/web\\\/tienda\\\/sin-categorizar\\\/claris-xxl-large-filter-cartridge\\\/#breadcrumb\"},\"inLanguage\":\"es\",\"potentialAction\":[{\"@type\":\"ReadAction\",\"target\":[\"https:\\\/\\\/nomesvending.com\\\/web\\\/tienda\\\/sin-categorizar\\\/claris-xxl-large-filter-cartridge\\\/\"]}]},{\"@type\":\"ImageObject\",\"inLanguage\":\"es\",\"@id\":\"https:\\\/\\\/nomesvending.com\\\/web\\\/tienda\\\/sin-categorizar\\\/claris-xxl-large-filter-cartridge\\\/#primaryimage\",\"url\":\"https:\\\/\\\/nomesvending.com\\\/web\\\/wp-content\\\/uploads\\\/2025\\\/10\\\/Productos-Consumibles-Nomesvending-5.jpg\",\"contentUrl\":\"https:\\\/\\\/nomesvending.com\\\/web\\\/wp-content\\\/uploads\\\/2025\\\/10\\\/Productos-Consumibles-Nomesvending-5.jpg\",\"width\":500,\"height\":500,\"caption\":\"CLARIS XXL - LARGE FILTER CARTRIDGE\"},{\"@type\":\"BreadcrumbList\",\"@id\":\"https:\\\/\\\/nomesvending.com\\\/web\\\/tienda\\\/sin-categorizar\\\/claris-xxl-large-filter-cartridge\\\/#breadcrumb\",\"itemListElement\":[{\"@type\":\"ListItem\",\"position\":1,\"name\":\"Portada\",\"item\":\"https:\\\/\\\/nomesvending.com\\\/web\\\/\"},{\"@type\":\"ListItem\",\"position\":2,\"name\":\"Tienda\",\"item\":\"https:\\\/\\\/nomesvending.com\\\/web\\\/tienda\\\/\"},{\"@type\":\"ListItem\",\"position\":3,\"name\":\"CLARIS XXL &#8211; LARGE FILTER CARTRIDGE\"}]},{\"@type\":\"WebSite\",\"@id\":\"https:\\\/\\\/nomesvending.com\\\/web\\\/#website\",\"url\":\"https:\\\/\\\/nomesvending.com\\\/web\\\/\",\"name\":\"Nom\u00e9sVending\",\"description\":\"M\u00e1quinas, filtros, recambios, monederos, consumibles y todo lo que necesitas para el mundo del vending. Calidad y tecnolog\u00eda para tu negocio. \u00a1Descubre nuestras soluciones!\",\"publisher\":{\"@id\":\"https:\\\/\\\/nomesvending.com\\\/web\\\/#organization\"},\"potentialAction\":[{\"@type\":\"SearchAction\",\"target\":{\"@type\":\"EntryPoint\",\"urlTemplate\":\"https:\\\/\\\/nomesvending.com\\\/web\\\/?s={search_term_string}\"},\"query-input\":{\"@type\":\"PropertyValueSpecification\",\"valueRequired\":true,\"valueName\":\"search_term_string\"}}],\"inLanguage\":\"es\"},{\"@type\":\"Organization\",\"@id\":\"https:\\\/\\\/nomesvending.com\\\/web\\\/#organization\",\"name\":\"Nom\u00e9sVending\",\"url\":\"https:\\\/\\\/nomesvending.com\\\/web\\\/\",\"logo\":{\"@type\":\"ImageObject\",\"inLanguage\":\"es\",\"@id\":\"https:\\\/\\\/nomesvending.com\\\/web\\\/#\\\/schema\\\/logo\\\/image\\\/\",\"url\":\"https:\\\/\\\/nomesvending.com\\\/web\\\/wp-content\\\/uploads\\\/2026\\\/03\\\/Red-and-White-Modern-Vending-Machine-Services-Instagram-Post.png\",\"contentUrl\":\"https:\\\/\\\/nomesvending.com\\\/web\\\/wp-content\\\/uploads\\\/2026\\\/03\\\/Red-and-White-Modern-Vending-Machine-Services-Instagram-Post.png\",\"width\":1080,\"height\":1080,\"caption\":\"Nom\u00e9sVending\"},\"image\":{\"@id\":\"https:\\\/\\\/nomesvending.com\\\/web\\\/#\\\/schema\\\/logo\\\/image\\\/\"},\"sameAs\":[\"https:\\\/\\\/www.facebook.com\\\/NomesVending\\\/\",\"https:\\\/\\\/www.instagram.com\\\/nomesvending\\\/\"]}]}<\/script>\n<!-- \/ Yoast SEO plugin. -->","yoast_head_json":{"title":"CLARIS XXL - LARGE FILTER CARTRIDGE - Nomesvending","robots":{"index":"index","follow":"follow","max-snippet":"max-snippet:-1","max-image-preview":"max-image-preview:large","max-video-preview":"max-video-preview:-1"},"canonical":"https:\/\/nomesvending.com\/web\/tienda\/sin-categorizar\/claris-xxl-large-filter-cartridge\/","og_locale":"es_ES","og_type":"article","og_title":"CLARIS XXL - LARGE FILTER CARTRIDGE - Nomesvending","og_description":"ADJUSTABLE ION-SELECTIVE FILTERS TO TAILOR CARBONATE HARDNESS LEVELS IN POTABLE WATER","og_url":"https:\/\/nomesvending.com\/web\/tienda\/sin-categorizar\/claris-xxl-large-filter-cartridge\/","og_site_name":"Nomesvending","article_publisher":"https:\/\/www.facebook.com\/NomesVending\/","article_modified_time":"2025-10-22T09:00:16+00:00","og_image":[{"width":500,"height":500,"url":"https:\/\/nomesvending.com\/web\/wp-content\/uploads\/2025\/10\/Productos-Consumibles-Nomesvending-5.jpg","type":"image\/jpeg"}],"twitter_card":"summary_large_image","twitter_misc":{"Tiempo de lectura":"2 minutos"},"schema":{"@context":"https:\/\/schema.org","@graph":[{"@type":"WebPage","@id":"https:\/\/nomesvending.com\/web\/tienda\/sin-categorizar\/claris-xxl-large-filter-cartridge\/","url":"https:\/\/nomesvending.com\/web\/tienda\/sin-categorizar\/claris-xxl-large-filter-cartridge\/","name":"CLARIS XXL - LARGE FILTER CARTRIDGE - Nomesvending","isPartOf":{"@id":"https:\/\/nomesvending.com\/web\/#website"},"primaryImageOfPage":{"@id":"https:\/\/nomesvending.com\/web\/tienda\/sin-categorizar\/claris-xxl-large-filter-cartridge\/#primaryimage"},"image":{"@id":"https:\/\/nomesvending.com\/web\/tienda\/sin-categorizar\/claris-xxl-large-filter-cartridge\/#primaryimage"},"thumbnailUrl":"https:\/\/nomesvending.com\/web\/wp-content\/uploads\/2025\/10\/Productos-Consumibles-Nomesvending-5.jpg","datePublished":"2025-10-22T08:58:26+00:00","dateModified":"2025-10-22T09:00:16+00:00","breadcrumb":{"@id":"https:\/\/nomesvending.com\/web\/tienda\/sin-categorizar\/claris-xxl-large-filter-cartridge\/#breadcrumb"},"inLanguage":"es","potentialAction":[{"@type":"ReadAction","target":["https:\/\/nomesvending.com\/web\/tienda\/sin-categorizar\/claris-xxl-large-filter-cartridge\/"]}]},{"@type":"ImageObject","inLanguage":"es","@id":"https:\/\/nomesvending.com\/web\/tienda\/sin-categorizar\/claris-xxl-large-filter-cartridge\/#primaryimage","url":"https:\/\/nomesvending.com\/web\/wp-content\/uploads\/2025\/10\/Productos-Consumibles-Nomesvending-5.jpg","contentUrl":"https:\/\/nomesvending.com\/web\/wp-content\/uploads\/2025\/10\/Productos-Consumibles-Nomesvending-5.jpg","width":500,"height":500,"caption":"CLARIS XXL - LARGE FILTER CARTRIDGE"},{"@type":"BreadcrumbList","@id":"https:\/\/nomesvending.com\/web\/tienda\/sin-categorizar\/claris-xxl-large-filter-cartridge\/#breadcrumb","itemListElement":[{"@type":"ListItem","position":1,"name":"Portada","item":"https:\/\/nomesvending.com\/web\/"},{"@type":"ListItem","position":2,"name":"Tienda","item":"https:\/\/nomesvending.com\/web\/tienda\/"},{"@type":"ListItem","position":3,"name":"CLARIS XXL &#8211; LARGE FILTER CARTRIDGE"}]},{"@type":"WebSite","@id":"https:\/\/nomesvending.com\/web\/#website","url":"https:\/\/nomesvending.com\/web\/","name":"Nom\u00e9sVending","description":"M\u00e1quinas, filtros, recambios, monederos, consumibles y todo lo que necesitas para el mundo del vending. Calidad y tecnolog\u00eda para tu negocio. \u00a1Descubre nuestras soluciones!","publisher":{"@id":"https:\/\/nomesvending.com\/web\/#organization"},"potentialAction":[{"@type":"SearchAction","target":{"@type":"EntryPoint","urlTemplate":"https:\/\/nomesvending.com\/web\/?s={search_term_string}"},"query-input":{"@type":"PropertyValueSpecification","valueRequired":true,"valueName":"search_term_string"}}],"inLanguage":"es"},{"@type":"Organization","@id":"https:\/\/nomesvending.com\/web\/#organization","name":"Nom\u00e9sVending","url":"https:\/\/nomesvending.com\/web\/","logo":{"@type":"ImageObject","inLanguage":"es","@id":"https:\/\/nomesvending.com\/web\/#\/schema\/logo\/image\/","url":"https:\/\/nomesvending.com\/web\/wp-content\/uploads\/2026\/03\/Red-and-White-Modern-Vending-Machine-Services-Instagram-Post.png","contentUrl":"https:\/\/nomesvending.com\/web\/wp-content\/uploads\/2026\/03\/Red-and-White-Modern-Vending-Machine-Services-Instagram-Post.png","width":1080,"height":1080,"caption":"Nom\u00e9sVending"},"image":{"@id":"https:\/\/nomesvending.com\/web\/#\/schema\/logo\/image\/"},"sameAs":["https:\/\/www.facebook.com\/NomesVending\/","https:\/\/www.instagram.com\/nomesvending\/"]}]}},"_links":{"self":[{"href":"https:\/\/nomesvending.com\/web\/wp-json\/wp\/v2\/product\/26434","targetHints":{"allow":["GET"]}}],"collection":[{"href":"https:\/\/nomesvending.com\/web\/wp-json\/wp\/v2\/product"}],"about":[{"href":"https:\/\/nomesvending.com\/web\/wp-json\/wp\/v2\/types\/product"}],"replies":[{"embeddable":true,"href":"https:\/\/nomesvending.com\/web\/wp-json\/wp\/v2\/comments?post=26434"}],"wp:featuredmedia":[{"embeddable":true,"href":"https:\/\/nomesvending.com\/web\/wp-json\/wp\/v2\/media\/26435"}],"wp:attachment":[{"href":"https:\/\/nomesvending.com\/web\/wp-json\/wp\/v2\/media?parent=26434"}],"wp:term":[{"taxonomy":"product_brand","embeddable":true,"href":"https:\/\/nomesvending.com\/web\/wp-json\/wp\/v2\/product_brand?post=26434"},{"taxonomy":"product_cat","embeddable":true,"href":"https:\/\/nomesvending.com\/web\/wp-json\/wp\/v2\/product_cat?post=26434"},{"taxonomy":"product_tag","embeddable":true,"href":"https:\/\/nomesvending.com\/web\/wp-json\/wp\/v2\/product_tag?post=26434"}],"curies":[{"name":"wp","href":"https:\/\/api.w.org\/{rel}","templated":true}]}}