{"id":26541,"date":"2025-11-06T08:43:14","date_gmt":"2025-11-06T08:43:14","guid":{"rendered":"https:\/\/nomesvending.com\/web\/?post_type=product&#038;p=26541"},"modified":"2026-01-20T06:53:32","modified_gmt":"2026-01-20T06:53:32","slug":"barista-600-pro-touch","status":"publish","type":"product","link":"https:\/\/nomesvending.com\/web\/tienda\/maquinas\/maquinas-vending\/barista-600-pro-touch\/","title":{"rendered":"BARISTA 600 PRO TOUCH"},"content":{"rendered":"<p><a style=\"display: inline-block; background-color: #a1a895; color: #ffffff; padding: 10px 20px; border-radius: 5px; text-decoration: none; font-weight: bold; font-family: sans-serif;\" href=\"https:\/\/nomesvending.com\/web\/wp-content\/uploads\/2025\/11\/Barista-600-Pro-Touch.pdf\" target=\"_blank\" rel=\"noopener\">\u00a0Descarga Cat\u00e1logo<\/a><\/p>\n<p>&nbsp;<\/p>\n<h2>Dise\u00f1ada para la fiabilidad. Dise\u00f1ada para la experiencia.<\/h2>\n<p>Descubre la \u00faltima innovaci\u00f3n de <strong>Necta<\/strong>, una m\u00e1quina que combina <strong>tecnolog\u00eda avanzada, dise\u00f1o contempor\u00e1neo y un rendimiento excepcional<\/strong>. Creada para ofrecer una experiencia superior a los usuarios y operadores m\u00e1s exigentes.<\/p>\n<h3>Experiencia de usuario superior<\/h3>\n<p>La nueva Necta redefine la interacci\u00f3n con el consumidor gracias a una <strong>pantalla t\u00e1ctil ergon\u00f3mica integrada<\/strong> en el \u00e1rea de dispensaci\u00f3n. Su dise\u00f1o compacto y elegante permite una navegaci\u00f3n c\u00f3moda y moderna.<br \/>\nLa <strong>interfaz de usuario personalizable de 21\u201d<\/strong> eleva la presentaci\u00f3n del producto y simplifica cada paso del proceso de compra.<\/p>\n<h3>Nativa digital<\/h3>\n<p>Con <strong>conectividad total<\/strong> (USB, LAN, Wi-Fi y Bluetooth), esta m\u00e1quina permite <strong>gesti\u00f3n remota, soporte en la nube y actualizaciones de servicio en tiempo real<\/strong>. Su men\u00fa de programaci\u00f3n sencillo y unificado facilita la operativa diaria en toda la gama de productos Evoca.<\/p>\n<h3>Grandes valores de Barista<\/h3>\n<p>Disfruta de una <strong>calidad de caf\u00e9 excepcional<\/strong> gracias al grupo de caf\u00e9 <strong>Z4000 patentado<\/strong>, dise\u00f1ado para ofrecer el mejor sabor en cada taza. Su durabilidad y eficiencia establecen un <strong>nuevo est\u00e1ndar de rendimiento<\/strong> en el sector, ideal para operadores que priorizan la fiabilidad.<\/p>\n<h3>Excelencia sostenible<\/h3>\n<p>Necta est\u00e1 comprometida con el futuro:<\/p>\n<ul>\n<li>Fabricada con <strong>pl\u00e1sticos biocirculares<\/strong> y hasta un <strong>96% de componentes reciclables<\/strong>.<\/li>\n<li>Circuito hidr\u00e1ulico <strong>100% libre de plomo<\/strong> y <strong>embalaje completamente reciclable<\/strong>.<\/li>\n<li>Clasificaci\u00f3n energ\u00e9tica de hasta <strong>A+ seg\u00fan el protocolo EVA-EMP<\/strong>.<\/li>\n<li>Reducci\u00f3n de la huella de carbono hasta un <strong>8%<\/strong> y <strong>credenciales ESG l\u00edderes<\/strong> en la industria.<\/li>\n<\/ul>\n<h3>Datos t\u00e9cnicos<\/h3>\n<ul>\n<li>Voltaje: 230 V \/ 110 V<\/li>\n<li>Frecuencia: 50 Hz \/ 60 Hz<\/li>\n<li>Potencia: 1850 W (caldera simple) \/ 2850 W (doble caldera)<\/li>\n<li>Calderas: 1&#215;0.5 L o 1&#215;0.2 L + 1&#215;0.5 L<\/li>\n<li>Conectividad: USB \/ LAN \/ Wi-Fi \/ Bluetooth<\/li>\n<li>Peso: 142 kg<\/li>\n<\/ul>\n<h3>Sostenibilidad en cifras<\/h3>\n<ul>\n<li><strong>Huella de carbono anual<\/strong>: 226\u2013301 kgCO\u2082eq<\/li>\n<li><strong>Reparabilidad:<\/strong> 9\/10<\/li>\n<li><strong>Reciclabilidad total:<\/strong> 96%<\/li>\n<li><strong>Embalaje reciclable:<\/strong> 100%<\/li>\n<li><strong>34% acero reciclado, 39% papel reciclado, 11% pl\u00e1stico biocircular<\/strong><\/li>\n<li><strong>Fabricaci\u00f3n con energ\u00eda 100% renovable<\/strong><\/li>\n<\/ul>\n<p>Necta no solo prepara un caf\u00e9 perfecto, sino que lo hace con <strong>responsabilidad ambiental y eficiencia operativa<\/strong>.<br \/>\n<strong>Evoca: innovando hoy para un ma\u00f1ana m\u00e1s sostenible.<\/strong><\/p>\n","protected":false},"excerpt":{"rendered":"<p>\u00a0Descarga Cat\u00e1logo &nbsp; Dise\u00f1ada para la fiabilidad. Dise\u00f1ada para la experiencia. Descubre la \u00faltima innovaci\u00f3n de Necta, una m\u00e1quina que combina tecnolog\u00eda avanzada, dise\u00f1o contempor\u00e1neo y un rendimiento excepcional. Creada para ofrecer una experiencia superior a los usuarios y operadores m\u00e1s exigentes. Experiencia de usuario superior La nueva Necta redefine la interacci\u00f3n con el consumidor [&hellip;]<\/p>\n","protected":false},"featured_media":26549,"comment_status":"open","ping_status":"closed","template":"","meta":[],"product_brand":[227],"product_cat":[151,189],"product_tag":[],"class_list":{"0":"post-26541","1":"product","2":"type-product","3":"status-publish","4":"has-post-thumbnail","6":"product_brand-evoca","7":"product_cat-maquinas","8":"product_cat-maquinas-vending","10":"first","11":"instock","12":"taxable","13":"shipping-taxable","14":"purchasable","15":"product-type-variable"},"yoast_head":"<!-- This site is optimized with the Yoast SEO plugin v27.0 - https:\/\/yoast.com\/product\/yoast-seo-wordpress\/ -->\n<title>BARISTA 600 PRO TOUCH - Nomesvending<\/title>\n<meta name=\"robots\" content=\"index, follow, max-snippet:-1, max-image-preview:large, max-video-preview:-1\" \/>\n<link rel=\"canonical\" href=\"https:\/\/nomesvending.com\/web\/tienda\/maquinas\/maquinas-vending\/barista-600-pro-touch\/\" \/>\n<meta property=\"og:locale\" content=\"es_ES\" \/>\n<meta property=\"og:type\" content=\"article\" \/>\n<meta property=\"og:title\" content=\"BARISTA 600 PRO TOUCH - Nomesvending\" \/>\n<meta property=\"og:description\" content=\"\u00a0Descarga Cat\u00e1logo &nbsp; Dise\u00f1ada para la fiabilidad. Dise\u00f1ada para la experiencia. Descubre la \u00faltima innovaci\u00f3n de Necta, una m\u00e1quina que combina tecnolog\u00eda avanzada, dise\u00f1o contempor\u00e1neo y un rendimiento excepcional. Creada para ofrecer una experiencia superior a los usuarios y operadores m\u00e1s exigentes. Experiencia de usuario superior La nueva Necta redefine la interacci\u00f3n con el consumidor [&hellip;]\" \/>\n<meta property=\"og:url\" content=\"https:\/\/nomesvending.com\/web\/tienda\/maquinas\/maquinas-vending\/barista-600-pro-touch\/\" \/>\n<meta property=\"og:site_name\" content=\"Nomesvending\" \/>\n<meta property=\"article:publisher\" content=\"https:\/\/www.facebook.com\/NomesVending\/\" \/>\n<meta property=\"article:modified_time\" content=\"2026-01-20T06:53:32+00:00\" \/>\n<meta property=\"og:image\" content=\"https:\/\/nomesvending.com\/web\/wp-content\/uploads\/2025\/11\/GUSTO-6.jpg\" \/>\n\t<meta property=\"og:image:width\" content=\"900\" \/>\n\t<meta property=\"og:image:height\" content=\"900\" \/>\n\t<meta property=\"og:image:type\" content=\"image\/jpeg\" \/>\n<meta name=\"twitter:card\" content=\"summary_large_image\" \/>\n<meta name=\"twitter:label1\" content=\"Tiempo de lectura\" \/>\n\t<meta name=\"twitter:data1\" content=\"2 minutos\" \/>\n<script type=\"application\/ld+json\" class=\"yoast-schema-graph\">{\"@context\":\"https:\/\/schema.org\",\"@graph\":[{\"@type\":\"WebPage\",\"@id\":\"https:\/\/nomesvending.com\/web\/tienda\/maquinas\/maquinas-vending\/barista-600-pro-touch\/\",\"url\":\"https:\/\/nomesvending.com\/web\/tienda\/maquinas\/maquinas-vending\/barista-600-pro-touch\/\",\"name\":\"BARISTA 600 PRO TOUCH - Nomesvending\",\"isPartOf\":{\"@id\":\"https:\/\/nomesvending.com\/web\/#website\"},\"primaryImageOfPage\":{\"@id\":\"https:\/\/nomesvending.com\/web\/tienda\/maquinas\/maquinas-vending\/barista-600-pro-touch\/#primaryimage\"},\"image\":{\"@id\":\"https:\/\/nomesvending.com\/web\/tienda\/maquinas\/maquinas-vending\/barista-600-pro-touch\/#primaryimage\"},\"thumbnailUrl\":\"https:\/\/nomesvending.com\/web\/wp-content\/uploads\/2025\/11\/GUSTO-6.jpg\",\"datePublished\":\"2025-11-06T08:43:14+00:00\",\"dateModified\":\"2026-01-20T06:53:32+00:00\",\"breadcrumb\":{\"@id\":\"https:\/\/nomesvending.com\/web\/tienda\/maquinas\/maquinas-vending\/barista-600-pro-touch\/#breadcrumb\"},\"inLanguage\":\"es\",\"potentialAction\":[{\"@type\":\"ReadAction\",\"target\":[\"https:\/\/nomesvending.com\/web\/tienda\/maquinas\/maquinas-vending\/barista-600-pro-touch\/\"]}]},{\"@type\":\"ImageObject\",\"inLanguage\":\"es\",\"@id\":\"https:\/\/nomesvending.com\/web\/tienda\/maquinas\/maquinas-vending\/barista-600-pro-touch\/#primaryimage\",\"url\":\"https:\/\/nomesvending.com\/web\/wp-content\/uploads\/2025\/11\/GUSTO-6.jpg\",\"contentUrl\":\"https:\/\/nomesvending.com\/web\/wp-content\/uploads\/2025\/11\/GUSTO-6.jpg\",\"width\":900,\"height\":900,\"caption\":\"BARISTA 600 PRO TOUCH\"},{\"@type\":\"BreadcrumbList\",\"@id\":\"https:\/\/nomesvending.com\/web\/tienda\/maquinas\/maquinas-vending\/barista-600-pro-touch\/#breadcrumb\",\"itemListElement\":[{\"@type\":\"ListItem\",\"position\":1,\"name\":\"Portada\",\"item\":\"https:\/\/nomesvending.com\/web\/\"},{\"@type\":\"ListItem\",\"position\":2,\"name\":\"Tienda\",\"item\":\"https:\/\/nomesvending.com\/web\/tienda\/\"},{\"@type\":\"ListItem\",\"position\":3,\"name\":\"BARISTA 600 PRO TOUCH\"}]},{\"@type\":\"WebSite\",\"@id\":\"https:\/\/nomesvending.com\/web\/#website\",\"url\":\"https:\/\/nomesvending.com\/web\/\",\"name\":\"Nom\u00e9sVending\",\"description\":\"M\u00e1quinas, filtros, recambios, monederos, consumibles y todo lo que necesitas para el mundo del vending. Calidad y tecnolog\u00eda para tu negocio. \u00a1Descubre nuestras soluciones!\",\"publisher\":{\"@id\":\"https:\/\/nomesvending.com\/web\/#organization\"},\"potentialAction\":[{\"@type\":\"SearchAction\",\"target\":{\"@type\":\"EntryPoint\",\"urlTemplate\":\"https:\/\/nomesvending.com\/web\/?s={search_term_string}\"},\"query-input\":{\"@type\":\"PropertyValueSpecification\",\"valueRequired\":true,\"valueName\":\"search_term_string\"}}],\"inLanguage\":\"es\"},{\"@type\":\"Organization\",\"@id\":\"https:\/\/nomesvending.com\/web\/#organization\",\"name\":\"Nom\u00e9sVending\",\"url\":\"https:\/\/nomesvending.com\/web\/\",\"logo\":{\"@type\":\"ImageObject\",\"inLanguage\":\"es\",\"@id\":\"https:\/\/nomesvending.com\/web\/#\/schema\/logo\/image\/\",\"url\":\"https:\/\/nomesvending.com\/web\/wp-content\/uploads\/2026\/03\/Red-and-White-Modern-Vending-Machine-Services-Instagram-Post.png\",\"contentUrl\":\"https:\/\/nomesvending.com\/web\/wp-content\/uploads\/2026\/03\/Red-and-White-Modern-Vending-Machine-Services-Instagram-Post.png\",\"width\":1080,\"height\":1080,\"caption\":\"Nom\u00e9sVending\"},\"image\":{\"@id\":\"https:\/\/nomesvending.com\/web\/#\/schema\/logo\/image\/\"},\"sameAs\":[\"https:\/\/www.facebook.com\/NomesVending\/\",\"https:\/\/www.instagram.com\/nomesvending\/\"]}]}<\/script>\n<!-- \/ Yoast SEO plugin. -->","yoast_head_json":{"title":"BARISTA 600 PRO TOUCH - Nomesvending","robots":{"index":"index","follow":"follow","max-snippet":"max-snippet:-1","max-image-preview":"max-image-preview:large","max-video-preview":"max-video-preview:-1"},"canonical":"https:\/\/nomesvending.com\/web\/tienda\/maquinas\/maquinas-vending\/barista-600-pro-touch\/","og_locale":"es_ES","og_type":"article","og_title":"BARISTA 600 PRO TOUCH - Nomesvending","og_description":"\u00a0Descarga Cat\u00e1logo &nbsp; Dise\u00f1ada para la fiabilidad. Dise\u00f1ada para la experiencia. Descubre la \u00faltima innovaci\u00f3n de Necta, una m\u00e1quina que combina tecnolog\u00eda avanzada, dise\u00f1o contempor\u00e1neo y un rendimiento excepcional. Creada para ofrecer una experiencia superior a los usuarios y operadores m\u00e1s exigentes. Experiencia de usuario superior La nueva Necta redefine la interacci\u00f3n con el consumidor [&hellip;]","og_url":"https:\/\/nomesvending.com\/web\/tienda\/maquinas\/maquinas-vending\/barista-600-pro-touch\/","og_site_name":"Nomesvending","article_publisher":"https:\/\/www.facebook.com\/NomesVending\/","article_modified_time":"2026-01-20T06:53:32+00:00","og_image":[{"width":900,"height":900,"url":"https:\/\/nomesvending.com\/web\/wp-content\/uploads\/2025\/11\/GUSTO-6.jpg","type":"image\/jpeg"}],"twitter_card":"summary_large_image","twitter_misc":{"Tiempo de lectura":"2 minutos"},"schema":{"@context":"https:\/\/schema.org","@graph":[{"@type":"WebPage","@id":"https:\/\/nomesvending.com\/web\/tienda\/maquinas\/maquinas-vending\/barista-600-pro-touch\/","url":"https:\/\/nomesvending.com\/web\/tienda\/maquinas\/maquinas-vending\/barista-600-pro-touch\/","name":"BARISTA 600 PRO TOUCH - Nomesvending","isPartOf":{"@id":"https:\/\/nomesvending.com\/web\/#website"},"primaryImageOfPage":{"@id":"https:\/\/nomesvending.com\/web\/tienda\/maquinas\/maquinas-vending\/barista-600-pro-touch\/#primaryimage"},"image":{"@id":"https:\/\/nomesvending.com\/web\/tienda\/maquinas\/maquinas-vending\/barista-600-pro-touch\/#primaryimage"},"thumbnailUrl":"https:\/\/nomesvending.com\/web\/wp-content\/uploads\/2025\/11\/GUSTO-6.jpg","datePublished":"2025-11-06T08:43:14+00:00","dateModified":"2026-01-20T06:53:32+00:00","breadcrumb":{"@id":"https:\/\/nomesvending.com\/web\/tienda\/maquinas\/maquinas-vending\/barista-600-pro-touch\/#breadcrumb"},"inLanguage":"es","potentialAction":[{"@type":"ReadAction","target":["https:\/\/nomesvending.com\/web\/tienda\/maquinas\/maquinas-vending\/barista-600-pro-touch\/"]}]},{"@type":"ImageObject","inLanguage":"es","@id":"https:\/\/nomesvending.com\/web\/tienda\/maquinas\/maquinas-vending\/barista-600-pro-touch\/#primaryimage","url":"https:\/\/nomesvending.com\/web\/wp-content\/uploads\/2025\/11\/GUSTO-6.jpg","contentUrl":"https:\/\/nomesvending.com\/web\/wp-content\/uploads\/2025\/11\/GUSTO-6.jpg","width":900,"height":900,"caption":"BARISTA 600 PRO TOUCH"},{"@type":"BreadcrumbList","@id":"https:\/\/nomesvending.com\/web\/tienda\/maquinas\/maquinas-vending\/barista-600-pro-touch\/#breadcrumb","itemListElement":[{"@type":"ListItem","position":1,"name":"Portada","item":"https:\/\/nomesvending.com\/web\/"},{"@type":"ListItem","position":2,"name":"Tienda","item":"https:\/\/nomesvending.com\/web\/tienda\/"},{"@type":"ListItem","position":3,"name":"BARISTA 600 PRO TOUCH"}]},{"@type":"WebSite","@id":"https:\/\/nomesvending.com\/web\/#website","url":"https:\/\/nomesvending.com\/web\/","name":"Nom\u00e9sVending","description":"M\u00e1quinas, filtros, recambios, monederos, consumibles y todo lo que necesitas para el mundo del vending. Calidad y tecnolog\u00eda para tu negocio. \u00a1Descubre nuestras soluciones!","publisher":{"@id":"https:\/\/nomesvending.com\/web\/#organization"},"potentialAction":[{"@type":"SearchAction","target":{"@type":"EntryPoint","urlTemplate":"https:\/\/nomesvending.com\/web\/?s={search_term_string}"},"query-input":{"@type":"PropertyValueSpecification","valueRequired":true,"valueName":"search_term_string"}}],"inLanguage":"es"},{"@type":"Organization","@id":"https:\/\/nomesvending.com\/web\/#organization","name":"Nom\u00e9sVending","url":"https:\/\/nomesvending.com\/web\/","logo":{"@type":"ImageObject","inLanguage":"es","@id":"https:\/\/nomesvending.com\/web\/#\/schema\/logo\/image\/","url":"https:\/\/nomesvending.com\/web\/wp-content\/uploads\/2026\/03\/Red-and-White-Modern-Vending-Machine-Services-Instagram-Post.png","contentUrl":"https:\/\/nomesvending.com\/web\/wp-content\/uploads\/2026\/03\/Red-and-White-Modern-Vending-Machine-Services-Instagram-Post.png","width":1080,"height":1080,"caption":"Nom\u00e9sVending"},"image":{"@id":"https:\/\/nomesvending.com\/web\/#\/schema\/logo\/image\/"},"sameAs":["https:\/\/www.facebook.com\/NomesVending\/","https:\/\/www.instagram.com\/nomesvending\/"]}]}},"_links":{"self":[{"href":"https:\/\/nomesvending.com\/web\/wp-json\/wp\/v2\/product\/26541","targetHints":{"allow":["GET"]}}],"collection":[{"href":"https:\/\/nomesvending.com\/web\/wp-json\/wp\/v2\/product"}],"about":[{"href":"https:\/\/nomesvending.com\/web\/wp-json\/wp\/v2\/types\/product"}],"replies":[{"embeddable":true,"href":"https:\/\/nomesvending.com\/web\/wp-json\/wp\/v2\/comments?post=26541"}],"wp:featuredmedia":[{"embeddable":true,"href":"https:\/\/nomesvending.com\/web\/wp-json\/wp\/v2\/media\/26549"}],"wp:attachment":[{"href":"https:\/\/nomesvending.com\/web\/wp-json\/wp\/v2\/media?parent=26541"}],"wp:term":[{"taxonomy":"product_brand","embeddable":true,"href":"https:\/\/nomesvending.com\/web\/wp-json\/wp\/v2\/product_brand?post=26541"},{"taxonomy":"product_cat","embeddable":true,"href":"https:\/\/nomesvending.com\/web\/wp-json\/wp\/v2\/product_cat?post=26541"},{"taxonomy":"product_tag","embeddable":true,"href":"https:\/\/nomesvending.com\/web\/wp-json\/wp\/v2\/product_tag?post=26541"}],"curies":[{"name":"wp","href":"https:\/\/api.w.org\/{rel}","templated":true}]}}