{"id":26547,"date":"2025-11-06T08:53:11","date_gmt":"2025-11-06T08:53:11","guid":{"rendered":"https:\/\/nomesvending.com\/web\/?post_type=product&#038;p=26547"},"modified":"2026-04-29T06:45:47","modified_gmt":"2026-04-29T06:45:47","slug":"barista-500-pro-touch-2","status":"publish","type":"product","link":"https:\/\/nomesvending.com\/web\/tienda\/maquinas\/maquinas-vending\/maquinas-cafe\/barista-500-pro-touch-2\/","title":{"rendered":"BARISTA 500 PRO TOUCH"},"content":{"rendered":"<p><a style=\"display: inline-block; background-color: #a1a895; color: #ffffff; padding: 10px 20px; border-radius: 5px; text-decoration: none; font-weight: bold; font-family: sans-serif;\" href=\"https:\/\/nomesvending.com\/web\/wp-content\/uploads\/2025\/11\/Barista-500-Pro-Touch.pdf\" target=\"_blank\" rel=\"noopener\">\u00a0Descarga Cat\u00e1logo<\/a><\/p>\n<h2>La \u00faltima innovaci\u00f3n de Necta: tecnolog\u00eda avanzada y dise\u00f1o moderno<\/h2>\n<p>Descubre la nueva <strong>m\u00e1quina Necta<\/strong>, creada para ofrecer una experiencia de usuario excepcional, una fiabilidad superior y un compromiso real con la sostenibilidad. Su dise\u00f1o contempor\u00e1neo y su tecnolog\u00eda de vanguardia la convierten en la elecci\u00f3n ideal para los operadores que buscan calidad, eficiencia y responsabilidad ambiental.<\/p>\n<h3>Experiencia de usuario r\u00e1pida e intuitiva<\/h3>\n<p>La zona de erogaci\u00f3n integra una <strong>pantalla t\u00e1ctil ergon\u00f3mica<\/strong> en un \u00fanico elemento compacto y elegante, para una <strong>interacci\u00f3n fluida y natural<\/strong>.<br \/>\nSu <strong>interfaz de usuario de 21\u201d<\/strong>, totalmente personalizable, permite presentar una amplia gama de productos y simplifica al m\u00e1ximo el proceso de selecci\u00f3n y compra.<\/p>\n<h3>Digital nativo<\/h3>\n<p>Gracias a su <strong>conectividad nativa con servicios en la nube<\/strong>, la m\u00e1quina permite <strong>gesti\u00f3n remota, monitorizaci\u00f3n en tiempo real y soporte operativo simplificado<\/strong>.<br \/>\nAdem\u00e1s, su <strong>men\u00fa de programaci\u00f3n com\u00fan a toda la gama Evoca<\/strong> es intuitivo y f\u00e1cil de usar, garantizando una experiencia uniforme y eficiente.<\/p>\n<h3>Amplios valores de la l\u00ednea Barista<\/h3>\n<h4>Rendimiento garantizado<\/h4>\n<p>Necta establece un nuevo referente en eficiencia y durabilidad, gracias a la <strong>mayor vida \u00fatil de sus componentes<\/strong>. Es la elecci\u00f3n perfecta para operadores que priorizan la <strong>calidad y la fiabilidad<\/strong>.<br \/>\nSu <strong>infusor patentado Z4000<\/strong> asegura una calidad excepcional en taza, adapt\u00e1ndose a todos los gustos y preferencias.<\/p>\n<h3>Excelencia sostenible<\/h3>\n<p>Comprometida con el medioambiente, la nueva Necta:<\/p>\n<ul>\n<li>Est\u00e1 fabricada con <strong>pl\u00e1sticos biocirculares<\/strong> y <strong>hasta un 96% de componentes reciclables<\/strong>.<\/li>\n<li>Incorpora un <strong>circuito hidr\u00e1ulico 100% libre de plomo<\/strong> y <strong>calderas de acero inoxidable<\/strong>.<\/li>\n<li>Cuenta con <strong>certificaci\u00f3n energ\u00e9tica A+<\/strong> seg\u00fan los est\u00e1ndares EVA-EMP.<\/li>\n<li>Presenta una <strong>reducci\u00f3n de huella de carbono de hasta un -8%<\/strong>, reflejando el liderazgo sostenible de <strong>Evoca<\/strong>.<\/li>\n<li>Ofrece <strong>funciones ecol\u00f3gicas<\/strong> como uso de taza personal, <strong>configuraci\u00f3n de az\u00facar predeterminada a cero<\/strong> y la opci\u00f3n de <strong>excluir la dispensaci\u00f3n del agitador (CAM)<\/strong>.<\/li>\n<\/ul>\n<p>*ESG: Siglas en ingl\u00e9s de <em>Environmental, Social and Governance<\/em> (Medioambiental, Social y Gobernanza).<\/p>\n<h3>Informaci\u00f3n t\u00e9cnica<\/h3>\n<ul>\n<li>Voltaje: 230 V<\/li>\n<li>Frecuencia: 50 Hz<\/li>\n<li>Potencia: 180 W (caldera simple) \/ 280 W (doble caldera)<\/li>\n<li>Calderas: 1&#215;0.5 L | 1&#215;0.2 L + 1&#215;0.5 L<\/li>\n<li>Red h\u00eddrica: 3\/4\u201d BSP [15 mm]<\/li>\n<li>Conectividad: USB \/ LAN \/ Wi-Fi \/ Bluetooth<\/li>\n<li>Peso: 136 kg<\/li>\n<\/ul>\n<h3>Sostenibilidad en cifras<\/h3>\n<ul>\n<li><strong>Huella de carbono anual:<\/strong> 301 kgCO\u2082eq (doble caldera) \/ 226 kgCO\u2082eq (caldera simple)<\/li>\n<li><strong>Huella total de ciclo de vida:<\/strong> 3.908 kgCO\u2082eq (doble caldera) \/ 2.936 kgCO\u2082eq (caldera simple)<\/li>\n<li><strong>\u00cdndice de reparabilidad:<\/strong> 9\/10<\/li>\n<li><strong>Reciclabilidad total:<\/strong> 96%<\/li>\n<li><strong>Reciclabilidad del embalaje:<\/strong> 100%<\/li>\n<li><strong>Materiales:<\/strong> 34% acero reciclado, 39% papel reciclado, 11% pl\u00e1stico biocircular<\/li>\n<li><strong>Energ\u00eda de fabricaci\u00f3n:<\/strong> 100% renovable<\/li>\n<li><strong>Residuos generados:<\/strong> &lt;1%<\/li>\n<\/ul>\n<h3>Una m\u00e1quina, m\u00faltiples valores<\/h3>\n<p>La nueva Necta no solo ofrece un <strong>rendimiento sobresaliente y un caf\u00e9 de calidad profesional<\/strong>, sino que tambi\u00e9n <strong>reduce su impacto ambiental<\/strong> y <strong>optimiza las operaciones diarias<\/strong>.<br \/>\n<strong>Evoca<\/strong> reafirma as\u00ed su compromiso con la innovaci\u00f3n, la eficiencia y la sostenibilidad en cada detalle.<\/p>\n","protected":false},"excerpt":{"rendered":"<p>\u00a0Descarga Cat\u00e1logo La \u00faltima innovaci\u00f3n de Necta: tecnolog\u00eda avanzada y dise\u00f1o moderno Descubre la nueva m\u00e1quina Necta, creada para ofrecer una experiencia de usuario excepcional, una fiabilidad superior y un compromiso real con la sostenibilidad. Su dise\u00f1o contempor\u00e1neo y su tecnolog\u00eda de vanguardia la convierten en la elecci\u00f3n ideal para los operadores que buscan calidad, [&hellip;]<\/p>\n","protected":false},"featured_media":26549,"comment_status":"open","ping_status":"closed","template":"","meta":[],"product_brand":[227],"product_cat":[151,287,189],"product_tag":[],"class_list":{"0":"post-26547","1":"product","2":"type-product","3":"status-publish","4":"has-post-thumbnail","6":"product_brand-evoca","7":"product_cat-maquinas","8":"product_cat-maquinas-cafe","9":"product_cat-maquinas-vending","11":"first","12":"instock","13":"taxable","14":"shipping-taxable","15":"purchasable","16":"product-type-variable"},"yoast_head":"<!-- This site is optimized with the Yoast SEO plugin v27.0 - https:\/\/yoast.com\/product\/yoast-seo-wordpress\/ -->\n<title>BARISTA 500 PRO TOUCH - Nomesvending<\/title>\n<meta name=\"description\" content=\"Descubre la nueva m\u00e1quina barista 500 pro touch, creada para ofrecer una experiencia de usuario excepcional, una fiabilidad superior y un compromiso real.\" \/>\n<meta name=\"robots\" content=\"index, follow, max-snippet:-1, max-image-preview:large, max-video-preview:-1\" \/>\n<link rel=\"canonical\" href=\"https:\/\/nomesvending.com\/web\/tienda\/maquinas\/maquinas-vending\/maquinas-cafe\/barista-500-pro-touch-2\/\" \/>\n<meta property=\"og:locale\" content=\"es_ES\" \/>\n<meta property=\"og:type\" content=\"article\" \/>\n<meta property=\"og:title\" content=\"BARISTA 500 PRO TOUCH - Nomesvending\" \/>\n<meta property=\"og:description\" content=\"Descubre la nueva m\u00e1quina barista 500 pro touch, creada para ofrecer una experiencia de usuario excepcional, una fiabilidad superior y un compromiso real.\" \/>\n<meta property=\"og:url\" content=\"https:\/\/nomesvending.com\/web\/tienda\/maquinas\/maquinas-vending\/maquinas-cafe\/barista-500-pro-touch-2\/\" \/>\n<meta property=\"og:site_name\" content=\"Nomesvending\" \/>\n<meta property=\"article:publisher\" content=\"https:\/\/www.facebook.com\/NomesVending\/\" \/>\n<meta property=\"article:modified_time\" content=\"2026-04-29T06:45:47+00:00\" \/>\n<meta property=\"og:image\" content=\"https:\/\/nomesvending.com\/web\/wp-content\/uploads\/2025\/11\/GUSTO-6.jpg\" \/>\n\t<meta property=\"og:image:width\" content=\"900\" \/>\n\t<meta property=\"og:image:height\" content=\"900\" \/>\n\t<meta property=\"og:image:type\" content=\"image\/jpeg\" \/>\n<meta name=\"twitter:card\" content=\"summary_large_image\" \/>\n<meta name=\"twitter:label1\" content=\"Tiempo de lectura\" \/>\n\t<meta name=\"twitter:data1\" content=\"3 minutos\" \/>\n<script type=\"application\/ld+json\" class=\"yoast-schema-graph\">{\"@context\":\"https:\/\/schema.org\",\"@graph\":[{\"@type\":\"WebPage\",\"@id\":\"https:\/\/nomesvending.com\/web\/tienda\/maquinas\/maquinas-vending\/maquinas-cafe\/barista-500-pro-touch-2\/\",\"url\":\"https:\/\/nomesvending.com\/web\/tienda\/maquinas\/maquinas-vending\/maquinas-cafe\/barista-500-pro-touch-2\/\",\"name\":\"BARISTA 500 PRO TOUCH - Nomesvending\",\"isPartOf\":{\"@id\":\"https:\/\/nomesvending.com\/web\/#website\"},\"primaryImageOfPage\":{\"@id\":\"https:\/\/nomesvending.com\/web\/tienda\/maquinas\/maquinas-vending\/maquinas-cafe\/barista-500-pro-touch-2\/#primaryimage\"},\"image\":{\"@id\":\"https:\/\/nomesvending.com\/web\/tienda\/maquinas\/maquinas-vending\/maquinas-cafe\/barista-500-pro-touch-2\/#primaryimage\"},\"thumbnailUrl\":\"https:\/\/nomesvending.com\/web\/wp-content\/uploads\/2025\/11\/GUSTO-6.jpg\",\"datePublished\":\"2025-11-06T08:53:11+00:00\",\"dateModified\":\"2026-04-29T06:45:47+00:00\",\"description\":\"Descubre la nueva m\u00e1quina barista 500 pro touch, creada para ofrecer una experiencia de usuario excepcional, una fiabilidad superior y un compromiso real.\",\"breadcrumb\":{\"@id\":\"https:\/\/nomesvending.com\/web\/tienda\/maquinas\/maquinas-vending\/maquinas-cafe\/barista-500-pro-touch-2\/#breadcrumb\"},\"inLanguage\":\"es\",\"potentialAction\":[{\"@type\":\"ReadAction\",\"target\":[\"https:\/\/nomesvending.com\/web\/tienda\/maquinas\/maquinas-vending\/maquinas-cafe\/barista-500-pro-touch-2\/\"]}]},{\"@type\":\"ImageObject\",\"inLanguage\":\"es\",\"@id\":\"https:\/\/nomesvending.com\/web\/tienda\/maquinas\/maquinas-vending\/maquinas-cafe\/barista-500-pro-touch-2\/#primaryimage\",\"url\":\"https:\/\/nomesvending.com\/web\/wp-content\/uploads\/2025\/11\/GUSTO-6.jpg\",\"contentUrl\":\"https:\/\/nomesvending.com\/web\/wp-content\/uploads\/2025\/11\/GUSTO-6.jpg\",\"width\":900,\"height\":900,\"caption\":\"BARISTA 600 PRO TOUCH\"},{\"@type\":\"BreadcrumbList\",\"@id\":\"https:\/\/nomesvending.com\/web\/tienda\/maquinas\/maquinas-vending\/maquinas-cafe\/barista-500-pro-touch-2\/#breadcrumb\",\"itemListElement\":[{\"@type\":\"ListItem\",\"position\":1,\"name\":\"Portada\",\"item\":\"https:\/\/nomesvending.com\/web\/\"},{\"@type\":\"ListItem\",\"position\":2,\"name\":\"Tienda\",\"item\":\"https:\/\/nomesvending.com\/web\/tienda\/\"},{\"@type\":\"ListItem\",\"position\":3,\"name\":\"BARISTA 500 PRO TOUCH\"}]},{\"@type\":\"WebSite\",\"@id\":\"https:\/\/nomesvending.com\/web\/#website\",\"url\":\"https:\/\/nomesvending.com\/web\/\",\"name\":\"Nom\u00e9sVending\",\"description\":\"M\u00e1quinas, filtros, recambios, monederos, consumibles y todo lo que necesitas para el mundo del vending. Calidad y tecnolog\u00eda para tu negocio. \u00a1Descubre nuestras soluciones!\",\"publisher\":{\"@id\":\"https:\/\/nomesvending.com\/web\/#organization\"},\"potentialAction\":[{\"@type\":\"SearchAction\",\"target\":{\"@type\":\"EntryPoint\",\"urlTemplate\":\"https:\/\/nomesvending.com\/web\/?s={search_term_string}\"},\"query-input\":{\"@type\":\"PropertyValueSpecification\",\"valueRequired\":true,\"valueName\":\"search_term_string\"}}],\"inLanguage\":\"es\"},{\"@type\":\"Organization\",\"@id\":\"https:\/\/nomesvending.com\/web\/#organization\",\"name\":\"Nom\u00e9sVending\",\"url\":\"https:\/\/nomesvending.com\/web\/\",\"logo\":{\"@type\":\"ImageObject\",\"inLanguage\":\"es\",\"@id\":\"https:\/\/nomesvending.com\/web\/#\/schema\/logo\/image\/\",\"url\":\"https:\/\/nomesvending.com\/web\/wp-content\/uploads\/2026\/03\/Red-and-White-Modern-Vending-Machine-Services-Instagram-Post.png\",\"contentUrl\":\"https:\/\/nomesvending.com\/web\/wp-content\/uploads\/2026\/03\/Red-and-White-Modern-Vending-Machine-Services-Instagram-Post.png\",\"width\":1080,\"height\":1080,\"caption\":\"Nom\u00e9sVending\"},\"image\":{\"@id\":\"https:\/\/nomesvending.com\/web\/#\/schema\/logo\/image\/\"},\"sameAs\":[\"https:\/\/www.facebook.com\/NomesVending\/\",\"https:\/\/www.instagram.com\/nomesvending\/\"]}]}<\/script>\n<!-- \/ Yoast SEO plugin. -->","yoast_head_json":{"title":"BARISTA 500 PRO TOUCH - Nomesvending","description":"Descubre la nueva m\u00e1quina barista 500 pro touch, creada para ofrecer una experiencia de usuario excepcional, una fiabilidad superior y un compromiso real.","robots":{"index":"index","follow":"follow","max-snippet":"max-snippet:-1","max-image-preview":"max-image-preview:large","max-video-preview":"max-video-preview:-1"},"canonical":"https:\/\/nomesvending.com\/web\/tienda\/maquinas\/maquinas-vending\/maquinas-cafe\/barista-500-pro-touch-2\/","og_locale":"es_ES","og_type":"article","og_title":"BARISTA 500 PRO TOUCH - Nomesvending","og_description":"Descubre la nueva m\u00e1quina barista 500 pro touch, creada para ofrecer una experiencia de usuario excepcional, una fiabilidad superior y un compromiso real.","og_url":"https:\/\/nomesvending.com\/web\/tienda\/maquinas\/maquinas-vending\/maquinas-cafe\/barista-500-pro-touch-2\/","og_site_name":"Nomesvending","article_publisher":"https:\/\/www.facebook.com\/NomesVending\/","article_modified_time":"2026-04-29T06:45:47+00:00","og_image":[{"width":900,"height":900,"url":"https:\/\/nomesvending.com\/web\/wp-content\/uploads\/2025\/11\/GUSTO-6.jpg","type":"image\/jpeg"}],"twitter_card":"summary_large_image","twitter_misc":{"Tiempo de lectura":"3 minutos"},"schema":{"@context":"https:\/\/schema.org","@graph":[{"@type":"WebPage","@id":"https:\/\/nomesvending.com\/web\/tienda\/maquinas\/maquinas-vending\/maquinas-cafe\/barista-500-pro-touch-2\/","url":"https:\/\/nomesvending.com\/web\/tienda\/maquinas\/maquinas-vending\/maquinas-cafe\/barista-500-pro-touch-2\/","name":"BARISTA 500 PRO TOUCH - Nomesvending","isPartOf":{"@id":"https:\/\/nomesvending.com\/web\/#website"},"primaryImageOfPage":{"@id":"https:\/\/nomesvending.com\/web\/tienda\/maquinas\/maquinas-vending\/maquinas-cafe\/barista-500-pro-touch-2\/#primaryimage"},"image":{"@id":"https:\/\/nomesvending.com\/web\/tienda\/maquinas\/maquinas-vending\/maquinas-cafe\/barista-500-pro-touch-2\/#primaryimage"},"thumbnailUrl":"https:\/\/nomesvending.com\/web\/wp-content\/uploads\/2025\/11\/GUSTO-6.jpg","datePublished":"2025-11-06T08:53:11+00:00","dateModified":"2026-04-29T06:45:47+00:00","description":"Descubre la nueva m\u00e1quina barista 500 pro touch, creada para ofrecer una experiencia de usuario excepcional, una fiabilidad superior y un compromiso real.","breadcrumb":{"@id":"https:\/\/nomesvending.com\/web\/tienda\/maquinas\/maquinas-vending\/maquinas-cafe\/barista-500-pro-touch-2\/#breadcrumb"},"inLanguage":"es","potentialAction":[{"@type":"ReadAction","target":["https:\/\/nomesvending.com\/web\/tienda\/maquinas\/maquinas-vending\/maquinas-cafe\/barista-500-pro-touch-2\/"]}]},{"@type":"ImageObject","inLanguage":"es","@id":"https:\/\/nomesvending.com\/web\/tienda\/maquinas\/maquinas-vending\/maquinas-cafe\/barista-500-pro-touch-2\/#primaryimage","url":"https:\/\/nomesvending.com\/web\/wp-content\/uploads\/2025\/11\/GUSTO-6.jpg","contentUrl":"https:\/\/nomesvending.com\/web\/wp-content\/uploads\/2025\/11\/GUSTO-6.jpg","width":900,"height":900,"caption":"BARISTA 600 PRO TOUCH"},{"@type":"BreadcrumbList","@id":"https:\/\/nomesvending.com\/web\/tienda\/maquinas\/maquinas-vending\/maquinas-cafe\/barista-500-pro-touch-2\/#breadcrumb","itemListElement":[{"@type":"ListItem","position":1,"name":"Portada","item":"https:\/\/nomesvending.com\/web\/"},{"@type":"ListItem","position":2,"name":"Tienda","item":"https:\/\/nomesvending.com\/web\/tienda\/"},{"@type":"ListItem","position":3,"name":"BARISTA 500 PRO TOUCH"}]},{"@type":"WebSite","@id":"https:\/\/nomesvending.com\/web\/#website","url":"https:\/\/nomesvending.com\/web\/","name":"Nom\u00e9sVending","description":"M\u00e1quinas, filtros, recambios, monederos, consumibles y todo lo que necesitas para el mundo del vending. Calidad y tecnolog\u00eda para tu negocio. \u00a1Descubre nuestras soluciones!","publisher":{"@id":"https:\/\/nomesvending.com\/web\/#organization"},"potentialAction":[{"@type":"SearchAction","target":{"@type":"EntryPoint","urlTemplate":"https:\/\/nomesvending.com\/web\/?s={search_term_string}"},"query-input":{"@type":"PropertyValueSpecification","valueRequired":true,"valueName":"search_term_string"}}],"inLanguage":"es"},{"@type":"Organization","@id":"https:\/\/nomesvending.com\/web\/#organization","name":"Nom\u00e9sVending","url":"https:\/\/nomesvending.com\/web\/","logo":{"@type":"ImageObject","inLanguage":"es","@id":"https:\/\/nomesvending.com\/web\/#\/schema\/logo\/image\/","url":"https:\/\/nomesvending.com\/web\/wp-content\/uploads\/2026\/03\/Red-and-White-Modern-Vending-Machine-Services-Instagram-Post.png","contentUrl":"https:\/\/nomesvending.com\/web\/wp-content\/uploads\/2026\/03\/Red-and-White-Modern-Vending-Machine-Services-Instagram-Post.png","width":1080,"height":1080,"caption":"Nom\u00e9sVending"},"image":{"@id":"https:\/\/nomesvending.com\/web\/#\/schema\/logo\/image\/"},"sameAs":["https:\/\/www.facebook.com\/NomesVending\/","https:\/\/www.instagram.com\/nomesvending\/"]}]}},"_links":{"self":[{"href":"https:\/\/nomesvending.com\/web\/wp-json\/wp\/v2\/product\/26547","targetHints":{"allow":["GET"]}}],"collection":[{"href":"https:\/\/nomesvending.com\/web\/wp-json\/wp\/v2\/product"}],"about":[{"href":"https:\/\/nomesvending.com\/web\/wp-json\/wp\/v2\/types\/product"}],"replies":[{"embeddable":true,"href":"https:\/\/nomesvending.com\/web\/wp-json\/wp\/v2\/comments?post=26547"}],"wp:featuredmedia":[{"embeddable":true,"href":"https:\/\/nomesvending.com\/web\/wp-json\/wp\/v2\/media\/26549"}],"wp:attachment":[{"href":"https:\/\/nomesvending.com\/web\/wp-json\/wp\/v2\/media?parent=26547"}],"wp:term":[{"taxonomy":"product_brand","embeddable":true,"href":"https:\/\/nomesvending.com\/web\/wp-json\/wp\/v2\/product_brand?post=26547"},{"taxonomy":"product_cat","embeddable":true,"href":"https:\/\/nomesvending.com\/web\/wp-json\/wp\/v2\/product_cat?post=26547"},{"taxonomy":"product_tag","embeddable":true,"href":"https:\/\/nomesvending.com\/web\/wp-json\/wp\/v2\/product_tag?post=26547"}],"curies":[{"name":"wp","href":"https:\/\/api.w.org\/{rel}","templated":true}]}}