{"id":26887,"date":"2026-01-08T08:14:39","date_gmt":"2026-01-08T08:14:39","guid":{"rendered":"https:\/\/nomesvending.com\/web\/tienda\/sin%20categor\u00eda\/f3-3g-sg-2\/"},"modified":"2026-01-19T09:12:25","modified_gmt":"2026-01-19T09:12:25","slug":"f3-3g-sg-2","status":"publish","type":"product","link":"https:\/\/nomesvending.com\/web\/tienda\/maquinas\/maquinas-de-bar\/futurmat\/f3\/f3-3g-sg-2\/","title":{"rendered":"M\u00e1quina F3 2G SG"},"content":{"rendered":"<p><a style=\"display: inline-block; background-color: #a1a895; color: #ffffff; padding: 10px 20px; border-radius: 5px; text-decoration: none; font-weight: bold; font-family: sans-serif;\" href=\"https:\/\/nomesvending.com\/web\/wp-content\/uploads\/2026\/01\/FUTURMAT-TARIFA-26-ES-ONLINE-V1.pdf-4.pdf\" target=\"_blank\" rel=\"noopener\"> Descarga Cat\u00e1logo<\/a><\/p>\n<p data-start=\"65\" data-end=\"377\">La cafetera Futurmat F3 M\u00e1quina F3 2G SG de <strong data-start=\"92\" data-end=\"104\">3 grupos<\/strong> est\u00e1 dise\u00f1ada para un uso profesional intensivo, combinando potencia, capacidad y tecnolog\u00eda avanzada. Cuenta con unas dimensiones de <strong data-start=\"239\" data-end=\"261\">770 x 540 x 570 mm<\/strong> (ancho x alto x profundo) y un peso de <strong data-start=\"301\" data-end=\"310\">63 kg<\/strong>, lo que le proporciona gran estabilidad durante el trabajo diario.<\/p>\n<p data-start=\"379\" data-end=\"740\">Dispone de una <strong data-start=\"394\" data-end=\"418\">caldera de 13 litros<\/strong>, ideal para garantizar un suministro continuo de agua caliente y vapor, y una <strong data-start=\"497\" data-end=\"534\">altura de salida de caf\u00e9 de 78 mm<\/strong>, compatible con diferentes tipos de tazas. Funciona con <strong data-start=\"591\" data-end=\"639\">alimentaci\u00f3n el\u00e9ctrica de 220-240V \/ 50-60Hz<\/strong> y desarrolla una <strong data-start=\"657\" data-end=\"679\">potencia de 3700 W<\/strong>, asegurando un rendimiento constante incluso en horas punta.<\/p>\n<p data-start=\"742\" data-end=\"1047\" data-is-last-node=\"\" data-is-only-node=\"\">Incorpora <strong data-start=\"752\" data-end=\"775\">interfaz de usuario<\/strong>, <strong data-start=\"777\" data-end=\"806\">\u00e1rea de trabajo iluminada<\/strong> y es compatible con <strong data-start=\"827\" data-end=\"838\">Smartia<\/strong>, el sistema de conectividad inteligente que permite la <strong data-start=\"894\" data-end=\"949\">monitorizaci\u00f3n remota y el an\u00e1lisis del rendimiento<\/strong> de la m\u00e1quina, optimizando el control y la eficiencia del servicio. Disponible en varios colores.<\/p>\n","protected":false},"excerpt":{"rendered":"<p data-start=\"65\" data-end=\"377\">La cafetera Futurmat F3 M\u00e1quina F3 2G SG de <strong data-start=\"92\" data-end=\"104\">3 grupos<\/strong> est\u00e1 dise\u00f1ada para un uso profesional intensivo, combinando potencia, capacidad y tecnolog\u00eda avanzada. Cuenta con unas dimensiones de <strong data-start=\"239\" data-end=\"261\">940 x 540 x 570 mm<\/strong> (ancho x alto x profundo) y un peso de <strong data-start=\"301\" data-end=\"310\">63 kg<\/strong>, lo que le proporciona gran estabilidad durante el trabajo diario.<\/p>\n<p data-start=\"379\" data-end=\"740\">Dispone de una <strong data-start=\"394\" data-end=\"418\">caldera de 18 litros<\/strong>, ideal para garantizar un suministro continuo de agua caliente y vapor, y una <strong data-start=\"497\" data-end=\"534\">altura de salida de caf\u00e9 de 78 mm<\/strong>, compatible con diferentes tipos de tazas. Funciona con <strong data-start=\"591\" data-end=\"639\">alimentaci\u00f3n el\u00e9ctrica de 220-240V \/ 50-60Hz<\/strong> y desarrolla una <strong data-start=\"657\" data-end=\"679\">potencia de 4800 W<\/strong>, asegurando un rendimiento constante incluso en horas punta.<\/p>\n<p data-start=\"742\" data-end=\"1047\" data-is-last-node=\"\" data-is-only-node=\"\">Incorpora <strong data-start=\"752\" data-end=\"775\">interfaz de usuario<\/strong>, <strong data-start=\"777\" data-end=\"806\">\u00e1rea de trabajo iluminada<\/strong> y es compatible con <strong data-start=\"827\" data-end=\"838\">Smartia<\/strong>, el sistema de conectividad inteligente que permite la <strong data-start=\"894\" data-end=\"949\">monitorizaci\u00f3n remota y el an\u00e1lisis del rendimiento<\/strong> de la m\u00e1quina, optimizando el control y la eficiencia del servicio. Disponible en varios colores.<\/p>\n","protected":false},"featured_media":26900,"comment_status":"open","ping_status":"closed","template":"","meta":[],"product_brand":[269],"product_cat":[263,261,259],"product_tag":[],"class_list":{"0":"post-26887","1":"product","2":"type-product","3":"status-publish","4":"has-post-thumbnail","6":"product_brand-f3","7":"product_cat-f3","8":"product_cat-futurmat","9":"product_cat-maquinas-de-bar","11":"first","12":"instock","13":"taxable","14":"shipping-taxable","15":"purchasable","16":"product-type-variable"},"yoast_head":"<!-- This site is optimized with the Yoast SEO plugin v27.0 - https:\/\/yoast.com\/product\/yoast-seo-wordpress\/ -->\n<title>M\u00e1quina F3 2G SG - Nomesvending<\/title>\n<meta name=\"description\" content=\"La M\u00e1quina F3 2G SG potente y eficiente, perfecta e ideal para caf\u00e9s profesionales sin conectividad inteligente.\" \/>\n<meta name=\"robots\" content=\"index, follow, max-snippet:-1, max-image-preview:large, max-video-preview:-1\" \/>\n<link rel=\"canonical\" href=\"https:\/\/nomesvending.com\/web\/tienda\/maquinas\/maquinas-de-bar\/futurmat\/f3\/f3-3g-sg-2\/\" \/>\n<meta property=\"og:locale\" content=\"es_ES\" \/>\n<meta property=\"og:type\" content=\"article\" \/>\n<meta property=\"og:title\" content=\"M\u00e1quina F3 2G SG - Nomesvending\" \/>\n<meta property=\"og:description\" content=\"La M\u00e1quina F3 2G SG potente y eficiente, perfecta e ideal para caf\u00e9s profesionales sin conectividad inteligente.\" \/>\n<meta property=\"og:url\" content=\"https:\/\/nomesvending.com\/web\/tienda\/maquinas\/maquinas-de-bar\/futurmat\/f3\/f3-3g-sg-2\/\" \/>\n<meta property=\"og:site_name\" content=\"Nomesvending\" \/>\n<meta property=\"article:publisher\" content=\"https:\/\/www.facebook.com\/NomesVending\/\" \/>\n<meta property=\"article:modified_time\" content=\"2026-01-19T09:12:25+00:00\" \/>\n<meta property=\"og:image\" content=\"https:\/\/nomesvending.com\/web\/wp-content\/uploads\/2026\/01\/GUSTO.png\" \/>\n\t<meta property=\"og:image:width\" content=\"900\" \/>\n\t<meta property=\"og:image:height\" content=\"900\" \/>\n\t<meta property=\"og:image:type\" content=\"image\/png\" \/>\n<meta name=\"twitter:card\" content=\"summary_large_image\" \/>\n<meta name=\"twitter:label1\" content=\"Tiempo de lectura\" \/>\n\t<meta name=\"twitter:data1\" content=\"1 minuto\" \/>\n<script type=\"application\/ld+json\" class=\"yoast-schema-graph\">{\"@context\":\"https:\/\/schema.org\",\"@graph\":[{\"@type\":\"WebPage\",\"@id\":\"https:\/\/nomesvending.com\/web\/tienda\/maquinas\/maquinas-de-bar\/futurmat\/f3\/f3-3g-sg-2\/\",\"url\":\"https:\/\/nomesvending.com\/web\/tienda\/maquinas\/maquinas-de-bar\/futurmat\/f3\/f3-3g-sg-2\/\",\"name\":\"M\u00e1quina F3 2G SG - Nomesvending\",\"isPartOf\":{\"@id\":\"https:\/\/nomesvending.com\/web\/#website\"},\"primaryImageOfPage\":{\"@id\":\"https:\/\/nomesvending.com\/web\/tienda\/maquinas\/maquinas-de-bar\/futurmat\/f3\/f3-3g-sg-2\/#primaryimage\"},\"image\":{\"@id\":\"https:\/\/nomesvending.com\/web\/tienda\/maquinas\/maquinas-de-bar\/futurmat\/f3\/f3-3g-sg-2\/#primaryimage\"},\"thumbnailUrl\":\"https:\/\/nomesvending.com\/web\/wp-content\/uploads\/2026\/01\/GUSTO.png\",\"datePublished\":\"2026-01-08T08:14:39+00:00\",\"dateModified\":\"2026-01-19T09:12:25+00:00\",\"description\":\"La M\u00e1quina F3 2G SG potente y eficiente, perfecta e ideal para caf\u00e9s profesionales sin conectividad inteligente.\",\"breadcrumb\":{\"@id\":\"https:\/\/nomesvending.com\/web\/tienda\/maquinas\/maquinas-de-bar\/futurmat\/f3\/f3-3g-sg-2\/#breadcrumb\"},\"inLanguage\":\"es\",\"potentialAction\":[{\"@type\":\"ReadAction\",\"target\":[\"https:\/\/nomesvending.com\/web\/tienda\/maquinas\/maquinas-de-bar\/futurmat\/f3\/f3-3g-sg-2\/\"]}]},{\"@type\":\"ImageObject\",\"inLanguage\":\"es\",\"@id\":\"https:\/\/nomesvending.com\/web\/tienda\/maquinas\/maquinas-de-bar\/futurmat\/f3\/f3-3g-sg-2\/#primaryimage\",\"url\":\"https:\/\/nomesvending.com\/web\/wp-content\/uploads\/2026\/01\/GUSTO.png\",\"contentUrl\":\"https:\/\/nomesvending.com\/web\/wp-content\/uploads\/2026\/01\/GUSTO.png\",\"width\":900,\"height\":900},{\"@type\":\"BreadcrumbList\",\"@id\":\"https:\/\/nomesvending.com\/web\/tienda\/maquinas\/maquinas-de-bar\/futurmat\/f3\/f3-3g-sg-2\/#breadcrumb\",\"itemListElement\":[{\"@type\":\"ListItem\",\"position\":1,\"name\":\"Portada\",\"item\":\"https:\/\/nomesvending.com\/web\/\"},{\"@type\":\"ListItem\",\"position\":2,\"name\":\"Tienda\",\"item\":\"https:\/\/nomesvending.com\/web\/tienda\/\"},{\"@type\":\"ListItem\",\"position\":3,\"name\":\"M\u00e1quina F3 2G SG\"}]},{\"@type\":\"WebSite\",\"@id\":\"https:\/\/nomesvending.com\/web\/#website\",\"url\":\"https:\/\/nomesvending.com\/web\/\",\"name\":\"Nom\u00e9sVending\",\"description\":\"M\u00e1quinas, filtros, recambios, monederos, consumibles y todo lo que necesitas para el mundo del vending. Calidad y tecnolog\u00eda para tu negocio. \u00a1Descubre nuestras soluciones!\",\"publisher\":{\"@id\":\"https:\/\/nomesvending.com\/web\/#organization\"},\"potentialAction\":[{\"@type\":\"SearchAction\",\"target\":{\"@type\":\"EntryPoint\",\"urlTemplate\":\"https:\/\/nomesvending.com\/web\/?s={search_term_string}\"},\"query-input\":{\"@type\":\"PropertyValueSpecification\",\"valueRequired\":true,\"valueName\":\"search_term_string\"}}],\"inLanguage\":\"es\"},{\"@type\":\"Organization\",\"@id\":\"https:\/\/nomesvending.com\/web\/#organization\",\"name\":\"Nom\u00e9sVending\",\"url\":\"https:\/\/nomesvending.com\/web\/\",\"logo\":{\"@type\":\"ImageObject\",\"inLanguage\":\"es\",\"@id\":\"https:\/\/nomesvending.com\/web\/#\/schema\/logo\/image\/\",\"url\":\"https:\/\/nomesvending.com\/web\/wp-content\/uploads\/2026\/03\/Red-and-White-Modern-Vending-Machine-Services-Instagram-Post.png\",\"contentUrl\":\"https:\/\/nomesvending.com\/web\/wp-content\/uploads\/2026\/03\/Red-and-White-Modern-Vending-Machine-Services-Instagram-Post.png\",\"width\":1080,\"height\":1080,\"caption\":\"Nom\u00e9sVending\"},\"image\":{\"@id\":\"https:\/\/nomesvending.com\/web\/#\/schema\/logo\/image\/\"},\"sameAs\":[\"https:\/\/www.facebook.com\/NomesVending\/\",\"https:\/\/www.instagram.com\/nomesvending\/\"]}]}<\/script>\n<!-- \/ Yoast SEO plugin. -->","yoast_head_json":{"title":"M\u00e1quina F3 2G SG - Nomesvending","description":"La M\u00e1quina F3 2G SG potente y eficiente, perfecta e ideal para caf\u00e9s profesionales sin conectividad inteligente.","robots":{"index":"index","follow":"follow","max-snippet":"max-snippet:-1","max-image-preview":"max-image-preview:large","max-video-preview":"max-video-preview:-1"},"canonical":"https:\/\/nomesvending.com\/web\/tienda\/maquinas\/maquinas-de-bar\/futurmat\/f3\/f3-3g-sg-2\/","og_locale":"es_ES","og_type":"article","og_title":"M\u00e1quina F3 2G SG - Nomesvending","og_description":"La M\u00e1quina F3 2G SG potente y eficiente, perfecta e ideal para caf\u00e9s profesionales sin conectividad inteligente.","og_url":"https:\/\/nomesvending.com\/web\/tienda\/maquinas\/maquinas-de-bar\/futurmat\/f3\/f3-3g-sg-2\/","og_site_name":"Nomesvending","article_publisher":"https:\/\/www.facebook.com\/NomesVending\/","article_modified_time":"2026-01-19T09:12:25+00:00","og_image":[{"width":900,"height":900,"url":"https:\/\/nomesvending.com\/web\/wp-content\/uploads\/2026\/01\/GUSTO.png","type":"image\/png"}],"twitter_card":"summary_large_image","twitter_misc":{"Tiempo de lectura":"1 minuto"},"schema":{"@context":"https:\/\/schema.org","@graph":[{"@type":"WebPage","@id":"https:\/\/nomesvending.com\/web\/tienda\/maquinas\/maquinas-de-bar\/futurmat\/f3\/f3-3g-sg-2\/","url":"https:\/\/nomesvending.com\/web\/tienda\/maquinas\/maquinas-de-bar\/futurmat\/f3\/f3-3g-sg-2\/","name":"M\u00e1quina F3 2G SG - Nomesvending","isPartOf":{"@id":"https:\/\/nomesvending.com\/web\/#website"},"primaryImageOfPage":{"@id":"https:\/\/nomesvending.com\/web\/tienda\/maquinas\/maquinas-de-bar\/futurmat\/f3\/f3-3g-sg-2\/#primaryimage"},"image":{"@id":"https:\/\/nomesvending.com\/web\/tienda\/maquinas\/maquinas-de-bar\/futurmat\/f3\/f3-3g-sg-2\/#primaryimage"},"thumbnailUrl":"https:\/\/nomesvending.com\/web\/wp-content\/uploads\/2026\/01\/GUSTO.png","datePublished":"2026-01-08T08:14:39+00:00","dateModified":"2026-01-19T09:12:25+00:00","description":"La M\u00e1quina F3 2G SG potente y eficiente, perfecta e ideal para caf\u00e9s profesionales sin conectividad inteligente.","breadcrumb":{"@id":"https:\/\/nomesvending.com\/web\/tienda\/maquinas\/maquinas-de-bar\/futurmat\/f3\/f3-3g-sg-2\/#breadcrumb"},"inLanguage":"es","potentialAction":[{"@type":"ReadAction","target":["https:\/\/nomesvending.com\/web\/tienda\/maquinas\/maquinas-de-bar\/futurmat\/f3\/f3-3g-sg-2\/"]}]},{"@type":"ImageObject","inLanguage":"es","@id":"https:\/\/nomesvending.com\/web\/tienda\/maquinas\/maquinas-de-bar\/futurmat\/f3\/f3-3g-sg-2\/#primaryimage","url":"https:\/\/nomesvending.com\/web\/wp-content\/uploads\/2026\/01\/GUSTO.png","contentUrl":"https:\/\/nomesvending.com\/web\/wp-content\/uploads\/2026\/01\/GUSTO.png","width":900,"height":900},{"@type":"BreadcrumbList","@id":"https:\/\/nomesvending.com\/web\/tienda\/maquinas\/maquinas-de-bar\/futurmat\/f3\/f3-3g-sg-2\/#breadcrumb","itemListElement":[{"@type":"ListItem","position":1,"name":"Portada","item":"https:\/\/nomesvending.com\/web\/"},{"@type":"ListItem","position":2,"name":"Tienda","item":"https:\/\/nomesvending.com\/web\/tienda\/"},{"@type":"ListItem","position":3,"name":"M\u00e1quina F3 2G SG"}]},{"@type":"WebSite","@id":"https:\/\/nomesvending.com\/web\/#website","url":"https:\/\/nomesvending.com\/web\/","name":"Nom\u00e9sVending","description":"M\u00e1quinas, filtros, recambios, monederos, consumibles y todo lo que necesitas para el mundo del vending. Calidad y tecnolog\u00eda para tu negocio. \u00a1Descubre nuestras soluciones!","publisher":{"@id":"https:\/\/nomesvending.com\/web\/#organization"},"potentialAction":[{"@type":"SearchAction","target":{"@type":"EntryPoint","urlTemplate":"https:\/\/nomesvending.com\/web\/?s={search_term_string}"},"query-input":{"@type":"PropertyValueSpecification","valueRequired":true,"valueName":"search_term_string"}}],"inLanguage":"es"},{"@type":"Organization","@id":"https:\/\/nomesvending.com\/web\/#organization","name":"Nom\u00e9sVending","url":"https:\/\/nomesvending.com\/web\/","logo":{"@type":"ImageObject","inLanguage":"es","@id":"https:\/\/nomesvending.com\/web\/#\/schema\/logo\/image\/","url":"https:\/\/nomesvending.com\/web\/wp-content\/uploads\/2026\/03\/Red-and-White-Modern-Vending-Machine-Services-Instagram-Post.png","contentUrl":"https:\/\/nomesvending.com\/web\/wp-content\/uploads\/2026\/03\/Red-and-White-Modern-Vending-Machine-Services-Instagram-Post.png","width":1080,"height":1080,"caption":"Nom\u00e9sVending"},"image":{"@id":"https:\/\/nomesvending.com\/web\/#\/schema\/logo\/image\/"},"sameAs":["https:\/\/www.facebook.com\/NomesVending\/","https:\/\/www.instagram.com\/nomesvending\/"]}]}},"_links":{"self":[{"href":"https:\/\/nomesvending.com\/web\/wp-json\/wp\/v2\/product\/26887","targetHints":{"allow":["GET"]}}],"collection":[{"href":"https:\/\/nomesvending.com\/web\/wp-json\/wp\/v2\/product"}],"about":[{"href":"https:\/\/nomesvending.com\/web\/wp-json\/wp\/v2\/types\/product"}],"replies":[{"embeddable":true,"href":"https:\/\/nomesvending.com\/web\/wp-json\/wp\/v2\/comments?post=26887"}],"wp:featuredmedia":[{"embeddable":true,"href":"https:\/\/nomesvending.com\/web\/wp-json\/wp\/v2\/media\/26900"}],"wp:attachment":[{"href":"https:\/\/nomesvending.com\/web\/wp-json\/wp\/v2\/media?parent=26887"}],"wp:term":[{"taxonomy":"product_brand","embeddable":true,"href":"https:\/\/nomesvending.com\/web\/wp-json\/wp\/v2\/product_brand?post=26887"},{"taxonomy":"product_cat","embeddable":true,"href":"https:\/\/nomesvending.com\/web\/wp-json\/wp\/v2\/product_cat?post=26887"},{"taxonomy":"product_tag","embeddable":true,"href":"https:\/\/nomesvending.com\/web\/wp-json\/wp\/v2\/product_tag?post=26887"}],"curies":[{"name":"wp","href":"https:\/\/api.w.org\/{rel}","templated":true}]}}