{"id":26891,"date":"2026-01-08T08:14:41","date_gmt":"2026-01-08T08:14:41","guid":{"rendered":"https:\/\/nomesvending.com\/web\/tienda\/sin%20categor\u00eda\/rimini-soul-2g-compact-tall\/"},"modified":"2026-01-19T09:00:51","modified_gmt":"2026-01-19T09:00:51","slug":"rimini-soul-2g-compact-tall","status":"publish","type":"product","link":"https:\/\/nomesvending.com\/web\/tienda\/maquinas\/maquinas-de-bar\/futurmat\/rimini-soul\/rimini-soul-2g-compact-tall\/","title":{"rendered":"M\u00e1quina RIMINI SOUL 2G COMPACT TALL"},"content":{"rendered":"<p><a style=\"display: inline-block; background-color: #a1a895; color: #ffffff; padding: 10px 20px; border-radius: 5px; text-decoration: none; font-weight: bold; font-family: sans-serif;\" href=\"https:\/\/nomesvending.com\/web\/wp-content\/uploads\/2026\/01\/FUTURMAT-TARIFA-26-ES-ONLINE-V1.pdf-3.pdf\" target=\"_blank\" rel=\"noopener\"> Descarga Cat\u00e1logo<\/a><\/p>\n<p data-start=\"164\" data-end=\"474\">La M\u00e1quina RIMINI SOUL 2G COMPACT TALL<strong data-start=\"169\" data-end=\"212\">\u00a0de caf\u00e9 profesional de 2 grupos<\/strong> est\u00e1 dise\u00f1ada para ofrecer un rendimiento eficiente en espacios reducidos, con unas <strong data-start=\"297\" data-end=\"334\">dimensiones de 570 x 420 x 530 mm<\/strong> y un <strong data-start=\"340\" data-end=\"357\">peso de 49 kg<\/strong>. La <strong data-start=\"362\" data-end=\"413\">altura de salida de caf\u00e9 a la rejilla de 123 mm<\/strong>permite utilizar tazas de distintos tama\u00f1os sin problemas.<\/p>\n<p data-start=\"476\" data-end=\"804\">Su <strong data-start=\"479\" data-end=\"502\">caldera de 8 litros<\/strong> garantiza un suministro constante de agua caliente, mientras que la <strong data-start=\"571\" data-end=\"616\">potencia de 3200 W y alimentaci\u00f3n de 230V<\/strong> asegura un desempe\u00f1o r\u00e1pido y estable. Aunque no cuenta con interfaz digital, dispone de un <strong data-start=\"709\" data-end=\"738\">\u00e1rea de trabajo iluminada<\/strong> que facilita la preparaci\u00f3n incluso en condiciones de poca luz.<\/p>\n<p data-start=\"806\" data-end=\"997\">Incluye el sistema <strong data-start=\"825\" data-end=\"836\">Smartia<\/strong>, que permite <strong data-start=\"850\" data-end=\"902\">monitorizaci\u00f3n remota y an\u00e1lisis del rendimiento<\/strong>, optimizando el control y mantenimiento de la m\u00e1quina para un uso profesional m\u00e1s eficiente.<\/p>\n","protected":false},"excerpt":{"rendered":"<p data-start=\"164\" data-end=\"474\">Esta <strong data-start=\"169\" data-end=\"212\">m\u00e1quina de caf\u00e9 profesional de 2 grupos<\/strong> est\u00e1 dise\u00f1ada para ofrecer un rendimiento eficiente en espacios reducidos, con unas <strong data-start=\"297\" data-end=\"334\">dimensiones de 570 x 420 x 530 mm<\/strong> y un <strong data-start=\"340\" data-end=\"357\">peso de 49 kg<\/strong>. La <strong data-start=\"362\" data-end=\"413\">altura de salida de caf\u00e9 a la rejilla de 123 mm<\/strong>permite utilizar tazas de distintos tama\u00f1os sin problemas.<\/p>\n<p data-start=\"476\" data-end=\"804\">Su <strong data-start=\"479\" data-end=\"502\">caldera de 8 litros<\/strong> garantiza un suministro constante de agua caliente, mientras que la <strong data-start=\"571\" data-end=\"616\">potencia de 3200 W y alimentaci\u00f3n de 230V<\/strong> asegura un desempe\u00f1o r\u00e1pido y estable. Aunque no cuenta con interfaz digital, dispone de un <strong data-start=\"709\" data-end=\"738\">\u00e1rea de trabajo iluminada<\/strong> que facilita la preparaci\u00f3n incluso en condiciones de poca luz.<\/p>\n<p data-start=\"806\" data-end=\"997\">Incluye el sistema <strong data-start=\"825\" data-end=\"836\">Smartia<\/strong>, que permite <strong data-start=\"850\" data-end=\"902\">monitorizaci\u00f3n remota y an\u00e1lisis del rendimiento<\/strong>, optimizando el control y mantenimiento de la m\u00e1quina para un uso profesional m\u00e1s eficiente.<\/p>\n","protected":false},"featured_media":26935,"comment_status":"open","ping_status":"closed","template":"","meta":[],"product_brand":[],"product_cat":[261,259,264,267],"product_tag":[],"class_list":{"0":"post-26891","1":"product","2":"type-product","3":"status-publish","4":"has-post-thumbnail","6":"product_cat-futurmat","7":"product_cat-maquinas-de-bar","8":"product_cat-rimini-soul","9":"product_cat-rimini-soul-2","11":"first","12":"instock","13":"taxable","14":"shipping-taxable","15":"purchasable","16":"product-type-simple"},"yoast_head":"<!-- This site is optimized with the Yoast SEO plugin v27.0 - https:\/\/yoast.com\/product\/yoast-seo-wordpress\/ -->\n<title>M\u00e1quina RIMINI SOUL 2G COMPACT TALL - Nomesvending<\/title>\n<meta name=\"description\" content=\"M\u00e1quina RIMINI SOUL 2G COMPACT TALL de caf\u00e9 de 2 grupos con caldera de 8\u202fL, 3200\u202fW y Smartia para monitorizaci\u00f3n remota. Compacta, potente...\" \/>\n<meta name=\"robots\" content=\"index, follow, max-snippet:-1, max-image-preview:large, max-video-preview:-1\" \/>\n<link rel=\"canonical\" href=\"https:\/\/nomesvending.com\/web\/tienda\/maquinas\/maquinas-de-bar\/futurmat\/rimini-soul\/rimini-soul-2g-compact-tall\/\" \/>\n<meta property=\"og:locale\" content=\"es_ES\" \/>\n<meta property=\"og:type\" content=\"article\" \/>\n<meta property=\"og:title\" content=\"M\u00e1quina RIMINI SOUL 2G COMPACT TALL - Nomesvending\" \/>\n<meta property=\"og:description\" content=\"M\u00e1quina RIMINI SOUL 2G COMPACT TALL de caf\u00e9 de 2 grupos con caldera de 8\u202fL, 3200\u202fW y Smartia para monitorizaci\u00f3n remota. Compacta, potente...\" \/>\n<meta property=\"og:url\" content=\"https:\/\/nomesvending.com\/web\/tienda\/maquinas\/maquinas-de-bar\/futurmat\/rimini-soul\/rimini-soul-2g-compact-tall\/\" \/>\n<meta property=\"og:site_name\" content=\"Nomesvending\" \/>\n<meta property=\"article:publisher\" content=\"https:\/\/www.facebook.com\/NomesVending\/\" \/>\n<meta property=\"article:modified_time\" content=\"2026-01-19T09:00:51+00:00\" \/>\n<meta property=\"og:image\" content=\"https:\/\/nomesvending.com\/web\/wp-content\/uploads\/2026\/01\/REMINI.png\" \/>\n\t<meta property=\"og:image:width\" content=\"900\" \/>\n\t<meta property=\"og:image:height\" content=\"900\" \/>\n\t<meta property=\"og:image:type\" content=\"image\/png\" \/>\n<meta name=\"twitter:card\" content=\"summary_large_image\" \/>\n<meta name=\"twitter:label1\" content=\"Tiempo de lectura\" \/>\n\t<meta name=\"twitter:data1\" content=\"1 minuto\" \/>\n<script type=\"application\/ld+json\" class=\"yoast-schema-graph\">{\"@context\":\"https:\/\/schema.org\",\"@graph\":[{\"@type\":\"WebPage\",\"@id\":\"https:\/\/nomesvending.com\/web\/tienda\/maquinas\/maquinas-de-bar\/futurmat\/rimini-soul\/rimini-soul-2g-compact-tall\/\",\"url\":\"https:\/\/nomesvending.com\/web\/tienda\/maquinas\/maquinas-de-bar\/futurmat\/rimini-soul\/rimini-soul-2g-compact-tall\/\",\"name\":\"M\u00e1quina RIMINI SOUL 2G COMPACT TALL - Nomesvending\",\"isPartOf\":{\"@id\":\"https:\/\/nomesvending.com\/web\/#website\"},\"primaryImageOfPage\":{\"@id\":\"https:\/\/nomesvending.com\/web\/tienda\/maquinas\/maquinas-de-bar\/futurmat\/rimini-soul\/rimini-soul-2g-compact-tall\/#primaryimage\"},\"image\":{\"@id\":\"https:\/\/nomesvending.com\/web\/tienda\/maquinas\/maquinas-de-bar\/futurmat\/rimini-soul\/rimini-soul-2g-compact-tall\/#primaryimage\"},\"thumbnailUrl\":\"https:\/\/nomesvending.com\/web\/wp-content\/uploads\/2026\/01\/REMINI.png\",\"datePublished\":\"2026-01-08T08:14:41+00:00\",\"dateModified\":\"2026-01-19T09:00:51+00:00\",\"description\":\"M\u00e1quina RIMINI SOUL 2G COMPACT TALL de caf\u00e9 de 2 grupos con caldera de 8\u202fL, 3200\u202fW y Smartia para monitorizaci\u00f3n remota. Compacta, potente...\",\"breadcrumb\":{\"@id\":\"https:\/\/nomesvending.com\/web\/tienda\/maquinas\/maquinas-de-bar\/futurmat\/rimini-soul\/rimini-soul-2g-compact-tall\/#breadcrumb\"},\"inLanguage\":\"es\",\"potentialAction\":[{\"@type\":\"ReadAction\",\"target\":[\"https:\/\/nomesvending.com\/web\/tienda\/maquinas\/maquinas-de-bar\/futurmat\/rimini-soul\/rimini-soul-2g-compact-tall\/\"]}]},{\"@type\":\"ImageObject\",\"inLanguage\":\"es\",\"@id\":\"https:\/\/nomesvending.com\/web\/tienda\/maquinas\/maquinas-de-bar\/futurmat\/rimini-soul\/rimini-soul-2g-compact-tall\/#primaryimage\",\"url\":\"https:\/\/nomesvending.com\/web\/wp-content\/uploads\/2026\/01\/REMINI.png\",\"contentUrl\":\"https:\/\/nomesvending.com\/web\/wp-content\/uploads\/2026\/01\/REMINI.png\",\"width\":900,\"height\":900},{\"@type\":\"BreadcrumbList\",\"@id\":\"https:\/\/nomesvending.com\/web\/tienda\/maquinas\/maquinas-de-bar\/futurmat\/rimini-soul\/rimini-soul-2g-compact-tall\/#breadcrumb\",\"itemListElement\":[{\"@type\":\"ListItem\",\"position\":1,\"name\":\"Portada\",\"item\":\"https:\/\/nomesvending.com\/web\/\"},{\"@type\":\"ListItem\",\"position\":2,\"name\":\"Tienda\",\"item\":\"https:\/\/nomesvending.com\/web\/tienda\/\"},{\"@type\":\"ListItem\",\"position\":3,\"name\":\"M\u00e1quina RIMINI SOUL 2G COMPACT TALL\"}]},{\"@type\":\"WebSite\",\"@id\":\"https:\/\/nomesvending.com\/web\/#website\",\"url\":\"https:\/\/nomesvending.com\/web\/\",\"name\":\"Nom\u00e9sVending\",\"description\":\"M\u00e1quinas, filtros, recambios, monederos, consumibles y todo lo que necesitas para el mundo del vending. Calidad y tecnolog\u00eda para tu negocio. \u00a1Descubre nuestras soluciones!\",\"publisher\":{\"@id\":\"https:\/\/nomesvending.com\/web\/#organization\"},\"potentialAction\":[{\"@type\":\"SearchAction\",\"target\":{\"@type\":\"EntryPoint\",\"urlTemplate\":\"https:\/\/nomesvending.com\/web\/?s={search_term_string}\"},\"query-input\":{\"@type\":\"PropertyValueSpecification\",\"valueRequired\":true,\"valueName\":\"search_term_string\"}}],\"inLanguage\":\"es\"},{\"@type\":\"Organization\",\"@id\":\"https:\/\/nomesvending.com\/web\/#organization\",\"name\":\"Nom\u00e9sVending\",\"url\":\"https:\/\/nomesvending.com\/web\/\",\"logo\":{\"@type\":\"ImageObject\",\"inLanguage\":\"es\",\"@id\":\"https:\/\/nomesvending.com\/web\/#\/schema\/logo\/image\/\",\"url\":\"https:\/\/nomesvending.com\/web\/wp-content\/uploads\/2026\/03\/Red-and-White-Modern-Vending-Machine-Services-Instagram-Post.png\",\"contentUrl\":\"https:\/\/nomesvending.com\/web\/wp-content\/uploads\/2026\/03\/Red-and-White-Modern-Vending-Machine-Services-Instagram-Post.png\",\"width\":1080,\"height\":1080,\"caption\":\"Nom\u00e9sVending\"},\"image\":{\"@id\":\"https:\/\/nomesvending.com\/web\/#\/schema\/logo\/image\/\"},\"sameAs\":[\"https:\/\/www.facebook.com\/NomesVending\/\",\"https:\/\/www.instagram.com\/nomesvending\/\"]}]}<\/script>\n<!-- \/ Yoast SEO plugin. -->","yoast_head_json":{"title":"M\u00e1quina RIMINI SOUL 2G COMPACT TALL - Nomesvending","description":"M\u00e1quina RIMINI SOUL 2G COMPACT TALL de caf\u00e9 de 2 grupos con caldera de 8\u202fL, 3200\u202fW y Smartia para monitorizaci\u00f3n remota. Compacta, potente...","robots":{"index":"index","follow":"follow","max-snippet":"max-snippet:-1","max-image-preview":"max-image-preview:large","max-video-preview":"max-video-preview:-1"},"canonical":"https:\/\/nomesvending.com\/web\/tienda\/maquinas\/maquinas-de-bar\/futurmat\/rimini-soul\/rimini-soul-2g-compact-tall\/","og_locale":"es_ES","og_type":"article","og_title":"M\u00e1quina RIMINI SOUL 2G COMPACT TALL - Nomesvending","og_description":"M\u00e1quina RIMINI SOUL 2G COMPACT TALL de caf\u00e9 de 2 grupos con caldera de 8\u202fL, 3200\u202fW y Smartia para monitorizaci\u00f3n remota. Compacta, potente...","og_url":"https:\/\/nomesvending.com\/web\/tienda\/maquinas\/maquinas-de-bar\/futurmat\/rimini-soul\/rimini-soul-2g-compact-tall\/","og_site_name":"Nomesvending","article_publisher":"https:\/\/www.facebook.com\/NomesVending\/","article_modified_time":"2026-01-19T09:00:51+00:00","og_image":[{"width":900,"height":900,"url":"https:\/\/nomesvending.com\/web\/wp-content\/uploads\/2026\/01\/REMINI.png","type":"image\/png"}],"twitter_card":"summary_large_image","twitter_misc":{"Tiempo de lectura":"1 minuto"},"schema":{"@context":"https:\/\/schema.org","@graph":[{"@type":"WebPage","@id":"https:\/\/nomesvending.com\/web\/tienda\/maquinas\/maquinas-de-bar\/futurmat\/rimini-soul\/rimini-soul-2g-compact-tall\/","url":"https:\/\/nomesvending.com\/web\/tienda\/maquinas\/maquinas-de-bar\/futurmat\/rimini-soul\/rimini-soul-2g-compact-tall\/","name":"M\u00e1quina RIMINI SOUL 2G COMPACT TALL - Nomesvending","isPartOf":{"@id":"https:\/\/nomesvending.com\/web\/#website"},"primaryImageOfPage":{"@id":"https:\/\/nomesvending.com\/web\/tienda\/maquinas\/maquinas-de-bar\/futurmat\/rimini-soul\/rimini-soul-2g-compact-tall\/#primaryimage"},"image":{"@id":"https:\/\/nomesvending.com\/web\/tienda\/maquinas\/maquinas-de-bar\/futurmat\/rimini-soul\/rimini-soul-2g-compact-tall\/#primaryimage"},"thumbnailUrl":"https:\/\/nomesvending.com\/web\/wp-content\/uploads\/2026\/01\/REMINI.png","datePublished":"2026-01-08T08:14:41+00:00","dateModified":"2026-01-19T09:00:51+00:00","description":"M\u00e1quina RIMINI SOUL 2G COMPACT TALL de caf\u00e9 de 2 grupos con caldera de 8\u202fL, 3200\u202fW y Smartia para monitorizaci\u00f3n remota. Compacta, potente...","breadcrumb":{"@id":"https:\/\/nomesvending.com\/web\/tienda\/maquinas\/maquinas-de-bar\/futurmat\/rimini-soul\/rimini-soul-2g-compact-tall\/#breadcrumb"},"inLanguage":"es","potentialAction":[{"@type":"ReadAction","target":["https:\/\/nomesvending.com\/web\/tienda\/maquinas\/maquinas-de-bar\/futurmat\/rimini-soul\/rimini-soul-2g-compact-tall\/"]}]},{"@type":"ImageObject","inLanguage":"es","@id":"https:\/\/nomesvending.com\/web\/tienda\/maquinas\/maquinas-de-bar\/futurmat\/rimini-soul\/rimini-soul-2g-compact-tall\/#primaryimage","url":"https:\/\/nomesvending.com\/web\/wp-content\/uploads\/2026\/01\/REMINI.png","contentUrl":"https:\/\/nomesvending.com\/web\/wp-content\/uploads\/2026\/01\/REMINI.png","width":900,"height":900},{"@type":"BreadcrumbList","@id":"https:\/\/nomesvending.com\/web\/tienda\/maquinas\/maquinas-de-bar\/futurmat\/rimini-soul\/rimini-soul-2g-compact-tall\/#breadcrumb","itemListElement":[{"@type":"ListItem","position":1,"name":"Portada","item":"https:\/\/nomesvending.com\/web\/"},{"@type":"ListItem","position":2,"name":"Tienda","item":"https:\/\/nomesvending.com\/web\/tienda\/"},{"@type":"ListItem","position":3,"name":"M\u00e1quina RIMINI SOUL 2G COMPACT TALL"}]},{"@type":"WebSite","@id":"https:\/\/nomesvending.com\/web\/#website","url":"https:\/\/nomesvending.com\/web\/","name":"Nom\u00e9sVending","description":"M\u00e1quinas, filtros, recambios, monederos, consumibles y todo lo que necesitas para el mundo del vending. Calidad y tecnolog\u00eda para tu negocio. \u00a1Descubre nuestras soluciones!","publisher":{"@id":"https:\/\/nomesvending.com\/web\/#organization"},"potentialAction":[{"@type":"SearchAction","target":{"@type":"EntryPoint","urlTemplate":"https:\/\/nomesvending.com\/web\/?s={search_term_string}"},"query-input":{"@type":"PropertyValueSpecification","valueRequired":true,"valueName":"search_term_string"}}],"inLanguage":"es"},{"@type":"Organization","@id":"https:\/\/nomesvending.com\/web\/#organization","name":"Nom\u00e9sVending","url":"https:\/\/nomesvending.com\/web\/","logo":{"@type":"ImageObject","inLanguage":"es","@id":"https:\/\/nomesvending.com\/web\/#\/schema\/logo\/image\/","url":"https:\/\/nomesvending.com\/web\/wp-content\/uploads\/2026\/03\/Red-and-White-Modern-Vending-Machine-Services-Instagram-Post.png","contentUrl":"https:\/\/nomesvending.com\/web\/wp-content\/uploads\/2026\/03\/Red-and-White-Modern-Vending-Machine-Services-Instagram-Post.png","width":1080,"height":1080,"caption":"Nom\u00e9sVending"},"image":{"@id":"https:\/\/nomesvending.com\/web\/#\/schema\/logo\/image\/"},"sameAs":["https:\/\/www.facebook.com\/NomesVending\/","https:\/\/www.instagram.com\/nomesvending\/"]}]}},"_links":{"self":[{"href":"https:\/\/nomesvending.com\/web\/wp-json\/wp\/v2\/product\/26891","targetHints":{"allow":["GET"]}}],"collection":[{"href":"https:\/\/nomesvending.com\/web\/wp-json\/wp\/v2\/product"}],"about":[{"href":"https:\/\/nomesvending.com\/web\/wp-json\/wp\/v2\/types\/product"}],"replies":[{"embeddable":true,"href":"https:\/\/nomesvending.com\/web\/wp-json\/wp\/v2\/comments?post=26891"}],"wp:featuredmedia":[{"embeddable":true,"href":"https:\/\/nomesvending.com\/web\/wp-json\/wp\/v2\/media\/26935"}],"wp:attachment":[{"href":"https:\/\/nomesvending.com\/web\/wp-json\/wp\/v2\/media?parent=26891"}],"wp:term":[{"taxonomy":"product_brand","embeddable":true,"href":"https:\/\/nomesvending.com\/web\/wp-json\/wp\/v2\/product_brand?post=26891"},{"taxonomy":"product_cat","embeddable":true,"href":"https:\/\/nomesvending.com\/web\/wp-json\/wp\/v2\/product_cat?post=26891"},{"taxonomy":"product_tag","embeddable":true,"href":"https:\/\/nomesvending.com\/web\/wp-json\/wp\/v2\/product_tag?post=26891"}],"curies":[{"name":"wp","href":"https:\/\/api.w.org\/{rel}","templated":true}]}}