{"id":26957,"date":"2026-01-09T08:02:33","date_gmt":"2026-01-09T08:02:33","guid":{"rendered":"https:\/\/nomesvending.com\/web\/?post_type=product&#038;p=26957"},"modified":"2026-01-19T08:31:40","modified_gmt":"2026-01-19T08:31:40","slug":"molino-cafe-q10-evo","status":"publish","type":"product","link":"https:\/\/nomesvending.com\/web\/tienda\/maquinas\/maquinas-de-bar\/futurmat\/molino-cafe-q10-evo\/","title":{"rendered":"MOLINO Caf\u00e9 Q10 evo"},"content":{"rendered":"<p><a style=\"display: inline-block; background-color: #a1a895; color: #ffffff; padding: 10px 20px; border-radius: 5px; text-decoration: none; font-weight: bold; font-family: sans-serif;\" href=\"https:\/\/nomesvending.com\/web\/wp-content\/uploads\/2026\/01\/Q10.pdf.pdf\" target=\"_blank\" rel=\"noopener\">\u00a0Descarga Cat\u00e1logo<\/a><\/p>\n<p data-start=\"21\" data-end=\"269\">El <strong data-start=\"24\" data-end=\"42\">Molino Caf\u00e9 Q10 Evo<\/strong> presenta un <strong data-start=\"55\" data-end=\"71\">nuevo dise\u00f1o<\/strong> con <strong data-start=\"76\" data-end=\"112\">electr\u00f3nica de \u00faltima generaci\u00f3n<\/strong> y una notable mejora en la dosificaci\u00f3n gracias al <strong data-start=\"164\" data-end=\"197\">DCS \u2013 Dose Consistency System<\/strong>, que asegura una entrega de caf\u00e9 uniforme y repetible en cada servicio.<\/p>\n<p data-start=\"271\" data-end=\"352\">Dispone de <strong data-start=\"282\" data-end=\"307\">tres modos de trabajo<\/strong> para adaptarse a cualquier ritmo de barra:<\/p>\n<ul data-start=\"353\" data-end=\"493\">\n<li data-start=\"353\" data-end=\"410\">\n<p data-start=\"355\" data-end=\"410\"><strong data-start=\"355\" data-end=\"368\">Premolido<\/strong> para servicio r\u00e1pido (<strong data-start=\"391\" data-end=\"406\">10 g en 2 s<\/strong>),<\/p>\n<\/li>\n<li data-start=\"411\" data-end=\"438\">\n<p data-start=\"413\" data-end=\"438\"><strong data-start=\"413\" data-end=\"435\">Molido instant\u00e1neo<\/strong>,<\/p>\n<\/li>\n<li data-start=\"439\" data-end=\"493\">\n<p data-start=\"441\" data-end=\"493\"><strong data-start=\"441\" data-end=\"458\">Molido manual<\/strong> para control total por el barista.<\/p>\n<\/li>\n<\/ul>\n<p data-start=\"495\" data-end=\"779\">Integra una <strong data-start=\"507\" data-end=\"538\">pantalla t\u00e1ctil LCD de 3,5\u201d<\/strong>, totalmente <strong data-start=\"551\" data-end=\"569\">personalizable<\/strong> con hasta <strong data-start=\"580\" data-end=\"604\">dos im\u00e1genes v\u00eda USB<\/strong>, que facilita la configuraci\u00f3n y refuerza la identidad visual del local. La <strong data-start=\"681\" data-end=\"714\">tolva y el tamper ergon\u00f3micos<\/strong> mejoran la comodidad y reducen la fatiga en jornadas intensivas.<\/p>\n<p data-start=\"781\" data-end=\"1173\">Su <strong data-start=\"784\" data-end=\"813\">motor de alto rendimiento<\/strong> ofrece un <strong data-start=\"824\" data-end=\"853\">bajo nivel de rumorosidad<\/strong>, ideal para entornos profesionales. Incorpora <strong data-start=\"900\" data-end=\"923\">control de limpieza<\/strong> y <strong data-start=\"926\" data-end=\"955\">aviso de cambio de fresas<\/strong>, <strong data-start=\"957\" data-end=\"988\">garantizadas hasta 1.200 kg<\/strong> para mantener una calidad de molido constante a lo largo del tiempo. La <strong data-start=\"1061\" data-end=\"1097\">regulaci\u00f3n es precisa y sencilla<\/strong>, permitiendo ajustes r\u00e1pidos y exactos para cualquier m\u00e9todo de extracci\u00f3n.<\/p>\n<p data-start=\"1175\" data-end=\"1314\"><strong data-start=\"1175\" data-end=\"1215\">Ideal para cafeter\u00edas y coffee shops<\/strong> que buscan velocidad, consistencia y una experiencia de uso avanzada sin renunciar a la precisi\u00f3n.<\/p>\n","protected":false},"excerpt":{"rendered":"<p data-start=\"21\" data-end=\"269\">El <strong data-start=\"24\" data-end=\"42\">Molino Q10 Evo<\/strong> presenta un <strong data-start=\"55\" data-end=\"71\">nuevo dise\u00f1o<\/strong> con <strong data-start=\"76\" data-end=\"112\">electr\u00f3nica de \u00faltima generaci\u00f3n<\/strong> y una notable mejora en la dosificaci\u00f3n gracias al <strong data-start=\"164\" data-end=\"197\">DCS \u2013 Dose Consistency System<\/strong>, que asegura una entrega de caf\u00e9 uniforme y repetible en cada servicio.<\/p>\n","protected":false},"featured_media":26962,"comment_status":"open","ping_status":"closed","template":"","meta":[],"product_brand":[],"product_cat":[261,151,272],"product_tag":[],"class_list":{"0":"post-26957","1":"product","2":"type-product","3":"status-publish","4":"has-post-thumbnail","6":"product_cat-futurmat","7":"product_cat-maquinas","8":"product_cat-molinillos","10":"first","11":"instock","12":"taxable","13":"shipping-taxable","14":"purchasable","15":"product-type-variable"},"yoast_head":"<!-- This site is optimized with the Yoast SEO plugin v27.0 - https:\/\/yoast.com\/product\/yoast-seo-wordpress\/ -->\n<title>MOLINO Caf\u00e9 Q10 evo - Nomesvending<\/title>\n<meta name=\"description\" content=\"Molino Q10 Evo con DCS para dosificaci\u00f3n consistente, 3 modos de molido, pantalla t\u00e1ctil 3,5\u201d, motor silencioso y fresas hasta 1.200 kg.\" \/>\n<meta name=\"robots\" content=\"index, follow, max-snippet:-1, max-image-preview:large, max-video-preview:-1\" \/>\n<link rel=\"canonical\" href=\"https:\/\/nomesvending.com\/web\/tienda\/maquinas\/maquinas-de-bar\/futurmat\/molino-cafe-q10-evo\/\" \/>\n<meta property=\"og:locale\" content=\"es_ES\" \/>\n<meta property=\"og:type\" content=\"article\" \/>\n<meta property=\"og:title\" content=\"MOLINO Caf\u00e9 Q10 evo - Nomesvending\" \/>\n<meta property=\"og:description\" content=\"Molino Q10 Evo con DCS para dosificaci\u00f3n consistente, 3 modos de molido, pantalla t\u00e1ctil 3,5\u201d, motor silencioso y fresas hasta 1.200 kg.\" \/>\n<meta property=\"og:url\" content=\"https:\/\/nomesvending.com\/web\/tienda\/maquinas\/maquinas-de-bar\/futurmat\/molino-cafe-q10-evo\/\" \/>\n<meta property=\"og:site_name\" content=\"Nomesvending\" \/>\n<meta property=\"article:publisher\" content=\"https:\/\/www.facebook.com\/NomesVending\/\" \/>\n<meta property=\"article:modified_time\" content=\"2026-01-19T08:31:40+00:00\" \/>\n<meta property=\"og:image\" content=\"https:\/\/nomesvending.com\/web\/wp-content\/uploads\/2026\/01\/LA-DEA-2.png\" \/>\n\t<meta property=\"og:image:width\" content=\"900\" \/>\n\t<meta property=\"og:image:height\" content=\"900\" \/>\n\t<meta property=\"og:image:type\" content=\"image\/png\" \/>\n<meta name=\"twitter:card\" content=\"summary_large_image\" \/>\n<meta name=\"twitter:label1\" content=\"Tiempo de lectura\" \/>\n\t<meta name=\"twitter:data1\" content=\"2 minutos\" \/>\n<script type=\"application\/ld+json\" class=\"yoast-schema-graph\">{\"@context\":\"https:\/\/schema.org\",\"@graph\":[{\"@type\":\"WebPage\",\"@id\":\"https:\/\/nomesvending.com\/web\/tienda\/maquinas\/maquinas-de-bar\/futurmat\/molino-cafe-q10-evo\/\",\"url\":\"https:\/\/nomesvending.com\/web\/tienda\/maquinas\/maquinas-de-bar\/futurmat\/molino-cafe-q10-evo\/\",\"name\":\"MOLINO Caf\u00e9 Q10 evo - Nomesvending\",\"isPartOf\":{\"@id\":\"https:\/\/nomesvending.com\/web\/#website\"},\"primaryImageOfPage\":{\"@id\":\"https:\/\/nomesvending.com\/web\/tienda\/maquinas\/maquinas-de-bar\/futurmat\/molino-cafe-q10-evo\/#primaryimage\"},\"image\":{\"@id\":\"https:\/\/nomesvending.com\/web\/tienda\/maquinas\/maquinas-de-bar\/futurmat\/molino-cafe-q10-evo\/#primaryimage\"},\"thumbnailUrl\":\"https:\/\/nomesvending.com\/web\/wp-content\/uploads\/2026\/01\/LA-DEA-2.png\",\"datePublished\":\"2026-01-09T08:02:33+00:00\",\"dateModified\":\"2026-01-19T08:31:40+00:00\",\"description\":\"Molino Q10 Evo con DCS para dosificaci\u00f3n consistente, 3 modos de molido, pantalla t\u00e1ctil 3,5\u201d, motor silencioso y fresas hasta 1.200 kg.\",\"breadcrumb\":{\"@id\":\"https:\/\/nomesvending.com\/web\/tienda\/maquinas\/maquinas-de-bar\/futurmat\/molino-cafe-q10-evo\/#breadcrumb\"},\"inLanguage\":\"es\",\"potentialAction\":[{\"@type\":\"ReadAction\",\"target\":[\"https:\/\/nomesvending.com\/web\/tienda\/maquinas\/maquinas-de-bar\/futurmat\/molino-cafe-q10-evo\/\"]}]},{\"@type\":\"ImageObject\",\"inLanguage\":\"es\",\"@id\":\"https:\/\/nomesvending.com\/web\/tienda\/maquinas\/maquinas-de-bar\/futurmat\/molino-cafe-q10-evo\/#primaryimage\",\"url\":\"https:\/\/nomesvending.com\/web\/wp-content\/uploads\/2026\/01\/LA-DEA-2.png\",\"contentUrl\":\"https:\/\/nomesvending.com\/web\/wp-content\/uploads\/2026\/01\/LA-DEA-2.png\",\"width\":900,\"height\":900},{\"@type\":\"BreadcrumbList\",\"@id\":\"https:\/\/nomesvending.com\/web\/tienda\/maquinas\/maquinas-de-bar\/futurmat\/molino-cafe-q10-evo\/#breadcrumb\",\"itemListElement\":[{\"@type\":\"ListItem\",\"position\":1,\"name\":\"Portada\",\"item\":\"https:\/\/nomesvending.com\/web\/\"},{\"@type\":\"ListItem\",\"position\":2,\"name\":\"Tienda\",\"item\":\"https:\/\/nomesvending.com\/web\/tienda\/\"},{\"@type\":\"ListItem\",\"position\":3,\"name\":\"MOLINO Caf\u00e9 Q10 evo\"}]},{\"@type\":\"WebSite\",\"@id\":\"https:\/\/nomesvending.com\/web\/#website\",\"url\":\"https:\/\/nomesvending.com\/web\/\",\"name\":\"Nom\u00e9sVending\",\"description\":\"M\u00e1quinas, filtros, recambios, monederos, consumibles y todo lo que necesitas para el mundo del vending. Calidad y tecnolog\u00eda para tu negocio. \u00a1Descubre nuestras soluciones!\",\"publisher\":{\"@id\":\"https:\/\/nomesvending.com\/web\/#organization\"},\"potentialAction\":[{\"@type\":\"SearchAction\",\"target\":{\"@type\":\"EntryPoint\",\"urlTemplate\":\"https:\/\/nomesvending.com\/web\/?s={search_term_string}\"},\"query-input\":{\"@type\":\"PropertyValueSpecification\",\"valueRequired\":true,\"valueName\":\"search_term_string\"}}],\"inLanguage\":\"es\"},{\"@type\":\"Organization\",\"@id\":\"https:\/\/nomesvending.com\/web\/#organization\",\"name\":\"Nom\u00e9sVending\",\"url\":\"https:\/\/nomesvending.com\/web\/\",\"logo\":{\"@type\":\"ImageObject\",\"inLanguage\":\"es\",\"@id\":\"https:\/\/nomesvending.com\/web\/#\/schema\/logo\/image\/\",\"url\":\"https:\/\/nomesvending.com\/web\/wp-content\/uploads\/2026\/03\/Red-and-White-Modern-Vending-Machine-Services-Instagram-Post.png\",\"contentUrl\":\"https:\/\/nomesvending.com\/web\/wp-content\/uploads\/2026\/03\/Red-and-White-Modern-Vending-Machine-Services-Instagram-Post.png\",\"width\":1080,\"height\":1080,\"caption\":\"Nom\u00e9sVending\"},\"image\":{\"@id\":\"https:\/\/nomesvending.com\/web\/#\/schema\/logo\/image\/\"},\"sameAs\":[\"https:\/\/www.facebook.com\/NomesVending\/\",\"https:\/\/www.instagram.com\/nomesvending\/\"]}]}<\/script>\n<!-- \/ Yoast SEO plugin. -->","yoast_head_json":{"title":"MOLINO Caf\u00e9 Q10 evo - Nomesvending","description":"Molino Q10 Evo con DCS para dosificaci\u00f3n consistente, 3 modos de molido, pantalla t\u00e1ctil 3,5\u201d, motor silencioso y fresas hasta 1.200 kg.","robots":{"index":"index","follow":"follow","max-snippet":"max-snippet:-1","max-image-preview":"max-image-preview:large","max-video-preview":"max-video-preview:-1"},"canonical":"https:\/\/nomesvending.com\/web\/tienda\/maquinas\/maquinas-de-bar\/futurmat\/molino-cafe-q10-evo\/","og_locale":"es_ES","og_type":"article","og_title":"MOLINO Caf\u00e9 Q10 evo - Nomesvending","og_description":"Molino Q10 Evo con DCS para dosificaci\u00f3n consistente, 3 modos de molido, pantalla t\u00e1ctil 3,5\u201d, motor silencioso y fresas hasta 1.200 kg.","og_url":"https:\/\/nomesvending.com\/web\/tienda\/maquinas\/maquinas-de-bar\/futurmat\/molino-cafe-q10-evo\/","og_site_name":"Nomesvending","article_publisher":"https:\/\/www.facebook.com\/NomesVending\/","article_modified_time":"2026-01-19T08:31:40+00:00","og_image":[{"width":900,"height":900,"url":"https:\/\/nomesvending.com\/web\/wp-content\/uploads\/2026\/01\/LA-DEA-2.png","type":"image\/png"}],"twitter_card":"summary_large_image","twitter_misc":{"Tiempo de lectura":"2 minutos"},"schema":{"@context":"https:\/\/schema.org","@graph":[{"@type":"WebPage","@id":"https:\/\/nomesvending.com\/web\/tienda\/maquinas\/maquinas-de-bar\/futurmat\/molino-cafe-q10-evo\/","url":"https:\/\/nomesvending.com\/web\/tienda\/maquinas\/maquinas-de-bar\/futurmat\/molino-cafe-q10-evo\/","name":"MOLINO Caf\u00e9 Q10 evo - Nomesvending","isPartOf":{"@id":"https:\/\/nomesvending.com\/web\/#website"},"primaryImageOfPage":{"@id":"https:\/\/nomesvending.com\/web\/tienda\/maquinas\/maquinas-de-bar\/futurmat\/molino-cafe-q10-evo\/#primaryimage"},"image":{"@id":"https:\/\/nomesvending.com\/web\/tienda\/maquinas\/maquinas-de-bar\/futurmat\/molino-cafe-q10-evo\/#primaryimage"},"thumbnailUrl":"https:\/\/nomesvending.com\/web\/wp-content\/uploads\/2026\/01\/LA-DEA-2.png","datePublished":"2026-01-09T08:02:33+00:00","dateModified":"2026-01-19T08:31:40+00:00","description":"Molino Q10 Evo con DCS para dosificaci\u00f3n consistente, 3 modos de molido, pantalla t\u00e1ctil 3,5\u201d, motor silencioso y fresas hasta 1.200 kg.","breadcrumb":{"@id":"https:\/\/nomesvending.com\/web\/tienda\/maquinas\/maquinas-de-bar\/futurmat\/molino-cafe-q10-evo\/#breadcrumb"},"inLanguage":"es","potentialAction":[{"@type":"ReadAction","target":["https:\/\/nomesvending.com\/web\/tienda\/maquinas\/maquinas-de-bar\/futurmat\/molino-cafe-q10-evo\/"]}]},{"@type":"ImageObject","inLanguage":"es","@id":"https:\/\/nomesvending.com\/web\/tienda\/maquinas\/maquinas-de-bar\/futurmat\/molino-cafe-q10-evo\/#primaryimage","url":"https:\/\/nomesvending.com\/web\/wp-content\/uploads\/2026\/01\/LA-DEA-2.png","contentUrl":"https:\/\/nomesvending.com\/web\/wp-content\/uploads\/2026\/01\/LA-DEA-2.png","width":900,"height":900},{"@type":"BreadcrumbList","@id":"https:\/\/nomesvending.com\/web\/tienda\/maquinas\/maquinas-de-bar\/futurmat\/molino-cafe-q10-evo\/#breadcrumb","itemListElement":[{"@type":"ListItem","position":1,"name":"Portada","item":"https:\/\/nomesvending.com\/web\/"},{"@type":"ListItem","position":2,"name":"Tienda","item":"https:\/\/nomesvending.com\/web\/tienda\/"},{"@type":"ListItem","position":3,"name":"MOLINO Caf\u00e9 Q10 evo"}]},{"@type":"WebSite","@id":"https:\/\/nomesvending.com\/web\/#website","url":"https:\/\/nomesvending.com\/web\/","name":"Nom\u00e9sVending","description":"M\u00e1quinas, filtros, recambios, monederos, consumibles y todo lo que necesitas para el mundo del vending. Calidad y tecnolog\u00eda para tu negocio. \u00a1Descubre nuestras soluciones!","publisher":{"@id":"https:\/\/nomesvending.com\/web\/#organization"},"potentialAction":[{"@type":"SearchAction","target":{"@type":"EntryPoint","urlTemplate":"https:\/\/nomesvending.com\/web\/?s={search_term_string}"},"query-input":{"@type":"PropertyValueSpecification","valueRequired":true,"valueName":"search_term_string"}}],"inLanguage":"es"},{"@type":"Organization","@id":"https:\/\/nomesvending.com\/web\/#organization","name":"Nom\u00e9sVending","url":"https:\/\/nomesvending.com\/web\/","logo":{"@type":"ImageObject","inLanguage":"es","@id":"https:\/\/nomesvending.com\/web\/#\/schema\/logo\/image\/","url":"https:\/\/nomesvending.com\/web\/wp-content\/uploads\/2026\/03\/Red-and-White-Modern-Vending-Machine-Services-Instagram-Post.png","contentUrl":"https:\/\/nomesvending.com\/web\/wp-content\/uploads\/2026\/03\/Red-and-White-Modern-Vending-Machine-Services-Instagram-Post.png","width":1080,"height":1080,"caption":"Nom\u00e9sVending"},"image":{"@id":"https:\/\/nomesvending.com\/web\/#\/schema\/logo\/image\/"},"sameAs":["https:\/\/www.facebook.com\/NomesVending\/","https:\/\/www.instagram.com\/nomesvending\/"]}]}},"_links":{"self":[{"href":"https:\/\/nomesvending.com\/web\/wp-json\/wp\/v2\/product\/26957","targetHints":{"allow":["GET"]}}],"collection":[{"href":"https:\/\/nomesvending.com\/web\/wp-json\/wp\/v2\/product"}],"about":[{"href":"https:\/\/nomesvending.com\/web\/wp-json\/wp\/v2\/types\/product"}],"replies":[{"embeddable":true,"href":"https:\/\/nomesvending.com\/web\/wp-json\/wp\/v2\/comments?post=26957"}],"wp:featuredmedia":[{"embeddable":true,"href":"https:\/\/nomesvending.com\/web\/wp-json\/wp\/v2\/media\/26962"}],"wp:attachment":[{"href":"https:\/\/nomesvending.com\/web\/wp-json\/wp\/v2\/media?parent=26957"}],"wp:term":[{"taxonomy":"product_brand","embeddable":true,"href":"https:\/\/nomesvending.com\/web\/wp-json\/wp\/v2\/product_brand?post=26957"},{"taxonomy":"product_cat","embeddable":true,"href":"https:\/\/nomesvending.com\/web\/wp-json\/wp\/v2\/product_cat?post=26957"},{"taxonomy":"product_tag","embeddable":true,"href":"https:\/\/nomesvending.com\/web\/wp-json\/wp\/v2\/product_tag?post=26957"}],"curies":[{"name":"wp","href":"https:\/\/api.w.org\/{rel}","templated":true}]}}