{"id":26964,"date":"2026-01-09T08:09:43","date_gmt":"2026-01-09T08:09:43","guid":{"rendered":"https:\/\/nomesvending.com\/web\/?post_type=product&#038;p=26964"},"modified":"2026-01-09T11:06:02","modified_gmt":"2026-01-09T11:06:02","slug":"molino-cafe-ct2","status":"publish","type":"product","link":"https:\/\/nomesvending.com\/web\/tienda\/maquinas\/maquinas-de-bar\/futurmat\/molino-cafe-ct2\/","title":{"rendered":"Molino Caf\u00e9 CT2"},"content":{"rendered":"<p data-start=\"237\" data-end=\"529\">El <strong data-start=\"240\" data-end=\"259\">Molino Caf\u00e9 CT2<\/strong> representa el concepto cl\u00e1sico en un formato compacto, ideal para quienes buscan precisi\u00f3n y control en cada molienda. Su <strong data-start=\"382\" data-end=\"405\">dosificaci\u00f3n manual<\/strong> permite ajustar la cantidad exacta de caf\u00e9 seg\u00fan la preparaci\u00f3n deseada, garantizando frescura y consistencia en cada taza.<\/p>\n<p data-start=\"531\" data-end=\"914\">Dise\u00f1ado para espacios reducidos sin renunciar al rendimiento, el CT2 combina <strong data-start=\"609\" data-end=\"652\">robustez, fiabilidad y facilidad de uso<\/strong>, convirti\u00e9ndose en una excelente opci\u00f3n tanto para peque\u00f1os negocios como para amantes del caf\u00e9 exigentes. Su est\u00e9tica atemporal encaja perfectamente en cualquier entorno, mientras que su funcionamiento eficiente asegura una molienda uniforme y de alta calidad.<\/p>\n<p data-start=\"916\" data-end=\"1007\">Una soluci\u00f3n pr\u00e1ctica y elegante para disfrutar del aut\u00e9ntico sabor del caf\u00e9 reci\u00e9n molido.<\/p>\n","protected":false},"excerpt":{"rendered":"<p class=\"p1\">El Concepto cl\u00e1sico en un molino compacto con dosificaci\u00f3n manual.<\/p>\n","protected":false},"featured_media":26965,"comment_status":"open","ping_status":"closed","template":"","meta":[],"product_brand":[],"product_cat":[261,151,259,272],"product_tag":[],"class_list":{"0":"post-26964","1":"product","2":"type-product","3":"status-publish","4":"has-post-thumbnail","6":"product_cat-futurmat","7":"product_cat-maquinas","8":"product_cat-maquinas-de-bar","9":"product_cat-molinillos","11":"first","12":"instock","13":"taxable","14":"shipping-taxable","15":"purchasable","16":"product-type-simple"},"yoast_head":"<!-- This site is optimized with the Yoast SEO plugin v27.0 - https:\/\/yoast.com\/product\/yoast-seo-wordpress\/ -->\n<title>Molino Caf\u00e9 CT2 - Nomesvending<\/title>\n<meta name=\"description\" content=\"Molino Caf\u00e9 CT2 compacto con dosificaci\u00f3n manual. Dise\u00f1o cl\u00e1sico, molienda precisa y rendimiento fiable para disfrutar caf\u00e9 reci\u00e9n molido.\" \/>\n<meta name=\"robots\" content=\"index, follow, max-snippet:-1, max-image-preview:large, max-video-preview:-1\" \/>\n<link rel=\"canonical\" href=\"https:\/\/nomesvending.com\/web\/tienda\/maquinas\/maquinas-de-bar\/futurmat\/molino-cafe-ct2\/\" \/>\n<meta property=\"og:locale\" content=\"es_ES\" \/>\n<meta property=\"og:type\" content=\"article\" \/>\n<meta property=\"og:title\" content=\"Molino Caf\u00e9 CT2 - Nomesvending\" \/>\n<meta property=\"og:description\" content=\"Molino Caf\u00e9 CT2 compacto con dosificaci\u00f3n manual. Dise\u00f1o cl\u00e1sico, molienda precisa y rendimiento fiable para disfrutar caf\u00e9 reci\u00e9n molido.\" \/>\n<meta property=\"og:url\" content=\"https:\/\/nomesvending.com\/web\/tienda\/maquinas\/maquinas-de-bar\/futurmat\/molino-cafe-ct2\/\" \/>\n<meta property=\"og:site_name\" content=\"Nomesvending\" \/>\n<meta property=\"article:publisher\" content=\"https:\/\/www.facebook.com\/NomesVending\/\" \/>\n<meta property=\"article:modified_time\" content=\"2026-01-09T11:06:02+00:00\" \/>\n<meta property=\"og:image\" content=\"https:\/\/nomesvending.com\/web\/wp-content\/uploads\/2026\/01\/CT2.png\" \/>\n\t<meta property=\"og:image:width\" content=\"900\" \/>\n\t<meta property=\"og:image:height\" content=\"900\" \/>\n\t<meta property=\"og:image:type\" content=\"image\/png\" \/>\n<meta name=\"twitter:card\" content=\"summary_large_image\" \/>\n<meta name=\"twitter:label1\" content=\"Tiempo de lectura\" \/>\n\t<meta name=\"twitter:data1\" content=\"1 minuto\" \/>\n<script type=\"application\/ld+json\" class=\"yoast-schema-graph\">{\"@context\":\"https:\/\/schema.org\",\"@graph\":[{\"@type\":\"WebPage\",\"@id\":\"https:\/\/nomesvending.com\/web\/tienda\/maquinas\/maquinas-de-bar\/futurmat\/molino-cafe-ct2\/\",\"url\":\"https:\/\/nomesvending.com\/web\/tienda\/maquinas\/maquinas-de-bar\/futurmat\/molino-cafe-ct2\/\",\"name\":\"Molino Caf\u00e9 CT2 - Nomesvending\",\"isPartOf\":{\"@id\":\"https:\/\/nomesvending.com\/web\/#website\"},\"primaryImageOfPage\":{\"@id\":\"https:\/\/nomesvending.com\/web\/tienda\/maquinas\/maquinas-de-bar\/futurmat\/molino-cafe-ct2\/#primaryimage\"},\"image\":{\"@id\":\"https:\/\/nomesvending.com\/web\/tienda\/maquinas\/maquinas-de-bar\/futurmat\/molino-cafe-ct2\/#primaryimage\"},\"thumbnailUrl\":\"https:\/\/nomesvending.com\/web\/wp-content\/uploads\/2026\/01\/CT2.png\",\"datePublished\":\"2026-01-09T08:09:43+00:00\",\"dateModified\":\"2026-01-09T11:06:02+00:00\",\"description\":\"Molino Caf\u00e9 CT2 compacto con dosificaci\u00f3n manual. Dise\u00f1o cl\u00e1sico, molienda precisa y rendimiento fiable para disfrutar caf\u00e9 reci\u00e9n molido.\",\"breadcrumb\":{\"@id\":\"https:\/\/nomesvending.com\/web\/tienda\/maquinas\/maquinas-de-bar\/futurmat\/molino-cafe-ct2\/#breadcrumb\"},\"inLanguage\":\"es\",\"potentialAction\":[{\"@type\":\"ReadAction\",\"target\":[\"https:\/\/nomesvending.com\/web\/tienda\/maquinas\/maquinas-de-bar\/futurmat\/molino-cafe-ct2\/\"]}]},{\"@type\":\"ImageObject\",\"inLanguage\":\"es\",\"@id\":\"https:\/\/nomesvending.com\/web\/tienda\/maquinas\/maquinas-de-bar\/futurmat\/molino-cafe-ct2\/#primaryimage\",\"url\":\"https:\/\/nomesvending.com\/web\/wp-content\/uploads\/2026\/01\/CT2.png\",\"contentUrl\":\"https:\/\/nomesvending.com\/web\/wp-content\/uploads\/2026\/01\/CT2.png\",\"width\":900,\"height\":900},{\"@type\":\"BreadcrumbList\",\"@id\":\"https:\/\/nomesvending.com\/web\/tienda\/maquinas\/maquinas-de-bar\/futurmat\/molino-cafe-ct2\/#breadcrumb\",\"itemListElement\":[{\"@type\":\"ListItem\",\"position\":1,\"name\":\"Portada\",\"item\":\"https:\/\/nomesvending.com\/web\/\"},{\"@type\":\"ListItem\",\"position\":2,\"name\":\"Tienda\",\"item\":\"https:\/\/nomesvending.com\/web\/tienda\/\"},{\"@type\":\"ListItem\",\"position\":3,\"name\":\"Molino Caf\u00e9 CT2\"}]},{\"@type\":\"WebSite\",\"@id\":\"https:\/\/nomesvending.com\/web\/#website\",\"url\":\"https:\/\/nomesvending.com\/web\/\",\"name\":\"Nom\u00e9sVending\",\"description\":\"M\u00e1quinas, filtros, recambios, monederos, consumibles y todo lo que necesitas para el mundo del vending. Calidad y tecnolog\u00eda para tu negocio. \u00a1Descubre nuestras soluciones!\",\"publisher\":{\"@id\":\"https:\/\/nomesvending.com\/web\/#organization\"},\"potentialAction\":[{\"@type\":\"SearchAction\",\"target\":{\"@type\":\"EntryPoint\",\"urlTemplate\":\"https:\/\/nomesvending.com\/web\/?s={search_term_string}\"},\"query-input\":{\"@type\":\"PropertyValueSpecification\",\"valueRequired\":true,\"valueName\":\"search_term_string\"}}],\"inLanguage\":\"es\"},{\"@type\":\"Organization\",\"@id\":\"https:\/\/nomesvending.com\/web\/#organization\",\"name\":\"Nom\u00e9sVending\",\"url\":\"https:\/\/nomesvending.com\/web\/\",\"logo\":{\"@type\":\"ImageObject\",\"inLanguage\":\"es\",\"@id\":\"https:\/\/nomesvending.com\/web\/#\/schema\/logo\/image\/\",\"url\":\"https:\/\/nomesvending.com\/web\/wp-content\/uploads\/2026\/03\/Red-and-White-Modern-Vending-Machine-Services-Instagram-Post.png\",\"contentUrl\":\"https:\/\/nomesvending.com\/web\/wp-content\/uploads\/2026\/03\/Red-and-White-Modern-Vending-Machine-Services-Instagram-Post.png\",\"width\":1080,\"height\":1080,\"caption\":\"Nom\u00e9sVending\"},\"image\":{\"@id\":\"https:\/\/nomesvending.com\/web\/#\/schema\/logo\/image\/\"},\"sameAs\":[\"https:\/\/www.facebook.com\/NomesVending\/\",\"https:\/\/www.instagram.com\/nomesvending\/\"]}]}<\/script>\n<!-- \/ Yoast SEO plugin. -->","yoast_head_json":{"title":"Molino Caf\u00e9 CT2 - Nomesvending","description":"Molino Caf\u00e9 CT2 compacto con dosificaci\u00f3n manual. Dise\u00f1o cl\u00e1sico, molienda precisa y rendimiento fiable para disfrutar caf\u00e9 reci\u00e9n molido.","robots":{"index":"index","follow":"follow","max-snippet":"max-snippet:-1","max-image-preview":"max-image-preview:large","max-video-preview":"max-video-preview:-1"},"canonical":"https:\/\/nomesvending.com\/web\/tienda\/maquinas\/maquinas-de-bar\/futurmat\/molino-cafe-ct2\/","og_locale":"es_ES","og_type":"article","og_title":"Molino Caf\u00e9 CT2 - Nomesvending","og_description":"Molino Caf\u00e9 CT2 compacto con dosificaci\u00f3n manual. Dise\u00f1o cl\u00e1sico, molienda precisa y rendimiento fiable para disfrutar caf\u00e9 reci\u00e9n molido.","og_url":"https:\/\/nomesvending.com\/web\/tienda\/maquinas\/maquinas-de-bar\/futurmat\/molino-cafe-ct2\/","og_site_name":"Nomesvending","article_publisher":"https:\/\/www.facebook.com\/NomesVending\/","article_modified_time":"2026-01-09T11:06:02+00:00","og_image":[{"width":900,"height":900,"url":"https:\/\/nomesvending.com\/web\/wp-content\/uploads\/2026\/01\/CT2.png","type":"image\/png"}],"twitter_card":"summary_large_image","twitter_misc":{"Tiempo de lectura":"1 minuto"},"schema":{"@context":"https:\/\/schema.org","@graph":[{"@type":"WebPage","@id":"https:\/\/nomesvending.com\/web\/tienda\/maquinas\/maquinas-de-bar\/futurmat\/molino-cafe-ct2\/","url":"https:\/\/nomesvending.com\/web\/tienda\/maquinas\/maquinas-de-bar\/futurmat\/molino-cafe-ct2\/","name":"Molino Caf\u00e9 CT2 - Nomesvending","isPartOf":{"@id":"https:\/\/nomesvending.com\/web\/#website"},"primaryImageOfPage":{"@id":"https:\/\/nomesvending.com\/web\/tienda\/maquinas\/maquinas-de-bar\/futurmat\/molino-cafe-ct2\/#primaryimage"},"image":{"@id":"https:\/\/nomesvending.com\/web\/tienda\/maquinas\/maquinas-de-bar\/futurmat\/molino-cafe-ct2\/#primaryimage"},"thumbnailUrl":"https:\/\/nomesvending.com\/web\/wp-content\/uploads\/2026\/01\/CT2.png","datePublished":"2026-01-09T08:09:43+00:00","dateModified":"2026-01-09T11:06:02+00:00","description":"Molino Caf\u00e9 CT2 compacto con dosificaci\u00f3n manual. Dise\u00f1o cl\u00e1sico, molienda precisa y rendimiento fiable para disfrutar caf\u00e9 reci\u00e9n molido.","breadcrumb":{"@id":"https:\/\/nomesvending.com\/web\/tienda\/maquinas\/maquinas-de-bar\/futurmat\/molino-cafe-ct2\/#breadcrumb"},"inLanguage":"es","potentialAction":[{"@type":"ReadAction","target":["https:\/\/nomesvending.com\/web\/tienda\/maquinas\/maquinas-de-bar\/futurmat\/molino-cafe-ct2\/"]}]},{"@type":"ImageObject","inLanguage":"es","@id":"https:\/\/nomesvending.com\/web\/tienda\/maquinas\/maquinas-de-bar\/futurmat\/molino-cafe-ct2\/#primaryimage","url":"https:\/\/nomesvending.com\/web\/wp-content\/uploads\/2026\/01\/CT2.png","contentUrl":"https:\/\/nomesvending.com\/web\/wp-content\/uploads\/2026\/01\/CT2.png","width":900,"height":900},{"@type":"BreadcrumbList","@id":"https:\/\/nomesvending.com\/web\/tienda\/maquinas\/maquinas-de-bar\/futurmat\/molino-cafe-ct2\/#breadcrumb","itemListElement":[{"@type":"ListItem","position":1,"name":"Portada","item":"https:\/\/nomesvending.com\/web\/"},{"@type":"ListItem","position":2,"name":"Tienda","item":"https:\/\/nomesvending.com\/web\/tienda\/"},{"@type":"ListItem","position":3,"name":"Molino Caf\u00e9 CT2"}]},{"@type":"WebSite","@id":"https:\/\/nomesvending.com\/web\/#website","url":"https:\/\/nomesvending.com\/web\/","name":"Nom\u00e9sVending","description":"M\u00e1quinas, filtros, recambios, monederos, consumibles y todo lo que necesitas para el mundo del vending. Calidad y tecnolog\u00eda para tu negocio. \u00a1Descubre nuestras soluciones!","publisher":{"@id":"https:\/\/nomesvending.com\/web\/#organization"},"potentialAction":[{"@type":"SearchAction","target":{"@type":"EntryPoint","urlTemplate":"https:\/\/nomesvending.com\/web\/?s={search_term_string}"},"query-input":{"@type":"PropertyValueSpecification","valueRequired":true,"valueName":"search_term_string"}}],"inLanguage":"es"},{"@type":"Organization","@id":"https:\/\/nomesvending.com\/web\/#organization","name":"Nom\u00e9sVending","url":"https:\/\/nomesvending.com\/web\/","logo":{"@type":"ImageObject","inLanguage":"es","@id":"https:\/\/nomesvending.com\/web\/#\/schema\/logo\/image\/","url":"https:\/\/nomesvending.com\/web\/wp-content\/uploads\/2026\/03\/Red-and-White-Modern-Vending-Machine-Services-Instagram-Post.png","contentUrl":"https:\/\/nomesvending.com\/web\/wp-content\/uploads\/2026\/03\/Red-and-White-Modern-Vending-Machine-Services-Instagram-Post.png","width":1080,"height":1080,"caption":"Nom\u00e9sVending"},"image":{"@id":"https:\/\/nomesvending.com\/web\/#\/schema\/logo\/image\/"},"sameAs":["https:\/\/www.facebook.com\/NomesVending\/","https:\/\/www.instagram.com\/nomesvending\/"]}]}},"_links":{"self":[{"href":"https:\/\/nomesvending.com\/web\/wp-json\/wp\/v2\/product\/26964","targetHints":{"allow":["GET"]}}],"collection":[{"href":"https:\/\/nomesvending.com\/web\/wp-json\/wp\/v2\/product"}],"about":[{"href":"https:\/\/nomesvending.com\/web\/wp-json\/wp\/v2\/types\/product"}],"replies":[{"embeddable":true,"href":"https:\/\/nomesvending.com\/web\/wp-json\/wp\/v2\/comments?post=26964"}],"wp:featuredmedia":[{"embeddable":true,"href":"https:\/\/nomesvending.com\/web\/wp-json\/wp\/v2\/media\/26965"}],"wp:attachment":[{"href":"https:\/\/nomesvending.com\/web\/wp-json\/wp\/v2\/media?parent=26964"}],"wp:term":[{"taxonomy":"product_brand","embeddable":true,"href":"https:\/\/nomesvending.com\/web\/wp-json\/wp\/v2\/product_brand?post=26964"},{"taxonomy":"product_cat","embeddable":true,"href":"https:\/\/nomesvending.com\/web\/wp-json\/wp\/v2\/product_cat?post=26964"},{"taxonomy":"product_tag","embeddable":true,"href":"https:\/\/nomesvending.com\/web\/wp-json\/wp\/v2\/product_tag?post=26964"}],"curies":[{"name":"wp","href":"https:\/\/api.w.org\/{rel}","templated":true}]}}