{"id":26973,"date":"2026-01-09T08:40:29","date_gmt":"2026-01-09T08:40:29","guid":{"rendered":"https:\/\/nomesvending.com\/web\/?post_type=product&#038;p=26973"},"modified":"2026-01-19T08:52:27","modified_gmt":"2026-01-19T08:52:27","slug":"qsteam","status":"publish","type":"product","link":"https:\/\/nomesvending.com\/web\/tienda\/maquinas\/maquinas-de-bar\/futurmat\/qsteam\/","title":{"rendered":"Q STEAM"},"content":{"rendered":"<p><a style=\"display: inline-block; background-color: #a1a895; color: #ffffff; padding: 10px 20px; border-radius: 5px; text-decoration: none; font-weight: bold; font-family: sans-serif;\" href=\"https:\/\/nomesvending.com\/web\/wp-content\/uploads\/2026\/01\/Diptico-Q-STEAM-ES-BAJA.pdf\" target=\"_blank\" rel=\"noopener\"> Descarga Cat\u00e1logo<\/a><\/p>\n<p data-start=\"190\" data-end=\"483\"><strong data-start=\"190\" data-end=\"201\">Q STEAM<\/strong> es la perfecta armon\u00eda entre <strong data-start=\"231\" data-end=\"247\">agua y vapor<\/strong>, dise\u00f1ada para complementar y elevar la experiencia del caf\u00e9. Un accesorio imprescindible para quienes desean ampliar su oferta de bebidas calientes y creaciones con leche fresca, respondiendo a las nuevas demandas de los consumidores.<\/p>\n<p data-start=\"485\" data-end=\"853\">Dise\u00f1ado como el complemento ideal para las <strong data-start=\"529\" data-end=\"569\">m\u00e1quinas de caf\u00e9 de Quality Espresso<\/strong>, Q-STEAM permite preparar f\u00e1cilmente <strong data-start=\"607\" data-end=\"646\">infusiones, t\u00e9s y bebidas calientes<\/strong>, as\u00ed como una amplia variedad de combinaciones emulsionadas con leche. Desde un cortado o un cappuccino hasta un cremoso caff\u00e8 latte o un intenso mocaccino, Q-STEAM abre la puerta a un sinf\u00edn de creaciones.<\/p>\n<p data-start=\"855\" data-end=\"1281\">Especialmente indicado para <strong data-start=\"883\" data-end=\"933\">m\u00e1quinas de c\u00e1psulas de caf\u00e9 en oficinas (OCS)<\/strong> y para todo tipo de <strong data-start=\"954\" data-end=\"988\">establecimientos de hosteler\u00eda<\/strong>, combina rendimiento y dise\u00f1o en un formato compacto y robusto. Incorpora una <strong data-start=\"1067\" data-end=\"1090\">caldera de 5 litros<\/strong> que garantiza <strong data-start=\"1105\" data-end=\"1143\">m\u00e1s de 4 minutos de vapor continuo<\/strong>, una pr\u00e1ctica <strong data-start=\"1158\" data-end=\"1184\">bandeja calienta tazas<\/strong> y una elegante <strong data-start=\"1200\" data-end=\"1234\">carrocer\u00eda de acero inoxidable<\/strong> que asegura durabilidad y f\u00e1cil mantenimiento.<\/p>\n<p data-start=\"1283\" data-end=\"1365\">Q-STEAM no es solo un accesorio: es un aut\u00e9ntico homenaje al caf\u00e9 bien acompa\u00f1ado.<\/p>\n","protected":false},"excerpt":{"rendered":"<p>Q STEAM es el complemento ideal para caf\u00e9, infusiones y bebidas con leche. Vapor continuo, caldera de 5 litros y dise\u00f1o en acero inoxidable.<\/p>\n","protected":false},"featured_media":26974,"comment_status":"open","ping_status":"closed","template":"","meta":[],"product_brand":[],"product_cat":[261,259],"product_tag":[],"class_list":{"0":"post-26973","1":"product","2":"type-product","3":"status-publish","4":"has-post-thumbnail","6":"product_cat-futurmat","7":"product_cat-maquinas-de-bar","9":"first","10":"instock","11":"taxable","12":"shipping-taxable","13":"purchasable","14":"product-type-variable"},"yoast_head":"<!-- This site is optimized with the Yoast SEO plugin v27.0 - https:\/\/yoast.com\/product\/yoast-seo-wordpress\/ -->\n<title>Q STEAM - Nomesvending<\/title>\n<meta name=\"description\" content=\"Q STEAM complemento para m\u00e1quinas de caf\u00e9: vapor continuo, infusiones y bebidas con leche. Ideal para hosteler\u00eda y oficinas OCS.\" \/>\n<meta name=\"robots\" content=\"index, follow, max-snippet:-1, max-image-preview:large, max-video-preview:-1\" \/>\n<link rel=\"canonical\" href=\"https:\/\/nomesvending.com\/web\/tienda\/maquinas\/maquinas-de-bar\/futurmat\/qsteam\/\" \/>\n<meta property=\"og:locale\" content=\"es_ES\" \/>\n<meta property=\"og:type\" content=\"article\" \/>\n<meta property=\"og:title\" content=\"Q STEAM - Nomesvending\" \/>\n<meta property=\"og:description\" content=\"Q STEAM complemento para m\u00e1quinas de caf\u00e9: vapor continuo, infusiones y bebidas con leche. Ideal para hosteler\u00eda y oficinas OCS.\" \/>\n<meta property=\"og:url\" content=\"https:\/\/nomesvending.com\/web\/tienda\/maquinas\/maquinas-de-bar\/futurmat\/qsteam\/\" \/>\n<meta property=\"og:site_name\" content=\"Nomesvending\" \/>\n<meta property=\"article:publisher\" content=\"https:\/\/www.facebook.com\/NomesVending\/\" \/>\n<meta property=\"article:modified_time\" content=\"2026-01-19T08:52:27+00:00\" \/>\n<meta property=\"og:image\" content=\"https:\/\/nomesvending.com\/web\/wp-content\/uploads\/2026\/01\/QSTEAM.png\" \/>\n\t<meta property=\"og:image:width\" content=\"900\" \/>\n\t<meta property=\"og:image:height\" content=\"900\" \/>\n\t<meta property=\"og:image:type\" content=\"image\/png\" \/>\n<meta name=\"twitter:card\" content=\"summary_large_image\" \/>\n<meta name=\"twitter:label1\" content=\"Tiempo de lectura\" \/>\n\t<meta name=\"twitter:data1\" content=\"2 minutos\" \/>\n<script type=\"application\/ld+json\" class=\"yoast-schema-graph\">{\"@context\":\"https:\/\/schema.org\",\"@graph\":[{\"@type\":\"WebPage\",\"@id\":\"https:\/\/nomesvending.com\/web\/tienda\/maquinas\/maquinas-de-bar\/futurmat\/qsteam\/\",\"url\":\"https:\/\/nomesvending.com\/web\/tienda\/maquinas\/maquinas-de-bar\/futurmat\/qsteam\/\",\"name\":\"Q STEAM - Nomesvending\",\"isPartOf\":{\"@id\":\"https:\/\/nomesvending.com\/web\/#website\"},\"primaryImageOfPage\":{\"@id\":\"https:\/\/nomesvending.com\/web\/tienda\/maquinas\/maquinas-de-bar\/futurmat\/qsteam\/#primaryimage\"},\"image\":{\"@id\":\"https:\/\/nomesvending.com\/web\/tienda\/maquinas\/maquinas-de-bar\/futurmat\/qsteam\/#primaryimage\"},\"thumbnailUrl\":\"https:\/\/nomesvending.com\/web\/wp-content\/uploads\/2026\/01\/QSTEAM.png\",\"datePublished\":\"2026-01-09T08:40:29+00:00\",\"dateModified\":\"2026-01-19T08:52:27+00:00\",\"description\":\"Q STEAM complemento para m\u00e1quinas de caf\u00e9: vapor continuo, infusiones y bebidas con leche. Ideal para hosteler\u00eda y oficinas OCS.\",\"breadcrumb\":{\"@id\":\"https:\/\/nomesvending.com\/web\/tienda\/maquinas\/maquinas-de-bar\/futurmat\/qsteam\/#breadcrumb\"},\"inLanguage\":\"es\",\"potentialAction\":[{\"@type\":\"ReadAction\",\"target\":[\"https:\/\/nomesvending.com\/web\/tienda\/maquinas\/maquinas-de-bar\/futurmat\/qsteam\/\"]}]},{\"@type\":\"ImageObject\",\"inLanguage\":\"es\",\"@id\":\"https:\/\/nomesvending.com\/web\/tienda\/maquinas\/maquinas-de-bar\/futurmat\/qsteam\/#primaryimage\",\"url\":\"https:\/\/nomesvending.com\/web\/wp-content\/uploads\/2026\/01\/QSTEAM.png\",\"contentUrl\":\"https:\/\/nomesvending.com\/web\/wp-content\/uploads\/2026\/01\/QSTEAM.png\",\"width\":900,\"height\":900},{\"@type\":\"BreadcrumbList\",\"@id\":\"https:\/\/nomesvending.com\/web\/tienda\/maquinas\/maquinas-de-bar\/futurmat\/qsteam\/#breadcrumb\",\"itemListElement\":[{\"@type\":\"ListItem\",\"position\":1,\"name\":\"Portada\",\"item\":\"https:\/\/nomesvending.com\/web\/\"},{\"@type\":\"ListItem\",\"position\":2,\"name\":\"Tienda\",\"item\":\"https:\/\/nomesvending.com\/web\/tienda\/\"},{\"@type\":\"ListItem\",\"position\":3,\"name\":\"Q STEAM\"}]},{\"@type\":\"WebSite\",\"@id\":\"https:\/\/nomesvending.com\/web\/#website\",\"url\":\"https:\/\/nomesvending.com\/web\/\",\"name\":\"Nom\u00e9sVending\",\"description\":\"M\u00e1quinas, filtros, recambios, monederos, consumibles y todo lo que necesitas para el mundo del vending. Calidad y tecnolog\u00eda para tu negocio. \u00a1Descubre nuestras soluciones!\",\"publisher\":{\"@id\":\"https:\/\/nomesvending.com\/web\/#organization\"},\"potentialAction\":[{\"@type\":\"SearchAction\",\"target\":{\"@type\":\"EntryPoint\",\"urlTemplate\":\"https:\/\/nomesvending.com\/web\/?s={search_term_string}\"},\"query-input\":{\"@type\":\"PropertyValueSpecification\",\"valueRequired\":true,\"valueName\":\"search_term_string\"}}],\"inLanguage\":\"es\"},{\"@type\":\"Organization\",\"@id\":\"https:\/\/nomesvending.com\/web\/#organization\",\"name\":\"Nom\u00e9sVending\",\"url\":\"https:\/\/nomesvending.com\/web\/\",\"logo\":{\"@type\":\"ImageObject\",\"inLanguage\":\"es\",\"@id\":\"https:\/\/nomesvending.com\/web\/#\/schema\/logo\/image\/\",\"url\":\"https:\/\/nomesvending.com\/web\/wp-content\/uploads\/2026\/03\/Red-and-White-Modern-Vending-Machine-Services-Instagram-Post.png\",\"contentUrl\":\"https:\/\/nomesvending.com\/web\/wp-content\/uploads\/2026\/03\/Red-and-White-Modern-Vending-Machine-Services-Instagram-Post.png\",\"width\":1080,\"height\":1080,\"caption\":\"Nom\u00e9sVending\"},\"image\":{\"@id\":\"https:\/\/nomesvending.com\/web\/#\/schema\/logo\/image\/\"},\"sameAs\":[\"https:\/\/www.facebook.com\/NomesVending\/\",\"https:\/\/www.instagram.com\/nomesvending\/\"]}]}<\/script>\n<!-- \/ Yoast SEO plugin. -->","yoast_head_json":{"title":"Q STEAM - Nomesvending","description":"Q STEAM complemento para m\u00e1quinas de caf\u00e9: vapor continuo, infusiones y bebidas con leche. Ideal para hosteler\u00eda y oficinas OCS.","robots":{"index":"index","follow":"follow","max-snippet":"max-snippet:-1","max-image-preview":"max-image-preview:large","max-video-preview":"max-video-preview:-1"},"canonical":"https:\/\/nomesvending.com\/web\/tienda\/maquinas\/maquinas-de-bar\/futurmat\/qsteam\/","og_locale":"es_ES","og_type":"article","og_title":"Q STEAM - Nomesvending","og_description":"Q STEAM complemento para m\u00e1quinas de caf\u00e9: vapor continuo, infusiones y bebidas con leche. Ideal para hosteler\u00eda y oficinas OCS.","og_url":"https:\/\/nomesvending.com\/web\/tienda\/maquinas\/maquinas-de-bar\/futurmat\/qsteam\/","og_site_name":"Nomesvending","article_publisher":"https:\/\/www.facebook.com\/NomesVending\/","article_modified_time":"2026-01-19T08:52:27+00:00","og_image":[{"width":900,"height":900,"url":"https:\/\/nomesvending.com\/web\/wp-content\/uploads\/2026\/01\/QSTEAM.png","type":"image\/png"}],"twitter_card":"summary_large_image","twitter_misc":{"Tiempo de lectura":"2 minutos"},"schema":{"@context":"https:\/\/schema.org","@graph":[{"@type":"WebPage","@id":"https:\/\/nomesvending.com\/web\/tienda\/maquinas\/maquinas-de-bar\/futurmat\/qsteam\/","url":"https:\/\/nomesvending.com\/web\/tienda\/maquinas\/maquinas-de-bar\/futurmat\/qsteam\/","name":"Q STEAM - Nomesvending","isPartOf":{"@id":"https:\/\/nomesvending.com\/web\/#website"},"primaryImageOfPage":{"@id":"https:\/\/nomesvending.com\/web\/tienda\/maquinas\/maquinas-de-bar\/futurmat\/qsteam\/#primaryimage"},"image":{"@id":"https:\/\/nomesvending.com\/web\/tienda\/maquinas\/maquinas-de-bar\/futurmat\/qsteam\/#primaryimage"},"thumbnailUrl":"https:\/\/nomesvending.com\/web\/wp-content\/uploads\/2026\/01\/QSTEAM.png","datePublished":"2026-01-09T08:40:29+00:00","dateModified":"2026-01-19T08:52:27+00:00","description":"Q STEAM complemento para m\u00e1quinas de caf\u00e9: vapor continuo, infusiones y bebidas con leche. Ideal para hosteler\u00eda y oficinas OCS.","breadcrumb":{"@id":"https:\/\/nomesvending.com\/web\/tienda\/maquinas\/maquinas-de-bar\/futurmat\/qsteam\/#breadcrumb"},"inLanguage":"es","potentialAction":[{"@type":"ReadAction","target":["https:\/\/nomesvending.com\/web\/tienda\/maquinas\/maquinas-de-bar\/futurmat\/qsteam\/"]}]},{"@type":"ImageObject","inLanguage":"es","@id":"https:\/\/nomesvending.com\/web\/tienda\/maquinas\/maquinas-de-bar\/futurmat\/qsteam\/#primaryimage","url":"https:\/\/nomesvending.com\/web\/wp-content\/uploads\/2026\/01\/QSTEAM.png","contentUrl":"https:\/\/nomesvending.com\/web\/wp-content\/uploads\/2026\/01\/QSTEAM.png","width":900,"height":900},{"@type":"BreadcrumbList","@id":"https:\/\/nomesvending.com\/web\/tienda\/maquinas\/maquinas-de-bar\/futurmat\/qsteam\/#breadcrumb","itemListElement":[{"@type":"ListItem","position":1,"name":"Portada","item":"https:\/\/nomesvending.com\/web\/"},{"@type":"ListItem","position":2,"name":"Tienda","item":"https:\/\/nomesvending.com\/web\/tienda\/"},{"@type":"ListItem","position":3,"name":"Q STEAM"}]},{"@type":"WebSite","@id":"https:\/\/nomesvending.com\/web\/#website","url":"https:\/\/nomesvending.com\/web\/","name":"Nom\u00e9sVending","description":"M\u00e1quinas, filtros, recambios, monederos, consumibles y todo lo que necesitas para el mundo del vending. Calidad y tecnolog\u00eda para tu negocio. \u00a1Descubre nuestras soluciones!","publisher":{"@id":"https:\/\/nomesvending.com\/web\/#organization"},"potentialAction":[{"@type":"SearchAction","target":{"@type":"EntryPoint","urlTemplate":"https:\/\/nomesvending.com\/web\/?s={search_term_string}"},"query-input":{"@type":"PropertyValueSpecification","valueRequired":true,"valueName":"search_term_string"}}],"inLanguage":"es"},{"@type":"Organization","@id":"https:\/\/nomesvending.com\/web\/#organization","name":"Nom\u00e9sVending","url":"https:\/\/nomesvending.com\/web\/","logo":{"@type":"ImageObject","inLanguage":"es","@id":"https:\/\/nomesvending.com\/web\/#\/schema\/logo\/image\/","url":"https:\/\/nomesvending.com\/web\/wp-content\/uploads\/2026\/03\/Red-and-White-Modern-Vending-Machine-Services-Instagram-Post.png","contentUrl":"https:\/\/nomesvending.com\/web\/wp-content\/uploads\/2026\/03\/Red-and-White-Modern-Vending-Machine-Services-Instagram-Post.png","width":1080,"height":1080,"caption":"Nom\u00e9sVending"},"image":{"@id":"https:\/\/nomesvending.com\/web\/#\/schema\/logo\/image\/"},"sameAs":["https:\/\/www.facebook.com\/NomesVending\/","https:\/\/www.instagram.com\/nomesvending\/"]}]}},"_links":{"self":[{"href":"https:\/\/nomesvending.com\/web\/wp-json\/wp\/v2\/product\/26973","targetHints":{"allow":["GET"]}}],"collection":[{"href":"https:\/\/nomesvending.com\/web\/wp-json\/wp\/v2\/product"}],"about":[{"href":"https:\/\/nomesvending.com\/web\/wp-json\/wp\/v2\/types\/product"}],"replies":[{"embeddable":true,"href":"https:\/\/nomesvending.com\/web\/wp-json\/wp\/v2\/comments?post=26973"}],"wp:featuredmedia":[{"embeddable":true,"href":"https:\/\/nomesvending.com\/web\/wp-json\/wp\/v2\/media\/26974"}],"wp:attachment":[{"href":"https:\/\/nomesvending.com\/web\/wp-json\/wp\/v2\/media?parent=26973"}],"wp:term":[{"taxonomy":"product_brand","embeddable":true,"href":"https:\/\/nomesvending.com\/web\/wp-json\/wp\/v2\/product_brand?post=26973"},{"taxonomy":"product_cat","embeddable":true,"href":"https:\/\/nomesvending.com\/web\/wp-json\/wp\/v2\/product_cat?post=26973"},{"taxonomy":"product_tag","embeddable":true,"href":"https:\/\/nomesvending.com\/web\/wp-json\/wp\/v2\/product_tag?post=26973"}],"curies":[{"name":"wp","href":"https:\/\/api.w.org\/{rel}","templated":true}]}}